{"id":1661,"date":"2017-07-03T03:31:29","date_gmt":"2017-07-03T00:31:29","guid":{"rendered":"https:\/\/bunuri.md\/livrarea-si-achitarea\/"},"modified":"2025-08-04T14:30:25","modified_gmt":"2025-08-04T11:30:25","slug":"livrarea-si-achitarea","status":"publish","type":"page","link":"https:\/\/bunuri.md\/ro\/livrarea-si-achitarea\/","title":{"rendered":"Livrare, achitare"},"content":{"rendered":"<h2>TARIFE PENTRU LIVRAREA COMENZILOR \u00ceN REPUBLICA MOLDOVA<\/h2>\n<h3>NOT\u0102: Datorit\u0103 faptului c\u0103 birourile companiilor de transport&#8221; FAN Courier&#8221; nu func\u021bioneaz\u0103 \u00een weekend, v\u0103 rug\u0103m s\u0103 plasa\u021bi comand\u0103 pina joi (inclusiv ).<\/h3>\n<table border=\"3\" cellspacing=\"0\" cellpadding=\"4\">\n<tbody>\n<tr>\n<th style=\"text-align: center;\">Num\u0103r<\/th>\n<th style=\"text-align: center;\">Serviciu<\/th>\n<th style=\"text-align: center;\">TARIF NA\u021aIONAL (lei)<\/th>\n<\/tr>\n<\/tbody>\n<tbody>\n<tr>\n<td style=\"text-align: center;\">1<\/td>\n<td style=\"text-align: center;\">Plic<\/td>\n<td style=\"text-align: center;\">60<\/td>\n<\/tr>\n<tr>\n<td style=\"text-align: center;\">2<\/td>\n<td style=\"text-align: center;\">Pachet &#8211; 1 kg<\/td>\n<td style=\"text-align: center;\">70<\/td>\n<\/tr>\n<tr>\n<td style=\"text-align: center;\">3<\/td>\n<td style=\"text-align: center;\">Ambalare &#8211; kg in plus<\/td>\n<td style=\"text-align: center;\">6<\/td>\n<\/tr>\n<\/tbody>\n<\/table>\n<p><strong>L I V R A R E A <\/strong><br \/>\nMagazinul online: <strong> bunuri.md <\/strong> livreaz\u0103, prin serviciu de curierat<strong> &#8222;FAN Courier&#8221;<\/strong>, m\u0103rfurile c\u0103tre orice punct din Republica Moldova, la adresa indicat\u0103 de dvs. \u00een 1-3 zile lucr\u0103toare.<\/p>\n<p>Acum nu trebuie s\u0103 a\u0219tepta\u021bi cum s\u0103 ajunge\u021bi la magazinul dorit situat departe de ora\u0219ul sau satul dvs. Tot ce ave\u021bi nevoie este s\u0103 selecta\u021bi un produs \u0219i s\u0103 plasa\u021bi o comand\u0103. Serviciul de livrare v\u0103 va aduce comanda la timp, chiar la u\u0219a dvs., oriunde a\u021bi locui! La plasarea unei comenzi, trebuie s\u0103 specifica\u021bi adresa de livrare exact\u0103 \u0219i num\u0103rul de telefon pentru contactare.<\/p>\n<p><strong> <strong> A C H I T A R E A:<\/strong><br \/>\n<\/strong><br \/>\n&#8211; <strong> Numerar,\u00a0<\/strong> la livrare prin curier. Achitarea se face numai dup\u0103 livrarea m\u0103rfurilor ce corespund comenzii dumneavoastre.<br \/>\n(\u00cen acest caz, cump\u0103r\u0103torul nu are de ce s\u0103 se team\u0103 sau s\u0103 se \u00eengrijoreze.)<\/p>\n<p>&nbsp;<\/p>\n","protected":false},"excerpt":{"rendered":"<p>TARIFE PENTRU LIVRAREA COMENZILOR \u00ceN REPUBLICA MOLDOVA NOT\u0102: Datorit\u0103 faptului c\u0103 birourile companiilor de transport&#8221; FAN Courier&#8221; nu func\u021bioneaz\u0103 \u00een weekend, v\u0103 rug\u0103m s\u0103 plasa\u021bi comand\u0103 pina joi (inclusiv ). Num\u0103r Serviciu TARIF NA\u021aIONAL (lei) 1 Plic 60 2 Pachet &#8211; 1 kg 70 3 Ambalare &#8211; kg in plus 6 L I V R&#8230;<\/p>\n","protected":false},"author":1,"featured_media":8082,"parent":0,"menu_order":0,"comment_status":"closed","ping_status":"closed","template":"","meta":{"om_disable_all_campaigns":false,"_monsterinsights_skip_tracking":false,"_monsterinsights_sitenote_active":false,"_monsterinsights_sitenote_note":"","_monsterinsights_sitenote_category":0,"footnotes":""},"class_list":["post-1661","page","type-page","status-publish","has-post-thumbnail","hentry"],"aioseo_notices":[],"aioseo_head":"\n\t\t<!-- All in One SEO Pro 4.9.5.2 - aioseo.com -->\n\t<meta name=\"description\" content=\"Datorit\u0103 faptului c\u0103 birourile companiilor de transport nu func\u021bioneaz\u0103 \u00een weekend, v\u0103 rug\u0103m s\u0103 plasa\u021bi comand\u0103 pina joi (inclusiv ) , orele 12-00\" \/>\n\t<meta name=\"robots\" content=\"max-image-preview:large\" \/>\n\t<link rel=\"canonical\" href=\"https:\/\/bunuri.md\/ro\/livrarea-si-achitarea\/\" \/>\n\t<meta name=\"generator\" content=\"All in One SEO Pro (AIOSEO) 4.9.5.2\" \/>\n\t\t<meta property=\"og:locale\" content=\"ro_RO\" \/>\n\t\t<meta property=\"og:site_name\" content=\"\u0418\u043d\u0442\u0435\u0440\u043d\u0435\u0442 \u043c\u0430\u0433\u0430\u0437\u0438\u043d \u041c\u043e\u043b\u0434\u043e\u0432\u0430 | Bunuri.md este un magazin online care livreaz\u0103 \u0219i comercializeaz\u0103 o gam\u0103 larg\u0103 de m\u0103rfuri de diverse categorii pe \u00eentreg teritoriul Republicii Moldova.\" \/>\n\t\t<meta property=\"og:type\" content=\"activity\" \/>\n\t\t<meta property=\"og:title\" content=\"TARIFE PENTRU LIVRAREA COMENZILOR \u00ceN REPUBLICA MOLDOVA\" \/>\n\t\t<meta property=\"og:description\" content=\"Datorit\u0103 faptului c\u0103 birourile companiilor de transport nu func\u021bioneaz\u0103 \u00een weekend, v\u0103 rug\u0103m s\u0103 plasa\u021bi comand\u0103 pina joi (inclusiv ) , orele 12-00\" \/>\n\t\t<meta property=\"og:url\" content=\"https:\/\/bunuri.md\/ro\/livrarea-si-achitarea\/\" \/>\n\t\t<meta property=\"og:image\" content=\"https:\/\/bunuri.md\/wp-content\/uploads\/2022\/10\/logobu.png\" \/>\n\t\t<meta property=\"og:image:secure_url\" content=\"https:\/\/bunuri.md\/wp-content\/uploads\/2022\/10\/logobu.png\" \/>\n\t\t<meta property=\"og:image:width\" content=\"200\" \/>\n\t\t<meta property=\"og:image:height\" content=\"200\" \/>\n\t\t<meta name=\"twitter:card\" content=\"summary\" \/>\n\t\t<meta name=\"twitter:site\" content=\"@https:\" \/>\n\t\t<meta name=\"twitter:title\" content=\"TARIFE PENTRU LIVRAREA COMENZILOR \u00ceN REPUBLICA MOLDOVA\" \/>\n\t\t<meta name=\"twitter:description\" content=\"Datorit\u0103 faptului c\u0103 birourile companiilor de transport nu func\u021bioneaz\u0103 \u00een weekend, v\u0103 rug\u0103m s\u0103 plasa\u021bi comand\u0103 pina joi (inclusiv ) , orele 12-00\" \/>\n\t\t<meta name=\"twitter:creator\" content=\"@https:\" \/>\n\t\t<meta name=\"twitter:image\" content=\"https:\/\/bunuri.md\/wp-content\/uploads\/2022\/10\/logobu.png\" \/>\n\t\t<script type=\"application\/ld+json\" class=\"aioseo-schema\">\n\t\t\t{\"@context\":\"https:\\\/\\\/schema.org\",\"@graph\":[{\"@type\":\"BreadcrumbList\",\"@id\":\"https:\\\/\\\/bunuri.md\\\/ro\\\/livrarea-si-achitarea\\\/#breadcrumblist\",\"itemListElement\":[{\"@type\":\"ListItem\",\"@id\":\"https:\\\/\\\/bunuri.md\\\/ro\\\/#listItem\",\"position\":1,\"name\":\"Home\",\"item\":\"https:\\\/\\\/bunuri.md\\\/ro\\\/\",\"nextItem\":{\"@type\":\"ListItem\",\"@id\":\"https:\\\/\\\/bunuri.md\\\/ro\\\/livrarea-si-achitarea\\\/#listItem\",\"name\":\"Livrare, achitare\"}},{\"@type\":\"ListItem\",\"@id\":\"https:\\\/\\\/bunuri.md\\\/ro\\\/livrarea-si-achitarea\\\/#listItem\",\"position\":2,\"name\":\"Livrare, achitare\",\"previousItem\":{\"@type\":\"ListItem\",\"@id\":\"https:\\\/\\\/bunuri.md\\\/ro\\\/#listItem\",\"name\":\"Home\"}}]},{\"@type\":\"Organization\",\"@id\":\"https:\\\/\\\/bunuri.md\\\/ro\\\/#organization\",\"name\":\"\\u00centreprinderea Individual\\u0103 \\\"Buldumac Aliona\\\"\",\"description\":\"\\u0418\\u041f \\u00ab\\u0411\\u0443\\u043b\\u0434\\u0443\\u043c\\u0430\\u043a \\u0410\\u043b\\u0435\\u043d\\u0430\\u00bb - \\u044d\\u0442\\u043e \\u043d\\u0430\\u0434\\u0451\\u0436\\u043d\\u044b\\u0439 \\u0438 \\u043e\\u0440\\u0438\\u0435\\u043d\\u0442\\u0438\\u0440\\u043e\\u0432\\u0430\\u043d\\u043d\\u044b\\u0439 \\u043d\\u0430 \\u043a\\u043b\\u0438\\u0435\\u043d\\u0442\\u0430 \\u0431\\u0438\\u0437\\u043d\\u0435\\u0441, \\u043f\\u0440\\u0435\\u0434\\u043b\\u0430\\u0433\\u0430\\u044e\\u0449\\u0438\\u0439 \\u043a\\u0430\\u0447\\u0435\\u0441\\u0442\\u0432\\u0435\\u043d\\u043d\\u044b\\u0435 \\u0442\\u043e\\u0432\\u0430\\u0440\\u044b, \\u0443\\u0441\\u043b\\u0443\\u0433\\u0438 \\u0441 \\u0430\\u043a\\u0446\\u0435\\u043d\\u0442\\u043e\\u043c \\u043d\\u0430 \\u043f\\u0440\\u0430\\u043a\\u0442\\u0438\\u0447\\u043d\\u043e\\u0441\\u0442\\u044c \\u0438 \\u0447\\u0435\\u0441\\u0442\\u043d\\u044b\\u0439 \\u043f\\u043e\\u0434\\u0445\\u043e\\u0434.\",\"url\":\"https:\\\/\\\/bunuri.md\\\/ro\\\/\",\"email\":\"bunuri.md@gmail.com\",\"telephone\":\"+37379512557\",\"foundingDate\":\"2006-09-27\",\"numberOfEmployees\":{\"@type\":\"QuantitativeValue\",\"minValue\":0,\"maxValue\":4},\"logo\":{\"@type\":\"ImageObject\",\"url\":\"https:\\\/\\\/bunuri.md\\\/wp-content\\\/uploads\\\/2022\\\/08\\\/logo-bunuri.png\",\"@id\":\"https:\\\/\\\/bunuri.md\\\/ro\\\/livrarea-si-achitarea\\\/#organizationLogo\",\"width\":250,\"height\":250},\"image\":{\"@id\":\"https:\\\/\\\/bunuri.md\\\/ro\\\/livrarea-si-achitarea\\\/#organizationLogo\"},\"sameAs\":[\"https:\\\/\\\/facebook.com\\\/https:\\\/\\\/www.facebook.com\\\/bunurimag\",\"https:\\\/\\\/x.com\\\/https:\\\/\\\/www.facebook.com\\\/bunurimag\",\"https:\\\/\\\/instagram.com\\\/https:\\\/\\\/www.facebook.com\\\/bunurimag\",\"https:\\\/\\\/pinterest.com\\\/https:\\\/\\\/www.facebook.com\\\/bunurimag\",\"https:\\\/\\\/youtube.com\\\/https:\\\/\\\/www.facebook.com\\\/bunurimag\",\"https:\\\/\\\/linkedin.com\\\/in\\\/https:\\\/\\\/www.facebook.com\\\/bunurimag\",\"https:\\\/\\\/soundcloud.com\\\/https:\\\/\\\/www.facebook.com\\\/bunurimag\"],\"address\":{\"@id\":\"https:\\\/\\\/bunuri.md\\\/ro\\\/#postaladdress\",\"@type\":\"PostalAddress\",\"streetAddress\":\"\\u0420. \\u041c\\u043e\\u043b\\u0434\\u043e\\u0432\\u0430, \\u0433. \\u0425\\u044b\\u043d\\u0447\\u0435\\u0448\\u0442\\u044b\",\"postalCode\":\"3401\",\"addressLocality\":\"\\u0425\\u044b\\u043d\\u0447\\u0435\\u0448\\u0442\\u044b\",\"addressRegion\":\"Moldova\",\"addressCountry\":\"MD\"}},{\"@type\":\"WebPage\",\"@id\":\"https:\\\/\\\/bunuri.md\\\/ro\\\/livrarea-si-achitarea\\\/#webpage\",\"url\":\"https:\\\/\\\/bunuri.md\\\/ro\\\/livrarea-si-achitarea\\\/\",\"name\":\"TARIFE PENTRU LIVRAREA COMENZILOR \\u00ceN REPUBLICA MOLDOVA\",\"description\":\"Datorit\\u0103 faptului c\\u0103 birourile companiilor de transport nu func\\u021bioneaz\\u0103 \\u00een weekend, v\\u0103 rug\\u0103m s\\u0103 plasa\\u021bi comand\\u0103 pina joi (inclusiv ) , orele 12-00\",\"inLanguage\":\"ro-RO\",\"isPartOf\":{\"@id\":\"https:\\\/\\\/bunuri.md\\\/ro\\\/#website\"},\"breadcrumb\":{\"@id\":\"https:\\\/\\\/bunuri.md\\\/ro\\\/livrarea-si-achitarea\\\/#breadcrumblist\"},\"image\":{\"@type\":\"ImageObject\",\"url\":\"https:\\\/\\\/bunuri.md\\\/wp-content\\\/uploads\\\/2023\\\/11\\\/Fan_Courier.jpg\",\"@id\":\"https:\\\/\\\/bunuri.md\\\/ro\\\/livrarea-si-achitarea\\\/#mainImage\",\"width\":751,\"height\":483,\"caption\":\"Fan_Courier\"},\"primaryImageOfPage\":{\"@id\":\"https:\\\/\\\/bunuri.md\\\/ro\\\/livrarea-si-achitarea\\\/#mainImage\"},\"datePublished\":\"2017-07-03T03:31:29+03:00\",\"dateModified\":\"2025-08-04T14:30:25+03:00\"},{\"@type\":\"WebSite\",\"@id\":\"https:\\\/\\\/bunuri.md\\\/ro\\\/#website\",\"url\":\"https:\\\/\\\/bunuri.md\\\/ro\\\/\",\"name\":\"www.bunuri.md\",\"alternateName\":\"bunuri.md\",\"description\":\"Bunuri.md este un magazin online care livreaz\\u0103 \\u0219i comercializeaz\\u0103 o gam\\u0103 larg\\u0103 de m\\u0103rfuri de diverse categorii pe \\u00eentreg teritoriul Republicii Moldova.\",\"inLanguage\":\"ro-RO\",\"publisher\":{\"@id\":\"https:\\\/\\\/bunuri.md\\\/ro\\\/#organization\"}}]}\n\t\t<\/script>\n\t\t<!-- All in One SEO Pro -->\r\n\t\t<title>TARIFE PENTRU LIVRAREA COMENZILOR \u00ceN REPUBLICA MOLDOVA<\/title>\n\n","aioseo_head_json":{"title":"TARIFE PENTRU LIVRAREA COMENZILOR \u00ceN REPUBLICA MOLDOVA","description":"Datorit\u0103 faptului c\u0103 birourile companiilor de transport nu func\u021bioneaz\u0103 \u00een weekend, v\u0103 rug\u0103m s\u0103 plasa\u021bi comand\u0103 pina joi (inclusiv ) , orele 12-00","canonical_url":"https:\/\/bunuri.md\/ro\/livrarea-si-achitarea\/","robots":"max-image-preview:large","keywords":"","webmasterTools":{"miscellaneous":""},"schema":{"@context":"https:\/\/schema.org","@graph":[{"@type":"BreadcrumbList","@id":"https:\/\/bunuri.md\/ro\/livrarea-si-achitarea\/#breadcrumblist","itemListElement":[{"@type":"ListItem","@id":"https:\/\/bunuri.md\/ro\/#listItem","position":1,"name":"Home","item":"https:\/\/bunuri.md\/ro\/","nextItem":{"@type":"ListItem","@id":"https:\/\/bunuri.md\/ro\/livrarea-si-achitarea\/#listItem","name":"Livrare, achitare"}},{"@type":"ListItem","@id":"https:\/\/bunuri.md\/ro\/livrarea-si-achitarea\/#listItem","position":2,"name":"Livrare, achitare","previousItem":{"@type":"ListItem","@id":"https:\/\/bunuri.md\/ro\/#listItem","name":"Home"}}]},{"@type":"Organization","@id":"https:\/\/bunuri.md\/ro\/#organization","name":"\u00centreprinderea Individual\u0103 \"Buldumac Aliona\"","description":"\u0418\u041f \u00ab\u0411\u0443\u043b\u0434\u0443\u043c\u0430\u043a \u0410\u043b\u0435\u043d\u0430\u00bb - \u044d\u0442\u043e \u043d\u0430\u0434\u0451\u0436\u043d\u044b\u0439 \u0438 \u043e\u0440\u0438\u0435\u043d\u0442\u0438\u0440\u043e\u0432\u0430\u043d\u043d\u044b\u0439 \u043d\u0430 \u043a\u043b\u0438\u0435\u043d\u0442\u0430 \u0431\u0438\u0437\u043d\u0435\u0441, \u043f\u0440\u0435\u0434\u043b\u0430\u0433\u0430\u044e\u0449\u0438\u0439 \u043a\u0430\u0447\u0435\u0441\u0442\u0432\u0435\u043d\u043d\u044b\u0435 \u0442\u043e\u0432\u0430\u0440\u044b, \u0443\u0441\u043b\u0443\u0433\u0438 \u0441 \u0430\u043a\u0446\u0435\u043d\u0442\u043e\u043c \u043d\u0430 \u043f\u0440\u0430\u043a\u0442\u0438\u0447\u043d\u043e\u0441\u0442\u044c \u0438 \u0447\u0435\u0441\u0442\u043d\u044b\u0439 \u043f\u043e\u0434\u0445\u043e\u0434.","url":"https:\/\/bunuri.md\/ro\/","email":"bunuri.md@gmail.com","telephone":"+37379512557","foundingDate":"2006-09-27","numberOfEmployees":{"@type":"QuantitativeValue","minValue":0,"maxValue":4},"logo":{"@type":"ImageObject","url":"https:\/\/bunuri.md\/wp-content\/uploads\/2022\/08\/logo-bunuri.png","@id":"https:\/\/bunuri.md\/ro\/livrarea-si-achitarea\/#organizationLogo","width":250,"height":250},"image":{"@id":"https:\/\/bunuri.md\/ro\/livrarea-si-achitarea\/#organizationLogo"},"sameAs":["https:\/\/facebook.com\/https:\/\/www.facebook.com\/bunurimag","https:\/\/x.com\/https:\/\/www.facebook.com\/bunurimag","https:\/\/instagram.com\/https:\/\/www.facebook.com\/bunurimag","https:\/\/pinterest.com\/https:\/\/www.facebook.com\/bunurimag","https:\/\/youtube.com\/https:\/\/www.facebook.com\/bunurimag","https:\/\/linkedin.com\/in\/https:\/\/www.facebook.com\/bunurimag","https:\/\/soundcloud.com\/https:\/\/www.facebook.com\/bunurimag"],"address":{"@id":"https:\/\/bunuri.md\/ro\/#postaladdress","@type":"PostalAddress","streetAddress":"\u0420. \u041c\u043e\u043b\u0434\u043e\u0432\u0430, \u0433. \u0425\u044b\u043d\u0447\u0435\u0448\u0442\u044b","postalCode":"3401","addressLocality":"\u0425\u044b\u043d\u0447\u0435\u0448\u0442\u044b","addressRegion":"Moldova","addressCountry":"MD"}},{"@type":"WebPage","@id":"https:\/\/bunuri.md\/ro\/livrarea-si-achitarea\/#webpage","url":"https:\/\/bunuri.md\/ro\/livrarea-si-achitarea\/","name":"TARIFE PENTRU LIVRAREA COMENZILOR \u00ceN REPUBLICA MOLDOVA","description":"Datorit\u0103 faptului c\u0103 birourile companiilor de transport nu func\u021bioneaz\u0103 \u00een weekend, v\u0103 rug\u0103m s\u0103 plasa\u021bi comand\u0103 pina joi (inclusiv ) , orele 12-00","inLanguage":"ro-RO","isPartOf":{"@id":"https:\/\/bunuri.md\/ro\/#website"},"breadcrumb":{"@id":"https:\/\/bunuri.md\/ro\/livrarea-si-achitarea\/#breadcrumblist"},"image":{"@type":"ImageObject","url":"https:\/\/bunuri.md\/wp-content\/uploads\/2023\/11\/Fan_Courier.jpg","@id":"https:\/\/bunuri.md\/ro\/livrarea-si-achitarea\/#mainImage","width":751,"height":483,"caption":"Fan_Courier"},"primaryImageOfPage":{"@id":"https:\/\/bunuri.md\/ro\/livrarea-si-achitarea\/#mainImage"},"datePublished":"2017-07-03T03:31:29+03:00","dateModified":"2025-08-04T14:30:25+03:00"},{"@type":"WebSite","@id":"https:\/\/bunuri.md\/ro\/#website","url":"https:\/\/bunuri.md\/ro\/","name":"www.bunuri.md","alternateName":"bunuri.md","description":"Bunuri.md este un magazin online care livreaz\u0103 \u0219i comercializeaz\u0103 o gam\u0103 larg\u0103 de m\u0103rfuri de diverse categorii pe \u00eentreg teritoriul Republicii Moldova.","inLanguage":"ro-RO","publisher":{"@id":"https:\/\/bunuri.md\/ro\/#organization"}}]},"og:locale":"ro_RO","og:site_name":"\u0418\u043d\u0442\u0435\u0440\u043d\u0435\u0442 \u043c\u0430\u0433\u0430\u0437\u0438\u043d \u041c\u043e\u043b\u0434\u043e\u0432\u0430 | Bunuri.md este un magazin online care livreaz\u0103 \u0219i comercializeaz\u0103 o gam\u0103 larg\u0103 de m\u0103rfuri de diverse categorii pe \u00eentreg teritoriul Republicii Moldova.","og:type":"activity","og:title":"TARIFE PENTRU LIVRAREA COMENZILOR \u00ceN REPUBLICA MOLDOVA","og:description":"Datorit\u0103 faptului c\u0103 birourile companiilor de transport nu func\u021bioneaz\u0103 \u00een weekend, v\u0103 rug\u0103m s\u0103 plasa\u021bi comand\u0103 pina joi (inclusiv ) , orele 12-00","og:url":"https:\/\/bunuri.md\/ro\/livrarea-si-achitarea\/","og:image":"https:\/\/bunuri.md\/wp-content\/uploads\/2022\/10\/logobu.png","og:image:secure_url":"https:\/\/bunuri.md\/wp-content\/uploads\/2022\/10\/logobu.png","og:image:width":200,"og:image:height":200,"twitter:card":"summary","twitter:site":"@https:","twitter:title":"TARIFE PENTRU LIVRAREA COMENZILOR \u00ceN REPUBLICA MOLDOVA","twitter:description":"Datorit\u0103 faptului c\u0103 birourile companiilor de transport nu func\u021bioneaz\u0103 \u00een weekend, v\u0103 rug\u0103m s\u0103 plasa\u021bi comand\u0103 pina joi (inclusiv ) , orele 12-00","twitter:creator":"@https:","twitter:image":"https:\/\/bunuri.md\/wp-content\/uploads\/2022\/10\/logobu.png"},"aioseo_meta_data":{"post_id":"1661","title":"TARIFE PENTRU LIVRAREA COMENZILOR \u00ceN REPUBLICA MOLDOVA","description":"Datorit\u0103 faptului c\u0103 birourile companiilor de transport nu func\u021bioneaz\u0103 \u00een weekend, v\u0103 rug\u0103m s\u0103 plasa\u021bi comand\u0103 pina joi (inclusiv ) , orele 12-00","keywords":null,"keyphrases":{"focus":{"keyphrase":"","score":0,"analysis":{"keyphraseInTitle":{"score":0,"maxScore":9,"error":1}}},"additional":[]},"primary_term":null,"canonical_url":null,"og_title":null,"og_description":null,"og_object_type":"activity","og_image_type":"default","og_image_url":null,"og_image_width":null,"og_image_height":null,"og_image_custom_url":null,"og_image_custom_fields":null,"og_video":"","og_custom_url":null,"og_article_section":null,"og_article_tags":null,"twitter_use_og":false,"twitter_card":"summary","twitter_image_type":"default","twitter_image_url":null,"twitter_image_custom_url":null,"twitter_image_custom_fields":null,"twitter_title":null,"twitter_description":null,"schema":{"blockGraphs":[],"customGraphs":[],"default":{"data":{"Article":[],"Course":[],"Dataset":[],"FAQPage":[],"Movie":[],"Person":[],"Product":[],"ProductReview":[],"Car":[],"Recipe":[],"Service":[],"SoftwareApplication":[],"WebPage":[]},"graphName":"WebPage","isEnabled":true},"graphs":[]},"schema_type":null,"schema_type_options":null,"pillar_content":false,"robots_default":true,"robots_noindex":false,"robots_noarchive":false,"robots_nosnippet":false,"robots_nofollow":false,"robots_noimageindex":false,"robots_noodp":false,"robots_notranslate":false,"robots_max_snippet":"-1","robots_max_videopreview":"-1","robots_max_imagepreview":"large","priority":null,"frequency":"default","local_seo":null,"seo_analyzer_scan_date":null,"breadcrumb_settings":null,"limit_modified_date":false,"reviewed_by":"0","open_ai":"{\"title\":{\"suggestions\":[],\"usage\":0},\"description\":{\"suggestions\":[],\"usage\":0}}","ai":{"faqs":[],"keyPoints":[],"titles":[],"descriptions":[],"socialPosts":{"email":[],"linkedin":[],"twitter":[],"facebook":[],"instagram":[]}},"created":"2020-12-20 21:07:13","updated":"2025-10-21 20:23:45"},"aioseo_breadcrumb":"<div class=\"aioseo-breadcrumbs\"><span class=\"aioseo-breadcrumb\">\n\t<a href=\"https:\/\/bunuri.md\/ro\/\" title=\"Home\">Home<\/a>\n<\/span><span class=\"aioseo-breadcrumb-separator\">\u00bb<\/span><span class=\"aioseo-breadcrumb\">\n\tLivrare, achitare\n<\/span><\/div>","aioseo_breadcrumb_json":[{"label":"Home","link":"https:\/\/bunuri.md\/ro\/"},{"label":"Livrare, achitare","link":"https:\/\/bunuri.md\/ro\/livrarea-si-achitarea\/"}],"_links":{"self":[{"href":"https:\/\/bunuri.md\/ro\/wp-json\/wp\/v2\/pages\/1661","targetHints":{"allow":["GET"]}}],"collection":[{"href":"https:\/\/bunuri.md\/ro\/wp-json\/wp\/v2\/pages"}],"about":[{"href":"https:\/\/bunuri.md\/ro\/wp-json\/wp\/v2\/types\/page"}],"author":[{"embeddable":true,"href":"https:\/\/bunuri.md\/ro\/wp-json\/wp\/v2\/users\/1"}],"replies":[{"embeddable":true,"href":"https:\/\/bunuri.md\/ro\/wp-json\/wp\/v2\/comments?post=1661"}],"version-history":[{"count":9,"href":"https:\/\/bunuri.md\/ro\/wp-json\/wp\/v2\/pages\/1661\/revisions"}],"predecessor-version":[{"id":10930,"href":"https:\/\/bunuri.md\/ro\/wp-json\/wp\/v2\/pages\/1661\/revisions\/10930"}],"wp:featuredmedia":[{"embeddable":true,"href":"https:\/\/bunuri.md\/ro\/wp-json\/wp\/v2\/media\/8082"}],"wp:attachment":[{"href":"https:\/\/bunuri.md\/ro\/wp-json\/wp\/v2\/media?parent=1661"}],"curies":[{"name":"wp","href":"https:\/\/api.w.org\/{rel}","templated":true}]}}