{"id":2400,"date":"2020-07-16T21:23:27","date_gmt":"2020-07-16T18:23:27","guid":{"rendered":"https:\/\/bunuri.md\/cumparati-in-credit\/"},"modified":"2022-09-24T16:44:52","modified_gmt":"2022-09-24T13:44:52","slug":"cumparati-in-credit","status":"publish","type":"page","link":"https:\/\/bunuri.md\/ro\/cumparati-in-credit\/","title":{"rendered":"Cump\u0103ra\u021bi \u00een credit"},"content":{"rendered":"<p><strong><img loading=\"lazy\" decoding=\"async\" class=\"alignnone size-medium wp-image-2416\" src=\"https:\/\/bunuri.md\/wp-content\/uploads\/2020\/07\/microin-300x150.jpg\" alt=\"\" width=\"300\" height=\"150\" srcset=\"https:\/\/bunuri.md\/wp-content\/uploads\/2020\/07\/microin-300x150.jpg 300w, https:\/\/bunuri.md\/wp-content\/uploads\/2020\/07\/microin-24x12.jpg 24w, https:\/\/bunuri.md\/wp-content\/uploads\/2020\/07\/microin-36x18.jpg 36w, https:\/\/bunuri.md\/wp-content\/uploads\/2020\/07\/microin-48x24.jpg 48w, https:\/\/bunuri.md\/wp-content\/uploads\/2020\/07\/microin.jpg 500w\" sizes=\"auto, (max-width: 300px) 100vw, 300px\" \/><br \/>\n<strong>Explicatii privind finan\u021barea produselor &#8222;II Buldumac Aliona&#8221; in parteneriat cu Microinvest<\/strong><\/strong><\/p>\n<p>-analiza \u00een baza buletinului de identitate<br \/>\n-de la 1000 MDL la 100 000 MDL<br \/>\n-perioada de finantare pina la 36 luni<br \/>\n-dob\u00eend\u0103 avantajoas\u0103 \u0219i oferte convinabile<br \/>\n-decizia \u00een 10 min<br \/>\n-clien\u021bi cu venituri stabile, v\u00eersta 20-65 ani<br \/>\n-inchidere anticipat\u0103 cu recalcul la dobind\u0103<br \/>\n-0% comision la achitarea ratelor<\/p>\n<p><strong>Achitarea ratelor le puteti efectua rapid si simplu:<\/strong><\/p>\n<p>-orice sucursala al companiei de finan\u021bare<br \/>\n-oficiilie Posta Moldovei<br \/>\n-online pe Oplata.md si paynet.md<br \/>\n-la terminalele BPay, QIWI<br \/>\n-oficiile b\u0103ncilor parteneri<\/p>\n","protected":false},"excerpt":{"rendered":"<p>Explicatii privind finan\u021barea produselor &#8222;II Buldumac Aliona&#8221; in parteneriat cu Microinvest -analiza \u00een baza buletinului de identitate -de la 1000 MDL la 100 000 MDL -perioada de finantare pina la 36 luni -dob\u00eend\u0103 avantajoas\u0103 \u0219i oferte convinabile -decizia \u00een 10 min -clien\u021bi cu venituri stabile, v\u00eersta 20-65 ani -inchidere anticipat\u0103 cu recalcul la dobind\u0103 -0%&#8230;<\/p>\n","protected":false},"author":1,"featured_media":2416,"parent":0,"menu_order":0,"comment_status":"closed","ping_status":"closed","template":"","meta":{"om_disable_all_campaigns":false,"footnotes":""},"class_list":["post-2400","page","type-page","status-publish","has-post-thumbnail","hentry"],"aioseo_notices":[],"aioseo_head":"\n\t\t<!-- All in One SEO Pro 4.9.6.2 - aioseo.com -->\n\t<meta name=\"description\" content=\"Explicatii privind finan\u021barea produselor &quot;II Buldumac Aliona&quot; in parteneriat cu Microinvest -analiza \u00een baza buletinului de identitate -de la 1000 MDL la 100 000 MDL -perioada de finantare pina la 36 luni -dob\u00eend\u0103 avantajoas\u0103 \u0219i oferte convinabile -decizia \u00een 10 min -clien\u021bi cu venituri stabile, v\u00eersta 20-65 ani -inchidere anticipat\u0103 cu recalcul la dobind\u0103 -0%\" \/>\n\t<meta name=\"robots\" content=\"max-image-preview:large\" \/>\n\t<link rel=\"canonical\" href=\"https:\/\/bunuri.md\/ro\/cumparati-in-credit\/\" \/>\n\t<meta name=\"generator\" content=\"All in One SEO Pro (AIOSEO) 4.9.6.2\" \/>\n\t\t<meta property=\"og:locale\" content=\"ro_RO\" \/>\n\t\t<meta property=\"og:site_name\" content=\"\u0418\u043d\u0442\u0435\u0440\u043d\u0435\u0442 \u043c\u0430\u0433\u0430\u0437\u0438\u043d \u041c\u043e\u043b\u0434\u043e\u0432\u0430 | Bunuri.md este un magazin online care livreaz\u0103 \u0219i comercializeaz\u0103 o gam\u0103 larg\u0103 de m\u0103rfuri de diverse categorii pe \u00eentreg teritoriul Republicii Moldova.\" \/>\n\t\t<meta property=\"og:type\" content=\"activity\" \/>\n\t\t<meta property=\"og:title\" content=\"Cump\u0103ra\u021bi \u00een credit\" \/>\n\t\t<meta property=\"og:description\" content=\"Explicatii privind finan\u021barea produselor &quot;II Buldumac Aliona&quot; in parteneriat cu Microinvest -analiza \u00een baza buletinului de identitate -de la 1000 MDL la 100 000 MDL -perioada de finantare pina la 36 luni -dob\u00eend\u0103 avantajoas\u0103 \u0219i oferte convinabile -decizia \u00een 10 min -clien\u021bi cu venituri stabile, v\u00eersta 20-65 ani -inchidere anticipat\u0103 cu recalcul la dobind\u0103 -0%\" \/>\n\t\t<meta property=\"og:url\" content=\"https:\/\/bunuri.md\/ro\/cumparati-in-credit\/\" \/>\n\t\t<meta property=\"og:image\" content=\"https:\/\/bunuri.md\/wp-content\/uploads\/2022\/10\/logobu.png\" \/>\n\t\t<meta property=\"og:image:secure_url\" content=\"https:\/\/bunuri.md\/wp-content\/uploads\/2022\/10\/logobu.png\" \/>\n\t\t<meta property=\"og:image:width\" content=\"200\" \/>\n\t\t<meta property=\"og:image:height\" content=\"200\" \/>\n\t\t<meta name=\"twitter:card\" content=\"summary\" \/>\n\t\t<meta name=\"twitter:site\" content=\"@https:\" \/>\n\t\t<meta name=\"twitter:title\" content=\"Cump\u0103ra\u021bi \u00een credit\" \/>\n\t\t<meta name=\"twitter:description\" content=\"Explicatii privind finan\u021barea produselor &quot;II Buldumac Aliona&quot; in parteneriat cu Microinvest -analiza \u00een baza buletinului de identitate -de la 1000 MDL la 100 000 MDL -perioada de finantare pina la 36 luni -dob\u00eend\u0103 avantajoas\u0103 \u0219i oferte convinabile -decizia \u00een 10 min -clien\u021bi cu venituri stabile, v\u00eersta 20-65 ani -inchidere anticipat\u0103 cu recalcul la dobind\u0103 -0%\" \/>\n\t\t<meta name=\"twitter:creator\" content=\"@https:\" \/>\n\t\t<meta name=\"twitter:image\" content=\"https:\/\/bunuri.md\/wp-content\/uploads\/2022\/10\/logobu.png\" \/>\n\t\t<script type=\"application\/ld+json\" class=\"aioseo-schema\">\n\t\t\t{\"@context\":\"https:\\\/\\\/schema.org\",\"@graph\":[{\"@type\":\"BreadcrumbList\",\"@id\":\"https:\\\/\\\/bunuri.md\\\/ro\\\/cumparati-in-credit\\\/#breadcrumblist\",\"itemListElement\":[{\"@type\":\"ListItem\",\"@id\":\"https:\\\/\\\/bunuri.md\\\/ro\\\/#listItem\",\"position\":1,\"name\":\"Home\",\"item\":\"https:\\\/\\\/bunuri.md\\\/ro\\\/\",\"nextItem\":{\"@type\":\"ListItem\",\"@id\":\"https:\\\/\\\/bunuri.md\\\/ro\\\/cumparati-in-credit\\\/#listItem\",\"name\":\"Cump\\u0103ra\\u021bi \\u00een credit\"}},{\"@type\":\"ListItem\",\"@id\":\"https:\\\/\\\/bunuri.md\\\/ro\\\/cumparati-in-credit\\\/#listItem\",\"position\":2,\"name\":\"Cump\\u0103ra\\u021bi \\u00een credit\",\"previousItem\":{\"@type\":\"ListItem\",\"@id\":\"https:\\\/\\\/bunuri.md\\\/ro\\\/#listItem\",\"name\":\"Home\"}}]},{\"@type\":\"Organization\",\"@id\":\"https:\\\/\\\/bunuri.md\\\/ro\\\/#organization\",\"name\":\"\\u00centreprinderea Individual\\u0103 \\\"Buldumac Aliona\\\"\",\"description\":\"\\u0418\\u041f \\u00ab\\u0411\\u0443\\u043b\\u0434\\u0443\\u043c\\u0430\\u043a \\u0410\\u043b\\u0435\\u043d\\u0430\\u00bb - \\u044d\\u0442\\u043e \\u043d\\u0430\\u0434\\u0451\\u0436\\u043d\\u044b\\u0439 \\u0438 \\u043e\\u0440\\u0438\\u0435\\u043d\\u0442\\u0438\\u0440\\u043e\\u0432\\u0430\\u043d\\u043d\\u044b\\u0439 \\u043d\\u0430 \\u043a\\u043b\\u0438\\u0435\\u043d\\u0442\\u0430 \\u0431\\u0438\\u0437\\u043d\\u0435\\u0441, \\u043f\\u0440\\u0435\\u0434\\u043b\\u0430\\u0433\\u0430\\u044e\\u0449\\u0438\\u0439 \\u043a\\u0430\\u0447\\u0435\\u0441\\u0442\\u0432\\u0435\\u043d\\u043d\\u044b\\u0435 \\u0442\\u043e\\u0432\\u0430\\u0440\\u044b, \\u0443\\u0441\\u043b\\u0443\\u0433\\u0438 \\u0441 \\u0430\\u043a\\u0446\\u0435\\u043d\\u0442\\u043e\\u043c \\u043d\\u0430 \\u043f\\u0440\\u0430\\u043a\\u0442\\u0438\\u0447\\u043d\\u043e\\u0441\\u0442\\u044c \\u0438 \\u0447\\u0435\\u0441\\u0442\\u043d\\u044b\\u0439 \\u043f\\u043e\\u0434\\u0445\\u043e\\u0434.\",\"url\":\"https:\\\/\\\/bunuri.md\\\/ro\\\/\",\"email\":\"bunuri.md@gmail.com\",\"telephone\":\"+37379512557\",\"foundingDate\":\"2006-09-27\",\"numberOfEmployees\":{\"@type\":\"QuantitativeValue\",\"minValue\":0,\"maxValue\":4},\"logo\":{\"@type\":\"ImageObject\",\"url\":\"https:\\\/\\\/bunuri.md\\\/wp-content\\\/uploads\\\/2022\\\/08\\\/logo-bunuri.png\",\"@id\":\"https:\\\/\\\/bunuri.md\\\/ro\\\/cumparati-in-credit\\\/#organizationLogo\",\"width\":250,\"height\":250},\"image\":{\"@id\":\"https:\\\/\\\/bunuri.md\\\/ro\\\/cumparati-in-credit\\\/#organizationLogo\"},\"sameAs\":[\"https:\\\/\\\/facebook.com\\\/https:\\\/\\\/www.facebook.com\\\/bunurimag\",\"https:\\\/\\\/x.com\\\/https:\\\/\\\/www.facebook.com\\\/bunurimag\",\"https:\\\/\\\/instagram.com\\\/https:\\\/\\\/www.facebook.com\\\/bunurimag\",\"https:\\\/\\\/pinterest.com\\\/https:\\\/\\\/www.facebook.com\\\/bunurimag\",\"https:\\\/\\\/youtube.com\\\/https:\\\/\\\/www.facebook.com\\\/bunurimag\",\"https:\\\/\\\/linkedin.com\\\/in\\\/https:\\\/\\\/www.facebook.com\\\/bunurimag\",\"https:\\\/\\\/soundcloud.com\\\/https:\\\/\\\/www.facebook.com\\\/bunurimag\"],\"address\":{\"@id\":\"https:\\\/\\\/bunuri.md\\\/ro\\\/#postaladdress\",\"@type\":\"PostalAddress\",\"streetAddress\":\"\\u0420. \\u041c\\u043e\\u043b\\u0434\\u043e\\u0432\\u0430, \\u0433. \\u0425\\u044b\\u043d\\u0447\\u0435\\u0448\\u0442\\u044b\",\"postalCode\":\"3401\",\"addressLocality\":\"\\u0425\\u044b\\u043d\\u0447\\u0435\\u0448\\u0442\\u044b\",\"addressRegion\":\"Moldova\",\"addressCountry\":\"MD\"}},{\"@type\":\"WebPage\",\"@id\":\"https:\\\/\\\/bunuri.md\\\/ro\\\/cumparati-in-credit\\\/#webpage\",\"url\":\"https:\\\/\\\/bunuri.md\\\/ro\\\/cumparati-in-credit\\\/\",\"name\":\"Cump\\u0103ra\\u021bi \\u00een credit\",\"description\":\"Explicatii privind finan\\u021barea produselor \\\"II Buldumac Aliona\\\" in parteneriat cu Microinvest -analiza \\u00een baza buletinului de identitate -de la 1000 MDL la 100 000 MDL -perioada de finantare pina la 36 luni -dob\\u00eend\\u0103 avantajoas\\u0103 \\u0219i oferte convinabile -decizia \\u00een 10 min -clien\\u021bi cu venituri stabile, v\\u00eersta 20-65 ani -inchidere anticipat\\u0103 cu recalcul la dobind\\u0103 -0%\",\"inLanguage\":\"ro-RO\",\"isPartOf\":{\"@id\":\"https:\\\/\\\/bunuri.md\\\/ro\\\/#website\"},\"breadcrumb\":{\"@id\":\"https:\\\/\\\/bunuri.md\\\/ro\\\/cumparati-in-credit\\\/#breadcrumblist\"},\"image\":{\"@type\":\"ImageObject\",\"url\":\"https:\\\/\\\/bunuri.md\\\/wp-content\\\/uploads\\\/2020\\\/07\\\/microin.jpg\",\"@id\":\"https:\\\/\\\/bunuri.md\\\/ro\\\/cumparati-in-credit\\\/#mainImage\",\"width\":500,\"height\":250},\"primaryImageOfPage\":{\"@id\":\"https:\\\/\\\/bunuri.md\\\/ro\\\/cumparati-in-credit\\\/#mainImage\"},\"datePublished\":\"2020-07-16T21:23:27+03:00\",\"dateModified\":\"2022-09-24T16:44:52+03:00\"},{\"@type\":\"WebSite\",\"@id\":\"https:\\\/\\\/bunuri.md\\\/ro\\\/#website\",\"url\":\"https:\\\/\\\/bunuri.md\\\/ro\\\/\",\"name\":\"www.bunuri.md\",\"alternateName\":\"bunuri.md\",\"description\":\"Bunuri.md este un magazin online care livreaz\\u0103 \\u0219i comercializeaz\\u0103 o gam\\u0103 larg\\u0103 de m\\u0103rfuri de diverse categorii pe \\u00eentreg teritoriul Republicii Moldova.\",\"inLanguage\":\"ro-RO\",\"publisher\":{\"@id\":\"https:\\\/\\\/bunuri.md\\\/ro\\\/#organization\"}}]}\n\t\t<\/script>\n\t\t<!-- All in One SEO Pro -->\r\n\t\t<title>Cump\u0103ra\u021bi \u00een credit<\/title>\n\n","aioseo_head_json":{"title":"Cump\u0103ra\u021bi \u00een credit","description":"Explicatii privind finan\u021barea produselor \"II Buldumac Aliona\" in parteneriat cu Microinvest -analiza \u00een baza buletinului de identitate -de la 1000 MDL la 100 000 MDL -perioada de finantare pina la 36 luni -dob\u00eend\u0103 avantajoas\u0103 \u0219i oferte convinabile -decizia \u00een 10 min -clien\u021bi cu venituri stabile, v\u00eersta 20-65 ani -inchidere anticipat\u0103 cu recalcul la dobind\u0103 -0%","canonical_url":"https:\/\/bunuri.md\/ro\/cumparati-in-credit\/","robots":"max-image-preview:large","keywords":"","webmasterTools":{"miscellaneous":""},"schema":{"@context":"https:\/\/schema.org","@graph":[{"@type":"BreadcrumbList","@id":"https:\/\/bunuri.md\/ro\/cumparati-in-credit\/#breadcrumblist","itemListElement":[{"@type":"ListItem","@id":"https:\/\/bunuri.md\/ro\/#listItem","position":1,"name":"Home","item":"https:\/\/bunuri.md\/ro\/","nextItem":{"@type":"ListItem","@id":"https:\/\/bunuri.md\/ro\/cumparati-in-credit\/#listItem","name":"Cump\u0103ra\u021bi \u00een credit"}},{"@type":"ListItem","@id":"https:\/\/bunuri.md\/ro\/cumparati-in-credit\/#listItem","position":2,"name":"Cump\u0103ra\u021bi \u00een credit","previousItem":{"@type":"ListItem","@id":"https:\/\/bunuri.md\/ro\/#listItem","name":"Home"}}]},{"@type":"Organization","@id":"https:\/\/bunuri.md\/ro\/#organization","name":"\u00centreprinderea Individual\u0103 \"Buldumac Aliona\"","description":"\u0418\u041f \u00ab\u0411\u0443\u043b\u0434\u0443\u043c\u0430\u043a \u0410\u043b\u0435\u043d\u0430\u00bb - \u044d\u0442\u043e \u043d\u0430\u0434\u0451\u0436\u043d\u044b\u0439 \u0438 \u043e\u0440\u0438\u0435\u043d\u0442\u0438\u0440\u043e\u0432\u0430\u043d\u043d\u044b\u0439 \u043d\u0430 \u043a\u043b\u0438\u0435\u043d\u0442\u0430 \u0431\u0438\u0437\u043d\u0435\u0441, \u043f\u0440\u0435\u0434\u043b\u0430\u0433\u0430\u044e\u0449\u0438\u0439 \u043a\u0430\u0447\u0435\u0441\u0442\u0432\u0435\u043d\u043d\u044b\u0435 \u0442\u043e\u0432\u0430\u0440\u044b, \u0443\u0441\u043b\u0443\u0433\u0438 \u0441 \u0430\u043a\u0446\u0435\u043d\u0442\u043e\u043c \u043d\u0430 \u043f\u0440\u0430\u043a\u0442\u0438\u0447\u043d\u043e\u0441\u0442\u044c \u0438 \u0447\u0435\u0441\u0442\u043d\u044b\u0439 \u043f\u043e\u0434\u0445\u043e\u0434.","url":"https:\/\/bunuri.md\/ro\/","email":"bunuri.md@gmail.com","telephone":"+37379512557","foundingDate":"2006-09-27","numberOfEmployees":{"@type":"QuantitativeValue","minValue":0,"maxValue":4},"logo":{"@type":"ImageObject","url":"https:\/\/bunuri.md\/wp-content\/uploads\/2022\/08\/logo-bunuri.png","@id":"https:\/\/bunuri.md\/ro\/cumparati-in-credit\/#organizationLogo","width":250,"height":250},"image":{"@id":"https:\/\/bunuri.md\/ro\/cumparati-in-credit\/#organizationLogo"},"sameAs":["https:\/\/facebook.com\/https:\/\/www.facebook.com\/bunurimag","https:\/\/x.com\/https:\/\/www.facebook.com\/bunurimag","https:\/\/instagram.com\/https:\/\/www.facebook.com\/bunurimag","https:\/\/pinterest.com\/https:\/\/www.facebook.com\/bunurimag","https:\/\/youtube.com\/https:\/\/www.facebook.com\/bunurimag","https:\/\/linkedin.com\/in\/https:\/\/www.facebook.com\/bunurimag","https:\/\/soundcloud.com\/https:\/\/www.facebook.com\/bunurimag"],"address":{"@id":"https:\/\/bunuri.md\/ro\/#postaladdress","@type":"PostalAddress","streetAddress":"\u0420. \u041c\u043e\u043b\u0434\u043e\u0432\u0430, \u0433. \u0425\u044b\u043d\u0447\u0435\u0448\u0442\u044b","postalCode":"3401","addressLocality":"\u0425\u044b\u043d\u0447\u0435\u0448\u0442\u044b","addressRegion":"Moldova","addressCountry":"MD"}},{"@type":"WebPage","@id":"https:\/\/bunuri.md\/ro\/cumparati-in-credit\/#webpage","url":"https:\/\/bunuri.md\/ro\/cumparati-in-credit\/","name":"Cump\u0103ra\u021bi \u00een credit","description":"Explicatii privind finan\u021barea produselor \"II Buldumac Aliona\" in parteneriat cu Microinvest -analiza \u00een baza buletinului de identitate -de la 1000 MDL la 100 000 MDL -perioada de finantare pina la 36 luni -dob\u00eend\u0103 avantajoas\u0103 \u0219i oferte convinabile -decizia \u00een 10 min -clien\u021bi cu venituri stabile, v\u00eersta 20-65 ani -inchidere anticipat\u0103 cu recalcul la dobind\u0103 -0%","inLanguage":"ro-RO","isPartOf":{"@id":"https:\/\/bunuri.md\/ro\/#website"},"breadcrumb":{"@id":"https:\/\/bunuri.md\/ro\/cumparati-in-credit\/#breadcrumblist"},"image":{"@type":"ImageObject","url":"https:\/\/bunuri.md\/wp-content\/uploads\/2020\/07\/microin.jpg","@id":"https:\/\/bunuri.md\/ro\/cumparati-in-credit\/#mainImage","width":500,"height":250},"primaryImageOfPage":{"@id":"https:\/\/bunuri.md\/ro\/cumparati-in-credit\/#mainImage"},"datePublished":"2020-07-16T21:23:27+03:00","dateModified":"2022-09-24T16:44:52+03:00"},{"@type":"WebSite","@id":"https:\/\/bunuri.md\/ro\/#website","url":"https:\/\/bunuri.md\/ro\/","name":"www.bunuri.md","alternateName":"bunuri.md","description":"Bunuri.md este un magazin online care livreaz\u0103 \u0219i comercializeaz\u0103 o gam\u0103 larg\u0103 de m\u0103rfuri de diverse categorii pe \u00eentreg teritoriul Republicii Moldova.","inLanguage":"ro-RO","publisher":{"@id":"https:\/\/bunuri.md\/ro\/#organization"}}]},"og:locale":"ro_RO","og:site_name":"\u0418\u043d\u0442\u0435\u0440\u043d\u0435\u0442 \u043c\u0430\u0433\u0430\u0437\u0438\u043d \u041c\u043e\u043b\u0434\u043e\u0432\u0430 | Bunuri.md este un magazin online care livreaz\u0103 \u0219i comercializeaz\u0103 o gam\u0103 larg\u0103 de m\u0103rfuri de diverse categorii pe \u00eentreg teritoriul Republicii Moldova.","og:type":"activity","og:title":"Cump\u0103ra\u021bi \u00een credit","og:description":"Explicatii privind finan\u021barea produselor &quot;II Buldumac Aliona&quot; in parteneriat cu Microinvest -analiza \u00een baza buletinului de identitate -de la 1000 MDL la 100 000 MDL -perioada de finantare pina la 36 luni -dob\u00eend\u0103 avantajoas\u0103 \u0219i oferte convinabile -decizia \u00een 10 min -clien\u021bi cu venituri stabile, v\u00eersta 20-65 ani -inchidere anticipat\u0103 cu recalcul la dobind\u0103 -0%","og:url":"https:\/\/bunuri.md\/ro\/cumparati-in-credit\/","og:image":"https:\/\/bunuri.md\/wp-content\/uploads\/2022\/10\/logobu.png","og:image:secure_url":"https:\/\/bunuri.md\/wp-content\/uploads\/2022\/10\/logobu.png","og:image:width":200,"og:image:height":200,"twitter:card":"summary","twitter:site":"@https:","twitter:title":"Cump\u0103ra\u021bi \u00een credit","twitter:description":"Explicatii privind finan\u021barea produselor &quot;II Buldumac Aliona&quot; in parteneriat cu Microinvest -analiza \u00een baza buletinului de identitate -de la 1000 MDL la 100 000 MDL -perioada de finantare pina la 36 luni -dob\u00eend\u0103 avantajoas\u0103 \u0219i oferte convinabile -decizia \u00een 10 min -clien\u021bi cu venituri stabile, v\u00eersta 20-65 ani -inchidere anticipat\u0103 cu recalcul la dobind\u0103 -0%","twitter:creator":"@https:","twitter:image":"https:\/\/bunuri.md\/wp-content\/uploads\/2022\/10\/logobu.png"},"aioseo_meta_data":{"post_id":"2400","title":null,"description":null,"keywords":[],"keyphrases":{"focus":{"keyphrase":"","score":0,"analysis":{"keyphraseInTitle":{"score":0,"maxScore":9,"error":1}}},"additional":[]},"primary_term":null,"canonical_url":null,"og_title":null,"og_description":null,"og_object_type":"activity","og_image_type":"default","og_image_url":null,"og_image_width":null,"og_image_height":null,"og_image_custom_url":null,"og_image_custom_fields":null,"og_video":"","og_custom_url":null,"og_article_section":null,"og_article_tags":[],"twitter_use_og":false,"twitter_card":"summary","twitter_image_type":"default","twitter_image_url":null,"twitter_image_custom_url":null,"twitter_image_custom_fields":null,"twitter_title":null,"twitter_description":null,"schema":{"blockGraphs":[],"customGraphs":[],"default":{"data":{"Article":[],"Course":[],"Dataset":[],"FAQPage":[],"Movie":[],"Person":[],"Product":[],"ProductReview":[],"Car":[],"Recipe":[],"Service":[],"SoftwareApplication":[],"WebPage":[]},"graphName":"","isEnabled":true},"graphs":[]},"schema_type":null,"schema_type_options":null,"pillar_content":false,"robots_default":true,"robots_noindex":false,"robots_noarchive":false,"robots_nosnippet":false,"robots_nofollow":false,"robots_noimageindex":false,"robots_noodp":false,"robots_notranslate":false,"robots_max_snippet":"-1","robots_max_videopreview":"-1","robots_max_imagepreview":"large","priority":null,"frequency":"default","local_seo":null,"seo_analyzer_scan_date":null,"breadcrumb_settings":null,"limit_modified_date":false,"reviewed_by":null,"open_ai":null,"ai":null,"created":"2020-12-20 21:07:13","updated":"2025-10-21 20:23:45"},"aioseo_breadcrumb":"<div class=\"aioseo-breadcrumbs\"><span class=\"aioseo-breadcrumb\">\n\t<a href=\"https:\/\/bunuri.md\/ro\/\" title=\"Home\">Home<\/a>\n<\/span><span class=\"aioseo-breadcrumb-separator\">\u00bb<\/span><span class=\"aioseo-breadcrumb\">\n\tCump\u0103ra\u021bi \u00een credit\n<\/span><\/div>","aioseo_breadcrumb_json":[{"label":"Home","link":"https:\/\/bunuri.md\/ro\/"},{"label":"Cump\u0103ra\u021bi \u00een credit","link":"https:\/\/bunuri.md\/ro\/cumparati-in-credit\/"}],"_links":{"self":[{"href":"https:\/\/bunuri.md\/ro\/wp-json\/wp\/v2\/pages\/2400","targetHints":{"allow":["GET"]}}],"collection":[{"href":"https:\/\/bunuri.md\/ro\/wp-json\/wp\/v2\/pages"}],"about":[{"href":"https:\/\/bunuri.md\/ro\/wp-json\/wp\/v2\/types\/page"}],"author":[{"embeddable":true,"href":"https:\/\/bunuri.md\/ro\/wp-json\/wp\/v2\/users\/1"}],"replies":[{"embeddable":true,"href":"https:\/\/bunuri.md\/ro\/wp-json\/wp\/v2\/comments?post=2400"}],"version-history":[{"count":0,"href":"https:\/\/bunuri.md\/ro\/wp-json\/wp\/v2\/pages\/2400\/revisions"}],"wp:featuredmedia":[{"embeddable":true,"href":"https:\/\/bunuri.md\/ro\/wp-json\/wp\/v2\/media\/2416"}],"wp:attachment":[{"href":"https:\/\/bunuri.md\/ro\/wp-json\/wp\/v2\/media?parent=2400"}],"curies":[{"name":"wp","href":"https:\/\/api.w.org\/{rel}","templated":true}]}}