{"id":10030,"date":"2025-01-25T22:44:09","date_gmt":"2025-01-25T19:54:01","guid":{"rendered":"https:\/\/bunuri.md\/?post_type=product&#038;p=10030"},"modified":"2025-01-25T23:04:23","modified_gmt":"2025-01-25T20:04:23","slug":"robinet-de-scurgere-lichid-de-racire-pentru-motor-r190-r195","status":"publish","type":"product","link":"https:\/\/bunuri.md\/ro\/shop\/robinet-de-scurgere-lichid-de-racire-pentru-motor-r190-r195\/","title":{"rendered":"Robinet de scurgere lichid de r\u0103cire pentru motor R190\/R195"},"content":{"rendered":"<p><strong>Robinet de golire a lichidului de r\u0103cire pentru motor diesel R190\/R195<\/strong> &#8211; <a href=\"https:\/\/bunuri.md\/ro\/product-category\/motoare\/\">potrivit\u0103 pentru motoarele diesel ale tractoarelor cu mers pe jos \u0219i mini-tractoarelor cu o capacitate de 10-12 CP. Cu. cu racire cu apa. Dispozitivul este instalat pe capul motorului \u0219i serve\u0219te la scurgerea comod\u0103 a lichidului de r\u0103cire din sistem. Sarcina principal\u0103 a macaralei este de a simplifica procesul de \u00eentre\u021binere a sistemului de r\u0103cire, f\u0103c\u00e2ndu-l sigur \u0219i eficient.<\/a><\/p>\n<p>Robinetul ofer\u0103 acces u\u0219or la orificiul de scurgere, f\u0103c\u00e2nd \u00eentre\u021binerea mult mai u\u0219oar\u0103. Dac\u0103 robinetul se defecteaz\u0103 \u0219i nu este \u00eenlocuit \u00een timp util, pot ap\u0103rea scurgeri de lichid de r\u0103cire, ceea ce poate duce la supra\u00eenc\u0103lzirea motorului. Aceasta, la r\u00e2ndul s\u0103u, amenin\u021b\u0103 daune grave din cauza r\u0103cirii insuficiente.<\/p>\n<p><strong>Specificatii tehnice:<\/strong><\/p>\n<ul>\n<li><strong>Categoria piese de schimb:<\/strong> Robinet.<\/li>\n<li><strong>Nod:<\/strong> Sistem de r\u0103cire.<\/li>\n<li><strong>Motor:<\/strong> R190\/R195.<\/li>\n<li><strong>Tip motor:<\/strong> Diesel.<\/li>\n<li><strong>R\u0103cirea motorului:<\/strong> ap\u0103.<\/li>\n<li><strong>Lungime:<\/strong> 29 mm.<\/li>\n<li><strong>Filet:<\/strong> M16.<\/li>\n<li><strong>Material:<\/strong> alam\u0103.<\/li>\n<li><strong>Greutate:<\/strong> 38 gr.<\/li>\n<\/ul>\n","protected":false},"excerpt":{"rendered":"<p>Simplifica procesul de \u00eentre\u021binere a sistemului de r\u0103cire al unui motor diesel, f\u0103c\u00e2ndu-i convenabil, sigur \u0219i eficient scurgerea lichidului din sistem.<\/p>\n","protected":false},"featured_media":10029,"comment_status":"closed","ping_status":"closed","template":"","meta":{"om_disable_all_campaigns":false},"pwb-brand":[],"product_brand":[],"product_cat":[384],"product_tag":[],"class_list":{"0":"post-10030","1":"product","2":"type-product","3":"status-publish","4":"has-post-thumbnail","6":"product_cat-piese-pentru-motoblocuri","8":"first","9":"instock","10":"sale","11":"purchasable","12":"product-type-simple"},"aioseo_notices":[],"aioseo_head":"\n\t\t<!-- All in One SEO Pro 4.9.6.2 - aioseo.com -->\n\t<meta name=\"description\" content=\"Simplifica procesul de \u00eentre\u021binere a sistemului de r\u0103cire al unui motor diesel, f\u0103c\u00e2ndu-i convenabil, sigur \u0219i eficient scurgerea lichidului din sistem.\" \/>\n\t<meta name=\"robots\" content=\"max-image-preview:large\" \/>\n\t<link rel=\"canonical\" href=\"https:\/\/bunuri.md\/ro\/shop\/robinet-de-scurgere-lichid-de-racire-pentru-motor-r190-r195\/\" \/>\n\t<meta name=\"generator\" content=\"All in One SEO Pro (AIOSEO) 4.9.6.2\" \/>\n\t\t<meta property=\"og:locale\" content=\"ro_RO\" \/>\n\t\t<meta property=\"og:site_name\" content=\"\u0418\u043d\u0442\u0435\u0440\u043d\u0435\u0442 \u043c\u0430\u0433\u0430\u0437\u0438\u043d \u041c\u043e\u043b\u0434\u043e\u0432\u0430 | Bunuri.md este un magazin online care livreaz\u0103 \u0219i comercializeaz\u0103 o gam\u0103 larg\u0103 de m\u0103rfuri de diverse categorii pe \u00eentreg teritoriul Republicii Moldova.\" \/>\n\t\t<meta property=\"og:type\" content=\"article\" \/>\n\t\t<meta property=\"og:title\" content=\"Robinet de scurgere lichid de r\u0103cire pentru motor R190\/R195\" \/>\n\t\t<meta property=\"og:description\" content=\"Simplifica procesul de \u00eentre\u021binere a sistemului de r\u0103cire al unui motor diesel, f\u0103c\u00e2ndu-i convenabil, sigur \u0219i eficient scurgerea lichidului din sistem.\" \/>\n\t\t<meta property=\"og:url\" content=\"https:\/\/bunuri.md\/ro\/shop\/robinet-de-scurgere-lichid-de-racire-pentru-motor-r190-r195\/\" \/>\n\t\t<meta property=\"og:image\" content=\"https:\/\/bunuri.md\/wp-content\/uploads\/2022\/10\/logobu.png\" \/>\n\t\t<meta property=\"og:image:secure_url\" content=\"https:\/\/bunuri.md\/wp-content\/uploads\/2022\/10\/logobu.png\" \/>\n\t\t<meta property=\"og:image:width\" content=\"200\" \/>\n\t\t<meta property=\"og:image:height\" content=\"200\" \/>\n\t\t<meta property=\"article:published_time\" content=\"2025-01-25T19:54:01+00:00\" \/>\n\t\t<meta property=\"article:modified_time\" content=\"2025-01-25T20:04:23+00:00\" \/>\n\t\t<meta property=\"article:publisher\" content=\"https:\/\/facebook.com\/https:\/\/www.facebook.com\/bunurimag\" \/>\n\t\t<meta name=\"twitter:card\" content=\"summary\" \/>\n\t\t<meta name=\"twitter:site\" content=\"@https:\" \/>\n\t\t<meta name=\"twitter:title\" content=\"Robinet de scurgere lichid de r\u0103cire pentru motor R190\/R195\" \/>\n\t\t<meta name=\"twitter:description\" content=\"Simplifica procesul de \u00eentre\u021binere a sistemului de r\u0103cire al unui motor diesel, f\u0103c\u00e2ndu-i convenabil, sigur \u0219i eficient scurgerea lichidului din sistem.\" \/>\n\t\t<meta name=\"twitter:image\" content=\"https:\/\/bunuri.md\/wp-content\/uploads\/2022\/10\/logobu.png\" \/>\n\t\t<script type=\"application\/ld+json\" class=\"aioseo-schema\">\n\t\t\t{\"@context\":\"https:\\\/\\\/schema.org\",\"@graph\":[{\"@type\":\"BreadcrumbList\",\"@id\":\"https:\\\/\\\/bunuri.md\\\/ro\\\/shop\\\/robinet-de-scurgere-lichid-de-racire-pentru-motor-r190-r195\\\/#breadcrumblist\",\"itemListElement\":[{\"@type\":\"ListItem\",\"@id\":\"https:\\\/\\\/bunuri.md\\\/ro\\\/#listItem\",\"position\":1,\"name\":\"Home\",\"item\":\"https:\\\/\\\/bunuri.md\\\/ro\\\/\",\"nextItem\":{\"@type\":\"ListItem\",\"@id\":\"https:\\\/\\\/bunuri.md\\\/ro\\\/shop-2\\\/#listItem\",\"name\":\"Magazin\"}},{\"@type\":\"ListItem\",\"@id\":\"https:\\\/\\\/bunuri.md\\\/ro\\\/shop-2\\\/#listItem\",\"position\":2,\"name\":\"Magazin\",\"item\":\"https:\\\/\\\/bunuri.md\\\/ro\\\/shop-2\\\/\",\"nextItem\":{\"@type\":\"ListItem\",\"@id\":\"https:\\\/\\\/bunuri.md\\\/ro\\\/product-category\\\/piese-pentru-motoblocuri\\\/#listItem\",\"name\":\"Piese de schimb pentru tractoare \\u0219i motoblocuri\"},\"previousItem\":{\"@type\":\"ListItem\",\"@id\":\"https:\\\/\\\/bunuri.md\\\/ro\\\/#listItem\",\"name\":\"Home\"}},{\"@type\":\"ListItem\",\"@id\":\"https:\\\/\\\/bunuri.md\\\/ro\\\/product-category\\\/piese-pentru-motoblocuri\\\/#listItem\",\"position\":3,\"name\":\"Piese de schimb pentru tractoare \\u0219i motoblocuri\",\"item\":\"https:\\\/\\\/bunuri.md\\\/ro\\\/product-category\\\/piese-pentru-motoblocuri\\\/\",\"nextItem\":{\"@type\":\"ListItem\",\"@id\":\"https:\\\/\\\/bunuri.md\\\/ro\\\/shop\\\/robinet-de-scurgere-lichid-de-racire-pentru-motor-r190-r195\\\/#listItem\",\"name\":\"Robinet de scurgere lichid de r\\u0103cire pentru motor R190\\\/R195\"},\"previousItem\":{\"@type\":\"ListItem\",\"@id\":\"https:\\\/\\\/bunuri.md\\\/ro\\\/shop-2\\\/#listItem\",\"name\":\"Magazin\"}},{\"@type\":\"ListItem\",\"@id\":\"https:\\\/\\\/bunuri.md\\\/ro\\\/shop\\\/robinet-de-scurgere-lichid-de-racire-pentru-motor-r190-r195\\\/#listItem\",\"position\":4,\"name\":\"Robinet de scurgere lichid de r\\u0103cire pentru motor R190\\\/R195\",\"previousItem\":{\"@type\":\"ListItem\",\"@id\":\"https:\\\/\\\/bunuri.md\\\/ro\\\/product-category\\\/piese-pentru-motoblocuri\\\/#listItem\",\"name\":\"Piese de schimb pentru tractoare \\u0219i motoblocuri\"}}]},{\"@type\":\"ItemPage\",\"@id\":\"https:\\\/\\\/bunuri.md\\\/ro\\\/shop\\\/robinet-de-scurgere-lichid-de-racire-pentru-motor-r190-r195\\\/#itempage\",\"url\":\"https:\\\/\\\/bunuri.md\\\/ro\\\/shop\\\/robinet-de-scurgere-lichid-de-racire-pentru-motor-r190-r195\\\/\",\"name\":\"Robinet de scurgere lichid de r\\u0103cire pentru motor R190\\\/R195\",\"description\":\"Simplifica procesul de \\u00eentre\\u021binere a sistemului de r\\u0103cire al unui motor diesel, f\\u0103c\\u00e2ndu-i convenabil, sigur \\u0219i eficient scurgerea lichidului din sistem.\",\"inLanguage\":\"ro-RO\",\"isPartOf\":{\"@id\":\"https:\\\/\\\/bunuri.md\\\/ro\\\/#website\"},\"breadcrumb\":{\"@id\":\"https:\\\/\\\/bunuri.md\\\/ro\\\/shop\\\/robinet-de-scurgere-lichid-de-racire-pentru-motor-r190-r195\\\/#breadcrumblist\"},\"image\":{\"@type\":\"ImageObject\",\"url\":\"https:\\\/\\\/bunuri.md\\\/wp-content\\\/uploads\\\/2025\\\/01\\\/Robinet_de_scurgere_R195.png\",\"@id\":\"https:\\\/\\\/bunuri.md\\\/ro\\\/shop\\\/robinet-de-scurgere-lichid-de-racire-pentru-motor-r190-r195\\\/#mainImage\",\"width\":501,\"height\":498,\"caption\":\"Robinet_de_scurgere_R195\"},\"primaryImageOfPage\":{\"@id\":\"https:\\\/\\\/bunuri.md\\\/ro\\\/shop\\\/robinet-de-scurgere-lichid-de-racire-pentru-motor-r190-r195\\\/#mainImage\"},\"datePublished\":\"2025-01-25T22:44:09+03:00\",\"dateModified\":\"2025-01-25T23:04:23+03:00\"},{\"@type\":\"Organization\",\"@id\":\"https:\\\/\\\/bunuri.md\\\/ro\\\/#organization\",\"name\":\"\\u00centreprinderea Individual\\u0103 \\\"Buldumac Aliona\\\"\",\"description\":\"\\u0418\\u041f \\u00ab\\u0411\\u0443\\u043b\\u0434\\u0443\\u043c\\u0430\\u043a \\u0410\\u043b\\u0435\\u043d\\u0430\\u00bb - \\u044d\\u0442\\u043e \\u043d\\u0430\\u0434\\u0451\\u0436\\u043d\\u044b\\u0439 \\u0438 \\u043e\\u0440\\u0438\\u0435\\u043d\\u0442\\u0438\\u0440\\u043e\\u0432\\u0430\\u043d\\u043d\\u044b\\u0439 \\u043d\\u0430 \\u043a\\u043b\\u0438\\u0435\\u043d\\u0442\\u0430 \\u0431\\u0438\\u0437\\u043d\\u0435\\u0441, \\u043f\\u0440\\u0435\\u0434\\u043b\\u0430\\u0433\\u0430\\u044e\\u0449\\u0438\\u0439 \\u043a\\u0430\\u0447\\u0435\\u0441\\u0442\\u0432\\u0435\\u043d\\u043d\\u044b\\u0435 \\u0442\\u043e\\u0432\\u0430\\u0440\\u044b, \\u0443\\u0441\\u043b\\u0443\\u0433\\u0438 \\u0441 \\u0430\\u043a\\u0446\\u0435\\u043d\\u0442\\u043e\\u043c \\u043d\\u0430 \\u043f\\u0440\\u0430\\u043a\\u0442\\u0438\\u0447\\u043d\\u043e\\u0441\\u0442\\u044c \\u0438 \\u0447\\u0435\\u0441\\u0442\\u043d\\u044b\\u0439 \\u043f\\u043e\\u0434\\u0445\\u043e\\u0434.\",\"url\":\"https:\\\/\\\/bunuri.md\\\/ro\\\/\",\"email\":\"bunuri.md@gmail.com\",\"telephone\":\"+37379512557\",\"foundingDate\":\"2006-09-27\",\"numberOfEmployees\":{\"@type\":\"QuantitativeValue\",\"minValue\":0,\"maxValue\":4},\"logo\":{\"@type\":\"ImageObject\",\"url\":\"https:\\\/\\\/bunuri.md\\\/wp-content\\\/uploads\\\/2022\\\/08\\\/logo-bunuri.png\",\"@id\":\"https:\\\/\\\/bunuri.md\\\/ro\\\/shop\\\/robinet-de-scurgere-lichid-de-racire-pentru-motor-r190-r195\\\/#organizationLogo\",\"width\":250,\"height\":250},\"image\":{\"@id\":\"https:\\\/\\\/bunuri.md\\\/ro\\\/shop\\\/robinet-de-scurgere-lichid-de-racire-pentru-motor-r190-r195\\\/#organizationLogo\"},\"sameAs\":[\"https:\\\/\\\/facebook.com\\\/https:\\\/\\\/www.facebook.com\\\/bunurimag\",\"https:\\\/\\\/x.com\\\/https:\\\/\\\/www.facebook.com\\\/bunurimag\",\"https:\\\/\\\/instagram.com\\\/https:\\\/\\\/www.facebook.com\\\/bunurimag\",\"https:\\\/\\\/pinterest.com\\\/https:\\\/\\\/www.facebook.com\\\/bunurimag\",\"https:\\\/\\\/youtube.com\\\/https:\\\/\\\/www.facebook.com\\\/bunurimag\",\"https:\\\/\\\/linkedin.com\\\/in\\\/https:\\\/\\\/www.facebook.com\\\/bunurimag\",\"https:\\\/\\\/soundcloud.com\\\/https:\\\/\\\/www.facebook.com\\\/bunurimag\"],\"address\":{\"@id\":\"https:\\\/\\\/bunuri.md\\\/ro\\\/#postaladdress\",\"@type\":\"PostalAddress\",\"streetAddress\":\"\\u0420. \\u041c\\u043e\\u043b\\u0434\\u043e\\u0432\\u0430, \\u0433. \\u0425\\u044b\\u043d\\u0447\\u0435\\u0448\\u0442\\u044b\",\"postalCode\":\"3401\",\"addressLocality\":\"\\u0425\\u044b\\u043d\\u0447\\u0435\\u0448\\u0442\\u044b\",\"addressRegion\":\"Moldova\",\"addressCountry\":\"MD\"}},{\"@type\":\"WebPage\",\"@id\":\"https:\\\/\\\/bunuri.md\\\/ro\\\/shop\\\/robinet-de-scurgere-lichid-de-racire-pentru-motor-r190-r195\\\/#webpage\",\"url\":\"https:\\\/\\\/bunuri.md\\\/ro\\\/shop\\\/robinet-de-scurgere-lichid-de-racire-pentru-motor-r190-r195\\\/\",\"name\":\"Robinet de scurgere lichid de r\\u0103cire pentru motor R190\\\/R195\",\"description\":\"Simplifica procesul de \\u00eentre\\u021binere a sistemului de r\\u0103cire al unui motor diesel, f\\u0103c\\u00e2ndu-i convenabil, sigur \\u0219i eficient scurgerea lichidului din sistem.\",\"inLanguage\":\"ro-RO\",\"isPartOf\":{\"@id\":\"https:\\\/\\\/bunuri.md\\\/ro\\\/#website\"},\"breadcrumb\":{\"@id\":\"https:\\\/\\\/bunuri.md\\\/ro\\\/shop\\\/robinet-de-scurgere-lichid-de-racire-pentru-motor-r190-r195\\\/#breadcrumblist\"},\"image\":{\"@type\":\"ImageObject\",\"url\":\"https:\\\/\\\/bunuri.md\\\/wp-content\\\/uploads\\\/2025\\\/01\\\/Robinet_de_scurgere_R195.png\",\"@id\":\"https:\\\/\\\/bunuri.md\\\/ro\\\/shop\\\/robinet-de-scurgere-lichid-de-racire-pentru-motor-r190-r195\\\/#mainImage\",\"width\":501,\"height\":498,\"caption\":\"Robinet_de_scurgere_R195\"},\"primaryImageOfPage\":{\"@id\":\"https:\\\/\\\/bunuri.md\\\/ro\\\/shop\\\/robinet-de-scurgere-lichid-de-racire-pentru-motor-r190-r195\\\/#mainImage\"},\"datePublished\":\"2025-01-25T22:44:09+03:00\",\"dateModified\":\"2025-01-25T23:04:23+03:00\"},{\"@type\":\"WebSite\",\"@id\":\"https:\\\/\\\/bunuri.md\\\/ro\\\/#website\",\"url\":\"https:\\\/\\\/bunuri.md\\\/ro\\\/\",\"name\":\"www.bunuri.md\",\"alternateName\":\"bunuri.md\",\"description\":\"Bunuri.md este un magazin online care livreaz\\u0103 \\u0219i comercializeaz\\u0103 o gam\\u0103 larg\\u0103 de m\\u0103rfuri de diverse categorii pe \\u00eentreg teritoriul Republicii Moldova.\",\"inLanguage\":\"ro-RO\",\"publisher\":{\"@id\":\"https:\\\/\\\/bunuri.md\\\/ro\\\/#organization\"}}]}\n\t\t<\/script>\n\t\t<!-- All in One SEO Pro -->\r\n\t\t<title>Robinet de scurgere lichid de r\u0103cire pentru motor R190\/R195<\/title>\n\n","aioseo_head_json":{"title":"Robinet de scurgere lichid de r\u0103cire pentru motor R190\/R195","description":"Simplifica procesul de \u00eentre\u021binere a sistemului de r\u0103cire al unui motor diesel, f\u0103c\u00e2ndu-i convenabil, sigur \u0219i eficient scurgerea lichidului din sistem.","canonical_url":"https:\/\/bunuri.md\/ro\/shop\/robinet-de-scurgere-lichid-de-racire-pentru-motor-r190-r195\/","robots":"max-image-preview:large","keywords":"","webmasterTools":{"miscellaneous":""},"schema":{"@context":"https:\/\/schema.org","@graph":[{"@type":"BreadcrumbList","@id":"https:\/\/bunuri.md\/ro\/shop\/robinet-de-scurgere-lichid-de-racire-pentru-motor-r190-r195\/#breadcrumblist","itemListElement":[{"@type":"ListItem","@id":"https:\/\/bunuri.md\/ro\/#listItem","position":1,"name":"Home","item":"https:\/\/bunuri.md\/ro\/","nextItem":{"@type":"ListItem","@id":"https:\/\/bunuri.md\/ro\/shop-2\/#listItem","name":"Magazin"}},{"@type":"ListItem","@id":"https:\/\/bunuri.md\/ro\/shop-2\/#listItem","position":2,"name":"Magazin","item":"https:\/\/bunuri.md\/ro\/shop-2\/","nextItem":{"@type":"ListItem","@id":"https:\/\/bunuri.md\/ro\/product-category\/piese-pentru-motoblocuri\/#listItem","name":"Piese de schimb pentru tractoare \u0219i motoblocuri"},"previousItem":{"@type":"ListItem","@id":"https:\/\/bunuri.md\/ro\/#listItem","name":"Home"}},{"@type":"ListItem","@id":"https:\/\/bunuri.md\/ro\/product-category\/piese-pentru-motoblocuri\/#listItem","position":3,"name":"Piese de schimb pentru tractoare \u0219i motoblocuri","item":"https:\/\/bunuri.md\/ro\/product-category\/piese-pentru-motoblocuri\/","nextItem":{"@type":"ListItem","@id":"https:\/\/bunuri.md\/ro\/shop\/robinet-de-scurgere-lichid-de-racire-pentru-motor-r190-r195\/#listItem","name":"Robinet de scurgere lichid de r\u0103cire pentru motor R190\/R195"},"previousItem":{"@type":"ListItem","@id":"https:\/\/bunuri.md\/ro\/shop-2\/#listItem","name":"Magazin"}},{"@type":"ListItem","@id":"https:\/\/bunuri.md\/ro\/shop\/robinet-de-scurgere-lichid-de-racire-pentru-motor-r190-r195\/#listItem","position":4,"name":"Robinet de scurgere lichid de r\u0103cire pentru motor R190\/R195","previousItem":{"@type":"ListItem","@id":"https:\/\/bunuri.md\/ro\/product-category\/piese-pentru-motoblocuri\/#listItem","name":"Piese de schimb pentru tractoare \u0219i motoblocuri"}}]},{"@type":"ItemPage","@id":"https:\/\/bunuri.md\/ro\/shop\/robinet-de-scurgere-lichid-de-racire-pentru-motor-r190-r195\/#itempage","url":"https:\/\/bunuri.md\/ro\/shop\/robinet-de-scurgere-lichid-de-racire-pentru-motor-r190-r195\/","name":"Robinet de scurgere lichid de r\u0103cire pentru motor R190\/R195","description":"Simplifica procesul de \u00eentre\u021binere a sistemului de r\u0103cire al unui motor diesel, f\u0103c\u00e2ndu-i convenabil, sigur \u0219i eficient scurgerea lichidului din sistem.","inLanguage":"ro-RO","isPartOf":{"@id":"https:\/\/bunuri.md\/ro\/#website"},"breadcrumb":{"@id":"https:\/\/bunuri.md\/ro\/shop\/robinet-de-scurgere-lichid-de-racire-pentru-motor-r190-r195\/#breadcrumblist"},"image":{"@type":"ImageObject","url":"https:\/\/bunuri.md\/wp-content\/uploads\/2025\/01\/Robinet_de_scurgere_R195.png","@id":"https:\/\/bunuri.md\/ro\/shop\/robinet-de-scurgere-lichid-de-racire-pentru-motor-r190-r195\/#mainImage","width":501,"height":498,"caption":"Robinet_de_scurgere_R195"},"primaryImageOfPage":{"@id":"https:\/\/bunuri.md\/ro\/shop\/robinet-de-scurgere-lichid-de-racire-pentru-motor-r190-r195\/#mainImage"},"datePublished":"2025-01-25T22:44:09+03:00","dateModified":"2025-01-25T23:04:23+03:00"},{"@type":"Organization","@id":"https:\/\/bunuri.md\/ro\/#organization","name":"\u00centreprinderea Individual\u0103 \"Buldumac Aliona\"","description":"\u0418\u041f \u00ab\u0411\u0443\u043b\u0434\u0443\u043c\u0430\u043a \u0410\u043b\u0435\u043d\u0430\u00bb - \u044d\u0442\u043e \u043d\u0430\u0434\u0451\u0436\u043d\u044b\u0439 \u0438 \u043e\u0440\u0438\u0435\u043d\u0442\u0438\u0440\u043e\u0432\u0430\u043d\u043d\u044b\u0439 \u043d\u0430 \u043a\u043b\u0438\u0435\u043d\u0442\u0430 \u0431\u0438\u0437\u043d\u0435\u0441, \u043f\u0440\u0435\u0434\u043b\u0430\u0433\u0430\u044e\u0449\u0438\u0439 \u043a\u0430\u0447\u0435\u0441\u0442\u0432\u0435\u043d\u043d\u044b\u0435 \u0442\u043e\u0432\u0430\u0440\u044b, \u0443\u0441\u043b\u0443\u0433\u0438 \u0441 \u0430\u043a\u0446\u0435\u043d\u0442\u043e\u043c \u043d\u0430 \u043f\u0440\u0430\u043a\u0442\u0438\u0447\u043d\u043e\u0441\u0442\u044c \u0438 \u0447\u0435\u0441\u0442\u043d\u044b\u0439 \u043f\u043e\u0434\u0445\u043e\u0434.","url":"https:\/\/bunuri.md\/ro\/","email":"bunuri.md@gmail.com","telephone":"+37379512557","foundingDate":"2006-09-27","numberOfEmployees":{"@type":"QuantitativeValue","minValue":0,"maxValue":4},"logo":{"@type":"ImageObject","url":"https:\/\/bunuri.md\/wp-content\/uploads\/2022\/08\/logo-bunuri.png","@id":"https:\/\/bunuri.md\/ro\/shop\/robinet-de-scurgere-lichid-de-racire-pentru-motor-r190-r195\/#organizationLogo","width":250,"height":250},"image":{"@id":"https:\/\/bunuri.md\/ro\/shop\/robinet-de-scurgere-lichid-de-racire-pentru-motor-r190-r195\/#organizationLogo"},"sameAs":["https:\/\/facebook.com\/https:\/\/www.facebook.com\/bunurimag","https:\/\/x.com\/https:\/\/www.facebook.com\/bunurimag","https:\/\/instagram.com\/https:\/\/www.facebook.com\/bunurimag","https:\/\/pinterest.com\/https:\/\/www.facebook.com\/bunurimag","https:\/\/youtube.com\/https:\/\/www.facebook.com\/bunurimag","https:\/\/linkedin.com\/in\/https:\/\/www.facebook.com\/bunurimag","https:\/\/soundcloud.com\/https:\/\/www.facebook.com\/bunurimag"],"address":{"@id":"https:\/\/bunuri.md\/ro\/#postaladdress","@type":"PostalAddress","streetAddress":"\u0420. \u041c\u043e\u043b\u0434\u043e\u0432\u0430, \u0433. \u0425\u044b\u043d\u0447\u0435\u0448\u0442\u044b","postalCode":"3401","addressLocality":"\u0425\u044b\u043d\u0447\u0435\u0448\u0442\u044b","addressRegion":"Moldova","addressCountry":"MD"}},{"@type":"WebPage","@id":"https:\/\/bunuri.md\/ro\/shop\/robinet-de-scurgere-lichid-de-racire-pentru-motor-r190-r195\/#webpage","url":"https:\/\/bunuri.md\/ro\/shop\/robinet-de-scurgere-lichid-de-racire-pentru-motor-r190-r195\/","name":"Robinet de scurgere lichid de r\u0103cire pentru motor R190\/R195","description":"Simplifica procesul de \u00eentre\u021binere a sistemului de r\u0103cire al unui motor diesel, f\u0103c\u00e2ndu-i convenabil, sigur \u0219i eficient scurgerea lichidului din sistem.","inLanguage":"ro-RO","isPartOf":{"@id":"https:\/\/bunuri.md\/ro\/#website"},"breadcrumb":{"@id":"https:\/\/bunuri.md\/ro\/shop\/robinet-de-scurgere-lichid-de-racire-pentru-motor-r190-r195\/#breadcrumblist"},"image":{"@type":"ImageObject","url":"https:\/\/bunuri.md\/wp-content\/uploads\/2025\/01\/Robinet_de_scurgere_R195.png","@id":"https:\/\/bunuri.md\/ro\/shop\/robinet-de-scurgere-lichid-de-racire-pentru-motor-r190-r195\/#mainImage","width":501,"height":498,"caption":"Robinet_de_scurgere_R195"},"primaryImageOfPage":{"@id":"https:\/\/bunuri.md\/ro\/shop\/robinet-de-scurgere-lichid-de-racire-pentru-motor-r190-r195\/#mainImage"},"datePublished":"2025-01-25T22:44:09+03:00","dateModified":"2025-01-25T23:04:23+03:00"},{"@type":"WebSite","@id":"https:\/\/bunuri.md\/ro\/#website","url":"https:\/\/bunuri.md\/ro\/","name":"www.bunuri.md","alternateName":"bunuri.md","description":"Bunuri.md este un magazin online care livreaz\u0103 \u0219i comercializeaz\u0103 o gam\u0103 larg\u0103 de m\u0103rfuri de diverse categorii pe \u00eentreg teritoriul Republicii Moldova.","inLanguage":"ro-RO","publisher":{"@id":"https:\/\/bunuri.md\/ro\/#organization"}}]},"og:locale":"ro_RO","og:site_name":"\u0418\u043d\u0442\u0435\u0440\u043d\u0435\u0442 \u043c\u0430\u0433\u0430\u0437\u0438\u043d \u041c\u043e\u043b\u0434\u043e\u0432\u0430 | Bunuri.md este un magazin online care livreaz\u0103 \u0219i comercializeaz\u0103 o gam\u0103 larg\u0103 de m\u0103rfuri de diverse categorii pe \u00eentreg teritoriul Republicii Moldova.","og:type":"article","og:title":"Robinet de scurgere lichid de r\u0103cire pentru motor R190\/R195","og:description":"Simplifica procesul de \u00eentre\u021binere a sistemului de r\u0103cire al unui motor diesel, f\u0103c\u00e2ndu-i convenabil, sigur \u0219i eficient scurgerea lichidului din sistem.","og:url":"https:\/\/bunuri.md\/ro\/shop\/robinet-de-scurgere-lichid-de-racire-pentru-motor-r190-r195\/","og:image":"https:\/\/bunuri.md\/wp-content\/uploads\/2022\/10\/logobu.png","og:image:secure_url":"https:\/\/bunuri.md\/wp-content\/uploads\/2022\/10\/logobu.png","og:image:width":200,"og:image:height":200,"article:published_time":"2025-01-25T19:54:01+00:00","article:modified_time":"2025-01-25T20:04:23+00:00","article:publisher":"https:\/\/facebook.com\/https:\/\/www.facebook.com\/bunurimag","twitter:card":"summary","twitter:site":"@https:","twitter:title":"Robinet de scurgere lichid de r\u0103cire pentru motor R190\/R195","twitter:description":"Simplifica procesul de \u00eentre\u021binere a sistemului de r\u0103cire al unui motor diesel, f\u0103c\u00e2ndu-i convenabil, sigur \u0219i eficient scurgerea lichidului din sistem.","twitter:image":"https:\/\/bunuri.md\/wp-content\/uploads\/2022\/10\/logobu.png"},"aioseo_meta_data":{"post_id":"10030","title":"Robinet de scurgere lichid de r\u0103cire pentru motor R190\/R195","description":"Simplifica procesul de \u00eentre\u021binere a sistemului de r\u0103cire al unui motor diesel, f\u0103c\u00e2ndu-i convenabil, sigur \u0219i eficient scurgerea lichidului din sistem.","keywords":null,"keyphrases":{"focus":{"keyphrase":"","score":0,"analysis":{"keyphraseInTitle":{"score":0,"maxScore":9,"error":1}}},"additional":[]},"primary_term":null,"canonical_url":null,"og_title":null,"og_description":null,"og_object_type":"default","og_image_type":"default","og_image_url":null,"og_image_width":null,"og_image_height":null,"og_image_custom_url":null,"og_image_custom_fields":null,"og_video":"","og_custom_url":null,"og_article_section":null,"og_article_tags":null,"twitter_use_og":false,"twitter_card":"default","twitter_image_type":"default","twitter_image_url":null,"twitter_image_custom_url":null,"twitter_image_custom_fields":null,"twitter_title":null,"twitter_description":null,"schema":{"blockGraphs":[],"customGraphs":[],"default":{"data":{"Article":[],"Course":[],"Dataset":[],"FAQPage":[],"Movie":[],"Person":[],"Product":[],"ProductReview":[],"Car":[],"Recipe":[],"Service":[],"SoftwareApplication":[],"WebPage":[]},"graphName":"ItemPage","isEnabled":true},"graphs":[]},"schema_type":"default","schema_type_options":null,"pillar_content":false,"robots_default":true,"robots_noindex":false,"robots_noarchive":false,"robots_nosnippet":false,"robots_nofollow":false,"robots_noimageindex":false,"robots_noodp":false,"robots_notranslate":false,"robots_max_snippet":"-1","robots_max_videopreview":"-1","robots_max_imagepreview":"large","priority":null,"frequency":"default","local_seo":null,"seo_analyzer_scan_date":null,"breadcrumb_settings":null,"limit_modified_date":false,"reviewed_by":null,"open_ai":"{\"title\":{\"suggestions\":[],\"usage\":0},\"description\":{\"suggestions\":[],\"usage\":0}}","ai":null,"created":"2025-01-25 19:49:21","updated":"2025-05-30 05:47:17"},"aioseo_breadcrumb":"<div class=\"aioseo-breadcrumbs\"><span class=\"aioseo-breadcrumb\">\n\t<a href=\"https:\/\/bunuri.md\/ro\/\" title=\"Home\">Home<\/a>\n<\/span><span class=\"aioseo-breadcrumb-separator\">\u00bb<\/span><span class=\"aioseo-breadcrumb\">\n\t<a href=\"https:\/\/bunuri.md\/ro\/shop-2\/\" title=\"Magazin\">Magazin<\/a>\n<\/span><span class=\"aioseo-breadcrumb-separator\">\u00bb<\/span><span class=\"aioseo-breadcrumb\">\n\t<a href=\"https:\/\/bunuri.md\/ro\/product-category\/piese-pentru-motoblocuri\/\" title=\"Piese de schimb pentru tractoare \u0219i motoblocuri\">Piese de schimb pentru tractoare \u0219i motoblocuri<\/a>\n<\/span><span class=\"aioseo-breadcrumb-separator\">\u00bb<\/span><span class=\"aioseo-breadcrumb\">\n\tRobinet de scurgere lichid de r\u0103cire pentru motor R190\/R195\n<\/span><\/div>","aioseo_breadcrumb_json":[{"label":"Home","link":"https:\/\/bunuri.md\/ro\/"},{"label":"Magazin","link":"https:\/\/bunuri.md\/ro\/shop-2\/"},{"label":"Piese de schimb pentru tractoare \u0219i motoblocuri","link":"https:\/\/bunuri.md\/ro\/product-category\/piese-pentru-motoblocuri\/"},{"label":"Robinet de scurgere lichid de r\u0103cire pentru motor R190\/R195","link":"https:\/\/bunuri.md\/ro\/shop\/robinet-de-scurgere-lichid-de-racire-pentru-motor-r190-r195\/"}],"brands":[],"_links":{"self":[{"href":"https:\/\/bunuri.md\/ro\/wp-json\/wp\/v2\/product\/10030","targetHints":{"allow":["GET"]}}],"collection":[{"href":"https:\/\/bunuri.md\/ro\/wp-json\/wp\/v2\/product"}],"about":[{"href":"https:\/\/bunuri.md\/ro\/wp-json\/wp\/v2\/types\/product"}],"replies":[{"embeddable":true,"href":"https:\/\/bunuri.md\/ro\/wp-json\/wp\/v2\/comments?post=10030"}],"wp:featuredmedia":[{"embeddable":true,"href":"https:\/\/bunuri.md\/ro\/wp-json\/wp\/v2\/media\/10029"}],"wp:attachment":[{"href":"https:\/\/bunuri.md\/ro\/wp-json\/wp\/v2\/media?parent=10030"}],"wp:term":[{"taxonomy":"pwb-brand","embeddable":true,"href":"https:\/\/bunuri.md\/ro\/wp-json\/wp\/v2\/pwb-brand?post=10030"},{"taxonomy":"product_brand","embeddable":true,"href":"https:\/\/bunuri.md\/ro\/wp-json\/wp\/v2\/product_brand?post=10030"},{"taxonomy":"product_cat","embeddable":true,"href":"https:\/\/bunuri.md\/ro\/wp-json\/wp\/v2\/product_cat?post=10030"},{"taxonomy":"product_tag","embeddable":true,"href":"https:\/\/bunuri.md\/ro\/wp-json\/wp\/v2\/product_tag?post=10030"}],"curies":[{"name":"wp","href":"https:\/\/api.w.org\/{rel}","templated":true}]}}