{"id":10310,"date":"2025-03-13T20:39:39","date_gmt":"2025-03-13T17:39:39","guid":{"rendered":"https:\/\/bunuri.md\/?post_type=product&#038;p=10310"},"modified":"2025-03-13T21:44:08","modified_gmt":"2025-03-13T18:44:08","slug":"demaror-electric-impreuna-cu-angrenaj-10-15-c-p-z-12","status":"publish","type":"product","link":"https:\/\/bunuri.md\/ro\/shop\/demaror-electric-impreuna-cu-angrenaj-10-15-c-p-z-12\/","title":{"rendered":"Demaror electric impreuna cu angrenaj, 10-15 c. p., Z-12."},"content":{"rendered":"<p><strong>Un demaror electric cu angrenaj planetar pentru un motor la motobloc, mini tractor<\/strong>&#8211;<a href=\"https:\/\/bunuri.md\/ro\/product-category\/motoare\/\"> este un dispozitiv care faciliteaz\u0103 pornirea motorului, reduc\u00e2nd sarcina bateriei \u0219i m\u0103rind durata de via\u021b\u0103 a demarorului. Acest demaror este de obicei folosit la motoarele diesel 190F\/195F\/1100F, \u00een special cele cu raport de compresie ridicat.<\/a> Dac\u0103 demarorul nu func\u021bioneaz\u0103, poate cauza probleme la pornirea motorului sau poate \u00eempiedica deloc pornirea acestuia. Ignorarea problemelor la demaror poate duce la probleme permanente la pornirea motorului.<\/p>\n<p><strong>Avantajele unui demaror cu angrenaj planetar:<\/strong><\/p>\n<ol>\n<li><strong>Cuplu crescut:<\/strong> cutia de viteze transmite mai mult\u0103 putere volantului motorului, facilit\u00e2nd pornirea.<\/li>\n<li><strong>Consum de curent mai mic:<\/strong> datorit\u0103 cutiei de viteze, demarorul func\u021bioneaz\u0103 \u00eentr-un mod mai bl\u00e2nd.<\/li>\n<li><strong>Compacte \u0219i u\u0219oare:<\/strong> Aceste startere sunt de obicei mai mici \u0219i mai u\u0219oare dec\u00e2t cele tradi\u021bionale.<\/li>\n<li><strong>Durabilitate:<\/strong> stresul redus asupra componentelor cre\u0219te durata de via\u021b\u0103 a dispozitivului.<\/li>\n<\/ol>\n<p><strong>Specificatii tehnice:<\/strong><\/p>\n<ul>\n<li><strong>Tensiune de lucru:<\/strong> 12 V.<\/li>\n<li><strong>Putere:<\/strong> 8,2 kW.<\/li>\n<li><strong>Num\u0103r din\u021bi bendix:<\/strong> 12 buc.<\/li>\n<li><strong>Diametru de montare \u00een suport:<\/strong> 82 mm.<\/li>\n<li><strong>Dou\u0103 g\u0103uri de montare, diametru:<\/strong> 13,5 mm.<\/li>\n<li><strong>Distan\u021ba dintre centrele orificiilor de montare:<\/strong> 120 mm.<\/li>\n<li><strong>Diametrul Bendix la v\u00e2rfurile din\u021bilor:<\/strong> 42 mm.<\/li>\n<li><strong>Greutate:<\/strong> 7450 g.<\/li>\n<\/ul>\n","protected":false},"excerpt":{"rendered":"<p>Destinat s\u0103 roteasc\u0103 arborele cotit la viteza necesar\u0103 pentru pornirea motorului prin intermediul unei cutii de viteze, ambreiaj \u0219i dispozitiv de decuplare.<\/p>\n","protected":false},"featured_media":10311,"comment_status":"closed","ping_status":"closed","template":"","meta":{"om_disable_all_campaigns":false,"_monsterinsights_skip_tracking":false,"_monsterinsights_sitenote_active":false,"_monsterinsights_sitenote_note":"","_monsterinsights_sitenote_category":0},"product_brand":[],"product_cat":[384],"product_tag":[],"class_list":{"0":"post-10310","1":"product","2":"type-product","3":"status-publish","4":"has-post-thumbnail","6":"product_cat-piese-pentru-motoblocuri","8":"first","9":"instock","10":"purchasable","11":"product-type-simple"},"aioseo_notices":[],"aioseo_head":"\n\t\t<!-- All in One SEO Pro 4.9.5.2 - aioseo.com -->\n\t<meta name=\"description\" content=\"Destinat s\u0103 roteasc\u0103 arborele cotit la viteza necesar\u0103 pentru pornirea motorului prin intermediul unei cutii de viteze, ambreiaj \u0219i dispozitiv de decuplare.\" \/>\n\t<meta name=\"robots\" content=\"max-image-preview:large\" \/>\n\t<link rel=\"canonical\" href=\"https:\/\/bunuri.md\/ro\/shop\/demaror-electric-impreuna-cu-angrenaj-10-15-c-p-z-12\/\" \/>\n\t<meta name=\"generator\" content=\"All in One SEO Pro (AIOSEO) 4.9.5.2\" \/>\n\t\t<meta property=\"og:locale\" content=\"ro_RO\" \/>\n\t\t<meta property=\"og:site_name\" content=\"\u0418\u043d\u0442\u0435\u0440\u043d\u0435\u0442 \u043c\u0430\u0433\u0430\u0437\u0438\u043d \u041c\u043e\u043b\u0434\u043e\u0432\u0430 | Bunuri.md este un magazin online care livreaz\u0103 \u0219i comercializeaz\u0103 o gam\u0103 larg\u0103 de m\u0103rfuri de diverse categorii pe \u00eentreg teritoriul Republicii Moldova.\" \/>\n\t\t<meta property=\"og:type\" content=\"article\" \/>\n\t\t<meta property=\"og:title\" content=\"Demaror electric impreuna cu angrenaj, 10-15 c. p., Z-12.\" \/>\n\t\t<meta property=\"og:description\" content=\"Destinat s\u0103 roteasc\u0103 arborele cotit la viteza necesar\u0103 pentru pornirea motorului prin intermediul unei cutii de viteze, ambreiaj \u0219i dispozitiv de decuplare.\" \/>\n\t\t<meta property=\"og:url\" content=\"https:\/\/bunuri.md\/ro\/shop\/demaror-electric-impreuna-cu-angrenaj-10-15-c-p-z-12\/\" \/>\n\t\t<meta property=\"og:image\" content=\"https:\/\/bunuri.md\/wp-content\/uploads\/2022\/10\/logobu.png\" \/>\n\t\t<meta property=\"og:image:secure_url\" content=\"https:\/\/bunuri.md\/wp-content\/uploads\/2022\/10\/logobu.png\" \/>\n\t\t<meta property=\"og:image:width\" content=\"200\" \/>\n\t\t<meta property=\"og:image:height\" content=\"200\" \/>\n\t\t<meta property=\"article:published_time\" content=\"2025-03-13T17:39:39+00:00\" \/>\n\t\t<meta property=\"article:modified_time\" content=\"2025-03-13T18:44:08+00:00\" \/>\n\t\t<meta property=\"article:publisher\" content=\"https:\/\/facebook.com\/https:\/\/www.facebook.com\/bunurimag\" \/>\n\t\t<meta name=\"twitter:card\" content=\"summary\" \/>\n\t\t<meta name=\"twitter:site\" content=\"@https:\" \/>\n\t\t<meta name=\"twitter:title\" content=\"Demaror electric impreuna cu angrenaj, 10-15 c. p., Z-12.\" \/>\n\t\t<meta name=\"twitter:description\" content=\"Destinat s\u0103 roteasc\u0103 arborele cotit la viteza necesar\u0103 pentru pornirea motorului prin intermediul unei cutii de viteze, ambreiaj \u0219i dispozitiv de decuplare.\" \/>\n\t\t<meta name=\"twitter:image\" content=\"https:\/\/bunuri.md\/wp-content\/uploads\/2022\/10\/logobu.png\" \/>\n\t\t<script type=\"application\/ld+json\" class=\"aioseo-schema\">\n\t\t\t{\"@context\":\"https:\\\/\\\/schema.org\",\"@graph\":[{\"@type\":\"BreadcrumbList\",\"@id\":\"https:\\\/\\\/bunuri.md\\\/ro\\\/shop\\\/demaror-electric-impreuna-cu-angrenaj-10-15-c-p-z-12\\\/#breadcrumblist\",\"itemListElement\":[{\"@type\":\"ListItem\",\"@id\":\"https:\\\/\\\/bunuri.md\\\/ro\\\/#listItem\",\"position\":1,\"name\":\"Home\",\"item\":\"https:\\\/\\\/bunuri.md\\\/ro\\\/\",\"nextItem\":{\"@type\":\"ListItem\",\"@id\":\"https:\\\/\\\/bunuri.md\\\/ro\\\/shop-2\\\/#listItem\",\"name\":\"Magazin\"}},{\"@type\":\"ListItem\",\"@id\":\"https:\\\/\\\/bunuri.md\\\/ro\\\/shop-2\\\/#listItem\",\"position\":2,\"name\":\"Magazin\",\"item\":\"https:\\\/\\\/bunuri.md\\\/ro\\\/shop-2\\\/\",\"nextItem\":{\"@type\":\"ListItem\",\"@id\":\"https:\\\/\\\/bunuri.md\\\/ro\\\/product-category\\\/piese-pentru-motoblocuri\\\/#listItem\",\"name\":\"Piese de schimb pentru tractoare \\u0219i motoblocuri\"},\"previousItem\":{\"@type\":\"ListItem\",\"@id\":\"https:\\\/\\\/bunuri.md\\\/ro\\\/#listItem\",\"name\":\"Home\"}},{\"@type\":\"ListItem\",\"@id\":\"https:\\\/\\\/bunuri.md\\\/ro\\\/product-category\\\/piese-pentru-motoblocuri\\\/#listItem\",\"position\":3,\"name\":\"Piese de schimb pentru tractoare \\u0219i motoblocuri\",\"item\":\"https:\\\/\\\/bunuri.md\\\/ro\\\/product-category\\\/piese-pentru-motoblocuri\\\/\",\"nextItem\":{\"@type\":\"ListItem\",\"@id\":\"https:\\\/\\\/bunuri.md\\\/ro\\\/shop\\\/demaror-electric-impreuna-cu-angrenaj-10-15-c-p-z-12\\\/#listItem\",\"name\":\"Demaror electric impreuna cu angrenaj, 10-15 c. p., Z-12.\"},\"previousItem\":{\"@type\":\"ListItem\",\"@id\":\"https:\\\/\\\/bunuri.md\\\/ro\\\/shop-2\\\/#listItem\",\"name\":\"Magazin\"}},{\"@type\":\"ListItem\",\"@id\":\"https:\\\/\\\/bunuri.md\\\/ro\\\/shop\\\/demaror-electric-impreuna-cu-angrenaj-10-15-c-p-z-12\\\/#listItem\",\"position\":4,\"name\":\"Demaror electric impreuna cu angrenaj, 10-15 c. p., Z-12.\",\"previousItem\":{\"@type\":\"ListItem\",\"@id\":\"https:\\\/\\\/bunuri.md\\\/ro\\\/product-category\\\/piese-pentru-motoblocuri\\\/#listItem\",\"name\":\"Piese de schimb pentru tractoare \\u0219i motoblocuri\"}}]},{\"@type\":\"ItemPage\",\"@id\":\"https:\\\/\\\/bunuri.md\\\/ro\\\/shop\\\/demaror-electric-impreuna-cu-angrenaj-10-15-c-p-z-12\\\/#itempage\",\"url\":\"https:\\\/\\\/bunuri.md\\\/ro\\\/shop\\\/demaror-electric-impreuna-cu-angrenaj-10-15-c-p-z-12\\\/\",\"name\":\"Demaror electric impreuna cu angrenaj, 10-15 c. p., Z-12.\",\"description\":\"Destinat s\\u0103 roteasc\\u0103 arborele cotit la viteza necesar\\u0103 pentru pornirea motorului prin intermediul unei cutii de viteze, ambreiaj \\u0219i dispozitiv de decuplare.\",\"inLanguage\":\"ro-RO\",\"isPartOf\":{\"@id\":\"https:\\\/\\\/bunuri.md\\\/ro\\\/#website\"},\"breadcrumb\":{\"@id\":\"https:\\\/\\\/bunuri.md\\\/ro\\\/shop\\\/demaror-electric-impreuna-cu-angrenaj-10-15-c-p-z-12\\\/#breadcrumblist\"},\"image\":{\"@type\":\"ImageObject\",\"url\":\"https:\\\/\\\/bunuri.md\\\/wp-content\\\/uploads\\\/2025\\\/03\\\/Demarou_electric_reductor_190_1100_c_p_1.jpg\",\"@id\":\"https:\\\/\\\/bunuri.md\\\/ro\\\/shop\\\/demaror-electric-impreuna-cu-angrenaj-10-15-c-p-z-12\\\/#mainImage\",\"width\":498,\"height\":501,\"caption\":\"Demarou_electric_reductor_190_1100_c_p_1\"},\"primaryImageOfPage\":{\"@id\":\"https:\\\/\\\/bunuri.md\\\/ro\\\/shop\\\/demaror-electric-impreuna-cu-angrenaj-10-15-c-p-z-12\\\/#mainImage\"},\"datePublished\":\"2025-03-13T20:39:39+03:00\",\"dateModified\":\"2025-03-13T21:44:08+03:00\"},{\"@type\":\"Organization\",\"@id\":\"https:\\\/\\\/bunuri.md\\\/ro\\\/#organization\",\"name\":\"\\u00centreprinderea Individual\\u0103 \\\"Buldumac Aliona\\\"\",\"description\":\"\\u0418\\u041f \\u00ab\\u0411\\u0443\\u043b\\u0434\\u0443\\u043c\\u0430\\u043a \\u0410\\u043b\\u0435\\u043d\\u0430\\u00bb - \\u044d\\u0442\\u043e \\u043d\\u0430\\u0434\\u0451\\u0436\\u043d\\u044b\\u0439 \\u0438 \\u043e\\u0440\\u0438\\u0435\\u043d\\u0442\\u0438\\u0440\\u043e\\u0432\\u0430\\u043d\\u043d\\u044b\\u0439 \\u043d\\u0430 \\u043a\\u043b\\u0438\\u0435\\u043d\\u0442\\u0430 \\u0431\\u0438\\u0437\\u043d\\u0435\\u0441, \\u043f\\u0440\\u0435\\u0434\\u043b\\u0430\\u0433\\u0430\\u044e\\u0449\\u0438\\u0439 \\u043a\\u0430\\u0447\\u0435\\u0441\\u0442\\u0432\\u0435\\u043d\\u043d\\u044b\\u0435 \\u0442\\u043e\\u0432\\u0430\\u0440\\u044b, \\u0443\\u0441\\u043b\\u0443\\u0433\\u0438 \\u0441 \\u0430\\u043a\\u0446\\u0435\\u043d\\u0442\\u043e\\u043c \\u043d\\u0430 \\u043f\\u0440\\u0430\\u043a\\u0442\\u0438\\u0447\\u043d\\u043e\\u0441\\u0442\\u044c \\u0438 \\u0447\\u0435\\u0441\\u0442\\u043d\\u044b\\u0439 \\u043f\\u043e\\u0434\\u0445\\u043e\\u0434.\",\"url\":\"https:\\\/\\\/bunuri.md\\\/ro\\\/\",\"email\":\"bunuri.md@gmail.com\",\"telephone\":\"+37379512557\",\"foundingDate\":\"2006-09-27\",\"numberOfEmployees\":{\"@type\":\"QuantitativeValue\",\"minValue\":0,\"maxValue\":4},\"logo\":{\"@type\":\"ImageObject\",\"url\":\"https:\\\/\\\/bunuri.md\\\/wp-content\\\/uploads\\\/2022\\\/08\\\/logo-bunuri.png\",\"@id\":\"https:\\\/\\\/bunuri.md\\\/ro\\\/shop\\\/demaror-electric-impreuna-cu-angrenaj-10-15-c-p-z-12\\\/#organizationLogo\",\"width\":250,\"height\":250},\"image\":{\"@id\":\"https:\\\/\\\/bunuri.md\\\/ro\\\/shop\\\/demaror-electric-impreuna-cu-angrenaj-10-15-c-p-z-12\\\/#organizationLogo\"},\"sameAs\":[\"https:\\\/\\\/facebook.com\\\/https:\\\/\\\/www.facebook.com\\\/bunurimag\",\"https:\\\/\\\/x.com\\\/https:\\\/\\\/www.facebook.com\\\/bunurimag\",\"https:\\\/\\\/instagram.com\\\/https:\\\/\\\/www.facebook.com\\\/bunurimag\",\"https:\\\/\\\/pinterest.com\\\/https:\\\/\\\/www.facebook.com\\\/bunurimag\",\"https:\\\/\\\/youtube.com\\\/https:\\\/\\\/www.facebook.com\\\/bunurimag\",\"https:\\\/\\\/linkedin.com\\\/in\\\/https:\\\/\\\/www.facebook.com\\\/bunurimag\",\"https:\\\/\\\/soundcloud.com\\\/https:\\\/\\\/www.facebook.com\\\/bunurimag\"],\"address\":{\"@id\":\"https:\\\/\\\/bunuri.md\\\/ro\\\/#postaladdress\",\"@type\":\"PostalAddress\",\"streetAddress\":\"\\u0420. \\u041c\\u043e\\u043b\\u0434\\u043e\\u0432\\u0430, \\u0433. \\u0425\\u044b\\u043d\\u0447\\u0435\\u0448\\u0442\\u044b\",\"postalCode\":\"3401\",\"addressLocality\":\"\\u0425\\u044b\\u043d\\u0447\\u0435\\u0448\\u0442\\u044b\",\"addressRegion\":\"Moldova\",\"addressCountry\":\"MD\"}},{\"@type\":\"WebPage\",\"@id\":\"https:\\\/\\\/bunuri.md\\\/ro\\\/shop\\\/demaror-electric-impreuna-cu-angrenaj-10-15-c-p-z-12\\\/#webpage\",\"url\":\"https:\\\/\\\/bunuri.md\\\/ro\\\/shop\\\/demaror-electric-impreuna-cu-angrenaj-10-15-c-p-z-12\\\/\",\"name\":\"Demaror electric impreuna cu angrenaj, 10-15 c. p., Z-12.\",\"description\":\"Destinat s\\u0103 roteasc\\u0103 arborele cotit la viteza necesar\\u0103 pentru pornirea motorului prin intermediul unei cutii de viteze, ambreiaj \\u0219i dispozitiv de decuplare.\",\"inLanguage\":\"ro-RO\",\"isPartOf\":{\"@id\":\"https:\\\/\\\/bunuri.md\\\/ro\\\/#website\"},\"breadcrumb\":{\"@id\":\"https:\\\/\\\/bunuri.md\\\/ro\\\/shop\\\/demaror-electric-impreuna-cu-angrenaj-10-15-c-p-z-12\\\/#breadcrumblist\"},\"image\":{\"@type\":\"ImageObject\",\"url\":\"https:\\\/\\\/bunuri.md\\\/wp-content\\\/uploads\\\/2025\\\/03\\\/Demarou_electric_reductor_190_1100_c_p_1.jpg\",\"@id\":\"https:\\\/\\\/bunuri.md\\\/ro\\\/shop\\\/demaror-electric-impreuna-cu-angrenaj-10-15-c-p-z-12\\\/#mainImage\",\"width\":498,\"height\":501,\"caption\":\"Demarou_electric_reductor_190_1100_c_p_1\"},\"primaryImageOfPage\":{\"@id\":\"https:\\\/\\\/bunuri.md\\\/ro\\\/shop\\\/demaror-electric-impreuna-cu-angrenaj-10-15-c-p-z-12\\\/#mainImage\"},\"datePublished\":\"2025-03-13T20:39:39+03:00\",\"dateModified\":\"2025-03-13T21:44:08+03:00\"},{\"@type\":\"WebSite\",\"@id\":\"https:\\\/\\\/bunuri.md\\\/ro\\\/#website\",\"url\":\"https:\\\/\\\/bunuri.md\\\/ro\\\/\",\"name\":\"www.bunuri.md\",\"alternateName\":\"bunuri.md\",\"description\":\"Bunuri.md este un magazin online care livreaz\\u0103 \\u0219i comercializeaz\\u0103 o gam\\u0103 larg\\u0103 de m\\u0103rfuri de diverse categorii pe \\u00eentreg teritoriul Republicii Moldova.\",\"inLanguage\":\"ro-RO\",\"publisher\":{\"@id\":\"https:\\\/\\\/bunuri.md\\\/ro\\\/#organization\"}}]}\n\t\t<\/script>\n\t\t<!-- All in One SEO Pro -->\r\n\t\t<title>Demaror electric impreuna cu angrenaj, 10-15 c. p., Z-12.<\/title>\n\n","aioseo_head_json":{"title":"Demaror electric impreuna cu angrenaj, 10-15 c. p., Z-12.","description":"Destinat s\u0103 roteasc\u0103 arborele cotit la viteza necesar\u0103 pentru pornirea motorului prin intermediul unei cutii de viteze, ambreiaj \u0219i dispozitiv de decuplare.","canonical_url":"https:\/\/bunuri.md\/ro\/shop\/demaror-electric-impreuna-cu-angrenaj-10-15-c-p-z-12\/","robots":"max-image-preview:large","keywords":"","webmasterTools":{"miscellaneous":""},"schema":{"@context":"https:\/\/schema.org","@graph":[{"@type":"BreadcrumbList","@id":"https:\/\/bunuri.md\/ro\/shop\/demaror-electric-impreuna-cu-angrenaj-10-15-c-p-z-12\/#breadcrumblist","itemListElement":[{"@type":"ListItem","@id":"https:\/\/bunuri.md\/ro\/#listItem","position":1,"name":"Home","item":"https:\/\/bunuri.md\/ro\/","nextItem":{"@type":"ListItem","@id":"https:\/\/bunuri.md\/ro\/shop-2\/#listItem","name":"Magazin"}},{"@type":"ListItem","@id":"https:\/\/bunuri.md\/ro\/shop-2\/#listItem","position":2,"name":"Magazin","item":"https:\/\/bunuri.md\/ro\/shop-2\/","nextItem":{"@type":"ListItem","@id":"https:\/\/bunuri.md\/ro\/product-category\/piese-pentru-motoblocuri\/#listItem","name":"Piese de schimb pentru tractoare \u0219i motoblocuri"},"previousItem":{"@type":"ListItem","@id":"https:\/\/bunuri.md\/ro\/#listItem","name":"Home"}},{"@type":"ListItem","@id":"https:\/\/bunuri.md\/ro\/product-category\/piese-pentru-motoblocuri\/#listItem","position":3,"name":"Piese de schimb pentru tractoare \u0219i motoblocuri","item":"https:\/\/bunuri.md\/ro\/product-category\/piese-pentru-motoblocuri\/","nextItem":{"@type":"ListItem","@id":"https:\/\/bunuri.md\/ro\/shop\/demaror-electric-impreuna-cu-angrenaj-10-15-c-p-z-12\/#listItem","name":"Demaror electric impreuna cu angrenaj, 10-15 c. p., Z-12."},"previousItem":{"@type":"ListItem","@id":"https:\/\/bunuri.md\/ro\/shop-2\/#listItem","name":"Magazin"}},{"@type":"ListItem","@id":"https:\/\/bunuri.md\/ro\/shop\/demaror-electric-impreuna-cu-angrenaj-10-15-c-p-z-12\/#listItem","position":4,"name":"Demaror electric impreuna cu angrenaj, 10-15 c. p., Z-12.","previousItem":{"@type":"ListItem","@id":"https:\/\/bunuri.md\/ro\/product-category\/piese-pentru-motoblocuri\/#listItem","name":"Piese de schimb pentru tractoare \u0219i motoblocuri"}}]},{"@type":"ItemPage","@id":"https:\/\/bunuri.md\/ro\/shop\/demaror-electric-impreuna-cu-angrenaj-10-15-c-p-z-12\/#itempage","url":"https:\/\/bunuri.md\/ro\/shop\/demaror-electric-impreuna-cu-angrenaj-10-15-c-p-z-12\/","name":"Demaror electric impreuna cu angrenaj, 10-15 c. p., Z-12.","description":"Destinat s\u0103 roteasc\u0103 arborele cotit la viteza necesar\u0103 pentru pornirea motorului prin intermediul unei cutii de viteze, ambreiaj \u0219i dispozitiv de decuplare.","inLanguage":"ro-RO","isPartOf":{"@id":"https:\/\/bunuri.md\/ro\/#website"},"breadcrumb":{"@id":"https:\/\/bunuri.md\/ro\/shop\/demaror-electric-impreuna-cu-angrenaj-10-15-c-p-z-12\/#breadcrumblist"},"image":{"@type":"ImageObject","url":"https:\/\/bunuri.md\/wp-content\/uploads\/2025\/03\/Demarou_electric_reductor_190_1100_c_p_1.jpg","@id":"https:\/\/bunuri.md\/ro\/shop\/demaror-electric-impreuna-cu-angrenaj-10-15-c-p-z-12\/#mainImage","width":498,"height":501,"caption":"Demarou_electric_reductor_190_1100_c_p_1"},"primaryImageOfPage":{"@id":"https:\/\/bunuri.md\/ro\/shop\/demaror-electric-impreuna-cu-angrenaj-10-15-c-p-z-12\/#mainImage"},"datePublished":"2025-03-13T20:39:39+03:00","dateModified":"2025-03-13T21:44:08+03:00"},{"@type":"Organization","@id":"https:\/\/bunuri.md\/ro\/#organization","name":"\u00centreprinderea Individual\u0103 \"Buldumac Aliona\"","description":"\u0418\u041f \u00ab\u0411\u0443\u043b\u0434\u0443\u043c\u0430\u043a \u0410\u043b\u0435\u043d\u0430\u00bb - \u044d\u0442\u043e \u043d\u0430\u0434\u0451\u0436\u043d\u044b\u0439 \u0438 \u043e\u0440\u0438\u0435\u043d\u0442\u0438\u0440\u043e\u0432\u0430\u043d\u043d\u044b\u0439 \u043d\u0430 \u043a\u043b\u0438\u0435\u043d\u0442\u0430 \u0431\u0438\u0437\u043d\u0435\u0441, \u043f\u0440\u0435\u0434\u043b\u0430\u0433\u0430\u044e\u0449\u0438\u0439 \u043a\u0430\u0447\u0435\u0441\u0442\u0432\u0435\u043d\u043d\u044b\u0435 \u0442\u043e\u0432\u0430\u0440\u044b, \u0443\u0441\u043b\u0443\u0433\u0438 \u0441 \u0430\u043a\u0446\u0435\u043d\u0442\u043e\u043c \u043d\u0430 \u043f\u0440\u0430\u043a\u0442\u0438\u0447\u043d\u043e\u0441\u0442\u044c \u0438 \u0447\u0435\u0441\u0442\u043d\u044b\u0439 \u043f\u043e\u0434\u0445\u043e\u0434.","url":"https:\/\/bunuri.md\/ro\/","email":"bunuri.md@gmail.com","telephone":"+37379512557","foundingDate":"2006-09-27","numberOfEmployees":{"@type":"QuantitativeValue","minValue":0,"maxValue":4},"logo":{"@type":"ImageObject","url":"https:\/\/bunuri.md\/wp-content\/uploads\/2022\/08\/logo-bunuri.png","@id":"https:\/\/bunuri.md\/ro\/shop\/demaror-electric-impreuna-cu-angrenaj-10-15-c-p-z-12\/#organizationLogo","width":250,"height":250},"image":{"@id":"https:\/\/bunuri.md\/ro\/shop\/demaror-electric-impreuna-cu-angrenaj-10-15-c-p-z-12\/#organizationLogo"},"sameAs":["https:\/\/facebook.com\/https:\/\/www.facebook.com\/bunurimag","https:\/\/x.com\/https:\/\/www.facebook.com\/bunurimag","https:\/\/instagram.com\/https:\/\/www.facebook.com\/bunurimag","https:\/\/pinterest.com\/https:\/\/www.facebook.com\/bunurimag","https:\/\/youtube.com\/https:\/\/www.facebook.com\/bunurimag","https:\/\/linkedin.com\/in\/https:\/\/www.facebook.com\/bunurimag","https:\/\/soundcloud.com\/https:\/\/www.facebook.com\/bunurimag"],"address":{"@id":"https:\/\/bunuri.md\/ro\/#postaladdress","@type":"PostalAddress","streetAddress":"\u0420. \u041c\u043e\u043b\u0434\u043e\u0432\u0430, \u0433. \u0425\u044b\u043d\u0447\u0435\u0448\u0442\u044b","postalCode":"3401","addressLocality":"\u0425\u044b\u043d\u0447\u0435\u0448\u0442\u044b","addressRegion":"Moldova","addressCountry":"MD"}},{"@type":"WebPage","@id":"https:\/\/bunuri.md\/ro\/shop\/demaror-electric-impreuna-cu-angrenaj-10-15-c-p-z-12\/#webpage","url":"https:\/\/bunuri.md\/ro\/shop\/demaror-electric-impreuna-cu-angrenaj-10-15-c-p-z-12\/","name":"Demaror electric impreuna cu angrenaj, 10-15 c. p., Z-12.","description":"Destinat s\u0103 roteasc\u0103 arborele cotit la viteza necesar\u0103 pentru pornirea motorului prin intermediul unei cutii de viteze, ambreiaj \u0219i dispozitiv de decuplare.","inLanguage":"ro-RO","isPartOf":{"@id":"https:\/\/bunuri.md\/ro\/#website"},"breadcrumb":{"@id":"https:\/\/bunuri.md\/ro\/shop\/demaror-electric-impreuna-cu-angrenaj-10-15-c-p-z-12\/#breadcrumblist"},"image":{"@type":"ImageObject","url":"https:\/\/bunuri.md\/wp-content\/uploads\/2025\/03\/Demarou_electric_reductor_190_1100_c_p_1.jpg","@id":"https:\/\/bunuri.md\/ro\/shop\/demaror-electric-impreuna-cu-angrenaj-10-15-c-p-z-12\/#mainImage","width":498,"height":501,"caption":"Demarou_electric_reductor_190_1100_c_p_1"},"primaryImageOfPage":{"@id":"https:\/\/bunuri.md\/ro\/shop\/demaror-electric-impreuna-cu-angrenaj-10-15-c-p-z-12\/#mainImage"},"datePublished":"2025-03-13T20:39:39+03:00","dateModified":"2025-03-13T21:44:08+03:00"},{"@type":"WebSite","@id":"https:\/\/bunuri.md\/ro\/#website","url":"https:\/\/bunuri.md\/ro\/","name":"www.bunuri.md","alternateName":"bunuri.md","description":"Bunuri.md este un magazin online care livreaz\u0103 \u0219i comercializeaz\u0103 o gam\u0103 larg\u0103 de m\u0103rfuri de diverse categorii pe \u00eentreg teritoriul Republicii Moldova.","inLanguage":"ro-RO","publisher":{"@id":"https:\/\/bunuri.md\/ro\/#organization"}}]},"og:locale":"ro_RO","og:site_name":"\u0418\u043d\u0442\u0435\u0440\u043d\u0435\u0442 \u043c\u0430\u0433\u0430\u0437\u0438\u043d \u041c\u043e\u043b\u0434\u043e\u0432\u0430 | Bunuri.md este un magazin online care livreaz\u0103 \u0219i comercializeaz\u0103 o gam\u0103 larg\u0103 de m\u0103rfuri de diverse categorii pe \u00eentreg teritoriul Republicii Moldova.","og:type":"article","og:title":"Demaror electric impreuna cu angrenaj, 10-15 c. p., Z-12.","og:description":"Destinat s\u0103 roteasc\u0103 arborele cotit la viteza necesar\u0103 pentru pornirea motorului prin intermediul unei cutii de viteze, ambreiaj \u0219i dispozitiv de decuplare.","og:url":"https:\/\/bunuri.md\/ro\/shop\/demaror-electric-impreuna-cu-angrenaj-10-15-c-p-z-12\/","og:image":"https:\/\/bunuri.md\/wp-content\/uploads\/2022\/10\/logobu.png","og:image:secure_url":"https:\/\/bunuri.md\/wp-content\/uploads\/2022\/10\/logobu.png","og:image:width":200,"og:image:height":200,"article:published_time":"2025-03-13T17:39:39+00:00","article:modified_time":"2025-03-13T18:44:08+00:00","article:publisher":"https:\/\/facebook.com\/https:\/\/www.facebook.com\/bunurimag","twitter:card":"summary","twitter:site":"@https:","twitter:title":"Demaror electric impreuna cu angrenaj, 10-15 c. p., Z-12.","twitter:description":"Destinat s\u0103 roteasc\u0103 arborele cotit la viteza necesar\u0103 pentru pornirea motorului prin intermediul unei cutii de viteze, ambreiaj \u0219i dispozitiv de decuplare.","twitter:image":"https:\/\/bunuri.md\/wp-content\/uploads\/2022\/10\/logobu.png"},"aioseo_meta_data":{"post_id":"10310","title":"Demaror electric impreuna cu angrenaj, 10-15 c. p., Z-12.","description":"Destinat s\u0103 roteasc\u0103 arborele cotit la viteza necesar\u0103 pentru pornirea motorului prin intermediul unei cutii de viteze, ambreiaj \u0219i dispozitiv de decuplare.","keywords":null,"keyphrases":{"focus":{"keyphrase":"","score":0,"analysis":{"keyphraseInTitle":{"score":0,"maxScore":9,"error":1}}},"additional":[]},"primary_term":null,"canonical_url":null,"og_title":null,"og_description":null,"og_object_type":"default","og_image_type":"default","og_image_url":null,"og_image_width":null,"og_image_height":null,"og_image_custom_url":null,"og_image_custom_fields":null,"og_video":"","og_custom_url":null,"og_article_section":null,"og_article_tags":null,"twitter_use_og":false,"twitter_card":"default","twitter_image_type":"default","twitter_image_url":null,"twitter_image_custom_url":null,"twitter_image_custom_fields":null,"twitter_title":null,"twitter_description":null,"schema":{"blockGraphs":[],"customGraphs":[],"default":{"data":{"Article":[],"Course":[],"Dataset":[],"FAQPage":[],"Movie":[],"Person":[],"Product":[],"ProductReview":[],"Car":[],"Recipe":[],"Service":[],"SoftwareApplication":[],"WebPage":[]},"graphName":"ItemPage","isEnabled":true},"graphs":[]},"schema_type":"default","schema_type_options":null,"pillar_content":false,"robots_default":true,"robots_noindex":false,"robots_noarchive":false,"robots_nosnippet":false,"robots_nofollow":false,"robots_noimageindex":false,"robots_noodp":false,"robots_notranslate":false,"robots_max_snippet":"-1","robots_max_videopreview":"-1","robots_max_imagepreview":"large","priority":null,"frequency":"default","local_seo":null,"seo_analyzer_scan_date":null,"breadcrumb_settings":null,"limit_modified_date":false,"reviewed_by":null,"open_ai":"{\"title\":{\"suggestions\":[],\"usage\":0},\"description\":{\"suggestions\":[],\"usage\":0}}","ai":null,"created":"2025-03-13 18:08:17","updated":"2025-05-30 05:49:53"},"aioseo_breadcrumb":"<div class=\"aioseo-breadcrumbs\"><span class=\"aioseo-breadcrumb\">\n\t<a href=\"https:\/\/bunuri.md\/ro\/\" title=\"Home\">Home<\/a>\n<\/span><span class=\"aioseo-breadcrumb-separator\">\u00bb<\/span><span class=\"aioseo-breadcrumb\">\n\t<a href=\"https:\/\/bunuri.md\/ro\/shop-2\/\" title=\"Magazin\">Magazin<\/a>\n<\/span><span class=\"aioseo-breadcrumb-separator\">\u00bb<\/span><span class=\"aioseo-breadcrumb\">\n\t<a href=\"https:\/\/bunuri.md\/ro\/product-category\/piese-pentru-motoblocuri\/\" title=\"Piese de schimb pentru tractoare \u0219i motoblocuri\">Piese de schimb pentru tractoare \u0219i motoblocuri<\/a>\n<\/span><span class=\"aioseo-breadcrumb-separator\">\u00bb<\/span><span class=\"aioseo-breadcrumb\">\n\tDemaror electric impreuna cu angrenaj, 10-15 c. p., Z-12.\n<\/span><\/div>","aioseo_breadcrumb_json":[{"label":"Home","link":"https:\/\/bunuri.md\/ro\/"},{"label":"Magazin","link":"https:\/\/bunuri.md\/ro\/shop-2\/"},{"label":"Piese de schimb pentru tractoare \u0219i motoblocuri","link":"https:\/\/bunuri.md\/ro\/product-category\/piese-pentru-motoblocuri\/"},{"label":"Demaror electric impreuna cu angrenaj, 10-15 c. p., Z-12.","link":"https:\/\/bunuri.md\/ro\/shop\/demaror-electric-impreuna-cu-angrenaj-10-15-c-p-z-12\/"}],"_links":{"self":[{"href":"https:\/\/bunuri.md\/ro\/wp-json\/wp\/v2\/product\/10310","targetHints":{"allow":["GET"]}}],"collection":[{"href":"https:\/\/bunuri.md\/ro\/wp-json\/wp\/v2\/product"}],"about":[{"href":"https:\/\/bunuri.md\/ro\/wp-json\/wp\/v2\/types\/product"}],"replies":[{"embeddable":true,"href":"https:\/\/bunuri.md\/ro\/wp-json\/wp\/v2\/comments?post=10310"}],"wp:featuredmedia":[{"embeddable":true,"href":"https:\/\/bunuri.md\/ro\/wp-json\/wp\/v2\/media\/10311"}],"wp:attachment":[{"href":"https:\/\/bunuri.md\/ro\/wp-json\/wp\/v2\/media?parent=10310"}],"wp:term":[{"taxonomy":"product_brand","embeddable":true,"href":"https:\/\/bunuri.md\/ro\/wp-json\/wp\/v2\/product_brand?post=10310"},{"taxonomy":"product_cat","embeddable":true,"href":"https:\/\/bunuri.md\/ro\/wp-json\/wp\/v2\/product_cat?post=10310"},{"taxonomy":"product_tag","embeddable":true,"href":"https:\/\/bunuri.md\/ro\/wp-json\/wp\/v2\/product_tag?post=10310"}],"curies":[{"name":"wp","href":"https:\/\/api.w.org\/{rel}","templated":true}]}}