{"id":10433,"date":"2025-03-22T18:50:14","date_gmt":"2025-03-22T16:32:07","guid":{"rendered":"https:\/\/bunuri.md\/?post_type=product&#038;p=10433"},"modified":"2025-03-22T19:42:42","modified_gmt":"2025-03-22T16:42:42","slug":"atv-viper-110-cm%c2%b3-benzina-puterea-7-c-p","status":"publish","type":"product","link":"https:\/\/bunuri.md\/ro\/shop\/atv-viper-110-cm%c2%b3-benzina-puterea-7-c-p\/","title":{"rendered":"ATV Viper 110 cm\u00b3, benzin\u0103, puterea 7 c. p."},"content":{"rendered":"<p>ATV-ul Viper cu motor de 110cc este destinat special pentru tinerii motocicli\u0219ti. Acest model se caracterizeaz\u0103 prin performan\u021be excelente de condus \u0219i u\u0219urin\u021b\u0103 \u00een \u00eentre\u021binere. Designul se bazeaz\u0103 pe un motor fiabil \u00een 4 timpi, un singur cilindru, r\u0103cit cu aer, care produce 7 cai putere. \u00cen acela\u0219i timp, p\u0103rin\u021bii pot regla cu u\u0219urin\u021b\u0103 limita de vitez\u0103 folosind regulatorul \u00eencorporat, set\u00e2nd un maxim confortabil &#8211; de exemplu, 15-25 km\/h pentru \u00eencep\u0103tori sau copii mici.<\/p>\n<p>Adesea, acest ATV este achizi\u021bionat cu a\u0219teptarea utiliz\u0103rii pe termen lung &#8211; modelul r\u0103m\u00e2ne relevant timp de c\u00e2\u021biva ani p\u00e2n\u0103 c\u00e2nd copilul trece la un transport mai puternic.<\/p>\n<p>Specificatii tehnice:<\/p>\n<ul>\n<li><strong>Tip motor:<\/strong> 4 timpi, monocilindru.<\/li>\n<li><strong>Capacitate motor:<\/strong> 110 cm\u00b3.<\/li>\n<li><strong>Putere:<\/strong> 7 c. p.<\/li>\n<li><strong>Sistem de racire:<\/strong> aer.<\/li>\n<li><strong>Starter:<\/strong> demaror electric + kick starter.<\/li>\n<li><strong>Cutie de viteze:<\/strong> automat\u0103 (variator), cu mar\u0219arier.<\/li>\n<li><strong>Ac\u021bionare:<\/strong> lan\u021b.<\/li>\n<li><strong>Frane fata: tambur.<\/li>\n<li><strong>Frane spate:<\/strong> disc.<\/li>\n<li><strong>Dimensiunea ro\u021bii:<\/strong> fa\u021b\u0103 &#8211; 19&#215;7-8, spate &#8211; 18&#215;9,5-8.<\/li>\n<li><strong>Viteza maxima:<\/strong> pana la 55 km\/h (cu posibilitate de limitare la 15-25 km\/h).<\/li>\n<li><strong>Rezervor de combustibil:<\/strong> aproximativ 3,5 l.<\/li>\n<li><strong>Greutate:<\/strong> 80-90 kg.<\/li>\n<li><strong>Sarcina admisa:<\/strong> pana la 80-100 kg.<\/li>\n<li><strong>Caracteristici:<\/strong> limitator de viteza, protectie maini, cadru ranforsat.<\/li>\n<\/ul>\n","protected":false},"excerpt":{"rendered":"<p>Proiectat special pentru tinerii motocicli\u0219ti. P\u0103rin\u021bii pot seta limita de vitez\u0103, folosind regulatorul \u00eencorporat, set\u00e2nd maximul la 15-25 km\/h.<\/p>\n","protected":false},"featured_media":10429,"comment_status":"closed","ping_status":"closed","template":"","meta":{"om_disable_all_campaigns":false},"pwb-brand":[],"product_brand":[],"product_cat":[557],"product_tag":[],"class_list":{"0":"post-10433","1":"product","2":"type-product","3":"status-publish","4":"has-post-thumbnail","6":"product_cat-atv-uri-sportive","8":"first","9":"instock","10":"sale","11":"purchasable","12":"product-type-simple"},"aioseo_notices":[],"aioseo_head":"\n\t\t<!-- All in One SEO Pro 4.9.7.1 - aioseo.com -->\n\t<meta name=\"description\" content=\"Proiectat special pentru tinerii motocicli\u0219ti. P\u0103rin\u021bii pot seta limita de vitez\u0103, folosind regulatorul \u00eencorporat, set\u00e2nd maximul la 15-25 km\/h.\" \/>\n\t<meta name=\"robots\" content=\"max-image-preview:large\" \/>\n\t<link rel=\"canonical\" href=\"https:\/\/bunuri.md\/ro\/shop\/atv-viper-110-cm%c2%b3-benzina-puterea-7-c-p\/\" \/>\n\t<meta name=\"generator\" content=\"All in One SEO Pro (AIOSEO) 4.9.7.1\" \/>\n\t\t<meta property=\"og:locale\" content=\"ro_RO\" \/>\n\t\t<meta property=\"og:site_name\" content=\"\u0418\u043d\u0442\u0435\u0440\u043d\u0435\u0442 \u043c\u0430\u0433\u0430\u0437\u0438\u043d \u041c\u043e\u043b\u0434\u043e\u0432\u0430 | Bunuri.md este un magazin online care livreaz\u0103 \u0219i comercializeaz\u0103 o gam\u0103 larg\u0103 de m\u0103rfuri de diverse categorii pe \u00eentreg teritoriul Republicii Moldova.\" \/>\n\t\t<meta property=\"og:type\" content=\"article\" \/>\n\t\t<meta property=\"og:title\" content=\"ATV Viper 110 cm\u00b3, benzin\u0103, puterea 7 c. p.\" \/>\n\t\t<meta property=\"og:description\" content=\"Proiectat special pentru tinerii motocicli\u0219ti. P\u0103rin\u021bii pot seta limita de vitez\u0103, folosind regulatorul \u00eencorporat, set\u00e2nd maximul la 15-25 km\/h.\" \/>\n\t\t<meta property=\"og:url\" content=\"https:\/\/bunuri.md\/ro\/shop\/atv-viper-110-cm%c2%b3-benzina-puterea-7-c-p\/\" \/>\n\t\t<meta property=\"og:image\" content=\"https:\/\/bunuri.md\/wp-content\/uploads\/2022\/10\/logobu.png\" \/>\n\t\t<meta property=\"og:image:secure_url\" content=\"https:\/\/bunuri.md\/wp-content\/uploads\/2022\/10\/logobu.png\" \/>\n\t\t<meta property=\"og:image:width\" content=\"200\" \/>\n\t\t<meta property=\"og:image:height\" content=\"200\" \/>\n\t\t<meta property=\"article:published_time\" content=\"2025-03-22T16:32:07+00:00\" \/>\n\t\t<meta property=\"article:modified_time\" content=\"2025-03-22T16:42:42+00:00\" \/>\n\t\t<meta property=\"article:publisher\" content=\"https:\/\/facebook.com\/https:\/\/www.facebook.com\/bunurimag\" \/>\n\t\t<meta name=\"twitter:card\" content=\"summary\" \/>\n\t\t<meta name=\"twitter:site\" content=\"@https:\" \/>\n\t\t<meta name=\"twitter:title\" content=\"ATV Viper 110 cm\u00b3, benzin\u0103, puterea 7 c. p.\" \/>\n\t\t<meta name=\"twitter:description\" content=\"Proiectat special pentru tinerii motocicli\u0219ti. P\u0103rin\u021bii pot seta limita de vitez\u0103, folosind regulatorul \u00eencorporat, set\u00e2nd maximul la 15-25 km\/h.\" \/>\n\t\t<meta name=\"twitter:image\" content=\"https:\/\/bunuri.md\/wp-content\/uploads\/2022\/10\/logobu.png\" \/>\n\t\t<script type=\"application\/ld+json\" class=\"aioseo-schema\">\n\t\t\t{\"@context\":\"https:\\\/\\\/schema.org\",\"@graph\":[{\"@type\":\"BreadcrumbList\",\"@id\":\"https:\\\/\\\/bunuri.md\\\/ro\\\/shop\\\/atv-viper-110-cm%c2%b3-benzina-puterea-7-c-p\\\/#breadcrumblist\",\"itemListElement\":[{\"@type\":\"ListItem\",\"@id\":\"https:\\\/\\\/bunuri.md\\\/ro\\\/#listItem\",\"position\":1,\"name\":\"Home\",\"item\":\"https:\\\/\\\/bunuri.md\\\/ro\\\/\",\"nextItem\":{\"@type\":\"ListItem\",\"@id\":\"https:\\\/\\\/bunuri.md\\\/ro\\\/shop-2\\\/#listItem\",\"name\":\"Magazin\"}},{\"@type\":\"ListItem\",\"@id\":\"https:\\\/\\\/bunuri.md\\\/ro\\\/shop-2\\\/#listItem\",\"position\":2,\"name\":\"Magazin\",\"item\":\"https:\\\/\\\/bunuri.md\\\/ro\\\/shop-2\\\/\",\"nextItem\":{\"@type\":\"ListItem\",\"@id\":\"https:\\\/\\\/bunuri.md\\\/ro\\\/product-category\\\/atv-uri-sportive\\\/#listItem\",\"name\":\"ATV-uri sportive\"},\"previousItem\":{\"@type\":\"ListItem\",\"@id\":\"https:\\\/\\\/bunuri.md\\\/ro\\\/#listItem\",\"name\":\"Home\"}},{\"@type\":\"ListItem\",\"@id\":\"https:\\\/\\\/bunuri.md\\\/ro\\\/product-category\\\/atv-uri-sportive\\\/#listItem\",\"position\":3,\"name\":\"ATV-uri sportive\",\"item\":\"https:\\\/\\\/bunuri.md\\\/ro\\\/product-category\\\/atv-uri-sportive\\\/\",\"nextItem\":{\"@type\":\"ListItem\",\"@id\":\"https:\\\/\\\/bunuri.md\\\/ro\\\/shop\\\/atv-viper-110-cm%c2%b3-benzina-puterea-7-c-p\\\/#listItem\",\"name\":\"ATV Viper 110 cm\\u00b3, benzin\\u0103, puterea 7 c. p.\"},\"previousItem\":{\"@type\":\"ListItem\",\"@id\":\"https:\\\/\\\/bunuri.md\\\/ro\\\/shop-2\\\/#listItem\",\"name\":\"Magazin\"}},{\"@type\":\"ListItem\",\"@id\":\"https:\\\/\\\/bunuri.md\\\/ro\\\/shop\\\/atv-viper-110-cm%c2%b3-benzina-puterea-7-c-p\\\/#listItem\",\"position\":4,\"name\":\"ATV Viper 110 cm\\u00b3, benzin\\u0103, puterea 7 c. p.\",\"previousItem\":{\"@type\":\"ListItem\",\"@id\":\"https:\\\/\\\/bunuri.md\\\/ro\\\/product-category\\\/atv-uri-sportive\\\/#listItem\",\"name\":\"ATV-uri sportive\"}}]},{\"@type\":\"ItemPage\",\"@id\":\"https:\\\/\\\/bunuri.md\\\/ro\\\/shop\\\/atv-viper-110-cm%c2%b3-benzina-puterea-7-c-p\\\/#itempage\",\"url\":\"https:\\\/\\\/bunuri.md\\\/ro\\\/shop\\\/atv-viper-110-cm%c2%b3-benzina-puterea-7-c-p\\\/\",\"name\":\"ATV Viper 110 cm\\u00b3, benzin\\u0103, puterea 7 c. p.\",\"description\":\"Proiectat special pentru tinerii motocicli\\u0219ti. P\\u0103rin\\u021bii pot seta limita de vitez\\u0103, folosind regulatorul \\u00eencorporat, set\\u00e2nd maximul la 15-25 km\\\/h.\",\"inLanguage\":\"ro-RO\",\"isPartOf\":{\"@id\":\"https:\\\/\\\/bunuri.md\\\/ro\\\/#website\"},\"breadcrumb\":{\"@id\":\"https:\\\/\\\/bunuri.md\\\/ro\\\/shop\\\/atv-viper-110-cm%c2%b3-benzina-puterea-7-c-p\\\/#breadcrumblist\"},\"image\":{\"@type\":\"ImageObject\",\"url\":\"https:\\\/\\\/bunuri.md\\\/wp-content\\\/uploads\\\/2025\\\/03\\\/Cvadroticl_Viper_110.png\",\"@id\":\"https:\\\/\\\/bunuri.md\\\/ro\\\/shop\\\/atv-viper-110-cm%c2%b3-benzina-puterea-7-c-p\\\/#mainImage\",\"width\":501,\"height\":498,\"caption\":\"Cvadroticl_Viper_110\"},\"primaryImageOfPage\":{\"@id\":\"https:\\\/\\\/bunuri.md\\\/ro\\\/shop\\\/atv-viper-110-cm%c2%b3-benzina-puterea-7-c-p\\\/#mainImage\"},\"datePublished\":\"2025-03-22T18:50:14+03:00\",\"dateModified\":\"2025-03-22T19:42:42+03:00\"},{\"@type\":\"Organization\",\"@id\":\"https:\\\/\\\/bunuri.md\\\/ro\\\/#organization\",\"name\":\"\\u00centreprinderea Individual\\u0103 \\\"Buldumac Aliona\\\"\",\"description\":\"\\u0418\\u041f \\u00ab\\u0411\\u0443\\u043b\\u0434\\u0443\\u043c\\u0430\\u043a \\u0410\\u043b\\u0435\\u043d\\u0430\\u00bb - \\u044d\\u0442\\u043e \\u043d\\u0430\\u0434\\u0451\\u0436\\u043d\\u044b\\u0439 \\u0438 \\u043e\\u0440\\u0438\\u0435\\u043d\\u0442\\u0438\\u0440\\u043e\\u0432\\u0430\\u043d\\u043d\\u044b\\u0439 \\u043d\\u0430 \\u043a\\u043b\\u0438\\u0435\\u043d\\u0442\\u0430 \\u0431\\u0438\\u0437\\u043d\\u0435\\u0441, \\u043f\\u0440\\u0435\\u0434\\u043b\\u0430\\u0433\\u0430\\u044e\\u0449\\u0438\\u0439 \\u043a\\u0430\\u0447\\u0435\\u0441\\u0442\\u0432\\u0435\\u043d\\u043d\\u044b\\u0435 \\u0442\\u043e\\u0432\\u0430\\u0440\\u044b, \\u0443\\u0441\\u043b\\u0443\\u0433\\u0438 \\u0441 \\u0430\\u043a\\u0446\\u0435\\u043d\\u0442\\u043e\\u043c \\u043d\\u0430 \\u043f\\u0440\\u0430\\u043a\\u0442\\u0438\\u0447\\u043d\\u043e\\u0441\\u0442\\u044c \\u0438 \\u0447\\u0435\\u0441\\u0442\\u043d\\u044b\\u0439 \\u043f\\u043e\\u0434\\u0445\\u043e\\u0434.\",\"url\":\"https:\\\/\\\/bunuri.md\\\/ro\\\/\",\"email\":\"bunuri.md@gmail.com\",\"telephone\":\"+37379512557\",\"foundingDate\":\"2006-09-27\",\"numberOfEmployees\":{\"@type\":\"QuantitativeValue\",\"minValue\":0,\"maxValue\":4},\"logo\":{\"@type\":\"ImageObject\",\"url\":\"https:\\\/\\\/bunuri.md\\\/wp-content\\\/uploads\\\/2022\\\/08\\\/logo-bunuri.png\",\"@id\":\"https:\\\/\\\/bunuri.md\\\/ro\\\/shop\\\/atv-viper-110-cm%c2%b3-benzina-puterea-7-c-p\\\/#organizationLogo\",\"width\":250,\"height\":250},\"image\":{\"@id\":\"https:\\\/\\\/bunuri.md\\\/ro\\\/shop\\\/atv-viper-110-cm%c2%b3-benzina-puterea-7-c-p\\\/#organizationLogo\"},\"sameAs\":[\"https:\\\/\\\/facebook.com\\\/https:\\\/\\\/www.facebook.com\\\/bunurimag\",\"https:\\\/\\\/x.com\\\/https:\\\/\\\/www.facebook.com\\\/bunurimag\",\"https:\\\/\\\/instagram.com\\\/https:\\\/\\\/www.facebook.com\\\/bunurimag\",\"https:\\\/\\\/pinterest.com\\\/https:\\\/\\\/www.facebook.com\\\/bunurimag\",\"https:\\\/\\\/youtube.com\\\/https:\\\/\\\/www.facebook.com\\\/bunurimag\",\"https:\\\/\\\/linkedin.com\\\/in\\\/https:\\\/\\\/www.facebook.com\\\/bunurimag\",\"https:\\\/\\\/soundcloud.com\\\/https:\\\/\\\/www.facebook.com\\\/bunurimag\"],\"address\":{\"@id\":\"https:\\\/\\\/bunuri.md\\\/ro\\\/#postaladdress\",\"@type\":\"PostalAddress\",\"streetAddress\":\"\\u0420. \\u041c\\u043e\\u043b\\u0434\\u043e\\u0432\\u0430, \\u0433. \\u0425\\u044b\\u043d\\u0447\\u0435\\u0448\\u0442\\u044b\",\"postalCode\":\"3401\",\"addressLocality\":\"\\u0425\\u044b\\u043d\\u0447\\u0435\\u0448\\u0442\\u044b\",\"addressRegion\":\"Moldova\",\"addressCountry\":\"MD\"}},{\"@type\":\"WebPage\",\"@id\":\"https:\\\/\\\/bunuri.md\\\/ro\\\/shop\\\/atv-viper-110-cm%c2%b3-benzina-puterea-7-c-p\\\/#webpage\",\"url\":\"https:\\\/\\\/bunuri.md\\\/ro\\\/shop\\\/atv-viper-110-cm%c2%b3-benzina-puterea-7-c-p\\\/\",\"name\":\"ATV Viper 110 cm\\u00b3, benzin\\u0103, puterea 7 c. p.\",\"description\":\"Proiectat special pentru tinerii motocicli\\u0219ti. P\\u0103rin\\u021bii pot seta limita de vitez\\u0103, folosind regulatorul \\u00eencorporat, set\\u00e2nd maximul la 15-25 km\\\/h.\",\"inLanguage\":\"ro-RO\",\"isPartOf\":{\"@id\":\"https:\\\/\\\/bunuri.md\\\/ro\\\/#website\"},\"breadcrumb\":{\"@id\":\"https:\\\/\\\/bunuri.md\\\/ro\\\/shop\\\/atv-viper-110-cm%c2%b3-benzina-puterea-7-c-p\\\/#breadcrumblist\"},\"image\":{\"@type\":\"ImageObject\",\"url\":\"https:\\\/\\\/bunuri.md\\\/wp-content\\\/uploads\\\/2025\\\/03\\\/Cvadroticl_Viper_110.png\",\"@id\":\"https:\\\/\\\/bunuri.md\\\/ro\\\/shop\\\/atv-viper-110-cm%c2%b3-benzina-puterea-7-c-p\\\/#mainImage\",\"width\":501,\"height\":498,\"caption\":\"Cvadroticl_Viper_110\"},\"primaryImageOfPage\":{\"@id\":\"https:\\\/\\\/bunuri.md\\\/ro\\\/shop\\\/atv-viper-110-cm%c2%b3-benzina-puterea-7-c-p\\\/#mainImage\"},\"datePublished\":\"2025-03-22T18:50:14+03:00\",\"dateModified\":\"2025-03-22T19:42:42+03:00\"},{\"@type\":\"WebSite\",\"@id\":\"https:\\\/\\\/bunuri.md\\\/ro\\\/#website\",\"url\":\"https:\\\/\\\/bunuri.md\\\/ro\\\/\",\"name\":\"www.bunuri.md\",\"alternateName\":\"bunuri.md\",\"description\":\"Bunuri.md este un magazin online care livreaz\\u0103 \\u0219i comercializeaz\\u0103 o gam\\u0103 larg\\u0103 de m\\u0103rfuri de diverse categorii pe \\u00eentreg teritoriul Republicii Moldova.\",\"inLanguage\":\"ro-RO\",\"publisher\":{\"@id\":\"https:\\\/\\\/bunuri.md\\\/ro\\\/#organization\"}}]}\n\t\t<\/script>\n\t\t<!-- All in One SEO Pro -->\r\n\t\t<title>ATV Viper 110 cm\u00b3, benzin\u0103, puterea 7 c. p.<\/title>\n\n","aioseo_head_json":{"title":"ATV Viper 110 cm\u00b3, benzin\u0103, puterea 7 c. p.","description":"Proiectat special pentru tinerii motocicli\u0219ti. P\u0103rin\u021bii pot seta limita de vitez\u0103, folosind regulatorul \u00eencorporat, set\u00e2nd maximul la 15-25 km\/h.","canonical_url":"https:\/\/bunuri.md\/ro\/shop\/atv-viper-110-cm%c2%b3-benzina-puterea-7-c-p\/","robots":"max-image-preview:large","keywords":"","webmasterTools":{"miscellaneous":""},"schema":{"@context":"https:\/\/schema.org","@graph":[{"@type":"BreadcrumbList","@id":"https:\/\/bunuri.md\/ro\/shop\/atv-viper-110-cm%c2%b3-benzina-puterea-7-c-p\/#breadcrumblist","itemListElement":[{"@type":"ListItem","@id":"https:\/\/bunuri.md\/ro\/#listItem","position":1,"name":"Home","item":"https:\/\/bunuri.md\/ro\/","nextItem":{"@type":"ListItem","@id":"https:\/\/bunuri.md\/ro\/shop-2\/#listItem","name":"Magazin"}},{"@type":"ListItem","@id":"https:\/\/bunuri.md\/ro\/shop-2\/#listItem","position":2,"name":"Magazin","item":"https:\/\/bunuri.md\/ro\/shop-2\/","nextItem":{"@type":"ListItem","@id":"https:\/\/bunuri.md\/ro\/product-category\/atv-uri-sportive\/#listItem","name":"ATV-uri sportive"},"previousItem":{"@type":"ListItem","@id":"https:\/\/bunuri.md\/ro\/#listItem","name":"Home"}},{"@type":"ListItem","@id":"https:\/\/bunuri.md\/ro\/product-category\/atv-uri-sportive\/#listItem","position":3,"name":"ATV-uri sportive","item":"https:\/\/bunuri.md\/ro\/product-category\/atv-uri-sportive\/","nextItem":{"@type":"ListItem","@id":"https:\/\/bunuri.md\/ro\/shop\/atv-viper-110-cm%c2%b3-benzina-puterea-7-c-p\/#listItem","name":"ATV Viper 110 cm\u00b3, benzin\u0103, puterea 7 c. p."},"previousItem":{"@type":"ListItem","@id":"https:\/\/bunuri.md\/ro\/shop-2\/#listItem","name":"Magazin"}},{"@type":"ListItem","@id":"https:\/\/bunuri.md\/ro\/shop\/atv-viper-110-cm%c2%b3-benzina-puterea-7-c-p\/#listItem","position":4,"name":"ATV Viper 110 cm\u00b3, benzin\u0103, puterea 7 c. p.","previousItem":{"@type":"ListItem","@id":"https:\/\/bunuri.md\/ro\/product-category\/atv-uri-sportive\/#listItem","name":"ATV-uri sportive"}}]},{"@type":"ItemPage","@id":"https:\/\/bunuri.md\/ro\/shop\/atv-viper-110-cm%c2%b3-benzina-puterea-7-c-p\/#itempage","url":"https:\/\/bunuri.md\/ro\/shop\/atv-viper-110-cm%c2%b3-benzina-puterea-7-c-p\/","name":"ATV Viper 110 cm\u00b3, benzin\u0103, puterea 7 c. p.","description":"Proiectat special pentru tinerii motocicli\u0219ti. P\u0103rin\u021bii pot seta limita de vitez\u0103, folosind regulatorul \u00eencorporat, set\u00e2nd maximul la 15-25 km\/h.","inLanguage":"ro-RO","isPartOf":{"@id":"https:\/\/bunuri.md\/ro\/#website"},"breadcrumb":{"@id":"https:\/\/bunuri.md\/ro\/shop\/atv-viper-110-cm%c2%b3-benzina-puterea-7-c-p\/#breadcrumblist"},"image":{"@type":"ImageObject","url":"https:\/\/bunuri.md\/wp-content\/uploads\/2025\/03\/Cvadroticl_Viper_110.png","@id":"https:\/\/bunuri.md\/ro\/shop\/atv-viper-110-cm%c2%b3-benzina-puterea-7-c-p\/#mainImage","width":501,"height":498,"caption":"Cvadroticl_Viper_110"},"primaryImageOfPage":{"@id":"https:\/\/bunuri.md\/ro\/shop\/atv-viper-110-cm%c2%b3-benzina-puterea-7-c-p\/#mainImage"},"datePublished":"2025-03-22T18:50:14+03:00","dateModified":"2025-03-22T19:42:42+03:00"},{"@type":"Organization","@id":"https:\/\/bunuri.md\/ro\/#organization","name":"\u00centreprinderea Individual\u0103 \"Buldumac Aliona\"","description":"\u0418\u041f \u00ab\u0411\u0443\u043b\u0434\u0443\u043c\u0430\u043a \u0410\u043b\u0435\u043d\u0430\u00bb - \u044d\u0442\u043e \u043d\u0430\u0434\u0451\u0436\u043d\u044b\u0439 \u0438 \u043e\u0440\u0438\u0435\u043d\u0442\u0438\u0440\u043e\u0432\u0430\u043d\u043d\u044b\u0439 \u043d\u0430 \u043a\u043b\u0438\u0435\u043d\u0442\u0430 \u0431\u0438\u0437\u043d\u0435\u0441, \u043f\u0440\u0435\u0434\u043b\u0430\u0433\u0430\u044e\u0449\u0438\u0439 \u043a\u0430\u0447\u0435\u0441\u0442\u0432\u0435\u043d\u043d\u044b\u0435 \u0442\u043e\u0432\u0430\u0440\u044b, \u0443\u0441\u043b\u0443\u0433\u0438 \u0441 \u0430\u043a\u0446\u0435\u043d\u0442\u043e\u043c \u043d\u0430 \u043f\u0440\u0430\u043a\u0442\u0438\u0447\u043d\u043e\u0441\u0442\u044c \u0438 \u0447\u0435\u0441\u0442\u043d\u044b\u0439 \u043f\u043e\u0434\u0445\u043e\u0434.","url":"https:\/\/bunuri.md\/ro\/","email":"bunuri.md@gmail.com","telephone":"+37379512557","foundingDate":"2006-09-27","numberOfEmployees":{"@type":"QuantitativeValue","minValue":0,"maxValue":4},"logo":{"@type":"ImageObject","url":"https:\/\/bunuri.md\/wp-content\/uploads\/2022\/08\/logo-bunuri.png","@id":"https:\/\/bunuri.md\/ro\/shop\/atv-viper-110-cm%c2%b3-benzina-puterea-7-c-p\/#organizationLogo","width":250,"height":250},"image":{"@id":"https:\/\/bunuri.md\/ro\/shop\/atv-viper-110-cm%c2%b3-benzina-puterea-7-c-p\/#organizationLogo"},"sameAs":["https:\/\/facebook.com\/https:\/\/www.facebook.com\/bunurimag","https:\/\/x.com\/https:\/\/www.facebook.com\/bunurimag","https:\/\/instagram.com\/https:\/\/www.facebook.com\/bunurimag","https:\/\/pinterest.com\/https:\/\/www.facebook.com\/bunurimag","https:\/\/youtube.com\/https:\/\/www.facebook.com\/bunurimag","https:\/\/linkedin.com\/in\/https:\/\/www.facebook.com\/bunurimag","https:\/\/soundcloud.com\/https:\/\/www.facebook.com\/bunurimag"],"address":{"@id":"https:\/\/bunuri.md\/ro\/#postaladdress","@type":"PostalAddress","streetAddress":"\u0420. \u041c\u043e\u043b\u0434\u043e\u0432\u0430, \u0433. \u0425\u044b\u043d\u0447\u0435\u0448\u0442\u044b","postalCode":"3401","addressLocality":"\u0425\u044b\u043d\u0447\u0435\u0448\u0442\u044b","addressRegion":"Moldova","addressCountry":"MD"}},{"@type":"WebPage","@id":"https:\/\/bunuri.md\/ro\/shop\/atv-viper-110-cm%c2%b3-benzina-puterea-7-c-p\/#webpage","url":"https:\/\/bunuri.md\/ro\/shop\/atv-viper-110-cm%c2%b3-benzina-puterea-7-c-p\/","name":"ATV Viper 110 cm\u00b3, benzin\u0103, puterea 7 c. p.","description":"Proiectat special pentru tinerii motocicli\u0219ti. P\u0103rin\u021bii pot seta limita de vitez\u0103, folosind regulatorul \u00eencorporat, set\u00e2nd maximul la 15-25 km\/h.","inLanguage":"ro-RO","isPartOf":{"@id":"https:\/\/bunuri.md\/ro\/#website"},"breadcrumb":{"@id":"https:\/\/bunuri.md\/ro\/shop\/atv-viper-110-cm%c2%b3-benzina-puterea-7-c-p\/#breadcrumblist"},"image":{"@type":"ImageObject","url":"https:\/\/bunuri.md\/wp-content\/uploads\/2025\/03\/Cvadroticl_Viper_110.png","@id":"https:\/\/bunuri.md\/ro\/shop\/atv-viper-110-cm%c2%b3-benzina-puterea-7-c-p\/#mainImage","width":501,"height":498,"caption":"Cvadroticl_Viper_110"},"primaryImageOfPage":{"@id":"https:\/\/bunuri.md\/ro\/shop\/atv-viper-110-cm%c2%b3-benzina-puterea-7-c-p\/#mainImage"},"datePublished":"2025-03-22T18:50:14+03:00","dateModified":"2025-03-22T19:42:42+03:00"},{"@type":"WebSite","@id":"https:\/\/bunuri.md\/ro\/#website","url":"https:\/\/bunuri.md\/ro\/","name":"www.bunuri.md","alternateName":"bunuri.md","description":"Bunuri.md este un magazin online care livreaz\u0103 \u0219i comercializeaz\u0103 o gam\u0103 larg\u0103 de m\u0103rfuri de diverse categorii pe \u00eentreg teritoriul Republicii Moldova.","inLanguage":"ro-RO","publisher":{"@id":"https:\/\/bunuri.md\/ro\/#organization"}}]},"og:locale":"ro_RO","og:site_name":"\u0418\u043d\u0442\u0435\u0440\u043d\u0435\u0442 \u043c\u0430\u0433\u0430\u0437\u0438\u043d \u041c\u043e\u043b\u0434\u043e\u0432\u0430 | Bunuri.md este un magazin online care livreaz\u0103 \u0219i comercializeaz\u0103 o gam\u0103 larg\u0103 de m\u0103rfuri de diverse categorii pe \u00eentreg teritoriul Republicii Moldova.","og:type":"article","og:title":"ATV Viper 110 cm\u00b3, benzin\u0103, puterea 7 c. p.","og:description":"Proiectat special pentru tinerii motocicli\u0219ti. P\u0103rin\u021bii pot seta limita de vitez\u0103, folosind regulatorul \u00eencorporat, set\u00e2nd maximul la 15-25 km\/h.","og:url":"https:\/\/bunuri.md\/ro\/shop\/atv-viper-110-cm%c2%b3-benzina-puterea-7-c-p\/","og:image":"https:\/\/bunuri.md\/wp-content\/uploads\/2022\/10\/logobu.png","og:image:secure_url":"https:\/\/bunuri.md\/wp-content\/uploads\/2022\/10\/logobu.png","og:image:width":200,"og:image:height":200,"article:published_time":"2025-03-22T16:32:07+00:00","article:modified_time":"2025-03-22T16:42:42+00:00","article:publisher":"https:\/\/facebook.com\/https:\/\/www.facebook.com\/bunurimag","twitter:card":"summary","twitter:site":"@https:","twitter:title":"ATV Viper 110 cm\u00b3, benzin\u0103, puterea 7 c. p.","twitter:description":"Proiectat special pentru tinerii motocicli\u0219ti. P\u0103rin\u021bii pot seta limita de vitez\u0103, folosind regulatorul \u00eencorporat, set\u00e2nd maximul la 15-25 km\/h.","twitter:image":"https:\/\/bunuri.md\/wp-content\/uploads\/2022\/10\/logobu.png"},"aioseo_meta_data":{"post_id":"10433","title":"ATV Viper 110 cm\u00b3, benzin\u0103, puterea 7 c. p.","description":"Proiectat special pentru tinerii motocicli\u0219ti. P\u0103rin\u021bii pot seta limita de vitez\u0103, folosind regulatorul \u00eencorporat, set\u00e2nd maximul la 15-25 km\/h.","keywords":null,"keyphrases":{"focus":{"keyphrase":"","score":0,"analysis":{"keyphraseInTitle":{"score":0,"maxScore":9,"error":1}}},"additional":[]},"primary_term":null,"canonical_url":null,"og_title":null,"og_description":null,"og_object_type":"default","og_image_type":"default","og_image_url":null,"og_image_width":null,"og_image_height":null,"og_image_custom_url":null,"og_image_custom_fields":null,"og_video":"","og_custom_url":null,"og_article_section":null,"og_article_tags":null,"twitter_use_og":false,"twitter_card":"default","twitter_image_type":"default","twitter_image_url":null,"twitter_image_custom_url":null,"twitter_image_custom_fields":null,"twitter_title":null,"twitter_description":null,"schema":{"blockGraphs":[],"customGraphs":[],"default":{"data":{"Article":[],"Course":[],"Dataset":[],"FAQPage":[],"Movie":[],"Person":[],"Product":[],"ProductReview":[],"Car":[],"Recipe":[],"Service":[],"SoftwareApplication":[],"WebPage":[]},"graphName":"ItemPage","isEnabled":true},"graphs":[]},"schema_type":"default","schema_type_options":null,"pillar_content":false,"robots_default":true,"robots_noindex":false,"robots_noarchive":false,"robots_nosnippet":false,"robots_nofollow":false,"robots_noimageindex":false,"robots_noodp":false,"robots_notranslate":false,"robots_max_snippet":"-1","robots_max_videopreview":"-1","robots_max_imagepreview":"large","priority":null,"frequency":"default","local_seo":null,"seo_analyzer_scan_date":null,"breadcrumb_settings":null,"limit_modified_date":false,"reviewed_by":null,"open_ai":"{\"title\":{\"suggestions\":[],\"usage\":0},\"description\":{\"suggestions\":[],\"usage\":0}}","ai":null,"created":"2025-03-22 16:27:03","updated":"2025-05-30 05:52:32"},"aioseo_breadcrumb":"<div class=\"aioseo-breadcrumbs\"><span class=\"aioseo-breadcrumb\">\n\t<a href=\"https:\/\/bunuri.md\/ro\/\" title=\"Home\">Home<\/a>\n<\/span><span class=\"aioseo-breadcrumb-separator\">\u00bb<\/span><span class=\"aioseo-breadcrumb\">\n\t<a href=\"https:\/\/bunuri.md\/ro\/shop-2\/\" title=\"Magazin\">Magazin<\/a>\n<\/span><span class=\"aioseo-breadcrumb-separator\">\u00bb<\/span><span class=\"aioseo-breadcrumb\">\n\t<a href=\"https:\/\/bunuri.md\/ro\/product-category\/atv-uri-sportive\/\" title=\"ATV-uri sportive\">ATV-uri sportive<\/a>\n<\/span><span class=\"aioseo-breadcrumb-separator\">\u00bb<\/span><span class=\"aioseo-breadcrumb\">\n\tATV Viper 110 cm\u00b3, benzin\u0103, puterea 7 c. p.\n<\/span><\/div>","aioseo_breadcrumb_json":[{"label":"Home","link":"https:\/\/bunuri.md\/ro\/"},{"label":"Magazin","link":"https:\/\/bunuri.md\/ro\/shop-2\/"},{"label":"ATV-uri sportive","link":"https:\/\/bunuri.md\/ro\/product-category\/atv-uri-sportive\/"},{"label":"ATV Viper 110 cm\u00b3, benzin\u0103, puterea 7 c. p.","link":"https:\/\/bunuri.md\/ro\/shop\/atv-viper-110-cm%c2%b3-benzina-puterea-7-c-p\/"}],"brands":[],"_links":{"self":[{"href":"https:\/\/bunuri.md\/ro\/wp-json\/wp\/v2\/product\/10433","targetHints":{"allow":["GET"]}}],"collection":[{"href":"https:\/\/bunuri.md\/ro\/wp-json\/wp\/v2\/product"}],"about":[{"href":"https:\/\/bunuri.md\/ro\/wp-json\/wp\/v2\/types\/product"}],"replies":[{"embeddable":true,"href":"https:\/\/bunuri.md\/ro\/wp-json\/wp\/v2\/comments?post=10433"}],"wp:featuredmedia":[{"embeddable":true,"href":"https:\/\/bunuri.md\/ro\/wp-json\/wp\/v2\/media\/10429"}],"wp:attachment":[{"href":"https:\/\/bunuri.md\/ro\/wp-json\/wp\/v2\/media?parent=10433"}],"wp:term":[{"taxonomy":"pwb-brand","embeddable":true,"href":"https:\/\/bunuri.md\/ro\/wp-json\/wp\/v2\/pwb-brand?post=10433"},{"taxonomy":"product_brand","embeddable":true,"href":"https:\/\/bunuri.md\/ro\/wp-json\/wp\/v2\/product_brand?post=10433"},{"taxonomy":"product_cat","embeddable":true,"href":"https:\/\/bunuri.md\/ro\/wp-json\/wp\/v2\/product_cat?post=10433"},{"taxonomy":"product_tag","embeddable":true,"href":"https:\/\/bunuri.md\/ro\/wp-json\/wp\/v2\/product_tag?post=10433"}],"curies":[{"name":"wp","href":"https:\/\/api.w.org\/{rel}","templated":true}]}}