{"id":10437,"date":"2025-03-21T20:56:43","date_gmt":"2025-03-22T17:26:34","guid":{"rendered":"https:\/\/bunuri.md\/?post_type=product&#038;p=10437"},"modified":"2025-03-22T20:36:49","modified_gmt":"2025-03-22T17:36:49","slug":"atv-viper-200-cm%c2%b3-benzina-puterea-18-c-p","status":"publish","type":"product","link":"https:\/\/bunuri.md\/ro\/shop\/atv-viper-200-cm%c2%b3-benzina-puterea-18-c-p\/","title":{"rendered":"ATV Viper 200 cm\u00b3, benzin\u0103, puterea 18 c. p."},"content":{"rendered":"<p><strong>ATV-ul Viper cu motor de 200 cm\u00b3<\/strong>&#8211;<a href=\"https:\/\/bunuri.md\/ro\/product-category\/piese-de-schimb-pentru-motociclete-scutere\/\"> este un model popular \u00een segmentul de buget, destinat at\u00e2t \u00eencep\u0103torilor, c\u00e2t \u0219i motociclistilor experimenta\u021bi, pentru recreere activ\u0103 sau lucr\u0103ri u\u0219oare de utilitate. Specifica\u021biile pot varia u\u0219or \u00een func\u021bie de modificarea specific\u0103 \u0219i anul de fabrica\u021bie.<\/a><br \/>\n<strong>NOTA:<\/strong><br \/>\n<strong>Sunt disponibile urm\u0103toarele culori: gri, negru \u0219i ro\u0219u, negru \u0219i verde, negru \u0219i gri.<\/strong><\/p>\n<p><strong>Principalele caracteristici:<\/strong><\/p>\n<ul>\n<li><strong>Motor:<\/strong> \u00een 4 timpi, monocilindru, r\u0103cit cu aer.<\/li>\n<li><strong>Capacitate motor:<\/strong> 200 cm\u00b3.<\/li>\n<li><strong>Sistem de aprindere:<\/strong> electronic (CDI).<\/li>\n<li><strong>Putere:<\/strong> aproximativ 15-18 c. p. (\u00een func\u021bie de versiune).<\/li>\n<li><strong>Transmisie:<\/strong> automat\u0103 (variator) cu mar\u0219arier (\u00eenainte\/\u00eenapoi).<\/li>\n<li><strong>Conducere:<\/strong> spate (de obicei).<\/li>\n<li><strong>Sistem de pornire:<\/strong> demaror electric + demaror manual (la unele modele).<\/li>\n<li><strong>Frane fata:<\/strong> disc.<\/li>\n<li><strong>Fr\u00e2ne spate:<\/strong> disc sau tambur (\u00een func\u021bie de versiune).<\/li>\n<li><strong>Ro\u021bi:<\/strong><\/li>\n<li><strong>Viteza maxima:<\/strong> aproximativ 60-70 km\/h.<\/li>\n<li><strong>Capacitate rezervor combustibil:<\/strong> 5-7 litri.<\/li>\n<li><strong>Greutate:<\/strong> aproximativ 150-180 kg.<\/li>\n<li><strong>Capacitate de \u00eenc\u0103rcare:<\/strong> p\u00e2n\u0103 la 150 kg.<\/li>\n<\/ul>\n","protected":false},"excerpt":{"rendered":"<p>Un ATV puternic \u0219i versatil care poate face fa\u021b\u0103 cu \u00eencredere oric\u0103rei provoc\u0103ri, fie c\u0103 este vorba de terenuri off-road, noroioase sau st\u00e2ncoase.<\/p>\n","protected":false},"featured_media":10405,"comment_status":"closed","ping_status":"closed","template":"","meta":{"om_disable_all_campaigns":false},"pwb-brand":[],"product_brand":[],"product_cat":[557],"product_tag":[],"class_list":{"0":"post-10437","1":"product","2":"type-product","3":"status-publish","4":"has-post-thumbnail","6":"product_cat-atv-uri-sportive","8":"first","9":"instock","10":"sale","11":"purchasable","12":"product-type-simple"},"aioseo_notices":[],"aioseo_head":"\n\t\t<!-- All in One SEO Pro 4.9.7.1 - aioseo.com -->\n\t<meta name=\"description\" content=\"Un ATV puternic \u0219i versatil care poate face fa\u021b\u0103 cu \u00eencredere oric\u0103rei provoc\u0103ri, fie c\u0103 este vorba de terenuri off-road, noroioase sau st\u00e2ncoase.\" \/>\n\t<meta name=\"robots\" content=\"max-image-preview:large\" \/>\n\t<link rel=\"canonical\" href=\"https:\/\/bunuri.md\/ro\/shop\/atv-viper-200-cm%c2%b3-benzina-puterea-18-c-p\/\" \/>\n\t<meta name=\"generator\" content=\"All in One SEO Pro (AIOSEO) 4.9.7.1\" \/>\n\t\t<meta property=\"og:locale\" content=\"ro_RO\" \/>\n\t\t<meta property=\"og:site_name\" content=\"\u0418\u043d\u0442\u0435\u0440\u043d\u0435\u0442 \u043c\u0430\u0433\u0430\u0437\u0438\u043d \u041c\u043e\u043b\u0434\u043e\u0432\u0430 | Bunuri.md este un magazin online care livreaz\u0103 \u0219i comercializeaz\u0103 o gam\u0103 larg\u0103 de m\u0103rfuri de diverse categorii pe \u00eentreg teritoriul Republicii Moldova.\" \/>\n\t\t<meta property=\"og:type\" content=\"article\" \/>\n\t\t<meta property=\"og:title\" content=\"ATV Viper 200 cm\u00b3, benzin\u0103, puterea 18 c. p.\" \/>\n\t\t<meta property=\"og:description\" content=\"Un ATV puternic \u0219i versatil care poate face fa\u021b\u0103 cu \u00eencredere oric\u0103rei provoc\u0103ri, fie c\u0103 este vorba de terenuri off-road, noroioase sau st\u00e2ncoase.\" \/>\n\t\t<meta property=\"og:url\" content=\"https:\/\/bunuri.md\/ro\/shop\/atv-viper-200-cm%c2%b3-benzina-puterea-18-c-p\/\" \/>\n\t\t<meta property=\"og:image\" content=\"https:\/\/bunuri.md\/wp-content\/uploads\/2022\/10\/logobu.png\" \/>\n\t\t<meta property=\"og:image:secure_url\" content=\"https:\/\/bunuri.md\/wp-content\/uploads\/2022\/10\/logobu.png\" \/>\n\t\t<meta property=\"og:image:width\" content=\"200\" \/>\n\t\t<meta property=\"og:image:height\" content=\"200\" \/>\n\t\t<meta property=\"article:published_time\" content=\"2025-03-22T17:26:34+00:00\" \/>\n\t\t<meta property=\"article:modified_time\" content=\"2025-03-22T17:36:49+00:00\" \/>\n\t\t<meta property=\"article:publisher\" content=\"https:\/\/facebook.com\/https:\/\/www.facebook.com\/bunurimag\" \/>\n\t\t<meta name=\"twitter:card\" content=\"summary\" \/>\n\t\t<meta name=\"twitter:site\" content=\"@https:\" \/>\n\t\t<meta name=\"twitter:title\" content=\"ATV Viper 200 cm\u00b3, benzin\u0103, puterea 18 c. p.\" \/>\n\t\t<meta name=\"twitter:description\" content=\"Un ATV puternic \u0219i versatil care poate face fa\u021b\u0103 cu \u00eencredere oric\u0103rei provoc\u0103ri, fie c\u0103 este vorba de terenuri off-road, noroioase sau st\u00e2ncoase.\" \/>\n\t\t<meta name=\"twitter:image\" content=\"https:\/\/bunuri.md\/wp-content\/uploads\/2022\/10\/logobu.png\" \/>\n\t\t<script type=\"application\/ld+json\" class=\"aioseo-schema\">\n\t\t\t{\"@context\":\"https:\\\/\\\/schema.org\",\"@graph\":[{\"@type\":\"BreadcrumbList\",\"@id\":\"https:\\\/\\\/bunuri.md\\\/ro\\\/shop\\\/atv-viper-200-cm%c2%b3-benzina-puterea-18-c-p\\\/#breadcrumblist\",\"itemListElement\":[{\"@type\":\"ListItem\",\"@id\":\"https:\\\/\\\/bunuri.md\\\/ro\\\/#listItem\",\"position\":1,\"name\":\"Home\",\"item\":\"https:\\\/\\\/bunuri.md\\\/ro\\\/\",\"nextItem\":{\"@type\":\"ListItem\",\"@id\":\"https:\\\/\\\/bunuri.md\\\/ro\\\/shop-2\\\/#listItem\",\"name\":\"Magazin\"}},{\"@type\":\"ListItem\",\"@id\":\"https:\\\/\\\/bunuri.md\\\/ro\\\/shop-2\\\/#listItem\",\"position\":2,\"name\":\"Magazin\",\"item\":\"https:\\\/\\\/bunuri.md\\\/ro\\\/shop-2\\\/\",\"nextItem\":{\"@type\":\"ListItem\",\"@id\":\"https:\\\/\\\/bunuri.md\\\/ro\\\/product-category\\\/atv-uri-sportive\\\/#listItem\",\"name\":\"ATV-uri sportive\"},\"previousItem\":{\"@type\":\"ListItem\",\"@id\":\"https:\\\/\\\/bunuri.md\\\/ro\\\/#listItem\",\"name\":\"Home\"}},{\"@type\":\"ListItem\",\"@id\":\"https:\\\/\\\/bunuri.md\\\/ro\\\/product-category\\\/atv-uri-sportive\\\/#listItem\",\"position\":3,\"name\":\"ATV-uri sportive\",\"item\":\"https:\\\/\\\/bunuri.md\\\/ro\\\/product-category\\\/atv-uri-sportive\\\/\",\"nextItem\":{\"@type\":\"ListItem\",\"@id\":\"https:\\\/\\\/bunuri.md\\\/ro\\\/shop\\\/atv-viper-200-cm%c2%b3-benzina-puterea-18-c-p\\\/#listItem\",\"name\":\"ATV Viper 200 cm\\u00b3, benzin\\u0103, puterea 18 c. p.\"},\"previousItem\":{\"@type\":\"ListItem\",\"@id\":\"https:\\\/\\\/bunuri.md\\\/ro\\\/shop-2\\\/#listItem\",\"name\":\"Magazin\"}},{\"@type\":\"ListItem\",\"@id\":\"https:\\\/\\\/bunuri.md\\\/ro\\\/shop\\\/atv-viper-200-cm%c2%b3-benzina-puterea-18-c-p\\\/#listItem\",\"position\":4,\"name\":\"ATV Viper 200 cm\\u00b3, benzin\\u0103, puterea 18 c. p.\",\"previousItem\":{\"@type\":\"ListItem\",\"@id\":\"https:\\\/\\\/bunuri.md\\\/ro\\\/product-category\\\/atv-uri-sportive\\\/#listItem\",\"name\":\"ATV-uri sportive\"}}]},{\"@type\":\"ItemPage\",\"@id\":\"https:\\\/\\\/bunuri.md\\\/ro\\\/shop\\\/atv-viper-200-cm%c2%b3-benzina-puterea-18-c-p\\\/#itempage\",\"url\":\"https:\\\/\\\/bunuri.md\\\/ro\\\/shop\\\/atv-viper-200-cm%c2%b3-benzina-puterea-18-c-p\\\/\",\"name\":\"ATV Viper 200 cm\\u00b3, benzin\\u0103, puterea 18 c. p.\",\"description\":\"Un ATV puternic \\u0219i versatil care poate face fa\\u021b\\u0103 cu \\u00eencredere oric\\u0103rei provoc\\u0103ri, fie c\\u0103 este vorba de terenuri off-road, noroioase sau st\\u00e2ncoase.\",\"inLanguage\":\"ro-RO\",\"isPartOf\":{\"@id\":\"https:\\\/\\\/bunuri.md\\\/ro\\\/#website\"},\"breadcrumb\":{\"@id\":\"https:\\\/\\\/bunuri.md\\\/ro\\\/shop\\\/atv-viper-200-cm%c2%b3-benzina-puterea-18-c-p\\\/#breadcrumblist\"},\"image\":{\"@type\":\"ImageObject\",\"url\":\"https:\\\/\\\/bunuri.md\\\/wp-content\\\/uploads\\\/2025\\\/03\\\/Viper_200_Andr_1.png\",\"@id\":\"https:\\\/\\\/bunuri.md\\\/ro\\\/shop\\\/atv-viper-200-cm%c2%b3-benzina-puterea-18-c-p\\\/#mainImage\",\"width\":498,\"height\":501,\"caption\":\"Viper_200_Andr_1\"},\"primaryImageOfPage\":{\"@id\":\"https:\\\/\\\/bunuri.md\\\/ro\\\/shop\\\/atv-viper-200-cm%c2%b3-benzina-puterea-18-c-p\\\/#mainImage\"},\"datePublished\":\"2025-03-21T20:56:43+03:00\",\"dateModified\":\"2025-03-22T20:36:49+03:00\"},{\"@type\":\"Organization\",\"@id\":\"https:\\\/\\\/bunuri.md\\\/ro\\\/#organization\",\"name\":\"\\u00centreprinderea Individual\\u0103 \\\"Buldumac Aliona\\\"\",\"description\":\"\\u0418\\u041f \\u00ab\\u0411\\u0443\\u043b\\u0434\\u0443\\u043c\\u0430\\u043a \\u0410\\u043b\\u0435\\u043d\\u0430\\u00bb - \\u044d\\u0442\\u043e \\u043d\\u0430\\u0434\\u0451\\u0436\\u043d\\u044b\\u0439 \\u0438 \\u043e\\u0440\\u0438\\u0435\\u043d\\u0442\\u0438\\u0440\\u043e\\u0432\\u0430\\u043d\\u043d\\u044b\\u0439 \\u043d\\u0430 \\u043a\\u043b\\u0438\\u0435\\u043d\\u0442\\u0430 \\u0431\\u0438\\u0437\\u043d\\u0435\\u0441, \\u043f\\u0440\\u0435\\u0434\\u043b\\u0430\\u0433\\u0430\\u044e\\u0449\\u0438\\u0439 \\u043a\\u0430\\u0447\\u0435\\u0441\\u0442\\u0432\\u0435\\u043d\\u043d\\u044b\\u0435 \\u0442\\u043e\\u0432\\u0430\\u0440\\u044b, \\u0443\\u0441\\u043b\\u0443\\u0433\\u0438 \\u0441 \\u0430\\u043a\\u0446\\u0435\\u043d\\u0442\\u043e\\u043c \\u043d\\u0430 \\u043f\\u0440\\u0430\\u043a\\u0442\\u0438\\u0447\\u043d\\u043e\\u0441\\u0442\\u044c \\u0438 \\u0447\\u0435\\u0441\\u0442\\u043d\\u044b\\u0439 \\u043f\\u043e\\u0434\\u0445\\u043e\\u0434.\",\"url\":\"https:\\\/\\\/bunuri.md\\\/ro\\\/\",\"email\":\"bunuri.md@gmail.com\",\"telephone\":\"+37379512557\",\"foundingDate\":\"2006-09-27\",\"numberOfEmployees\":{\"@type\":\"QuantitativeValue\",\"minValue\":0,\"maxValue\":4},\"logo\":{\"@type\":\"ImageObject\",\"url\":\"https:\\\/\\\/bunuri.md\\\/wp-content\\\/uploads\\\/2022\\\/08\\\/logo-bunuri.png\",\"@id\":\"https:\\\/\\\/bunuri.md\\\/ro\\\/shop\\\/atv-viper-200-cm%c2%b3-benzina-puterea-18-c-p\\\/#organizationLogo\",\"width\":250,\"height\":250},\"image\":{\"@id\":\"https:\\\/\\\/bunuri.md\\\/ro\\\/shop\\\/atv-viper-200-cm%c2%b3-benzina-puterea-18-c-p\\\/#organizationLogo\"},\"sameAs\":[\"https:\\\/\\\/facebook.com\\\/https:\\\/\\\/www.facebook.com\\\/bunurimag\",\"https:\\\/\\\/x.com\\\/https:\\\/\\\/www.facebook.com\\\/bunurimag\",\"https:\\\/\\\/instagram.com\\\/https:\\\/\\\/www.facebook.com\\\/bunurimag\",\"https:\\\/\\\/pinterest.com\\\/https:\\\/\\\/www.facebook.com\\\/bunurimag\",\"https:\\\/\\\/youtube.com\\\/https:\\\/\\\/www.facebook.com\\\/bunurimag\",\"https:\\\/\\\/linkedin.com\\\/in\\\/https:\\\/\\\/www.facebook.com\\\/bunurimag\",\"https:\\\/\\\/soundcloud.com\\\/https:\\\/\\\/www.facebook.com\\\/bunurimag\"],\"address\":{\"@id\":\"https:\\\/\\\/bunuri.md\\\/ro\\\/#postaladdress\",\"@type\":\"PostalAddress\",\"streetAddress\":\"\\u0420. \\u041c\\u043e\\u043b\\u0434\\u043e\\u0432\\u0430, \\u0433. \\u0425\\u044b\\u043d\\u0447\\u0435\\u0448\\u0442\\u044b\",\"postalCode\":\"3401\",\"addressLocality\":\"\\u0425\\u044b\\u043d\\u0447\\u0435\\u0448\\u0442\\u044b\",\"addressRegion\":\"Moldova\",\"addressCountry\":\"MD\"}},{\"@type\":\"WebPage\",\"@id\":\"https:\\\/\\\/bunuri.md\\\/ro\\\/shop\\\/atv-viper-200-cm%c2%b3-benzina-puterea-18-c-p\\\/#webpage\",\"url\":\"https:\\\/\\\/bunuri.md\\\/ro\\\/shop\\\/atv-viper-200-cm%c2%b3-benzina-puterea-18-c-p\\\/\",\"name\":\"ATV Viper 200 cm\\u00b3, benzin\\u0103, puterea 18 c. p.\",\"description\":\"Un ATV puternic \\u0219i versatil care poate face fa\\u021b\\u0103 cu \\u00eencredere oric\\u0103rei provoc\\u0103ri, fie c\\u0103 este vorba de terenuri off-road, noroioase sau st\\u00e2ncoase.\",\"inLanguage\":\"ro-RO\",\"isPartOf\":{\"@id\":\"https:\\\/\\\/bunuri.md\\\/ro\\\/#website\"},\"breadcrumb\":{\"@id\":\"https:\\\/\\\/bunuri.md\\\/ro\\\/shop\\\/atv-viper-200-cm%c2%b3-benzina-puterea-18-c-p\\\/#breadcrumblist\"},\"image\":{\"@type\":\"ImageObject\",\"url\":\"https:\\\/\\\/bunuri.md\\\/wp-content\\\/uploads\\\/2025\\\/03\\\/Viper_200_Andr_1.png\",\"@id\":\"https:\\\/\\\/bunuri.md\\\/ro\\\/shop\\\/atv-viper-200-cm%c2%b3-benzina-puterea-18-c-p\\\/#mainImage\",\"width\":498,\"height\":501,\"caption\":\"Viper_200_Andr_1\"},\"primaryImageOfPage\":{\"@id\":\"https:\\\/\\\/bunuri.md\\\/ro\\\/shop\\\/atv-viper-200-cm%c2%b3-benzina-puterea-18-c-p\\\/#mainImage\"},\"datePublished\":\"2025-03-21T20:56:43+03:00\",\"dateModified\":\"2025-03-22T20:36:49+03:00\"},{\"@type\":\"WebSite\",\"@id\":\"https:\\\/\\\/bunuri.md\\\/ro\\\/#website\",\"url\":\"https:\\\/\\\/bunuri.md\\\/ro\\\/\",\"name\":\"www.bunuri.md\",\"alternateName\":\"bunuri.md\",\"description\":\"Bunuri.md este un magazin online care livreaz\\u0103 \\u0219i comercializeaz\\u0103 o gam\\u0103 larg\\u0103 de m\\u0103rfuri de diverse categorii pe \\u00eentreg teritoriul Republicii Moldova.\",\"inLanguage\":\"ro-RO\",\"publisher\":{\"@id\":\"https:\\\/\\\/bunuri.md\\\/ro\\\/#organization\"}}]}\n\t\t<\/script>\n\t\t<!-- All in One SEO Pro -->\r\n\t\t<title>ATV Viper 200 cm\u00b3, benzin\u0103, puterea 18 c. p.<\/title>\n\n","aioseo_head_json":{"title":"ATV Viper 200 cm\u00b3, benzin\u0103, puterea 18 c. p.","description":"Un ATV puternic \u0219i versatil care poate face fa\u021b\u0103 cu \u00eencredere oric\u0103rei provoc\u0103ri, fie c\u0103 este vorba de terenuri off-road, noroioase sau st\u00e2ncoase.","canonical_url":"https:\/\/bunuri.md\/ro\/shop\/atv-viper-200-cm%c2%b3-benzina-puterea-18-c-p\/","robots":"max-image-preview:large","keywords":"","webmasterTools":{"miscellaneous":""},"schema":{"@context":"https:\/\/schema.org","@graph":[{"@type":"BreadcrumbList","@id":"https:\/\/bunuri.md\/ro\/shop\/atv-viper-200-cm%c2%b3-benzina-puterea-18-c-p\/#breadcrumblist","itemListElement":[{"@type":"ListItem","@id":"https:\/\/bunuri.md\/ro\/#listItem","position":1,"name":"Home","item":"https:\/\/bunuri.md\/ro\/","nextItem":{"@type":"ListItem","@id":"https:\/\/bunuri.md\/ro\/shop-2\/#listItem","name":"Magazin"}},{"@type":"ListItem","@id":"https:\/\/bunuri.md\/ro\/shop-2\/#listItem","position":2,"name":"Magazin","item":"https:\/\/bunuri.md\/ro\/shop-2\/","nextItem":{"@type":"ListItem","@id":"https:\/\/bunuri.md\/ro\/product-category\/atv-uri-sportive\/#listItem","name":"ATV-uri sportive"},"previousItem":{"@type":"ListItem","@id":"https:\/\/bunuri.md\/ro\/#listItem","name":"Home"}},{"@type":"ListItem","@id":"https:\/\/bunuri.md\/ro\/product-category\/atv-uri-sportive\/#listItem","position":3,"name":"ATV-uri sportive","item":"https:\/\/bunuri.md\/ro\/product-category\/atv-uri-sportive\/","nextItem":{"@type":"ListItem","@id":"https:\/\/bunuri.md\/ro\/shop\/atv-viper-200-cm%c2%b3-benzina-puterea-18-c-p\/#listItem","name":"ATV Viper 200 cm\u00b3, benzin\u0103, puterea 18 c. p."},"previousItem":{"@type":"ListItem","@id":"https:\/\/bunuri.md\/ro\/shop-2\/#listItem","name":"Magazin"}},{"@type":"ListItem","@id":"https:\/\/bunuri.md\/ro\/shop\/atv-viper-200-cm%c2%b3-benzina-puterea-18-c-p\/#listItem","position":4,"name":"ATV Viper 200 cm\u00b3, benzin\u0103, puterea 18 c. p.","previousItem":{"@type":"ListItem","@id":"https:\/\/bunuri.md\/ro\/product-category\/atv-uri-sportive\/#listItem","name":"ATV-uri sportive"}}]},{"@type":"ItemPage","@id":"https:\/\/bunuri.md\/ro\/shop\/atv-viper-200-cm%c2%b3-benzina-puterea-18-c-p\/#itempage","url":"https:\/\/bunuri.md\/ro\/shop\/atv-viper-200-cm%c2%b3-benzina-puterea-18-c-p\/","name":"ATV Viper 200 cm\u00b3, benzin\u0103, puterea 18 c. p.","description":"Un ATV puternic \u0219i versatil care poate face fa\u021b\u0103 cu \u00eencredere oric\u0103rei provoc\u0103ri, fie c\u0103 este vorba de terenuri off-road, noroioase sau st\u00e2ncoase.","inLanguage":"ro-RO","isPartOf":{"@id":"https:\/\/bunuri.md\/ro\/#website"},"breadcrumb":{"@id":"https:\/\/bunuri.md\/ro\/shop\/atv-viper-200-cm%c2%b3-benzina-puterea-18-c-p\/#breadcrumblist"},"image":{"@type":"ImageObject","url":"https:\/\/bunuri.md\/wp-content\/uploads\/2025\/03\/Viper_200_Andr_1.png","@id":"https:\/\/bunuri.md\/ro\/shop\/atv-viper-200-cm%c2%b3-benzina-puterea-18-c-p\/#mainImage","width":498,"height":501,"caption":"Viper_200_Andr_1"},"primaryImageOfPage":{"@id":"https:\/\/bunuri.md\/ro\/shop\/atv-viper-200-cm%c2%b3-benzina-puterea-18-c-p\/#mainImage"},"datePublished":"2025-03-21T20:56:43+03:00","dateModified":"2025-03-22T20:36:49+03:00"},{"@type":"Organization","@id":"https:\/\/bunuri.md\/ro\/#organization","name":"\u00centreprinderea Individual\u0103 \"Buldumac Aliona\"","description":"\u0418\u041f \u00ab\u0411\u0443\u043b\u0434\u0443\u043c\u0430\u043a \u0410\u043b\u0435\u043d\u0430\u00bb - \u044d\u0442\u043e \u043d\u0430\u0434\u0451\u0436\u043d\u044b\u0439 \u0438 \u043e\u0440\u0438\u0435\u043d\u0442\u0438\u0440\u043e\u0432\u0430\u043d\u043d\u044b\u0439 \u043d\u0430 \u043a\u043b\u0438\u0435\u043d\u0442\u0430 \u0431\u0438\u0437\u043d\u0435\u0441, \u043f\u0440\u0435\u0434\u043b\u0430\u0433\u0430\u044e\u0449\u0438\u0439 \u043a\u0430\u0447\u0435\u0441\u0442\u0432\u0435\u043d\u043d\u044b\u0435 \u0442\u043e\u0432\u0430\u0440\u044b, \u0443\u0441\u043b\u0443\u0433\u0438 \u0441 \u0430\u043a\u0446\u0435\u043d\u0442\u043e\u043c \u043d\u0430 \u043f\u0440\u0430\u043a\u0442\u0438\u0447\u043d\u043e\u0441\u0442\u044c \u0438 \u0447\u0435\u0441\u0442\u043d\u044b\u0439 \u043f\u043e\u0434\u0445\u043e\u0434.","url":"https:\/\/bunuri.md\/ro\/","email":"bunuri.md@gmail.com","telephone":"+37379512557","foundingDate":"2006-09-27","numberOfEmployees":{"@type":"QuantitativeValue","minValue":0,"maxValue":4},"logo":{"@type":"ImageObject","url":"https:\/\/bunuri.md\/wp-content\/uploads\/2022\/08\/logo-bunuri.png","@id":"https:\/\/bunuri.md\/ro\/shop\/atv-viper-200-cm%c2%b3-benzina-puterea-18-c-p\/#organizationLogo","width":250,"height":250},"image":{"@id":"https:\/\/bunuri.md\/ro\/shop\/atv-viper-200-cm%c2%b3-benzina-puterea-18-c-p\/#organizationLogo"},"sameAs":["https:\/\/facebook.com\/https:\/\/www.facebook.com\/bunurimag","https:\/\/x.com\/https:\/\/www.facebook.com\/bunurimag","https:\/\/instagram.com\/https:\/\/www.facebook.com\/bunurimag","https:\/\/pinterest.com\/https:\/\/www.facebook.com\/bunurimag","https:\/\/youtube.com\/https:\/\/www.facebook.com\/bunurimag","https:\/\/linkedin.com\/in\/https:\/\/www.facebook.com\/bunurimag","https:\/\/soundcloud.com\/https:\/\/www.facebook.com\/bunurimag"],"address":{"@id":"https:\/\/bunuri.md\/ro\/#postaladdress","@type":"PostalAddress","streetAddress":"\u0420. \u041c\u043e\u043b\u0434\u043e\u0432\u0430, \u0433. \u0425\u044b\u043d\u0447\u0435\u0448\u0442\u044b","postalCode":"3401","addressLocality":"\u0425\u044b\u043d\u0447\u0435\u0448\u0442\u044b","addressRegion":"Moldova","addressCountry":"MD"}},{"@type":"WebPage","@id":"https:\/\/bunuri.md\/ro\/shop\/atv-viper-200-cm%c2%b3-benzina-puterea-18-c-p\/#webpage","url":"https:\/\/bunuri.md\/ro\/shop\/atv-viper-200-cm%c2%b3-benzina-puterea-18-c-p\/","name":"ATV Viper 200 cm\u00b3, benzin\u0103, puterea 18 c. p.","description":"Un ATV puternic \u0219i versatil care poate face fa\u021b\u0103 cu \u00eencredere oric\u0103rei provoc\u0103ri, fie c\u0103 este vorba de terenuri off-road, noroioase sau st\u00e2ncoase.","inLanguage":"ro-RO","isPartOf":{"@id":"https:\/\/bunuri.md\/ro\/#website"},"breadcrumb":{"@id":"https:\/\/bunuri.md\/ro\/shop\/atv-viper-200-cm%c2%b3-benzina-puterea-18-c-p\/#breadcrumblist"},"image":{"@type":"ImageObject","url":"https:\/\/bunuri.md\/wp-content\/uploads\/2025\/03\/Viper_200_Andr_1.png","@id":"https:\/\/bunuri.md\/ro\/shop\/atv-viper-200-cm%c2%b3-benzina-puterea-18-c-p\/#mainImage","width":498,"height":501,"caption":"Viper_200_Andr_1"},"primaryImageOfPage":{"@id":"https:\/\/bunuri.md\/ro\/shop\/atv-viper-200-cm%c2%b3-benzina-puterea-18-c-p\/#mainImage"},"datePublished":"2025-03-21T20:56:43+03:00","dateModified":"2025-03-22T20:36:49+03:00"},{"@type":"WebSite","@id":"https:\/\/bunuri.md\/ro\/#website","url":"https:\/\/bunuri.md\/ro\/","name":"www.bunuri.md","alternateName":"bunuri.md","description":"Bunuri.md este un magazin online care livreaz\u0103 \u0219i comercializeaz\u0103 o gam\u0103 larg\u0103 de m\u0103rfuri de diverse categorii pe \u00eentreg teritoriul Republicii Moldova.","inLanguage":"ro-RO","publisher":{"@id":"https:\/\/bunuri.md\/ro\/#organization"}}]},"og:locale":"ro_RO","og:site_name":"\u0418\u043d\u0442\u0435\u0440\u043d\u0435\u0442 \u043c\u0430\u0433\u0430\u0437\u0438\u043d \u041c\u043e\u043b\u0434\u043e\u0432\u0430 | Bunuri.md este un magazin online care livreaz\u0103 \u0219i comercializeaz\u0103 o gam\u0103 larg\u0103 de m\u0103rfuri de diverse categorii pe \u00eentreg teritoriul Republicii Moldova.","og:type":"article","og:title":"ATV Viper 200 cm\u00b3, benzin\u0103, puterea 18 c. p.","og:description":"Un ATV puternic \u0219i versatil care poate face fa\u021b\u0103 cu \u00eencredere oric\u0103rei provoc\u0103ri, fie c\u0103 este vorba de terenuri off-road, noroioase sau st\u00e2ncoase.","og:url":"https:\/\/bunuri.md\/ro\/shop\/atv-viper-200-cm%c2%b3-benzina-puterea-18-c-p\/","og:image":"https:\/\/bunuri.md\/wp-content\/uploads\/2022\/10\/logobu.png","og:image:secure_url":"https:\/\/bunuri.md\/wp-content\/uploads\/2022\/10\/logobu.png","og:image:width":200,"og:image:height":200,"article:published_time":"2025-03-22T17:26:34+00:00","article:modified_time":"2025-03-22T17:36:49+00:00","article:publisher":"https:\/\/facebook.com\/https:\/\/www.facebook.com\/bunurimag","twitter:card":"summary","twitter:site":"@https:","twitter:title":"ATV Viper 200 cm\u00b3, benzin\u0103, puterea 18 c. p.","twitter:description":"Un ATV puternic \u0219i versatil care poate face fa\u021b\u0103 cu \u00eencredere oric\u0103rei provoc\u0103ri, fie c\u0103 este vorba de terenuri off-road, noroioase sau st\u00e2ncoase.","twitter:image":"https:\/\/bunuri.md\/wp-content\/uploads\/2022\/10\/logobu.png"},"aioseo_meta_data":{"post_id":"10437","title":"ATV Viper 200 cm\u00b3, benzin\u0103, puterea 18 c. p.","description":"Un ATV puternic \u0219i versatil care poate face fa\u021b\u0103 cu \u00eencredere oric\u0103rei provoc\u0103ri, fie c\u0103 este vorba de terenuri off-road, noroioase sau st\u00e2ncoase.","keywords":null,"keyphrases":{"focus":{"keyphrase":"","score":0,"analysis":{"keyphraseInTitle":{"score":0,"maxScore":9,"error":1}}},"additional":[]},"primary_term":null,"canonical_url":null,"og_title":null,"og_description":null,"og_object_type":"default","og_image_type":"default","og_image_url":null,"og_image_width":null,"og_image_height":null,"og_image_custom_url":null,"og_image_custom_fields":null,"og_video":"","og_custom_url":null,"og_article_section":null,"og_article_tags":null,"twitter_use_og":false,"twitter_card":"default","twitter_image_type":"default","twitter_image_url":null,"twitter_image_custom_url":null,"twitter_image_custom_fields":null,"twitter_title":null,"twitter_description":null,"schema":{"blockGraphs":[],"customGraphs":[],"default":{"data":{"Article":[],"Course":[],"Dataset":[],"FAQPage":[],"Movie":[],"Person":[],"Product":[],"ProductReview":[],"Car":[],"Recipe":[],"Service":[],"SoftwareApplication":[],"WebPage":[]},"graphName":"ItemPage","isEnabled":true},"graphs":[]},"schema_type":"default","schema_type_options":null,"pillar_content":false,"robots_default":true,"robots_noindex":false,"robots_noarchive":false,"robots_nosnippet":false,"robots_nofollow":false,"robots_noimageindex":false,"robots_noodp":false,"robots_notranslate":false,"robots_max_snippet":"-1","robots_max_videopreview":"-1","robots_max_imagepreview":"large","priority":null,"frequency":"default","local_seo":null,"seo_analyzer_scan_date":null,"breadcrumb_settings":null,"limit_modified_date":false,"reviewed_by":null,"open_ai":"{\"title\":{\"suggestions\":[],\"usage\":0},\"description\":{\"suggestions\":[],\"usage\":0}}","ai":null,"created":"2025-03-22 17:23:09","updated":"2025-05-30 05:51:48"},"aioseo_breadcrumb":"<div class=\"aioseo-breadcrumbs\"><span class=\"aioseo-breadcrumb\">\n\t<a href=\"https:\/\/bunuri.md\/ro\/\" title=\"Home\">Home<\/a>\n<\/span><span class=\"aioseo-breadcrumb-separator\">\u00bb<\/span><span class=\"aioseo-breadcrumb\">\n\t<a href=\"https:\/\/bunuri.md\/ro\/shop-2\/\" title=\"Magazin\">Magazin<\/a>\n<\/span><span class=\"aioseo-breadcrumb-separator\">\u00bb<\/span><span class=\"aioseo-breadcrumb\">\n\t<a href=\"https:\/\/bunuri.md\/ro\/product-category\/atv-uri-sportive\/\" title=\"ATV-uri sportive\">ATV-uri sportive<\/a>\n<\/span><span class=\"aioseo-breadcrumb-separator\">\u00bb<\/span><span class=\"aioseo-breadcrumb\">\n\tATV Viper 200 cm\u00b3, benzin\u0103, puterea 18 c. p.\n<\/span><\/div>","aioseo_breadcrumb_json":[{"label":"Home","link":"https:\/\/bunuri.md\/ro\/"},{"label":"Magazin","link":"https:\/\/bunuri.md\/ro\/shop-2\/"},{"label":"ATV-uri sportive","link":"https:\/\/bunuri.md\/ro\/product-category\/atv-uri-sportive\/"},{"label":"ATV Viper 200 cm\u00b3, benzin\u0103, puterea 18 c. p.","link":"https:\/\/bunuri.md\/ro\/shop\/atv-viper-200-cm%c2%b3-benzina-puterea-18-c-p\/"}],"brands":[],"_links":{"self":[{"href":"https:\/\/bunuri.md\/ro\/wp-json\/wp\/v2\/product\/10437","targetHints":{"allow":["GET"]}}],"collection":[{"href":"https:\/\/bunuri.md\/ro\/wp-json\/wp\/v2\/product"}],"about":[{"href":"https:\/\/bunuri.md\/ro\/wp-json\/wp\/v2\/types\/product"}],"replies":[{"embeddable":true,"href":"https:\/\/bunuri.md\/ro\/wp-json\/wp\/v2\/comments?post=10437"}],"wp:featuredmedia":[{"embeddable":true,"href":"https:\/\/bunuri.md\/ro\/wp-json\/wp\/v2\/media\/10405"}],"wp:attachment":[{"href":"https:\/\/bunuri.md\/ro\/wp-json\/wp\/v2\/media?parent=10437"}],"wp:term":[{"taxonomy":"pwb-brand","embeddable":true,"href":"https:\/\/bunuri.md\/ro\/wp-json\/wp\/v2\/pwb-brand?post=10437"},{"taxonomy":"product_brand","embeddable":true,"href":"https:\/\/bunuri.md\/ro\/wp-json\/wp\/v2\/product_brand?post=10437"},{"taxonomy":"product_cat","embeddable":true,"href":"https:\/\/bunuri.md\/ro\/wp-json\/wp\/v2\/product_cat?post=10437"},{"taxonomy":"product_tag","embeddable":true,"href":"https:\/\/bunuri.md\/ro\/wp-json\/wp\/v2\/product_tag?post=10437"}],"curies":[{"name":"wp","href":"https:\/\/api.w.org\/{rel}","templated":true}]}}