{"id":10471,"date":"2025-03-29T16:07:11","date_gmt":"2025-03-29T14:06:59","guid":{"rendered":"https:\/\/bunuri.md\/?post_type=product&#038;p=10471"},"modified":"2025-03-29T17:17:19","modified_gmt":"2025-03-29T14:17:19","slug":"senzor-de-presiune-a-uleiului-la-motoblocuri-racite-cu-apa","status":"publish","type":"product","link":"https:\/\/bunuri.md\/ro\/shop\/senzor-de-presiune-a-uleiului-la-motoblocuri-racite-cu-apa\/","title":{"rendered":"Senzor de presiune a uleiului la motoblocuri r\u0103cite cu ap\u0103"},"content":{"rendered":"<p><strong>Senzorul de presiune a uleiului pentru motoblocurile diesel, racite cu ap\u0103<\/strong>&#8211; <a href=\"https:\/\/bunuri.md\/ro\/product-category\/motoare\/\">este un indicator al presiunii din conducta de ulei. C\u00e2nd pompa de ulei este \u00een func\u021biune, presiunea \u00een canalul de ulei cre\u0219te \u0219i astfel tija senzorului se ridic\u0103 \u00een sus.<\/a> Tija este echipat\u0103 cu un capac care indic\u0103 clar eficien\u021ba sistemului de lubrifiere. Dac\u0103 senzorul r\u0103m\u00e2ne \u00een pozi\u021bia cobor\u00e2t\u0103 \u00een timp ce motorul func\u021bioneaz\u0103, trebuie s\u0103 opri\u021bi imediat motorul. Aceasta indic\u0103 un nivel insuficient de ulei, filtru de ulei \u00eenfundat sau pomp\u0103 de ulei defect\u0103.<br \/>\nProiectat pentru a monitoriza presiunea uleiului \u00een sistemul de lubrifiere a motorului. La presiunea normal\u0103 a uleiului, cupola senzorului este \u00een pozi\u021bie ridicat\u0103.<\/p>\n<p><strong>Specificatii tehnice.<\/strong><\/p>\n<ul>\n<li><strong>Inaltime:<\/strong> 45 mm.<\/li>\n<li><strong>Diametru filet:<\/strong> 12 mm.<\/li>\n<li><strong>Material:<\/strong> otel.<\/li>\n<li><strong>Senzor pentru cheie:<\/strong> 20 mm.<\/li>\n<li><strong>Greutate:<\/strong> 45 mm.<\/li>\n<\/ul>\n","protected":false},"excerpt":{"rendered":"<p>Monitoriziaza presiunea uleiului \u00een sistemul de lubrifiere a motorului. C\u00e2nd presiunea uleiului din motor este normal\u0103, tija senzorului se ridic\u0103 \u00een sus.<\/p>\n","protected":false},"featured_media":10470,"comment_status":"closed","ping_status":"closed","template":"","meta":{"om_disable_all_campaigns":false},"pwb-brand":[],"product_brand":[],"product_cat":[384],"product_tag":[],"class_list":{"0":"post-10471","1":"product","2":"type-product","3":"status-publish","4":"has-post-thumbnail","6":"product_cat-piese-pentru-motoblocuri","8":"first","9":"instock","10":"sale","11":"purchasable","12":"product-type-simple"},"aioseo_notices":[],"aioseo_head":"\n\t\t<!-- All in One SEO Pro 4.9.6.2 - aioseo.com -->\n\t<meta name=\"description\" content=\"Monitoriziaza presiunea uleiului \u00een sistemul de lubrifiere a motorului. C\u00e2nd presiunea uleiului din motor este normal\u0103, tija senzorului se ridic\u0103 \u00een sus.\" \/>\n\t<meta name=\"robots\" content=\"max-image-preview:large\" \/>\n\t<link rel=\"canonical\" href=\"https:\/\/bunuri.md\/ro\/shop\/senzor-de-presiune-a-uleiului-la-motoblocuri-racite-cu-apa\/\" \/>\n\t<meta name=\"generator\" content=\"All in One SEO Pro (AIOSEO) 4.9.6.2\" \/>\n\t\t<meta property=\"og:locale\" content=\"ro_RO\" \/>\n\t\t<meta property=\"og:site_name\" content=\"\u0418\u043d\u0442\u0435\u0440\u043d\u0435\u0442 \u043c\u0430\u0433\u0430\u0437\u0438\u043d \u041c\u043e\u043b\u0434\u043e\u0432\u0430 | Bunuri.md este un magazin online care livreaz\u0103 \u0219i comercializeaz\u0103 o gam\u0103 larg\u0103 de m\u0103rfuri de diverse categorii pe \u00eentreg teritoriul Republicii Moldova.\" \/>\n\t\t<meta property=\"og:type\" content=\"article\" \/>\n\t\t<meta property=\"og:title\" content=\"Senzor de presiune a uleiului l motoblocuri r\u0103cite cu ap\u0103\" \/>\n\t\t<meta property=\"og:description\" content=\"Monitoriziaza presiunea uleiului \u00een sistemul de lubrifiere a motorului. C\u00e2nd presiunea uleiului din motor este normal\u0103, tija senzorului se ridic\u0103 \u00een sus.\" \/>\n\t\t<meta property=\"og:url\" content=\"https:\/\/bunuri.md\/ro\/shop\/senzor-de-presiune-a-uleiului-la-motoblocuri-racite-cu-apa\/\" \/>\n\t\t<meta property=\"og:image\" content=\"https:\/\/bunuri.md\/wp-content\/uploads\/2022\/10\/logobu.png\" \/>\n\t\t<meta property=\"og:image:secure_url\" content=\"https:\/\/bunuri.md\/wp-content\/uploads\/2022\/10\/logobu.png\" \/>\n\t\t<meta property=\"og:image:width\" content=\"200\" \/>\n\t\t<meta property=\"og:image:height\" content=\"200\" \/>\n\t\t<meta property=\"article:published_time\" content=\"2025-03-29T14:06:59+00:00\" \/>\n\t\t<meta property=\"article:modified_time\" content=\"2025-03-29T14:17:19+00:00\" \/>\n\t\t<meta property=\"article:publisher\" content=\"https:\/\/facebook.com\/https:\/\/www.facebook.com\/bunurimag\" \/>\n\t\t<meta name=\"twitter:card\" content=\"summary\" \/>\n\t\t<meta name=\"twitter:site\" content=\"@https:\" \/>\n\t\t<meta name=\"twitter:title\" content=\"Senzor de presiune a uleiului l motoblocuri r\u0103cite cu ap\u0103\" \/>\n\t\t<meta name=\"twitter:description\" content=\"Monitoriziaza presiunea uleiului \u00een sistemul de lubrifiere a motorului. C\u00e2nd presiunea uleiului din motor este normal\u0103, tija senzorului se ridic\u0103 \u00een sus.\" \/>\n\t\t<meta name=\"twitter:image\" content=\"https:\/\/bunuri.md\/wp-content\/uploads\/2022\/10\/logobu.png\" \/>\n\t\t<script type=\"application\/ld+json\" class=\"aioseo-schema\">\n\t\t\t{\"@context\":\"https:\\\/\\\/schema.org\",\"@graph\":[{\"@type\":\"BreadcrumbList\",\"@id\":\"https:\\\/\\\/bunuri.md\\\/ro\\\/shop\\\/senzor-de-presiune-a-uleiului-la-motoblocuri-racite-cu-apa\\\/#breadcrumblist\",\"itemListElement\":[{\"@type\":\"ListItem\",\"@id\":\"https:\\\/\\\/bunuri.md\\\/ro\\\/#listItem\",\"position\":1,\"name\":\"Home\",\"item\":\"https:\\\/\\\/bunuri.md\\\/ro\\\/\",\"nextItem\":{\"@type\":\"ListItem\",\"@id\":\"https:\\\/\\\/bunuri.md\\\/ro\\\/shop-2\\\/#listItem\",\"name\":\"Magazin\"}},{\"@type\":\"ListItem\",\"@id\":\"https:\\\/\\\/bunuri.md\\\/ro\\\/shop-2\\\/#listItem\",\"position\":2,\"name\":\"Magazin\",\"item\":\"https:\\\/\\\/bunuri.md\\\/ro\\\/shop-2\\\/\",\"nextItem\":{\"@type\":\"ListItem\",\"@id\":\"https:\\\/\\\/bunuri.md\\\/ro\\\/product-category\\\/piese-pentru-motoblocuri\\\/#listItem\",\"name\":\"Piese de schimb pentru tractoare \\u0219i motoblocuri\"},\"previousItem\":{\"@type\":\"ListItem\",\"@id\":\"https:\\\/\\\/bunuri.md\\\/ro\\\/#listItem\",\"name\":\"Home\"}},{\"@type\":\"ListItem\",\"@id\":\"https:\\\/\\\/bunuri.md\\\/ro\\\/product-category\\\/piese-pentru-motoblocuri\\\/#listItem\",\"position\":3,\"name\":\"Piese de schimb pentru tractoare \\u0219i motoblocuri\",\"item\":\"https:\\\/\\\/bunuri.md\\\/ro\\\/product-category\\\/piese-pentru-motoblocuri\\\/\",\"nextItem\":{\"@type\":\"ListItem\",\"@id\":\"https:\\\/\\\/bunuri.md\\\/ro\\\/shop\\\/senzor-de-presiune-a-uleiului-la-motoblocuri-racite-cu-apa\\\/#listItem\",\"name\":\"Senzor de presiune a uleiului la motoblocuri r\\u0103cite cu ap\\u0103\"},\"previousItem\":{\"@type\":\"ListItem\",\"@id\":\"https:\\\/\\\/bunuri.md\\\/ro\\\/shop-2\\\/#listItem\",\"name\":\"Magazin\"}},{\"@type\":\"ListItem\",\"@id\":\"https:\\\/\\\/bunuri.md\\\/ro\\\/shop\\\/senzor-de-presiune-a-uleiului-la-motoblocuri-racite-cu-apa\\\/#listItem\",\"position\":4,\"name\":\"Senzor de presiune a uleiului la motoblocuri r\\u0103cite cu ap\\u0103\",\"previousItem\":{\"@type\":\"ListItem\",\"@id\":\"https:\\\/\\\/bunuri.md\\\/ro\\\/product-category\\\/piese-pentru-motoblocuri\\\/#listItem\",\"name\":\"Piese de schimb pentru tractoare \\u0219i motoblocuri\"}}]},{\"@type\":\"ItemPage\",\"@id\":\"https:\\\/\\\/bunuri.md\\\/ro\\\/shop\\\/senzor-de-presiune-a-uleiului-la-motoblocuri-racite-cu-apa\\\/#itempage\",\"url\":\"https:\\\/\\\/bunuri.md\\\/ro\\\/shop\\\/senzor-de-presiune-a-uleiului-la-motoblocuri-racite-cu-apa\\\/\",\"name\":\"Senzor de presiune a uleiului l motoblocuri r\\u0103cite cu ap\\u0103\",\"description\":\"Monitoriziaza presiunea uleiului \\u00een sistemul de lubrifiere a motorului. C\\u00e2nd presiunea uleiului din motor este normal\\u0103, tija senzorului se ridic\\u0103 \\u00een sus.\",\"inLanguage\":\"ro-RO\",\"isPartOf\":{\"@id\":\"https:\\\/\\\/bunuri.md\\\/ro\\\/#website\"},\"breadcrumb\":{\"@id\":\"https:\\\/\\\/bunuri.md\\\/ro\\\/shop\\\/senzor-de-presiune-a-uleiului-la-motoblocuri-racite-cu-apa\\\/#breadcrumblist\"},\"image\":{\"@type\":\"ImageObject\",\"url\":\"https:\\\/\\\/bunuri.md\\\/wp-content\\\/uploads\\\/2025\\\/03\\\/Senzor_de_presiune_a_uleiului.png\",\"@id\":\"https:\\\/\\\/bunuri.md\\\/ro\\\/shop\\\/senzor-de-presiune-a-uleiului-la-motoblocuri-racite-cu-apa\\\/#mainImage\",\"width\":501,\"height\":498,\"caption\":\"Senzor_de_presiune_a_uleiului\"},\"primaryImageOfPage\":{\"@id\":\"https:\\\/\\\/bunuri.md\\\/ro\\\/shop\\\/senzor-de-presiune-a-uleiului-la-motoblocuri-racite-cu-apa\\\/#mainImage\"},\"datePublished\":\"2025-03-29T16:07:11+03:00\",\"dateModified\":\"2025-03-29T17:17:19+03:00\"},{\"@type\":\"Organization\",\"@id\":\"https:\\\/\\\/bunuri.md\\\/ro\\\/#organization\",\"name\":\"\\u00centreprinderea Individual\\u0103 \\\"Buldumac Aliona\\\"\",\"description\":\"\\u0418\\u041f \\u00ab\\u0411\\u0443\\u043b\\u0434\\u0443\\u043c\\u0430\\u043a \\u0410\\u043b\\u0435\\u043d\\u0430\\u00bb - \\u044d\\u0442\\u043e \\u043d\\u0430\\u0434\\u0451\\u0436\\u043d\\u044b\\u0439 \\u0438 \\u043e\\u0440\\u0438\\u0435\\u043d\\u0442\\u0438\\u0440\\u043e\\u0432\\u0430\\u043d\\u043d\\u044b\\u0439 \\u043d\\u0430 \\u043a\\u043b\\u0438\\u0435\\u043d\\u0442\\u0430 \\u0431\\u0438\\u0437\\u043d\\u0435\\u0441, \\u043f\\u0440\\u0435\\u0434\\u043b\\u0430\\u0433\\u0430\\u044e\\u0449\\u0438\\u0439 \\u043a\\u0430\\u0447\\u0435\\u0441\\u0442\\u0432\\u0435\\u043d\\u043d\\u044b\\u0435 \\u0442\\u043e\\u0432\\u0430\\u0440\\u044b, \\u0443\\u0441\\u043b\\u0443\\u0433\\u0438 \\u0441 \\u0430\\u043a\\u0446\\u0435\\u043d\\u0442\\u043e\\u043c \\u043d\\u0430 \\u043f\\u0440\\u0430\\u043a\\u0442\\u0438\\u0447\\u043d\\u043e\\u0441\\u0442\\u044c \\u0438 \\u0447\\u0435\\u0441\\u0442\\u043d\\u044b\\u0439 \\u043f\\u043e\\u0434\\u0445\\u043e\\u0434.\",\"url\":\"https:\\\/\\\/bunuri.md\\\/ro\\\/\",\"email\":\"bunuri.md@gmail.com\",\"telephone\":\"+37379512557\",\"foundingDate\":\"2006-09-27\",\"numberOfEmployees\":{\"@type\":\"QuantitativeValue\",\"minValue\":0,\"maxValue\":4},\"logo\":{\"@type\":\"ImageObject\",\"url\":\"https:\\\/\\\/bunuri.md\\\/wp-content\\\/uploads\\\/2022\\\/08\\\/logo-bunuri.png\",\"@id\":\"https:\\\/\\\/bunuri.md\\\/ro\\\/shop\\\/senzor-de-presiune-a-uleiului-la-motoblocuri-racite-cu-apa\\\/#organizationLogo\",\"width\":250,\"height\":250},\"image\":{\"@id\":\"https:\\\/\\\/bunuri.md\\\/ro\\\/shop\\\/senzor-de-presiune-a-uleiului-la-motoblocuri-racite-cu-apa\\\/#organizationLogo\"},\"sameAs\":[\"https:\\\/\\\/facebook.com\\\/https:\\\/\\\/www.facebook.com\\\/bunurimag\",\"https:\\\/\\\/x.com\\\/https:\\\/\\\/www.facebook.com\\\/bunurimag\",\"https:\\\/\\\/instagram.com\\\/https:\\\/\\\/www.facebook.com\\\/bunurimag\",\"https:\\\/\\\/pinterest.com\\\/https:\\\/\\\/www.facebook.com\\\/bunurimag\",\"https:\\\/\\\/youtube.com\\\/https:\\\/\\\/www.facebook.com\\\/bunurimag\",\"https:\\\/\\\/linkedin.com\\\/in\\\/https:\\\/\\\/www.facebook.com\\\/bunurimag\",\"https:\\\/\\\/soundcloud.com\\\/https:\\\/\\\/www.facebook.com\\\/bunurimag\"],\"address\":{\"@id\":\"https:\\\/\\\/bunuri.md\\\/ro\\\/#postaladdress\",\"@type\":\"PostalAddress\",\"streetAddress\":\"\\u0420. \\u041c\\u043e\\u043b\\u0434\\u043e\\u0432\\u0430, \\u0433. \\u0425\\u044b\\u043d\\u0447\\u0435\\u0448\\u0442\\u044b\",\"postalCode\":\"3401\",\"addressLocality\":\"\\u0425\\u044b\\u043d\\u0447\\u0435\\u0448\\u0442\\u044b\",\"addressRegion\":\"Moldova\",\"addressCountry\":\"MD\"}},{\"@type\":\"WebPage\",\"@id\":\"https:\\\/\\\/bunuri.md\\\/ro\\\/shop\\\/senzor-de-presiune-a-uleiului-la-motoblocuri-racite-cu-apa\\\/#webpage\",\"url\":\"https:\\\/\\\/bunuri.md\\\/ro\\\/shop\\\/senzor-de-presiune-a-uleiului-la-motoblocuri-racite-cu-apa\\\/\",\"name\":\"Senzor de presiune a uleiului l motoblocuri r\\u0103cite cu ap\\u0103\",\"description\":\"Monitoriziaza presiunea uleiului \\u00een sistemul de lubrifiere a motorului. C\\u00e2nd presiunea uleiului din motor este normal\\u0103, tija senzorului se ridic\\u0103 \\u00een sus.\",\"inLanguage\":\"ro-RO\",\"isPartOf\":{\"@id\":\"https:\\\/\\\/bunuri.md\\\/ro\\\/#website\"},\"breadcrumb\":{\"@id\":\"https:\\\/\\\/bunuri.md\\\/ro\\\/shop\\\/senzor-de-presiune-a-uleiului-la-motoblocuri-racite-cu-apa\\\/#breadcrumblist\"},\"image\":{\"@type\":\"ImageObject\",\"url\":\"https:\\\/\\\/bunuri.md\\\/wp-content\\\/uploads\\\/2025\\\/03\\\/Senzor_de_presiune_a_uleiului.png\",\"@id\":\"https:\\\/\\\/bunuri.md\\\/ro\\\/shop\\\/senzor-de-presiune-a-uleiului-la-motoblocuri-racite-cu-apa\\\/#mainImage\",\"width\":501,\"height\":498,\"caption\":\"Senzor_de_presiune_a_uleiului\"},\"primaryImageOfPage\":{\"@id\":\"https:\\\/\\\/bunuri.md\\\/ro\\\/shop\\\/senzor-de-presiune-a-uleiului-la-motoblocuri-racite-cu-apa\\\/#mainImage\"},\"datePublished\":\"2025-03-29T16:07:11+03:00\",\"dateModified\":\"2025-03-29T17:17:19+03:00\"},{\"@type\":\"WebSite\",\"@id\":\"https:\\\/\\\/bunuri.md\\\/ro\\\/#website\",\"url\":\"https:\\\/\\\/bunuri.md\\\/ro\\\/\",\"name\":\"www.bunuri.md\",\"alternateName\":\"bunuri.md\",\"description\":\"Bunuri.md este un magazin online care livreaz\\u0103 \\u0219i comercializeaz\\u0103 o gam\\u0103 larg\\u0103 de m\\u0103rfuri de diverse categorii pe \\u00eentreg teritoriul Republicii Moldova.\",\"inLanguage\":\"ro-RO\",\"publisher\":{\"@id\":\"https:\\\/\\\/bunuri.md\\\/ro\\\/#organization\"}}]}\n\t\t<\/script>\n\t\t<!-- All in One SEO Pro -->\r\n\t\t<title>Senzor de presiune a uleiului l motoblocuri r\u0103cite cu ap\u0103<\/title>\n\n","aioseo_head_json":{"title":"Senzor de presiune a uleiului l motoblocuri r\u0103cite cu ap\u0103","description":"Monitoriziaza presiunea uleiului \u00een sistemul de lubrifiere a motorului. C\u00e2nd presiunea uleiului din motor este normal\u0103, tija senzorului se ridic\u0103 \u00een sus.","canonical_url":"https:\/\/bunuri.md\/ro\/shop\/senzor-de-presiune-a-uleiului-la-motoblocuri-racite-cu-apa\/","robots":"max-image-preview:large","keywords":"","webmasterTools":{"miscellaneous":""},"schema":{"@context":"https:\/\/schema.org","@graph":[{"@type":"BreadcrumbList","@id":"https:\/\/bunuri.md\/ro\/shop\/senzor-de-presiune-a-uleiului-la-motoblocuri-racite-cu-apa\/#breadcrumblist","itemListElement":[{"@type":"ListItem","@id":"https:\/\/bunuri.md\/ro\/#listItem","position":1,"name":"Home","item":"https:\/\/bunuri.md\/ro\/","nextItem":{"@type":"ListItem","@id":"https:\/\/bunuri.md\/ro\/shop-2\/#listItem","name":"Magazin"}},{"@type":"ListItem","@id":"https:\/\/bunuri.md\/ro\/shop-2\/#listItem","position":2,"name":"Magazin","item":"https:\/\/bunuri.md\/ro\/shop-2\/","nextItem":{"@type":"ListItem","@id":"https:\/\/bunuri.md\/ro\/product-category\/piese-pentru-motoblocuri\/#listItem","name":"Piese de schimb pentru tractoare \u0219i motoblocuri"},"previousItem":{"@type":"ListItem","@id":"https:\/\/bunuri.md\/ro\/#listItem","name":"Home"}},{"@type":"ListItem","@id":"https:\/\/bunuri.md\/ro\/product-category\/piese-pentru-motoblocuri\/#listItem","position":3,"name":"Piese de schimb pentru tractoare \u0219i motoblocuri","item":"https:\/\/bunuri.md\/ro\/product-category\/piese-pentru-motoblocuri\/","nextItem":{"@type":"ListItem","@id":"https:\/\/bunuri.md\/ro\/shop\/senzor-de-presiune-a-uleiului-la-motoblocuri-racite-cu-apa\/#listItem","name":"Senzor de presiune a uleiului la motoblocuri r\u0103cite cu ap\u0103"},"previousItem":{"@type":"ListItem","@id":"https:\/\/bunuri.md\/ro\/shop-2\/#listItem","name":"Magazin"}},{"@type":"ListItem","@id":"https:\/\/bunuri.md\/ro\/shop\/senzor-de-presiune-a-uleiului-la-motoblocuri-racite-cu-apa\/#listItem","position":4,"name":"Senzor de presiune a uleiului la motoblocuri r\u0103cite cu ap\u0103","previousItem":{"@type":"ListItem","@id":"https:\/\/bunuri.md\/ro\/product-category\/piese-pentru-motoblocuri\/#listItem","name":"Piese de schimb pentru tractoare \u0219i motoblocuri"}}]},{"@type":"ItemPage","@id":"https:\/\/bunuri.md\/ro\/shop\/senzor-de-presiune-a-uleiului-la-motoblocuri-racite-cu-apa\/#itempage","url":"https:\/\/bunuri.md\/ro\/shop\/senzor-de-presiune-a-uleiului-la-motoblocuri-racite-cu-apa\/","name":"Senzor de presiune a uleiului l motoblocuri r\u0103cite cu ap\u0103","description":"Monitoriziaza presiunea uleiului \u00een sistemul de lubrifiere a motorului. C\u00e2nd presiunea uleiului din motor este normal\u0103, tija senzorului se ridic\u0103 \u00een sus.","inLanguage":"ro-RO","isPartOf":{"@id":"https:\/\/bunuri.md\/ro\/#website"},"breadcrumb":{"@id":"https:\/\/bunuri.md\/ro\/shop\/senzor-de-presiune-a-uleiului-la-motoblocuri-racite-cu-apa\/#breadcrumblist"},"image":{"@type":"ImageObject","url":"https:\/\/bunuri.md\/wp-content\/uploads\/2025\/03\/Senzor_de_presiune_a_uleiului.png","@id":"https:\/\/bunuri.md\/ro\/shop\/senzor-de-presiune-a-uleiului-la-motoblocuri-racite-cu-apa\/#mainImage","width":501,"height":498,"caption":"Senzor_de_presiune_a_uleiului"},"primaryImageOfPage":{"@id":"https:\/\/bunuri.md\/ro\/shop\/senzor-de-presiune-a-uleiului-la-motoblocuri-racite-cu-apa\/#mainImage"},"datePublished":"2025-03-29T16:07:11+03:00","dateModified":"2025-03-29T17:17:19+03:00"},{"@type":"Organization","@id":"https:\/\/bunuri.md\/ro\/#organization","name":"\u00centreprinderea Individual\u0103 \"Buldumac Aliona\"","description":"\u0418\u041f \u00ab\u0411\u0443\u043b\u0434\u0443\u043c\u0430\u043a \u0410\u043b\u0435\u043d\u0430\u00bb - \u044d\u0442\u043e \u043d\u0430\u0434\u0451\u0436\u043d\u044b\u0439 \u0438 \u043e\u0440\u0438\u0435\u043d\u0442\u0438\u0440\u043e\u0432\u0430\u043d\u043d\u044b\u0439 \u043d\u0430 \u043a\u043b\u0438\u0435\u043d\u0442\u0430 \u0431\u0438\u0437\u043d\u0435\u0441, \u043f\u0440\u0435\u0434\u043b\u0430\u0433\u0430\u044e\u0449\u0438\u0439 \u043a\u0430\u0447\u0435\u0441\u0442\u0432\u0435\u043d\u043d\u044b\u0435 \u0442\u043e\u0432\u0430\u0440\u044b, \u0443\u0441\u043b\u0443\u0433\u0438 \u0441 \u0430\u043a\u0446\u0435\u043d\u0442\u043e\u043c \u043d\u0430 \u043f\u0440\u0430\u043a\u0442\u0438\u0447\u043d\u043e\u0441\u0442\u044c \u0438 \u0447\u0435\u0441\u0442\u043d\u044b\u0439 \u043f\u043e\u0434\u0445\u043e\u0434.","url":"https:\/\/bunuri.md\/ro\/","email":"bunuri.md@gmail.com","telephone":"+37379512557","foundingDate":"2006-09-27","numberOfEmployees":{"@type":"QuantitativeValue","minValue":0,"maxValue":4},"logo":{"@type":"ImageObject","url":"https:\/\/bunuri.md\/wp-content\/uploads\/2022\/08\/logo-bunuri.png","@id":"https:\/\/bunuri.md\/ro\/shop\/senzor-de-presiune-a-uleiului-la-motoblocuri-racite-cu-apa\/#organizationLogo","width":250,"height":250},"image":{"@id":"https:\/\/bunuri.md\/ro\/shop\/senzor-de-presiune-a-uleiului-la-motoblocuri-racite-cu-apa\/#organizationLogo"},"sameAs":["https:\/\/facebook.com\/https:\/\/www.facebook.com\/bunurimag","https:\/\/x.com\/https:\/\/www.facebook.com\/bunurimag","https:\/\/instagram.com\/https:\/\/www.facebook.com\/bunurimag","https:\/\/pinterest.com\/https:\/\/www.facebook.com\/bunurimag","https:\/\/youtube.com\/https:\/\/www.facebook.com\/bunurimag","https:\/\/linkedin.com\/in\/https:\/\/www.facebook.com\/bunurimag","https:\/\/soundcloud.com\/https:\/\/www.facebook.com\/bunurimag"],"address":{"@id":"https:\/\/bunuri.md\/ro\/#postaladdress","@type":"PostalAddress","streetAddress":"\u0420. \u041c\u043e\u043b\u0434\u043e\u0432\u0430, \u0433. \u0425\u044b\u043d\u0447\u0435\u0448\u0442\u044b","postalCode":"3401","addressLocality":"\u0425\u044b\u043d\u0447\u0435\u0448\u0442\u044b","addressRegion":"Moldova","addressCountry":"MD"}},{"@type":"WebPage","@id":"https:\/\/bunuri.md\/ro\/shop\/senzor-de-presiune-a-uleiului-la-motoblocuri-racite-cu-apa\/#webpage","url":"https:\/\/bunuri.md\/ro\/shop\/senzor-de-presiune-a-uleiului-la-motoblocuri-racite-cu-apa\/","name":"Senzor de presiune a uleiului l motoblocuri r\u0103cite cu ap\u0103","description":"Monitoriziaza presiunea uleiului \u00een sistemul de lubrifiere a motorului. C\u00e2nd presiunea uleiului din motor este normal\u0103, tija senzorului se ridic\u0103 \u00een sus.","inLanguage":"ro-RO","isPartOf":{"@id":"https:\/\/bunuri.md\/ro\/#website"},"breadcrumb":{"@id":"https:\/\/bunuri.md\/ro\/shop\/senzor-de-presiune-a-uleiului-la-motoblocuri-racite-cu-apa\/#breadcrumblist"},"image":{"@type":"ImageObject","url":"https:\/\/bunuri.md\/wp-content\/uploads\/2025\/03\/Senzor_de_presiune_a_uleiului.png","@id":"https:\/\/bunuri.md\/ro\/shop\/senzor-de-presiune-a-uleiului-la-motoblocuri-racite-cu-apa\/#mainImage","width":501,"height":498,"caption":"Senzor_de_presiune_a_uleiului"},"primaryImageOfPage":{"@id":"https:\/\/bunuri.md\/ro\/shop\/senzor-de-presiune-a-uleiului-la-motoblocuri-racite-cu-apa\/#mainImage"},"datePublished":"2025-03-29T16:07:11+03:00","dateModified":"2025-03-29T17:17:19+03:00"},{"@type":"WebSite","@id":"https:\/\/bunuri.md\/ro\/#website","url":"https:\/\/bunuri.md\/ro\/","name":"www.bunuri.md","alternateName":"bunuri.md","description":"Bunuri.md este un magazin online care livreaz\u0103 \u0219i comercializeaz\u0103 o gam\u0103 larg\u0103 de m\u0103rfuri de diverse categorii pe \u00eentreg teritoriul Republicii Moldova.","inLanguage":"ro-RO","publisher":{"@id":"https:\/\/bunuri.md\/ro\/#organization"}}]},"og:locale":"ro_RO","og:site_name":"\u0418\u043d\u0442\u0435\u0440\u043d\u0435\u0442 \u043c\u0430\u0433\u0430\u0437\u0438\u043d \u041c\u043e\u043b\u0434\u043e\u0432\u0430 | Bunuri.md este un magazin online care livreaz\u0103 \u0219i comercializeaz\u0103 o gam\u0103 larg\u0103 de m\u0103rfuri de diverse categorii pe \u00eentreg teritoriul Republicii Moldova.","og:type":"article","og:title":"Senzor de presiune a uleiului l motoblocuri r\u0103cite cu ap\u0103","og:description":"Monitoriziaza presiunea uleiului \u00een sistemul de lubrifiere a motorului. C\u00e2nd presiunea uleiului din motor este normal\u0103, tija senzorului se ridic\u0103 \u00een sus.","og:url":"https:\/\/bunuri.md\/ro\/shop\/senzor-de-presiune-a-uleiului-la-motoblocuri-racite-cu-apa\/","og:image":"https:\/\/bunuri.md\/wp-content\/uploads\/2022\/10\/logobu.png","og:image:secure_url":"https:\/\/bunuri.md\/wp-content\/uploads\/2022\/10\/logobu.png","og:image:width":200,"og:image:height":200,"article:published_time":"2025-03-29T14:06:59+00:00","article:modified_time":"2025-03-29T14:17:19+00:00","article:publisher":"https:\/\/facebook.com\/https:\/\/www.facebook.com\/bunurimag","twitter:card":"summary","twitter:site":"@https:","twitter:title":"Senzor de presiune a uleiului l motoblocuri r\u0103cite cu ap\u0103","twitter:description":"Monitoriziaza presiunea uleiului \u00een sistemul de lubrifiere a motorului. C\u00e2nd presiunea uleiului din motor este normal\u0103, tija senzorului se ridic\u0103 \u00een sus.","twitter:image":"https:\/\/bunuri.md\/wp-content\/uploads\/2022\/10\/logobu.png"},"aioseo_meta_data":{"post_id":"10471","title":"Senzor de presiune a uleiului l motoblocuri r\u0103cite cu ap\u0103","description":"Monitoriziaza presiunea uleiului \u00een sistemul de lubrifiere a motorului. C\u00e2nd presiunea uleiului din motor este normal\u0103, tija senzorului se ridic\u0103 \u00een sus.","keywords":null,"keyphrases":{"focus":{"keyphrase":"","score":0,"analysis":{"keyphraseInTitle":{"score":0,"maxScore":9,"error":1}}},"additional":[]},"primary_term":null,"canonical_url":null,"og_title":null,"og_description":null,"og_object_type":"default","og_image_type":"default","og_image_url":null,"og_image_width":null,"og_image_height":null,"og_image_custom_url":null,"og_image_custom_fields":null,"og_video":"","og_custom_url":null,"og_article_section":null,"og_article_tags":null,"twitter_use_og":false,"twitter_card":"default","twitter_image_type":"default","twitter_image_url":null,"twitter_image_custom_url":null,"twitter_image_custom_fields":null,"twitter_title":null,"twitter_description":null,"schema":{"blockGraphs":[],"customGraphs":[],"default":{"data":{"Article":[],"Course":[],"Dataset":[],"FAQPage":[],"Movie":[],"Person":[],"Product":[],"ProductReview":[],"Car":[],"Recipe":[],"Service":[],"SoftwareApplication":[],"WebPage":[]},"graphName":"ItemPage","isEnabled":true},"graphs":[]},"schema_type":"default","schema_type_options":null,"pillar_content":false,"robots_default":true,"robots_noindex":false,"robots_noarchive":false,"robots_nosnippet":false,"robots_nofollow":false,"robots_noimageindex":false,"robots_noodp":false,"robots_notranslate":false,"robots_max_snippet":"-1","robots_max_videopreview":"-1","robots_max_imagepreview":"large","priority":null,"frequency":"default","local_seo":null,"seo_analyzer_scan_date":null,"breadcrumb_settings":null,"limit_modified_date":false,"reviewed_by":null,"open_ai":"{\"title\":{\"suggestions\":[],\"usage\":0},\"description\":{\"suggestions\":[],\"usage\":0}}","ai":null,"created":"2025-03-29 14:02:15","updated":"2025-05-30 05:52:32"},"aioseo_breadcrumb":"<div class=\"aioseo-breadcrumbs\"><span class=\"aioseo-breadcrumb\">\n\t<a href=\"https:\/\/bunuri.md\/ro\/\" title=\"Home\">Home<\/a>\n<\/span><span class=\"aioseo-breadcrumb-separator\">\u00bb<\/span><span class=\"aioseo-breadcrumb\">\n\t<a href=\"https:\/\/bunuri.md\/ro\/shop-2\/\" title=\"Magazin\">Magazin<\/a>\n<\/span><span class=\"aioseo-breadcrumb-separator\">\u00bb<\/span><span class=\"aioseo-breadcrumb\">\n\t<a href=\"https:\/\/bunuri.md\/ro\/product-category\/piese-pentru-motoblocuri\/\" title=\"Piese de schimb pentru tractoare \u0219i motoblocuri\">Piese de schimb pentru tractoare \u0219i motoblocuri<\/a>\n<\/span><span class=\"aioseo-breadcrumb-separator\">\u00bb<\/span><span class=\"aioseo-breadcrumb\">\n\tSenzor de presiune a uleiului la motoblocuri r\u0103cite cu ap\u0103\n<\/span><\/div>","aioseo_breadcrumb_json":[{"label":"Home","link":"https:\/\/bunuri.md\/ro\/"},{"label":"Magazin","link":"https:\/\/bunuri.md\/ro\/shop-2\/"},{"label":"Piese de schimb pentru tractoare \u0219i motoblocuri","link":"https:\/\/bunuri.md\/ro\/product-category\/piese-pentru-motoblocuri\/"},{"label":"Senzor de presiune a uleiului la motoblocuri r\u0103cite cu ap\u0103","link":"https:\/\/bunuri.md\/ro\/shop\/senzor-de-presiune-a-uleiului-la-motoblocuri-racite-cu-apa\/"}],"brands":[],"_links":{"self":[{"href":"https:\/\/bunuri.md\/ro\/wp-json\/wp\/v2\/product\/10471","targetHints":{"allow":["GET"]}}],"collection":[{"href":"https:\/\/bunuri.md\/ro\/wp-json\/wp\/v2\/product"}],"about":[{"href":"https:\/\/bunuri.md\/ro\/wp-json\/wp\/v2\/types\/product"}],"replies":[{"embeddable":true,"href":"https:\/\/bunuri.md\/ro\/wp-json\/wp\/v2\/comments?post=10471"}],"wp:featuredmedia":[{"embeddable":true,"href":"https:\/\/bunuri.md\/ro\/wp-json\/wp\/v2\/media\/10470"}],"wp:attachment":[{"href":"https:\/\/bunuri.md\/ro\/wp-json\/wp\/v2\/media?parent=10471"}],"wp:term":[{"taxonomy":"pwb-brand","embeddable":true,"href":"https:\/\/bunuri.md\/ro\/wp-json\/wp\/v2\/pwb-brand?post=10471"},{"taxonomy":"product_brand","embeddable":true,"href":"https:\/\/bunuri.md\/ro\/wp-json\/wp\/v2\/product_brand?post=10471"},{"taxonomy":"product_cat","embeddable":true,"href":"https:\/\/bunuri.md\/ro\/wp-json\/wp\/v2\/product_cat?post=10471"},{"taxonomy":"product_tag","embeddable":true,"href":"https:\/\/bunuri.md\/ro\/wp-json\/wp\/v2\/product_tag?post=10471"}],"curies":[{"name":"wp","href":"https:\/\/api.w.org\/{rel}","templated":true}]}}