{"id":10479,"date":"2025-04-01T14:27:30","date_gmt":"2025-04-01T11:27:30","guid":{"rendered":"https:\/\/bunuri.md\/?post_type=product&#038;p=10479"},"modified":"2025-06-07T19:40:22","modified_gmt":"2025-06-07T16:40:22","slug":"curele-trapezoidale-b-1830-pentru-motoblocurile-r175-r195","status":"publish","type":"product","link":"https:\/\/bunuri.md\/ro\/shop\/curele-trapezoidale-b-1830-pentru-motoblocurile-r175-r195\/","title":{"rendered":"Curele trapezoidale B-1830 pentru motoblocurile R175- R195"},"content":{"rendered":"<p><strong>Cureaua trapezoidala B-1830 pentru motoblocurile R175-R195<\/strong>&#8211;<a href=\"https:\/\/bunuri.md\/ro\/product-category\/motoblocuri-minitractore\/\"> este proiectat\u0103 s\u0103 transmit\u0103 cuplul primit de la arborele cotit al centralei motoblocului prin scripetele de antrenare c\u0103tre diferite ata\u0219amente. Cureaua trapezoidale B1830 este utilizat\u0103 pentru motoblocurile diesel\u00a0 cu r\u0103cire cu ap\u0103 R175- R195.<\/a><br \/>\nCurelele constau dintr-un strat de sus\u021binere bazat pe materiale din fibre chimice (snur sau \u021bes\u0103tur\u0103 snur), un strat de \u021bes\u0103tur\u0103 de \u00eenveli\u0219 \u0219i straturi de cauciuc vulcanizate \u00eentr-un singur produs. Stratul de sus\u021binere este situat pe direc\u021bia longitudinal\u0103 a centurii. Materialul poate fi folosit \u00een straturile de cauciuc.<\/p>\n<p><strong>Specificatii tehnice:<\/strong><\/p>\n<ul>\n<li><strong>Tip profil:<\/strong> B.<\/li>\n<li><strong>Lungimea de lucru a centurii:<\/strong> 1830 mm.<\/li>\n<li><strong>Latime profil:<\/strong> 17 mm.<\/li>\n<li><strong>Inaltime profil:<\/strong> 14 mm.<\/li>\n<li><strong>Greutatea centurii:<\/strong> 0,36 kg.<\/li>\n<\/ul>\n","protected":false},"excerpt":{"rendered":"<p>Transmite cuplul, primit de la arborele cotit al motoblocului prin scripetele de antrenare, c\u0103tre cutia de viteze prin intermediul ambreiajului.<\/p>\n","protected":false},"featured_media":10477,"comment_status":"closed","ping_status":"closed","template":"","meta":{"om_disable_all_campaigns":false},"pwb-brand":[],"product_brand":[],"product_cat":[521],"product_tag":[],"class_list":{"0":"post-10479","1":"product","2":"type-product","3":"status-publish","4":"has-post-thumbnail","6":"product_cat-cureaua","8":"first","9":"instock","10":"purchasable","11":"product-type-simple"},"aioseo_notices":[],"aioseo_head":"\n\t\t<!-- All in One SEO Pro 4.9.7.1 - aioseo.com -->\n\t<meta name=\"description\" content=\"Transmite cuplul, primit de la arborele cotit al motoblocului prin scripetele de antrenare, c\u0103tre cutia de viteze prin intermediul ambreiajului.\" \/>\n\t<meta name=\"robots\" content=\"max-image-preview:large\" \/>\n\t<link rel=\"canonical\" href=\"https:\/\/bunuri.md\/ro\/shop\/curele-trapezoidale-b-1830-pentru-motoblocurile-r175-r195\/\" \/>\n\t<meta name=\"generator\" content=\"All in One SEO Pro (AIOSEO) 4.9.7.1\" \/>\n\t\t<meta property=\"og:locale\" content=\"ro_RO\" \/>\n\t\t<meta property=\"og:site_name\" content=\"\u0418\u043d\u0442\u0435\u0440\u043d\u0435\u0442 \u043c\u0430\u0433\u0430\u0437\u0438\u043d \u041c\u043e\u043b\u0434\u043e\u0432\u0430 | Bunuri.md este un magazin online care livreaz\u0103 \u0219i comercializeaz\u0103 o gam\u0103 larg\u0103 de m\u0103rfuri de diverse categorii pe \u00eentreg teritoriul Republicii Moldova.\" \/>\n\t\t<meta property=\"og:type\" content=\"article\" \/>\n\t\t<meta property=\"og:title\" content=\"Curele trapezoidale B-1830 pentru motoblocurile R175- R195\" \/>\n\t\t<meta property=\"og:description\" content=\"Transmite cuplul, primit de la arborele cotit al motoblocului prin scripetele de antrenare, c\u0103tre cutia de viteze prin intermediul ambreiajului.\" \/>\n\t\t<meta property=\"og:url\" content=\"https:\/\/bunuri.md\/ro\/shop\/curele-trapezoidale-b-1830-pentru-motoblocurile-r175-r195\/\" \/>\n\t\t<meta property=\"og:image\" content=\"https:\/\/bunuri.md\/wp-content\/uploads\/2022\/10\/logobu.png\" \/>\n\t\t<meta property=\"og:image:secure_url\" content=\"https:\/\/bunuri.md\/wp-content\/uploads\/2022\/10\/logobu.png\" \/>\n\t\t<meta property=\"og:image:width\" content=\"200\" \/>\n\t\t<meta property=\"og:image:height\" content=\"200\" \/>\n\t\t<meta property=\"article:published_time\" content=\"2025-04-01T11:27:30+00:00\" \/>\n\t\t<meta property=\"article:modified_time\" content=\"2025-06-07T16:40:22+00:00\" \/>\n\t\t<meta property=\"article:publisher\" content=\"https:\/\/facebook.com\/https:\/\/www.facebook.com\/bunurimag\" \/>\n\t\t<meta name=\"twitter:card\" content=\"summary\" \/>\n\t\t<meta name=\"twitter:site\" content=\"@https:\" \/>\n\t\t<meta name=\"twitter:title\" content=\"Curele trapezoidale B-1830 pentru motoblocurile R175- R195\" \/>\n\t\t<meta name=\"twitter:description\" content=\"Transmite cuplul, primit de la arborele cotit al motoblocului prin scripetele de antrenare, c\u0103tre cutia de viteze prin intermediul ambreiajului.\" \/>\n\t\t<meta name=\"twitter:image\" content=\"https:\/\/bunuri.md\/wp-content\/uploads\/2022\/10\/logobu.png\" \/>\n\t\t<script type=\"application\/ld+json\" class=\"aioseo-schema\">\n\t\t\t{\"@context\":\"https:\\\/\\\/schema.org\",\"@graph\":[{\"@type\":\"BreadcrumbList\",\"@id\":\"https:\\\/\\\/bunuri.md\\\/ro\\\/shop\\\/curele-trapezoidale-b-1830-pentru-motoblocurile-r175-r195\\\/#breadcrumblist\",\"itemListElement\":[{\"@type\":\"ListItem\",\"@id\":\"https:\\\/\\\/bunuri.md\\\/ro\\\/#listItem\",\"position\":1,\"name\":\"Home\",\"item\":\"https:\\\/\\\/bunuri.md\\\/ro\\\/\",\"nextItem\":{\"@type\":\"ListItem\",\"@id\":\"https:\\\/\\\/bunuri.md\\\/ro\\\/shop-2\\\/#listItem\",\"name\":\"Magazin\"}},{\"@type\":\"ListItem\",\"@id\":\"https:\\\/\\\/bunuri.md\\\/ro\\\/shop-2\\\/#listItem\",\"position\":2,\"name\":\"Magazin\",\"item\":\"https:\\\/\\\/bunuri.md\\\/ro\\\/shop-2\\\/\",\"nextItem\":{\"@type\":\"ListItem\",\"@id\":\"https:\\\/\\\/bunuri.md\\\/ro\\\/product-category\\\/cureaua\\\/#listItem\",\"name\":\"Cur\\u0435\\u043b\\u0435\"},\"previousItem\":{\"@type\":\"ListItem\",\"@id\":\"https:\\\/\\\/bunuri.md\\\/ro\\\/#listItem\",\"name\":\"Home\"}},{\"@type\":\"ListItem\",\"@id\":\"https:\\\/\\\/bunuri.md\\\/ro\\\/product-category\\\/cureaua\\\/#listItem\",\"position\":3,\"name\":\"Cur\\u0435\\u043b\\u0435\",\"item\":\"https:\\\/\\\/bunuri.md\\\/ro\\\/product-category\\\/cureaua\\\/\",\"nextItem\":{\"@type\":\"ListItem\",\"@id\":\"https:\\\/\\\/bunuri.md\\\/ro\\\/shop\\\/curele-trapezoidale-b-1830-pentru-motoblocurile-r175-r195\\\/#listItem\",\"name\":\"Curele trapezoidale B-1830 pentru motoblocurile R175- R195\"},\"previousItem\":{\"@type\":\"ListItem\",\"@id\":\"https:\\\/\\\/bunuri.md\\\/ro\\\/shop-2\\\/#listItem\",\"name\":\"Magazin\"}},{\"@type\":\"ListItem\",\"@id\":\"https:\\\/\\\/bunuri.md\\\/ro\\\/shop\\\/curele-trapezoidale-b-1830-pentru-motoblocurile-r175-r195\\\/#listItem\",\"position\":4,\"name\":\"Curele trapezoidale B-1830 pentru motoblocurile R175- R195\",\"previousItem\":{\"@type\":\"ListItem\",\"@id\":\"https:\\\/\\\/bunuri.md\\\/ro\\\/product-category\\\/cureaua\\\/#listItem\",\"name\":\"Cur\\u0435\\u043b\\u0435\"}}]},{\"@type\":\"ItemPage\",\"@id\":\"https:\\\/\\\/bunuri.md\\\/ro\\\/shop\\\/curele-trapezoidale-b-1830-pentru-motoblocurile-r175-r195\\\/#itempage\",\"url\":\"https:\\\/\\\/bunuri.md\\\/ro\\\/shop\\\/curele-trapezoidale-b-1830-pentru-motoblocurile-r175-r195\\\/\",\"name\":\"Curele trapezoidale B-1830 pentru motoblocurile R175- R195\",\"description\":\"Transmite cuplul, primit de la arborele cotit al motoblocului prin scripetele de antrenare, c\\u0103tre cutia de viteze prin intermediul ambreiajului.\",\"inLanguage\":\"ro-RO\",\"isPartOf\":{\"@id\":\"https:\\\/\\\/bunuri.md\\\/ro\\\/#website\"},\"breadcrumb\":{\"@id\":\"https:\\\/\\\/bunuri.md\\\/ro\\\/shop\\\/curele-trapezoidale-b-1830-pentru-motoblocurile-r175-r195\\\/#breadcrumblist\"},\"image\":{\"@type\":\"ImageObject\",\"url\":\"https:\\\/\\\/bunuri.md\\\/wp-content\\\/uploads\\\/2025\\\/04\\\/Curaua_B_1830.png\",\"@id\":\"https:\\\/\\\/bunuri.md\\\/ro\\\/shop\\\/curele-trapezoidale-b-1830-pentru-motoblocurile-r175-r195\\\/#mainImage\",\"width\":502,\"height\":497,\"caption\":\"Curaua_B_1830\"},\"primaryImageOfPage\":{\"@id\":\"https:\\\/\\\/bunuri.md\\\/ro\\\/shop\\\/curele-trapezoidale-b-1830-pentru-motoblocurile-r175-r195\\\/#mainImage\"},\"datePublished\":\"2025-04-01T14:27:30+03:00\",\"dateModified\":\"2025-06-07T19:40:22+03:00\"},{\"@type\":\"Organization\",\"@id\":\"https:\\\/\\\/bunuri.md\\\/ro\\\/#organization\",\"name\":\"\\u00centreprinderea Individual\\u0103 \\\"Buldumac Aliona\\\"\",\"description\":\"\\u0418\\u041f \\u00ab\\u0411\\u0443\\u043b\\u0434\\u0443\\u043c\\u0430\\u043a \\u0410\\u043b\\u0435\\u043d\\u0430\\u00bb - \\u044d\\u0442\\u043e \\u043d\\u0430\\u0434\\u0451\\u0436\\u043d\\u044b\\u0439 \\u0438 \\u043e\\u0440\\u0438\\u0435\\u043d\\u0442\\u0438\\u0440\\u043e\\u0432\\u0430\\u043d\\u043d\\u044b\\u0439 \\u043d\\u0430 \\u043a\\u043b\\u0438\\u0435\\u043d\\u0442\\u0430 \\u0431\\u0438\\u0437\\u043d\\u0435\\u0441, \\u043f\\u0440\\u0435\\u0434\\u043b\\u0430\\u0433\\u0430\\u044e\\u0449\\u0438\\u0439 \\u043a\\u0430\\u0447\\u0435\\u0441\\u0442\\u0432\\u0435\\u043d\\u043d\\u044b\\u0435 \\u0442\\u043e\\u0432\\u0430\\u0440\\u044b, \\u0443\\u0441\\u043b\\u0443\\u0433\\u0438 \\u0441 \\u0430\\u043a\\u0446\\u0435\\u043d\\u0442\\u043e\\u043c \\u043d\\u0430 \\u043f\\u0440\\u0430\\u043a\\u0442\\u0438\\u0447\\u043d\\u043e\\u0441\\u0442\\u044c \\u0438 \\u0447\\u0435\\u0441\\u0442\\u043d\\u044b\\u0439 \\u043f\\u043e\\u0434\\u0445\\u043e\\u0434.\",\"url\":\"https:\\\/\\\/bunuri.md\\\/ro\\\/\",\"email\":\"bunuri.md@gmail.com\",\"telephone\":\"+37379512557\",\"foundingDate\":\"2006-09-27\",\"numberOfEmployees\":{\"@type\":\"QuantitativeValue\",\"minValue\":0,\"maxValue\":4},\"logo\":{\"@type\":\"ImageObject\",\"url\":\"https:\\\/\\\/bunuri.md\\\/wp-content\\\/uploads\\\/2022\\\/08\\\/logo-bunuri.png\",\"@id\":\"https:\\\/\\\/bunuri.md\\\/ro\\\/shop\\\/curele-trapezoidale-b-1830-pentru-motoblocurile-r175-r195\\\/#organizationLogo\",\"width\":250,\"height\":250},\"image\":{\"@id\":\"https:\\\/\\\/bunuri.md\\\/ro\\\/shop\\\/curele-trapezoidale-b-1830-pentru-motoblocurile-r175-r195\\\/#organizationLogo\"},\"sameAs\":[\"https:\\\/\\\/facebook.com\\\/https:\\\/\\\/www.facebook.com\\\/bunurimag\",\"https:\\\/\\\/x.com\\\/https:\\\/\\\/www.facebook.com\\\/bunurimag\",\"https:\\\/\\\/instagram.com\\\/https:\\\/\\\/www.facebook.com\\\/bunurimag\",\"https:\\\/\\\/pinterest.com\\\/https:\\\/\\\/www.facebook.com\\\/bunurimag\",\"https:\\\/\\\/youtube.com\\\/https:\\\/\\\/www.facebook.com\\\/bunurimag\",\"https:\\\/\\\/linkedin.com\\\/in\\\/https:\\\/\\\/www.facebook.com\\\/bunurimag\",\"https:\\\/\\\/soundcloud.com\\\/https:\\\/\\\/www.facebook.com\\\/bunurimag\"],\"address\":{\"@id\":\"https:\\\/\\\/bunuri.md\\\/ro\\\/#postaladdress\",\"@type\":\"PostalAddress\",\"streetAddress\":\"\\u0420. \\u041c\\u043e\\u043b\\u0434\\u043e\\u0432\\u0430, \\u0433. \\u0425\\u044b\\u043d\\u0447\\u0435\\u0448\\u0442\\u044b\",\"postalCode\":\"3401\",\"addressLocality\":\"\\u0425\\u044b\\u043d\\u0447\\u0435\\u0448\\u0442\\u044b\",\"addressRegion\":\"Moldova\",\"addressCountry\":\"MD\"}},{\"@type\":\"WebPage\",\"@id\":\"https:\\\/\\\/bunuri.md\\\/ro\\\/shop\\\/curele-trapezoidale-b-1830-pentru-motoblocurile-r175-r195\\\/#webpage\",\"url\":\"https:\\\/\\\/bunuri.md\\\/ro\\\/shop\\\/curele-trapezoidale-b-1830-pentru-motoblocurile-r175-r195\\\/\",\"name\":\"Curele trapezoidale B-1830 pentru motoblocurile R175- R195\",\"description\":\"Transmite cuplul, primit de la arborele cotit al motoblocului prin scripetele de antrenare, c\\u0103tre cutia de viteze prin intermediul ambreiajului.\",\"inLanguage\":\"ro-RO\",\"isPartOf\":{\"@id\":\"https:\\\/\\\/bunuri.md\\\/ro\\\/#website\"},\"breadcrumb\":{\"@id\":\"https:\\\/\\\/bunuri.md\\\/ro\\\/shop\\\/curele-trapezoidale-b-1830-pentru-motoblocurile-r175-r195\\\/#breadcrumblist\"},\"image\":{\"@type\":\"ImageObject\",\"url\":\"https:\\\/\\\/bunuri.md\\\/wp-content\\\/uploads\\\/2025\\\/04\\\/Curaua_B_1830.png\",\"@id\":\"https:\\\/\\\/bunuri.md\\\/ro\\\/shop\\\/curele-trapezoidale-b-1830-pentru-motoblocurile-r175-r195\\\/#mainImage\",\"width\":502,\"height\":497,\"caption\":\"Curaua_B_1830\"},\"primaryImageOfPage\":{\"@id\":\"https:\\\/\\\/bunuri.md\\\/ro\\\/shop\\\/curele-trapezoidale-b-1830-pentru-motoblocurile-r175-r195\\\/#mainImage\"},\"datePublished\":\"2025-04-01T14:27:30+03:00\",\"dateModified\":\"2025-06-07T19:40:22+03:00\"},{\"@type\":\"WebSite\",\"@id\":\"https:\\\/\\\/bunuri.md\\\/ro\\\/#website\",\"url\":\"https:\\\/\\\/bunuri.md\\\/ro\\\/\",\"name\":\"www.bunuri.md\",\"alternateName\":\"bunuri.md\",\"description\":\"Bunuri.md este un magazin online care livreaz\\u0103 \\u0219i comercializeaz\\u0103 o gam\\u0103 larg\\u0103 de m\\u0103rfuri de diverse categorii pe \\u00eentreg teritoriul Republicii Moldova.\",\"inLanguage\":\"ro-RO\",\"publisher\":{\"@id\":\"https:\\\/\\\/bunuri.md\\\/ro\\\/#organization\"}}]}\n\t\t<\/script>\n\t\t<!-- All in One SEO Pro -->\r\n\t\t<title>Curele trapezoidale B-1830 pentru motoblocurile R175- R195<\/title>\n\n","aioseo_head_json":{"title":"Curele trapezoidale B-1830 pentru motoblocurile R175- R195","description":"Transmite cuplul, primit de la arborele cotit al motoblocului prin scripetele de antrenare, c\u0103tre cutia de viteze prin intermediul ambreiajului.","canonical_url":"https:\/\/bunuri.md\/ro\/shop\/curele-trapezoidale-b-1830-pentru-motoblocurile-r175-r195\/","robots":"max-image-preview:large","keywords":"","webmasterTools":{"miscellaneous":""},"schema":{"@context":"https:\/\/schema.org","@graph":[{"@type":"BreadcrumbList","@id":"https:\/\/bunuri.md\/ro\/shop\/curele-trapezoidale-b-1830-pentru-motoblocurile-r175-r195\/#breadcrumblist","itemListElement":[{"@type":"ListItem","@id":"https:\/\/bunuri.md\/ro\/#listItem","position":1,"name":"Home","item":"https:\/\/bunuri.md\/ro\/","nextItem":{"@type":"ListItem","@id":"https:\/\/bunuri.md\/ro\/shop-2\/#listItem","name":"Magazin"}},{"@type":"ListItem","@id":"https:\/\/bunuri.md\/ro\/shop-2\/#listItem","position":2,"name":"Magazin","item":"https:\/\/bunuri.md\/ro\/shop-2\/","nextItem":{"@type":"ListItem","@id":"https:\/\/bunuri.md\/ro\/product-category\/cureaua\/#listItem","name":"Cur\u0435\u043b\u0435"},"previousItem":{"@type":"ListItem","@id":"https:\/\/bunuri.md\/ro\/#listItem","name":"Home"}},{"@type":"ListItem","@id":"https:\/\/bunuri.md\/ro\/product-category\/cureaua\/#listItem","position":3,"name":"Cur\u0435\u043b\u0435","item":"https:\/\/bunuri.md\/ro\/product-category\/cureaua\/","nextItem":{"@type":"ListItem","@id":"https:\/\/bunuri.md\/ro\/shop\/curele-trapezoidale-b-1830-pentru-motoblocurile-r175-r195\/#listItem","name":"Curele trapezoidale B-1830 pentru motoblocurile R175- R195"},"previousItem":{"@type":"ListItem","@id":"https:\/\/bunuri.md\/ro\/shop-2\/#listItem","name":"Magazin"}},{"@type":"ListItem","@id":"https:\/\/bunuri.md\/ro\/shop\/curele-trapezoidale-b-1830-pentru-motoblocurile-r175-r195\/#listItem","position":4,"name":"Curele trapezoidale B-1830 pentru motoblocurile R175- R195","previousItem":{"@type":"ListItem","@id":"https:\/\/bunuri.md\/ro\/product-category\/cureaua\/#listItem","name":"Cur\u0435\u043b\u0435"}}]},{"@type":"ItemPage","@id":"https:\/\/bunuri.md\/ro\/shop\/curele-trapezoidale-b-1830-pentru-motoblocurile-r175-r195\/#itempage","url":"https:\/\/bunuri.md\/ro\/shop\/curele-trapezoidale-b-1830-pentru-motoblocurile-r175-r195\/","name":"Curele trapezoidale B-1830 pentru motoblocurile R175- R195","description":"Transmite cuplul, primit de la arborele cotit al motoblocului prin scripetele de antrenare, c\u0103tre cutia de viteze prin intermediul ambreiajului.","inLanguage":"ro-RO","isPartOf":{"@id":"https:\/\/bunuri.md\/ro\/#website"},"breadcrumb":{"@id":"https:\/\/bunuri.md\/ro\/shop\/curele-trapezoidale-b-1830-pentru-motoblocurile-r175-r195\/#breadcrumblist"},"image":{"@type":"ImageObject","url":"https:\/\/bunuri.md\/wp-content\/uploads\/2025\/04\/Curaua_B_1830.png","@id":"https:\/\/bunuri.md\/ro\/shop\/curele-trapezoidale-b-1830-pentru-motoblocurile-r175-r195\/#mainImage","width":502,"height":497,"caption":"Curaua_B_1830"},"primaryImageOfPage":{"@id":"https:\/\/bunuri.md\/ro\/shop\/curele-trapezoidale-b-1830-pentru-motoblocurile-r175-r195\/#mainImage"},"datePublished":"2025-04-01T14:27:30+03:00","dateModified":"2025-06-07T19:40:22+03:00"},{"@type":"Organization","@id":"https:\/\/bunuri.md\/ro\/#organization","name":"\u00centreprinderea Individual\u0103 \"Buldumac Aliona\"","description":"\u0418\u041f \u00ab\u0411\u0443\u043b\u0434\u0443\u043c\u0430\u043a \u0410\u043b\u0435\u043d\u0430\u00bb - \u044d\u0442\u043e \u043d\u0430\u0434\u0451\u0436\u043d\u044b\u0439 \u0438 \u043e\u0440\u0438\u0435\u043d\u0442\u0438\u0440\u043e\u0432\u0430\u043d\u043d\u044b\u0439 \u043d\u0430 \u043a\u043b\u0438\u0435\u043d\u0442\u0430 \u0431\u0438\u0437\u043d\u0435\u0441, \u043f\u0440\u0435\u0434\u043b\u0430\u0433\u0430\u044e\u0449\u0438\u0439 \u043a\u0430\u0447\u0435\u0441\u0442\u0432\u0435\u043d\u043d\u044b\u0435 \u0442\u043e\u0432\u0430\u0440\u044b, \u0443\u0441\u043b\u0443\u0433\u0438 \u0441 \u0430\u043a\u0446\u0435\u043d\u0442\u043e\u043c \u043d\u0430 \u043f\u0440\u0430\u043a\u0442\u0438\u0447\u043d\u043e\u0441\u0442\u044c \u0438 \u0447\u0435\u0441\u0442\u043d\u044b\u0439 \u043f\u043e\u0434\u0445\u043e\u0434.","url":"https:\/\/bunuri.md\/ro\/","email":"bunuri.md@gmail.com","telephone":"+37379512557","foundingDate":"2006-09-27","numberOfEmployees":{"@type":"QuantitativeValue","minValue":0,"maxValue":4},"logo":{"@type":"ImageObject","url":"https:\/\/bunuri.md\/wp-content\/uploads\/2022\/08\/logo-bunuri.png","@id":"https:\/\/bunuri.md\/ro\/shop\/curele-trapezoidale-b-1830-pentru-motoblocurile-r175-r195\/#organizationLogo","width":250,"height":250},"image":{"@id":"https:\/\/bunuri.md\/ro\/shop\/curele-trapezoidale-b-1830-pentru-motoblocurile-r175-r195\/#organizationLogo"},"sameAs":["https:\/\/facebook.com\/https:\/\/www.facebook.com\/bunurimag","https:\/\/x.com\/https:\/\/www.facebook.com\/bunurimag","https:\/\/instagram.com\/https:\/\/www.facebook.com\/bunurimag","https:\/\/pinterest.com\/https:\/\/www.facebook.com\/bunurimag","https:\/\/youtube.com\/https:\/\/www.facebook.com\/bunurimag","https:\/\/linkedin.com\/in\/https:\/\/www.facebook.com\/bunurimag","https:\/\/soundcloud.com\/https:\/\/www.facebook.com\/bunurimag"],"address":{"@id":"https:\/\/bunuri.md\/ro\/#postaladdress","@type":"PostalAddress","streetAddress":"\u0420. \u041c\u043e\u043b\u0434\u043e\u0432\u0430, \u0433. \u0425\u044b\u043d\u0447\u0435\u0448\u0442\u044b","postalCode":"3401","addressLocality":"\u0425\u044b\u043d\u0447\u0435\u0448\u0442\u044b","addressRegion":"Moldova","addressCountry":"MD"}},{"@type":"WebPage","@id":"https:\/\/bunuri.md\/ro\/shop\/curele-trapezoidale-b-1830-pentru-motoblocurile-r175-r195\/#webpage","url":"https:\/\/bunuri.md\/ro\/shop\/curele-trapezoidale-b-1830-pentru-motoblocurile-r175-r195\/","name":"Curele trapezoidale B-1830 pentru motoblocurile R175- R195","description":"Transmite cuplul, primit de la arborele cotit al motoblocului prin scripetele de antrenare, c\u0103tre cutia de viteze prin intermediul ambreiajului.","inLanguage":"ro-RO","isPartOf":{"@id":"https:\/\/bunuri.md\/ro\/#website"},"breadcrumb":{"@id":"https:\/\/bunuri.md\/ro\/shop\/curele-trapezoidale-b-1830-pentru-motoblocurile-r175-r195\/#breadcrumblist"},"image":{"@type":"ImageObject","url":"https:\/\/bunuri.md\/wp-content\/uploads\/2025\/04\/Curaua_B_1830.png","@id":"https:\/\/bunuri.md\/ro\/shop\/curele-trapezoidale-b-1830-pentru-motoblocurile-r175-r195\/#mainImage","width":502,"height":497,"caption":"Curaua_B_1830"},"primaryImageOfPage":{"@id":"https:\/\/bunuri.md\/ro\/shop\/curele-trapezoidale-b-1830-pentru-motoblocurile-r175-r195\/#mainImage"},"datePublished":"2025-04-01T14:27:30+03:00","dateModified":"2025-06-07T19:40:22+03:00"},{"@type":"WebSite","@id":"https:\/\/bunuri.md\/ro\/#website","url":"https:\/\/bunuri.md\/ro\/","name":"www.bunuri.md","alternateName":"bunuri.md","description":"Bunuri.md este un magazin online care livreaz\u0103 \u0219i comercializeaz\u0103 o gam\u0103 larg\u0103 de m\u0103rfuri de diverse categorii pe \u00eentreg teritoriul Republicii Moldova.","inLanguage":"ro-RO","publisher":{"@id":"https:\/\/bunuri.md\/ro\/#organization"}}]},"og:locale":"ro_RO","og:site_name":"\u0418\u043d\u0442\u0435\u0440\u043d\u0435\u0442 \u043c\u0430\u0433\u0430\u0437\u0438\u043d \u041c\u043e\u043b\u0434\u043e\u0432\u0430 | Bunuri.md este un magazin online care livreaz\u0103 \u0219i comercializeaz\u0103 o gam\u0103 larg\u0103 de m\u0103rfuri de diverse categorii pe \u00eentreg teritoriul Republicii Moldova.","og:type":"article","og:title":"Curele trapezoidale B-1830 pentru motoblocurile R175- R195","og:description":"Transmite cuplul, primit de la arborele cotit al motoblocului prin scripetele de antrenare, c\u0103tre cutia de viteze prin intermediul ambreiajului.","og:url":"https:\/\/bunuri.md\/ro\/shop\/curele-trapezoidale-b-1830-pentru-motoblocurile-r175-r195\/","og:image":"https:\/\/bunuri.md\/wp-content\/uploads\/2022\/10\/logobu.png","og:image:secure_url":"https:\/\/bunuri.md\/wp-content\/uploads\/2022\/10\/logobu.png","og:image:width":200,"og:image:height":200,"article:published_time":"2025-04-01T11:27:30+00:00","article:modified_time":"2025-06-07T16:40:22+00:00","article:publisher":"https:\/\/facebook.com\/https:\/\/www.facebook.com\/bunurimag","twitter:card":"summary","twitter:site":"@https:","twitter:title":"Curele trapezoidale B-1830 pentru motoblocurile R175- R195","twitter:description":"Transmite cuplul, primit de la arborele cotit al motoblocului prin scripetele de antrenare, c\u0103tre cutia de viteze prin intermediul ambreiajului.","twitter:image":"https:\/\/bunuri.md\/wp-content\/uploads\/2022\/10\/logobu.png"},"aioseo_meta_data":{"post_id":"10479","title":"Curele trapezoidale B-1830 pentru motoblocurile R175- R195","description":"Transmite cuplul, primit de la arborele cotit al motoblocului prin scripetele de antrenare, c\u0103tre cutia de viteze prin intermediul ambreiajului.","keywords":null,"keyphrases":{"focus":{"keyphrase":"","score":0,"analysis":{"keyphraseInTitle":{"score":0,"maxScore":9,"error":1}}},"additional":[]},"primary_term":null,"canonical_url":null,"og_title":null,"og_description":null,"og_object_type":"default","og_image_type":"default","og_image_url":null,"og_image_width":null,"og_image_height":null,"og_image_custom_url":null,"og_image_custom_fields":null,"og_video":"","og_custom_url":null,"og_article_section":null,"og_article_tags":null,"twitter_use_og":false,"twitter_card":"default","twitter_image_type":"default","twitter_image_url":null,"twitter_image_custom_url":null,"twitter_image_custom_fields":null,"twitter_title":null,"twitter_description":null,"schema":{"blockGraphs":[],"customGraphs":[],"default":{"data":{"Article":[],"Course":[],"Dataset":[],"FAQPage":[],"Movie":[],"Person":[],"Product":[],"ProductReview":[],"Car":[],"Recipe":[],"Service":[],"SoftwareApplication":[],"WebPage":[]},"graphName":"ItemPage","isEnabled":true},"graphs":[]},"schema_type":"default","schema_type_options":null,"pillar_content":false,"robots_default":true,"robots_noindex":false,"robots_noarchive":false,"robots_nosnippet":false,"robots_nofollow":false,"robots_noimageindex":false,"robots_noodp":false,"robots_notranslate":false,"robots_max_snippet":"-1","robots_max_videopreview":"-1","robots_max_imagepreview":"large","priority":null,"frequency":"default","local_seo":null,"seo_analyzer_scan_date":null,"breadcrumb_settings":null,"limit_modified_date":false,"reviewed_by":"0","open_ai":"{\"title\":{\"suggestions\":[],\"usage\":0},\"description\":{\"suggestions\":[],\"usage\":0}}","ai":null,"created":"2025-04-01 12:08:23","updated":"2025-06-07 16:52:12"},"aioseo_breadcrumb":"<div class=\"aioseo-breadcrumbs\"><span class=\"aioseo-breadcrumb\">\n\t<a href=\"https:\/\/bunuri.md\/ro\/\" title=\"Home\">Home<\/a>\n<\/span><span class=\"aioseo-breadcrumb-separator\">\u00bb<\/span><span class=\"aioseo-breadcrumb\">\n\t<a href=\"https:\/\/bunuri.md\/ro\/shop-2\/\" title=\"Magazin\">Magazin<\/a>\n<\/span><span class=\"aioseo-breadcrumb-separator\">\u00bb<\/span><span class=\"aioseo-breadcrumb\">\n\t<a href=\"https:\/\/bunuri.md\/ro\/product-category\/cureaua\/\" title=\"Cur\u0435\u043b\u0435\">Cur\u0435\u043b\u0435<\/a>\n<\/span><span class=\"aioseo-breadcrumb-separator\">\u00bb<\/span><span class=\"aioseo-breadcrumb\">\n\tCurele trapezoidale B-1830 pentru motoblocurile R175- R195\n<\/span><\/div>","aioseo_breadcrumb_json":[{"label":"Home","link":"https:\/\/bunuri.md\/ro\/"},{"label":"Magazin","link":"https:\/\/bunuri.md\/ro\/shop-2\/"},{"label":"Cur\u0435\u043b\u0435","link":"https:\/\/bunuri.md\/ro\/product-category\/cureaua\/"},{"label":"Curele trapezoidale B-1830 pentru motoblocurile R175- R195","link":"https:\/\/bunuri.md\/ro\/shop\/curele-trapezoidale-b-1830-pentru-motoblocurile-r175-r195\/"}],"brands":[],"_links":{"self":[{"href":"https:\/\/bunuri.md\/ro\/wp-json\/wp\/v2\/product\/10479","targetHints":{"allow":["GET"]}}],"collection":[{"href":"https:\/\/bunuri.md\/ro\/wp-json\/wp\/v2\/product"}],"about":[{"href":"https:\/\/bunuri.md\/ro\/wp-json\/wp\/v2\/types\/product"}],"replies":[{"embeddable":true,"href":"https:\/\/bunuri.md\/ro\/wp-json\/wp\/v2\/comments?post=10479"}],"wp:featuredmedia":[{"embeddable":true,"href":"https:\/\/bunuri.md\/ro\/wp-json\/wp\/v2\/media\/10477"}],"wp:attachment":[{"href":"https:\/\/bunuri.md\/ro\/wp-json\/wp\/v2\/media?parent=10479"}],"wp:term":[{"taxonomy":"pwb-brand","embeddable":true,"href":"https:\/\/bunuri.md\/ro\/wp-json\/wp\/v2\/pwb-brand?post=10479"},{"taxonomy":"product_brand","embeddable":true,"href":"https:\/\/bunuri.md\/ro\/wp-json\/wp\/v2\/product_brand?post=10479"},{"taxonomy":"product_cat","embeddable":true,"href":"https:\/\/bunuri.md\/ro\/wp-json\/wp\/v2\/product_cat?post=10479"},{"taxonomy":"product_tag","embeddable":true,"href":"https:\/\/bunuri.md\/ro\/wp-json\/wp\/v2\/product_tag?post=10479"}],"curies":[{"name":"wp","href":"https:\/\/api.w.org\/{rel}","templated":true}]}}