{"id":10740,"date":"2025-07-09T20:14:28","date_gmt":"2025-07-09T17:14:28","guid":{"rendered":"https:\/\/bunuri.md\/?post_type=product&#038;p=10740"},"modified":"2025-07-10T22:11:42","modified_gmt":"2025-07-10T19:11:42","slug":"concasor-de-cereale-concasor-universal-pentru-furaje-dku","status":"publish","type":"product","link":"https:\/\/bunuri.md\/ro\/shop\/concasor-de-cereale-concasor-universal-pentru-furaje-dku\/","title":{"rendered":"Concasor de cereale, concasor universal pentru furaje (DKU)"},"content":{"rendered":"<p><strong>Concasorul de cereale, concasorul universal pentru furaje (DKU)<\/strong> &#8211; <a href=\"https:\/\/bunuri.md\/ro\/\">este un dispozitiv convenabil \u0219i eficient pentru zdrobirea \u0219i prelucrarea diferitelor tipuri de cereale \u0219i furaje, inclusiv porumb, gr\u00e2u, orz, ov\u0103z, lucern\u0103 \u0219i paie. Acest echipament este ideal pentru utilizare \u00een gospod\u0103rii, \u00een ferme mici sau \u00een zone rurale unde este necesar\u0103 prepararea independent\u0103 a hranei pentru animale.<\/a><\/p>\n<p>Concasorul electric de cereale pentru uz casnic este o solu\u021bie profitabil\u0103 pentru fermele care doresc s\u0103 \u00eembun\u0103t\u0103\u021beasc\u0103 procesul de hr\u0103nire a animalelor. U\u0219urin\u021ba \u00een utilizare, eficien\u021ba ridicat\u0103 \u0219i versatilitatea fac din acest dispozitiv un asistent indispensabil \u00een fermele mici, permi\u021b\u00e2nd cre\u0219terea productivit\u0103\u021bii \u0219i reducerea costurilor.<\/p>\n<p>Caracteristicile de design v\u0103 permit s\u0103 monta\u021bi dispozitivul pe orice suprafa\u021b\u0103 plan\u0103 stabil\u0103, sub care pute\u021bi a\u0219eza un recipient pentru produsul zdrobit.<\/p>\n<p><strong>Specifica\u021bii tehnice:<\/strong><\/p>\n<ul>\n<li><strong>Putere:<\/strong> de la 2,8 kW la 4,5 kW.<\/li>\n<li><strong>Productivitate:<\/strong> 120-180 kg\/h. Scop: pentru m\u0103cinarea cerealelor.<\/li>\n<li><strong>Tav\u0103 de \u00eenc\u0103rcare pentru cereale.<\/strong><\/li>\n<li><strong>Site \u00eenlocuibile pentru m\u0103cinare mai fin\u0103 sau mai grosier\u0103.<\/strong><\/li>\n<li><strong>Caracteristica:<\/strong> Productivitate ridicat\u0103 a concasorului de cereale.<\/li>\n<\/ul>\n","protected":false},"excerpt":{"rendered":"<p>Este destinat m\u0103cin\u0103rii diferitelor tipuri de cereale \u00een fermele filiale \u0219i fermele mici, la prepararea hranei pentru animale domestice \u0219i p\u0103s\u0103ri de curte.<\/p>\n","protected":false},"featured_media":10737,"comment_status":"closed","ping_status":"closed","template":"","meta":{"om_disable_all_campaigns":false},"pwb-brand":[],"product_brand":[],"product_cat":[560],"product_tag":[],"class_list":{"0":"post-10740","1":"product","2":"type-product","3":"status-publish","4":"has-post-thumbnail","6":"product_cat-echipamente-de-uz-casnic-ro","8":"first","9":"instock","10":"purchasable","11":"product-type-simple"},"aioseo_notices":[],"aioseo_head":"\n\t\t<!-- All in One SEO Pro 4.9.6.2 - aioseo.com -->\n\t<meta name=\"description\" content=\"Este destinat m\u0103cin\u0103rii diferitelor tipuri de cereale \u00een fermele filiale \u0219i fermele mici, la prepararea hranei pentru animale domestice \u0219i p\u0103s\u0103ri de curte.\" \/>\n\t<meta name=\"robots\" content=\"max-image-preview:large\" \/>\n\t<link rel=\"canonical\" href=\"https:\/\/bunuri.md\/ro\/shop\/concasor-de-cereale-concasor-universal-pentru-furaje-dku\/\" \/>\n\t<meta name=\"generator\" content=\"All in One SEO Pro (AIOSEO) 4.9.6.2\" \/>\n\t\t<meta property=\"og:locale\" content=\"ro_RO\" \/>\n\t\t<meta property=\"og:site_name\" content=\"\u0418\u043d\u0442\u0435\u0440\u043d\u0435\u0442 \u043c\u0430\u0433\u0430\u0437\u0438\u043d \u041c\u043e\u043b\u0434\u043e\u0432\u0430 | Bunuri.md este un magazin online care livreaz\u0103 \u0219i comercializeaz\u0103 o gam\u0103 larg\u0103 de m\u0103rfuri de diverse categorii pe \u00eentreg teritoriul Republicii Moldova.\" \/>\n\t\t<meta property=\"og:type\" content=\"article\" \/>\n\t\t<meta property=\"og:title\" content=\"Concasor de cereale, concasor universal pentru furaje (DKU)\" \/>\n\t\t<meta property=\"og:description\" content=\"Este destinat m\u0103cin\u0103rii diferitelor tipuri de cereale \u00een fermele filiale \u0219i fermele mici, la prepararea hranei pentru animale domestice \u0219i p\u0103s\u0103ri de curte.\" \/>\n\t\t<meta property=\"og:url\" content=\"https:\/\/bunuri.md\/ro\/shop\/concasor-de-cereale-concasor-universal-pentru-furaje-dku\/\" \/>\n\t\t<meta property=\"og:image\" content=\"https:\/\/bunuri.md\/wp-content\/uploads\/2022\/10\/logobu.png\" \/>\n\t\t<meta property=\"og:image:secure_url\" content=\"https:\/\/bunuri.md\/wp-content\/uploads\/2022\/10\/logobu.png\" \/>\n\t\t<meta property=\"og:image:width\" content=\"200\" \/>\n\t\t<meta property=\"og:image:height\" content=\"200\" \/>\n\t\t<meta property=\"article:published_time\" content=\"2025-07-09T17:14:28+00:00\" \/>\n\t\t<meta property=\"article:modified_time\" content=\"2025-07-10T19:11:42+00:00\" \/>\n\t\t<meta property=\"article:publisher\" content=\"https:\/\/facebook.com\/https:\/\/www.facebook.com\/bunurimag\" \/>\n\t\t<meta name=\"twitter:card\" content=\"summary\" \/>\n\t\t<meta name=\"twitter:site\" content=\"@https:\" \/>\n\t\t<meta name=\"twitter:title\" content=\"Concasor de cereale, concasor universal pentru furaje (DKU)\" \/>\n\t\t<meta name=\"twitter:description\" content=\"Este destinat m\u0103cin\u0103rii diferitelor tipuri de cereale \u00een fermele filiale \u0219i fermele mici, la prepararea hranei pentru animale domestice \u0219i p\u0103s\u0103ri de curte.\" \/>\n\t\t<meta name=\"twitter:image\" content=\"https:\/\/bunuri.md\/wp-content\/uploads\/2022\/10\/logobu.png\" \/>\n\t\t<script type=\"application\/ld+json\" class=\"aioseo-schema\">\n\t\t\t{\"@context\":\"https:\\\/\\\/schema.org\",\"@graph\":[{\"@type\":\"BreadcrumbList\",\"@id\":\"https:\\\/\\\/bunuri.md\\\/ro\\\/shop\\\/concasor-de-cereale-concasor-universal-pentru-furaje-dku\\\/#breadcrumblist\",\"itemListElement\":[{\"@type\":\"ListItem\",\"@id\":\"https:\\\/\\\/bunuri.md\\\/ro\\\/#listItem\",\"position\":1,\"name\":\"Home\",\"item\":\"https:\\\/\\\/bunuri.md\\\/ro\\\/\",\"nextItem\":{\"@type\":\"ListItem\",\"@id\":\"https:\\\/\\\/bunuri.md\\\/ro\\\/shop-2\\\/#listItem\",\"name\":\"Magazin\"}},{\"@type\":\"ListItem\",\"@id\":\"https:\\\/\\\/bunuri.md\\\/ro\\\/shop-2\\\/#listItem\",\"position\":2,\"name\":\"Magazin\",\"item\":\"https:\\\/\\\/bunuri.md\\\/ro\\\/shop-2\\\/\",\"nextItem\":{\"@type\":\"ListItem\",\"@id\":\"https:\\\/\\\/bunuri.md\\\/ro\\\/product-category\\\/echipamente-de-uz-casnic-ro\\\/#listItem\",\"name\":\"\\u0415chipamente de uz casnic\"},\"previousItem\":{\"@type\":\"ListItem\",\"@id\":\"https:\\\/\\\/bunuri.md\\\/ro\\\/#listItem\",\"name\":\"Home\"}},{\"@type\":\"ListItem\",\"@id\":\"https:\\\/\\\/bunuri.md\\\/ro\\\/product-category\\\/echipamente-de-uz-casnic-ro\\\/#listItem\",\"position\":3,\"name\":\"\\u0415chipamente de uz casnic\",\"item\":\"https:\\\/\\\/bunuri.md\\\/ro\\\/product-category\\\/echipamente-de-uz-casnic-ro\\\/\",\"nextItem\":{\"@type\":\"ListItem\",\"@id\":\"https:\\\/\\\/bunuri.md\\\/ro\\\/shop\\\/concasor-de-cereale-concasor-universal-pentru-furaje-dku\\\/#listItem\",\"name\":\"Concasor de cereale, concasor universal pentru furaje (DKU)\"},\"previousItem\":{\"@type\":\"ListItem\",\"@id\":\"https:\\\/\\\/bunuri.md\\\/ro\\\/shop-2\\\/#listItem\",\"name\":\"Magazin\"}},{\"@type\":\"ListItem\",\"@id\":\"https:\\\/\\\/bunuri.md\\\/ro\\\/shop\\\/concasor-de-cereale-concasor-universal-pentru-furaje-dku\\\/#listItem\",\"position\":4,\"name\":\"Concasor de cereale, concasor universal pentru furaje (DKU)\",\"previousItem\":{\"@type\":\"ListItem\",\"@id\":\"https:\\\/\\\/bunuri.md\\\/ro\\\/product-category\\\/echipamente-de-uz-casnic-ro\\\/#listItem\",\"name\":\"\\u0415chipamente de uz casnic\"}}]},{\"@type\":\"ItemPage\",\"@id\":\"https:\\\/\\\/bunuri.md\\\/ro\\\/shop\\\/concasor-de-cereale-concasor-universal-pentru-furaje-dku\\\/#itempage\",\"url\":\"https:\\\/\\\/bunuri.md\\\/ro\\\/shop\\\/concasor-de-cereale-concasor-universal-pentru-furaje-dku\\\/\",\"name\":\"Concasor de cereale, concasor universal pentru furaje (DKU)\",\"description\":\"Este destinat m\\u0103cin\\u0103rii diferitelor tipuri de cereale \\u00een fermele filiale \\u0219i fermele mici, la prepararea hranei pentru animale domestice \\u0219i p\\u0103s\\u0103ri de curte.\",\"inLanguage\":\"ro-RO\",\"isPartOf\":{\"@id\":\"https:\\\/\\\/bunuri.md\\\/ro\\\/#website\"},\"breadcrumb\":{\"@id\":\"https:\\\/\\\/bunuri.md\\\/ro\\\/shop\\\/concasor-de-cereale-concasor-universal-pentru-furaje-dku\\\/#breadcrumblist\"},\"image\":{\"@type\":\"ImageObject\",\"url\":\"https:\\\/\\\/bunuri.md\\\/wp-content\\\/uploads\\\/2025\\\/07\\\/Tocator_de_alimentare.jpg\",\"@id\":\"https:\\\/\\\/bunuri.md\\\/ro\\\/shop\\\/concasor-de-cereale-concasor-universal-pentru-furaje-dku\\\/#mainImage\",\"width\":600,\"height\":600,\"caption\":\"Tocator_de_alimentare\"},\"primaryImageOfPage\":{\"@id\":\"https:\\\/\\\/bunuri.md\\\/ro\\\/shop\\\/concasor-de-cereale-concasor-universal-pentru-furaje-dku\\\/#mainImage\"},\"datePublished\":\"2025-07-09T20:14:28+03:00\",\"dateModified\":\"2025-07-10T22:11:42+03:00\"},{\"@type\":\"Organization\",\"@id\":\"https:\\\/\\\/bunuri.md\\\/ro\\\/#organization\",\"name\":\"\\u00centreprinderea Individual\\u0103 \\\"Buldumac Aliona\\\"\",\"description\":\"\\u0418\\u041f \\u00ab\\u0411\\u0443\\u043b\\u0434\\u0443\\u043c\\u0430\\u043a \\u0410\\u043b\\u0435\\u043d\\u0430\\u00bb - \\u044d\\u0442\\u043e \\u043d\\u0430\\u0434\\u0451\\u0436\\u043d\\u044b\\u0439 \\u0438 \\u043e\\u0440\\u0438\\u0435\\u043d\\u0442\\u0438\\u0440\\u043e\\u0432\\u0430\\u043d\\u043d\\u044b\\u0439 \\u043d\\u0430 \\u043a\\u043b\\u0438\\u0435\\u043d\\u0442\\u0430 \\u0431\\u0438\\u0437\\u043d\\u0435\\u0441, \\u043f\\u0440\\u0435\\u0434\\u043b\\u0430\\u0433\\u0430\\u044e\\u0449\\u0438\\u0439 \\u043a\\u0430\\u0447\\u0435\\u0441\\u0442\\u0432\\u0435\\u043d\\u043d\\u044b\\u0435 \\u0442\\u043e\\u0432\\u0430\\u0440\\u044b, \\u0443\\u0441\\u043b\\u0443\\u0433\\u0438 \\u0441 \\u0430\\u043a\\u0446\\u0435\\u043d\\u0442\\u043e\\u043c \\u043d\\u0430 \\u043f\\u0440\\u0430\\u043a\\u0442\\u0438\\u0447\\u043d\\u043e\\u0441\\u0442\\u044c \\u0438 \\u0447\\u0435\\u0441\\u0442\\u043d\\u044b\\u0439 \\u043f\\u043e\\u0434\\u0445\\u043e\\u0434.\",\"url\":\"https:\\\/\\\/bunuri.md\\\/ro\\\/\",\"email\":\"bunuri.md@gmail.com\",\"telephone\":\"+37379512557\",\"foundingDate\":\"2006-09-27\",\"numberOfEmployees\":{\"@type\":\"QuantitativeValue\",\"minValue\":0,\"maxValue\":4},\"logo\":{\"@type\":\"ImageObject\",\"url\":\"https:\\\/\\\/bunuri.md\\\/wp-content\\\/uploads\\\/2022\\\/08\\\/logo-bunuri.png\",\"@id\":\"https:\\\/\\\/bunuri.md\\\/ro\\\/shop\\\/concasor-de-cereale-concasor-universal-pentru-furaje-dku\\\/#organizationLogo\",\"width\":250,\"height\":250},\"image\":{\"@id\":\"https:\\\/\\\/bunuri.md\\\/ro\\\/shop\\\/concasor-de-cereale-concasor-universal-pentru-furaje-dku\\\/#organizationLogo\"},\"sameAs\":[\"https:\\\/\\\/facebook.com\\\/https:\\\/\\\/www.facebook.com\\\/bunurimag\",\"https:\\\/\\\/x.com\\\/https:\\\/\\\/www.facebook.com\\\/bunurimag\",\"https:\\\/\\\/instagram.com\\\/https:\\\/\\\/www.facebook.com\\\/bunurimag\",\"https:\\\/\\\/pinterest.com\\\/https:\\\/\\\/www.facebook.com\\\/bunurimag\",\"https:\\\/\\\/youtube.com\\\/https:\\\/\\\/www.facebook.com\\\/bunurimag\",\"https:\\\/\\\/linkedin.com\\\/in\\\/https:\\\/\\\/www.facebook.com\\\/bunurimag\",\"https:\\\/\\\/soundcloud.com\\\/https:\\\/\\\/www.facebook.com\\\/bunurimag\"],\"address\":{\"@id\":\"https:\\\/\\\/bunuri.md\\\/ro\\\/#postaladdress\",\"@type\":\"PostalAddress\",\"streetAddress\":\"\\u0420. \\u041c\\u043e\\u043b\\u0434\\u043e\\u0432\\u0430, \\u0433. \\u0425\\u044b\\u043d\\u0447\\u0435\\u0448\\u0442\\u044b\",\"postalCode\":\"3401\",\"addressLocality\":\"\\u0425\\u044b\\u043d\\u0447\\u0435\\u0448\\u0442\\u044b\",\"addressRegion\":\"Moldova\",\"addressCountry\":\"MD\"}},{\"@type\":\"WebPage\",\"@id\":\"https:\\\/\\\/bunuri.md\\\/ro\\\/shop\\\/concasor-de-cereale-concasor-universal-pentru-furaje-dku\\\/#webpage\",\"url\":\"https:\\\/\\\/bunuri.md\\\/ro\\\/shop\\\/concasor-de-cereale-concasor-universal-pentru-furaje-dku\\\/\",\"name\":\"Concasor de cereale, concasor universal pentru furaje (DKU)\",\"description\":\"Este destinat m\\u0103cin\\u0103rii diferitelor tipuri de cereale \\u00een fermele filiale \\u0219i fermele mici, la prepararea hranei pentru animale domestice \\u0219i p\\u0103s\\u0103ri de curte.\",\"inLanguage\":\"ro-RO\",\"isPartOf\":{\"@id\":\"https:\\\/\\\/bunuri.md\\\/ro\\\/#website\"},\"breadcrumb\":{\"@id\":\"https:\\\/\\\/bunuri.md\\\/ro\\\/shop\\\/concasor-de-cereale-concasor-universal-pentru-furaje-dku\\\/#breadcrumblist\"},\"image\":{\"@type\":\"ImageObject\",\"url\":\"https:\\\/\\\/bunuri.md\\\/wp-content\\\/uploads\\\/2025\\\/07\\\/Tocator_de_alimentare.jpg\",\"@id\":\"https:\\\/\\\/bunuri.md\\\/ro\\\/shop\\\/concasor-de-cereale-concasor-universal-pentru-furaje-dku\\\/#mainImage\",\"width\":600,\"height\":600,\"caption\":\"Tocator_de_alimentare\"},\"primaryImageOfPage\":{\"@id\":\"https:\\\/\\\/bunuri.md\\\/ro\\\/shop\\\/concasor-de-cereale-concasor-universal-pentru-furaje-dku\\\/#mainImage\"},\"datePublished\":\"2025-07-09T20:14:28+03:00\",\"dateModified\":\"2025-07-10T22:11:42+03:00\"},{\"@type\":\"WebSite\",\"@id\":\"https:\\\/\\\/bunuri.md\\\/ro\\\/#website\",\"url\":\"https:\\\/\\\/bunuri.md\\\/ro\\\/\",\"name\":\"www.bunuri.md\",\"alternateName\":\"bunuri.md\",\"description\":\"Bunuri.md este un magazin online care livreaz\\u0103 \\u0219i comercializeaz\\u0103 o gam\\u0103 larg\\u0103 de m\\u0103rfuri de diverse categorii pe \\u00eentreg teritoriul Republicii Moldova.\",\"inLanguage\":\"ro-RO\",\"publisher\":{\"@id\":\"https:\\\/\\\/bunuri.md\\\/ro\\\/#organization\"}}]}\n\t\t<\/script>\n\t\t<!-- All in One SEO Pro -->\r\n\t\t<title>Concasor de cereale, concasor universal pentru furaje (DKU)<\/title>\n\n","aioseo_head_json":{"title":"Concasor de cereale, concasor universal pentru furaje (DKU)","description":"Este destinat m\u0103cin\u0103rii diferitelor tipuri de cereale \u00een fermele filiale \u0219i fermele mici, la prepararea hranei pentru animale domestice \u0219i p\u0103s\u0103ri de curte.","canonical_url":"https:\/\/bunuri.md\/ro\/shop\/concasor-de-cereale-concasor-universal-pentru-furaje-dku\/","robots":"max-image-preview:large","keywords":"","webmasterTools":{"miscellaneous":""},"schema":{"@context":"https:\/\/schema.org","@graph":[{"@type":"BreadcrumbList","@id":"https:\/\/bunuri.md\/ro\/shop\/concasor-de-cereale-concasor-universal-pentru-furaje-dku\/#breadcrumblist","itemListElement":[{"@type":"ListItem","@id":"https:\/\/bunuri.md\/ro\/#listItem","position":1,"name":"Home","item":"https:\/\/bunuri.md\/ro\/","nextItem":{"@type":"ListItem","@id":"https:\/\/bunuri.md\/ro\/shop-2\/#listItem","name":"Magazin"}},{"@type":"ListItem","@id":"https:\/\/bunuri.md\/ro\/shop-2\/#listItem","position":2,"name":"Magazin","item":"https:\/\/bunuri.md\/ro\/shop-2\/","nextItem":{"@type":"ListItem","@id":"https:\/\/bunuri.md\/ro\/product-category\/echipamente-de-uz-casnic-ro\/#listItem","name":"\u0415chipamente de uz casnic"},"previousItem":{"@type":"ListItem","@id":"https:\/\/bunuri.md\/ro\/#listItem","name":"Home"}},{"@type":"ListItem","@id":"https:\/\/bunuri.md\/ro\/product-category\/echipamente-de-uz-casnic-ro\/#listItem","position":3,"name":"\u0415chipamente de uz casnic","item":"https:\/\/bunuri.md\/ro\/product-category\/echipamente-de-uz-casnic-ro\/","nextItem":{"@type":"ListItem","@id":"https:\/\/bunuri.md\/ro\/shop\/concasor-de-cereale-concasor-universal-pentru-furaje-dku\/#listItem","name":"Concasor de cereale, concasor universal pentru furaje (DKU)"},"previousItem":{"@type":"ListItem","@id":"https:\/\/bunuri.md\/ro\/shop-2\/#listItem","name":"Magazin"}},{"@type":"ListItem","@id":"https:\/\/bunuri.md\/ro\/shop\/concasor-de-cereale-concasor-universal-pentru-furaje-dku\/#listItem","position":4,"name":"Concasor de cereale, concasor universal pentru furaje (DKU)","previousItem":{"@type":"ListItem","@id":"https:\/\/bunuri.md\/ro\/product-category\/echipamente-de-uz-casnic-ro\/#listItem","name":"\u0415chipamente de uz casnic"}}]},{"@type":"ItemPage","@id":"https:\/\/bunuri.md\/ro\/shop\/concasor-de-cereale-concasor-universal-pentru-furaje-dku\/#itempage","url":"https:\/\/bunuri.md\/ro\/shop\/concasor-de-cereale-concasor-universal-pentru-furaje-dku\/","name":"Concasor de cereale, concasor universal pentru furaje (DKU)","description":"Este destinat m\u0103cin\u0103rii diferitelor tipuri de cereale \u00een fermele filiale \u0219i fermele mici, la prepararea hranei pentru animale domestice \u0219i p\u0103s\u0103ri de curte.","inLanguage":"ro-RO","isPartOf":{"@id":"https:\/\/bunuri.md\/ro\/#website"},"breadcrumb":{"@id":"https:\/\/bunuri.md\/ro\/shop\/concasor-de-cereale-concasor-universal-pentru-furaje-dku\/#breadcrumblist"},"image":{"@type":"ImageObject","url":"https:\/\/bunuri.md\/wp-content\/uploads\/2025\/07\/Tocator_de_alimentare.jpg","@id":"https:\/\/bunuri.md\/ro\/shop\/concasor-de-cereale-concasor-universal-pentru-furaje-dku\/#mainImage","width":600,"height":600,"caption":"Tocator_de_alimentare"},"primaryImageOfPage":{"@id":"https:\/\/bunuri.md\/ro\/shop\/concasor-de-cereale-concasor-universal-pentru-furaje-dku\/#mainImage"},"datePublished":"2025-07-09T20:14:28+03:00","dateModified":"2025-07-10T22:11:42+03:00"},{"@type":"Organization","@id":"https:\/\/bunuri.md\/ro\/#organization","name":"\u00centreprinderea Individual\u0103 \"Buldumac Aliona\"","description":"\u0418\u041f \u00ab\u0411\u0443\u043b\u0434\u0443\u043c\u0430\u043a \u0410\u043b\u0435\u043d\u0430\u00bb - \u044d\u0442\u043e \u043d\u0430\u0434\u0451\u0436\u043d\u044b\u0439 \u0438 \u043e\u0440\u0438\u0435\u043d\u0442\u0438\u0440\u043e\u0432\u0430\u043d\u043d\u044b\u0439 \u043d\u0430 \u043a\u043b\u0438\u0435\u043d\u0442\u0430 \u0431\u0438\u0437\u043d\u0435\u0441, \u043f\u0440\u0435\u0434\u043b\u0430\u0433\u0430\u044e\u0449\u0438\u0439 \u043a\u0430\u0447\u0435\u0441\u0442\u0432\u0435\u043d\u043d\u044b\u0435 \u0442\u043e\u0432\u0430\u0440\u044b, \u0443\u0441\u043b\u0443\u0433\u0438 \u0441 \u0430\u043a\u0446\u0435\u043d\u0442\u043e\u043c \u043d\u0430 \u043f\u0440\u0430\u043a\u0442\u0438\u0447\u043d\u043e\u0441\u0442\u044c \u0438 \u0447\u0435\u0441\u0442\u043d\u044b\u0439 \u043f\u043e\u0434\u0445\u043e\u0434.","url":"https:\/\/bunuri.md\/ro\/","email":"bunuri.md@gmail.com","telephone":"+37379512557","foundingDate":"2006-09-27","numberOfEmployees":{"@type":"QuantitativeValue","minValue":0,"maxValue":4},"logo":{"@type":"ImageObject","url":"https:\/\/bunuri.md\/wp-content\/uploads\/2022\/08\/logo-bunuri.png","@id":"https:\/\/bunuri.md\/ro\/shop\/concasor-de-cereale-concasor-universal-pentru-furaje-dku\/#organizationLogo","width":250,"height":250},"image":{"@id":"https:\/\/bunuri.md\/ro\/shop\/concasor-de-cereale-concasor-universal-pentru-furaje-dku\/#organizationLogo"},"sameAs":["https:\/\/facebook.com\/https:\/\/www.facebook.com\/bunurimag","https:\/\/x.com\/https:\/\/www.facebook.com\/bunurimag","https:\/\/instagram.com\/https:\/\/www.facebook.com\/bunurimag","https:\/\/pinterest.com\/https:\/\/www.facebook.com\/bunurimag","https:\/\/youtube.com\/https:\/\/www.facebook.com\/bunurimag","https:\/\/linkedin.com\/in\/https:\/\/www.facebook.com\/bunurimag","https:\/\/soundcloud.com\/https:\/\/www.facebook.com\/bunurimag"],"address":{"@id":"https:\/\/bunuri.md\/ro\/#postaladdress","@type":"PostalAddress","streetAddress":"\u0420. \u041c\u043e\u043b\u0434\u043e\u0432\u0430, \u0433. \u0425\u044b\u043d\u0447\u0435\u0448\u0442\u044b","postalCode":"3401","addressLocality":"\u0425\u044b\u043d\u0447\u0435\u0448\u0442\u044b","addressRegion":"Moldova","addressCountry":"MD"}},{"@type":"WebPage","@id":"https:\/\/bunuri.md\/ro\/shop\/concasor-de-cereale-concasor-universal-pentru-furaje-dku\/#webpage","url":"https:\/\/bunuri.md\/ro\/shop\/concasor-de-cereale-concasor-universal-pentru-furaje-dku\/","name":"Concasor de cereale, concasor universal pentru furaje (DKU)","description":"Este destinat m\u0103cin\u0103rii diferitelor tipuri de cereale \u00een fermele filiale \u0219i fermele mici, la prepararea hranei pentru animale domestice \u0219i p\u0103s\u0103ri de curte.","inLanguage":"ro-RO","isPartOf":{"@id":"https:\/\/bunuri.md\/ro\/#website"},"breadcrumb":{"@id":"https:\/\/bunuri.md\/ro\/shop\/concasor-de-cereale-concasor-universal-pentru-furaje-dku\/#breadcrumblist"},"image":{"@type":"ImageObject","url":"https:\/\/bunuri.md\/wp-content\/uploads\/2025\/07\/Tocator_de_alimentare.jpg","@id":"https:\/\/bunuri.md\/ro\/shop\/concasor-de-cereale-concasor-universal-pentru-furaje-dku\/#mainImage","width":600,"height":600,"caption":"Tocator_de_alimentare"},"primaryImageOfPage":{"@id":"https:\/\/bunuri.md\/ro\/shop\/concasor-de-cereale-concasor-universal-pentru-furaje-dku\/#mainImage"},"datePublished":"2025-07-09T20:14:28+03:00","dateModified":"2025-07-10T22:11:42+03:00"},{"@type":"WebSite","@id":"https:\/\/bunuri.md\/ro\/#website","url":"https:\/\/bunuri.md\/ro\/","name":"www.bunuri.md","alternateName":"bunuri.md","description":"Bunuri.md este un magazin online care livreaz\u0103 \u0219i comercializeaz\u0103 o gam\u0103 larg\u0103 de m\u0103rfuri de diverse categorii pe \u00eentreg teritoriul Republicii Moldova.","inLanguage":"ro-RO","publisher":{"@id":"https:\/\/bunuri.md\/ro\/#organization"}}]},"og:locale":"ro_RO","og:site_name":"\u0418\u043d\u0442\u0435\u0440\u043d\u0435\u0442 \u043c\u0430\u0433\u0430\u0437\u0438\u043d \u041c\u043e\u043b\u0434\u043e\u0432\u0430 | Bunuri.md este un magazin online care livreaz\u0103 \u0219i comercializeaz\u0103 o gam\u0103 larg\u0103 de m\u0103rfuri de diverse categorii pe \u00eentreg teritoriul Republicii Moldova.","og:type":"article","og:title":"Concasor de cereale, concasor universal pentru furaje (DKU)","og:description":"Este destinat m\u0103cin\u0103rii diferitelor tipuri de cereale \u00een fermele filiale \u0219i fermele mici, la prepararea hranei pentru animale domestice \u0219i p\u0103s\u0103ri de curte.","og:url":"https:\/\/bunuri.md\/ro\/shop\/concasor-de-cereale-concasor-universal-pentru-furaje-dku\/","og:image":"https:\/\/bunuri.md\/wp-content\/uploads\/2022\/10\/logobu.png","og:image:secure_url":"https:\/\/bunuri.md\/wp-content\/uploads\/2022\/10\/logobu.png","og:image:width":200,"og:image:height":200,"article:published_time":"2025-07-09T17:14:28+00:00","article:modified_time":"2025-07-10T19:11:42+00:00","article:publisher":"https:\/\/facebook.com\/https:\/\/www.facebook.com\/bunurimag","twitter:card":"summary","twitter:site":"@https:","twitter:title":"Concasor de cereale, concasor universal pentru furaje (DKU)","twitter:description":"Este destinat m\u0103cin\u0103rii diferitelor tipuri de cereale \u00een fermele filiale \u0219i fermele mici, la prepararea hranei pentru animale domestice \u0219i p\u0103s\u0103ri de curte.","twitter:image":"https:\/\/bunuri.md\/wp-content\/uploads\/2022\/10\/logobu.png"},"aioseo_meta_data":{"post_id":"10740","title":"Concasor de cereale, concasor universal pentru furaje (DKU)","description":"Este destinat m\u0103cin\u0103rii diferitelor tipuri de cereale \u00een fermele filiale \u0219i fermele mici, la prepararea hranei pentru animale domestice \u0219i p\u0103s\u0103ri de curte.","keywords":null,"keyphrases":{"focus":{"keyphrase":"","score":0,"analysis":{"keyphraseInTitle":{"score":0,"maxScore":9,"error":1}}},"additional":[]},"primary_term":null,"canonical_url":null,"og_title":null,"og_description":null,"og_object_type":"default","og_image_type":"default","og_image_url":null,"og_image_width":null,"og_image_height":null,"og_image_custom_url":null,"og_image_custom_fields":null,"og_video":"","og_custom_url":null,"og_article_section":null,"og_article_tags":null,"twitter_use_og":false,"twitter_card":"default","twitter_image_type":"default","twitter_image_url":null,"twitter_image_custom_url":null,"twitter_image_custom_fields":null,"twitter_title":null,"twitter_description":null,"schema":{"blockGraphs":[],"customGraphs":[],"default":{"data":{"Article":[],"Course":[],"Dataset":[],"FAQPage":[],"Movie":[],"Person":[],"Product":[],"ProductReview":[],"Car":[],"Recipe":[],"Service":[],"SoftwareApplication":[],"WebPage":[]},"graphName":"ItemPage","isEnabled":true},"graphs":[]},"schema_type":"default","schema_type_options":null,"pillar_content":false,"robots_default":true,"robots_noindex":false,"robots_noarchive":false,"robots_nosnippet":false,"robots_nofollow":false,"robots_noimageindex":false,"robots_noodp":false,"robots_notranslate":false,"robots_max_snippet":"-1","robots_max_videopreview":"-1","robots_max_imagepreview":"large","priority":null,"frequency":"default","local_seo":null,"seo_analyzer_scan_date":null,"breadcrumb_settings":null,"limit_modified_date":false,"reviewed_by":"0","open_ai":null,"ai":{"faqs":[],"keyPoints":[],"titles":[],"descriptions":[],"socialPosts":{"email":[],"linkedin":[],"twitter":[],"facebook":[],"instagram":[]}},"created":"2025-07-10 19:03:34","updated":"2025-07-10 19:18:27"},"aioseo_breadcrumb":"<div class=\"aioseo-breadcrumbs\"><span class=\"aioseo-breadcrumb\">\n\t<a href=\"https:\/\/bunuri.md\/ro\/\" title=\"Home\">Home<\/a>\n<\/span><span class=\"aioseo-breadcrumb-separator\">\u00bb<\/span><span class=\"aioseo-breadcrumb\">\n\t<a href=\"https:\/\/bunuri.md\/ro\/shop-2\/\" title=\"Magazin\">Magazin<\/a>\n<\/span><span class=\"aioseo-breadcrumb-separator\">\u00bb<\/span><span class=\"aioseo-breadcrumb\">\n\t<a href=\"https:\/\/bunuri.md\/ro\/product-category\/echipamente-de-uz-casnic-ro\/\" title=\"\u0415chipamente de uz casnic\">\u0415chipamente de uz casnic<\/a>\n<\/span><span class=\"aioseo-breadcrumb-separator\">\u00bb<\/span><span class=\"aioseo-breadcrumb\">\n\tConcasor de cereale, concasor universal pentru furaje (DKU)\n<\/span><\/div>","aioseo_breadcrumb_json":[{"label":"Home","link":"https:\/\/bunuri.md\/ro\/"},{"label":"Magazin","link":"https:\/\/bunuri.md\/ro\/shop-2\/"},{"label":"\u0415chipamente de uz casnic","link":"https:\/\/bunuri.md\/ro\/product-category\/echipamente-de-uz-casnic-ro\/"},{"label":"Concasor de cereale, concasor universal pentru furaje (DKU)","link":"https:\/\/bunuri.md\/ro\/shop\/concasor-de-cereale-concasor-universal-pentru-furaje-dku\/"}],"brands":[],"_links":{"self":[{"href":"https:\/\/bunuri.md\/ro\/wp-json\/wp\/v2\/product\/10740","targetHints":{"allow":["GET"]}}],"collection":[{"href":"https:\/\/bunuri.md\/ro\/wp-json\/wp\/v2\/product"}],"about":[{"href":"https:\/\/bunuri.md\/ro\/wp-json\/wp\/v2\/types\/product"}],"replies":[{"embeddable":true,"href":"https:\/\/bunuri.md\/ro\/wp-json\/wp\/v2\/comments?post=10740"}],"wp:featuredmedia":[{"embeddable":true,"href":"https:\/\/bunuri.md\/ro\/wp-json\/wp\/v2\/media\/10737"}],"wp:attachment":[{"href":"https:\/\/bunuri.md\/ro\/wp-json\/wp\/v2\/media?parent=10740"}],"wp:term":[{"taxonomy":"pwb-brand","embeddable":true,"href":"https:\/\/bunuri.md\/ro\/wp-json\/wp\/v2\/pwb-brand?post=10740"},{"taxonomy":"product_brand","embeddable":true,"href":"https:\/\/bunuri.md\/ro\/wp-json\/wp\/v2\/product_brand?post=10740"},{"taxonomy":"product_cat","embeddable":true,"href":"https:\/\/bunuri.md\/ro\/wp-json\/wp\/v2\/product_cat?post=10740"},{"taxonomy":"product_tag","embeddable":true,"href":"https:\/\/bunuri.md\/ro\/wp-json\/wp\/v2\/product_tag?post=10740"}],"curies":[{"name":"wp","href":"https:\/\/api.w.org\/{rel}","templated":true}]}}