{"id":10778,"date":"2025-07-17T12:57:14","date_gmt":"2025-07-17T09:57:14","guid":{"rendered":"https:\/\/bunuri.md\/?post_type=product&#038;p=10778"},"modified":"2025-07-19T07:16:30","modified_gmt":"2025-07-19T04:16:30","slug":"demaror-electric-ttg-pentru-motociclete-11-dinti","status":"publish","type":"product","link":"https:\/\/bunuri.md\/ro\/shop\/demaror-electric-ttg-pentru-motociclete-11-dinti\/","title":{"rendered":"Demaror electric Z-11 pentru ATV-uri 150-250 cm\u00b3 (4 timpi)"},"content":{"rendered":"<p><strong>Demaror electric Z-11 pentru ATV-uri 150-250 cm\u00b3 (4 timpi)<\/strong><a href=\"https:\/\/bunuri.md\/ro\/product-category\/motociclete-scutere-motorete\/\">este conceput pentru motociclete \u0219i serve\u0219te la pornirea automat\u0103 a motorului. Acesta transform\u0103 energia electric\u0103 \u00een energie mecanic\u0103, rotind arborele cotit \u0219i astfel pornind motorul.<\/a> Principalul avantaj al dispozitivului este simplitatea \u0219i u\u0219urin\u021ba \u00een utilizare: \u00een loc de pornire manual\u0103, trebuie doar s\u0103 ap\u0103sa\u021bi butonul, dup\u0103 care demarorul este activat \u0219i \u00eencepe s\u0103 roteasc\u0103 motorul. Acest lucru este util \u00een special \u00een situa\u021biile \u00een care este necesar\u0103 o pornire rapid\u0103 \u0219i u\u0219oar\u0103. Demarorul electric TTG este o solu\u021bie fiabil\u0103 care simplific\u0103 semnificativ procesul de pornire a unei motociclete pe benzin\u0103.<\/p>\n<p><strong>Specifica\u021bii tehnice:<\/strong><\/p>\n<ul>\n<li><strong>Num\u0103r de din\u021bi:<\/strong> 11 buc.<\/li>\n<li><strong>Tip motor:<\/strong> Benzin\u0103.<\/li>\n<li><strong>Putere:<\/strong> 0,5 kW.<\/li>\n<li><strong>Tensiune de alimentare:<\/strong> 12 V.<\/li>\n<li><strong>Motoare compatibile:<\/strong> CG-150 \/ CG-250.<\/li>\n<li><strong>Diametrul de aterizare:<\/strong> 30 mm.<\/li>\n<li><strong>Diametrul canelurilor:<\/strong> 14 mm.<\/li>\n<li><strong>Lungimea canelurilor:<\/strong> 23 mm.<\/li>\n<li><strong>Lungime total\u0103:<\/strong> 165 mm.<\/li>\n<li><strong>Distan\u021ba central\u0103 dintre g\u0103urile de montare:<\/strong> 52 mm.<\/li>\n<li><strong>Unitate:<\/strong> Sistem de pornire.<\/li>\n<li><strong>Greutate:<\/strong> 1350 gr.<\/li>\n<\/ul>\n","protected":false},"excerpt":{"rendered":"<p>Destinat pentru a roti arborele cotit pentru pornirea motorului prin intermediul unei cutii de viteze, a ambreiajului \u0219i a unui dispozitiv de decuplare.<\/p>\n","protected":false},"featured_media":10777,"comment_status":"closed","ping_status":"closed","template":"","meta":{"om_disable_all_campaigns":false},"pwb-brand":[],"product_brand":[],"product_cat":[403],"product_tag":[],"class_list":{"0":"post-10778","1":"product","2":"type-product","3":"status-publish","4":"has-post-thumbnail","6":"product_cat-piese-de-schimb-pentru-motociclete-scutere","8":"first","9":"instock","10":"purchasable","11":"product-type-simple"},"aioseo_notices":[],"aioseo_head":"\n\t\t<!-- All in One SEO Pro 4.9.6.2 - aioseo.com -->\n\t<meta name=\"description\" content=\"Destinat pentru a roti arborele cotit pentru pornirea motorului prin intermediul unei cutii de viteze, a ambreiajului \u0219i a unui dispozitiv de decuplare.\" \/>\n\t<meta name=\"robots\" content=\"max-image-preview:large\" \/>\n\t<link rel=\"canonical\" href=\"https:\/\/bunuri.md\/ro\/shop\/demaror-electric-ttg-pentru-motociclete-11-dinti\/\" \/>\n\t<meta name=\"generator\" content=\"All in One SEO Pro (AIOSEO) 4.9.6.2\" \/>\n\t\t<meta property=\"og:locale\" content=\"ro_RO\" \/>\n\t\t<meta property=\"og:site_name\" content=\"\u0418\u043d\u0442\u0435\u0440\u043d\u0435\u0442 \u043c\u0430\u0433\u0430\u0437\u0438\u043d \u041c\u043e\u043b\u0434\u043e\u0432\u0430 | Bunuri.md este un magazin online care livreaz\u0103 \u0219i comercializeaz\u0103 o gam\u0103 larg\u0103 de m\u0103rfuri de diverse categorii pe \u00eentreg teritoriul Republicii Moldova.\" \/>\n\t\t<meta property=\"og:type\" content=\"article\" \/>\n\t\t<meta property=\"og:title\" content=\"Demaror electric Z-11 pentru ATV-uri 150-250 cm\u00b3 (4 timpi)\" \/>\n\t\t<meta property=\"og:description\" content=\"Destinat pentru a roti arborele cotit pentru pornirea motorului prin intermediul unei cutii de viteze, a ambreiajului \u0219i a unui dispozitiv de decuplare.\" \/>\n\t\t<meta property=\"og:url\" content=\"https:\/\/bunuri.md\/ro\/shop\/demaror-electric-ttg-pentru-motociclete-11-dinti\/\" \/>\n\t\t<meta property=\"og:image\" content=\"https:\/\/bunuri.md\/wp-content\/uploads\/2022\/10\/logobu.png\" \/>\n\t\t<meta property=\"og:image:secure_url\" content=\"https:\/\/bunuri.md\/wp-content\/uploads\/2022\/10\/logobu.png\" \/>\n\t\t<meta property=\"og:image:width\" content=\"200\" \/>\n\t\t<meta property=\"og:image:height\" content=\"200\" \/>\n\t\t<meta property=\"article:published_time\" content=\"2025-07-17T09:57:14+00:00\" \/>\n\t\t<meta property=\"article:modified_time\" content=\"2025-07-19T04:16:30+00:00\" \/>\n\t\t<meta property=\"article:publisher\" content=\"https:\/\/facebook.com\/https:\/\/www.facebook.com\/bunurimag\" \/>\n\t\t<meta name=\"twitter:card\" content=\"summary\" \/>\n\t\t<meta name=\"twitter:site\" content=\"@https:\" \/>\n\t\t<meta name=\"twitter:title\" content=\"Demaror electric Z-11 pentru ATV-uri 150-250 cm\u00b3 (4 timpi)\" \/>\n\t\t<meta name=\"twitter:description\" content=\"Destinat pentru a roti arborele cotit pentru pornirea motorului prin intermediul unei cutii de viteze, a ambreiajului \u0219i a unui dispozitiv de decuplare.\" \/>\n\t\t<meta name=\"twitter:image\" content=\"https:\/\/bunuri.md\/wp-content\/uploads\/2022\/10\/logobu.png\" \/>\n\t\t<script type=\"application\/ld+json\" class=\"aioseo-schema\">\n\t\t\t{\"@context\":\"https:\\\/\\\/schema.org\",\"@graph\":[{\"@type\":\"BreadcrumbList\",\"@id\":\"https:\\\/\\\/bunuri.md\\\/ro\\\/shop\\\/demaror-electric-ttg-pentru-motociclete-11-dinti\\\/#breadcrumblist\",\"itemListElement\":[{\"@type\":\"ListItem\",\"@id\":\"https:\\\/\\\/bunuri.md\\\/ro\\\/#listItem\",\"position\":1,\"name\":\"Home\",\"item\":\"https:\\\/\\\/bunuri.md\\\/ro\\\/\",\"nextItem\":{\"@type\":\"ListItem\",\"@id\":\"https:\\\/\\\/bunuri.md\\\/ro\\\/shop-2\\\/#listItem\",\"name\":\"Magazin\"}},{\"@type\":\"ListItem\",\"@id\":\"https:\\\/\\\/bunuri.md\\\/ro\\\/shop-2\\\/#listItem\",\"position\":2,\"name\":\"Magazin\",\"item\":\"https:\\\/\\\/bunuri.md\\\/ro\\\/shop-2\\\/\",\"nextItem\":{\"@type\":\"ListItem\",\"@id\":\"https:\\\/\\\/bunuri.md\\\/ro\\\/product-category\\\/piese-de-schimb-pentru-motociclete-scutere\\\/#listItem\",\"name\":\"Piese de schimb pentru motociclete, scutere ...\"},\"previousItem\":{\"@type\":\"ListItem\",\"@id\":\"https:\\\/\\\/bunuri.md\\\/ro\\\/#listItem\",\"name\":\"Home\"}},{\"@type\":\"ListItem\",\"@id\":\"https:\\\/\\\/bunuri.md\\\/ro\\\/product-category\\\/piese-de-schimb-pentru-motociclete-scutere\\\/#listItem\",\"position\":3,\"name\":\"Piese de schimb pentru motociclete, scutere ...\",\"item\":\"https:\\\/\\\/bunuri.md\\\/ro\\\/product-category\\\/piese-de-schimb-pentru-motociclete-scutere\\\/\",\"nextItem\":{\"@type\":\"ListItem\",\"@id\":\"https:\\\/\\\/bunuri.md\\\/ro\\\/shop\\\/demaror-electric-ttg-pentru-motociclete-11-dinti\\\/#listItem\",\"name\":\"Demaror electric Z-11 pentru ATV-uri 150-250 cm\\u00b3 (4 timpi)\"},\"previousItem\":{\"@type\":\"ListItem\",\"@id\":\"https:\\\/\\\/bunuri.md\\\/ro\\\/shop-2\\\/#listItem\",\"name\":\"Magazin\"}},{\"@type\":\"ListItem\",\"@id\":\"https:\\\/\\\/bunuri.md\\\/ro\\\/shop\\\/demaror-electric-ttg-pentru-motociclete-11-dinti\\\/#listItem\",\"position\":4,\"name\":\"Demaror electric Z-11 pentru ATV-uri 150-250 cm\\u00b3 (4 timpi)\",\"previousItem\":{\"@type\":\"ListItem\",\"@id\":\"https:\\\/\\\/bunuri.md\\\/ro\\\/product-category\\\/piese-de-schimb-pentru-motociclete-scutere\\\/#listItem\",\"name\":\"Piese de schimb pentru motociclete, scutere ...\"}}]},{\"@type\":\"ItemPage\",\"@id\":\"https:\\\/\\\/bunuri.md\\\/ro\\\/shop\\\/demaror-electric-ttg-pentru-motociclete-11-dinti\\\/#itempage\",\"url\":\"https:\\\/\\\/bunuri.md\\\/ro\\\/shop\\\/demaror-electric-ttg-pentru-motociclete-11-dinti\\\/\",\"name\":\"Demaror electric Z-11 pentru ATV-uri 150-250 cm\\u00b3 (4 timpi)\",\"description\":\"Destinat pentru a roti arborele cotit pentru pornirea motorului prin intermediul unei cutii de viteze, a ambreiajului \\u0219i a unui dispozitiv de decuplare.\",\"inLanguage\":\"ro-RO\",\"isPartOf\":{\"@id\":\"https:\\\/\\\/bunuri.md\\\/ro\\\/#website\"},\"breadcrumb\":{\"@id\":\"https:\\\/\\\/bunuri.md\\\/ro\\\/shop\\\/demaror-electric-ttg-pentru-motociclete-11-dinti\\\/#breadcrumblist\"},\"image\":{\"@type\":\"ImageObject\",\"url\":\"https:\\\/\\\/bunuri.md\\\/wp-content\\\/uploads\\\/2025\\\/07\\\/Demarou_electric_moto-1.jpg\",\"@id\":\"https:\\\/\\\/bunuri.md\\\/ro\\\/shop\\\/demaror-electric-ttg-pentru-motociclete-11-dinti\\\/#mainImage\",\"width\":600,\"height\":600,\"caption\":\"Demarou_electric_moto-1\"},\"primaryImageOfPage\":{\"@id\":\"https:\\\/\\\/bunuri.md\\\/ro\\\/shop\\\/demaror-electric-ttg-pentru-motociclete-11-dinti\\\/#mainImage\"},\"datePublished\":\"2025-07-17T12:57:14+03:00\",\"dateModified\":\"2025-07-19T07:16:30+03:00\"},{\"@type\":\"Organization\",\"@id\":\"https:\\\/\\\/bunuri.md\\\/ro\\\/#organization\",\"name\":\"\\u00centreprinderea Individual\\u0103 \\\"Buldumac Aliona\\\"\",\"description\":\"\\u0418\\u041f \\u00ab\\u0411\\u0443\\u043b\\u0434\\u0443\\u043c\\u0430\\u043a \\u0410\\u043b\\u0435\\u043d\\u0430\\u00bb - \\u044d\\u0442\\u043e \\u043d\\u0430\\u0434\\u0451\\u0436\\u043d\\u044b\\u0439 \\u0438 \\u043e\\u0440\\u0438\\u0435\\u043d\\u0442\\u0438\\u0440\\u043e\\u0432\\u0430\\u043d\\u043d\\u044b\\u0439 \\u043d\\u0430 \\u043a\\u043b\\u0438\\u0435\\u043d\\u0442\\u0430 \\u0431\\u0438\\u0437\\u043d\\u0435\\u0441, \\u043f\\u0440\\u0435\\u0434\\u043b\\u0430\\u0433\\u0430\\u044e\\u0449\\u0438\\u0439 \\u043a\\u0430\\u0447\\u0435\\u0441\\u0442\\u0432\\u0435\\u043d\\u043d\\u044b\\u0435 \\u0442\\u043e\\u0432\\u0430\\u0440\\u044b, \\u0443\\u0441\\u043b\\u0443\\u0433\\u0438 \\u0441 \\u0430\\u043a\\u0446\\u0435\\u043d\\u0442\\u043e\\u043c \\u043d\\u0430 \\u043f\\u0440\\u0430\\u043a\\u0442\\u0438\\u0447\\u043d\\u043e\\u0441\\u0442\\u044c \\u0438 \\u0447\\u0435\\u0441\\u0442\\u043d\\u044b\\u0439 \\u043f\\u043e\\u0434\\u0445\\u043e\\u0434.\",\"url\":\"https:\\\/\\\/bunuri.md\\\/ro\\\/\",\"email\":\"bunuri.md@gmail.com\",\"telephone\":\"+37379512557\",\"foundingDate\":\"2006-09-27\",\"numberOfEmployees\":{\"@type\":\"QuantitativeValue\",\"minValue\":0,\"maxValue\":4},\"logo\":{\"@type\":\"ImageObject\",\"url\":\"https:\\\/\\\/bunuri.md\\\/wp-content\\\/uploads\\\/2022\\\/08\\\/logo-bunuri.png\",\"@id\":\"https:\\\/\\\/bunuri.md\\\/ro\\\/shop\\\/demaror-electric-ttg-pentru-motociclete-11-dinti\\\/#organizationLogo\",\"width\":250,\"height\":250},\"image\":{\"@id\":\"https:\\\/\\\/bunuri.md\\\/ro\\\/shop\\\/demaror-electric-ttg-pentru-motociclete-11-dinti\\\/#organizationLogo\"},\"sameAs\":[\"https:\\\/\\\/facebook.com\\\/https:\\\/\\\/www.facebook.com\\\/bunurimag\",\"https:\\\/\\\/x.com\\\/https:\\\/\\\/www.facebook.com\\\/bunurimag\",\"https:\\\/\\\/instagram.com\\\/https:\\\/\\\/www.facebook.com\\\/bunurimag\",\"https:\\\/\\\/pinterest.com\\\/https:\\\/\\\/www.facebook.com\\\/bunurimag\",\"https:\\\/\\\/youtube.com\\\/https:\\\/\\\/www.facebook.com\\\/bunurimag\",\"https:\\\/\\\/linkedin.com\\\/in\\\/https:\\\/\\\/www.facebook.com\\\/bunurimag\",\"https:\\\/\\\/soundcloud.com\\\/https:\\\/\\\/www.facebook.com\\\/bunurimag\"],\"address\":{\"@id\":\"https:\\\/\\\/bunuri.md\\\/ro\\\/#postaladdress\",\"@type\":\"PostalAddress\",\"streetAddress\":\"\\u0420. \\u041c\\u043e\\u043b\\u0434\\u043e\\u0432\\u0430, \\u0433. \\u0425\\u044b\\u043d\\u0447\\u0435\\u0448\\u0442\\u044b\",\"postalCode\":\"3401\",\"addressLocality\":\"\\u0425\\u044b\\u043d\\u0447\\u0435\\u0448\\u0442\\u044b\",\"addressRegion\":\"Moldova\",\"addressCountry\":\"MD\"}},{\"@type\":\"WebPage\",\"@id\":\"https:\\\/\\\/bunuri.md\\\/ro\\\/shop\\\/demaror-electric-ttg-pentru-motociclete-11-dinti\\\/#webpage\",\"url\":\"https:\\\/\\\/bunuri.md\\\/ro\\\/shop\\\/demaror-electric-ttg-pentru-motociclete-11-dinti\\\/\",\"name\":\"Demaror electric Z-11 pentru ATV-uri 150-250 cm\\u00b3 (4 timpi)\",\"description\":\"Destinat pentru a roti arborele cotit pentru pornirea motorului prin intermediul unei cutii de viteze, a ambreiajului \\u0219i a unui dispozitiv de decuplare.\",\"inLanguage\":\"ro-RO\",\"isPartOf\":{\"@id\":\"https:\\\/\\\/bunuri.md\\\/ro\\\/#website\"},\"breadcrumb\":{\"@id\":\"https:\\\/\\\/bunuri.md\\\/ro\\\/shop\\\/demaror-electric-ttg-pentru-motociclete-11-dinti\\\/#breadcrumblist\"},\"image\":{\"@type\":\"ImageObject\",\"url\":\"https:\\\/\\\/bunuri.md\\\/wp-content\\\/uploads\\\/2025\\\/07\\\/Demarou_electric_moto-1.jpg\",\"@id\":\"https:\\\/\\\/bunuri.md\\\/ro\\\/shop\\\/demaror-electric-ttg-pentru-motociclete-11-dinti\\\/#mainImage\",\"width\":600,\"height\":600,\"caption\":\"Demarou_electric_moto-1\"},\"primaryImageOfPage\":{\"@id\":\"https:\\\/\\\/bunuri.md\\\/ro\\\/shop\\\/demaror-electric-ttg-pentru-motociclete-11-dinti\\\/#mainImage\"},\"datePublished\":\"2025-07-17T12:57:14+03:00\",\"dateModified\":\"2025-07-19T07:16:30+03:00\"},{\"@type\":\"WebSite\",\"@id\":\"https:\\\/\\\/bunuri.md\\\/ro\\\/#website\",\"url\":\"https:\\\/\\\/bunuri.md\\\/ro\\\/\",\"name\":\"www.bunuri.md\",\"alternateName\":\"bunuri.md\",\"description\":\"Bunuri.md este un magazin online care livreaz\\u0103 \\u0219i comercializeaz\\u0103 o gam\\u0103 larg\\u0103 de m\\u0103rfuri de diverse categorii pe \\u00eentreg teritoriul Republicii Moldova.\",\"inLanguage\":\"ro-RO\",\"publisher\":{\"@id\":\"https:\\\/\\\/bunuri.md\\\/ro\\\/#organization\"}}]}\n\t\t<\/script>\n\t\t<!-- All in One SEO Pro -->\r\n\t\t<title>Demaror electric Z-11 pentru ATV-uri 150-250 cm\u00b3 (4 timpi)<\/title>\n\n","aioseo_head_json":{"title":"Demaror electric Z-11 pentru ATV-uri 150-250 cm\u00b3 (4 timpi)","description":"Destinat pentru a roti arborele cotit pentru pornirea motorului prin intermediul unei cutii de viteze, a ambreiajului \u0219i a unui dispozitiv de decuplare.","canonical_url":"https:\/\/bunuri.md\/ro\/shop\/demaror-electric-ttg-pentru-motociclete-11-dinti\/","robots":"max-image-preview:large","keywords":"","webmasterTools":{"miscellaneous":""},"schema":{"@context":"https:\/\/schema.org","@graph":[{"@type":"BreadcrumbList","@id":"https:\/\/bunuri.md\/ro\/shop\/demaror-electric-ttg-pentru-motociclete-11-dinti\/#breadcrumblist","itemListElement":[{"@type":"ListItem","@id":"https:\/\/bunuri.md\/ro\/#listItem","position":1,"name":"Home","item":"https:\/\/bunuri.md\/ro\/","nextItem":{"@type":"ListItem","@id":"https:\/\/bunuri.md\/ro\/shop-2\/#listItem","name":"Magazin"}},{"@type":"ListItem","@id":"https:\/\/bunuri.md\/ro\/shop-2\/#listItem","position":2,"name":"Magazin","item":"https:\/\/bunuri.md\/ro\/shop-2\/","nextItem":{"@type":"ListItem","@id":"https:\/\/bunuri.md\/ro\/product-category\/piese-de-schimb-pentru-motociclete-scutere\/#listItem","name":"Piese de schimb pentru motociclete, scutere ..."},"previousItem":{"@type":"ListItem","@id":"https:\/\/bunuri.md\/ro\/#listItem","name":"Home"}},{"@type":"ListItem","@id":"https:\/\/bunuri.md\/ro\/product-category\/piese-de-schimb-pentru-motociclete-scutere\/#listItem","position":3,"name":"Piese de schimb pentru motociclete, scutere ...","item":"https:\/\/bunuri.md\/ro\/product-category\/piese-de-schimb-pentru-motociclete-scutere\/","nextItem":{"@type":"ListItem","@id":"https:\/\/bunuri.md\/ro\/shop\/demaror-electric-ttg-pentru-motociclete-11-dinti\/#listItem","name":"Demaror electric Z-11 pentru ATV-uri 150-250 cm\u00b3 (4 timpi)"},"previousItem":{"@type":"ListItem","@id":"https:\/\/bunuri.md\/ro\/shop-2\/#listItem","name":"Magazin"}},{"@type":"ListItem","@id":"https:\/\/bunuri.md\/ro\/shop\/demaror-electric-ttg-pentru-motociclete-11-dinti\/#listItem","position":4,"name":"Demaror electric Z-11 pentru ATV-uri 150-250 cm\u00b3 (4 timpi)","previousItem":{"@type":"ListItem","@id":"https:\/\/bunuri.md\/ro\/product-category\/piese-de-schimb-pentru-motociclete-scutere\/#listItem","name":"Piese de schimb pentru motociclete, scutere ..."}}]},{"@type":"ItemPage","@id":"https:\/\/bunuri.md\/ro\/shop\/demaror-electric-ttg-pentru-motociclete-11-dinti\/#itempage","url":"https:\/\/bunuri.md\/ro\/shop\/demaror-electric-ttg-pentru-motociclete-11-dinti\/","name":"Demaror electric Z-11 pentru ATV-uri 150-250 cm\u00b3 (4 timpi)","description":"Destinat pentru a roti arborele cotit pentru pornirea motorului prin intermediul unei cutii de viteze, a ambreiajului \u0219i a unui dispozitiv de decuplare.","inLanguage":"ro-RO","isPartOf":{"@id":"https:\/\/bunuri.md\/ro\/#website"},"breadcrumb":{"@id":"https:\/\/bunuri.md\/ro\/shop\/demaror-electric-ttg-pentru-motociclete-11-dinti\/#breadcrumblist"},"image":{"@type":"ImageObject","url":"https:\/\/bunuri.md\/wp-content\/uploads\/2025\/07\/Demarou_electric_moto-1.jpg","@id":"https:\/\/bunuri.md\/ro\/shop\/demaror-electric-ttg-pentru-motociclete-11-dinti\/#mainImage","width":600,"height":600,"caption":"Demarou_electric_moto-1"},"primaryImageOfPage":{"@id":"https:\/\/bunuri.md\/ro\/shop\/demaror-electric-ttg-pentru-motociclete-11-dinti\/#mainImage"},"datePublished":"2025-07-17T12:57:14+03:00","dateModified":"2025-07-19T07:16:30+03:00"},{"@type":"Organization","@id":"https:\/\/bunuri.md\/ro\/#organization","name":"\u00centreprinderea Individual\u0103 \"Buldumac Aliona\"","description":"\u0418\u041f \u00ab\u0411\u0443\u043b\u0434\u0443\u043c\u0430\u043a \u0410\u043b\u0435\u043d\u0430\u00bb - \u044d\u0442\u043e \u043d\u0430\u0434\u0451\u0436\u043d\u044b\u0439 \u0438 \u043e\u0440\u0438\u0435\u043d\u0442\u0438\u0440\u043e\u0432\u0430\u043d\u043d\u044b\u0439 \u043d\u0430 \u043a\u043b\u0438\u0435\u043d\u0442\u0430 \u0431\u0438\u0437\u043d\u0435\u0441, \u043f\u0440\u0435\u0434\u043b\u0430\u0433\u0430\u044e\u0449\u0438\u0439 \u043a\u0430\u0447\u0435\u0441\u0442\u0432\u0435\u043d\u043d\u044b\u0435 \u0442\u043e\u0432\u0430\u0440\u044b, \u0443\u0441\u043b\u0443\u0433\u0438 \u0441 \u0430\u043a\u0446\u0435\u043d\u0442\u043e\u043c \u043d\u0430 \u043f\u0440\u0430\u043a\u0442\u0438\u0447\u043d\u043e\u0441\u0442\u044c \u0438 \u0447\u0435\u0441\u0442\u043d\u044b\u0439 \u043f\u043e\u0434\u0445\u043e\u0434.","url":"https:\/\/bunuri.md\/ro\/","email":"bunuri.md@gmail.com","telephone":"+37379512557","foundingDate":"2006-09-27","numberOfEmployees":{"@type":"QuantitativeValue","minValue":0,"maxValue":4},"logo":{"@type":"ImageObject","url":"https:\/\/bunuri.md\/wp-content\/uploads\/2022\/08\/logo-bunuri.png","@id":"https:\/\/bunuri.md\/ro\/shop\/demaror-electric-ttg-pentru-motociclete-11-dinti\/#organizationLogo","width":250,"height":250},"image":{"@id":"https:\/\/bunuri.md\/ro\/shop\/demaror-electric-ttg-pentru-motociclete-11-dinti\/#organizationLogo"},"sameAs":["https:\/\/facebook.com\/https:\/\/www.facebook.com\/bunurimag","https:\/\/x.com\/https:\/\/www.facebook.com\/bunurimag","https:\/\/instagram.com\/https:\/\/www.facebook.com\/bunurimag","https:\/\/pinterest.com\/https:\/\/www.facebook.com\/bunurimag","https:\/\/youtube.com\/https:\/\/www.facebook.com\/bunurimag","https:\/\/linkedin.com\/in\/https:\/\/www.facebook.com\/bunurimag","https:\/\/soundcloud.com\/https:\/\/www.facebook.com\/bunurimag"],"address":{"@id":"https:\/\/bunuri.md\/ro\/#postaladdress","@type":"PostalAddress","streetAddress":"\u0420. \u041c\u043e\u043b\u0434\u043e\u0432\u0430, \u0433. \u0425\u044b\u043d\u0447\u0435\u0448\u0442\u044b","postalCode":"3401","addressLocality":"\u0425\u044b\u043d\u0447\u0435\u0448\u0442\u044b","addressRegion":"Moldova","addressCountry":"MD"}},{"@type":"WebPage","@id":"https:\/\/bunuri.md\/ro\/shop\/demaror-electric-ttg-pentru-motociclete-11-dinti\/#webpage","url":"https:\/\/bunuri.md\/ro\/shop\/demaror-electric-ttg-pentru-motociclete-11-dinti\/","name":"Demaror electric Z-11 pentru ATV-uri 150-250 cm\u00b3 (4 timpi)","description":"Destinat pentru a roti arborele cotit pentru pornirea motorului prin intermediul unei cutii de viteze, a ambreiajului \u0219i a unui dispozitiv de decuplare.","inLanguage":"ro-RO","isPartOf":{"@id":"https:\/\/bunuri.md\/ro\/#website"},"breadcrumb":{"@id":"https:\/\/bunuri.md\/ro\/shop\/demaror-electric-ttg-pentru-motociclete-11-dinti\/#breadcrumblist"},"image":{"@type":"ImageObject","url":"https:\/\/bunuri.md\/wp-content\/uploads\/2025\/07\/Demarou_electric_moto-1.jpg","@id":"https:\/\/bunuri.md\/ro\/shop\/demaror-electric-ttg-pentru-motociclete-11-dinti\/#mainImage","width":600,"height":600,"caption":"Demarou_electric_moto-1"},"primaryImageOfPage":{"@id":"https:\/\/bunuri.md\/ro\/shop\/demaror-electric-ttg-pentru-motociclete-11-dinti\/#mainImage"},"datePublished":"2025-07-17T12:57:14+03:00","dateModified":"2025-07-19T07:16:30+03:00"},{"@type":"WebSite","@id":"https:\/\/bunuri.md\/ro\/#website","url":"https:\/\/bunuri.md\/ro\/","name":"www.bunuri.md","alternateName":"bunuri.md","description":"Bunuri.md este un magazin online care livreaz\u0103 \u0219i comercializeaz\u0103 o gam\u0103 larg\u0103 de m\u0103rfuri de diverse categorii pe \u00eentreg teritoriul Republicii Moldova.","inLanguage":"ro-RO","publisher":{"@id":"https:\/\/bunuri.md\/ro\/#organization"}}]},"og:locale":"ro_RO","og:site_name":"\u0418\u043d\u0442\u0435\u0440\u043d\u0435\u0442 \u043c\u0430\u0433\u0430\u0437\u0438\u043d \u041c\u043e\u043b\u0434\u043e\u0432\u0430 | Bunuri.md este un magazin online care livreaz\u0103 \u0219i comercializeaz\u0103 o gam\u0103 larg\u0103 de m\u0103rfuri de diverse categorii pe \u00eentreg teritoriul Republicii Moldova.","og:type":"article","og:title":"Demaror electric Z-11 pentru ATV-uri 150-250 cm\u00b3 (4 timpi)","og:description":"Destinat pentru a roti arborele cotit pentru pornirea motorului prin intermediul unei cutii de viteze, a ambreiajului \u0219i a unui dispozitiv de decuplare.","og:url":"https:\/\/bunuri.md\/ro\/shop\/demaror-electric-ttg-pentru-motociclete-11-dinti\/","og:image":"https:\/\/bunuri.md\/wp-content\/uploads\/2022\/10\/logobu.png","og:image:secure_url":"https:\/\/bunuri.md\/wp-content\/uploads\/2022\/10\/logobu.png","og:image:width":200,"og:image:height":200,"article:published_time":"2025-07-17T09:57:14+00:00","article:modified_time":"2025-07-19T04:16:30+00:00","article:publisher":"https:\/\/facebook.com\/https:\/\/www.facebook.com\/bunurimag","twitter:card":"summary","twitter:site":"@https:","twitter:title":"Demaror electric Z-11 pentru ATV-uri 150-250 cm\u00b3 (4 timpi)","twitter:description":"Destinat pentru a roti arborele cotit pentru pornirea motorului prin intermediul unei cutii de viteze, a ambreiajului \u0219i a unui dispozitiv de decuplare.","twitter:image":"https:\/\/bunuri.md\/wp-content\/uploads\/2022\/10\/logobu.png"},"aioseo_meta_data":{"post_id":"10778","title":"Demaror electric Z-11 pentru ATV-uri 150-250 cm\u00b3 (4 timpi)","description":"Destinat pentru a roti arborele cotit pentru pornirea motorului prin intermediul unei cutii de viteze, a ambreiajului \u0219i a unui dispozitiv de decuplare.","keywords":null,"keyphrases":{"focus":{"keyphrase":"","score":0,"analysis":{"keyphraseInTitle":{"score":0,"maxScore":9,"error":1}}},"additional":[]},"primary_term":null,"canonical_url":null,"og_title":null,"og_description":null,"og_object_type":"default","og_image_type":"default","og_image_url":null,"og_image_width":null,"og_image_height":null,"og_image_custom_url":null,"og_image_custom_fields":null,"og_video":"","og_custom_url":null,"og_article_section":null,"og_article_tags":null,"twitter_use_og":false,"twitter_card":"default","twitter_image_type":"default","twitter_image_url":null,"twitter_image_custom_url":null,"twitter_image_custom_fields":null,"twitter_title":null,"twitter_description":null,"schema":{"blockGraphs":[],"customGraphs":[],"default":{"data":{"Article":[],"Course":[],"Dataset":[],"FAQPage":[],"Movie":[],"Person":[],"Product":[],"ProductReview":[],"Car":[],"Recipe":[],"Service":[],"SoftwareApplication":[],"WebPage":[]},"graphName":"ItemPage","isEnabled":true},"graphs":[]},"schema_type":"default","schema_type_options":null,"pillar_content":false,"robots_default":true,"robots_noindex":false,"robots_noarchive":false,"robots_nosnippet":false,"robots_nofollow":false,"robots_noimageindex":false,"robots_noodp":false,"robots_notranslate":false,"robots_max_snippet":"-1","robots_max_videopreview":"-1","robots_max_imagepreview":"large","priority":null,"frequency":"default","local_seo":null,"seo_analyzer_scan_date":null,"breadcrumb_settings":null,"limit_modified_date":false,"reviewed_by":"0","open_ai":null,"ai":{"faqs":[],"keyPoints":[],"titles":[],"descriptions":[],"socialPosts":{"email":[],"linkedin":[],"twitter":[],"facebook":[],"instagram":[]}},"created":"2025-07-17 12:45:09","updated":"2025-07-19 04:17:12"},"aioseo_breadcrumb":"<div class=\"aioseo-breadcrumbs\"><span class=\"aioseo-breadcrumb\">\n\t<a href=\"https:\/\/bunuri.md\/ro\/\" title=\"Home\">Home<\/a>\n<\/span><span class=\"aioseo-breadcrumb-separator\">\u00bb<\/span><span class=\"aioseo-breadcrumb\">\n\t<a href=\"https:\/\/bunuri.md\/ro\/shop-2\/\" title=\"Magazin\">Magazin<\/a>\n<\/span><span class=\"aioseo-breadcrumb-separator\">\u00bb<\/span><span class=\"aioseo-breadcrumb\">\n\t<a href=\"https:\/\/bunuri.md\/ro\/product-category\/piese-de-schimb-pentru-motociclete-scutere\/\" title=\"Piese de schimb pentru motociclete, scutere ...\">Piese de schimb pentru motociclete, scutere ...<\/a>\n<\/span><span class=\"aioseo-breadcrumb-separator\">\u00bb<\/span><span class=\"aioseo-breadcrumb\">\n\tDemaror electric Z-11 pentru ATV-uri 150-250 cm\u00b3 (4 timpi)\n<\/span><\/div>","aioseo_breadcrumb_json":[{"label":"Home","link":"https:\/\/bunuri.md\/ro\/"},{"label":"Magazin","link":"https:\/\/bunuri.md\/ro\/shop-2\/"},{"label":"Piese de schimb pentru motociclete, scutere ...","link":"https:\/\/bunuri.md\/ro\/product-category\/piese-de-schimb-pentru-motociclete-scutere\/"},{"label":"Demaror electric Z-11 pentru ATV-uri 150-250 cm\u00b3 (4 timpi)","link":"https:\/\/bunuri.md\/ro\/shop\/demaror-electric-ttg-pentru-motociclete-11-dinti\/"}],"brands":[],"_links":{"self":[{"href":"https:\/\/bunuri.md\/ro\/wp-json\/wp\/v2\/product\/10778","targetHints":{"allow":["GET"]}}],"collection":[{"href":"https:\/\/bunuri.md\/ro\/wp-json\/wp\/v2\/product"}],"about":[{"href":"https:\/\/bunuri.md\/ro\/wp-json\/wp\/v2\/types\/product"}],"replies":[{"embeddable":true,"href":"https:\/\/bunuri.md\/ro\/wp-json\/wp\/v2\/comments?post=10778"}],"wp:featuredmedia":[{"embeddable":true,"href":"https:\/\/bunuri.md\/ro\/wp-json\/wp\/v2\/media\/10777"}],"wp:attachment":[{"href":"https:\/\/bunuri.md\/ro\/wp-json\/wp\/v2\/media?parent=10778"}],"wp:term":[{"taxonomy":"pwb-brand","embeddable":true,"href":"https:\/\/bunuri.md\/ro\/wp-json\/wp\/v2\/pwb-brand?post=10778"},{"taxonomy":"product_brand","embeddable":true,"href":"https:\/\/bunuri.md\/ro\/wp-json\/wp\/v2\/product_brand?post=10778"},{"taxonomy":"product_cat","embeddable":true,"href":"https:\/\/bunuri.md\/ro\/wp-json\/wp\/v2\/product_cat?post=10778"},{"taxonomy":"product_tag","embeddable":true,"href":"https:\/\/bunuri.md\/ro\/wp-json\/wp\/v2\/product_tag?post=10778"}],"curies":[{"name":"wp","href":"https:\/\/api.w.org\/{rel}","templated":true}]}}