{"id":11950,"date":"2025-10-03T19:35:57","date_gmt":"2025-10-03T16:35:57","guid":{"rendered":"https:\/\/bunuri.md\/?post_type=product&#038;p=11950"},"modified":"2025-10-03T21:08:49","modified_gmt":"2025-10-03T18:08:49","slug":"demaror-electric-z-11-12v-195n-1100n-aterizare-68-mm","status":"publish","type":"product","link":"https:\/\/bunuri.md\/ro\/shop\/demaror-electric-z-11-12v-195n-1100n-aterizare-68-mm\/","title":{"rendered":"Demaror electric Z-11 (12V) 195N &#8211; 1100N aterizare 68 mm"},"content":{"rendered":"<p>Acest demaror de 9,9 kW cu 11 din\u021bi pentru tractor r\u0103cit cu ap\u0103 &#8211; <a href=\"https:\/\/bunuri.md\/ro\/product-category\/motoare\/\">asigur\u0103 o pornire rapid\u0103 \u0219i fiabil\u0103 a motorului \u00een orice condi\u021bii. Dimensiunile sale compacte \u00eel fac u\u0219or de instalat \u0219i compatibil cu majoritatea modelelor. Designul s\u0103u robust asigur\u0103 fiabilitate, durabilitate \u0219i rezisten\u021b\u0103 la sarcini grele. Este solu\u021bia ideal\u0103 pentru repararea, \u00eenlocuirea sau \u00eentre\u021binerea tractoarelor r\u0103cite cu ap\u0103, asigur\u00e2nd o func\u021bionare \u00eendelungat\u0103 \u0219i f\u0103r\u0103 probleme. Acest demaror este utilizat de obicei la motoarele diesel 190F\/195F\/1100F, \u00een special la cele cu rapoarte de compresie ridicate.<\/a><\/p>\n<p><strong>Specifica\u021bii tehnice:<\/strong><\/p>\n<ul>\n<li><strong>Unitate:<\/strong>demaror electric pentru un motobloc.<\/li>\n<li><strong>Diametrul alezajului:<\/strong> 68 mm.<\/li>\n<li><strong>Lungime total\u0103:<\/strong> 245 mm.<\/li>\n<li><strong>Lungimea carcasei:<\/strong> 172 mm.<\/li>\n<li><strong>Lungimea frontal\u0103:<\/strong> 54 mm.<\/li>\n<li><strong>Distan\u021ba dintre \u0219uruburi (centrul g\u0103urilor):<\/strong> 112 mm.<\/li>\n<li><strong>Putere motor:<\/strong> 9,9 kW.<\/li>\n<li><strong>Greutate:<\/strong> 7250 gr.<\/li>\n<\/ul>\n","protected":false},"excerpt":{"rendered":"<p>Aduce arborele cotit \u00een rota\u021bie la tura\u021bia necesar\u0103 pentru a asigura pornirea rapid\u0103 \u0219i sigur\u0103 a motorului \u00een special a celor cu un raport de compresie ridicat<\/p>\n","protected":false},"featured_media":11948,"comment_status":"closed","ping_status":"closed","template":"","meta":{"om_disable_all_campaigns":false},"pwb-brand":[],"product_brand":[],"product_cat":[384],"product_tag":[],"class_list":{"0":"post-11950","1":"product","2":"type-product","3":"status-publish","4":"has-post-thumbnail","6":"product_cat-piese-pentru-motoblocuri","8":"first","9":"instock","10":"purchasable","11":"product-type-simple"},"aioseo_notices":[],"aioseo_head":"\n\t\t<!-- All in One SEO Pro 4.9.6 - aioseo.com -->\n\t<meta name=\"description\" content=\"Aduce arborele cotit \u00een rota\u021bie la tura\u021bia necesar\u0103 pentru a asigura pornirea rapid\u0103 \u0219i sigur\u0103 a motorului \u00een special a celor cu un raport de compresie ridicat\" \/>\n\t<meta name=\"robots\" content=\"max-image-preview:large\" \/>\n\t<link rel=\"canonical\" href=\"https:\/\/bunuri.md\/ro\/shop\/demaror-electric-z-11-12v-195n-1100n-aterizare-68-mm\/\" \/>\n\t<meta name=\"generator\" content=\"All in One SEO Pro (AIOSEO) 4.9.6\" \/>\n\t\t<meta property=\"og:locale\" content=\"ro_RO\" \/>\n\t\t<meta property=\"og:site_name\" content=\"\u0418\u043d\u0442\u0435\u0440\u043d\u0435\u0442 \u043c\u0430\u0433\u0430\u0437\u0438\u043d \u041c\u043e\u043b\u0434\u043e\u0432\u0430 | Bunuri.md este un magazin online care livreaz\u0103 \u0219i comercializeaz\u0103 o gam\u0103 larg\u0103 de m\u0103rfuri de diverse categorii pe \u00eentreg teritoriul Republicii Moldova.\" \/>\n\t\t<meta property=\"og:type\" content=\"article\" \/>\n\t\t<meta property=\"og:title\" content=\"Demaror electric Z-11 (12V) 195N - 1100N aterizare 68 mm\" \/>\n\t\t<meta property=\"og:description\" content=\"Aduce arborele cotit \u00een rota\u021bie la tura\u021bia necesar\u0103 pentru a asigura pornirea rapid\u0103 \u0219i sigur\u0103 a motorului \u00een special a celor cu un raport de compresie ridicat\" \/>\n\t\t<meta property=\"og:url\" content=\"https:\/\/bunuri.md\/ro\/shop\/demaror-electric-z-11-12v-195n-1100n-aterizare-68-mm\/\" \/>\n\t\t<meta property=\"og:image\" content=\"https:\/\/bunuri.md\/wp-content\/uploads\/2022\/10\/logobu.png\" \/>\n\t\t<meta property=\"og:image:secure_url\" content=\"https:\/\/bunuri.md\/wp-content\/uploads\/2022\/10\/logobu.png\" \/>\n\t\t<meta property=\"og:image:width\" content=\"200\" \/>\n\t\t<meta property=\"og:image:height\" content=\"200\" \/>\n\t\t<meta property=\"article:published_time\" content=\"2025-10-03T16:35:57+00:00\" \/>\n\t\t<meta property=\"article:modified_time\" content=\"2025-10-03T18:08:49+00:00\" \/>\n\t\t<meta property=\"article:publisher\" content=\"https:\/\/facebook.com\/https:\/\/www.facebook.com\/bunurimag\" \/>\n\t\t<meta name=\"twitter:card\" content=\"summary\" \/>\n\t\t<meta name=\"twitter:site\" content=\"@https:\" \/>\n\t\t<meta name=\"twitter:title\" content=\"Demaror electric Z-11 (12V) 195N - 1100N aterizare 68 mm\" \/>\n\t\t<meta name=\"twitter:description\" content=\"Aduce arborele cotit \u00een rota\u021bie la tura\u021bia necesar\u0103 pentru a asigura pornirea rapid\u0103 \u0219i sigur\u0103 a motorului \u00een special a celor cu un raport de compresie ridicat\" \/>\n\t\t<meta name=\"twitter:image\" content=\"https:\/\/bunuri.md\/wp-content\/uploads\/2022\/10\/logobu.png\" \/>\n\t\t<script type=\"application\/ld+json\" class=\"aioseo-schema\">\n\t\t\t{\"@context\":\"https:\\\/\\\/schema.org\",\"@graph\":[{\"@type\":\"BreadcrumbList\",\"@id\":\"https:\\\/\\\/bunuri.md\\\/ro\\\/shop\\\/demaror-electric-z-11-12v-195n-1100n-aterizare-68-mm\\\/#breadcrumblist\",\"itemListElement\":[{\"@type\":\"ListItem\",\"@id\":\"https:\\\/\\\/bunuri.md\\\/ro\\\/#listItem\",\"position\":1,\"name\":\"Home\",\"item\":\"https:\\\/\\\/bunuri.md\\\/ro\\\/\",\"nextItem\":{\"@type\":\"ListItem\",\"@id\":\"https:\\\/\\\/bunuri.md\\\/ro\\\/shop-2\\\/#listItem\",\"name\":\"Magazin\"}},{\"@type\":\"ListItem\",\"@id\":\"https:\\\/\\\/bunuri.md\\\/ro\\\/shop-2\\\/#listItem\",\"position\":2,\"name\":\"Magazin\",\"item\":\"https:\\\/\\\/bunuri.md\\\/ro\\\/shop-2\\\/\",\"nextItem\":{\"@type\":\"ListItem\",\"@id\":\"https:\\\/\\\/bunuri.md\\\/ro\\\/product-category\\\/piese-pentru-motoblocuri\\\/#listItem\",\"name\":\"Piese de schimb pentru tractoare \\u0219i motoblocuri\"},\"previousItem\":{\"@type\":\"ListItem\",\"@id\":\"https:\\\/\\\/bunuri.md\\\/ro\\\/#listItem\",\"name\":\"Home\"}},{\"@type\":\"ListItem\",\"@id\":\"https:\\\/\\\/bunuri.md\\\/ro\\\/product-category\\\/piese-pentru-motoblocuri\\\/#listItem\",\"position\":3,\"name\":\"Piese de schimb pentru tractoare \\u0219i motoblocuri\",\"item\":\"https:\\\/\\\/bunuri.md\\\/ro\\\/product-category\\\/piese-pentru-motoblocuri\\\/\",\"nextItem\":{\"@type\":\"ListItem\",\"@id\":\"https:\\\/\\\/bunuri.md\\\/ro\\\/shop\\\/demaror-electric-z-11-12v-195n-1100n-aterizare-68-mm\\\/#listItem\",\"name\":\"Demaror electric Z-11 (12V) 195N &#8211; 1100N aterizare 68 mm\"},\"previousItem\":{\"@type\":\"ListItem\",\"@id\":\"https:\\\/\\\/bunuri.md\\\/ro\\\/shop-2\\\/#listItem\",\"name\":\"Magazin\"}},{\"@type\":\"ListItem\",\"@id\":\"https:\\\/\\\/bunuri.md\\\/ro\\\/shop\\\/demaror-electric-z-11-12v-195n-1100n-aterizare-68-mm\\\/#listItem\",\"position\":4,\"name\":\"Demaror electric Z-11 (12V) 195N &#8211; 1100N aterizare 68 mm\",\"previousItem\":{\"@type\":\"ListItem\",\"@id\":\"https:\\\/\\\/bunuri.md\\\/ro\\\/product-category\\\/piese-pentru-motoblocuri\\\/#listItem\",\"name\":\"Piese de schimb pentru tractoare \\u0219i motoblocuri\"}}]},{\"@type\":\"ItemPage\",\"@id\":\"https:\\\/\\\/bunuri.md\\\/ro\\\/shop\\\/demaror-electric-z-11-12v-195n-1100n-aterizare-68-mm\\\/#itempage\",\"url\":\"https:\\\/\\\/bunuri.md\\\/ro\\\/shop\\\/demaror-electric-z-11-12v-195n-1100n-aterizare-68-mm\\\/\",\"name\":\"Demaror electric Z-11 (12V) 195N - 1100N aterizare 68 mm\",\"description\":\"Aduce arborele cotit \\u00een rota\\u021bie la tura\\u021bia necesar\\u0103 pentru a asigura pornirea rapid\\u0103 \\u0219i sigur\\u0103 a motorului \\u00een special a celor cu un raport de compresie ridicat\",\"inLanguage\":\"ro-RO\",\"isPartOf\":{\"@id\":\"https:\\\/\\\/bunuri.md\\\/ro\\\/#website\"},\"breadcrumb\":{\"@id\":\"https:\\\/\\\/bunuri.md\\\/ro\\\/shop\\\/demaror-electric-z-11-12v-195n-1100n-aterizare-68-mm\\\/#breadcrumblist\"},\"image\":{\"@type\":\"ImageObject\",\"url\":\"https:\\\/\\\/bunuri.md\\\/wp-content\\\/uploads\\\/2025\\\/10\\\/Demarou_Z11_68_apa_drept.jpg\",\"@id\":\"https:\\\/\\\/bunuri.md\\\/ro\\\/shop\\\/demaror-electric-z-11-12v-195n-1100n-aterizare-68-mm\\\/#mainImage\",\"width\":598,\"height\":600,\"caption\":\"Demarou_Z11_68_apa_drept\"},\"primaryImageOfPage\":{\"@id\":\"https:\\\/\\\/bunuri.md\\\/ro\\\/shop\\\/demaror-electric-z-11-12v-195n-1100n-aterizare-68-mm\\\/#mainImage\"},\"datePublished\":\"2025-10-03T19:35:57+03:00\",\"dateModified\":\"2025-10-03T21:08:49+03:00\"},{\"@type\":\"Organization\",\"@id\":\"https:\\\/\\\/bunuri.md\\\/ro\\\/#organization\",\"name\":\"\\u00centreprinderea Individual\\u0103 \\\"Buldumac Aliona\\\"\",\"description\":\"\\u0418\\u041f \\u00ab\\u0411\\u0443\\u043b\\u0434\\u0443\\u043c\\u0430\\u043a \\u0410\\u043b\\u0435\\u043d\\u0430\\u00bb - \\u044d\\u0442\\u043e \\u043d\\u0430\\u0434\\u0451\\u0436\\u043d\\u044b\\u0439 \\u0438 \\u043e\\u0440\\u0438\\u0435\\u043d\\u0442\\u0438\\u0440\\u043e\\u0432\\u0430\\u043d\\u043d\\u044b\\u0439 \\u043d\\u0430 \\u043a\\u043b\\u0438\\u0435\\u043d\\u0442\\u0430 \\u0431\\u0438\\u0437\\u043d\\u0435\\u0441, \\u043f\\u0440\\u0435\\u0434\\u043b\\u0430\\u0433\\u0430\\u044e\\u0449\\u0438\\u0439 \\u043a\\u0430\\u0447\\u0435\\u0441\\u0442\\u0432\\u0435\\u043d\\u043d\\u044b\\u0435 \\u0442\\u043e\\u0432\\u0430\\u0440\\u044b, \\u0443\\u0441\\u043b\\u0443\\u0433\\u0438 \\u0441 \\u0430\\u043a\\u0446\\u0435\\u043d\\u0442\\u043e\\u043c \\u043d\\u0430 \\u043f\\u0440\\u0430\\u043a\\u0442\\u0438\\u0447\\u043d\\u043e\\u0441\\u0442\\u044c \\u0438 \\u0447\\u0435\\u0441\\u0442\\u043d\\u044b\\u0439 \\u043f\\u043e\\u0434\\u0445\\u043e\\u0434.\",\"url\":\"https:\\\/\\\/bunuri.md\\\/ro\\\/\",\"email\":\"bunuri.md@gmail.com\",\"telephone\":\"+37379512557\",\"foundingDate\":\"2006-09-27\",\"numberOfEmployees\":{\"@type\":\"QuantitativeValue\",\"minValue\":0,\"maxValue\":4},\"logo\":{\"@type\":\"ImageObject\",\"url\":\"https:\\\/\\\/bunuri.md\\\/wp-content\\\/uploads\\\/2022\\\/08\\\/logo-bunuri.png\",\"@id\":\"https:\\\/\\\/bunuri.md\\\/ro\\\/shop\\\/demaror-electric-z-11-12v-195n-1100n-aterizare-68-mm\\\/#organizationLogo\",\"width\":250,\"height\":250},\"image\":{\"@id\":\"https:\\\/\\\/bunuri.md\\\/ro\\\/shop\\\/demaror-electric-z-11-12v-195n-1100n-aterizare-68-mm\\\/#organizationLogo\"},\"sameAs\":[\"https:\\\/\\\/facebook.com\\\/https:\\\/\\\/www.facebook.com\\\/bunurimag\",\"https:\\\/\\\/x.com\\\/https:\\\/\\\/www.facebook.com\\\/bunurimag\",\"https:\\\/\\\/instagram.com\\\/https:\\\/\\\/www.facebook.com\\\/bunurimag\",\"https:\\\/\\\/pinterest.com\\\/https:\\\/\\\/www.facebook.com\\\/bunurimag\",\"https:\\\/\\\/youtube.com\\\/https:\\\/\\\/www.facebook.com\\\/bunurimag\",\"https:\\\/\\\/linkedin.com\\\/in\\\/https:\\\/\\\/www.facebook.com\\\/bunurimag\",\"https:\\\/\\\/soundcloud.com\\\/https:\\\/\\\/www.facebook.com\\\/bunurimag\"],\"address\":{\"@id\":\"https:\\\/\\\/bunuri.md\\\/ro\\\/#postaladdress\",\"@type\":\"PostalAddress\",\"streetAddress\":\"\\u0420. \\u041c\\u043e\\u043b\\u0434\\u043e\\u0432\\u0430, \\u0433. \\u0425\\u044b\\u043d\\u0447\\u0435\\u0448\\u0442\\u044b\",\"postalCode\":\"3401\",\"addressLocality\":\"\\u0425\\u044b\\u043d\\u0447\\u0435\\u0448\\u0442\\u044b\",\"addressRegion\":\"Moldova\",\"addressCountry\":\"MD\"}},{\"@type\":\"WebPage\",\"@id\":\"https:\\\/\\\/bunuri.md\\\/ro\\\/shop\\\/demaror-electric-z-11-12v-195n-1100n-aterizare-68-mm\\\/#webpage\",\"url\":\"https:\\\/\\\/bunuri.md\\\/ro\\\/shop\\\/demaror-electric-z-11-12v-195n-1100n-aterizare-68-mm\\\/\",\"name\":\"Demaror electric Z-11 (12V) 195N - 1100N aterizare 68 mm\",\"description\":\"Aduce arborele cotit \\u00een rota\\u021bie la tura\\u021bia necesar\\u0103 pentru a asigura pornirea rapid\\u0103 \\u0219i sigur\\u0103 a motorului \\u00een special a celor cu un raport de compresie ridicat\",\"inLanguage\":\"ro-RO\",\"isPartOf\":{\"@id\":\"https:\\\/\\\/bunuri.md\\\/ro\\\/#website\"},\"breadcrumb\":{\"@id\":\"https:\\\/\\\/bunuri.md\\\/ro\\\/shop\\\/demaror-electric-z-11-12v-195n-1100n-aterizare-68-mm\\\/#breadcrumblist\"},\"image\":{\"@type\":\"ImageObject\",\"url\":\"https:\\\/\\\/bunuri.md\\\/wp-content\\\/uploads\\\/2025\\\/10\\\/Demarou_Z11_68_apa_drept.jpg\",\"@id\":\"https:\\\/\\\/bunuri.md\\\/ro\\\/shop\\\/demaror-electric-z-11-12v-195n-1100n-aterizare-68-mm\\\/#mainImage\",\"width\":598,\"height\":600,\"caption\":\"Demarou_Z11_68_apa_drept\"},\"primaryImageOfPage\":{\"@id\":\"https:\\\/\\\/bunuri.md\\\/ro\\\/shop\\\/demaror-electric-z-11-12v-195n-1100n-aterizare-68-mm\\\/#mainImage\"},\"datePublished\":\"2025-10-03T19:35:57+03:00\",\"dateModified\":\"2025-10-03T21:08:49+03:00\"},{\"@type\":\"WebSite\",\"@id\":\"https:\\\/\\\/bunuri.md\\\/ro\\\/#website\",\"url\":\"https:\\\/\\\/bunuri.md\\\/ro\\\/\",\"name\":\"www.bunuri.md\",\"alternateName\":\"bunuri.md\",\"description\":\"Bunuri.md este un magazin online care livreaz\\u0103 \\u0219i comercializeaz\\u0103 o gam\\u0103 larg\\u0103 de m\\u0103rfuri de diverse categorii pe \\u00eentreg teritoriul Republicii Moldova.\",\"inLanguage\":\"ro-RO\",\"publisher\":{\"@id\":\"https:\\\/\\\/bunuri.md\\\/ro\\\/#organization\"}}]}\n\t\t<\/script>\n\t\t<!-- All in One SEO Pro -->\r\n\t\t<title>Demaror electric Z-11 (12V) 195N - 1100N aterizare 68 mm<\/title>\n\n","aioseo_head_json":{"title":"Demaror electric Z-11 (12V) 195N - 1100N aterizare 68 mm","description":"Aduce arborele cotit \u00een rota\u021bie la tura\u021bia necesar\u0103 pentru a asigura pornirea rapid\u0103 \u0219i sigur\u0103 a motorului \u00een special a celor cu un raport de compresie ridicat","canonical_url":"https:\/\/bunuri.md\/ro\/shop\/demaror-electric-z-11-12v-195n-1100n-aterizare-68-mm\/","robots":"max-image-preview:large","keywords":"","webmasterTools":{"miscellaneous":""},"schema":{"@context":"https:\/\/schema.org","@graph":[{"@type":"BreadcrumbList","@id":"https:\/\/bunuri.md\/ro\/shop\/demaror-electric-z-11-12v-195n-1100n-aterizare-68-mm\/#breadcrumblist","itemListElement":[{"@type":"ListItem","@id":"https:\/\/bunuri.md\/ro\/#listItem","position":1,"name":"Home","item":"https:\/\/bunuri.md\/ro\/","nextItem":{"@type":"ListItem","@id":"https:\/\/bunuri.md\/ro\/shop-2\/#listItem","name":"Magazin"}},{"@type":"ListItem","@id":"https:\/\/bunuri.md\/ro\/shop-2\/#listItem","position":2,"name":"Magazin","item":"https:\/\/bunuri.md\/ro\/shop-2\/","nextItem":{"@type":"ListItem","@id":"https:\/\/bunuri.md\/ro\/product-category\/piese-pentru-motoblocuri\/#listItem","name":"Piese de schimb pentru tractoare \u0219i motoblocuri"},"previousItem":{"@type":"ListItem","@id":"https:\/\/bunuri.md\/ro\/#listItem","name":"Home"}},{"@type":"ListItem","@id":"https:\/\/bunuri.md\/ro\/product-category\/piese-pentru-motoblocuri\/#listItem","position":3,"name":"Piese de schimb pentru tractoare \u0219i motoblocuri","item":"https:\/\/bunuri.md\/ro\/product-category\/piese-pentru-motoblocuri\/","nextItem":{"@type":"ListItem","@id":"https:\/\/bunuri.md\/ro\/shop\/demaror-electric-z-11-12v-195n-1100n-aterizare-68-mm\/#listItem","name":"Demaror electric Z-11 (12V) 195N &#8211; 1100N aterizare 68 mm"},"previousItem":{"@type":"ListItem","@id":"https:\/\/bunuri.md\/ro\/shop-2\/#listItem","name":"Magazin"}},{"@type":"ListItem","@id":"https:\/\/bunuri.md\/ro\/shop\/demaror-electric-z-11-12v-195n-1100n-aterizare-68-mm\/#listItem","position":4,"name":"Demaror electric Z-11 (12V) 195N &#8211; 1100N aterizare 68 mm","previousItem":{"@type":"ListItem","@id":"https:\/\/bunuri.md\/ro\/product-category\/piese-pentru-motoblocuri\/#listItem","name":"Piese de schimb pentru tractoare \u0219i motoblocuri"}}]},{"@type":"ItemPage","@id":"https:\/\/bunuri.md\/ro\/shop\/demaror-electric-z-11-12v-195n-1100n-aterizare-68-mm\/#itempage","url":"https:\/\/bunuri.md\/ro\/shop\/demaror-electric-z-11-12v-195n-1100n-aterizare-68-mm\/","name":"Demaror electric Z-11 (12V) 195N - 1100N aterizare 68 mm","description":"Aduce arborele cotit \u00een rota\u021bie la tura\u021bia necesar\u0103 pentru a asigura pornirea rapid\u0103 \u0219i sigur\u0103 a motorului \u00een special a celor cu un raport de compresie ridicat","inLanguage":"ro-RO","isPartOf":{"@id":"https:\/\/bunuri.md\/ro\/#website"},"breadcrumb":{"@id":"https:\/\/bunuri.md\/ro\/shop\/demaror-electric-z-11-12v-195n-1100n-aterizare-68-mm\/#breadcrumblist"},"image":{"@type":"ImageObject","url":"https:\/\/bunuri.md\/wp-content\/uploads\/2025\/10\/Demarou_Z11_68_apa_drept.jpg","@id":"https:\/\/bunuri.md\/ro\/shop\/demaror-electric-z-11-12v-195n-1100n-aterizare-68-mm\/#mainImage","width":598,"height":600,"caption":"Demarou_Z11_68_apa_drept"},"primaryImageOfPage":{"@id":"https:\/\/bunuri.md\/ro\/shop\/demaror-electric-z-11-12v-195n-1100n-aterizare-68-mm\/#mainImage"},"datePublished":"2025-10-03T19:35:57+03:00","dateModified":"2025-10-03T21:08:49+03:00"},{"@type":"Organization","@id":"https:\/\/bunuri.md\/ro\/#organization","name":"\u00centreprinderea Individual\u0103 \"Buldumac Aliona\"","description":"\u0418\u041f \u00ab\u0411\u0443\u043b\u0434\u0443\u043c\u0430\u043a \u0410\u043b\u0435\u043d\u0430\u00bb - \u044d\u0442\u043e \u043d\u0430\u0434\u0451\u0436\u043d\u044b\u0439 \u0438 \u043e\u0440\u0438\u0435\u043d\u0442\u0438\u0440\u043e\u0432\u0430\u043d\u043d\u044b\u0439 \u043d\u0430 \u043a\u043b\u0438\u0435\u043d\u0442\u0430 \u0431\u0438\u0437\u043d\u0435\u0441, \u043f\u0440\u0435\u0434\u043b\u0430\u0433\u0430\u044e\u0449\u0438\u0439 \u043a\u0430\u0447\u0435\u0441\u0442\u0432\u0435\u043d\u043d\u044b\u0435 \u0442\u043e\u0432\u0430\u0440\u044b, \u0443\u0441\u043b\u0443\u0433\u0438 \u0441 \u0430\u043a\u0446\u0435\u043d\u0442\u043e\u043c \u043d\u0430 \u043f\u0440\u0430\u043a\u0442\u0438\u0447\u043d\u043e\u0441\u0442\u044c \u0438 \u0447\u0435\u0441\u0442\u043d\u044b\u0439 \u043f\u043e\u0434\u0445\u043e\u0434.","url":"https:\/\/bunuri.md\/ro\/","email":"bunuri.md@gmail.com","telephone":"+37379512557","foundingDate":"2006-09-27","numberOfEmployees":{"@type":"QuantitativeValue","minValue":0,"maxValue":4},"logo":{"@type":"ImageObject","url":"https:\/\/bunuri.md\/wp-content\/uploads\/2022\/08\/logo-bunuri.png","@id":"https:\/\/bunuri.md\/ro\/shop\/demaror-electric-z-11-12v-195n-1100n-aterizare-68-mm\/#organizationLogo","width":250,"height":250},"image":{"@id":"https:\/\/bunuri.md\/ro\/shop\/demaror-electric-z-11-12v-195n-1100n-aterizare-68-mm\/#organizationLogo"},"sameAs":["https:\/\/facebook.com\/https:\/\/www.facebook.com\/bunurimag","https:\/\/x.com\/https:\/\/www.facebook.com\/bunurimag","https:\/\/instagram.com\/https:\/\/www.facebook.com\/bunurimag","https:\/\/pinterest.com\/https:\/\/www.facebook.com\/bunurimag","https:\/\/youtube.com\/https:\/\/www.facebook.com\/bunurimag","https:\/\/linkedin.com\/in\/https:\/\/www.facebook.com\/bunurimag","https:\/\/soundcloud.com\/https:\/\/www.facebook.com\/bunurimag"],"address":{"@id":"https:\/\/bunuri.md\/ro\/#postaladdress","@type":"PostalAddress","streetAddress":"\u0420. \u041c\u043e\u043b\u0434\u043e\u0432\u0430, \u0433. \u0425\u044b\u043d\u0447\u0435\u0448\u0442\u044b","postalCode":"3401","addressLocality":"\u0425\u044b\u043d\u0447\u0435\u0448\u0442\u044b","addressRegion":"Moldova","addressCountry":"MD"}},{"@type":"WebPage","@id":"https:\/\/bunuri.md\/ro\/shop\/demaror-electric-z-11-12v-195n-1100n-aterizare-68-mm\/#webpage","url":"https:\/\/bunuri.md\/ro\/shop\/demaror-electric-z-11-12v-195n-1100n-aterizare-68-mm\/","name":"Demaror electric Z-11 (12V) 195N - 1100N aterizare 68 mm","description":"Aduce arborele cotit \u00een rota\u021bie la tura\u021bia necesar\u0103 pentru a asigura pornirea rapid\u0103 \u0219i sigur\u0103 a motorului \u00een special a celor cu un raport de compresie ridicat","inLanguage":"ro-RO","isPartOf":{"@id":"https:\/\/bunuri.md\/ro\/#website"},"breadcrumb":{"@id":"https:\/\/bunuri.md\/ro\/shop\/demaror-electric-z-11-12v-195n-1100n-aterizare-68-mm\/#breadcrumblist"},"image":{"@type":"ImageObject","url":"https:\/\/bunuri.md\/wp-content\/uploads\/2025\/10\/Demarou_Z11_68_apa_drept.jpg","@id":"https:\/\/bunuri.md\/ro\/shop\/demaror-electric-z-11-12v-195n-1100n-aterizare-68-mm\/#mainImage","width":598,"height":600,"caption":"Demarou_Z11_68_apa_drept"},"primaryImageOfPage":{"@id":"https:\/\/bunuri.md\/ro\/shop\/demaror-electric-z-11-12v-195n-1100n-aterizare-68-mm\/#mainImage"},"datePublished":"2025-10-03T19:35:57+03:00","dateModified":"2025-10-03T21:08:49+03:00"},{"@type":"WebSite","@id":"https:\/\/bunuri.md\/ro\/#website","url":"https:\/\/bunuri.md\/ro\/","name":"www.bunuri.md","alternateName":"bunuri.md","description":"Bunuri.md este un magazin online care livreaz\u0103 \u0219i comercializeaz\u0103 o gam\u0103 larg\u0103 de m\u0103rfuri de diverse categorii pe \u00eentreg teritoriul Republicii Moldova.","inLanguage":"ro-RO","publisher":{"@id":"https:\/\/bunuri.md\/ro\/#organization"}}]},"og:locale":"ro_RO","og:site_name":"\u0418\u043d\u0442\u0435\u0440\u043d\u0435\u0442 \u043c\u0430\u0433\u0430\u0437\u0438\u043d \u041c\u043e\u043b\u0434\u043e\u0432\u0430 | Bunuri.md este un magazin online care livreaz\u0103 \u0219i comercializeaz\u0103 o gam\u0103 larg\u0103 de m\u0103rfuri de diverse categorii pe \u00eentreg teritoriul Republicii Moldova.","og:type":"article","og:title":"Demaror electric Z-11 (12V) 195N - 1100N aterizare 68 mm","og:description":"Aduce arborele cotit \u00een rota\u021bie la tura\u021bia necesar\u0103 pentru a asigura pornirea rapid\u0103 \u0219i sigur\u0103 a motorului \u00een special a celor cu un raport de compresie ridicat","og:url":"https:\/\/bunuri.md\/ro\/shop\/demaror-electric-z-11-12v-195n-1100n-aterizare-68-mm\/","og:image":"https:\/\/bunuri.md\/wp-content\/uploads\/2022\/10\/logobu.png","og:image:secure_url":"https:\/\/bunuri.md\/wp-content\/uploads\/2022\/10\/logobu.png","og:image:width":200,"og:image:height":200,"article:published_time":"2025-10-03T16:35:57+00:00","article:modified_time":"2025-10-03T18:08:49+00:00","article:publisher":"https:\/\/facebook.com\/https:\/\/www.facebook.com\/bunurimag","twitter:card":"summary","twitter:site":"@https:","twitter:title":"Demaror electric Z-11 (12V) 195N - 1100N aterizare 68 mm","twitter:description":"Aduce arborele cotit \u00een rota\u021bie la tura\u021bia necesar\u0103 pentru a asigura pornirea rapid\u0103 \u0219i sigur\u0103 a motorului \u00een special a celor cu un raport de compresie ridicat","twitter:image":"https:\/\/bunuri.md\/wp-content\/uploads\/2022\/10\/logobu.png"},"aioseo_meta_data":{"post_id":"11950","title":"Demaror electric Z-11 (12V) 195N - 1100N aterizare 68 mm","description":"Aduce arborele cotit \u00een rota\u021bie la tura\u021bia necesar\u0103 pentru a asigura pornirea rapid\u0103 \u0219i sigur\u0103 a motorului \u00een special a celor cu un raport de compresie ridicat","keywords":null,"keyphrases":{"focus":{"keyphrase":"","score":0,"analysis":{"keyphraseInTitle":{"score":0,"maxScore":9,"error":1}}},"additional":[]},"primary_term":null,"canonical_url":null,"og_title":null,"og_description":null,"og_object_type":"default","og_image_type":"default","og_image_url":null,"og_image_width":null,"og_image_height":null,"og_image_custom_url":null,"og_image_custom_fields":null,"og_video":"","og_custom_url":null,"og_article_section":null,"og_article_tags":null,"twitter_use_og":false,"twitter_card":"default","twitter_image_type":"default","twitter_image_url":null,"twitter_image_custom_url":null,"twitter_image_custom_fields":null,"twitter_title":null,"twitter_description":null,"schema":{"blockGraphs":[],"customGraphs":[],"default":{"data":{"Article":[],"Course":[],"Dataset":[],"FAQPage":[],"Movie":[],"Person":[],"Product":[],"ProductReview":[],"Car":[],"Recipe":[],"Service":[],"SoftwareApplication":[],"WebPage":[]},"graphName":"ItemPage","isEnabled":true},"graphs":[]},"schema_type":"default","schema_type_options":null,"pillar_content":false,"robots_default":true,"robots_noindex":false,"robots_noarchive":false,"robots_nosnippet":false,"robots_nofollow":false,"robots_noimageindex":false,"robots_noodp":false,"robots_notranslate":false,"robots_max_snippet":"-1","robots_max_videopreview":"-1","robots_max_imagepreview":"large","priority":null,"frequency":"default","local_seo":null,"seo_analyzer_scan_date":null,"breadcrumb_settings":null,"limit_modified_date":false,"reviewed_by":"0","open_ai":null,"ai":{"faqs":[],"keyPoints":[],"titles":[],"descriptions":[],"socialPosts":{"email":[],"linkedin":[],"twitter":[],"facebook":[],"instagram":[]}},"created":"2025-10-03 17:28:24","updated":"2025-10-03 18:13:35"},"aioseo_breadcrumb":"<div class=\"aioseo-breadcrumbs\"><span class=\"aioseo-breadcrumb\">\n\t<a href=\"https:\/\/bunuri.md\/ro\/\" title=\"Home\">Home<\/a>\n<\/span><span class=\"aioseo-breadcrumb-separator\">\u00bb<\/span><span class=\"aioseo-breadcrumb\">\n\t<a href=\"https:\/\/bunuri.md\/ro\/shop-2\/\" title=\"Magazin\">Magazin<\/a>\n<\/span><span class=\"aioseo-breadcrumb-separator\">\u00bb<\/span><span class=\"aioseo-breadcrumb\">\n\t<a href=\"https:\/\/bunuri.md\/ro\/product-category\/piese-pentru-motoblocuri\/\" title=\"Piese de schimb pentru tractoare \u0219i motoblocuri\">Piese de schimb pentru tractoare \u0219i motoblocuri<\/a>\n<\/span><span class=\"aioseo-breadcrumb-separator\">\u00bb<\/span><span class=\"aioseo-breadcrumb\">\n\tDemaror electric Z-11 (12V) 195N \u2013 1100N aterizare 68 mm\n<\/span><\/div>","aioseo_breadcrumb_json":[{"label":"Home","link":"https:\/\/bunuri.md\/ro\/"},{"label":"Magazin","link":"https:\/\/bunuri.md\/ro\/shop-2\/"},{"label":"Piese de schimb pentru tractoare \u0219i motoblocuri","link":"https:\/\/bunuri.md\/ro\/product-category\/piese-pentru-motoblocuri\/"},{"label":"Demaror electric Z-11 (12V) 195N &#8211; 1100N aterizare 68 mm","link":"https:\/\/bunuri.md\/ro\/shop\/demaror-electric-z-11-12v-195n-1100n-aterizare-68-mm\/"}],"brands":[],"_links":{"self":[{"href":"https:\/\/bunuri.md\/ro\/wp-json\/wp\/v2\/product\/11950","targetHints":{"allow":["GET"]}}],"collection":[{"href":"https:\/\/bunuri.md\/ro\/wp-json\/wp\/v2\/product"}],"about":[{"href":"https:\/\/bunuri.md\/ro\/wp-json\/wp\/v2\/types\/product"}],"replies":[{"embeddable":true,"href":"https:\/\/bunuri.md\/ro\/wp-json\/wp\/v2\/comments?post=11950"}],"wp:featuredmedia":[{"embeddable":true,"href":"https:\/\/bunuri.md\/ro\/wp-json\/wp\/v2\/media\/11948"}],"wp:attachment":[{"href":"https:\/\/bunuri.md\/ro\/wp-json\/wp\/v2\/media?parent=11950"}],"wp:term":[{"taxonomy":"pwb-brand","embeddable":true,"href":"https:\/\/bunuri.md\/ro\/wp-json\/wp\/v2\/pwb-brand?post=11950"},{"taxonomy":"product_brand","embeddable":true,"href":"https:\/\/bunuri.md\/ro\/wp-json\/wp\/v2\/product_brand?post=11950"},{"taxonomy":"product_cat","embeddable":true,"href":"https:\/\/bunuri.md\/ro\/wp-json\/wp\/v2\/product_cat?post=11950"},{"taxonomy":"product_tag","embeddable":true,"href":"https:\/\/bunuri.md\/ro\/wp-json\/wp\/v2\/product_tag?post=11950"}],"curies":[{"name":"wp","href":"https:\/\/api.w.org\/{rel}","templated":true}]}}