{"id":12480,"date":"2026-01-07T18:25:36","date_gmt":"2026-01-07T15:25:36","guid":{"rendered":"https:\/\/bunuri.md\/?post_type=product&#038;p=12480"},"modified":"2026-01-07T19:56:42","modified_gmt":"2026-01-07T16:56:42","slug":"furca-pentru-comutarea-primei-si-a-treptei-de-mers-inapoi","status":"publish","type":"product","link":"https:\/\/bunuri.md\/ro\/shop\/furca-pentru-comutarea-primei-si-a-treptei-de-mers-inapoi\/","title":{"rendered":"Furc\u0103 pentru comutarea primei \u0219i a treptei de mers \u00eenapoi"},"content":{"rendered":"<p><strong>Furca schimb\u0103torului de viteze pentru prima \u0219i revers a unui mini tractor<\/strong> &#8211; <a href=\"https:\/\/bunuri.md\/ro\/shop\/cutie-de-viteze-zubr-cu-puntea-din-spate-mini-tractor\/\">este o component\u0103 a mecanismului de schimbare a vitezelor unui tractor motorizat, conceput\u0103 pentru a mi\u0219ca angrenajele sau ambreiajele din cutia de viteze la selectarea primei trepte de vitez\u0103 sau a mar\u0219arierului. Aceast\u0103 component\u0103 asigur\u0103 cuplarea precis\u0103 \u0219i sincronizat\u0103 a modului selectat prin transmiterea for\u021bei de la tija (sau maneta) schimb\u0103torului de viteze c\u0103tre elementele mobile ale transmisiei.<\/a><\/p>\n<p>\u00cen timpul func\u021bion\u0103rii, furca este supus\u0103 unor solicit\u0103ri mecanice semnificative, deoarece func\u021bioneaz\u0103 \u00een contact constant cu piesele mobile ale transmisiei. Prin urmare, este fabricat\u0103 din o\u021bel durabil \u0219i proiectat\u0103 pentru func\u021bionare pe termen lung \u00een condi\u021bii de frecare, vibra\u021bii \u0219i fluctua\u021bii de temperatur\u0103 crescute.<\/p>\n<p><strong>Specifica\u021bii tehnice:<\/strong><\/p>\n<ul>\n<li><strong>Scop:<\/strong> pentru un mototractor.<\/li>\n<li><strong>Lungimea scaunului \/ lung \/ scurt:<\/strong> 23 \/ 36 \/ 26 mm.<\/li>\n<li><strong>L\u0103\u021bimea lung \/ scurt:<\/strong> 27 \/ 34 mm.<\/li>\n<li><strong>Diametrul alezajului:<\/strong> 14 mm.<\/li>\n<li><strong>Material:<\/strong> o\u021bel.<\/li>\n<li><strong>Nume:<\/strong> furc\u0103 pentru schimbarea vitezei 1 \u0219i mar\u0219arier.<\/li>\n<li><strong>Condi\u021bii de func\u021bionare:<\/strong> Mediul uleios (ulei de transmisie).<\/li>\n<li><strong>Greutate:<\/strong> 297 g.<\/li>\n<\/ul>\n","protected":false},"excerpt":{"rendered":"<p>Asigur\u0103 cuplarea sincronizat\u0103 a modului selectat prin transmiterea for\u021bei de la tija schimb\u0103torului de viteze c\u0103tre elementele mobile ale transmisiei.<\/p>\n","protected":false},"featured_media":12475,"comment_status":"closed","ping_status":"closed","template":"","meta":{"om_disable_all_campaigns":false},"pwb-brand":[],"product_brand":[],"product_cat":[384],"product_tag":[],"class_list":{"0":"post-12480","1":"product","2":"type-product","3":"status-publish","4":"has-post-thumbnail","6":"product_cat-piese-pentru-motoblocuri","8":"first","9":"instock","10":"purchasable","11":"product-type-simple"},"aioseo_notices":[],"aioseo_head":"\n\t\t<!-- All in One SEO Pro 4.9.6.2 - aioseo.com -->\n\t<meta name=\"description\" content=\"Asigur\u0103 cuplarea sincronizat\u0103 a modului selectat prin transmiterea for\u021bei de la tija schimb\u0103torului de viteze c\u0103tre elementele mobile ale transmisiei.\" \/>\n\t<meta name=\"robots\" content=\"max-image-preview:large\" \/>\n\t<link rel=\"canonical\" href=\"https:\/\/bunuri.md\/ro\/shop\/furca-pentru-comutarea-primei-si-a-treptei-de-mers-inapoi\/\" \/>\n\t<meta name=\"generator\" content=\"All in One SEO Pro (AIOSEO) 4.9.6.2\" \/>\n\t\t<meta property=\"og:locale\" content=\"ro_RO\" \/>\n\t\t<meta property=\"og:site_name\" content=\"\u0418\u043d\u0442\u0435\u0440\u043d\u0435\u0442 \u043c\u0430\u0433\u0430\u0437\u0438\u043d \u041c\u043e\u043b\u0434\u043e\u0432\u0430 | Bunuri.md este un magazin online care livreaz\u0103 \u0219i comercializeaz\u0103 o gam\u0103 larg\u0103 de m\u0103rfuri de diverse categorii pe \u00eentreg teritoriul Republicii Moldova.\" \/>\n\t\t<meta property=\"og:type\" content=\"article\" \/>\n\t\t<meta property=\"og:title\" content=\"Furc\u0103 pentru comutarea primei \u0219i a treptei de mers \u00eenapoi\" \/>\n\t\t<meta property=\"og:description\" content=\"Asigur\u0103 cuplarea sincronizat\u0103 a modului selectat prin transmiterea for\u021bei de la tija schimb\u0103torului de viteze c\u0103tre elementele mobile ale transmisiei.\" \/>\n\t\t<meta property=\"og:url\" content=\"https:\/\/bunuri.md\/ro\/shop\/furca-pentru-comutarea-primei-si-a-treptei-de-mers-inapoi\/\" \/>\n\t\t<meta property=\"og:image\" content=\"https:\/\/bunuri.md\/wp-content\/uploads\/2022\/10\/logobu.png\" \/>\n\t\t<meta property=\"og:image:secure_url\" content=\"https:\/\/bunuri.md\/wp-content\/uploads\/2022\/10\/logobu.png\" \/>\n\t\t<meta property=\"og:image:width\" content=\"200\" \/>\n\t\t<meta property=\"og:image:height\" content=\"200\" \/>\n\t\t<meta property=\"article:published_time\" content=\"2026-01-07T15:25:36+00:00\" \/>\n\t\t<meta property=\"article:modified_time\" content=\"2026-01-07T16:56:42+00:00\" \/>\n\t\t<meta property=\"article:publisher\" content=\"https:\/\/facebook.com\/https:\/\/www.facebook.com\/bunurimag\" \/>\n\t\t<meta name=\"twitter:card\" content=\"summary\" \/>\n\t\t<meta name=\"twitter:site\" content=\"@https:\" \/>\n\t\t<meta name=\"twitter:title\" content=\"Furc\u0103 pentru comutarea primei \u0219i a treptei de mers \u00eenapoi\" \/>\n\t\t<meta name=\"twitter:description\" content=\"Asigur\u0103 cuplarea sincronizat\u0103 a modului selectat prin transmiterea for\u021bei de la tija schimb\u0103torului de viteze c\u0103tre elementele mobile ale transmisiei.\" \/>\n\t\t<meta name=\"twitter:image\" content=\"https:\/\/bunuri.md\/wp-content\/uploads\/2022\/10\/logobu.png\" \/>\n\t\t<script type=\"application\/ld+json\" class=\"aioseo-schema\">\n\t\t\t{\"@context\":\"https:\\\/\\\/schema.org\",\"@graph\":[{\"@type\":\"BreadcrumbList\",\"@id\":\"https:\\\/\\\/bunuri.md\\\/ro\\\/shop\\\/furca-pentru-comutarea-primei-si-a-treptei-de-mers-inapoi\\\/#breadcrumblist\",\"itemListElement\":[{\"@type\":\"ListItem\",\"@id\":\"https:\\\/\\\/bunuri.md\\\/ro\\\/#listItem\",\"position\":1,\"name\":\"Home\",\"item\":\"https:\\\/\\\/bunuri.md\\\/ro\\\/\",\"nextItem\":{\"@type\":\"ListItem\",\"@id\":\"https:\\\/\\\/bunuri.md\\\/ro\\\/shop-2\\\/#listItem\",\"name\":\"Magazin\"}},{\"@type\":\"ListItem\",\"@id\":\"https:\\\/\\\/bunuri.md\\\/ro\\\/shop-2\\\/#listItem\",\"position\":2,\"name\":\"Magazin\",\"item\":\"https:\\\/\\\/bunuri.md\\\/ro\\\/shop-2\\\/\",\"nextItem\":{\"@type\":\"ListItem\",\"@id\":\"https:\\\/\\\/bunuri.md\\\/ro\\\/product-category\\\/piese-pentru-motoblocuri\\\/#listItem\",\"name\":\"Piese de schimb pentru tractoare \\u0219i motoblocuri\"},\"previousItem\":{\"@type\":\"ListItem\",\"@id\":\"https:\\\/\\\/bunuri.md\\\/ro\\\/#listItem\",\"name\":\"Home\"}},{\"@type\":\"ListItem\",\"@id\":\"https:\\\/\\\/bunuri.md\\\/ro\\\/product-category\\\/piese-pentru-motoblocuri\\\/#listItem\",\"position\":3,\"name\":\"Piese de schimb pentru tractoare \\u0219i motoblocuri\",\"item\":\"https:\\\/\\\/bunuri.md\\\/ro\\\/product-category\\\/piese-pentru-motoblocuri\\\/\",\"nextItem\":{\"@type\":\"ListItem\",\"@id\":\"https:\\\/\\\/bunuri.md\\\/ro\\\/shop\\\/furca-pentru-comutarea-primei-si-a-treptei-de-mers-inapoi\\\/#listItem\",\"name\":\"Furc\\u0103 pentru comutarea primei \\u0219i a treptei de mers \\u00eenapoi\"},\"previousItem\":{\"@type\":\"ListItem\",\"@id\":\"https:\\\/\\\/bunuri.md\\\/ro\\\/shop-2\\\/#listItem\",\"name\":\"Magazin\"}},{\"@type\":\"ListItem\",\"@id\":\"https:\\\/\\\/bunuri.md\\\/ro\\\/shop\\\/furca-pentru-comutarea-primei-si-a-treptei-de-mers-inapoi\\\/#listItem\",\"position\":4,\"name\":\"Furc\\u0103 pentru comutarea primei \\u0219i a treptei de mers \\u00eenapoi\",\"previousItem\":{\"@type\":\"ListItem\",\"@id\":\"https:\\\/\\\/bunuri.md\\\/ro\\\/product-category\\\/piese-pentru-motoblocuri\\\/#listItem\",\"name\":\"Piese de schimb pentru tractoare \\u0219i motoblocuri\"}}]},{\"@type\":\"ItemPage\",\"@id\":\"https:\\\/\\\/bunuri.md\\\/ro\\\/shop\\\/furca-pentru-comutarea-primei-si-a-treptei-de-mers-inapoi\\\/#itempage\",\"url\":\"https:\\\/\\\/bunuri.md\\\/ro\\\/shop\\\/furca-pentru-comutarea-primei-si-a-treptei-de-mers-inapoi\\\/\",\"name\":\"Furc\\u0103 pentru comutarea primei \\u0219i a treptei de mers \\u00eenapoi\",\"description\":\"Asigur\\u0103 cuplarea sincronizat\\u0103 a modului selectat prin transmiterea for\\u021bei de la tija schimb\\u0103torului de viteze c\\u0103tre elementele mobile ale transmisiei.\",\"inLanguage\":\"ro-RO\",\"isPartOf\":{\"@id\":\"https:\\\/\\\/bunuri.md\\\/ro\\\/#website\"},\"breadcrumb\":{\"@id\":\"https:\\\/\\\/bunuri.md\\\/ro\\\/shop\\\/furca-pentru-comutarea-primei-si-a-treptei-de-mers-inapoi\\\/#breadcrumblist\"},\"image\":{\"@type\":\"ImageObject\",\"url\":\"https:\\\/\\\/bunuri.md\\\/wp-content\\\/uploads\\\/2026\\\/01\\\/Furca_Prima_Revers_1_1.png\",\"@id\":\"https:\\\/\\\/bunuri.md\\\/ro\\\/shop\\\/furca-pentru-comutarea-primei-si-a-treptei-de-mers-inapoi\\\/#mainImage\",\"width\":600,\"height\":600,\"caption\":\"Furca_Prima_Revers_1_1\"},\"primaryImageOfPage\":{\"@id\":\"https:\\\/\\\/bunuri.md\\\/ro\\\/shop\\\/furca-pentru-comutarea-primei-si-a-treptei-de-mers-inapoi\\\/#mainImage\"},\"datePublished\":\"2026-01-07T18:25:36+03:00\",\"dateModified\":\"2026-01-07T19:56:42+03:00\"},{\"@type\":\"Organization\",\"@id\":\"https:\\\/\\\/bunuri.md\\\/ro\\\/#organization\",\"name\":\"\\u00centreprinderea Individual\\u0103 \\\"Buldumac Aliona\\\"\",\"description\":\"\\u0418\\u041f \\u00ab\\u0411\\u0443\\u043b\\u0434\\u0443\\u043c\\u0430\\u043a \\u0410\\u043b\\u0435\\u043d\\u0430\\u00bb - \\u044d\\u0442\\u043e \\u043d\\u0430\\u0434\\u0451\\u0436\\u043d\\u044b\\u0439 \\u0438 \\u043e\\u0440\\u0438\\u0435\\u043d\\u0442\\u0438\\u0440\\u043e\\u0432\\u0430\\u043d\\u043d\\u044b\\u0439 \\u043d\\u0430 \\u043a\\u043b\\u0438\\u0435\\u043d\\u0442\\u0430 \\u0431\\u0438\\u0437\\u043d\\u0435\\u0441, \\u043f\\u0440\\u0435\\u0434\\u043b\\u0430\\u0433\\u0430\\u044e\\u0449\\u0438\\u0439 \\u043a\\u0430\\u0447\\u0435\\u0441\\u0442\\u0432\\u0435\\u043d\\u043d\\u044b\\u0435 \\u0442\\u043e\\u0432\\u0430\\u0440\\u044b, \\u0443\\u0441\\u043b\\u0443\\u0433\\u0438 \\u0441 \\u0430\\u043a\\u0446\\u0435\\u043d\\u0442\\u043e\\u043c \\u043d\\u0430 \\u043f\\u0440\\u0430\\u043a\\u0442\\u0438\\u0447\\u043d\\u043e\\u0441\\u0442\\u044c \\u0438 \\u0447\\u0435\\u0441\\u0442\\u043d\\u044b\\u0439 \\u043f\\u043e\\u0434\\u0445\\u043e\\u0434.\",\"url\":\"https:\\\/\\\/bunuri.md\\\/ro\\\/\",\"email\":\"bunuri.md@gmail.com\",\"telephone\":\"+37379512557\",\"foundingDate\":\"2006-09-27\",\"numberOfEmployees\":{\"@type\":\"QuantitativeValue\",\"minValue\":0,\"maxValue\":4},\"logo\":{\"@type\":\"ImageObject\",\"url\":\"https:\\\/\\\/bunuri.md\\\/wp-content\\\/uploads\\\/2022\\\/08\\\/logo-bunuri.png\",\"@id\":\"https:\\\/\\\/bunuri.md\\\/ro\\\/shop\\\/furca-pentru-comutarea-primei-si-a-treptei-de-mers-inapoi\\\/#organizationLogo\",\"width\":250,\"height\":250},\"image\":{\"@id\":\"https:\\\/\\\/bunuri.md\\\/ro\\\/shop\\\/furca-pentru-comutarea-primei-si-a-treptei-de-mers-inapoi\\\/#organizationLogo\"},\"sameAs\":[\"https:\\\/\\\/facebook.com\\\/https:\\\/\\\/www.facebook.com\\\/bunurimag\",\"https:\\\/\\\/x.com\\\/https:\\\/\\\/www.facebook.com\\\/bunurimag\",\"https:\\\/\\\/instagram.com\\\/https:\\\/\\\/www.facebook.com\\\/bunurimag\",\"https:\\\/\\\/pinterest.com\\\/https:\\\/\\\/www.facebook.com\\\/bunurimag\",\"https:\\\/\\\/youtube.com\\\/https:\\\/\\\/www.facebook.com\\\/bunurimag\",\"https:\\\/\\\/linkedin.com\\\/in\\\/https:\\\/\\\/www.facebook.com\\\/bunurimag\",\"https:\\\/\\\/soundcloud.com\\\/https:\\\/\\\/www.facebook.com\\\/bunurimag\"],\"address\":{\"@id\":\"https:\\\/\\\/bunuri.md\\\/ro\\\/#postaladdress\",\"@type\":\"PostalAddress\",\"streetAddress\":\"\\u0420. \\u041c\\u043e\\u043b\\u0434\\u043e\\u0432\\u0430, \\u0433. \\u0425\\u044b\\u043d\\u0447\\u0435\\u0448\\u0442\\u044b\",\"postalCode\":\"3401\",\"addressLocality\":\"\\u0425\\u044b\\u043d\\u0447\\u0435\\u0448\\u0442\\u044b\",\"addressRegion\":\"Moldova\",\"addressCountry\":\"MD\"}},{\"@type\":\"WebPage\",\"@id\":\"https:\\\/\\\/bunuri.md\\\/ro\\\/shop\\\/furca-pentru-comutarea-primei-si-a-treptei-de-mers-inapoi\\\/#webpage\",\"url\":\"https:\\\/\\\/bunuri.md\\\/ro\\\/shop\\\/furca-pentru-comutarea-primei-si-a-treptei-de-mers-inapoi\\\/\",\"name\":\"Furc\\u0103 pentru comutarea primei \\u0219i a treptei de mers \\u00eenapoi\",\"description\":\"Asigur\\u0103 cuplarea sincronizat\\u0103 a modului selectat prin transmiterea for\\u021bei de la tija schimb\\u0103torului de viteze c\\u0103tre elementele mobile ale transmisiei.\",\"inLanguage\":\"ro-RO\",\"isPartOf\":{\"@id\":\"https:\\\/\\\/bunuri.md\\\/ro\\\/#website\"},\"breadcrumb\":{\"@id\":\"https:\\\/\\\/bunuri.md\\\/ro\\\/shop\\\/furca-pentru-comutarea-primei-si-a-treptei-de-mers-inapoi\\\/#breadcrumblist\"},\"image\":{\"@type\":\"ImageObject\",\"url\":\"https:\\\/\\\/bunuri.md\\\/wp-content\\\/uploads\\\/2026\\\/01\\\/Furca_Prima_Revers_1_1.png\",\"@id\":\"https:\\\/\\\/bunuri.md\\\/ro\\\/shop\\\/furca-pentru-comutarea-primei-si-a-treptei-de-mers-inapoi\\\/#mainImage\",\"width\":600,\"height\":600,\"caption\":\"Furca_Prima_Revers_1_1\"},\"primaryImageOfPage\":{\"@id\":\"https:\\\/\\\/bunuri.md\\\/ro\\\/shop\\\/furca-pentru-comutarea-primei-si-a-treptei-de-mers-inapoi\\\/#mainImage\"},\"datePublished\":\"2026-01-07T18:25:36+03:00\",\"dateModified\":\"2026-01-07T19:56:42+03:00\"},{\"@type\":\"WebSite\",\"@id\":\"https:\\\/\\\/bunuri.md\\\/ro\\\/#website\",\"url\":\"https:\\\/\\\/bunuri.md\\\/ro\\\/\",\"name\":\"www.bunuri.md\",\"alternateName\":\"bunuri.md\",\"description\":\"Bunuri.md este un magazin online care livreaz\\u0103 \\u0219i comercializeaz\\u0103 o gam\\u0103 larg\\u0103 de m\\u0103rfuri de diverse categorii pe \\u00eentreg teritoriul Republicii Moldova.\",\"inLanguage\":\"ro-RO\",\"publisher\":{\"@id\":\"https:\\\/\\\/bunuri.md\\\/ro\\\/#organization\"}}]}\n\t\t<\/script>\n\t\t<!-- All in One SEO Pro -->\r\n\t\t<title>Furc\u0103 pentru comutarea primei \u0219i a treptei de mers \u00eenapoi<\/title>\n\n","aioseo_head_json":{"title":"Furc\u0103 pentru comutarea primei \u0219i a treptei de mers \u00eenapoi","description":"Asigur\u0103 cuplarea sincronizat\u0103 a modului selectat prin transmiterea for\u021bei de la tija schimb\u0103torului de viteze c\u0103tre elementele mobile ale transmisiei.","canonical_url":"https:\/\/bunuri.md\/ro\/shop\/furca-pentru-comutarea-primei-si-a-treptei-de-mers-inapoi\/","robots":"max-image-preview:large","keywords":"","webmasterTools":{"miscellaneous":""},"schema":{"@context":"https:\/\/schema.org","@graph":[{"@type":"BreadcrumbList","@id":"https:\/\/bunuri.md\/ro\/shop\/furca-pentru-comutarea-primei-si-a-treptei-de-mers-inapoi\/#breadcrumblist","itemListElement":[{"@type":"ListItem","@id":"https:\/\/bunuri.md\/ro\/#listItem","position":1,"name":"Home","item":"https:\/\/bunuri.md\/ro\/","nextItem":{"@type":"ListItem","@id":"https:\/\/bunuri.md\/ro\/shop-2\/#listItem","name":"Magazin"}},{"@type":"ListItem","@id":"https:\/\/bunuri.md\/ro\/shop-2\/#listItem","position":2,"name":"Magazin","item":"https:\/\/bunuri.md\/ro\/shop-2\/","nextItem":{"@type":"ListItem","@id":"https:\/\/bunuri.md\/ro\/product-category\/piese-pentru-motoblocuri\/#listItem","name":"Piese de schimb pentru tractoare \u0219i motoblocuri"},"previousItem":{"@type":"ListItem","@id":"https:\/\/bunuri.md\/ro\/#listItem","name":"Home"}},{"@type":"ListItem","@id":"https:\/\/bunuri.md\/ro\/product-category\/piese-pentru-motoblocuri\/#listItem","position":3,"name":"Piese de schimb pentru tractoare \u0219i motoblocuri","item":"https:\/\/bunuri.md\/ro\/product-category\/piese-pentru-motoblocuri\/","nextItem":{"@type":"ListItem","@id":"https:\/\/bunuri.md\/ro\/shop\/furca-pentru-comutarea-primei-si-a-treptei-de-mers-inapoi\/#listItem","name":"Furc\u0103 pentru comutarea primei \u0219i a treptei de mers \u00eenapoi"},"previousItem":{"@type":"ListItem","@id":"https:\/\/bunuri.md\/ro\/shop-2\/#listItem","name":"Magazin"}},{"@type":"ListItem","@id":"https:\/\/bunuri.md\/ro\/shop\/furca-pentru-comutarea-primei-si-a-treptei-de-mers-inapoi\/#listItem","position":4,"name":"Furc\u0103 pentru comutarea primei \u0219i a treptei de mers \u00eenapoi","previousItem":{"@type":"ListItem","@id":"https:\/\/bunuri.md\/ro\/product-category\/piese-pentru-motoblocuri\/#listItem","name":"Piese de schimb pentru tractoare \u0219i motoblocuri"}}]},{"@type":"ItemPage","@id":"https:\/\/bunuri.md\/ro\/shop\/furca-pentru-comutarea-primei-si-a-treptei-de-mers-inapoi\/#itempage","url":"https:\/\/bunuri.md\/ro\/shop\/furca-pentru-comutarea-primei-si-a-treptei-de-mers-inapoi\/","name":"Furc\u0103 pentru comutarea primei \u0219i a treptei de mers \u00eenapoi","description":"Asigur\u0103 cuplarea sincronizat\u0103 a modului selectat prin transmiterea for\u021bei de la tija schimb\u0103torului de viteze c\u0103tre elementele mobile ale transmisiei.","inLanguage":"ro-RO","isPartOf":{"@id":"https:\/\/bunuri.md\/ro\/#website"},"breadcrumb":{"@id":"https:\/\/bunuri.md\/ro\/shop\/furca-pentru-comutarea-primei-si-a-treptei-de-mers-inapoi\/#breadcrumblist"},"image":{"@type":"ImageObject","url":"https:\/\/bunuri.md\/wp-content\/uploads\/2026\/01\/Furca_Prima_Revers_1_1.png","@id":"https:\/\/bunuri.md\/ro\/shop\/furca-pentru-comutarea-primei-si-a-treptei-de-mers-inapoi\/#mainImage","width":600,"height":600,"caption":"Furca_Prima_Revers_1_1"},"primaryImageOfPage":{"@id":"https:\/\/bunuri.md\/ro\/shop\/furca-pentru-comutarea-primei-si-a-treptei-de-mers-inapoi\/#mainImage"},"datePublished":"2026-01-07T18:25:36+03:00","dateModified":"2026-01-07T19:56:42+03:00"},{"@type":"Organization","@id":"https:\/\/bunuri.md\/ro\/#organization","name":"\u00centreprinderea Individual\u0103 \"Buldumac Aliona\"","description":"\u0418\u041f \u00ab\u0411\u0443\u043b\u0434\u0443\u043c\u0430\u043a \u0410\u043b\u0435\u043d\u0430\u00bb - \u044d\u0442\u043e \u043d\u0430\u0434\u0451\u0436\u043d\u044b\u0439 \u0438 \u043e\u0440\u0438\u0435\u043d\u0442\u0438\u0440\u043e\u0432\u0430\u043d\u043d\u044b\u0439 \u043d\u0430 \u043a\u043b\u0438\u0435\u043d\u0442\u0430 \u0431\u0438\u0437\u043d\u0435\u0441, \u043f\u0440\u0435\u0434\u043b\u0430\u0433\u0430\u044e\u0449\u0438\u0439 \u043a\u0430\u0447\u0435\u0441\u0442\u0432\u0435\u043d\u043d\u044b\u0435 \u0442\u043e\u0432\u0430\u0440\u044b, \u0443\u0441\u043b\u0443\u0433\u0438 \u0441 \u0430\u043a\u0446\u0435\u043d\u0442\u043e\u043c \u043d\u0430 \u043f\u0440\u0430\u043a\u0442\u0438\u0447\u043d\u043e\u0441\u0442\u044c \u0438 \u0447\u0435\u0441\u0442\u043d\u044b\u0439 \u043f\u043e\u0434\u0445\u043e\u0434.","url":"https:\/\/bunuri.md\/ro\/","email":"bunuri.md@gmail.com","telephone":"+37379512557","foundingDate":"2006-09-27","numberOfEmployees":{"@type":"QuantitativeValue","minValue":0,"maxValue":4},"logo":{"@type":"ImageObject","url":"https:\/\/bunuri.md\/wp-content\/uploads\/2022\/08\/logo-bunuri.png","@id":"https:\/\/bunuri.md\/ro\/shop\/furca-pentru-comutarea-primei-si-a-treptei-de-mers-inapoi\/#organizationLogo","width":250,"height":250},"image":{"@id":"https:\/\/bunuri.md\/ro\/shop\/furca-pentru-comutarea-primei-si-a-treptei-de-mers-inapoi\/#organizationLogo"},"sameAs":["https:\/\/facebook.com\/https:\/\/www.facebook.com\/bunurimag","https:\/\/x.com\/https:\/\/www.facebook.com\/bunurimag","https:\/\/instagram.com\/https:\/\/www.facebook.com\/bunurimag","https:\/\/pinterest.com\/https:\/\/www.facebook.com\/bunurimag","https:\/\/youtube.com\/https:\/\/www.facebook.com\/bunurimag","https:\/\/linkedin.com\/in\/https:\/\/www.facebook.com\/bunurimag","https:\/\/soundcloud.com\/https:\/\/www.facebook.com\/bunurimag"],"address":{"@id":"https:\/\/bunuri.md\/ro\/#postaladdress","@type":"PostalAddress","streetAddress":"\u0420. \u041c\u043e\u043b\u0434\u043e\u0432\u0430, \u0433. \u0425\u044b\u043d\u0447\u0435\u0448\u0442\u044b","postalCode":"3401","addressLocality":"\u0425\u044b\u043d\u0447\u0435\u0448\u0442\u044b","addressRegion":"Moldova","addressCountry":"MD"}},{"@type":"WebPage","@id":"https:\/\/bunuri.md\/ro\/shop\/furca-pentru-comutarea-primei-si-a-treptei-de-mers-inapoi\/#webpage","url":"https:\/\/bunuri.md\/ro\/shop\/furca-pentru-comutarea-primei-si-a-treptei-de-mers-inapoi\/","name":"Furc\u0103 pentru comutarea primei \u0219i a treptei de mers \u00eenapoi","description":"Asigur\u0103 cuplarea sincronizat\u0103 a modului selectat prin transmiterea for\u021bei de la tija schimb\u0103torului de viteze c\u0103tre elementele mobile ale transmisiei.","inLanguage":"ro-RO","isPartOf":{"@id":"https:\/\/bunuri.md\/ro\/#website"},"breadcrumb":{"@id":"https:\/\/bunuri.md\/ro\/shop\/furca-pentru-comutarea-primei-si-a-treptei-de-mers-inapoi\/#breadcrumblist"},"image":{"@type":"ImageObject","url":"https:\/\/bunuri.md\/wp-content\/uploads\/2026\/01\/Furca_Prima_Revers_1_1.png","@id":"https:\/\/bunuri.md\/ro\/shop\/furca-pentru-comutarea-primei-si-a-treptei-de-mers-inapoi\/#mainImage","width":600,"height":600,"caption":"Furca_Prima_Revers_1_1"},"primaryImageOfPage":{"@id":"https:\/\/bunuri.md\/ro\/shop\/furca-pentru-comutarea-primei-si-a-treptei-de-mers-inapoi\/#mainImage"},"datePublished":"2026-01-07T18:25:36+03:00","dateModified":"2026-01-07T19:56:42+03:00"},{"@type":"WebSite","@id":"https:\/\/bunuri.md\/ro\/#website","url":"https:\/\/bunuri.md\/ro\/","name":"www.bunuri.md","alternateName":"bunuri.md","description":"Bunuri.md este un magazin online care livreaz\u0103 \u0219i comercializeaz\u0103 o gam\u0103 larg\u0103 de m\u0103rfuri de diverse categorii pe \u00eentreg teritoriul Republicii Moldova.","inLanguage":"ro-RO","publisher":{"@id":"https:\/\/bunuri.md\/ro\/#organization"}}]},"og:locale":"ro_RO","og:site_name":"\u0418\u043d\u0442\u0435\u0440\u043d\u0435\u0442 \u043c\u0430\u0433\u0430\u0437\u0438\u043d \u041c\u043e\u043b\u0434\u043e\u0432\u0430 | Bunuri.md este un magazin online care livreaz\u0103 \u0219i comercializeaz\u0103 o gam\u0103 larg\u0103 de m\u0103rfuri de diverse categorii pe \u00eentreg teritoriul Republicii Moldova.","og:type":"article","og:title":"Furc\u0103 pentru comutarea primei \u0219i a treptei de mers \u00eenapoi","og:description":"Asigur\u0103 cuplarea sincronizat\u0103 a modului selectat prin transmiterea for\u021bei de la tija schimb\u0103torului de viteze c\u0103tre elementele mobile ale transmisiei.","og:url":"https:\/\/bunuri.md\/ro\/shop\/furca-pentru-comutarea-primei-si-a-treptei-de-mers-inapoi\/","og:image":"https:\/\/bunuri.md\/wp-content\/uploads\/2022\/10\/logobu.png","og:image:secure_url":"https:\/\/bunuri.md\/wp-content\/uploads\/2022\/10\/logobu.png","og:image:width":200,"og:image:height":200,"article:published_time":"2026-01-07T15:25:36+00:00","article:modified_time":"2026-01-07T16:56:42+00:00","article:publisher":"https:\/\/facebook.com\/https:\/\/www.facebook.com\/bunurimag","twitter:card":"summary","twitter:site":"@https:","twitter:title":"Furc\u0103 pentru comutarea primei \u0219i a treptei de mers \u00eenapoi","twitter:description":"Asigur\u0103 cuplarea sincronizat\u0103 a modului selectat prin transmiterea for\u021bei de la tija schimb\u0103torului de viteze c\u0103tre elementele mobile ale transmisiei.","twitter:image":"https:\/\/bunuri.md\/wp-content\/uploads\/2022\/10\/logobu.png"},"aioseo_meta_data":{"post_id":"12480","title":"Furc\u0103 pentru comutarea primei \u0219i a treptei de mers \u00eenapoi","description":"Asigur\u0103 cuplarea sincronizat\u0103 a modului selectat prin transmiterea for\u021bei de la tija schimb\u0103torului de viteze c\u0103tre elementele mobile ale transmisiei.","keywords":null,"keyphrases":{"focus":{"keyphrase":"","score":0,"analysis":{"keyphraseInTitle":{"score":0,"maxScore":9,"error":1}}},"additional":[]},"primary_term":null,"canonical_url":null,"og_title":null,"og_description":null,"og_object_type":"default","og_image_type":"default","og_image_url":null,"og_image_width":null,"og_image_height":null,"og_image_custom_url":null,"og_image_custom_fields":null,"og_video":"","og_custom_url":null,"og_article_section":null,"og_article_tags":null,"twitter_use_og":false,"twitter_card":"default","twitter_image_type":"default","twitter_image_url":null,"twitter_image_custom_url":null,"twitter_image_custom_fields":null,"twitter_title":null,"twitter_description":null,"schema":{"blockGraphs":[],"customGraphs":[],"default":{"data":{"Article":[],"Course":[],"Dataset":[],"FAQPage":[],"Movie":[],"Person":[],"Product":[],"ProductReview":[],"Car":[],"Recipe":[],"Service":[],"SoftwareApplication":[],"WebPage":[]},"graphName":"ItemPage","isEnabled":true},"graphs":[]},"schema_type":"default","schema_type_options":null,"pillar_content":false,"robots_default":true,"robots_noindex":false,"robots_noarchive":false,"robots_nosnippet":false,"robots_nofollow":false,"robots_noimageindex":false,"robots_noodp":false,"robots_notranslate":false,"robots_max_snippet":"-1","robots_max_videopreview":"-1","robots_max_imagepreview":"large","priority":null,"frequency":"default","local_seo":null,"seo_analyzer_scan_date":null,"breadcrumb_settings":null,"limit_modified_date":false,"reviewed_by":"0","open_ai":null,"ai":{"faqs":[],"keyPoints":[],"titles":[],"descriptions":[],"socialPosts":{"email":[],"linkedin":[],"twitter":[],"facebook":[],"instagram":[]}},"created":"2026-01-07 16:43:30","updated":"2026-01-07 17:10:09"},"aioseo_breadcrumb":"<div class=\"aioseo-breadcrumbs\"><span class=\"aioseo-breadcrumb\">\n\t<a href=\"https:\/\/bunuri.md\/ro\/\" title=\"Home\">Home<\/a>\n<\/span><span class=\"aioseo-breadcrumb-separator\">\u00bb<\/span><span class=\"aioseo-breadcrumb\">\n\t<a href=\"https:\/\/bunuri.md\/ro\/shop-2\/\" title=\"Magazin\">Magazin<\/a>\n<\/span><span class=\"aioseo-breadcrumb-separator\">\u00bb<\/span><span class=\"aioseo-breadcrumb\">\n\t<a href=\"https:\/\/bunuri.md\/ro\/product-category\/piese-pentru-motoblocuri\/\" title=\"Piese de schimb pentru tractoare \u0219i motoblocuri\">Piese de schimb pentru tractoare \u0219i motoblocuri<\/a>\n<\/span><span class=\"aioseo-breadcrumb-separator\">\u00bb<\/span><span class=\"aioseo-breadcrumb\">\n\tFurc\u0103 pentru comutarea primei \u0219i a treptei de mers \u00eenapoi\n<\/span><\/div>","aioseo_breadcrumb_json":[{"label":"Home","link":"https:\/\/bunuri.md\/ro\/"},{"label":"Magazin","link":"https:\/\/bunuri.md\/ro\/shop-2\/"},{"label":"Piese de schimb pentru tractoare \u0219i motoblocuri","link":"https:\/\/bunuri.md\/ro\/product-category\/piese-pentru-motoblocuri\/"},{"label":"Furc\u0103 pentru comutarea primei \u0219i a treptei de mers \u00eenapoi","link":"https:\/\/bunuri.md\/ro\/shop\/furca-pentru-comutarea-primei-si-a-treptei-de-mers-inapoi\/"}],"brands":[],"_links":{"self":[{"href":"https:\/\/bunuri.md\/ro\/wp-json\/wp\/v2\/product\/12480","targetHints":{"allow":["GET"]}}],"collection":[{"href":"https:\/\/bunuri.md\/ro\/wp-json\/wp\/v2\/product"}],"about":[{"href":"https:\/\/bunuri.md\/ro\/wp-json\/wp\/v2\/types\/product"}],"replies":[{"embeddable":true,"href":"https:\/\/bunuri.md\/ro\/wp-json\/wp\/v2\/comments?post=12480"}],"wp:featuredmedia":[{"embeddable":true,"href":"https:\/\/bunuri.md\/ro\/wp-json\/wp\/v2\/media\/12475"}],"wp:attachment":[{"href":"https:\/\/bunuri.md\/ro\/wp-json\/wp\/v2\/media?parent=12480"}],"wp:term":[{"taxonomy":"pwb-brand","embeddable":true,"href":"https:\/\/bunuri.md\/ro\/wp-json\/wp\/v2\/pwb-brand?post=12480"},{"taxonomy":"product_brand","embeddable":true,"href":"https:\/\/bunuri.md\/ro\/wp-json\/wp\/v2\/product_brand?post=12480"},{"taxonomy":"product_cat","embeddable":true,"href":"https:\/\/bunuri.md\/ro\/wp-json\/wp\/v2\/product_cat?post=12480"},{"taxonomy":"product_tag","embeddable":true,"href":"https:\/\/bunuri.md\/ro\/wp-json\/wp\/v2\/product_tag?post=12480"}],"curies":[{"name":"wp","href":"https:\/\/api.w.org\/{rel}","templated":true}]}}