{"id":12834,"date":"2020-04-30T22:31:56","date_gmt":"2020-04-30T19:31:56","guid":{"rendered":"https:\/\/bunuri.md\/?post_type=product&#038;p=12834"},"modified":"2026-02-22T14:19:50","modified_gmt":"2026-02-22T11:19:50","slug":"weima-wm1100be-motobloc-diezel-racire-cu-aer-9-c-p","status":"publish","type":"product","link":"https:\/\/bunuri.md\/ro\/shop\/weima-wm1100be-motobloc-diezel-racire-cu-aer-9-c-p\/","title":{"rendered":"WEIMA WM1100BE, motobloc diezel, racire cu aer 9 c. p."},"content":{"rendered":"<p><strong>WEIMA WM1100BE, tractor diesel cu ac\u021bionare pe jos, 9 c. p.<\/strong>\u00a0\u2013<a href=\"https:\/\/bunuri.md\/ro\/product-category\/piese-pentru-motoblocuri\/\"> este o unitate de mare putere conceput\u0103 pentru lucrul pe suprafe\u021be mari pe perioade lungi de timp. Poate fi folosit nu numai pentru af\u00e2narea solului, ci \u0219i pentru arat, plivit, plivit, transportul m\u0103rfurilor \u0219i \u00eendep\u0103rtarea z\u0103pezii.<\/a><\/p>\n<p><strong>Specifica\u021bii tehnice:<\/strong><\/p>\n<ul>\n<li><strong>Model motor:<\/strong> WM186FE.<\/li>\n<li><strong>Tip motor:<\/strong> diesel \u00een 4 timpi.<\/li>\n<li><strong>Pornire motor:<\/strong> manual\u0103\/electric\u0103.<\/li>\n<li><strong>Diametru piston:<\/strong> 86 mm.<\/li>\n<li><strong>Num\u0103r de trepte de vitez\u0103:<\/strong> -1, 0, 1, 2.<\/li>\n<li><strong>Cilindree motor:<\/strong> 406 cm<b>\u00b3<\/b>.<\/li>\n<li><strong>Putere nominal\u0103\/maxim\u0103:<\/strong> 8,5\/9,5 c\/ p\/\/rota\u021bie.<\/li>\n<li><strong>Cuplu maxim:<\/strong> 27\/2500 Nm\/rota\u021bie.<\/li>\n<li><strong>Capacitate ulei cutie de viteze:<\/strong> 1700 cm<b>\u00b3<\/b>.<\/li>\n<li><strong>Ac\u021bionare:<\/strong> cutie de viteze.<\/li>\n<li><strong>L\u0103\u021bime de cultivare:<\/strong> 500-1350 mm.<\/li>\n<li><strong>Ad\u00e2ncime de cultivare:<\/strong> 150-300 mm.<\/li>\n<li><strong>Dimensiuni:<\/strong> 1800\/1050\/850 mm.<\/li>\n<li><strong>Greutate:<\/strong> 145 kg.<\/li>\n<\/ul>\n","protected":false},"excerpt":{"rendered":"<p>Destinat pentru opera\u021biuni pe termen lung \u0219i la scar\u0103 larg\u0103. Potrivit pentru af\u00e2narea solului, arat \u0219i transportul m\u0103rfurilor.arat, \u00eendep\u0103rtarea z\u0103pezii.<\/p>\n","protected":false},"featured_media":2147,"comment_status":"open","ping_status":"closed","template":"","meta":{"om_disable_all_campaigns":false},"pwb-brand":[],"product_brand":[],"product_cat":[377],"product_tag":[],"class_list":{"0":"post-12834","1":"product","2":"type-product","3":"status-publish","4":"has-post-thumbnail","6":"product_cat-motoblocuri-minitractore","8":"first","9":"instock","10":"purchasable","11":"product-type-simple"},"aioseo_notices":[],"aioseo_head":"\n\t\t<!-- All in One SEO Pro 4.9.6.2 - aioseo.com -->\n\t<meta name=\"description\" content=\"Destinat pentru opera\u021biuni pe termen lung \u0219i la scar\u0103 larg\u0103. Potrivit pentru af\u00e2narea solului, arat \u0219i transportul m\u0103rfurilor.arat, \u00eendep\u0103rtarea z\u0103pezii.\" \/>\n\t<meta name=\"robots\" content=\"max-image-preview:large\" \/>\n\t<link rel=\"canonical\" href=\"https:\/\/bunuri.md\/ro\/shop\/weima-wm1100be-motobloc-diezel-racire-cu-aer-9-c-p\/\" \/>\n\t<meta name=\"generator\" content=\"All in One SEO Pro (AIOSEO) 4.9.6.2\" \/>\n\t\t<meta property=\"og:locale\" content=\"ro_RO\" \/>\n\t\t<meta property=\"og:site_name\" content=\"\u0418\u043d\u0442\u0435\u0440\u043d\u0435\u0442 \u043c\u0430\u0433\u0430\u0437\u0438\u043d \u041c\u043e\u043b\u0434\u043e\u0432\u0430 | Bunuri.md este un magazin online care livreaz\u0103 \u0219i comercializeaz\u0103 o gam\u0103 larg\u0103 de m\u0103rfuri de diverse categorii pe \u00eentreg teritoriul Republicii Moldova.\" \/>\n\t\t<meta property=\"og:type\" content=\"article\" \/>\n\t\t<meta property=\"og:title\" content=\"WEIMA WM1100BE, motobloc diezel, racire cu aer 9 c. p.\" \/>\n\t\t<meta property=\"og:description\" content=\"Destinat pentru opera\u021biuni pe termen lung \u0219i la scar\u0103 larg\u0103. Potrivit pentru af\u00e2narea solului, arat \u0219i transportul m\u0103rfurilor.arat, \u00eendep\u0103rtarea z\u0103pezii.\" \/>\n\t\t<meta property=\"og:url\" content=\"https:\/\/bunuri.md\/ro\/shop\/weima-wm1100be-motobloc-diezel-racire-cu-aer-9-c-p\/\" \/>\n\t\t<meta property=\"og:image\" content=\"https:\/\/bunuri.md\/wp-content\/uploads\/2022\/10\/logobu.png\" \/>\n\t\t<meta property=\"og:image:secure_url\" content=\"https:\/\/bunuri.md\/wp-content\/uploads\/2022\/10\/logobu.png\" \/>\n\t\t<meta property=\"og:image:width\" content=\"200\" \/>\n\t\t<meta property=\"og:image:height\" content=\"200\" \/>\n\t\t<meta property=\"article:published_time\" content=\"2020-04-30T19:31:56+00:00\" \/>\n\t\t<meta property=\"article:modified_time\" content=\"2026-02-22T11:19:50+00:00\" \/>\n\t\t<meta property=\"article:publisher\" content=\"https:\/\/facebook.com\/https:\/\/www.facebook.com\/bunurimag\" \/>\n\t\t<meta name=\"twitter:card\" content=\"summary\" \/>\n\t\t<meta name=\"twitter:site\" content=\"@https:\" \/>\n\t\t<meta name=\"twitter:title\" content=\"WEIMA WM1100BE, motobloc diezel, racire cu aer 9 c. p.\" \/>\n\t\t<meta name=\"twitter:description\" content=\"Destinat pentru opera\u021biuni pe termen lung \u0219i la scar\u0103 larg\u0103. Potrivit pentru af\u00e2narea solului, arat \u0219i transportul m\u0103rfurilor.arat, \u00eendep\u0103rtarea z\u0103pezii.\" \/>\n\t\t<meta name=\"twitter:image\" content=\"https:\/\/bunuri.md\/wp-content\/uploads\/2022\/10\/logobu.png\" \/>\n\t\t<script type=\"application\/ld+json\" class=\"aioseo-schema\">\n\t\t\t{\"@context\":\"https:\\\/\\\/schema.org\",\"@graph\":[{\"@type\":\"BreadcrumbList\",\"@id\":\"https:\\\/\\\/bunuri.md\\\/ro\\\/shop\\\/weima-wm1100be-motobloc-diezel-racire-cu-aer-9-c-p\\\/#breadcrumblist\",\"itemListElement\":[{\"@type\":\"ListItem\",\"@id\":\"https:\\\/\\\/bunuri.md\\\/ro\\\/#listItem\",\"position\":1,\"name\":\"Home\",\"item\":\"https:\\\/\\\/bunuri.md\\\/ro\\\/\",\"nextItem\":{\"@type\":\"ListItem\",\"@id\":\"https:\\\/\\\/bunuri.md\\\/ro\\\/shop-2\\\/#listItem\",\"name\":\"Magazin\"}},{\"@type\":\"ListItem\",\"@id\":\"https:\\\/\\\/bunuri.md\\\/ro\\\/shop-2\\\/#listItem\",\"position\":2,\"name\":\"Magazin\",\"item\":\"https:\\\/\\\/bunuri.md\\\/ro\\\/shop-2\\\/\",\"nextItem\":{\"@type\":\"ListItem\",\"@id\":\"https:\\\/\\\/bunuri.md\\\/ro\\\/product-category\\\/motoblocuri-minitractore\\\/#listItem\",\"name\":\"Motoblocuri, mini tractoare\"},\"previousItem\":{\"@type\":\"ListItem\",\"@id\":\"https:\\\/\\\/bunuri.md\\\/ro\\\/#listItem\",\"name\":\"Home\"}},{\"@type\":\"ListItem\",\"@id\":\"https:\\\/\\\/bunuri.md\\\/ro\\\/product-category\\\/motoblocuri-minitractore\\\/#listItem\",\"position\":3,\"name\":\"Motoblocuri, mini tractoare\",\"item\":\"https:\\\/\\\/bunuri.md\\\/ro\\\/product-category\\\/motoblocuri-minitractore\\\/\",\"nextItem\":{\"@type\":\"ListItem\",\"@id\":\"https:\\\/\\\/bunuri.md\\\/ro\\\/shop\\\/weima-wm1100be-motobloc-diezel-racire-cu-aer-9-c-p\\\/#listItem\",\"name\":\"WEIMA WM1100BE, motobloc diezel, racire cu aer 9 c. p.\"},\"previousItem\":{\"@type\":\"ListItem\",\"@id\":\"https:\\\/\\\/bunuri.md\\\/ro\\\/shop-2\\\/#listItem\",\"name\":\"Magazin\"}},{\"@type\":\"ListItem\",\"@id\":\"https:\\\/\\\/bunuri.md\\\/ro\\\/shop\\\/weima-wm1100be-motobloc-diezel-racire-cu-aer-9-c-p\\\/#listItem\",\"position\":4,\"name\":\"WEIMA WM1100BE, motobloc diezel, racire cu aer 9 c. p.\",\"previousItem\":{\"@type\":\"ListItem\",\"@id\":\"https:\\\/\\\/bunuri.md\\\/ro\\\/product-category\\\/motoblocuri-minitractore\\\/#listItem\",\"name\":\"Motoblocuri, mini tractoare\"}}]},{\"@type\":\"ItemPage\",\"@id\":\"https:\\\/\\\/bunuri.md\\\/ro\\\/shop\\\/weima-wm1100be-motobloc-diezel-racire-cu-aer-9-c-p\\\/#itempage\",\"url\":\"https:\\\/\\\/bunuri.md\\\/ro\\\/shop\\\/weima-wm1100be-motobloc-diezel-racire-cu-aer-9-c-p\\\/\",\"name\":\"WEIMA WM1100BE, motobloc diezel, racire cu aer 9 c. p.\",\"description\":\"Destinat pentru opera\\u021biuni pe termen lung \\u0219i la scar\\u0103 larg\\u0103. Potrivit pentru af\\u00e2narea solului, arat \\u0219i transportul m\\u0103rfurilor.arat, \\u00eendep\\u0103rtarea z\\u0103pezii.\",\"inLanguage\":\"ro-RO\",\"isPartOf\":{\"@id\":\"https:\\\/\\\/bunuri.md\\\/ro\\\/#website\"},\"breadcrumb\":{\"@id\":\"https:\\\/\\\/bunuri.md\\\/ro\\\/shop\\\/weima-wm1100be-motobloc-diezel-racire-cu-aer-9-c-p\\\/#breadcrumblist\"},\"image\":{\"@type\":\"ImageObject\",\"url\":\"https:\\\/\\\/bunuri.md\\\/wp-content\\\/uploads\\\/2020\\\/04\\\/wm1100be.jpg\",\"@id\":\"https:\\\/\\\/bunuri.md\\\/ro\\\/shop\\\/weima-wm1100be-motobloc-diezel-racire-cu-aer-9-c-p\\\/#mainImage\",\"width\":453,\"height\":658,\"caption\":\"wm1100be\"},\"primaryImageOfPage\":{\"@id\":\"https:\\\/\\\/bunuri.md\\\/ro\\\/shop\\\/weima-wm1100be-motobloc-diezel-racire-cu-aer-9-c-p\\\/#mainImage\"},\"datePublished\":\"2020-04-30T22:31:56+03:00\",\"dateModified\":\"2026-02-22T14:19:50+03:00\"},{\"@type\":\"Organization\",\"@id\":\"https:\\\/\\\/bunuri.md\\\/ro\\\/#organization\",\"name\":\"\\u00centreprinderea Individual\\u0103 \\\"Buldumac Aliona\\\"\",\"description\":\"\\u0418\\u041f \\u00ab\\u0411\\u0443\\u043b\\u0434\\u0443\\u043c\\u0430\\u043a \\u0410\\u043b\\u0435\\u043d\\u0430\\u00bb - \\u044d\\u0442\\u043e \\u043d\\u0430\\u0434\\u0451\\u0436\\u043d\\u044b\\u0439 \\u0438 \\u043e\\u0440\\u0438\\u0435\\u043d\\u0442\\u0438\\u0440\\u043e\\u0432\\u0430\\u043d\\u043d\\u044b\\u0439 \\u043d\\u0430 \\u043a\\u043b\\u0438\\u0435\\u043d\\u0442\\u0430 \\u0431\\u0438\\u0437\\u043d\\u0435\\u0441, \\u043f\\u0440\\u0435\\u0434\\u043b\\u0430\\u0433\\u0430\\u044e\\u0449\\u0438\\u0439 \\u043a\\u0430\\u0447\\u0435\\u0441\\u0442\\u0432\\u0435\\u043d\\u043d\\u044b\\u0435 \\u0442\\u043e\\u0432\\u0430\\u0440\\u044b, \\u0443\\u0441\\u043b\\u0443\\u0433\\u0438 \\u0441 \\u0430\\u043a\\u0446\\u0435\\u043d\\u0442\\u043e\\u043c \\u043d\\u0430 \\u043f\\u0440\\u0430\\u043a\\u0442\\u0438\\u0447\\u043d\\u043e\\u0441\\u0442\\u044c \\u0438 \\u0447\\u0435\\u0441\\u0442\\u043d\\u044b\\u0439 \\u043f\\u043e\\u0434\\u0445\\u043e\\u0434.\",\"url\":\"https:\\\/\\\/bunuri.md\\\/ro\\\/\",\"email\":\"bunuri.md@gmail.com\",\"telephone\":\"+37379512557\",\"foundingDate\":\"2006-09-27\",\"numberOfEmployees\":{\"@type\":\"QuantitativeValue\",\"minValue\":0,\"maxValue\":4},\"logo\":{\"@type\":\"ImageObject\",\"url\":\"https:\\\/\\\/bunuri.md\\\/wp-content\\\/uploads\\\/2022\\\/08\\\/logo-bunuri.png\",\"@id\":\"https:\\\/\\\/bunuri.md\\\/ro\\\/shop\\\/weima-wm1100be-motobloc-diezel-racire-cu-aer-9-c-p\\\/#organizationLogo\",\"width\":250,\"height\":250},\"image\":{\"@id\":\"https:\\\/\\\/bunuri.md\\\/ro\\\/shop\\\/weima-wm1100be-motobloc-diezel-racire-cu-aer-9-c-p\\\/#organizationLogo\"},\"sameAs\":[\"https:\\\/\\\/facebook.com\\\/https:\\\/\\\/www.facebook.com\\\/bunurimag\",\"https:\\\/\\\/x.com\\\/https:\\\/\\\/www.facebook.com\\\/bunurimag\",\"https:\\\/\\\/instagram.com\\\/https:\\\/\\\/www.facebook.com\\\/bunurimag\",\"https:\\\/\\\/pinterest.com\\\/https:\\\/\\\/www.facebook.com\\\/bunurimag\",\"https:\\\/\\\/youtube.com\\\/https:\\\/\\\/www.facebook.com\\\/bunurimag\",\"https:\\\/\\\/linkedin.com\\\/in\\\/https:\\\/\\\/www.facebook.com\\\/bunurimag\",\"https:\\\/\\\/soundcloud.com\\\/https:\\\/\\\/www.facebook.com\\\/bunurimag\"],\"address\":{\"@id\":\"https:\\\/\\\/bunuri.md\\\/ro\\\/#postaladdress\",\"@type\":\"PostalAddress\",\"streetAddress\":\"\\u0420. \\u041c\\u043e\\u043b\\u0434\\u043e\\u0432\\u0430, \\u0433. \\u0425\\u044b\\u043d\\u0447\\u0435\\u0448\\u0442\\u044b\",\"postalCode\":\"3401\",\"addressLocality\":\"\\u0425\\u044b\\u043d\\u0447\\u0435\\u0448\\u0442\\u044b\",\"addressRegion\":\"Moldova\",\"addressCountry\":\"MD\"}},{\"@type\":\"WebPage\",\"@id\":\"https:\\\/\\\/bunuri.md\\\/ro\\\/shop\\\/weima-wm1100be-motobloc-diezel-racire-cu-aer-9-c-p\\\/#webpage\",\"url\":\"https:\\\/\\\/bunuri.md\\\/ro\\\/shop\\\/weima-wm1100be-motobloc-diezel-racire-cu-aer-9-c-p\\\/\",\"name\":\"WEIMA WM1100BE, motobloc diezel, racire cu aer 9 c. p.\",\"description\":\"Destinat pentru opera\\u021biuni pe termen lung \\u0219i la scar\\u0103 larg\\u0103. Potrivit pentru af\\u00e2narea solului, arat \\u0219i transportul m\\u0103rfurilor.arat, \\u00eendep\\u0103rtarea z\\u0103pezii.\",\"inLanguage\":\"ro-RO\",\"isPartOf\":{\"@id\":\"https:\\\/\\\/bunuri.md\\\/ro\\\/#website\"},\"breadcrumb\":{\"@id\":\"https:\\\/\\\/bunuri.md\\\/ro\\\/shop\\\/weima-wm1100be-motobloc-diezel-racire-cu-aer-9-c-p\\\/#breadcrumblist\"},\"image\":{\"@type\":\"ImageObject\",\"url\":\"https:\\\/\\\/bunuri.md\\\/wp-content\\\/uploads\\\/2020\\\/04\\\/wm1100be.jpg\",\"@id\":\"https:\\\/\\\/bunuri.md\\\/ro\\\/shop\\\/weima-wm1100be-motobloc-diezel-racire-cu-aer-9-c-p\\\/#mainImage\",\"width\":453,\"height\":658,\"caption\":\"wm1100be\"},\"primaryImageOfPage\":{\"@id\":\"https:\\\/\\\/bunuri.md\\\/ro\\\/shop\\\/weima-wm1100be-motobloc-diezel-racire-cu-aer-9-c-p\\\/#mainImage\"},\"datePublished\":\"2020-04-30T22:31:56+03:00\",\"dateModified\":\"2026-02-22T14:19:50+03:00\"},{\"@type\":\"WebSite\",\"@id\":\"https:\\\/\\\/bunuri.md\\\/ro\\\/#website\",\"url\":\"https:\\\/\\\/bunuri.md\\\/ro\\\/\",\"name\":\"www.bunuri.md\",\"alternateName\":\"bunuri.md\",\"description\":\"Bunuri.md este un magazin online care livreaz\\u0103 \\u0219i comercializeaz\\u0103 o gam\\u0103 larg\\u0103 de m\\u0103rfuri de diverse categorii pe \\u00eentreg teritoriul Republicii Moldova.\",\"inLanguage\":\"ro-RO\",\"publisher\":{\"@id\":\"https:\\\/\\\/bunuri.md\\\/ro\\\/#organization\"}}]}\n\t\t<\/script>\n\t\t<!-- All in One SEO Pro -->\r\n\t\t<title>WEIMA WM1100BE, motobloc diezel, racire cu aer 9 c. p.<\/title>\n\n","aioseo_head_json":{"title":"WEIMA WM1100BE, motobloc diezel, racire cu aer 9 c. p.","description":"Destinat pentru opera\u021biuni pe termen lung \u0219i la scar\u0103 larg\u0103. Potrivit pentru af\u00e2narea solului, arat \u0219i transportul m\u0103rfurilor.arat, \u00eendep\u0103rtarea z\u0103pezii.","canonical_url":"https:\/\/bunuri.md\/ro\/shop\/weima-wm1100be-motobloc-diezel-racire-cu-aer-9-c-p\/","robots":"max-image-preview:large","keywords":"","webmasterTools":{"miscellaneous":""},"schema":{"@context":"https:\/\/schema.org","@graph":[{"@type":"BreadcrumbList","@id":"https:\/\/bunuri.md\/ro\/shop\/weima-wm1100be-motobloc-diezel-racire-cu-aer-9-c-p\/#breadcrumblist","itemListElement":[{"@type":"ListItem","@id":"https:\/\/bunuri.md\/ro\/#listItem","position":1,"name":"Home","item":"https:\/\/bunuri.md\/ro\/","nextItem":{"@type":"ListItem","@id":"https:\/\/bunuri.md\/ro\/shop-2\/#listItem","name":"Magazin"}},{"@type":"ListItem","@id":"https:\/\/bunuri.md\/ro\/shop-2\/#listItem","position":2,"name":"Magazin","item":"https:\/\/bunuri.md\/ro\/shop-2\/","nextItem":{"@type":"ListItem","@id":"https:\/\/bunuri.md\/ro\/product-category\/motoblocuri-minitractore\/#listItem","name":"Motoblocuri, mini tractoare"},"previousItem":{"@type":"ListItem","@id":"https:\/\/bunuri.md\/ro\/#listItem","name":"Home"}},{"@type":"ListItem","@id":"https:\/\/bunuri.md\/ro\/product-category\/motoblocuri-minitractore\/#listItem","position":3,"name":"Motoblocuri, mini tractoare","item":"https:\/\/bunuri.md\/ro\/product-category\/motoblocuri-minitractore\/","nextItem":{"@type":"ListItem","@id":"https:\/\/bunuri.md\/ro\/shop\/weima-wm1100be-motobloc-diezel-racire-cu-aer-9-c-p\/#listItem","name":"WEIMA WM1100BE, motobloc diezel, racire cu aer 9 c. p."},"previousItem":{"@type":"ListItem","@id":"https:\/\/bunuri.md\/ro\/shop-2\/#listItem","name":"Magazin"}},{"@type":"ListItem","@id":"https:\/\/bunuri.md\/ro\/shop\/weima-wm1100be-motobloc-diezel-racire-cu-aer-9-c-p\/#listItem","position":4,"name":"WEIMA WM1100BE, motobloc diezel, racire cu aer 9 c. p.","previousItem":{"@type":"ListItem","@id":"https:\/\/bunuri.md\/ro\/product-category\/motoblocuri-minitractore\/#listItem","name":"Motoblocuri, mini tractoare"}}]},{"@type":"ItemPage","@id":"https:\/\/bunuri.md\/ro\/shop\/weima-wm1100be-motobloc-diezel-racire-cu-aer-9-c-p\/#itempage","url":"https:\/\/bunuri.md\/ro\/shop\/weima-wm1100be-motobloc-diezel-racire-cu-aer-9-c-p\/","name":"WEIMA WM1100BE, motobloc diezel, racire cu aer 9 c. p.","description":"Destinat pentru opera\u021biuni pe termen lung \u0219i la scar\u0103 larg\u0103. Potrivit pentru af\u00e2narea solului, arat \u0219i transportul m\u0103rfurilor.arat, \u00eendep\u0103rtarea z\u0103pezii.","inLanguage":"ro-RO","isPartOf":{"@id":"https:\/\/bunuri.md\/ro\/#website"},"breadcrumb":{"@id":"https:\/\/bunuri.md\/ro\/shop\/weima-wm1100be-motobloc-diezel-racire-cu-aer-9-c-p\/#breadcrumblist"},"image":{"@type":"ImageObject","url":"https:\/\/bunuri.md\/wp-content\/uploads\/2020\/04\/wm1100be.jpg","@id":"https:\/\/bunuri.md\/ro\/shop\/weima-wm1100be-motobloc-diezel-racire-cu-aer-9-c-p\/#mainImage","width":453,"height":658,"caption":"wm1100be"},"primaryImageOfPage":{"@id":"https:\/\/bunuri.md\/ro\/shop\/weima-wm1100be-motobloc-diezel-racire-cu-aer-9-c-p\/#mainImage"},"datePublished":"2020-04-30T22:31:56+03:00","dateModified":"2026-02-22T14:19:50+03:00"},{"@type":"Organization","@id":"https:\/\/bunuri.md\/ro\/#organization","name":"\u00centreprinderea Individual\u0103 \"Buldumac Aliona\"","description":"\u0418\u041f \u00ab\u0411\u0443\u043b\u0434\u0443\u043c\u0430\u043a \u0410\u043b\u0435\u043d\u0430\u00bb - \u044d\u0442\u043e \u043d\u0430\u0434\u0451\u0436\u043d\u044b\u0439 \u0438 \u043e\u0440\u0438\u0435\u043d\u0442\u0438\u0440\u043e\u0432\u0430\u043d\u043d\u044b\u0439 \u043d\u0430 \u043a\u043b\u0438\u0435\u043d\u0442\u0430 \u0431\u0438\u0437\u043d\u0435\u0441, \u043f\u0440\u0435\u0434\u043b\u0430\u0433\u0430\u044e\u0449\u0438\u0439 \u043a\u0430\u0447\u0435\u0441\u0442\u0432\u0435\u043d\u043d\u044b\u0435 \u0442\u043e\u0432\u0430\u0440\u044b, \u0443\u0441\u043b\u0443\u0433\u0438 \u0441 \u0430\u043a\u0446\u0435\u043d\u0442\u043e\u043c \u043d\u0430 \u043f\u0440\u0430\u043a\u0442\u0438\u0447\u043d\u043e\u0441\u0442\u044c \u0438 \u0447\u0435\u0441\u0442\u043d\u044b\u0439 \u043f\u043e\u0434\u0445\u043e\u0434.","url":"https:\/\/bunuri.md\/ro\/","email":"bunuri.md@gmail.com","telephone":"+37379512557","foundingDate":"2006-09-27","numberOfEmployees":{"@type":"QuantitativeValue","minValue":0,"maxValue":4},"logo":{"@type":"ImageObject","url":"https:\/\/bunuri.md\/wp-content\/uploads\/2022\/08\/logo-bunuri.png","@id":"https:\/\/bunuri.md\/ro\/shop\/weima-wm1100be-motobloc-diezel-racire-cu-aer-9-c-p\/#organizationLogo","width":250,"height":250},"image":{"@id":"https:\/\/bunuri.md\/ro\/shop\/weima-wm1100be-motobloc-diezel-racire-cu-aer-9-c-p\/#organizationLogo"},"sameAs":["https:\/\/facebook.com\/https:\/\/www.facebook.com\/bunurimag","https:\/\/x.com\/https:\/\/www.facebook.com\/bunurimag","https:\/\/instagram.com\/https:\/\/www.facebook.com\/bunurimag","https:\/\/pinterest.com\/https:\/\/www.facebook.com\/bunurimag","https:\/\/youtube.com\/https:\/\/www.facebook.com\/bunurimag","https:\/\/linkedin.com\/in\/https:\/\/www.facebook.com\/bunurimag","https:\/\/soundcloud.com\/https:\/\/www.facebook.com\/bunurimag"],"address":{"@id":"https:\/\/bunuri.md\/ro\/#postaladdress","@type":"PostalAddress","streetAddress":"\u0420. \u041c\u043e\u043b\u0434\u043e\u0432\u0430, \u0433. \u0425\u044b\u043d\u0447\u0435\u0448\u0442\u044b","postalCode":"3401","addressLocality":"\u0425\u044b\u043d\u0447\u0435\u0448\u0442\u044b","addressRegion":"Moldova","addressCountry":"MD"}},{"@type":"WebPage","@id":"https:\/\/bunuri.md\/ro\/shop\/weima-wm1100be-motobloc-diezel-racire-cu-aer-9-c-p\/#webpage","url":"https:\/\/bunuri.md\/ro\/shop\/weima-wm1100be-motobloc-diezel-racire-cu-aer-9-c-p\/","name":"WEIMA WM1100BE, motobloc diezel, racire cu aer 9 c. p.","description":"Destinat pentru opera\u021biuni pe termen lung \u0219i la scar\u0103 larg\u0103. Potrivit pentru af\u00e2narea solului, arat \u0219i transportul m\u0103rfurilor.arat, \u00eendep\u0103rtarea z\u0103pezii.","inLanguage":"ro-RO","isPartOf":{"@id":"https:\/\/bunuri.md\/ro\/#website"},"breadcrumb":{"@id":"https:\/\/bunuri.md\/ro\/shop\/weima-wm1100be-motobloc-diezel-racire-cu-aer-9-c-p\/#breadcrumblist"},"image":{"@type":"ImageObject","url":"https:\/\/bunuri.md\/wp-content\/uploads\/2020\/04\/wm1100be.jpg","@id":"https:\/\/bunuri.md\/ro\/shop\/weima-wm1100be-motobloc-diezel-racire-cu-aer-9-c-p\/#mainImage","width":453,"height":658,"caption":"wm1100be"},"primaryImageOfPage":{"@id":"https:\/\/bunuri.md\/ro\/shop\/weima-wm1100be-motobloc-diezel-racire-cu-aer-9-c-p\/#mainImage"},"datePublished":"2020-04-30T22:31:56+03:00","dateModified":"2026-02-22T14:19:50+03:00"},{"@type":"WebSite","@id":"https:\/\/bunuri.md\/ro\/#website","url":"https:\/\/bunuri.md\/ro\/","name":"www.bunuri.md","alternateName":"bunuri.md","description":"Bunuri.md este un magazin online care livreaz\u0103 \u0219i comercializeaz\u0103 o gam\u0103 larg\u0103 de m\u0103rfuri de diverse categorii pe \u00eentreg teritoriul Republicii Moldova.","inLanguage":"ro-RO","publisher":{"@id":"https:\/\/bunuri.md\/ro\/#organization"}}]},"og:locale":"ro_RO","og:site_name":"\u0418\u043d\u0442\u0435\u0440\u043d\u0435\u0442 \u043c\u0430\u0433\u0430\u0437\u0438\u043d \u041c\u043e\u043b\u0434\u043e\u0432\u0430 | Bunuri.md este un magazin online care livreaz\u0103 \u0219i comercializeaz\u0103 o gam\u0103 larg\u0103 de m\u0103rfuri de diverse categorii pe \u00eentreg teritoriul Republicii Moldova.","og:type":"article","og:title":"WEIMA WM1100BE, motobloc diezel, racire cu aer 9 c. p.","og:description":"Destinat pentru opera\u021biuni pe termen lung \u0219i la scar\u0103 larg\u0103. Potrivit pentru af\u00e2narea solului, arat \u0219i transportul m\u0103rfurilor.arat, \u00eendep\u0103rtarea z\u0103pezii.","og:url":"https:\/\/bunuri.md\/ro\/shop\/weima-wm1100be-motobloc-diezel-racire-cu-aer-9-c-p\/","og:image":"https:\/\/bunuri.md\/wp-content\/uploads\/2022\/10\/logobu.png","og:image:secure_url":"https:\/\/bunuri.md\/wp-content\/uploads\/2022\/10\/logobu.png","og:image:width":200,"og:image:height":200,"article:published_time":"2020-04-30T19:31:56+00:00","article:modified_time":"2026-02-22T11:19:50+00:00","article:publisher":"https:\/\/facebook.com\/https:\/\/www.facebook.com\/bunurimag","twitter:card":"summary","twitter:site":"@https:","twitter:title":"WEIMA WM1100BE, motobloc diezel, racire cu aer 9 c. p.","twitter:description":"Destinat pentru opera\u021biuni pe termen lung \u0219i la scar\u0103 larg\u0103. Potrivit pentru af\u00e2narea solului, arat \u0219i transportul m\u0103rfurilor.arat, \u00eendep\u0103rtarea z\u0103pezii.","twitter:image":"https:\/\/bunuri.md\/wp-content\/uploads\/2022\/10\/logobu.png"},"aioseo_meta_data":{"post_id":"12834","title":"WEIMA WM1100BE, motobloc diezel, racire cu aer 9 c. p.","description":"Destinat pentru opera\u021biuni pe termen lung \u0219i la scar\u0103 larg\u0103. Potrivit pentru af\u00e2narea solului, arat \u0219i transportul m\u0103rfurilor.arat, \u00eendep\u0103rtarea z\u0103pezii.","keywords":null,"keyphrases":{"focus":{"keyphrase":"","score":0,"analysis":{"keyphraseInTitle":{"score":0,"maxScore":9,"error":1}}},"additional":[]},"primary_term":null,"canonical_url":null,"og_title":null,"og_description":null,"og_object_type":"default","og_image_type":"default","og_image_url":null,"og_image_width":null,"og_image_height":null,"og_image_custom_url":null,"og_image_custom_fields":null,"og_video":"","og_custom_url":null,"og_article_section":null,"og_article_tags":null,"twitter_use_og":false,"twitter_card":"default","twitter_image_type":"default","twitter_image_url":null,"twitter_image_custom_url":null,"twitter_image_custom_fields":null,"twitter_title":null,"twitter_description":null,"schema":{"blockGraphs":[],"customGraphs":[],"default":{"data":{"Article":[],"Course":[],"Dataset":[],"FAQPage":[],"Movie":[],"Person":[],"Product":[],"ProductReview":[],"Car":[],"Recipe":[],"Service":[],"SoftwareApplication":[],"WebPage":[]},"graphName":"ItemPage","isEnabled":true},"graphs":[]},"schema_type":"default","schema_type_options":null,"pillar_content":false,"robots_default":true,"robots_noindex":false,"robots_noarchive":false,"robots_nosnippet":false,"robots_nofollow":false,"robots_noimageindex":false,"robots_noodp":false,"robots_notranslate":false,"robots_max_snippet":"-1","robots_max_videopreview":"-1","robots_max_imagepreview":"large","priority":null,"frequency":"default","local_seo":null,"seo_analyzer_scan_date":null,"breadcrumb_settings":null,"limit_modified_date":false,"reviewed_by":"0","open_ai":null,"ai":{"faqs":[],"keyPoints":[],"titles":[],"descriptions":[],"socialPosts":{"email":[],"linkedin":[],"twitter":[],"facebook":[],"instagram":[]}},"created":"2026-02-22 11:01:56","updated":"2026-02-22 11:35:33"},"aioseo_breadcrumb":"<div class=\"aioseo-breadcrumbs\"><span class=\"aioseo-breadcrumb\">\n\t<a href=\"https:\/\/bunuri.md\/ro\/\" title=\"Home\">Home<\/a>\n<\/span><span class=\"aioseo-breadcrumb-separator\">\u00bb<\/span><span class=\"aioseo-breadcrumb\">\n\t<a href=\"https:\/\/bunuri.md\/ro\/shop-2\/\" title=\"Magazin\">Magazin<\/a>\n<\/span><span class=\"aioseo-breadcrumb-separator\">\u00bb<\/span><span class=\"aioseo-breadcrumb\">\n\t<a href=\"https:\/\/bunuri.md\/ro\/product-category\/motoblocuri-minitractore\/\" title=\"Motoblocuri, mini tractoare\">Motoblocuri, mini tractoare<\/a>\n<\/span><span class=\"aioseo-breadcrumb-separator\">\u00bb<\/span><span class=\"aioseo-breadcrumb\">\n\tWEIMA WM1100BE, motobloc diezel, racire cu aer 9 c. p.\n<\/span><\/div>","aioseo_breadcrumb_json":[{"label":"Home","link":"https:\/\/bunuri.md\/ro\/"},{"label":"Magazin","link":"https:\/\/bunuri.md\/ro\/shop-2\/"},{"label":"Motoblocuri, mini tractoare","link":"https:\/\/bunuri.md\/ro\/product-category\/motoblocuri-minitractore\/"},{"label":"WEIMA WM1100BE, motobloc diezel, racire cu aer 9 c. p.","link":"https:\/\/bunuri.md\/ro\/shop\/weima-wm1100be-motobloc-diezel-racire-cu-aer-9-c-p\/"}],"brands":[],"_links":{"self":[{"href":"https:\/\/bunuri.md\/ro\/wp-json\/wp\/v2\/product\/12834","targetHints":{"allow":["GET"]}}],"collection":[{"href":"https:\/\/bunuri.md\/ro\/wp-json\/wp\/v2\/product"}],"about":[{"href":"https:\/\/bunuri.md\/ro\/wp-json\/wp\/v2\/types\/product"}],"replies":[{"embeddable":true,"href":"https:\/\/bunuri.md\/ro\/wp-json\/wp\/v2\/comments?post=12834"}],"wp:featuredmedia":[{"embeddable":true,"href":"https:\/\/bunuri.md\/ro\/wp-json\/wp\/v2\/media\/2147"}],"wp:attachment":[{"href":"https:\/\/bunuri.md\/ro\/wp-json\/wp\/v2\/media?parent=12834"}],"wp:term":[{"taxonomy":"pwb-brand","embeddable":true,"href":"https:\/\/bunuri.md\/ro\/wp-json\/wp\/v2\/pwb-brand?post=12834"},{"taxonomy":"product_brand","embeddable":true,"href":"https:\/\/bunuri.md\/ro\/wp-json\/wp\/v2\/product_brand?post=12834"},{"taxonomy":"product_cat","embeddable":true,"href":"https:\/\/bunuri.md\/ro\/wp-json\/wp\/v2\/product_cat?post=12834"},{"taxonomy":"product_tag","embeddable":true,"href":"https:\/\/bunuri.md\/ro\/wp-json\/wp\/v2\/product_tag?post=12834"}],"curies":[{"name":"wp","href":"https:\/\/api.w.org\/{rel}","templated":true}]}}