{"id":13097,"date":"2026-04-14T22:19:51","date_gmt":"2026-04-14T19:19:51","guid":{"rendered":"https:\/\/bunuri.md\/?post_type=product&#038;p=13097"},"modified":"2026-04-16T21:30:54","modified_gmt":"2026-04-16T18:30:54","slug":"filtru-de-aer-in-baie-de-ulei-pentru-motoare-zs-zh1115","status":"publish","type":"product","link":"https:\/\/bunuri.md\/ro\/shop\/filtru-de-aer-in-baie-de-ulei-pentru-motoare-zs-zh1115\/","title":{"rendered":"Filtru de aer \u00een baie de ulei pentru motoare ZS\/ZH1115"},"content":{"rendered":"<p><strong>Filtrul de aer \u00een baie de ulei pentru motoarele ZS\/ZH1115<\/strong> &#8211; este conceput pentru a cur\u0103\u021ba eficient aerul care intr\u0103 \u00een motorul unui mini tractor cu motor diesel 1115. Designul \u00een baie de ulei ofer\u0103 o protec\u021bie suplimentar\u0103 a motorului \u00eempotriva prafului, murd\u0103riei \u0219i particulelor abrazive mici, \u00een special atunci c\u00e2nd func\u021bioneaz\u0103 \u00een condi\u021bii de praf.<a href=\"https:\/\/bunuri.md\/ro\/product-category\/piese-pentru-motoblocuri\/\">https:\/\/bunuri.md\/ro\/product-category\/piese-pentru-motoblocuri\/<\/a><\/p>\n<p>Acest filtru func\u021bioneaz\u0103 prin trecerea aerului printr-o baie de ulei, unde particulele de murd\u0103rie de dimensiuni mari \u0219i medii se depun \u00een ulei, dup\u0103 care aerul este cur\u0103\u021bat \u00een continuare \u00een interiorul carcasei filtrului. Acest lucru \u00eembun\u0103t\u0103\u021be\u0219te purificarea aerului \u0219i reduce riscul de p\u0103trundere a prafului \u00een motor.<\/p>\n<p>Pentru a asigura func\u021bionarea corect\u0103 a filtrului, este necesar s\u0103 verifica\u021bi periodic nivelul \u0219i starea uleiului din baia de ulei \u0219i s\u0103 cur\u0103\u021ba\u021bi prompt filtrul de contaminan\u021bii acumula\u021bi.<\/p>\n<p><strong>Specifica\u021bii:<\/strong><\/p>\n<ul>\n<li><strong>Tip pies\u0103:<\/strong> Ansamblu filtru de aer.<\/li>\n<li><strong>Tip filtru:<\/strong> Ulei, baie de ulei.<\/li>\n<li><strong>Scop:<\/strong> Purificarea aerului \u00een sistemul de admisie.<\/li>\n<li><strong>Material carcas\u0103:<\/strong> Metal.<\/li>\n<li><strong>Diametru orificiu de admisie:<\/strong> 57 mm.<\/li>\n<li><strong>\u00cen\u0103l\u021bime filtru:<\/strong> 410 mm.<\/li>\n<li><strong>Diametru baie de ulei:<\/strong> 140 mm.<\/li>\n<li><strong>Distan\u021ba dintre \u0219uruburile de montare:<\/strong> 80 mm.<\/li>\n<\/ul>\n","protected":false},"excerpt":{"rendered":"<p>Protejaza suplimentar \u0219i eficient motorul \u00eempotriva murd\u0103riei \u0219i particulelor abrazive mici, \u00een special la utilizarea echipamentelor \u00een condi\u021bii de praf intens<\/p>\n","protected":false},"featured_media":13066,"comment_status":"closed","ping_status":"closed","template":"","meta":{"om_disable_all_campaigns":false},"pwb-brand":[],"product_brand":[],"product_cat":[384],"product_tag":[],"class_list":{"0":"post-13097","1":"product","2":"type-product","3":"status-publish","4":"has-post-thumbnail","6":"product_cat-piese-pentru-motoblocuri","8":"first","9":"instock","10":"purchasable","11":"product-type-simple"},"aioseo_notices":[],"aioseo_head":"\n\t\t<!-- All in One SEO Pro 4.9.6.1 - aioseo.com -->\n\t<meta name=\"description\" content=\"Protejaza suplimentar \u0219i eficient motorul \u00eempotriva murd\u0103riei \u0219i particulelor abrazive mici, \u00een special la utilizarea echipamentelor \u00een condi\u021bii de praf intens\" \/>\n\t<meta name=\"robots\" content=\"max-image-preview:large\" \/>\n\t<link rel=\"canonical\" href=\"https:\/\/bunuri.md\/ro\/shop\/filtru-de-aer-in-baie-de-ulei-pentru-motoare-zs-zh1115\/\" \/>\n\t<meta name=\"generator\" content=\"All in One SEO Pro (AIOSEO) 4.9.6.1\" \/>\n\t\t<meta property=\"og:locale\" content=\"ro_RO\" \/>\n\t\t<meta property=\"og:site_name\" content=\"\u0418\u043d\u0442\u0435\u0440\u043d\u0435\u0442 \u043c\u0430\u0433\u0430\u0437\u0438\u043d \u041c\u043e\u043b\u0434\u043e\u0432\u0430 | Bunuri.md este un magazin online care livreaz\u0103 \u0219i comercializeaz\u0103 o gam\u0103 larg\u0103 de m\u0103rfuri de diverse categorii pe \u00eentreg teritoriul Republicii Moldova.\" \/>\n\t\t<meta property=\"og:type\" content=\"article\" \/>\n\t\t<meta property=\"og:title\" content=\"Filtru de aer \u00een baie de ulei pentru motoare ZS\/ZH1115\" \/>\n\t\t<meta property=\"og:description\" content=\"Protejaza suplimentar \u0219i eficient motorul \u00eempotriva murd\u0103riei \u0219i particulelor abrazive mici, \u00een special la utilizarea echipamentelor \u00een condi\u021bii de praf intens\" \/>\n\t\t<meta property=\"og:url\" content=\"https:\/\/bunuri.md\/ro\/shop\/filtru-de-aer-in-baie-de-ulei-pentru-motoare-zs-zh1115\/\" \/>\n\t\t<meta property=\"og:image\" content=\"https:\/\/bunuri.md\/wp-content\/uploads\/2022\/10\/logobu.png\" \/>\n\t\t<meta property=\"og:image:secure_url\" content=\"https:\/\/bunuri.md\/wp-content\/uploads\/2022\/10\/logobu.png\" \/>\n\t\t<meta property=\"og:image:width\" content=\"200\" \/>\n\t\t<meta property=\"og:image:height\" content=\"200\" \/>\n\t\t<meta property=\"article:published_time\" content=\"2026-04-14T19:19:51+00:00\" \/>\n\t\t<meta property=\"article:modified_time\" content=\"2026-04-16T18:30:54+00:00\" \/>\n\t\t<meta property=\"article:publisher\" content=\"https:\/\/facebook.com\/https:\/\/www.facebook.com\/bunurimag\" \/>\n\t\t<meta name=\"twitter:card\" content=\"summary\" \/>\n\t\t<meta name=\"twitter:site\" content=\"@https:\" \/>\n\t\t<meta name=\"twitter:title\" content=\"Filtru de aer \u00een baie de ulei pentru motoare ZS\/ZH1115\" \/>\n\t\t<meta name=\"twitter:description\" content=\"Protejaza suplimentar \u0219i eficient motorul \u00eempotriva murd\u0103riei \u0219i particulelor abrazive mici, \u00een special la utilizarea echipamentelor \u00een condi\u021bii de praf intens\" \/>\n\t\t<meta name=\"twitter:image\" content=\"https:\/\/bunuri.md\/wp-content\/uploads\/2022\/10\/logobu.png\" \/>\n\t\t<script type=\"application\/ld+json\" class=\"aioseo-schema\">\n\t\t\t{\"@context\":\"https:\\\/\\\/schema.org\",\"@graph\":[{\"@type\":\"BreadcrumbList\",\"@id\":\"https:\\\/\\\/bunuri.md\\\/ro\\\/shop\\\/filtru-de-aer-in-baie-de-ulei-pentru-motoare-zs-zh1115\\\/#breadcrumblist\",\"itemListElement\":[{\"@type\":\"ListItem\",\"@id\":\"https:\\\/\\\/bunuri.md\\\/ro\\\/#listItem\",\"position\":1,\"name\":\"Home\",\"item\":\"https:\\\/\\\/bunuri.md\\\/ro\\\/\",\"nextItem\":{\"@type\":\"ListItem\",\"@id\":\"https:\\\/\\\/bunuri.md\\\/ro\\\/shop-2\\\/#listItem\",\"name\":\"Magazin\"}},{\"@type\":\"ListItem\",\"@id\":\"https:\\\/\\\/bunuri.md\\\/ro\\\/shop-2\\\/#listItem\",\"position\":2,\"name\":\"Magazin\",\"item\":\"https:\\\/\\\/bunuri.md\\\/ro\\\/shop-2\\\/\",\"nextItem\":{\"@type\":\"ListItem\",\"@id\":\"https:\\\/\\\/bunuri.md\\\/ro\\\/product-category\\\/piese-pentru-motoblocuri\\\/#listItem\",\"name\":\"Piese de schimb pentru tractoare \\u0219i motoblocuri\"},\"previousItem\":{\"@type\":\"ListItem\",\"@id\":\"https:\\\/\\\/bunuri.md\\\/ro\\\/#listItem\",\"name\":\"Home\"}},{\"@type\":\"ListItem\",\"@id\":\"https:\\\/\\\/bunuri.md\\\/ro\\\/product-category\\\/piese-pentru-motoblocuri\\\/#listItem\",\"position\":3,\"name\":\"Piese de schimb pentru tractoare \\u0219i motoblocuri\",\"item\":\"https:\\\/\\\/bunuri.md\\\/ro\\\/product-category\\\/piese-pentru-motoblocuri\\\/\",\"nextItem\":{\"@type\":\"ListItem\",\"@id\":\"https:\\\/\\\/bunuri.md\\\/ro\\\/shop\\\/filtru-de-aer-in-baie-de-ulei-pentru-motoare-zs-zh1115\\\/#listItem\",\"name\":\"Filtru de aer \\u00een baie de ulei pentru motoare ZS\\\/ZH1115\"},\"previousItem\":{\"@type\":\"ListItem\",\"@id\":\"https:\\\/\\\/bunuri.md\\\/ro\\\/shop-2\\\/#listItem\",\"name\":\"Magazin\"}},{\"@type\":\"ListItem\",\"@id\":\"https:\\\/\\\/bunuri.md\\\/ro\\\/shop\\\/filtru-de-aer-in-baie-de-ulei-pentru-motoare-zs-zh1115\\\/#listItem\",\"position\":4,\"name\":\"Filtru de aer \\u00een baie de ulei pentru motoare ZS\\\/ZH1115\",\"previousItem\":{\"@type\":\"ListItem\",\"@id\":\"https:\\\/\\\/bunuri.md\\\/ro\\\/product-category\\\/piese-pentru-motoblocuri\\\/#listItem\",\"name\":\"Piese de schimb pentru tractoare \\u0219i motoblocuri\"}}]},{\"@type\":\"ItemPage\",\"@id\":\"https:\\\/\\\/bunuri.md\\\/ro\\\/shop\\\/filtru-de-aer-in-baie-de-ulei-pentru-motoare-zs-zh1115\\\/#itempage\",\"url\":\"https:\\\/\\\/bunuri.md\\\/ro\\\/shop\\\/filtru-de-aer-in-baie-de-ulei-pentru-motoare-zs-zh1115\\\/\",\"name\":\"Filtru de aer \\u00een baie de ulei pentru motoare ZS\\\/ZH1115\",\"description\":\"Protejaza suplimentar \\u0219i eficient motorul \\u00eempotriva murd\\u0103riei \\u0219i particulelor abrazive mici, \\u00een special la utilizarea echipamentelor \\u00een condi\\u021bii de praf intens\",\"inLanguage\":\"ro-RO\",\"isPartOf\":{\"@id\":\"https:\\\/\\\/bunuri.md\\\/ro\\\/#website\"},\"breadcrumb\":{\"@id\":\"https:\\\/\\\/bunuri.md\\\/ro\\\/shop\\\/filtru-de-aer-in-baie-de-ulei-pentru-motoare-zs-zh1115\\\/#breadcrumblist\"},\"image\":{\"@type\":\"ImageObject\",\"url\":\"https:\\\/\\\/bunuri.md\\\/wp-content\\\/uploads\\\/2026\\\/04\\\/Filtru_De_Aer_1115_1.png\",\"@id\":\"https:\\\/\\\/bunuri.md\\\/ro\\\/shop\\\/filtru-de-aer-in-baie-de-ulei-pentru-motoare-zs-zh1115\\\/#mainImage\",\"width\":600,\"height\":600,\"caption\":\"Filtru_De_Aer_1115_1\"},\"primaryImageOfPage\":{\"@id\":\"https:\\\/\\\/bunuri.md\\\/ro\\\/shop\\\/filtru-de-aer-in-baie-de-ulei-pentru-motoare-zs-zh1115\\\/#mainImage\"},\"datePublished\":\"2026-04-14T22:19:51+03:00\",\"dateModified\":\"2026-04-16T21:30:54+03:00\"},{\"@type\":\"Organization\",\"@id\":\"https:\\\/\\\/bunuri.md\\\/ro\\\/#organization\",\"name\":\"\\u00centreprinderea Individual\\u0103 \\\"Buldumac Aliona\\\"\",\"description\":\"\\u0418\\u041f \\u00ab\\u0411\\u0443\\u043b\\u0434\\u0443\\u043c\\u0430\\u043a \\u0410\\u043b\\u0435\\u043d\\u0430\\u00bb - \\u044d\\u0442\\u043e \\u043d\\u0430\\u0434\\u0451\\u0436\\u043d\\u044b\\u0439 \\u0438 \\u043e\\u0440\\u0438\\u0435\\u043d\\u0442\\u0438\\u0440\\u043e\\u0432\\u0430\\u043d\\u043d\\u044b\\u0439 \\u043d\\u0430 \\u043a\\u043b\\u0438\\u0435\\u043d\\u0442\\u0430 \\u0431\\u0438\\u0437\\u043d\\u0435\\u0441, \\u043f\\u0440\\u0435\\u0434\\u043b\\u0430\\u0433\\u0430\\u044e\\u0449\\u0438\\u0439 \\u043a\\u0430\\u0447\\u0435\\u0441\\u0442\\u0432\\u0435\\u043d\\u043d\\u044b\\u0435 \\u0442\\u043e\\u0432\\u0430\\u0440\\u044b, \\u0443\\u0441\\u043b\\u0443\\u0433\\u0438 \\u0441 \\u0430\\u043a\\u0446\\u0435\\u043d\\u0442\\u043e\\u043c \\u043d\\u0430 \\u043f\\u0440\\u0430\\u043a\\u0442\\u0438\\u0447\\u043d\\u043e\\u0441\\u0442\\u044c \\u0438 \\u0447\\u0435\\u0441\\u0442\\u043d\\u044b\\u0439 \\u043f\\u043e\\u0434\\u0445\\u043e\\u0434.\",\"url\":\"https:\\\/\\\/bunuri.md\\\/ro\\\/\",\"email\":\"bunuri.md@gmail.com\",\"telephone\":\"+37379512557\",\"foundingDate\":\"2006-09-27\",\"numberOfEmployees\":{\"@type\":\"QuantitativeValue\",\"minValue\":0,\"maxValue\":4},\"logo\":{\"@type\":\"ImageObject\",\"url\":\"https:\\\/\\\/bunuri.md\\\/wp-content\\\/uploads\\\/2022\\\/08\\\/logo-bunuri.png\",\"@id\":\"https:\\\/\\\/bunuri.md\\\/ro\\\/shop\\\/filtru-de-aer-in-baie-de-ulei-pentru-motoare-zs-zh1115\\\/#organizationLogo\",\"width\":250,\"height\":250},\"image\":{\"@id\":\"https:\\\/\\\/bunuri.md\\\/ro\\\/shop\\\/filtru-de-aer-in-baie-de-ulei-pentru-motoare-zs-zh1115\\\/#organizationLogo\"},\"sameAs\":[\"https:\\\/\\\/facebook.com\\\/https:\\\/\\\/www.facebook.com\\\/bunurimag\",\"https:\\\/\\\/x.com\\\/https:\\\/\\\/www.facebook.com\\\/bunurimag\",\"https:\\\/\\\/instagram.com\\\/https:\\\/\\\/www.facebook.com\\\/bunurimag\",\"https:\\\/\\\/pinterest.com\\\/https:\\\/\\\/www.facebook.com\\\/bunurimag\",\"https:\\\/\\\/youtube.com\\\/https:\\\/\\\/www.facebook.com\\\/bunurimag\",\"https:\\\/\\\/linkedin.com\\\/in\\\/https:\\\/\\\/www.facebook.com\\\/bunurimag\",\"https:\\\/\\\/soundcloud.com\\\/https:\\\/\\\/www.facebook.com\\\/bunurimag\"],\"address\":{\"@id\":\"https:\\\/\\\/bunuri.md\\\/ro\\\/#postaladdress\",\"@type\":\"PostalAddress\",\"streetAddress\":\"\\u0420. \\u041c\\u043e\\u043b\\u0434\\u043e\\u0432\\u0430, \\u0433. \\u0425\\u044b\\u043d\\u0447\\u0435\\u0448\\u0442\\u044b\",\"postalCode\":\"3401\",\"addressLocality\":\"\\u0425\\u044b\\u043d\\u0447\\u0435\\u0448\\u0442\\u044b\",\"addressRegion\":\"Moldova\",\"addressCountry\":\"MD\"}},{\"@type\":\"WebPage\",\"@id\":\"https:\\\/\\\/bunuri.md\\\/ro\\\/shop\\\/filtru-de-aer-in-baie-de-ulei-pentru-motoare-zs-zh1115\\\/#webpage\",\"url\":\"https:\\\/\\\/bunuri.md\\\/ro\\\/shop\\\/filtru-de-aer-in-baie-de-ulei-pentru-motoare-zs-zh1115\\\/\",\"name\":\"Filtru de aer \\u00een baie de ulei pentru motoare ZS\\\/ZH1115\",\"description\":\"Protejaza suplimentar \\u0219i eficient motorul \\u00eempotriva murd\\u0103riei \\u0219i particulelor abrazive mici, \\u00een special la utilizarea echipamentelor \\u00een condi\\u021bii de praf intens\",\"inLanguage\":\"ro-RO\",\"isPartOf\":{\"@id\":\"https:\\\/\\\/bunuri.md\\\/ro\\\/#website\"},\"breadcrumb\":{\"@id\":\"https:\\\/\\\/bunuri.md\\\/ro\\\/shop\\\/filtru-de-aer-in-baie-de-ulei-pentru-motoare-zs-zh1115\\\/#breadcrumblist\"},\"image\":{\"@type\":\"ImageObject\",\"url\":\"https:\\\/\\\/bunuri.md\\\/wp-content\\\/uploads\\\/2026\\\/04\\\/Filtru_De_Aer_1115_1.png\",\"@id\":\"https:\\\/\\\/bunuri.md\\\/ro\\\/shop\\\/filtru-de-aer-in-baie-de-ulei-pentru-motoare-zs-zh1115\\\/#mainImage\",\"width\":600,\"height\":600,\"caption\":\"Filtru_De_Aer_1115_1\"},\"primaryImageOfPage\":{\"@id\":\"https:\\\/\\\/bunuri.md\\\/ro\\\/shop\\\/filtru-de-aer-in-baie-de-ulei-pentru-motoare-zs-zh1115\\\/#mainImage\"},\"datePublished\":\"2026-04-14T22:19:51+03:00\",\"dateModified\":\"2026-04-16T21:30:54+03:00\"},{\"@type\":\"WebSite\",\"@id\":\"https:\\\/\\\/bunuri.md\\\/ro\\\/#website\",\"url\":\"https:\\\/\\\/bunuri.md\\\/ro\\\/\",\"name\":\"www.bunuri.md\",\"alternateName\":\"bunuri.md\",\"description\":\"Bunuri.md este un magazin online care livreaz\\u0103 \\u0219i comercializeaz\\u0103 o gam\\u0103 larg\\u0103 de m\\u0103rfuri de diverse categorii pe \\u00eentreg teritoriul Republicii Moldova.\",\"inLanguage\":\"ro-RO\",\"publisher\":{\"@id\":\"https:\\\/\\\/bunuri.md\\\/ro\\\/#organization\"}}]}\n\t\t<\/script>\n\t\t<!-- All in One SEO Pro -->\r\n\t\t<title>Filtru de aer \u00een baie de ulei pentru motoare ZS\/ZH1115<\/title>\n\n","aioseo_head_json":{"title":"Filtru de aer \u00een baie de ulei pentru motoare ZS\/ZH1115","description":"Protejaza suplimentar \u0219i eficient motorul \u00eempotriva murd\u0103riei \u0219i particulelor abrazive mici, \u00een special la utilizarea echipamentelor \u00een condi\u021bii de praf intens","canonical_url":"https:\/\/bunuri.md\/ro\/shop\/filtru-de-aer-in-baie-de-ulei-pentru-motoare-zs-zh1115\/","robots":"max-image-preview:large","keywords":"","webmasterTools":{"miscellaneous":""},"schema":{"@context":"https:\/\/schema.org","@graph":[{"@type":"BreadcrumbList","@id":"https:\/\/bunuri.md\/ro\/shop\/filtru-de-aer-in-baie-de-ulei-pentru-motoare-zs-zh1115\/#breadcrumblist","itemListElement":[{"@type":"ListItem","@id":"https:\/\/bunuri.md\/ro\/#listItem","position":1,"name":"Home","item":"https:\/\/bunuri.md\/ro\/","nextItem":{"@type":"ListItem","@id":"https:\/\/bunuri.md\/ro\/shop-2\/#listItem","name":"Magazin"}},{"@type":"ListItem","@id":"https:\/\/bunuri.md\/ro\/shop-2\/#listItem","position":2,"name":"Magazin","item":"https:\/\/bunuri.md\/ro\/shop-2\/","nextItem":{"@type":"ListItem","@id":"https:\/\/bunuri.md\/ro\/product-category\/piese-pentru-motoblocuri\/#listItem","name":"Piese de schimb pentru tractoare \u0219i motoblocuri"},"previousItem":{"@type":"ListItem","@id":"https:\/\/bunuri.md\/ro\/#listItem","name":"Home"}},{"@type":"ListItem","@id":"https:\/\/bunuri.md\/ro\/product-category\/piese-pentru-motoblocuri\/#listItem","position":3,"name":"Piese de schimb pentru tractoare \u0219i motoblocuri","item":"https:\/\/bunuri.md\/ro\/product-category\/piese-pentru-motoblocuri\/","nextItem":{"@type":"ListItem","@id":"https:\/\/bunuri.md\/ro\/shop\/filtru-de-aer-in-baie-de-ulei-pentru-motoare-zs-zh1115\/#listItem","name":"Filtru de aer \u00een baie de ulei pentru motoare ZS\/ZH1115"},"previousItem":{"@type":"ListItem","@id":"https:\/\/bunuri.md\/ro\/shop-2\/#listItem","name":"Magazin"}},{"@type":"ListItem","@id":"https:\/\/bunuri.md\/ro\/shop\/filtru-de-aer-in-baie-de-ulei-pentru-motoare-zs-zh1115\/#listItem","position":4,"name":"Filtru de aer \u00een baie de ulei pentru motoare ZS\/ZH1115","previousItem":{"@type":"ListItem","@id":"https:\/\/bunuri.md\/ro\/product-category\/piese-pentru-motoblocuri\/#listItem","name":"Piese de schimb pentru tractoare \u0219i motoblocuri"}}]},{"@type":"ItemPage","@id":"https:\/\/bunuri.md\/ro\/shop\/filtru-de-aer-in-baie-de-ulei-pentru-motoare-zs-zh1115\/#itempage","url":"https:\/\/bunuri.md\/ro\/shop\/filtru-de-aer-in-baie-de-ulei-pentru-motoare-zs-zh1115\/","name":"Filtru de aer \u00een baie de ulei pentru motoare ZS\/ZH1115","description":"Protejaza suplimentar \u0219i eficient motorul \u00eempotriva murd\u0103riei \u0219i particulelor abrazive mici, \u00een special la utilizarea echipamentelor \u00een condi\u021bii de praf intens","inLanguage":"ro-RO","isPartOf":{"@id":"https:\/\/bunuri.md\/ro\/#website"},"breadcrumb":{"@id":"https:\/\/bunuri.md\/ro\/shop\/filtru-de-aer-in-baie-de-ulei-pentru-motoare-zs-zh1115\/#breadcrumblist"},"image":{"@type":"ImageObject","url":"https:\/\/bunuri.md\/wp-content\/uploads\/2026\/04\/Filtru_De_Aer_1115_1.png","@id":"https:\/\/bunuri.md\/ro\/shop\/filtru-de-aer-in-baie-de-ulei-pentru-motoare-zs-zh1115\/#mainImage","width":600,"height":600,"caption":"Filtru_De_Aer_1115_1"},"primaryImageOfPage":{"@id":"https:\/\/bunuri.md\/ro\/shop\/filtru-de-aer-in-baie-de-ulei-pentru-motoare-zs-zh1115\/#mainImage"},"datePublished":"2026-04-14T22:19:51+03:00","dateModified":"2026-04-16T21:30:54+03:00"},{"@type":"Organization","@id":"https:\/\/bunuri.md\/ro\/#organization","name":"\u00centreprinderea Individual\u0103 \"Buldumac Aliona\"","description":"\u0418\u041f \u00ab\u0411\u0443\u043b\u0434\u0443\u043c\u0430\u043a \u0410\u043b\u0435\u043d\u0430\u00bb - \u044d\u0442\u043e \u043d\u0430\u0434\u0451\u0436\u043d\u044b\u0439 \u0438 \u043e\u0440\u0438\u0435\u043d\u0442\u0438\u0440\u043e\u0432\u0430\u043d\u043d\u044b\u0439 \u043d\u0430 \u043a\u043b\u0438\u0435\u043d\u0442\u0430 \u0431\u0438\u0437\u043d\u0435\u0441, \u043f\u0440\u0435\u0434\u043b\u0430\u0433\u0430\u044e\u0449\u0438\u0439 \u043a\u0430\u0447\u0435\u0441\u0442\u0432\u0435\u043d\u043d\u044b\u0435 \u0442\u043e\u0432\u0430\u0440\u044b, \u0443\u0441\u043b\u0443\u0433\u0438 \u0441 \u0430\u043a\u0446\u0435\u043d\u0442\u043e\u043c \u043d\u0430 \u043f\u0440\u0430\u043a\u0442\u0438\u0447\u043d\u043e\u0441\u0442\u044c \u0438 \u0447\u0435\u0441\u0442\u043d\u044b\u0439 \u043f\u043e\u0434\u0445\u043e\u0434.","url":"https:\/\/bunuri.md\/ro\/","email":"bunuri.md@gmail.com","telephone":"+37379512557","foundingDate":"2006-09-27","numberOfEmployees":{"@type":"QuantitativeValue","minValue":0,"maxValue":4},"logo":{"@type":"ImageObject","url":"https:\/\/bunuri.md\/wp-content\/uploads\/2022\/08\/logo-bunuri.png","@id":"https:\/\/bunuri.md\/ro\/shop\/filtru-de-aer-in-baie-de-ulei-pentru-motoare-zs-zh1115\/#organizationLogo","width":250,"height":250},"image":{"@id":"https:\/\/bunuri.md\/ro\/shop\/filtru-de-aer-in-baie-de-ulei-pentru-motoare-zs-zh1115\/#organizationLogo"},"sameAs":["https:\/\/facebook.com\/https:\/\/www.facebook.com\/bunurimag","https:\/\/x.com\/https:\/\/www.facebook.com\/bunurimag","https:\/\/instagram.com\/https:\/\/www.facebook.com\/bunurimag","https:\/\/pinterest.com\/https:\/\/www.facebook.com\/bunurimag","https:\/\/youtube.com\/https:\/\/www.facebook.com\/bunurimag","https:\/\/linkedin.com\/in\/https:\/\/www.facebook.com\/bunurimag","https:\/\/soundcloud.com\/https:\/\/www.facebook.com\/bunurimag"],"address":{"@id":"https:\/\/bunuri.md\/ro\/#postaladdress","@type":"PostalAddress","streetAddress":"\u0420. \u041c\u043e\u043b\u0434\u043e\u0432\u0430, \u0433. \u0425\u044b\u043d\u0447\u0435\u0448\u0442\u044b","postalCode":"3401","addressLocality":"\u0425\u044b\u043d\u0447\u0435\u0448\u0442\u044b","addressRegion":"Moldova","addressCountry":"MD"}},{"@type":"WebPage","@id":"https:\/\/bunuri.md\/ro\/shop\/filtru-de-aer-in-baie-de-ulei-pentru-motoare-zs-zh1115\/#webpage","url":"https:\/\/bunuri.md\/ro\/shop\/filtru-de-aer-in-baie-de-ulei-pentru-motoare-zs-zh1115\/","name":"Filtru de aer \u00een baie de ulei pentru motoare ZS\/ZH1115","description":"Protejaza suplimentar \u0219i eficient motorul \u00eempotriva murd\u0103riei \u0219i particulelor abrazive mici, \u00een special la utilizarea echipamentelor \u00een condi\u021bii de praf intens","inLanguage":"ro-RO","isPartOf":{"@id":"https:\/\/bunuri.md\/ro\/#website"},"breadcrumb":{"@id":"https:\/\/bunuri.md\/ro\/shop\/filtru-de-aer-in-baie-de-ulei-pentru-motoare-zs-zh1115\/#breadcrumblist"},"image":{"@type":"ImageObject","url":"https:\/\/bunuri.md\/wp-content\/uploads\/2026\/04\/Filtru_De_Aer_1115_1.png","@id":"https:\/\/bunuri.md\/ro\/shop\/filtru-de-aer-in-baie-de-ulei-pentru-motoare-zs-zh1115\/#mainImage","width":600,"height":600,"caption":"Filtru_De_Aer_1115_1"},"primaryImageOfPage":{"@id":"https:\/\/bunuri.md\/ro\/shop\/filtru-de-aer-in-baie-de-ulei-pentru-motoare-zs-zh1115\/#mainImage"},"datePublished":"2026-04-14T22:19:51+03:00","dateModified":"2026-04-16T21:30:54+03:00"},{"@type":"WebSite","@id":"https:\/\/bunuri.md\/ro\/#website","url":"https:\/\/bunuri.md\/ro\/","name":"www.bunuri.md","alternateName":"bunuri.md","description":"Bunuri.md este un magazin online care livreaz\u0103 \u0219i comercializeaz\u0103 o gam\u0103 larg\u0103 de m\u0103rfuri de diverse categorii pe \u00eentreg teritoriul Republicii Moldova.","inLanguage":"ro-RO","publisher":{"@id":"https:\/\/bunuri.md\/ro\/#organization"}}]},"og:locale":"ro_RO","og:site_name":"\u0418\u043d\u0442\u0435\u0440\u043d\u0435\u0442 \u043c\u0430\u0433\u0430\u0437\u0438\u043d \u041c\u043e\u043b\u0434\u043e\u0432\u0430 | Bunuri.md este un magazin online care livreaz\u0103 \u0219i comercializeaz\u0103 o gam\u0103 larg\u0103 de m\u0103rfuri de diverse categorii pe \u00eentreg teritoriul Republicii Moldova.","og:type":"article","og:title":"Filtru de aer \u00een baie de ulei pentru motoare ZS\/ZH1115","og:description":"Protejaza suplimentar \u0219i eficient motorul \u00eempotriva murd\u0103riei \u0219i particulelor abrazive mici, \u00een special la utilizarea echipamentelor \u00een condi\u021bii de praf intens","og:url":"https:\/\/bunuri.md\/ro\/shop\/filtru-de-aer-in-baie-de-ulei-pentru-motoare-zs-zh1115\/","og:image":"https:\/\/bunuri.md\/wp-content\/uploads\/2022\/10\/logobu.png","og:image:secure_url":"https:\/\/bunuri.md\/wp-content\/uploads\/2022\/10\/logobu.png","og:image:width":200,"og:image:height":200,"article:published_time":"2026-04-14T19:19:51+00:00","article:modified_time":"2026-04-16T18:30:54+00:00","article:publisher":"https:\/\/facebook.com\/https:\/\/www.facebook.com\/bunurimag","twitter:card":"summary","twitter:site":"@https:","twitter:title":"Filtru de aer \u00een baie de ulei pentru motoare ZS\/ZH1115","twitter:description":"Protejaza suplimentar \u0219i eficient motorul \u00eempotriva murd\u0103riei \u0219i particulelor abrazive mici, \u00een special la utilizarea echipamentelor \u00een condi\u021bii de praf intens","twitter:image":"https:\/\/bunuri.md\/wp-content\/uploads\/2022\/10\/logobu.png"},"aioseo_meta_data":{"post_id":"13097","title":"Filtru de aer \u00een baie de ulei pentru motoare ZS\/ZH1115","description":"Protejaza suplimentar \u0219i eficient motorul \u00eempotriva murd\u0103riei \u0219i particulelor abrazive mici, \u00een special la utilizarea echipamentelor \u00een condi\u021bii de praf intens","keywords":null,"keyphrases":{"focus":{"keyphrase":"","score":0,"analysis":{"keyphraseInTitle":{"score":0,"maxScore":9,"error":1}}},"additional":[]},"primary_term":null,"canonical_url":null,"og_title":null,"og_description":null,"og_object_type":"default","og_image_type":"default","og_image_url":null,"og_image_width":null,"og_image_height":null,"og_image_custom_url":null,"og_image_custom_fields":null,"og_video":"","og_custom_url":null,"og_article_section":null,"og_article_tags":null,"twitter_use_og":false,"twitter_card":"default","twitter_image_type":"default","twitter_image_url":null,"twitter_image_custom_url":null,"twitter_image_custom_fields":null,"twitter_title":null,"twitter_description":null,"schema":{"blockGraphs":[],"customGraphs":[],"default":{"data":{"Article":[],"Course":[],"Dataset":[],"FAQPage":[],"Movie":[],"Person":[],"Product":[],"ProductReview":[],"Car":[],"Recipe":[],"Service":[],"SoftwareApplication":[],"WebPage":[]},"graphName":"ItemPage","isEnabled":true},"graphs":[]},"schema_type":"default","schema_type_options":null,"pillar_content":false,"robots_default":true,"robots_noindex":false,"robots_noarchive":false,"robots_nosnippet":false,"robots_nofollow":false,"robots_noimageindex":false,"robots_noodp":false,"robots_notranslate":false,"robots_max_snippet":"-1","robots_max_videopreview":"-1","robots_max_imagepreview":"large","priority":null,"frequency":"default","local_seo":null,"seo_analyzer_scan_date":null,"breadcrumb_settings":null,"limit_modified_date":false,"reviewed_by":"0","open_ai":null,"ai":{"faqs":[],"keyPoints":[],"schemas":[],"titles":[],"descriptions":[],"socialPosts":{"email":[],"linkedin":[],"twitter":[],"facebook":[],"instagram":[]}},"created":"2026-04-16 18:23:21","updated":"2026-04-16 18:49:39"},"aioseo_breadcrumb":"<div class=\"aioseo-breadcrumbs\"><span class=\"aioseo-breadcrumb\">\n\t<a href=\"https:\/\/bunuri.md\/ro\/\" title=\"Home\">Home<\/a>\n<\/span><span class=\"aioseo-breadcrumb-separator\">\u00bb<\/span><span class=\"aioseo-breadcrumb\">\n\t<a href=\"https:\/\/bunuri.md\/ro\/shop-2\/\" title=\"Magazin\">Magazin<\/a>\n<\/span><span class=\"aioseo-breadcrumb-separator\">\u00bb<\/span><span class=\"aioseo-breadcrumb\">\n\t<a href=\"https:\/\/bunuri.md\/ro\/product-category\/piese-pentru-motoblocuri\/\" title=\"Piese de schimb pentru tractoare \u0219i motoblocuri\">Piese de schimb pentru tractoare \u0219i motoblocuri<\/a>\n<\/span><span class=\"aioseo-breadcrumb-separator\">\u00bb<\/span><span class=\"aioseo-breadcrumb\">\n\tFiltru de aer \u00een baie de ulei pentru motoare ZS\/ZH1115\n<\/span><\/div>","aioseo_breadcrumb_json":[{"label":"Home","link":"https:\/\/bunuri.md\/ro\/"},{"label":"Magazin","link":"https:\/\/bunuri.md\/ro\/shop-2\/"},{"label":"Piese de schimb pentru tractoare \u0219i motoblocuri","link":"https:\/\/bunuri.md\/ro\/product-category\/piese-pentru-motoblocuri\/"},{"label":"Filtru de aer \u00een baie de ulei pentru motoare ZS\/ZH1115","link":"https:\/\/bunuri.md\/ro\/shop\/filtru-de-aer-in-baie-de-ulei-pentru-motoare-zs-zh1115\/"}],"brands":[],"_links":{"self":[{"href":"https:\/\/bunuri.md\/ro\/wp-json\/wp\/v2\/product\/13097","targetHints":{"allow":["GET"]}}],"collection":[{"href":"https:\/\/bunuri.md\/ro\/wp-json\/wp\/v2\/product"}],"about":[{"href":"https:\/\/bunuri.md\/ro\/wp-json\/wp\/v2\/types\/product"}],"replies":[{"embeddable":true,"href":"https:\/\/bunuri.md\/ro\/wp-json\/wp\/v2\/comments?post=13097"}],"wp:featuredmedia":[{"embeddable":true,"href":"https:\/\/bunuri.md\/ro\/wp-json\/wp\/v2\/media\/13066"}],"wp:attachment":[{"href":"https:\/\/bunuri.md\/ro\/wp-json\/wp\/v2\/media?parent=13097"}],"wp:term":[{"taxonomy":"pwb-brand","embeddable":true,"href":"https:\/\/bunuri.md\/ro\/wp-json\/wp\/v2\/pwb-brand?post=13097"},{"taxonomy":"product_brand","embeddable":true,"href":"https:\/\/bunuri.md\/ro\/wp-json\/wp\/v2\/product_brand?post=13097"},{"taxonomy":"product_cat","embeddable":true,"href":"https:\/\/bunuri.md\/ro\/wp-json\/wp\/v2\/product_cat?post=13097"},{"taxonomy":"product_tag","embeddable":true,"href":"https:\/\/bunuri.md\/ro\/wp-json\/wp\/v2\/product_tag?post=13097"}],"curies":[{"name":"wp","href":"https:\/\/api.w.org\/{rel}","templated":true}]}}