{"id":2143,"date":"2020-04-18T21:26:21","date_gmt":"2020-04-18T18:26:21","guid":{"rendered":"https:\/\/bunuri.md\/shop\/motobloc-zubr-nt-135-fe-9-c-p\/"},"modified":"2025-02-12T13:39:27","modified_gmt":"2025-02-12T10:39:27","slug":"motobloc-zubr-nt-135-fe-9-c-p","status":"publish","type":"product","link":"https:\/\/bunuri.md\/ro\/shop\/motobloc-zubr-nt-135-fe-9-c-p\/","title":{"rendered":"Motoblock ZUBR, HT-135FE, diesel, demaror electric, 9 c. p."},"content":{"rendered":"<p><strong>Motoblock ZUBR, HT-135FE, diesel, demaror electric, 9 \u0441. p.<\/strong> \u2014 <a href=\"https:\/\/bunuri.md\/ro\/product-category\/piese-pentru-motoblocuri\/\">o unitate puternic\u0103 \u0219i fiabil\u0103 conceput\u0103 pentru a efectua diverse lucr\u0103ri agricole. Se descurc\u0103 bine cu ar\u0103turile, cultivarea solului \u00eenainte de plantare, plivitul, sem\u0103natul, dealurile, cosirea \u0219i colectarea ierbii, precum \u0219i transportul m\u0103rfurilor \u0219i \u00eendep\u0103rtarea z\u0103pezii. Reductorul de vitez\u0103 \u0219i transmisia direct\u0103 asigur\u0103 rezisten\u021b\u0103 \u0219i durabilitate ridicate a structurii. Capacitatea de a conecta ata\u0219amente extinde \u00een mod semnificativ func\u021bionalitatea tractorului cu mers pe jos, permi\u021b\u00e2ndu-i s\u0103 fie utilizat eficient pe un teren personal.<\/a><\/p>\n<p><strong>Caracteristici principale:<\/strong><\/p>\n<ul>\n<li><strong>Model motor:<\/strong> 186FE.<\/li>\n<li><strong>Putere motor:<\/strong> 9 c. p.<\/li>\n<li><strong>Combustibil folosit:<\/strong> motorina.<\/li>\n<li><strong>R\u0103cire:<\/strong> aer.<\/li>\n<li><strong>Metoda de pornire a motorului:<\/strong> demaror mecanic, demaror electric.<\/li>\n<li><strong>Capacitate rezervor:<\/strong> 5,5 l.<\/li>\n<li><strong>Consum de combustibil:<\/strong> 281,5 g\/kW*h.<\/li>\n<li><strong>Capacitate motor: 350 cm\u00b3.<\/strong><\/li>\n<li><strong>Tip ambreiaj:<\/strong> multi-disc umed \u00een baie de ulei.<\/li>\n<li><strong>Num\u0103r de trepte \u00eenainte:<\/strong> 2.<\/li>\n<li><strong>Num\u0103r de trepte de mar\u0219arier:<\/strong> 1.<\/li>\n<li><strong>Dimensiuni totale:<\/strong> 1800*1350*1100 mm.<\/li>\n<li><strong>Dimensiune anvelope:<\/strong> 5.00-12.<\/li>\n<li><strong>Ad\u00e2ncimea maxim\u0103 de prelucrare a solului cu t\u0103ietor:<\/strong> 350 mm.<\/li>\n<li><strong>L\u0103\u021bimea maxim\u0103 de prelucrare a solului cu t\u0103ietor:<\/strong> 1350 mm.<\/li>\n<li><strong>Inclus:<\/strong> cutter.<\/li>\n<li><strong>Greutate:<\/strong> 130 kg.<\/li>\n<\/ul>\n","protected":false},"excerpt":{"rendered":"<p>Destinat pentru afanarea si pregatirea de plantare a solului, semanatul de seminte, cosirea si colectarea ierbii, transportul marfurilor si indepartarea zapezii<\/p>\n","protected":false},"featured_media":1895,"comment_status":"open","ping_status":"closed","template":"","meta":{"om_disable_all_campaigns":false},"pwb-brand":[],"product_brand":[],"product_cat":[377],"product_tag":[],"class_list":{"0":"post-2143","1":"product","2":"type-product","3":"status-publish","4":"has-post-thumbnail","6":"product_cat-motoblocuri-minitractore","8":"first","9":"instock","10":"sale","11":"purchasable","12":"product-type-simple"},"aioseo_notices":[],"aioseo_head":"\n\t\t<!-- All in One SEO Pro 4.9.6.2 - aioseo.com -->\n\t<meta name=\"description\" content=\"Destinat pentru afanarea si pregatirea de plantare a solului, semanatul de seminte, cosirea si colectarea ierbii, transportul marfurilor si indepartarea zapezii\" \/>\n\t<meta name=\"robots\" content=\"max-image-preview:large\" \/>\n\t<link rel=\"canonical\" href=\"https:\/\/bunuri.md\/ro\/shop\/motobloc-zubr-nt-135-fe-9-c-p\/\" \/>\n\t<meta name=\"generator\" content=\"All in One SEO Pro (AIOSEO) 4.9.6.2\" \/>\n\t\t<meta property=\"og:locale\" content=\"ro_RO\" \/>\n\t\t<meta property=\"og:site_name\" content=\"\u0418\u043d\u0442\u0435\u0440\u043d\u0435\u0442 \u043c\u0430\u0433\u0430\u0437\u0438\u043d \u041c\u043e\u043b\u0434\u043e\u0432\u0430 | Bunuri.md este un magazin online care livreaz\u0103 \u0219i comercializeaz\u0103 o gam\u0103 larg\u0103 de m\u0103rfuri de diverse categorii pe \u00eentreg teritoriul Republicii Moldova.\" \/>\n\t\t<meta property=\"og:type\" content=\"article\" \/>\n\t\t<meta property=\"og:title\" content=\"Motoblock ZUBR, HT-135FE, diesel, demaror electric, 9 c. p.\" \/>\n\t\t<meta property=\"og:description\" content=\"Destinat pentru afanarea si pregatirea de plantare a solului, semanatul de seminte, cosirea si colectarea ierbii, transportul marfurilor si indepartarea zapezii\" \/>\n\t\t<meta property=\"og:url\" content=\"https:\/\/bunuri.md\/ro\/shop\/motobloc-zubr-nt-135-fe-9-c-p\/\" \/>\n\t\t<meta property=\"og:image\" content=\"https:\/\/bunuri.md\/wp-content\/uploads\/2022\/10\/logobu.png\" \/>\n\t\t<meta property=\"og:image:secure_url\" content=\"https:\/\/bunuri.md\/wp-content\/uploads\/2022\/10\/logobu.png\" \/>\n\t\t<meta property=\"og:image:width\" content=\"200\" \/>\n\t\t<meta property=\"og:image:height\" content=\"200\" \/>\n\t\t<meta property=\"article:published_time\" content=\"2020-04-18T18:26:21+00:00\" \/>\n\t\t<meta property=\"article:modified_time\" content=\"2025-02-12T10:39:27+00:00\" \/>\n\t\t<meta property=\"article:publisher\" content=\"https:\/\/facebook.com\/https:\/\/www.facebook.com\/bunurimag\" \/>\n\t\t<meta name=\"twitter:card\" content=\"summary\" \/>\n\t\t<meta name=\"twitter:site\" content=\"@https:\" \/>\n\t\t<meta name=\"twitter:title\" content=\"Motoblock ZUBR, HT-135FE, diesel, demaror electric, 9 c. p.\" \/>\n\t\t<meta name=\"twitter:description\" content=\"Destinat pentru afanarea si pregatirea de plantare a solului, semanatul de seminte, cosirea si colectarea ierbii, transportul marfurilor si indepartarea zapezii\" \/>\n\t\t<meta name=\"twitter:image\" content=\"https:\/\/bunuri.md\/wp-content\/uploads\/2022\/10\/logobu.png\" \/>\n\t\t<script type=\"application\/ld+json\" class=\"aioseo-schema\">\n\t\t\t{\"@context\":\"https:\\\/\\\/schema.org\",\"@graph\":[{\"@type\":\"BreadcrumbList\",\"@id\":\"https:\\\/\\\/bunuri.md\\\/ro\\\/shop\\\/motobloc-zubr-nt-135-fe-9-c-p\\\/#breadcrumblist\",\"itemListElement\":[{\"@type\":\"ListItem\",\"@id\":\"https:\\\/\\\/bunuri.md\\\/ro\\\/#listItem\",\"position\":1,\"name\":\"Home\",\"item\":\"https:\\\/\\\/bunuri.md\\\/ro\\\/\",\"nextItem\":{\"@type\":\"ListItem\",\"@id\":\"https:\\\/\\\/bunuri.md\\\/ro\\\/shop-2\\\/#listItem\",\"name\":\"Magazin\"}},{\"@type\":\"ListItem\",\"@id\":\"https:\\\/\\\/bunuri.md\\\/ro\\\/shop-2\\\/#listItem\",\"position\":2,\"name\":\"Magazin\",\"item\":\"https:\\\/\\\/bunuri.md\\\/ro\\\/shop-2\\\/\",\"nextItem\":{\"@type\":\"ListItem\",\"@id\":\"https:\\\/\\\/bunuri.md\\\/ro\\\/product-category\\\/motoblocuri-minitractore\\\/#listItem\",\"name\":\"Motoblocuri, mini tractoare\"},\"previousItem\":{\"@type\":\"ListItem\",\"@id\":\"https:\\\/\\\/bunuri.md\\\/ro\\\/#listItem\",\"name\":\"Home\"}},{\"@type\":\"ListItem\",\"@id\":\"https:\\\/\\\/bunuri.md\\\/ro\\\/product-category\\\/motoblocuri-minitractore\\\/#listItem\",\"position\":3,\"name\":\"Motoblocuri, mini tractoare\",\"item\":\"https:\\\/\\\/bunuri.md\\\/ro\\\/product-category\\\/motoblocuri-minitractore\\\/\",\"nextItem\":{\"@type\":\"ListItem\",\"@id\":\"https:\\\/\\\/bunuri.md\\\/ro\\\/shop\\\/motobloc-zubr-nt-135-fe-9-c-p\\\/#listItem\",\"name\":\"Motoblock ZUBR, HT-135FE, diesel, demaror electric, 9 c. p.\"},\"previousItem\":{\"@type\":\"ListItem\",\"@id\":\"https:\\\/\\\/bunuri.md\\\/ro\\\/shop-2\\\/#listItem\",\"name\":\"Magazin\"}},{\"@type\":\"ListItem\",\"@id\":\"https:\\\/\\\/bunuri.md\\\/ro\\\/shop\\\/motobloc-zubr-nt-135-fe-9-c-p\\\/#listItem\",\"position\":4,\"name\":\"Motoblock ZUBR, HT-135FE, diesel, demaror electric, 9 c. p.\",\"previousItem\":{\"@type\":\"ListItem\",\"@id\":\"https:\\\/\\\/bunuri.md\\\/ro\\\/product-category\\\/motoblocuri-minitractore\\\/#listItem\",\"name\":\"Motoblocuri, mini tractoare\"}}]},{\"@type\":\"ItemPage\",\"@id\":\"https:\\\/\\\/bunuri.md\\\/ro\\\/shop\\\/motobloc-zubr-nt-135-fe-9-c-p\\\/#itempage\",\"url\":\"https:\\\/\\\/bunuri.md\\\/ro\\\/shop\\\/motobloc-zubr-nt-135-fe-9-c-p\\\/\",\"name\":\"Motoblock ZUBR, HT-135FE, diesel, demaror electric, 9 c. p.\",\"description\":\"Destinat pentru afanarea si pregatirea de plantare a solului, semanatul de seminte, cosirea si colectarea ierbii, transportul marfurilor si indepartarea zapezii\",\"inLanguage\":\"ro-RO\",\"isPartOf\":{\"@id\":\"https:\\\/\\\/bunuri.md\\\/ro\\\/#website\"},\"breadcrumb\":{\"@id\":\"https:\\\/\\\/bunuri.md\\\/ro\\\/shop\\\/motobloc-zubr-nt-135-fe-9-c-p\\\/#breadcrumblist\"},\"image\":{\"@type\":\"ImageObject\",\"url\":\"https:\\\/\\\/bunuri.md\\\/wp-content\\\/uploads\\\/2020\\\/04\\\/\\u0437\\u0443\\u0431\\u0440-135-FE-5.jpg\",\"@id\":\"https:\\\/\\\/bunuri.md\\\/ro\\\/shop\\\/motobloc-zubr-nt-135-fe-9-c-p\\\/#mainImage\",\"width\":400,\"height\":327,\"caption\":\"\\u0437\\u0443\\u0431\\u0440-135-FE\"},\"primaryImageOfPage\":{\"@id\":\"https:\\\/\\\/bunuri.md\\\/ro\\\/shop\\\/motobloc-zubr-nt-135-fe-9-c-p\\\/#mainImage\"},\"datePublished\":\"2020-04-18T21:26:21+03:00\",\"dateModified\":\"2025-02-12T13:39:27+03:00\"},{\"@type\":\"Organization\",\"@id\":\"https:\\\/\\\/bunuri.md\\\/ro\\\/#organization\",\"name\":\"\\u00centreprinderea Individual\\u0103 \\\"Buldumac Aliona\\\"\",\"description\":\"\\u0418\\u041f \\u00ab\\u0411\\u0443\\u043b\\u0434\\u0443\\u043c\\u0430\\u043a \\u0410\\u043b\\u0435\\u043d\\u0430\\u00bb - \\u044d\\u0442\\u043e \\u043d\\u0430\\u0434\\u0451\\u0436\\u043d\\u044b\\u0439 \\u0438 \\u043e\\u0440\\u0438\\u0435\\u043d\\u0442\\u0438\\u0440\\u043e\\u0432\\u0430\\u043d\\u043d\\u044b\\u0439 \\u043d\\u0430 \\u043a\\u043b\\u0438\\u0435\\u043d\\u0442\\u0430 \\u0431\\u0438\\u0437\\u043d\\u0435\\u0441, \\u043f\\u0440\\u0435\\u0434\\u043b\\u0430\\u0433\\u0430\\u044e\\u0449\\u0438\\u0439 \\u043a\\u0430\\u0447\\u0435\\u0441\\u0442\\u0432\\u0435\\u043d\\u043d\\u044b\\u0435 \\u0442\\u043e\\u0432\\u0430\\u0440\\u044b, \\u0443\\u0441\\u043b\\u0443\\u0433\\u0438 \\u0441 \\u0430\\u043a\\u0446\\u0435\\u043d\\u0442\\u043e\\u043c \\u043d\\u0430 \\u043f\\u0440\\u0430\\u043a\\u0442\\u0438\\u0447\\u043d\\u043e\\u0441\\u0442\\u044c \\u0438 \\u0447\\u0435\\u0441\\u0442\\u043d\\u044b\\u0439 \\u043f\\u043e\\u0434\\u0445\\u043e\\u0434.\",\"url\":\"https:\\\/\\\/bunuri.md\\\/ro\\\/\",\"email\":\"bunuri.md@gmail.com\",\"telephone\":\"+37379512557\",\"foundingDate\":\"2006-09-27\",\"numberOfEmployees\":{\"@type\":\"QuantitativeValue\",\"minValue\":0,\"maxValue\":4},\"logo\":{\"@type\":\"ImageObject\",\"url\":\"https:\\\/\\\/bunuri.md\\\/wp-content\\\/uploads\\\/2022\\\/08\\\/logo-bunuri.png\",\"@id\":\"https:\\\/\\\/bunuri.md\\\/ro\\\/shop\\\/motobloc-zubr-nt-135-fe-9-c-p\\\/#organizationLogo\",\"width\":250,\"height\":250},\"image\":{\"@id\":\"https:\\\/\\\/bunuri.md\\\/ro\\\/shop\\\/motobloc-zubr-nt-135-fe-9-c-p\\\/#organizationLogo\"},\"sameAs\":[\"https:\\\/\\\/facebook.com\\\/https:\\\/\\\/www.facebook.com\\\/bunurimag\",\"https:\\\/\\\/x.com\\\/https:\\\/\\\/www.facebook.com\\\/bunurimag\",\"https:\\\/\\\/instagram.com\\\/https:\\\/\\\/www.facebook.com\\\/bunurimag\",\"https:\\\/\\\/pinterest.com\\\/https:\\\/\\\/www.facebook.com\\\/bunurimag\",\"https:\\\/\\\/youtube.com\\\/https:\\\/\\\/www.facebook.com\\\/bunurimag\",\"https:\\\/\\\/linkedin.com\\\/in\\\/https:\\\/\\\/www.facebook.com\\\/bunurimag\",\"https:\\\/\\\/soundcloud.com\\\/https:\\\/\\\/www.facebook.com\\\/bunurimag\"],\"address\":{\"@id\":\"https:\\\/\\\/bunuri.md\\\/ro\\\/#postaladdress\",\"@type\":\"PostalAddress\",\"streetAddress\":\"\\u0420. \\u041c\\u043e\\u043b\\u0434\\u043e\\u0432\\u0430, \\u0433. \\u0425\\u044b\\u043d\\u0447\\u0435\\u0448\\u0442\\u044b\",\"postalCode\":\"3401\",\"addressLocality\":\"\\u0425\\u044b\\u043d\\u0447\\u0435\\u0448\\u0442\\u044b\",\"addressRegion\":\"Moldova\",\"addressCountry\":\"MD\"}},{\"@type\":\"WebPage\",\"@id\":\"https:\\\/\\\/bunuri.md\\\/ro\\\/shop\\\/motobloc-zubr-nt-135-fe-9-c-p\\\/#webpage\",\"url\":\"https:\\\/\\\/bunuri.md\\\/ro\\\/shop\\\/motobloc-zubr-nt-135-fe-9-c-p\\\/\",\"name\":\"Motoblock ZUBR, HT-135FE, diesel, demaror electric, 9 c. p.\",\"description\":\"Destinat pentru afanarea si pregatirea de plantare a solului, semanatul de seminte, cosirea si colectarea ierbii, transportul marfurilor si indepartarea zapezii\",\"inLanguage\":\"ro-RO\",\"isPartOf\":{\"@id\":\"https:\\\/\\\/bunuri.md\\\/ro\\\/#website\"},\"breadcrumb\":{\"@id\":\"https:\\\/\\\/bunuri.md\\\/ro\\\/shop\\\/motobloc-zubr-nt-135-fe-9-c-p\\\/#breadcrumblist\"},\"image\":{\"@type\":\"ImageObject\",\"url\":\"https:\\\/\\\/bunuri.md\\\/wp-content\\\/uploads\\\/2020\\\/04\\\/\\u0437\\u0443\\u0431\\u0440-135-FE-5.jpg\",\"@id\":\"https:\\\/\\\/bunuri.md\\\/ro\\\/shop\\\/motobloc-zubr-nt-135-fe-9-c-p\\\/#mainImage\",\"width\":400,\"height\":327,\"caption\":\"\\u0437\\u0443\\u0431\\u0440-135-FE\"},\"primaryImageOfPage\":{\"@id\":\"https:\\\/\\\/bunuri.md\\\/ro\\\/shop\\\/motobloc-zubr-nt-135-fe-9-c-p\\\/#mainImage\"},\"datePublished\":\"2020-04-18T21:26:21+03:00\",\"dateModified\":\"2025-02-12T13:39:27+03:00\"},{\"@type\":\"WebSite\",\"@id\":\"https:\\\/\\\/bunuri.md\\\/ro\\\/#website\",\"url\":\"https:\\\/\\\/bunuri.md\\\/ro\\\/\",\"name\":\"www.bunuri.md\",\"alternateName\":\"bunuri.md\",\"description\":\"Bunuri.md este un magazin online care livreaz\\u0103 \\u0219i comercializeaz\\u0103 o gam\\u0103 larg\\u0103 de m\\u0103rfuri de diverse categorii pe \\u00eentreg teritoriul Republicii Moldova.\",\"inLanguage\":\"ro-RO\",\"publisher\":{\"@id\":\"https:\\\/\\\/bunuri.md\\\/ro\\\/#organization\"}}]}\n\t\t<\/script>\n\t\t<!-- All in One SEO Pro -->\r\n\t\t<title>Motoblock ZUBR, HT-135FE, diesel, demaror electric, 9 c. p.<\/title>\n\n","aioseo_head_json":{"title":"Motoblock ZUBR, HT-135FE, diesel, demaror electric, 9 c. p.","description":"Destinat pentru afanarea si pregatirea de plantare a solului, semanatul de seminte, cosirea si colectarea ierbii, transportul marfurilor si indepartarea zapezii","canonical_url":"https:\/\/bunuri.md\/ro\/shop\/motobloc-zubr-nt-135-fe-9-c-p\/","robots":"max-image-preview:large","keywords":"","webmasterTools":{"miscellaneous":""},"schema":{"@context":"https:\/\/schema.org","@graph":[{"@type":"BreadcrumbList","@id":"https:\/\/bunuri.md\/ro\/shop\/motobloc-zubr-nt-135-fe-9-c-p\/#breadcrumblist","itemListElement":[{"@type":"ListItem","@id":"https:\/\/bunuri.md\/ro\/#listItem","position":1,"name":"Home","item":"https:\/\/bunuri.md\/ro\/","nextItem":{"@type":"ListItem","@id":"https:\/\/bunuri.md\/ro\/shop-2\/#listItem","name":"Magazin"}},{"@type":"ListItem","@id":"https:\/\/bunuri.md\/ro\/shop-2\/#listItem","position":2,"name":"Magazin","item":"https:\/\/bunuri.md\/ro\/shop-2\/","nextItem":{"@type":"ListItem","@id":"https:\/\/bunuri.md\/ro\/product-category\/motoblocuri-minitractore\/#listItem","name":"Motoblocuri, mini tractoare"},"previousItem":{"@type":"ListItem","@id":"https:\/\/bunuri.md\/ro\/#listItem","name":"Home"}},{"@type":"ListItem","@id":"https:\/\/bunuri.md\/ro\/product-category\/motoblocuri-minitractore\/#listItem","position":3,"name":"Motoblocuri, mini tractoare","item":"https:\/\/bunuri.md\/ro\/product-category\/motoblocuri-minitractore\/","nextItem":{"@type":"ListItem","@id":"https:\/\/bunuri.md\/ro\/shop\/motobloc-zubr-nt-135-fe-9-c-p\/#listItem","name":"Motoblock ZUBR, HT-135FE, diesel, demaror electric, 9 c. p."},"previousItem":{"@type":"ListItem","@id":"https:\/\/bunuri.md\/ro\/shop-2\/#listItem","name":"Magazin"}},{"@type":"ListItem","@id":"https:\/\/bunuri.md\/ro\/shop\/motobloc-zubr-nt-135-fe-9-c-p\/#listItem","position":4,"name":"Motoblock ZUBR, HT-135FE, diesel, demaror electric, 9 c. p.","previousItem":{"@type":"ListItem","@id":"https:\/\/bunuri.md\/ro\/product-category\/motoblocuri-minitractore\/#listItem","name":"Motoblocuri, mini tractoare"}}]},{"@type":"ItemPage","@id":"https:\/\/bunuri.md\/ro\/shop\/motobloc-zubr-nt-135-fe-9-c-p\/#itempage","url":"https:\/\/bunuri.md\/ro\/shop\/motobloc-zubr-nt-135-fe-9-c-p\/","name":"Motoblock ZUBR, HT-135FE, diesel, demaror electric, 9 c. p.","description":"Destinat pentru afanarea si pregatirea de plantare a solului, semanatul de seminte, cosirea si colectarea ierbii, transportul marfurilor si indepartarea zapezii","inLanguage":"ro-RO","isPartOf":{"@id":"https:\/\/bunuri.md\/ro\/#website"},"breadcrumb":{"@id":"https:\/\/bunuri.md\/ro\/shop\/motobloc-zubr-nt-135-fe-9-c-p\/#breadcrumblist"},"image":{"@type":"ImageObject","url":"https:\/\/bunuri.md\/wp-content\/uploads\/2020\/04\/\u0437\u0443\u0431\u0440-135-FE-5.jpg","@id":"https:\/\/bunuri.md\/ro\/shop\/motobloc-zubr-nt-135-fe-9-c-p\/#mainImage","width":400,"height":327,"caption":"\u0437\u0443\u0431\u0440-135-FE"},"primaryImageOfPage":{"@id":"https:\/\/bunuri.md\/ro\/shop\/motobloc-zubr-nt-135-fe-9-c-p\/#mainImage"},"datePublished":"2020-04-18T21:26:21+03:00","dateModified":"2025-02-12T13:39:27+03:00"},{"@type":"Organization","@id":"https:\/\/bunuri.md\/ro\/#organization","name":"\u00centreprinderea Individual\u0103 \"Buldumac Aliona\"","description":"\u0418\u041f \u00ab\u0411\u0443\u043b\u0434\u0443\u043c\u0430\u043a \u0410\u043b\u0435\u043d\u0430\u00bb - \u044d\u0442\u043e \u043d\u0430\u0434\u0451\u0436\u043d\u044b\u0439 \u0438 \u043e\u0440\u0438\u0435\u043d\u0442\u0438\u0440\u043e\u0432\u0430\u043d\u043d\u044b\u0439 \u043d\u0430 \u043a\u043b\u0438\u0435\u043d\u0442\u0430 \u0431\u0438\u0437\u043d\u0435\u0441, \u043f\u0440\u0435\u0434\u043b\u0430\u0433\u0430\u044e\u0449\u0438\u0439 \u043a\u0430\u0447\u0435\u0441\u0442\u0432\u0435\u043d\u043d\u044b\u0435 \u0442\u043e\u0432\u0430\u0440\u044b, \u0443\u0441\u043b\u0443\u0433\u0438 \u0441 \u0430\u043a\u0446\u0435\u043d\u0442\u043e\u043c \u043d\u0430 \u043f\u0440\u0430\u043a\u0442\u0438\u0447\u043d\u043e\u0441\u0442\u044c \u0438 \u0447\u0435\u0441\u0442\u043d\u044b\u0439 \u043f\u043e\u0434\u0445\u043e\u0434.","url":"https:\/\/bunuri.md\/ro\/","email":"bunuri.md@gmail.com","telephone":"+37379512557","foundingDate":"2006-09-27","numberOfEmployees":{"@type":"QuantitativeValue","minValue":0,"maxValue":4},"logo":{"@type":"ImageObject","url":"https:\/\/bunuri.md\/wp-content\/uploads\/2022\/08\/logo-bunuri.png","@id":"https:\/\/bunuri.md\/ro\/shop\/motobloc-zubr-nt-135-fe-9-c-p\/#organizationLogo","width":250,"height":250},"image":{"@id":"https:\/\/bunuri.md\/ro\/shop\/motobloc-zubr-nt-135-fe-9-c-p\/#organizationLogo"},"sameAs":["https:\/\/facebook.com\/https:\/\/www.facebook.com\/bunurimag","https:\/\/x.com\/https:\/\/www.facebook.com\/bunurimag","https:\/\/instagram.com\/https:\/\/www.facebook.com\/bunurimag","https:\/\/pinterest.com\/https:\/\/www.facebook.com\/bunurimag","https:\/\/youtube.com\/https:\/\/www.facebook.com\/bunurimag","https:\/\/linkedin.com\/in\/https:\/\/www.facebook.com\/bunurimag","https:\/\/soundcloud.com\/https:\/\/www.facebook.com\/bunurimag"],"address":{"@id":"https:\/\/bunuri.md\/ro\/#postaladdress","@type":"PostalAddress","streetAddress":"\u0420. \u041c\u043e\u043b\u0434\u043e\u0432\u0430, \u0433. \u0425\u044b\u043d\u0447\u0435\u0448\u0442\u044b","postalCode":"3401","addressLocality":"\u0425\u044b\u043d\u0447\u0435\u0448\u0442\u044b","addressRegion":"Moldova","addressCountry":"MD"}},{"@type":"WebPage","@id":"https:\/\/bunuri.md\/ro\/shop\/motobloc-zubr-nt-135-fe-9-c-p\/#webpage","url":"https:\/\/bunuri.md\/ro\/shop\/motobloc-zubr-nt-135-fe-9-c-p\/","name":"Motoblock ZUBR, HT-135FE, diesel, demaror electric, 9 c. p.","description":"Destinat pentru afanarea si pregatirea de plantare a solului, semanatul de seminte, cosirea si colectarea ierbii, transportul marfurilor si indepartarea zapezii","inLanguage":"ro-RO","isPartOf":{"@id":"https:\/\/bunuri.md\/ro\/#website"},"breadcrumb":{"@id":"https:\/\/bunuri.md\/ro\/shop\/motobloc-zubr-nt-135-fe-9-c-p\/#breadcrumblist"},"image":{"@type":"ImageObject","url":"https:\/\/bunuri.md\/wp-content\/uploads\/2020\/04\/\u0437\u0443\u0431\u0440-135-FE-5.jpg","@id":"https:\/\/bunuri.md\/ro\/shop\/motobloc-zubr-nt-135-fe-9-c-p\/#mainImage","width":400,"height":327,"caption":"\u0437\u0443\u0431\u0440-135-FE"},"primaryImageOfPage":{"@id":"https:\/\/bunuri.md\/ro\/shop\/motobloc-zubr-nt-135-fe-9-c-p\/#mainImage"},"datePublished":"2020-04-18T21:26:21+03:00","dateModified":"2025-02-12T13:39:27+03:00"},{"@type":"WebSite","@id":"https:\/\/bunuri.md\/ro\/#website","url":"https:\/\/bunuri.md\/ro\/","name":"www.bunuri.md","alternateName":"bunuri.md","description":"Bunuri.md este un magazin online care livreaz\u0103 \u0219i comercializeaz\u0103 o gam\u0103 larg\u0103 de m\u0103rfuri de diverse categorii pe \u00eentreg teritoriul Republicii Moldova.","inLanguage":"ro-RO","publisher":{"@id":"https:\/\/bunuri.md\/ro\/#organization"}}]},"og:locale":"ro_RO","og:site_name":"\u0418\u043d\u0442\u0435\u0440\u043d\u0435\u0442 \u043c\u0430\u0433\u0430\u0437\u0438\u043d \u041c\u043e\u043b\u0434\u043e\u0432\u0430 | Bunuri.md este un magazin online care livreaz\u0103 \u0219i comercializeaz\u0103 o gam\u0103 larg\u0103 de m\u0103rfuri de diverse categorii pe \u00eentreg teritoriul Republicii Moldova.","og:type":"article","og:title":"Motoblock ZUBR, HT-135FE, diesel, demaror electric, 9 c. p.","og:description":"Destinat pentru afanarea si pregatirea de plantare a solului, semanatul de seminte, cosirea si colectarea ierbii, transportul marfurilor si indepartarea zapezii","og:url":"https:\/\/bunuri.md\/ro\/shop\/motobloc-zubr-nt-135-fe-9-c-p\/","og:image":"https:\/\/bunuri.md\/wp-content\/uploads\/2022\/10\/logobu.png","og:image:secure_url":"https:\/\/bunuri.md\/wp-content\/uploads\/2022\/10\/logobu.png","og:image:width":200,"og:image:height":200,"article:published_time":"2020-04-18T18:26:21+00:00","article:modified_time":"2025-02-12T10:39:27+00:00","article:publisher":"https:\/\/facebook.com\/https:\/\/www.facebook.com\/bunurimag","twitter:card":"summary","twitter:site":"@https:","twitter:title":"Motoblock ZUBR, HT-135FE, diesel, demaror electric, 9 c. p.","twitter:description":"Destinat pentru afanarea si pregatirea de plantare a solului, semanatul de seminte, cosirea si colectarea ierbii, transportul marfurilor si indepartarea zapezii","twitter:image":"https:\/\/bunuri.md\/wp-content\/uploads\/2022\/10\/logobu.png"},"aioseo_meta_data":{"post_id":"2143","title":"Motoblock ZUBR, HT-135FE, diesel, demaror electric, 9 c. p.","description":"Destinat pentru afanarea si pregatirea de plantare a solului, semanatul de seminte, cosirea si colectarea ierbii, transportul marfurilor si indepartarea zapezii","keywords":null,"keyphrases":{"focus":{"keyphrase":"","score":0,"analysis":{"keyphraseInTitle":{"score":0,"maxScore":9,"error":1}}},"additional":[]},"primary_term":null,"canonical_url":null,"og_title":null,"og_description":null,"og_object_type":"default","og_image_type":"default","og_image_url":null,"og_image_width":null,"og_image_height":null,"og_image_custom_url":null,"og_image_custom_fields":null,"og_video":"","og_custom_url":null,"og_article_section":null,"og_article_tags":null,"twitter_use_og":false,"twitter_card":"default","twitter_image_type":"default","twitter_image_url":null,"twitter_image_custom_url":null,"twitter_image_custom_fields":null,"twitter_title":null,"twitter_description":null,"schema":{"blockGraphs":[],"customGraphs":[],"default":{"data":{"Article":[],"Course":[],"Dataset":[],"FAQPage":[],"Movie":[],"Person":[],"Product":[],"ProductReview":[],"Car":[],"Recipe":[],"Service":[],"SoftwareApplication":[],"WebPage":[]},"graphName":"ItemPage","isEnabled":true},"graphs":[],"defaultGraph":"","defaultPostTypeGraph":""},"schema_type":null,"schema_type_options":null,"pillar_content":false,"robots_default":true,"robots_noindex":false,"robots_noarchive":false,"robots_nosnippet":false,"robots_nofollow":false,"robots_noimageindex":false,"robots_noodp":false,"robots_notranslate":false,"robots_max_snippet":"-1","robots_max_videopreview":"-1","robots_max_imagepreview":"large","priority":null,"frequency":"default","local_seo":null,"seo_analyzer_scan_date":null,"breadcrumb_settings":null,"limit_modified_date":false,"reviewed_by":null,"open_ai":"{\"title\":{\"suggestions\":[],\"usage\":0},\"description\":{\"suggestions\":[],\"usage\":0}}","ai":null,"created":"2020-12-20 21:08:56","updated":"2025-09-19 22:41:26"},"aioseo_breadcrumb":"<div class=\"aioseo-breadcrumbs\"><span class=\"aioseo-breadcrumb\">\n\t<a href=\"https:\/\/bunuri.md\/ro\/\" title=\"Home\">Home<\/a>\n<\/span><span class=\"aioseo-breadcrumb-separator\">\u00bb<\/span><span class=\"aioseo-breadcrumb\">\n\t<a href=\"https:\/\/bunuri.md\/ro\/shop-2\/\" title=\"Magazin\">Magazin<\/a>\n<\/span><span class=\"aioseo-breadcrumb-separator\">\u00bb<\/span><span class=\"aioseo-breadcrumb\">\n\t<a href=\"https:\/\/bunuri.md\/ro\/product-category\/motoblocuri-minitractore\/\" title=\"Motoblocuri, mini tractoare\">Motoblocuri, mini tractoare<\/a>\n<\/span><span class=\"aioseo-breadcrumb-separator\">\u00bb<\/span><span class=\"aioseo-breadcrumb\">\n\tMotoblock ZUBR, HT-135FE, diesel, demaror electric, 9 c. p.\n<\/span><\/div>","aioseo_breadcrumb_json":[{"label":"Home","link":"https:\/\/bunuri.md\/ro\/"},{"label":"Magazin","link":"https:\/\/bunuri.md\/ro\/shop-2\/"},{"label":"Motoblocuri, mini tractoare","link":"https:\/\/bunuri.md\/ro\/product-category\/motoblocuri-minitractore\/"},{"label":"Motoblock ZUBR, HT-135FE, diesel, demaror electric, 9 c. p.","link":"https:\/\/bunuri.md\/ro\/shop\/motobloc-zubr-nt-135-fe-9-c-p\/"}],"brands":[],"_links":{"self":[{"href":"https:\/\/bunuri.md\/ro\/wp-json\/wp\/v2\/product\/2143","targetHints":{"allow":["GET"]}}],"collection":[{"href":"https:\/\/bunuri.md\/ro\/wp-json\/wp\/v2\/product"}],"about":[{"href":"https:\/\/bunuri.md\/ro\/wp-json\/wp\/v2\/types\/product"}],"replies":[{"embeddable":true,"href":"https:\/\/bunuri.md\/ro\/wp-json\/wp\/v2\/comments?post=2143"}],"wp:featuredmedia":[{"embeddable":true,"href":"https:\/\/bunuri.md\/ro\/wp-json\/wp\/v2\/media\/1895"}],"wp:attachment":[{"href":"https:\/\/bunuri.md\/ro\/wp-json\/wp\/v2\/media?parent=2143"}],"wp:term":[{"taxonomy":"pwb-brand","embeddable":true,"href":"https:\/\/bunuri.md\/ro\/wp-json\/wp\/v2\/pwb-brand?post=2143"},{"taxonomy":"product_brand","embeddable":true,"href":"https:\/\/bunuri.md\/ro\/wp-json\/wp\/v2\/product_brand?post=2143"},{"taxonomy":"product_cat","embeddable":true,"href":"https:\/\/bunuri.md\/ro\/wp-json\/wp\/v2\/product_cat?post=2143"},{"taxonomy":"product_tag","embeddable":true,"href":"https:\/\/bunuri.md\/ro\/wp-json\/wp\/v2\/product_tag?post=2143"}],"curies":[{"name":"wp","href":"https:\/\/api.w.org\/{rel}","templated":true}]}}