{"id":2261,"date":"2020-05-07T16:09:51","date_gmt":"2020-05-07T13:09:51","guid":{"rendered":"https:\/\/bunuri.md\/shop\/radiatoare-de-racire-pentru-motoblocuri-r175-r180-r190-r195\/"},"modified":"2025-03-06T23:24:30","modified_gmt":"2025-03-06T20:24:30","slug":"radiatoare-de-racire-pentru-motoblocuri-r175-r180-r190-r195","status":"publish","type":"product","link":"https:\/\/bunuri.md\/ro\/shop\/radiatoare-de-racire-pentru-motoblocuri-r175-r180-r190-r195\/","title":{"rendered":"Radiator de r\u0103cire la motoarele R175\/180 pentru motobloc"},"content":{"rendered":"<p><strong>Radiator de r\u0103cire la motoarele R175\/180 pentru motobloc:<\/strong> &#8211; destinat pentru r\u0103cirea unui motor cu ardere intern\u0103, elimin\u00e2nd c\u0103ldura din piesele motorului \u00een atmosfer\u0103 prin lichid de r\u0103cire \u0219i un ventilator. \u00cen plus, u\u0219urin\u021ba de utilizare \u0219i u\u0219urin\u021ba de instalare a mecanismului \u00eentr-un tractor cu mers pe jos fac radiatorul \u0219i mai atractiv pentru proprietarii de ma\u0219ini agricole. <a href=\"https:\/\/bunuri.md\/ro\/product-category\/motoblocuri-minitractore\/\">Radiatorul este destinat pentru motoblocuri r\u0103cite cu ap\u0103, cu o putere de: 7,5 &#8211; 8,0 c. p.<\/a><\/p>\n<p><strong>Specifica\u021bii tehnice:<\/strong><\/p>\n<p>&#8211; Constructie de incredere.<br \/>\n&#8211; Greutate usoara.<br \/>\n&#8211; Versatilitate. Radiatorul este potrivit pentru multe modele de tractoare cu transport pe jos.<br \/>\n&#8211; Material de fabrica\u021bie &#8211; metal de \u00eenalt\u0103 calitate, care are un strat anticoroziv care previne rugina.<br \/>\n&#8211; Canale mari ale radiatorului, care faciliteaza curgerea lichidului de racire, facand procesul de racire a motorului mai bun.<br \/>\n&#8211; Compatibil cu toate tipurile de lichid de r\u0103cire.<br \/>\n&#8211; Dimensiuni totale L x L x A: 225 x 135 x 190 mm.<br \/>\n&#8211; Greutate neta: 2325 mm.<br \/>\n&#8211; Greutate brut\u0103: 2480 mm.<\/p>\n","protected":false},"excerpt":{"rendered":"<p>Destinat pentru a r\u0103ci motorului cu ardere intern\u0103 a motoblocului, elimin\u00e2nd c\u0103ldura pieselor motorului \u00een atmosfer\u0103 prin lichidul de r\u0103cire \u0219i ventilator.<\/p>\n","protected":false},"featured_media":6998,"comment_status":"open","ping_status":"closed","template":"","meta":{"om_disable_all_campaigns":false},"pwb-brand":[],"product_brand":[],"product_cat":[384],"product_tag":[],"class_list":{"0":"post-2261","1":"product","2":"type-product","3":"status-publish","4":"has-post-thumbnail","6":"product_cat-piese-pentru-motoblocuri","8":"first","9":"instock","10":"sale","11":"purchasable","12":"product-type-simple"},"aioseo_notices":[],"aioseo_head":"\n\t\t<!-- All in One SEO Pro 4.9.6.2 - aioseo.com -->\n\t<meta name=\"description\" content=\"Destinat pentru a r\u0103ci motorului cu ardere intern\u0103 a motoblocului, elimin\u00e2nd c\u0103ldura pieselor motorului \u00een atmosfer\u0103 prin lichidul de r\u0103cire \u0219i ventilator.\" \/>\n\t<meta name=\"robots\" content=\"max-image-preview:large\" \/>\n\t<link rel=\"canonical\" href=\"https:\/\/bunuri.md\/ro\/shop\/radiatoare-de-racire-pentru-motoblocuri-r175-r180-r190-r195\/\" \/>\n\t<meta name=\"generator\" content=\"All in One SEO Pro (AIOSEO) 4.9.6.2\" \/>\n\t\t<meta property=\"og:locale\" content=\"ro_RO\" \/>\n\t\t<meta property=\"og:site_name\" content=\"\u0418\u043d\u0442\u0435\u0440\u043d\u0435\u0442 \u043c\u0430\u0433\u0430\u0437\u0438\u043d \u041c\u043e\u043b\u0434\u043e\u0432\u0430 | Bunuri.md este un magazin online care livreaz\u0103 \u0219i comercializeaz\u0103 o gam\u0103 larg\u0103 de m\u0103rfuri de diverse categorii pe \u00eentreg teritoriul Republicii Moldova.\" \/>\n\t\t<meta property=\"og:type\" content=\"article\" \/>\n\t\t<meta property=\"og:title\" content=\"Radiator de r\u0103cire la motoarele R175\/180 pentru motobloc\" \/>\n\t\t<meta property=\"og:description\" content=\"Destinat pentru a r\u0103ci motorului cu ardere intern\u0103 a motoblocului, elimin\u00e2nd c\u0103ldura pieselor motorului \u00een atmosfer\u0103 prin lichidul de r\u0103cire \u0219i ventilator.\" \/>\n\t\t<meta property=\"og:url\" content=\"https:\/\/bunuri.md\/ro\/shop\/radiatoare-de-racire-pentru-motoblocuri-r175-r180-r190-r195\/\" \/>\n\t\t<meta property=\"og:image\" content=\"https:\/\/bunuri.md\/wp-content\/uploads\/2022\/10\/logobu.png\" \/>\n\t\t<meta property=\"og:image:secure_url\" content=\"https:\/\/bunuri.md\/wp-content\/uploads\/2022\/10\/logobu.png\" \/>\n\t\t<meta property=\"og:image:width\" content=\"200\" \/>\n\t\t<meta property=\"og:image:height\" content=\"200\" \/>\n\t\t<meta property=\"article:published_time\" content=\"2020-05-07T13:09:51+00:00\" \/>\n\t\t<meta property=\"article:modified_time\" content=\"2025-03-06T20:24:30+00:00\" \/>\n\t\t<meta property=\"article:publisher\" content=\"https:\/\/facebook.com\/https:\/\/www.facebook.com\/bunurimag\" \/>\n\t\t<meta name=\"twitter:card\" content=\"summary\" \/>\n\t\t<meta name=\"twitter:site\" content=\"@https:\" \/>\n\t\t<meta name=\"twitter:title\" content=\"Radiator de r\u0103cire la motoarele R175\/180 pentru motobloc\" \/>\n\t\t<meta name=\"twitter:description\" content=\"Destinat pentru a r\u0103ci motorului cu ardere intern\u0103 a motoblocului, elimin\u00e2nd c\u0103ldura pieselor motorului \u00een atmosfer\u0103 prin lichidul de r\u0103cire \u0219i ventilator.\" \/>\n\t\t<meta name=\"twitter:image\" content=\"https:\/\/bunuri.md\/wp-content\/uploads\/2022\/10\/logobu.png\" \/>\n\t\t<script type=\"application\/ld+json\" class=\"aioseo-schema\">\n\t\t\t{\"@context\":\"https:\\\/\\\/schema.org\",\"@graph\":[{\"@type\":\"BreadcrumbList\",\"@id\":\"https:\\\/\\\/bunuri.md\\\/ro\\\/shop\\\/radiatoare-de-racire-pentru-motoblocuri-r175-r180-r190-r195\\\/#breadcrumblist\",\"itemListElement\":[{\"@type\":\"ListItem\",\"@id\":\"https:\\\/\\\/bunuri.md\\\/ro\\\/#listItem\",\"position\":1,\"name\":\"Home\",\"item\":\"https:\\\/\\\/bunuri.md\\\/ro\\\/\",\"nextItem\":{\"@type\":\"ListItem\",\"@id\":\"https:\\\/\\\/bunuri.md\\\/ro\\\/shop-2\\\/#listItem\",\"name\":\"Magazin\"}},{\"@type\":\"ListItem\",\"@id\":\"https:\\\/\\\/bunuri.md\\\/ro\\\/shop-2\\\/#listItem\",\"position\":2,\"name\":\"Magazin\",\"item\":\"https:\\\/\\\/bunuri.md\\\/ro\\\/shop-2\\\/\",\"nextItem\":{\"@type\":\"ListItem\",\"@id\":\"https:\\\/\\\/bunuri.md\\\/ro\\\/product-category\\\/piese-pentru-motoblocuri\\\/#listItem\",\"name\":\"Piese de schimb pentru tractoare \\u0219i motoblocuri\"},\"previousItem\":{\"@type\":\"ListItem\",\"@id\":\"https:\\\/\\\/bunuri.md\\\/ro\\\/#listItem\",\"name\":\"Home\"}},{\"@type\":\"ListItem\",\"@id\":\"https:\\\/\\\/bunuri.md\\\/ro\\\/product-category\\\/piese-pentru-motoblocuri\\\/#listItem\",\"position\":3,\"name\":\"Piese de schimb pentru tractoare \\u0219i motoblocuri\",\"item\":\"https:\\\/\\\/bunuri.md\\\/ro\\\/product-category\\\/piese-pentru-motoblocuri\\\/\",\"nextItem\":{\"@type\":\"ListItem\",\"@id\":\"https:\\\/\\\/bunuri.md\\\/ro\\\/shop\\\/radiatoare-de-racire-pentru-motoblocuri-r175-r180-r190-r195\\\/#listItem\",\"name\":\"Radiator de r\\u0103cire la motoarele R175\\\/180 pentru motobloc\"},\"previousItem\":{\"@type\":\"ListItem\",\"@id\":\"https:\\\/\\\/bunuri.md\\\/ro\\\/shop-2\\\/#listItem\",\"name\":\"Magazin\"}},{\"@type\":\"ListItem\",\"@id\":\"https:\\\/\\\/bunuri.md\\\/ro\\\/shop\\\/radiatoare-de-racire-pentru-motoblocuri-r175-r180-r190-r195\\\/#listItem\",\"position\":4,\"name\":\"Radiator de r\\u0103cire la motoarele R175\\\/180 pentru motobloc\",\"previousItem\":{\"@type\":\"ListItem\",\"@id\":\"https:\\\/\\\/bunuri.md\\\/ro\\\/product-category\\\/piese-pentru-motoblocuri\\\/#listItem\",\"name\":\"Piese de schimb pentru tractoare \\u0219i motoblocuri\"}}]},{\"@type\":\"ItemPage\",\"@id\":\"https:\\\/\\\/bunuri.md\\\/ro\\\/shop\\\/radiatoare-de-racire-pentru-motoblocuri-r175-r180-r190-r195\\\/#itempage\",\"url\":\"https:\\\/\\\/bunuri.md\\\/ro\\\/shop\\\/radiatoare-de-racire-pentru-motoblocuri-r175-r180-r190-r195\\\/\",\"name\":\"Radiator de r\\u0103cire la motoarele R175\\\/180 pentru motobloc\",\"description\":\"Destinat pentru a r\\u0103ci motorului cu ardere intern\\u0103 a motoblocului, elimin\\u00e2nd c\\u0103ldura pieselor motorului \\u00een atmosfer\\u0103 prin lichidul de r\\u0103cire \\u0219i ventilator.\",\"inLanguage\":\"ro-RO\",\"isPartOf\":{\"@id\":\"https:\\\/\\\/bunuri.md\\\/ro\\\/#website\"},\"breadcrumb\":{\"@id\":\"https:\\\/\\\/bunuri.md\\\/ro\\\/shop\\\/radiatoare-de-racire-pentru-motoblocuri-r175-r180-r190-r195\\\/#breadcrumblist\"},\"image\":{\"@type\":\"ImageObject\",\"url\":\"https:\\\/\\\/bunuri.md\\\/wp-content\\\/uploads\\\/2020\\\/05\\\/Radiator_de_racire_motor_R175_R180.jpg\",\"@id\":\"https:\\\/\\\/bunuri.md\\\/ro\\\/shop\\\/radiatoare-de-racire-pentru-motoblocuri-r175-r180-r190-r195\\\/#mainImage\",\"width\":600,\"height\":561},\"primaryImageOfPage\":{\"@id\":\"https:\\\/\\\/bunuri.md\\\/ro\\\/shop\\\/radiatoare-de-racire-pentru-motoblocuri-r175-r180-r190-r195\\\/#mainImage\"},\"datePublished\":\"2020-05-07T16:09:51+03:00\",\"dateModified\":\"2025-03-06T23:24:30+03:00\"},{\"@type\":\"Organization\",\"@id\":\"https:\\\/\\\/bunuri.md\\\/ro\\\/#organization\",\"name\":\"\\u00centreprinderea Individual\\u0103 \\\"Buldumac Aliona\\\"\",\"description\":\"\\u0418\\u041f \\u00ab\\u0411\\u0443\\u043b\\u0434\\u0443\\u043c\\u0430\\u043a \\u0410\\u043b\\u0435\\u043d\\u0430\\u00bb - \\u044d\\u0442\\u043e \\u043d\\u0430\\u0434\\u0451\\u0436\\u043d\\u044b\\u0439 \\u0438 \\u043e\\u0440\\u0438\\u0435\\u043d\\u0442\\u0438\\u0440\\u043e\\u0432\\u0430\\u043d\\u043d\\u044b\\u0439 \\u043d\\u0430 \\u043a\\u043b\\u0438\\u0435\\u043d\\u0442\\u0430 \\u0431\\u0438\\u0437\\u043d\\u0435\\u0441, \\u043f\\u0440\\u0435\\u0434\\u043b\\u0430\\u0433\\u0430\\u044e\\u0449\\u0438\\u0439 \\u043a\\u0430\\u0447\\u0435\\u0441\\u0442\\u0432\\u0435\\u043d\\u043d\\u044b\\u0435 \\u0442\\u043e\\u0432\\u0430\\u0440\\u044b, \\u0443\\u0441\\u043b\\u0443\\u0433\\u0438 \\u0441 \\u0430\\u043a\\u0446\\u0435\\u043d\\u0442\\u043e\\u043c \\u043d\\u0430 \\u043f\\u0440\\u0430\\u043a\\u0442\\u0438\\u0447\\u043d\\u043e\\u0441\\u0442\\u044c \\u0438 \\u0447\\u0435\\u0441\\u0442\\u043d\\u044b\\u0439 \\u043f\\u043e\\u0434\\u0445\\u043e\\u0434.\",\"url\":\"https:\\\/\\\/bunuri.md\\\/ro\\\/\",\"email\":\"bunuri.md@gmail.com\",\"telephone\":\"+37379512557\",\"foundingDate\":\"2006-09-27\",\"numberOfEmployees\":{\"@type\":\"QuantitativeValue\",\"minValue\":0,\"maxValue\":4},\"logo\":{\"@type\":\"ImageObject\",\"url\":\"https:\\\/\\\/bunuri.md\\\/wp-content\\\/uploads\\\/2022\\\/08\\\/logo-bunuri.png\",\"@id\":\"https:\\\/\\\/bunuri.md\\\/ro\\\/shop\\\/radiatoare-de-racire-pentru-motoblocuri-r175-r180-r190-r195\\\/#organizationLogo\",\"width\":250,\"height\":250},\"image\":{\"@id\":\"https:\\\/\\\/bunuri.md\\\/ro\\\/shop\\\/radiatoare-de-racire-pentru-motoblocuri-r175-r180-r190-r195\\\/#organizationLogo\"},\"sameAs\":[\"https:\\\/\\\/facebook.com\\\/https:\\\/\\\/www.facebook.com\\\/bunurimag\",\"https:\\\/\\\/x.com\\\/https:\\\/\\\/www.facebook.com\\\/bunurimag\",\"https:\\\/\\\/instagram.com\\\/https:\\\/\\\/www.facebook.com\\\/bunurimag\",\"https:\\\/\\\/pinterest.com\\\/https:\\\/\\\/www.facebook.com\\\/bunurimag\",\"https:\\\/\\\/youtube.com\\\/https:\\\/\\\/www.facebook.com\\\/bunurimag\",\"https:\\\/\\\/linkedin.com\\\/in\\\/https:\\\/\\\/www.facebook.com\\\/bunurimag\",\"https:\\\/\\\/soundcloud.com\\\/https:\\\/\\\/www.facebook.com\\\/bunurimag\"],\"address\":{\"@id\":\"https:\\\/\\\/bunuri.md\\\/ro\\\/#postaladdress\",\"@type\":\"PostalAddress\",\"streetAddress\":\"\\u0420. \\u041c\\u043e\\u043b\\u0434\\u043e\\u0432\\u0430, \\u0433. \\u0425\\u044b\\u043d\\u0447\\u0435\\u0448\\u0442\\u044b\",\"postalCode\":\"3401\",\"addressLocality\":\"\\u0425\\u044b\\u043d\\u0447\\u0435\\u0448\\u0442\\u044b\",\"addressRegion\":\"Moldova\",\"addressCountry\":\"MD\"}},{\"@type\":\"WebPage\",\"@id\":\"https:\\\/\\\/bunuri.md\\\/ro\\\/shop\\\/radiatoare-de-racire-pentru-motoblocuri-r175-r180-r190-r195\\\/#webpage\",\"url\":\"https:\\\/\\\/bunuri.md\\\/ro\\\/shop\\\/radiatoare-de-racire-pentru-motoblocuri-r175-r180-r190-r195\\\/\",\"name\":\"Radiator de r\\u0103cire la motoarele R175\\\/180 pentru motobloc\",\"description\":\"Destinat pentru a r\\u0103ci motorului cu ardere intern\\u0103 a motoblocului, elimin\\u00e2nd c\\u0103ldura pieselor motorului \\u00een atmosfer\\u0103 prin lichidul de r\\u0103cire \\u0219i ventilator.\",\"inLanguage\":\"ro-RO\",\"isPartOf\":{\"@id\":\"https:\\\/\\\/bunuri.md\\\/ro\\\/#website\"},\"breadcrumb\":{\"@id\":\"https:\\\/\\\/bunuri.md\\\/ro\\\/shop\\\/radiatoare-de-racire-pentru-motoblocuri-r175-r180-r190-r195\\\/#breadcrumblist\"},\"image\":{\"@type\":\"ImageObject\",\"url\":\"https:\\\/\\\/bunuri.md\\\/wp-content\\\/uploads\\\/2020\\\/05\\\/Radiator_de_racire_motor_R175_R180.jpg\",\"@id\":\"https:\\\/\\\/bunuri.md\\\/ro\\\/shop\\\/radiatoare-de-racire-pentru-motoblocuri-r175-r180-r190-r195\\\/#mainImage\",\"width\":600,\"height\":561},\"primaryImageOfPage\":{\"@id\":\"https:\\\/\\\/bunuri.md\\\/ro\\\/shop\\\/radiatoare-de-racire-pentru-motoblocuri-r175-r180-r190-r195\\\/#mainImage\"},\"datePublished\":\"2020-05-07T16:09:51+03:00\",\"dateModified\":\"2025-03-06T23:24:30+03:00\"},{\"@type\":\"WebSite\",\"@id\":\"https:\\\/\\\/bunuri.md\\\/ro\\\/#website\",\"url\":\"https:\\\/\\\/bunuri.md\\\/ro\\\/\",\"name\":\"www.bunuri.md\",\"alternateName\":\"bunuri.md\",\"description\":\"Bunuri.md este un magazin online care livreaz\\u0103 \\u0219i comercializeaz\\u0103 o gam\\u0103 larg\\u0103 de m\\u0103rfuri de diverse categorii pe \\u00eentreg teritoriul Republicii Moldova.\",\"inLanguage\":\"ro-RO\",\"publisher\":{\"@id\":\"https:\\\/\\\/bunuri.md\\\/ro\\\/#organization\"}}]}\n\t\t<\/script>\n\t\t<!-- All in One SEO Pro -->\r\n\t\t<title>Radiator de r\u0103cire la motoarele R175\/180 pentru motobloc<\/title>\n\n","aioseo_head_json":{"title":"Radiator de r\u0103cire la motoarele R175\/180 pentru motobloc","description":"Destinat pentru a r\u0103ci motorului cu ardere intern\u0103 a motoblocului, elimin\u00e2nd c\u0103ldura pieselor motorului \u00een atmosfer\u0103 prin lichidul de r\u0103cire \u0219i ventilator.","canonical_url":"https:\/\/bunuri.md\/ro\/shop\/radiatoare-de-racire-pentru-motoblocuri-r175-r180-r190-r195\/","robots":"max-image-preview:large","keywords":"","webmasterTools":{"miscellaneous":""},"schema":{"@context":"https:\/\/schema.org","@graph":[{"@type":"BreadcrumbList","@id":"https:\/\/bunuri.md\/ro\/shop\/radiatoare-de-racire-pentru-motoblocuri-r175-r180-r190-r195\/#breadcrumblist","itemListElement":[{"@type":"ListItem","@id":"https:\/\/bunuri.md\/ro\/#listItem","position":1,"name":"Home","item":"https:\/\/bunuri.md\/ro\/","nextItem":{"@type":"ListItem","@id":"https:\/\/bunuri.md\/ro\/shop-2\/#listItem","name":"Magazin"}},{"@type":"ListItem","@id":"https:\/\/bunuri.md\/ro\/shop-2\/#listItem","position":2,"name":"Magazin","item":"https:\/\/bunuri.md\/ro\/shop-2\/","nextItem":{"@type":"ListItem","@id":"https:\/\/bunuri.md\/ro\/product-category\/piese-pentru-motoblocuri\/#listItem","name":"Piese de schimb pentru tractoare \u0219i motoblocuri"},"previousItem":{"@type":"ListItem","@id":"https:\/\/bunuri.md\/ro\/#listItem","name":"Home"}},{"@type":"ListItem","@id":"https:\/\/bunuri.md\/ro\/product-category\/piese-pentru-motoblocuri\/#listItem","position":3,"name":"Piese de schimb pentru tractoare \u0219i motoblocuri","item":"https:\/\/bunuri.md\/ro\/product-category\/piese-pentru-motoblocuri\/","nextItem":{"@type":"ListItem","@id":"https:\/\/bunuri.md\/ro\/shop\/radiatoare-de-racire-pentru-motoblocuri-r175-r180-r190-r195\/#listItem","name":"Radiator de r\u0103cire la motoarele R175\/180 pentru motobloc"},"previousItem":{"@type":"ListItem","@id":"https:\/\/bunuri.md\/ro\/shop-2\/#listItem","name":"Magazin"}},{"@type":"ListItem","@id":"https:\/\/bunuri.md\/ro\/shop\/radiatoare-de-racire-pentru-motoblocuri-r175-r180-r190-r195\/#listItem","position":4,"name":"Radiator de r\u0103cire la motoarele R175\/180 pentru motobloc","previousItem":{"@type":"ListItem","@id":"https:\/\/bunuri.md\/ro\/product-category\/piese-pentru-motoblocuri\/#listItem","name":"Piese de schimb pentru tractoare \u0219i motoblocuri"}}]},{"@type":"ItemPage","@id":"https:\/\/bunuri.md\/ro\/shop\/radiatoare-de-racire-pentru-motoblocuri-r175-r180-r190-r195\/#itempage","url":"https:\/\/bunuri.md\/ro\/shop\/radiatoare-de-racire-pentru-motoblocuri-r175-r180-r190-r195\/","name":"Radiator de r\u0103cire la motoarele R175\/180 pentru motobloc","description":"Destinat pentru a r\u0103ci motorului cu ardere intern\u0103 a motoblocului, elimin\u00e2nd c\u0103ldura pieselor motorului \u00een atmosfer\u0103 prin lichidul de r\u0103cire \u0219i ventilator.","inLanguage":"ro-RO","isPartOf":{"@id":"https:\/\/bunuri.md\/ro\/#website"},"breadcrumb":{"@id":"https:\/\/bunuri.md\/ro\/shop\/radiatoare-de-racire-pentru-motoblocuri-r175-r180-r190-r195\/#breadcrumblist"},"image":{"@type":"ImageObject","url":"https:\/\/bunuri.md\/wp-content\/uploads\/2020\/05\/Radiator_de_racire_motor_R175_R180.jpg","@id":"https:\/\/bunuri.md\/ro\/shop\/radiatoare-de-racire-pentru-motoblocuri-r175-r180-r190-r195\/#mainImage","width":600,"height":561},"primaryImageOfPage":{"@id":"https:\/\/bunuri.md\/ro\/shop\/radiatoare-de-racire-pentru-motoblocuri-r175-r180-r190-r195\/#mainImage"},"datePublished":"2020-05-07T16:09:51+03:00","dateModified":"2025-03-06T23:24:30+03:00"},{"@type":"Organization","@id":"https:\/\/bunuri.md\/ro\/#organization","name":"\u00centreprinderea Individual\u0103 \"Buldumac Aliona\"","description":"\u0418\u041f \u00ab\u0411\u0443\u043b\u0434\u0443\u043c\u0430\u043a \u0410\u043b\u0435\u043d\u0430\u00bb - \u044d\u0442\u043e \u043d\u0430\u0434\u0451\u0436\u043d\u044b\u0439 \u0438 \u043e\u0440\u0438\u0435\u043d\u0442\u0438\u0440\u043e\u0432\u0430\u043d\u043d\u044b\u0439 \u043d\u0430 \u043a\u043b\u0438\u0435\u043d\u0442\u0430 \u0431\u0438\u0437\u043d\u0435\u0441, \u043f\u0440\u0435\u0434\u043b\u0430\u0433\u0430\u044e\u0449\u0438\u0439 \u043a\u0430\u0447\u0435\u0441\u0442\u0432\u0435\u043d\u043d\u044b\u0435 \u0442\u043e\u0432\u0430\u0440\u044b, \u0443\u0441\u043b\u0443\u0433\u0438 \u0441 \u0430\u043a\u0446\u0435\u043d\u0442\u043e\u043c \u043d\u0430 \u043f\u0440\u0430\u043a\u0442\u0438\u0447\u043d\u043e\u0441\u0442\u044c \u0438 \u0447\u0435\u0441\u0442\u043d\u044b\u0439 \u043f\u043e\u0434\u0445\u043e\u0434.","url":"https:\/\/bunuri.md\/ro\/","email":"bunuri.md@gmail.com","telephone":"+37379512557","foundingDate":"2006-09-27","numberOfEmployees":{"@type":"QuantitativeValue","minValue":0,"maxValue":4},"logo":{"@type":"ImageObject","url":"https:\/\/bunuri.md\/wp-content\/uploads\/2022\/08\/logo-bunuri.png","@id":"https:\/\/bunuri.md\/ro\/shop\/radiatoare-de-racire-pentru-motoblocuri-r175-r180-r190-r195\/#organizationLogo","width":250,"height":250},"image":{"@id":"https:\/\/bunuri.md\/ro\/shop\/radiatoare-de-racire-pentru-motoblocuri-r175-r180-r190-r195\/#organizationLogo"},"sameAs":["https:\/\/facebook.com\/https:\/\/www.facebook.com\/bunurimag","https:\/\/x.com\/https:\/\/www.facebook.com\/bunurimag","https:\/\/instagram.com\/https:\/\/www.facebook.com\/bunurimag","https:\/\/pinterest.com\/https:\/\/www.facebook.com\/bunurimag","https:\/\/youtube.com\/https:\/\/www.facebook.com\/bunurimag","https:\/\/linkedin.com\/in\/https:\/\/www.facebook.com\/bunurimag","https:\/\/soundcloud.com\/https:\/\/www.facebook.com\/bunurimag"],"address":{"@id":"https:\/\/bunuri.md\/ro\/#postaladdress","@type":"PostalAddress","streetAddress":"\u0420. \u041c\u043e\u043b\u0434\u043e\u0432\u0430, \u0433. \u0425\u044b\u043d\u0447\u0435\u0448\u0442\u044b","postalCode":"3401","addressLocality":"\u0425\u044b\u043d\u0447\u0435\u0448\u0442\u044b","addressRegion":"Moldova","addressCountry":"MD"}},{"@type":"WebPage","@id":"https:\/\/bunuri.md\/ro\/shop\/radiatoare-de-racire-pentru-motoblocuri-r175-r180-r190-r195\/#webpage","url":"https:\/\/bunuri.md\/ro\/shop\/radiatoare-de-racire-pentru-motoblocuri-r175-r180-r190-r195\/","name":"Radiator de r\u0103cire la motoarele R175\/180 pentru motobloc","description":"Destinat pentru a r\u0103ci motorului cu ardere intern\u0103 a motoblocului, elimin\u00e2nd c\u0103ldura pieselor motorului \u00een atmosfer\u0103 prin lichidul de r\u0103cire \u0219i ventilator.","inLanguage":"ro-RO","isPartOf":{"@id":"https:\/\/bunuri.md\/ro\/#website"},"breadcrumb":{"@id":"https:\/\/bunuri.md\/ro\/shop\/radiatoare-de-racire-pentru-motoblocuri-r175-r180-r190-r195\/#breadcrumblist"},"image":{"@type":"ImageObject","url":"https:\/\/bunuri.md\/wp-content\/uploads\/2020\/05\/Radiator_de_racire_motor_R175_R180.jpg","@id":"https:\/\/bunuri.md\/ro\/shop\/radiatoare-de-racire-pentru-motoblocuri-r175-r180-r190-r195\/#mainImage","width":600,"height":561},"primaryImageOfPage":{"@id":"https:\/\/bunuri.md\/ro\/shop\/radiatoare-de-racire-pentru-motoblocuri-r175-r180-r190-r195\/#mainImage"},"datePublished":"2020-05-07T16:09:51+03:00","dateModified":"2025-03-06T23:24:30+03:00"},{"@type":"WebSite","@id":"https:\/\/bunuri.md\/ro\/#website","url":"https:\/\/bunuri.md\/ro\/","name":"www.bunuri.md","alternateName":"bunuri.md","description":"Bunuri.md este un magazin online care livreaz\u0103 \u0219i comercializeaz\u0103 o gam\u0103 larg\u0103 de m\u0103rfuri de diverse categorii pe \u00eentreg teritoriul Republicii Moldova.","inLanguage":"ro-RO","publisher":{"@id":"https:\/\/bunuri.md\/ro\/#organization"}}]},"og:locale":"ro_RO","og:site_name":"\u0418\u043d\u0442\u0435\u0440\u043d\u0435\u0442 \u043c\u0430\u0433\u0430\u0437\u0438\u043d \u041c\u043e\u043b\u0434\u043e\u0432\u0430 | Bunuri.md este un magazin online care livreaz\u0103 \u0219i comercializeaz\u0103 o gam\u0103 larg\u0103 de m\u0103rfuri de diverse categorii pe \u00eentreg teritoriul Republicii Moldova.","og:type":"article","og:title":"Radiator de r\u0103cire la motoarele R175\/180 pentru motobloc","og:description":"Destinat pentru a r\u0103ci motorului cu ardere intern\u0103 a motoblocului, elimin\u00e2nd c\u0103ldura pieselor motorului \u00een atmosfer\u0103 prin lichidul de r\u0103cire \u0219i ventilator.","og:url":"https:\/\/bunuri.md\/ro\/shop\/radiatoare-de-racire-pentru-motoblocuri-r175-r180-r190-r195\/","og:image":"https:\/\/bunuri.md\/wp-content\/uploads\/2022\/10\/logobu.png","og:image:secure_url":"https:\/\/bunuri.md\/wp-content\/uploads\/2022\/10\/logobu.png","og:image:width":200,"og:image:height":200,"article:published_time":"2020-05-07T13:09:51+00:00","article:modified_time":"2025-03-06T20:24:30+00:00","article:publisher":"https:\/\/facebook.com\/https:\/\/www.facebook.com\/bunurimag","twitter:card":"summary","twitter:site":"@https:","twitter:title":"Radiator de r\u0103cire la motoarele R175\/180 pentru motobloc","twitter:description":"Destinat pentru a r\u0103ci motorului cu ardere intern\u0103 a motoblocului, elimin\u00e2nd c\u0103ldura pieselor motorului \u00een atmosfer\u0103 prin lichidul de r\u0103cire \u0219i ventilator.","twitter:image":"https:\/\/bunuri.md\/wp-content\/uploads\/2022\/10\/logobu.png"},"aioseo_meta_data":{"post_id":"2261","title":"Radiator de r\u0103cire la motoarele R175\/180 pentru motobloc","description":"Destinat pentru a r\u0103ci motorului cu ardere intern\u0103 a motoblocului, elimin\u00e2nd c\u0103ldura pieselor motorului \u00een atmosfer\u0103 prin lichidul de r\u0103cire \u0219i ventilator.","keywords":null,"keyphrases":{"focus":{"keyphrase":"","score":0,"analysis":{"keyphraseInTitle":{"score":0,"maxScore":9,"error":1}}},"additional":[]},"primary_term":null,"canonical_url":null,"og_title":null,"og_description":null,"og_object_type":"default","og_image_type":"default","og_image_url":null,"og_image_width":null,"og_image_height":null,"og_image_custom_url":null,"og_image_custom_fields":null,"og_video":"","og_custom_url":null,"og_article_section":null,"og_article_tags":null,"twitter_use_og":false,"twitter_card":"default","twitter_image_type":"default","twitter_image_url":null,"twitter_image_custom_url":null,"twitter_image_custom_fields":null,"twitter_title":null,"twitter_description":null,"schema":{"blockGraphs":[],"customGraphs":[],"default":{"data":{"Article":[],"Course":[],"Dataset":[],"FAQPage":[],"Movie":[],"Person":[],"Product":[],"ProductReview":[],"Car":[],"Recipe":[],"Service":[],"SoftwareApplication":[],"WebPage":[]},"graphName":"ItemPage","isEnabled":true},"graphs":[]},"schema_type":"default","schema_type_options":"{\"article\":{\"articleType\":\"BlogPosting\"},\"course\":{\"name\":\"\",\"description\":\"\",\"provider\":\"\"},\"faq\":{\"pages\":[]},\"product\":{\"reviews\":[]},\"recipe\":{\"ingredients\":[],\"instructions\":[],\"keywords\":[]},\"software\":{\"reviews\":[],\"operatingSystems\":[]},\"webPage\":{\"webPageType\":\"WebPage\"}}","pillar_content":false,"robots_default":true,"robots_noindex":false,"robots_noarchive":false,"robots_nosnippet":false,"robots_nofollow":false,"robots_noimageindex":false,"robots_noodp":false,"robots_notranslate":false,"robots_max_snippet":"-1","robots_max_videopreview":"-1","robots_max_imagepreview":"large","priority":null,"frequency":"default","local_seo":null,"seo_analyzer_scan_date":null,"breadcrumb_settings":null,"limit_modified_date":false,"reviewed_by":null,"open_ai":"{\"title\":{\"suggestions\":[],\"usage\":0},\"description\":{\"suggestions\":[],\"usage\":0}}","ai":null,"created":"2020-12-20 21:08:56","updated":"2025-05-30 03:38:09"},"aioseo_breadcrumb":"<div class=\"aioseo-breadcrumbs\"><span class=\"aioseo-breadcrumb\">\n\t<a href=\"https:\/\/bunuri.md\/ro\/\" title=\"Home\">Home<\/a>\n<\/span><span class=\"aioseo-breadcrumb-separator\">\u00bb<\/span><span class=\"aioseo-breadcrumb\">\n\t<a href=\"https:\/\/bunuri.md\/ro\/shop-2\/\" title=\"Magazin\">Magazin<\/a>\n<\/span><span class=\"aioseo-breadcrumb-separator\">\u00bb<\/span><span class=\"aioseo-breadcrumb\">\n\t<a href=\"https:\/\/bunuri.md\/ro\/product-category\/piese-pentru-motoblocuri\/\" title=\"Piese de schimb pentru tractoare \u0219i motoblocuri\">Piese de schimb pentru tractoare \u0219i motoblocuri<\/a>\n<\/span><span class=\"aioseo-breadcrumb-separator\">\u00bb<\/span><span class=\"aioseo-breadcrumb\">\n\tRadiator de r\u0103cire la motoarele R175\/180 pentru motobloc\n<\/span><\/div>","aioseo_breadcrumb_json":[{"label":"Home","link":"https:\/\/bunuri.md\/ro\/"},{"label":"Magazin","link":"https:\/\/bunuri.md\/ro\/shop-2\/"},{"label":"Piese de schimb pentru tractoare \u0219i motoblocuri","link":"https:\/\/bunuri.md\/ro\/product-category\/piese-pentru-motoblocuri\/"},{"label":"Radiator de r\u0103cire la motoarele R175\/180 pentru motobloc","link":"https:\/\/bunuri.md\/ro\/shop\/radiatoare-de-racire-pentru-motoblocuri-r175-r180-r190-r195\/"}],"brands":[],"_links":{"self":[{"href":"https:\/\/bunuri.md\/ro\/wp-json\/wp\/v2\/product\/2261","targetHints":{"allow":["GET"]}}],"collection":[{"href":"https:\/\/bunuri.md\/ro\/wp-json\/wp\/v2\/product"}],"about":[{"href":"https:\/\/bunuri.md\/ro\/wp-json\/wp\/v2\/types\/product"}],"replies":[{"embeddable":true,"href":"https:\/\/bunuri.md\/ro\/wp-json\/wp\/v2\/comments?post=2261"}],"wp:featuredmedia":[{"embeddable":true,"href":"https:\/\/bunuri.md\/ro\/wp-json\/wp\/v2\/media\/6998"}],"wp:attachment":[{"href":"https:\/\/bunuri.md\/ro\/wp-json\/wp\/v2\/media?parent=2261"}],"wp:term":[{"taxonomy":"pwb-brand","embeddable":true,"href":"https:\/\/bunuri.md\/ro\/wp-json\/wp\/v2\/pwb-brand?post=2261"},{"taxonomy":"product_brand","embeddable":true,"href":"https:\/\/bunuri.md\/ro\/wp-json\/wp\/v2\/product_brand?post=2261"},{"taxonomy":"product_cat","embeddable":true,"href":"https:\/\/bunuri.md\/ro\/wp-json\/wp\/v2\/product_cat?post=2261"},{"taxonomy":"product_tag","embeddable":true,"href":"https:\/\/bunuri.md\/ro\/wp-json\/wp\/v2\/product_tag?post=2261"}],"curies":[{"name":"wp","href":"https:\/\/api.w.org\/{rel}","templated":true}]}}