{"id":2536,"date":"2020-08-09T21:04:39","date_gmt":"2020-08-09T18:04:39","guid":{"rendered":"https:\/\/bunuri.md\/shop\/carburatoare-pentru-ferestraie-cu-lant\/"},"modified":"2022-11-12T22:51:58","modified_gmt":"2022-11-12T19:51:58","slug":"carburatoare-pentru-ferestraie-cu-lant","status":"publish","type":"product","link":"https:\/\/bunuri.md\/ro\/shop\/carburatoare-pentru-ferestraie-cu-lant\/","title":{"rendered":"Carburator la motoferestrau 45CM3, 52CM3, 58CM3, cu pompa"},"content":{"rendered":"<p><a href=\"https:\/\/bunuri.md\/ro\/product-category\/ferestrau-cu-lant\/\"><strong>Carburator la motoferestrau 45CM3, 52CM3, 58CM3, cu pompa<\/strong><\/a><br \/>\n<strong>In timpul functionarii unui carburator <\/strong> aerul trece prin tub cu o vitez\u0103 controlat\u0103 de amortizor. Deschiderea tubului activeaz\u0103 plutitorul. Fluxul de aer, care trece prin difuzor, se amestec\u0103 cu combustibilul \u0219i este atomizat. Amestecul rezultat intr\u0103 \u00een cilindru prin orificiul de admisie. Presiunea din camera cu plutitorul este aproape de atmosferic\u0103, iar presiunea din tubul de aer este rarefiat\u0103. Aceast\u0103 diferen\u021b\u0103 de presiune este necesar\u0103 pentru a aspira combustibilul \u00een tub. Cu c\u00e2t este furnizat mai mult combustibil, cu at\u00e2t viteza motorului este mai mare. Aceasta este structura general\u0103 \u0219i principiul func\u021bion\u0103rii carburatorului unui ferestrau cu lan\u021b.<\/p>\n","protected":false},"excerpt":{"rendered":"<p>Preparara compozi\u021bia amestecului de combustibil prin amestecarea benzinei cu aer \u0219i regleaza cantit\u0103\u021bea de alimentare c\u0103tre camera de ardere a motorului.<\/p>\n","protected":false},"featured_media":2535,"comment_status":"open","ping_status":"closed","template":"","meta":{"om_disable_all_campaigns":false},"pwb-brand":[],"product_brand":[],"product_cat":[411],"product_tag":[],"class_list":{"0":"post-2536","1":"product","2":"type-product","3":"status-publish","4":"has-post-thumbnail","6":"product_cat-piese-de-schimb-pentru-ferastraie-cu-lant","8":"first","9":"instock","10":"sale","11":"featured","12":"purchasable","13":"product-type-simple"},"aioseo_notices":[],"aioseo_head":"\n\t\t<!-- All in One SEO Pro 4.9.6.2 - aioseo.com -->\n\t<meta name=\"description\" content=\"Preparara compozi\u021bia amestecului de combustibil prin amestecarea benzinei cu aer \u0219i regleaza cantit\u0103\u021bea de alimentare c\u0103tre camera de ardere a motorului.\" \/>\n\t<meta name=\"robots\" content=\"max-image-preview:large\" \/>\n\t<link rel=\"canonical\" href=\"https:\/\/bunuri.md\/ro\/shop\/carburatoare-pentru-ferestraie-cu-lant\/\" \/>\n\t<meta name=\"generator\" content=\"All in One SEO Pro (AIOSEO) 4.9.6.2\" \/>\n\t\t<meta property=\"og:locale\" content=\"ro_RO\" \/>\n\t\t<meta property=\"og:site_name\" content=\"\u0418\u043d\u0442\u0435\u0440\u043d\u0435\u0442 \u043c\u0430\u0433\u0430\u0437\u0438\u043d \u041c\u043e\u043b\u0434\u043e\u0432\u0430 | Bunuri.md este un magazin online care livreaz\u0103 \u0219i comercializeaz\u0103 o gam\u0103 larg\u0103 de m\u0103rfuri de diverse categorii pe \u00eentreg teritoriul Republicii Moldova.\" \/>\n\t\t<meta property=\"og:type\" content=\"article\" \/>\n\t\t<meta property=\"og:title\" content=\"Carburator la motoferestrau 45CM3, 52CM3, 58CM3, cu pompa\" \/>\n\t\t<meta property=\"og:description\" content=\"Preparara compozi\u021bia amestecului de combustibil prin amestecarea benzinei cu aer \u0219i regleaza cantit\u0103\u021bea de alimentare c\u0103tre camera de ardere a motorului.\" \/>\n\t\t<meta property=\"og:url\" content=\"https:\/\/bunuri.md\/ro\/shop\/carburatoare-pentru-ferestraie-cu-lant\/\" \/>\n\t\t<meta property=\"og:image\" content=\"https:\/\/bunuri.md\/wp-content\/uploads\/2022\/10\/logobu.png\" \/>\n\t\t<meta property=\"og:image:secure_url\" content=\"https:\/\/bunuri.md\/wp-content\/uploads\/2022\/10\/logobu.png\" \/>\n\t\t<meta property=\"og:image:width\" content=\"200\" \/>\n\t\t<meta property=\"og:image:height\" content=\"200\" \/>\n\t\t<meta property=\"article:published_time\" content=\"2020-08-09T18:04:39+00:00\" \/>\n\t\t<meta property=\"article:modified_time\" content=\"2022-11-12T19:51:58+00:00\" \/>\n\t\t<meta property=\"article:publisher\" content=\"https:\/\/facebook.com\/https:\/\/www.facebook.com\/bunurimag\" \/>\n\t\t<meta name=\"twitter:card\" content=\"summary\" \/>\n\t\t<meta name=\"twitter:site\" content=\"@https:\" \/>\n\t\t<meta name=\"twitter:title\" content=\"Carburator la motoferestrau 45CM3, 52CM3, 58CM3, cu pompa\" \/>\n\t\t<meta name=\"twitter:description\" content=\"Preparara compozi\u021bia amestecului de combustibil prin amestecarea benzinei cu aer \u0219i regleaza cantit\u0103\u021bea de alimentare c\u0103tre camera de ardere a motorului.\" \/>\n\t\t<meta name=\"twitter:image\" content=\"https:\/\/bunuri.md\/wp-content\/uploads\/2022\/10\/logobu.png\" \/>\n\t\t<script type=\"application\/ld+json\" class=\"aioseo-schema\">\n\t\t\t{\"@context\":\"https:\\\/\\\/schema.org\",\"@graph\":[{\"@type\":\"BreadcrumbList\",\"@id\":\"https:\\\/\\\/bunuri.md\\\/ro\\\/shop\\\/carburatoare-pentru-ferestraie-cu-lant\\\/#breadcrumblist\",\"itemListElement\":[{\"@type\":\"ListItem\",\"@id\":\"https:\\\/\\\/bunuri.md\\\/ro\\\/#listItem\",\"position\":1,\"name\":\"Home\",\"item\":\"https:\\\/\\\/bunuri.md\\\/ro\\\/\",\"nextItem\":{\"@type\":\"ListItem\",\"@id\":\"https:\\\/\\\/bunuri.md\\\/ro\\\/shop-2\\\/#listItem\",\"name\":\"Magazin\"}},{\"@type\":\"ListItem\",\"@id\":\"https:\\\/\\\/bunuri.md\\\/ro\\\/shop-2\\\/#listItem\",\"position\":2,\"name\":\"Magazin\",\"item\":\"https:\\\/\\\/bunuri.md\\\/ro\\\/shop-2\\\/\",\"nextItem\":{\"@type\":\"ListItem\",\"@id\":\"https:\\\/\\\/bunuri.md\\\/ro\\\/product-category\\\/piese-de-schimb-pentru-ferastraie-cu-lant\\\/#listItem\",\"name\":\"Piese de schimb pentru fer\\u0103straie cu lan\\u021b\"},\"previousItem\":{\"@type\":\"ListItem\",\"@id\":\"https:\\\/\\\/bunuri.md\\\/ro\\\/#listItem\",\"name\":\"Home\"}},{\"@type\":\"ListItem\",\"@id\":\"https:\\\/\\\/bunuri.md\\\/ro\\\/product-category\\\/piese-de-schimb-pentru-ferastraie-cu-lant\\\/#listItem\",\"position\":3,\"name\":\"Piese de schimb pentru fer\\u0103straie cu lan\\u021b\",\"item\":\"https:\\\/\\\/bunuri.md\\\/ro\\\/product-category\\\/piese-de-schimb-pentru-ferastraie-cu-lant\\\/\",\"nextItem\":{\"@type\":\"ListItem\",\"@id\":\"https:\\\/\\\/bunuri.md\\\/ro\\\/shop\\\/carburatoare-pentru-ferestraie-cu-lant\\\/#listItem\",\"name\":\"Carburator la motoferestrau 45CM3, 52CM3, 58CM3, cu pompa\"},\"previousItem\":{\"@type\":\"ListItem\",\"@id\":\"https:\\\/\\\/bunuri.md\\\/ro\\\/shop-2\\\/#listItem\",\"name\":\"Magazin\"}},{\"@type\":\"ListItem\",\"@id\":\"https:\\\/\\\/bunuri.md\\\/ro\\\/shop\\\/carburatoare-pentru-ferestraie-cu-lant\\\/#listItem\",\"position\":4,\"name\":\"Carburator la motoferestrau 45CM3, 52CM3, 58CM3, cu pompa\",\"previousItem\":{\"@type\":\"ListItem\",\"@id\":\"https:\\\/\\\/bunuri.md\\\/ro\\\/product-category\\\/piese-de-schimb-pentru-ferastraie-cu-lant\\\/#listItem\",\"name\":\"Piese de schimb pentru fer\\u0103straie cu lan\\u021b\"}}]},{\"@type\":\"ItemPage\",\"@id\":\"https:\\\/\\\/bunuri.md\\\/ro\\\/shop\\\/carburatoare-pentru-ferestraie-cu-lant\\\/#itempage\",\"url\":\"https:\\\/\\\/bunuri.md\\\/ro\\\/shop\\\/carburatoare-pentru-ferestraie-cu-lant\\\/\",\"name\":\"Carburator la motoferestrau 45CM3, 52CM3, 58CM3, cu pompa\",\"description\":\"Preparara compozi\\u021bia amestecului de combustibil prin amestecarea benzinei cu aer \\u0219i regleaza cantit\\u0103\\u021bea de alimentare c\\u0103tre camera de ardere a motorului.\",\"inLanguage\":\"ro-RO\",\"isPartOf\":{\"@id\":\"https:\\\/\\\/bunuri.md\\\/ro\\\/#website\"},\"breadcrumb\":{\"@id\":\"https:\\\/\\\/bunuri.md\\\/ro\\\/shop\\\/carburatoare-pentru-ferestraie-cu-lant\\\/#breadcrumblist\"},\"image\":{\"@type\":\"ImageObject\",\"url\":\"https:\\\/\\\/bunuri.md\\\/wp-content\\\/uploads\\\/2020\\\/08\\\/carb-1.png\",\"@id\":\"https:\\\/\\\/bunuri.md\\\/ro\\\/shop\\\/carburatoare-pentru-ferestraie-cu-lant\\\/#mainImage\",\"width\":888,\"height\":400,\"caption\":\"carb-1\"},\"primaryImageOfPage\":{\"@id\":\"https:\\\/\\\/bunuri.md\\\/ro\\\/shop\\\/carburatoare-pentru-ferestraie-cu-lant\\\/#mainImage\"},\"datePublished\":\"2020-08-09T21:04:39+03:00\",\"dateModified\":\"2022-11-12T22:51:58+03:00\"},{\"@type\":\"Organization\",\"@id\":\"https:\\\/\\\/bunuri.md\\\/ro\\\/#organization\",\"name\":\"\\u00centreprinderea Individual\\u0103 \\\"Buldumac Aliona\\\"\",\"description\":\"\\u0418\\u041f \\u00ab\\u0411\\u0443\\u043b\\u0434\\u0443\\u043c\\u0430\\u043a \\u0410\\u043b\\u0435\\u043d\\u0430\\u00bb - \\u044d\\u0442\\u043e \\u043d\\u0430\\u0434\\u0451\\u0436\\u043d\\u044b\\u0439 \\u0438 \\u043e\\u0440\\u0438\\u0435\\u043d\\u0442\\u0438\\u0440\\u043e\\u0432\\u0430\\u043d\\u043d\\u044b\\u0439 \\u043d\\u0430 \\u043a\\u043b\\u0438\\u0435\\u043d\\u0442\\u0430 \\u0431\\u0438\\u0437\\u043d\\u0435\\u0441, \\u043f\\u0440\\u0435\\u0434\\u043b\\u0430\\u0433\\u0430\\u044e\\u0449\\u0438\\u0439 \\u043a\\u0430\\u0447\\u0435\\u0441\\u0442\\u0432\\u0435\\u043d\\u043d\\u044b\\u0435 \\u0442\\u043e\\u0432\\u0430\\u0440\\u044b, \\u0443\\u0441\\u043b\\u0443\\u0433\\u0438 \\u0441 \\u0430\\u043a\\u0446\\u0435\\u043d\\u0442\\u043e\\u043c \\u043d\\u0430 \\u043f\\u0440\\u0430\\u043a\\u0442\\u0438\\u0447\\u043d\\u043e\\u0441\\u0442\\u044c \\u0438 \\u0447\\u0435\\u0441\\u0442\\u043d\\u044b\\u0439 \\u043f\\u043e\\u0434\\u0445\\u043e\\u0434.\",\"url\":\"https:\\\/\\\/bunuri.md\\\/ro\\\/\",\"email\":\"bunuri.md@gmail.com\",\"telephone\":\"+37379512557\",\"foundingDate\":\"2006-09-27\",\"numberOfEmployees\":{\"@type\":\"QuantitativeValue\",\"minValue\":0,\"maxValue\":4},\"logo\":{\"@type\":\"ImageObject\",\"url\":\"https:\\\/\\\/bunuri.md\\\/wp-content\\\/uploads\\\/2022\\\/08\\\/logo-bunuri.png\",\"@id\":\"https:\\\/\\\/bunuri.md\\\/ro\\\/shop\\\/carburatoare-pentru-ferestraie-cu-lant\\\/#organizationLogo\",\"width\":250,\"height\":250},\"image\":{\"@id\":\"https:\\\/\\\/bunuri.md\\\/ro\\\/shop\\\/carburatoare-pentru-ferestraie-cu-lant\\\/#organizationLogo\"},\"sameAs\":[\"https:\\\/\\\/facebook.com\\\/https:\\\/\\\/www.facebook.com\\\/bunurimag\",\"https:\\\/\\\/x.com\\\/https:\\\/\\\/www.facebook.com\\\/bunurimag\",\"https:\\\/\\\/instagram.com\\\/https:\\\/\\\/www.facebook.com\\\/bunurimag\",\"https:\\\/\\\/pinterest.com\\\/https:\\\/\\\/www.facebook.com\\\/bunurimag\",\"https:\\\/\\\/youtube.com\\\/https:\\\/\\\/www.facebook.com\\\/bunurimag\",\"https:\\\/\\\/linkedin.com\\\/in\\\/https:\\\/\\\/www.facebook.com\\\/bunurimag\",\"https:\\\/\\\/soundcloud.com\\\/https:\\\/\\\/www.facebook.com\\\/bunurimag\"],\"address\":{\"@id\":\"https:\\\/\\\/bunuri.md\\\/ro\\\/#postaladdress\",\"@type\":\"PostalAddress\",\"streetAddress\":\"\\u0420. \\u041c\\u043e\\u043b\\u0434\\u043e\\u0432\\u0430, \\u0433. \\u0425\\u044b\\u043d\\u0447\\u0435\\u0448\\u0442\\u044b\",\"postalCode\":\"3401\",\"addressLocality\":\"\\u0425\\u044b\\u043d\\u0447\\u0435\\u0448\\u0442\\u044b\",\"addressRegion\":\"Moldova\",\"addressCountry\":\"MD\"}},{\"@type\":\"WebPage\",\"@id\":\"https:\\\/\\\/bunuri.md\\\/ro\\\/shop\\\/carburatoare-pentru-ferestraie-cu-lant\\\/#webpage\",\"url\":\"https:\\\/\\\/bunuri.md\\\/ro\\\/shop\\\/carburatoare-pentru-ferestraie-cu-lant\\\/\",\"name\":\"Carburator la motoferestrau 45CM3, 52CM3, 58CM3, cu pompa\",\"description\":\"Preparara compozi\\u021bia amestecului de combustibil prin amestecarea benzinei cu aer \\u0219i regleaza cantit\\u0103\\u021bea de alimentare c\\u0103tre camera de ardere a motorului.\",\"inLanguage\":\"ro-RO\",\"isPartOf\":{\"@id\":\"https:\\\/\\\/bunuri.md\\\/ro\\\/#website\"},\"breadcrumb\":{\"@id\":\"https:\\\/\\\/bunuri.md\\\/ro\\\/shop\\\/carburatoare-pentru-ferestraie-cu-lant\\\/#breadcrumblist\"},\"image\":{\"@type\":\"ImageObject\",\"url\":\"https:\\\/\\\/bunuri.md\\\/wp-content\\\/uploads\\\/2020\\\/08\\\/carb-1.png\",\"@id\":\"https:\\\/\\\/bunuri.md\\\/ro\\\/shop\\\/carburatoare-pentru-ferestraie-cu-lant\\\/#mainImage\",\"width\":888,\"height\":400,\"caption\":\"carb-1\"},\"primaryImageOfPage\":{\"@id\":\"https:\\\/\\\/bunuri.md\\\/ro\\\/shop\\\/carburatoare-pentru-ferestraie-cu-lant\\\/#mainImage\"},\"datePublished\":\"2020-08-09T21:04:39+03:00\",\"dateModified\":\"2022-11-12T22:51:58+03:00\"},{\"@type\":\"WebSite\",\"@id\":\"https:\\\/\\\/bunuri.md\\\/ro\\\/#website\",\"url\":\"https:\\\/\\\/bunuri.md\\\/ro\\\/\",\"name\":\"www.bunuri.md\",\"alternateName\":\"bunuri.md\",\"description\":\"Bunuri.md este un magazin online care livreaz\\u0103 \\u0219i comercializeaz\\u0103 o gam\\u0103 larg\\u0103 de m\\u0103rfuri de diverse categorii pe \\u00eentreg teritoriul Republicii Moldova.\",\"inLanguage\":\"ro-RO\",\"publisher\":{\"@id\":\"https:\\\/\\\/bunuri.md\\\/ro\\\/#organization\"}}]}\n\t\t<\/script>\n\t\t<!-- All in One SEO Pro -->\r\n\t\t<title>Carburator la motoferestrau 45CM3, 52CM3, 58CM3, cu pompa<\/title>\n\n","aioseo_head_json":{"title":"Carburator la motoferestrau 45CM3, 52CM3, 58CM3, cu pompa","description":"Preparara compozi\u021bia amestecului de combustibil prin amestecarea benzinei cu aer \u0219i regleaza cantit\u0103\u021bea de alimentare c\u0103tre camera de ardere a motorului.","canonical_url":"https:\/\/bunuri.md\/ro\/shop\/carburatoare-pentru-ferestraie-cu-lant\/","robots":"max-image-preview:large","keywords":"","webmasterTools":{"miscellaneous":""},"schema":{"@context":"https:\/\/schema.org","@graph":[{"@type":"BreadcrumbList","@id":"https:\/\/bunuri.md\/ro\/shop\/carburatoare-pentru-ferestraie-cu-lant\/#breadcrumblist","itemListElement":[{"@type":"ListItem","@id":"https:\/\/bunuri.md\/ro\/#listItem","position":1,"name":"Home","item":"https:\/\/bunuri.md\/ro\/","nextItem":{"@type":"ListItem","@id":"https:\/\/bunuri.md\/ro\/shop-2\/#listItem","name":"Magazin"}},{"@type":"ListItem","@id":"https:\/\/bunuri.md\/ro\/shop-2\/#listItem","position":2,"name":"Magazin","item":"https:\/\/bunuri.md\/ro\/shop-2\/","nextItem":{"@type":"ListItem","@id":"https:\/\/bunuri.md\/ro\/product-category\/piese-de-schimb-pentru-ferastraie-cu-lant\/#listItem","name":"Piese de schimb pentru fer\u0103straie cu lan\u021b"},"previousItem":{"@type":"ListItem","@id":"https:\/\/bunuri.md\/ro\/#listItem","name":"Home"}},{"@type":"ListItem","@id":"https:\/\/bunuri.md\/ro\/product-category\/piese-de-schimb-pentru-ferastraie-cu-lant\/#listItem","position":3,"name":"Piese de schimb pentru fer\u0103straie cu lan\u021b","item":"https:\/\/bunuri.md\/ro\/product-category\/piese-de-schimb-pentru-ferastraie-cu-lant\/","nextItem":{"@type":"ListItem","@id":"https:\/\/bunuri.md\/ro\/shop\/carburatoare-pentru-ferestraie-cu-lant\/#listItem","name":"Carburator la motoferestrau 45CM3, 52CM3, 58CM3, cu pompa"},"previousItem":{"@type":"ListItem","@id":"https:\/\/bunuri.md\/ro\/shop-2\/#listItem","name":"Magazin"}},{"@type":"ListItem","@id":"https:\/\/bunuri.md\/ro\/shop\/carburatoare-pentru-ferestraie-cu-lant\/#listItem","position":4,"name":"Carburator la motoferestrau 45CM3, 52CM3, 58CM3, cu pompa","previousItem":{"@type":"ListItem","@id":"https:\/\/bunuri.md\/ro\/product-category\/piese-de-schimb-pentru-ferastraie-cu-lant\/#listItem","name":"Piese de schimb pentru fer\u0103straie cu lan\u021b"}}]},{"@type":"ItemPage","@id":"https:\/\/bunuri.md\/ro\/shop\/carburatoare-pentru-ferestraie-cu-lant\/#itempage","url":"https:\/\/bunuri.md\/ro\/shop\/carburatoare-pentru-ferestraie-cu-lant\/","name":"Carburator la motoferestrau 45CM3, 52CM3, 58CM3, cu pompa","description":"Preparara compozi\u021bia amestecului de combustibil prin amestecarea benzinei cu aer \u0219i regleaza cantit\u0103\u021bea de alimentare c\u0103tre camera de ardere a motorului.","inLanguage":"ro-RO","isPartOf":{"@id":"https:\/\/bunuri.md\/ro\/#website"},"breadcrumb":{"@id":"https:\/\/bunuri.md\/ro\/shop\/carburatoare-pentru-ferestraie-cu-lant\/#breadcrumblist"},"image":{"@type":"ImageObject","url":"https:\/\/bunuri.md\/wp-content\/uploads\/2020\/08\/carb-1.png","@id":"https:\/\/bunuri.md\/ro\/shop\/carburatoare-pentru-ferestraie-cu-lant\/#mainImage","width":888,"height":400,"caption":"carb-1"},"primaryImageOfPage":{"@id":"https:\/\/bunuri.md\/ro\/shop\/carburatoare-pentru-ferestraie-cu-lant\/#mainImage"},"datePublished":"2020-08-09T21:04:39+03:00","dateModified":"2022-11-12T22:51:58+03:00"},{"@type":"Organization","@id":"https:\/\/bunuri.md\/ro\/#organization","name":"\u00centreprinderea Individual\u0103 \"Buldumac Aliona\"","description":"\u0418\u041f \u00ab\u0411\u0443\u043b\u0434\u0443\u043c\u0430\u043a \u0410\u043b\u0435\u043d\u0430\u00bb - \u044d\u0442\u043e \u043d\u0430\u0434\u0451\u0436\u043d\u044b\u0439 \u0438 \u043e\u0440\u0438\u0435\u043d\u0442\u0438\u0440\u043e\u0432\u0430\u043d\u043d\u044b\u0439 \u043d\u0430 \u043a\u043b\u0438\u0435\u043d\u0442\u0430 \u0431\u0438\u0437\u043d\u0435\u0441, \u043f\u0440\u0435\u0434\u043b\u0430\u0433\u0430\u044e\u0449\u0438\u0439 \u043a\u0430\u0447\u0435\u0441\u0442\u0432\u0435\u043d\u043d\u044b\u0435 \u0442\u043e\u0432\u0430\u0440\u044b, \u0443\u0441\u043b\u0443\u0433\u0438 \u0441 \u0430\u043a\u0446\u0435\u043d\u0442\u043e\u043c \u043d\u0430 \u043f\u0440\u0430\u043a\u0442\u0438\u0447\u043d\u043e\u0441\u0442\u044c \u0438 \u0447\u0435\u0441\u0442\u043d\u044b\u0439 \u043f\u043e\u0434\u0445\u043e\u0434.","url":"https:\/\/bunuri.md\/ro\/","email":"bunuri.md@gmail.com","telephone":"+37379512557","foundingDate":"2006-09-27","numberOfEmployees":{"@type":"QuantitativeValue","minValue":0,"maxValue":4},"logo":{"@type":"ImageObject","url":"https:\/\/bunuri.md\/wp-content\/uploads\/2022\/08\/logo-bunuri.png","@id":"https:\/\/bunuri.md\/ro\/shop\/carburatoare-pentru-ferestraie-cu-lant\/#organizationLogo","width":250,"height":250},"image":{"@id":"https:\/\/bunuri.md\/ro\/shop\/carburatoare-pentru-ferestraie-cu-lant\/#organizationLogo"},"sameAs":["https:\/\/facebook.com\/https:\/\/www.facebook.com\/bunurimag","https:\/\/x.com\/https:\/\/www.facebook.com\/bunurimag","https:\/\/instagram.com\/https:\/\/www.facebook.com\/bunurimag","https:\/\/pinterest.com\/https:\/\/www.facebook.com\/bunurimag","https:\/\/youtube.com\/https:\/\/www.facebook.com\/bunurimag","https:\/\/linkedin.com\/in\/https:\/\/www.facebook.com\/bunurimag","https:\/\/soundcloud.com\/https:\/\/www.facebook.com\/bunurimag"],"address":{"@id":"https:\/\/bunuri.md\/ro\/#postaladdress","@type":"PostalAddress","streetAddress":"\u0420. \u041c\u043e\u043b\u0434\u043e\u0432\u0430, \u0433. \u0425\u044b\u043d\u0447\u0435\u0448\u0442\u044b","postalCode":"3401","addressLocality":"\u0425\u044b\u043d\u0447\u0435\u0448\u0442\u044b","addressRegion":"Moldova","addressCountry":"MD"}},{"@type":"WebPage","@id":"https:\/\/bunuri.md\/ro\/shop\/carburatoare-pentru-ferestraie-cu-lant\/#webpage","url":"https:\/\/bunuri.md\/ro\/shop\/carburatoare-pentru-ferestraie-cu-lant\/","name":"Carburator la motoferestrau 45CM3, 52CM3, 58CM3, cu pompa","description":"Preparara compozi\u021bia amestecului de combustibil prin amestecarea benzinei cu aer \u0219i regleaza cantit\u0103\u021bea de alimentare c\u0103tre camera de ardere a motorului.","inLanguage":"ro-RO","isPartOf":{"@id":"https:\/\/bunuri.md\/ro\/#website"},"breadcrumb":{"@id":"https:\/\/bunuri.md\/ro\/shop\/carburatoare-pentru-ferestraie-cu-lant\/#breadcrumblist"},"image":{"@type":"ImageObject","url":"https:\/\/bunuri.md\/wp-content\/uploads\/2020\/08\/carb-1.png","@id":"https:\/\/bunuri.md\/ro\/shop\/carburatoare-pentru-ferestraie-cu-lant\/#mainImage","width":888,"height":400,"caption":"carb-1"},"primaryImageOfPage":{"@id":"https:\/\/bunuri.md\/ro\/shop\/carburatoare-pentru-ferestraie-cu-lant\/#mainImage"},"datePublished":"2020-08-09T21:04:39+03:00","dateModified":"2022-11-12T22:51:58+03:00"},{"@type":"WebSite","@id":"https:\/\/bunuri.md\/ro\/#website","url":"https:\/\/bunuri.md\/ro\/","name":"www.bunuri.md","alternateName":"bunuri.md","description":"Bunuri.md este un magazin online care livreaz\u0103 \u0219i comercializeaz\u0103 o gam\u0103 larg\u0103 de m\u0103rfuri de diverse categorii pe \u00eentreg teritoriul Republicii Moldova.","inLanguage":"ro-RO","publisher":{"@id":"https:\/\/bunuri.md\/ro\/#organization"}}]},"og:locale":"ro_RO","og:site_name":"\u0418\u043d\u0442\u0435\u0440\u043d\u0435\u0442 \u043c\u0430\u0433\u0430\u0437\u0438\u043d \u041c\u043e\u043b\u0434\u043e\u0432\u0430 | Bunuri.md este un magazin online care livreaz\u0103 \u0219i comercializeaz\u0103 o gam\u0103 larg\u0103 de m\u0103rfuri de diverse categorii pe \u00eentreg teritoriul Republicii Moldova.","og:type":"article","og:title":"Carburator la motoferestrau 45CM3, 52CM3, 58CM3, cu pompa","og:description":"Preparara compozi\u021bia amestecului de combustibil prin amestecarea benzinei cu aer \u0219i regleaza cantit\u0103\u021bea de alimentare c\u0103tre camera de ardere a motorului.","og:url":"https:\/\/bunuri.md\/ro\/shop\/carburatoare-pentru-ferestraie-cu-lant\/","og:image":"https:\/\/bunuri.md\/wp-content\/uploads\/2022\/10\/logobu.png","og:image:secure_url":"https:\/\/bunuri.md\/wp-content\/uploads\/2022\/10\/logobu.png","og:image:width":200,"og:image:height":200,"article:published_time":"2020-08-09T18:04:39+00:00","article:modified_time":"2022-11-12T19:51:58+00:00","article:publisher":"https:\/\/facebook.com\/https:\/\/www.facebook.com\/bunurimag","twitter:card":"summary","twitter:site":"@https:","twitter:title":"Carburator la motoferestrau 45CM3, 52CM3, 58CM3, cu pompa","twitter:description":"Preparara compozi\u021bia amestecului de combustibil prin amestecarea benzinei cu aer \u0219i regleaza cantit\u0103\u021bea de alimentare c\u0103tre camera de ardere a motorului.","twitter:image":"https:\/\/bunuri.md\/wp-content\/uploads\/2022\/10\/logobu.png"},"aioseo_meta_data":{"post_id":"2536","title":"Carburator la motoferestrau 45CM3, 52CM3, 58CM3, cu pompa","description":"Preparara compozi\u021bia amestecului de combustibil prin amestecarea benzinei cu aer \u0219i regleaza cantit\u0103\u021bea de alimentare c\u0103tre camera de ardere a motorului.","keywords":[],"keyphrases":{"focus":{"keyphrase":"","score":0,"analysis":{"keyphraseInTitle":{"score":0,"maxScore":9,"error":1}}},"additional":[]},"primary_term":null,"canonical_url":null,"og_title":null,"og_description":null,"og_object_type":"default","og_image_type":"default","og_image_url":null,"og_image_width":null,"og_image_height":null,"og_image_custom_url":null,"og_image_custom_fields":null,"og_video":"","og_custom_url":null,"og_article_section":null,"og_article_tags":[],"twitter_use_og":false,"twitter_card":"default","twitter_image_type":"default","twitter_image_url":null,"twitter_image_custom_url":null,"twitter_image_custom_fields":null,"twitter_title":null,"twitter_description":null,"schema":{"blockGraphs":[],"customGraphs":[],"default":{"data":{"Article":[],"Course":[],"Dataset":[],"FAQPage":[],"Movie":[],"Person":[],"Product":[],"ProductReview":[],"Car":[],"Recipe":[],"Service":[],"SoftwareApplication":[],"WebPage":[]},"graphName":"ItemPage","isEnabled":true},"graphs":[],"defaultGraph":"","defaultPostTypeGraph":""},"schema_type":null,"schema_type_options":null,"pillar_content":false,"robots_default":true,"robots_noindex":false,"robots_noarchive":false,"robots_nosnippet":false,"robots_nofollow":false,"robots_noimageindex":false,"robots_noodp":false,"robots_notranslate":false,"robots_max_snippet":"-1","robots_max_videopreview":"-1","robots_max_imagepreview":"large","priority":null,"frequency":"default","local_seo":null,"seo_analyzer_scan_date":null,"breadcrumb_settings":null,"limit_modified_date":false,"reviewed_by":null,"open_ai":null,"ai":null,"created":"2020-12-20 21:08:57","updated":"2025-05-30 03:40:30"},"aioseo_breadcrumb":"<div class=\"aioseo-breadcrumbs\"><span class=\"aioseo-breadcrumb\">\n\t<a href=\"https:\/\/bunuri.md\/ro\/\" title=\"Home\">Home<\/a>\n<\/span><span class=\"aioseo-breadcrumb-separator\">\u00bb<\/span><span class=\"aioseo-breadcrumb\">\n\t<a href=\"https:\/\/bunuri.md\/ro\/shop-2\/\" title=\"Magazin\">Magazin<\/a>\n<\/span><span class=\"aioseo-breadcrumb-separator\">\u00bb<\/span><span class=\"aioseo-breadcrumb\">\n\t<a href=\"https:\/\/bunuri.md\/ro\/product-category\/piese-de-schimb-pentru-ferastraie-cu-lant\/\" title=\"Piese de schimb pentru fer\u0103straie cu lan\u021b\">Piese de schimb pentru fer\u0103straie cu lan\u021b<\/a>\n<\/span><span class=\"aioseo-breadcrumb-separator\">\u00bb<\/span><span class=\"aioseo-breadcrumb\">\n\tCarburator la motoferestrau 45CM3, 52CM3, 58CM3, cu pompa\n<\/span><\/div>","aioseo_breadcrumb_json":[{"label":"Home","link":"https:\/\/bunuri.md\/ro\/"},{"label":"Magazin","link":"https:\/\/bunuri.md\/ro\/shop-2\/"},{"label":"Piese de schimb pentru fer\u0103straie cu lan\u021b","link":"https:\/\/bunuri.md\/ro\/product-category\/piese-de-schimb-pentru-ferastraie-cu-lant\/"},{"label":"Carburator la motoferestrau 45CM3, 52CM3, 58CM3, cu pompa","link":"https:\/\/bunuri.md\/ro\/shop\/carburatoare-pentru-ferestraie-cu-lant\/"}],"brands":[],"_links":{"self":[{"href":"https:\/\/bunuri.md\/ro\/wp-json\/wp\/v2\/product\/2536","targetHints":{"allow":["GET"]}}],"collection":[{"href":"https:\/\/bunuri.md\/ro\/wp-json\/wp\/v2\/product"}],"about":[{"href":"https:\/\/bunuri.md\/ro\/wp-json\/wp\/v2\/types\/product"}],"replies":[{"embeddable":true,"href":"https:\/\/bunuri.md\/ro\/wp-json\/wp\/v2\/comments?post=2536"}],"wp:featuredmedia":[{"embeddable":true,"href":"https:\/\/bunuri.md\/ro\/wp-json\/wp\/v2\/media\/2535"}],"wp:attachment":[{"href":"https:\/\/bunuri.md\/ro\/wp-json\/wp\/v2\/media?parent=2536"}],"wp:term":[{"taxonomy":"pwb-brand","embeddable":true,"href":"https:\/\/bunuri.md\/ro\/wp-json\/wp\/v2\/pwb-brand?post=2536"},{"taxonomy":"product_brand","embeddable":true,"href":"https:\/\/bunuri.md\/ro\/wp-json\/wp\/v2\/product_brand?post=2536"},{"taxonomy":"product_cat","embeddable":true,"href":"https:\/\/bunuri.md\/ro\/wp-json\/wp\/v2\/product_cat?post=2536"},{"taxonomy":"product_tag","embeddable":true,"href":"https:\/\/bunuri.md\/ro\/wp-json\/wp\/v2\/product_tag?post=2536"}],"curies":[{"name":"wp","href":"https:\/\/api.w.org\/{rel}","templated":true}]}}