{"id":2922,"date":"2020-05-28T21:31:10","date_gmt":"2020-05-28T18:31:10","guid":{"rendered":"https:\/\/bunuri.md\/shop\/receptor-mgs-2020-dvb-t2-cu-cod-video-h-265\/"},"modified":"2022-11-14T22:31:46","modified_gmt":"2022-11-14T19:31:46","slug":"receptor-mgs-2020-dvb-t2-cu-cod-video-h-265","status":"publish","type":"product","link":"https:\/\/bunuri.md\/ro\/shop\/receptor-mgs-2020-dvb-t2-cu-cod-video-h-265\/","title":{"rendered":"Resiver MGS 2020 DVB-T2 cu cod video H.265"},"content":{"rendered":"<p><a href=\"https:\/\/bunuri.md\/ro\/noutatile-magazinului\/2863\/\">RESIVERUL MGS 2020 DVB-T2 CU COD VIDEO H.265<\/a> este un tuner digital pentru recep\u021bia de canale terestre \u00een calitate Full HD 1080p. Acest tuner poate primi, de asemenea, gratuit, peste 100 de canale TV prin IPTV. Meniul este simplu, v\u0103 permite s\u0103 configura\u021bi rapid canalele. Are func\u021bie PVR, pentru \u00eenregistrare pe suport USB extern, TimeShift. Echipat cu indicatoare LED pe partea din fa\u021b\u0103. Telecomand\u0103 func\u021bional\u0103 \u0219i u\u0219or de utilzat.<br \/>\n<strong>Haracterictici tehnice:<\/strong><\/p>\n<p><strong> Standard de codare video: H.265. <\/strong><br \/>\nGama de frecven\u021b\u0103: VHF 174 MHz-230 MHz, UNF 470 MHZ-868 MHz.<br \/>\nL\u0103\u021bime de band\u0103: 6 MHz, 7 MHz, 8 MHz.<br \/>\nImpedan\u021b\u0103 de intrare: 75 ohmi.<br \/>\nRata codului: DVB-T2.<br \/>\nTensiunea de intrare: 5,0 V.<br \/>\nConsum de energie: 7,5 W.<br \/>\nModul de decodare a afi\u0219ajului: PAL, NTSC.<br \/>\nTensiunea de alimentare activ\u0103 a antenei: 5,0 V.<\/p>\n","protected":false},"excerpt":{"rendered":"<p>Este tuner digital pentru recep\u021bia de canale terestre \u00een calitate Full HD 1080p. Poate primi, de asemenea, gratuit, peste 100 de canale TV prin IPTV.<\/p>\n","protected":false},"featured_media":6461,"comment_status":"open","ping_status":"closed","template":"","meta":{"om_disable_all_campaigns":false},"pwb-brand":[],"product_brand":[],"product_cat":[356],"product_tag":[],"class_list":{"0":"post-2922","1":"product","2":"type-product","3":"status-publish","4":"has-post-thumbnail","6":"product_cat-uncategorized","8":"first","9":"instock","10":"sale","11":"featured","12":"purchasable","13":"product-type-simple"},"aioseo_notices":[],"aioseo_head":"\n\t\t<!-- All in One SEO Pro 4.9.6.2 - aioseo.com -->\n\t<meta name=\"description\" content=\"Acesta este tuner digital pentru recep\u021bia de canale terestre \u00een Full HD 1080p de \u00eenalt\u0103 calitate. Meniul este simplu, v\u0103 permite s\u0103 configura\u021bi rapid canalele.\" \/>\n\t<meta name=\"robots\" content=\"max-image-preview:large\" \/>\n\t<link rel=\"canonical\" href=\"https:\/\/bunuri.md\/ro\/shop\/receptor-mgs-2020-dvb-t2-cu-cod-video-h-265\/\" \/>\n\t<meta name=\"generator\" content=\"All in One SEO Pro (AIOSEO) 4.9.6.2\" \/>\n\t\t<meta property=\"og:locale\" content=\"ro_RO\" \/>\n\t\t<meta property=\"og:site_name\" content=\"\u0418\u043d\u0442\u0435\u0440\u043d\u0435\u0442 \u043c\u0430\u0433\u0430\u0437\u0438\u043d \u041c\u043e\u043b\u0434\u043e\u0432\u0430 | Bunuri.md este un magazin online care livreaz\u0103 \u0219i comercializeaz\u0103 o gam\u0103 larg\u0103 de m\u0103rfuri de diverse categorii pe \u00eentreg teritoriul Republicii Moldova.\" \/>\n\t\t<meta property=\"og:type\" content=\"article\" \/>\n\t\t<meta property=\"og:title\" content=\"Resiver MGS 2020 DVB-T2 cu cod video H.265\" \/>\n\t\t<meta property=\"og:description\" content=\"Acesta este tuner digital pentru recep\u021bia de canale terestre \u00een Full HD 1080p de \u00eenalt\u0103 calitate. Meniul este simplu, v\u0103 permite s\u0103 configura\u021bi rapid canalele.\" \/>\n\t\t<meta property=\"og:url\" content=\"https:\/\/bunuri.md\/ro\/shop\/receptor-mgs-2020-dvb-t2-cu-cod-video-h-265\/\" \/>\n\t\t<meta property=\"og:image\" content=\"https:\/\/bunuri.md\/wp-content\/uploads\/2022\/10\/logobu.png\" \/>\n\t\t<meta property=\"og:image:secure_url\" content=\"https:\/\/bunuri.md\/wp-content\/uploads\/2022\/10\/logobu.png\" \/>\n\t\t<meta property=\"og:image:width\" content=\"200\" \/>\n\t\t<meta property=\"og:image:height\" content=\"200\" \/>\n\t\t<meta property=\"article:published_time\" content=\"2020-05-28T18:31:10+00:00\" \/>\n\t\t<meta property=\"article:modified_time\" content=\"2022-11-14T19:31:46+00:00\" \/>\n\t\t<meta property=\"article:publisher\" content=\"https:\/\/facebook.com\/https:\/\/www.facebook.com\/bunurimag\" \/>\n\t\t<meta name=\"twitter:card\" content=\"summary\" \/>\n\t\t<meta name=\"twitter:site\" content=\"@https:\" \/>\n\t\t<meta name=\"twitter:title\" content=\"Resiver MGS 2020 DVB-T2 cu cod video H.265\" \/>\n\t\t<meta name=\"twitter:description\" content=\"Acesta este tuner digital pentru recep\u021bia de canale terestre \u00een Full HD 1080p de \u00eenalt\u0103 calitate. Meniul este simplu, v\u0103 permite s\u0103 configura\u021bi rapid canalele.\" \/>\n\t\t<meta name=\"twitter:image\" content=\"https:\/\/bunuri.md\/wp-content\/uploads\/2022\/10\/logobu.png\" \/>\n\t\t<script type=\"application\/ld+json\" class=\"aioseo-schema\">\n\t\t\t{\"@context\":\"https:\\\/\\\/schema.org\",\"@graph\":[{\"@type\":\"BreadcrumbList\",\"@id\":\"https:\\\/\\\/bunuri.md\\\/ro\\\/shop\\\/receptor-mgs-2020-dvb-t2-cu-cod-video-h-265\\\/#breadcrumblist\",\"itemListElement\":[{\"@type\":\"ListItem\",\"@id\":\"https:\\\/\\\/bunuri.md\\\/ro\\\/#listItem\",\"position\":1,\"name\":\"Home\",\"item\":\"https:\\\/\\\/bunuri.md\\\/ro\\\/\",\"nextItem\":{\"@type\":\"ListItem\",\"@id\":\"https:\\\/\\\/bunuri.md\\\/ro\\\/shop-2\\\/#listItem\",\"name\":\"Magazin\"}},{\"@type\":\"ListItem\",\"@id\":\"https:\\\/\\\/bunuri.md\\\/ro\\\/shop-2\\\/#listItem\",\"position\":2,\"name\":\"Magazin\",\"item\":\"https:\\\/\\\/bunuri.md\\\/ro\\\/shop-2\\\/\",\"nextItem\":{\"@type\":\"ListItem\",\"@id\":\"https:\\\/\\\/bunuri.md\\\/product-category\\\/uncategorized\\\/#listItem\",\"name\":\"\\u0411\\u0435\\u0437 \\u043a\\u0430\\u0442\\u0435\\u0433\\u043e\\u0440\\u0438\\u0438\"},\"previousItem\":{\"@type\":\"ListItem\",\"@id\":\"https:\\\/\\\/bunuri.md\\\/ro\\\/#listItem\",\"name\":\"Home\"}},{\"@type\":\"ListItem\",\"@id\":\"https:\\\/\\\/bunuri.md\\\/product-category\\\/uncategorized\\\/#listItem\",\"position\":3,\"name\":\"\\u0411\\u0435\\u0437 \\u043a\\u0430\\u0442\\u0435\\u0433\\u043e\\u0440\\u0438\\u0438\",\"item\":\"https:\\\/\\\/bunuri.md\\\/product-category\\\/uncategorized\\\/\",\"nextItem\":{\"@type\":\"ListItem\",\"@id\":\"https:\\\/\\\/bunuri.md\\\/ro\\\/shop\\\/receptor-mgs-2020-dvb-t2-cu-cod-video-h-265\\\/#listItem\",\"name\":\"Resiver MGS 2020 DVB-T2 cu cod video H.265\"},\"previousItem\":{\"@type\":\"ListItem\",\"@id\":\"https:\\\/\\\/bunuri.md\\\/ro\\\/shop-2\\\/#listItem\",\"name\":\"Magazin\"}},{\"@type\":\"ListItem\",\"@id\":\"https:\\\/\\\/bunuri.md\\\/ro\\\/shop\\\/receptor-mgs-2020-dvb-t2-cu-cod-video-h-265\\\/#listItem\",\"position\":4,\"name\":\"Resiver MGS 2020 DVB-T2 cu cod video H.265\",\"previousItem\":{\"@type\":\"ListItem\",\"@id\":\"https:\\\/\\\/bunuri.md\\\/product-category\\\/uncategorized\\\/#listItem\",\"name\":\"\\u0411\\u0435\\u0437 \\u043a\\u0430\\u0442\\u0435\\u0433\\u043e\\u0440\\u0438\\u0438\"}}]},{\"@type\":\"ItemPage\",\"@id\":\"https:\\\/\\\/bunuri.md\\\/ro\\\/shop\\\/receptor-mgs-2020-dvb-t2-cu-cod-video-h-265\\\/#itempage\",\"url\":\"https:\\\/\\\/bunuri.md\\\/ro\\\/shop\\\/receptor-mgs-2020-dvb-t2-cu-cod-video-h-265\\\/\",\"name\":\"Resiver MGS 2020 DVB-T2 cu cod video H.265\",\"description\":\"Acesta este tuner digital pentru recep\\u021bia de canale terestre \\u00een Full HD 1080p de \\u00eenalt\\u0103 calitate. Meniul este simplu, v\\u0103 permite s\\u0103 configura\\u021bi rapid canalele.\",\"inLanguage\":\"ro-RO\",\"isPartOf\":{\"@id\":\"https:\\\/\\\/bunuri.md\\\/ro\\\/#website\"},\"breadcrumb\":{\"@id\":\"https:\\\/\\\/bunuri.md\\\/ro\\\/shop\\\/receptor-mgs-2020-dvb-t2-cu-cod-video-h-265\\\/#breadcrumblist\"},\"image\":{\"@type\":\"ImageObject\",\"url\":\"https:\\\/\\\/bunuri.md\\\/wp-content\\\/uploads\\\/2022\\\/11\\\/Tiuner_T2_MGS_2020.png\",\"@id\":\"https:\\\/\\\/bunuri.md\\\/ro\\\/shop\\\/receptor-mgs-2020-dvb-t2-cu-cod-video-h-265\\\/#mainImage\",\"width\":381,\"height\":600},\"primaryImageOfPage\":{\"@id\":\"https:\\\/\\\/bunuri.md\\\/ro\\\/shop\\\/receptor-mgs-2020-dvb-t2-cu-cod-video-h-265\\\/#mainImage\"},\"datePublished\":\"2020-05-28T21:31:10+03:00\",\"dateModified\":\"2022-11-14T22:31:46+03:00\"},{\"@type\":\"Organization\",\"@id\":\"https:\\\/\\\/bunuri.md\\\/ro\\\/#organization\",\"name\":\"\\u00centreprinderea Individual\\u0103 \\\"Buldumac Aliona\\\"\",\"description\":\"\\u0418\\u041f \\u00ab\\u0411\\u0443\\u043b\\u0434\\u0443\\u043c\\u0430\\u043a \\u0410\\u043b\\u0435\\u043d\\u0430\\u00bb - \\u044d\\u0442\\u043e \\u043d\\u0430\\u0434\\u0451\\u0436\\u043d\\u044b\\u0439 \\u0438 \\u043e\\u0440\\u0438\\u0435\\u043d\\u0442\\u0438\\u0440\\u043e\\u0432\\u0430\\u043d\\u043d\\u044b\\u0439 \\u043d\\u0430 \\u043a\\u043b\\u0438\\u0435\\u043d\\u0442\\u0430 \\u0431\\u0438\\u0437\\u043d\\u0435\\u0441, \\u043f\\u0440\\u0435\\u0434\\u043b\\u0430\\u0433\\u0430\\u044e\\u0449\\u0438\\u0439 \\u043a\\u0430\\u0447\\u0435\\u0441\\u0442\\u0432\\u0435\\u043d\\u043d\\u044b\\u0435 \\u0442\\u043e\\u0432\\u0430\\u0440\\u044b, \\u0443\\u0441\\u043b\\u0443\\u0433\\u0438 \\u0441 \\u0430\\u043a\\u0446\\u0435\\u043d\\u0442\\u043e\\u043c \\u043d\\u0430 \\u043f\\u0440\\u0430\\u043a\\u0442\\u0438\\u0447\\u043d\\u043e\\u0441\\u0442\\u044c \\u0438 \\u0447\\u0435\\u0441\\u0442\\u043d\\u044b\\u0439 \\u043f\\u043e\\u0434\\u0445\\u043e\\u0434.\",\"url\":\"https:\\\/\\\/bunuri.md\\\/ro\\\/\",\"email\":\"bunuri.md@gmail.com\",\"telephone\":\"+37379512557\",\"foundingDate\":\"2006-09-27\",\"numberOfEmployees\":{\"@type\":\"QuantitativeValue\",\"minValue\":0,\"maxValue\":4},\"logo\":{\"@type\":\"ImageObject\",\"url\":\"https:\\\/\\\/bunuri.md\\\/wp-content\\\/uploads\\\/2022\\\/08\\\/logo-bunuri.png\",\"@id\":\"https:\\\/\\\/bunuri.md\\\/ro\\\/shop\\\/receptor-mgs-2020-dvb-t2-cu-cod-video-h-265\\\/#organizationLogo\",\"width\":250,\"height\":250},\"image\":{\"@id\":\"https:\\\/\\\/bunuri.md\\\/ro\\\/shop\\\/receptor-mgs-2020-dvb-t2-cu-cod-video-h-265\\\/#organizationLogo\"},\"sameAs\":[\"https:\\\/\\\/facebook.com\\\/https:\\\/\\\/www.facebook.com\\\/bunurimag\",\"https:\\\/\\\/x.com\\\/https:\\\/\\\/www.facebook.com\\\/bunurimag\",\"https:\\\/\\\/instagram.com\\\/https:\\\/\\\/www.facebook.com\\\/bunurimag\",\"https:\\\/\\\/pinterest.com\\\/https:\\\/\\\/www.facebook.com\\\/bunurimag\",\"https:\\\/\\\/youtube.com\\\/https:\\\/\\\/www.facebook.com\\\/bunurimag\",\"https:\\\/\\\/linkedin.com\\\/in\\\/https:\\\/\\\/www.facebook.com\\\/bunurimag\",\"https:\\\/\\\/soundcloud.com\\\/https:\\\/\\\/www.facebook.com\\\/bunurimag\"],\"address\":{\"@id\":\"https:\\\/\\\/bunuri.md\\\/ro\\\/#postaladdress\",\"@type\":\"PostalAddress\",\"streetAddress\":\"\\u0420. \\u041c\\u043e\\u043b\\u0434\\u043e\\u0432\\u0430, \\u0433. \\u0425\\u044b\\u043d\\u0447\\u0435\\u0448\\u0442\\u044b\",\"postalCode\":\"3401\",\"addressLocality\":\"\\u0425\\u044b\\u043d\\u0447\\u0435\\u0448\\u0442\\u044b\",\"addressRegion\":\"Moldova\",\"addressCountry\":\"MD\"}},{\"@type\":\"WebPage\",\"@id\":\"https:\\\/\\\/bunuri.md\\\/ro\\\/shop\\\/receptor-mgs-2020-dvb-t2-cu-cod-video-h-265\\\/#webpage\",\"url\":\"https:\\\/\\\/bunuri.md\\\/ro\\\/shop\\\/receptor-mgs-2020-dvb-t2-cu-cod-video-h-265\\\/\",\"name\":\"Resiver MGS 2020 DVB-T2 cu cod video H.265\",\"description\":\"Acesta este tuner digital pentru recep\\u021bia de canale terestre \\u00een Full HD 1080p de \\u00eenalt\\u0103 calitate. Meniul este simplu, v\\u0103 permite s\\u0103 configura\\u021bi rapid canalele.\",\"inLanguage\":\"ro-RO\",\"isPartOf\":{\"@id\":\"https:\\\/\\\/bunuri.md\\\/ro\\\/#website\"},\"breadcrumb\":{\"@id\":\"https:\\\/\\\/bunuri.md\\\/ro\\\/shop\\\/receptor-mgs-2020-dvb-t2-cu-cod-video-h-265\\\/#breadcrumblist\"},\"image\":{\"@type\":\"ImageObject\",\"url\":\"https:\\\/\\\/bunuri.md\\\/wp-content\\\/uploads\\\/2022\\\/11\\\/Tiuner_T2_MGS_2020.png\",\"@id\":\"https:\\\/\\\/bunuri.md\\\/ro\\\/shop\\\/receptor-mgs-2020-dvb-t2-cu-cod-video-h-265\\\/#mainImage\",\"width\":381,\"height\":600},\"primaryImageOfPage\":{\"@id\":\"https:\\\/\\\/bunuri.md\\\/ro\\\/shop\\\/receptor-mgs-2020-dvb-t2-cu-cod-video-h-265\\\/#mainImage\"},\"datePublished\":\"2020-05-28T21:31:10+03:00\",\"dateModified\":\"2022-11-14T22:31:46+03:00\"},{\"@type\":\"WebSite\",\"@id\":\"https:\\\/\\\/bunuri.md\\\/ro\\\/#website\",\"url\":\"https:\\\/\\\/bunuri.md\\\/ro\\\/\",\"name\":\"www.bunuri.md\",\"alternateName\":\"bunuri.md\",\"description\":\"Bunuri.md este un magazin online care livreaz\\u0103 \\u0219i comercializeaz\\u0103 o gam\\u0103 larg\\u0103 de m\\u0103rfuri de diverse categorii pe \\u00eentreg teritoriul Republicii Moldova.\",\"inLanguage\":\"ro-RO\",\"publisher\":{\"@id\":\"https:\\\/\\\/bunuri.md\\\/ro\\\/#organization\"}}]}\n\t\t<\/script>\n\t\t<!-- All in One SEO Pro -->\r\n\t\t<title>Resiver MGS 2020 DVB-T2 cu cod video H.265<\/title>\n\n","aioseo_head_json":{"title":"Resiver MGS 2020 DVB-T2 cu cod video H.265","description":"Acesta este tuner digital pentru recep\u021bia de canale terestre \u00een Full HD 1080p de \u00eenalt\u0103 calitate. Meniul este simplu, v\u0103 permite s\u0103 configura\u021bi rapid canalele.","canonical_url":"https:\/\/bunuri.md\/ro\/shop\/receptor-mgs-2020-dvb-t2-cu-cod-video-h-265\/","robots":"max-image-preview:large","keywords":"","webmasterTools":{"miscellaneous":""},"schema":{"@context":"https:\/\/schema.org","@graph":[{"@type":"BreadcrumbList","@id":"https:\/\/bunuri.md\/ro\/shop\/receptor-mgs-2020-dvb-t2-cu-cod-video-h-265\/#breadcrumblist","itemListElement":[{"@type":"ListItem","@id":"https:\/\/bunuri.md\/ro\/#listItem","position":1,"name":"Home","item":"https:\/\/bunuri.md\/ro\/","nextItem":{"@type":"ListItem","@id":"https:\/\/bunuri.md\/ro\/shop-2\/#listItem","name":"Magazin"}},{"@type":"ListItem","@id":"https:\/\/bunuri.md\/ro\/shop-2\/#listItem","position":2,"name":"Magazin","item":"https:\/\/bunuri.md\/ro\/shop-2\/","nextItem":{"@type":"ListItem","@id":"https:\/\/bunuri.md\/product-category\/uncategorized\/#listItem","name":"\u0411\u0435\u0437 \u043a\u0430\u0442\u0435\u0433\u043e\u0440\u0438\u0438"},"previousItem":{"@type":"ListItem","@id":"https:\/\/bunuri.md\/ro\/#listItem","name":"Home"}},{"@type":"ListItem","@id":"https:\/\/bunuri.md\/product-category\/uncategorized\/#listItem","position":3,"name":"\u0411\u0435\u0437 \u043a\u0430\u0442\u0435\u0433\u043e\u0440\u0438\u0438","item":"https:\/\/bunuri.md\/product-category\/uncategorized\/","nextItem":{"@type":"ListItem","@id":"https:\/\/bunuri.md\/ro\/shop\/receptor-mgs-2020-dvb-t2-cu-cod-video-h-265\/#listItem","name":"Resiver MGS 2020 DVB-T2 cu cod video H.265"},"previousItem":{"@type":"ListItem","@id":"https:\/\/bunuri.md\/ro\/shop-2\/#listItem","name":"Magazin"}},{"@type":"ListItem","@id":"https:\/\/bunuri.md\/ro\/shop\/receptor-mgs-2020-dvb-t2-cu-cod-video-h-265\/#listItem","position":4,"name":"Resiver MGS 2020 DVB-T2 cu cod video H.265","previousItem":{"@type":"ListItem","@id":"https:\/\/bunuri.md\/product-category\/uncategorized\/#listItem","name":"\u0411\u0435\u0437 \u043a\u0430\u0442\u0435\u0433\u043e\u0440\u0438\u0438"}}]},{"@type":"ItemPage","@id":"https:\/\/bunuri.md\/ro\/shop\/receptor-mgs-2020-dvb-t2-cu-cod-video-h-265\/#itempage","url":"https:\/\/bunuri.md\/ro\/shop\/receptor-mgs-2020-dvb-t2-cu-cod-video-h-265\/","name":"Resiver MGS 2020 DVB-T2 cu cod video H.265","description":"Acesta este tuner digital pentru recep\u021bia de canale terestre \u00een Full HD 1080p de \u00eenalt\u0103 calitate. Meniul este simplu, v\u0103 permite s\u0103 configura\u021bi rapid canalele.","inLanguage":"ro-RO","isPartOf":{"@id":"https:\/\/bunuri.md\/ro\/#website"},"breadcrumb":{"@id":"https:\/\/bunuri.md\/ro\/shop\/receptor-mgs-2020-dvb-t2-cu-cod-video-h-265\/#breadcrumblist"},"image":{"@type":"ImageObject","url":"https:\/\/bunuri.md\/wp-content\/uploads\/2022\/11\/Tiuner_T2_MGS_2020.png","@id":"https:\/\/bunuri.md\/ro\/shop\/receptor-mgs-2020-dvb-t2-cu-cod-video-h-265\/#mainImage","width":381,"height":600},"primaryImageOfPage":{"@id":"https:\/\/bunuri.md\/ro\/shop\/receptor-mgs-2020-dvb-t2-cu-cod-video-h-265\/#mainImage"},"datePublished":"2020-05-28T21:31:10+03:00","dateModified":"2022-11-14T22:31:46+03:00"},{"@type":"Organization","@id":"https:\/\/bunuri.md\/ro\/#organization","name":"\u00centreprinderea Individual\u0103 \"Buldumac Aliona\"","description":"\u0418\u041f \u00ab\u0411\u0443\u043b\u0434\u0443\u043c\u0430\u043a \u0410\u043b\u0435\u043d\u0430\u00bb - \u044d\u0442\u043e \u043d\u0430\u0434\u0451\u0436\u043d\u044b\u0439 \u0438 \u043e\u0440\u0438\u0435\u043d\u0442\u0438\u0440\u043e\u0432\u0430\u043d\u043d\u044b\u0439 \u043d\u0430 \u043a\u043b\u0438\u0435\u043d\u0442\u0430 \u0431\u0438\u0437\u043d\u0435\u0441, \u043f\u0440\u0435\u0434\u043b\u0430\u0433\u0430\u044e\u0449\u0438\u0439 \u043a\u0430\u0447\u0435\u0441\u0442\u0432\u0435\u043d\u043d\u044b\u0435 \u0442\u043e\u0432\u0430\u0440\u044b, \u0443\u0441\u043b\u0443\u0433\u0438 \u0441 \u0430\u043a\u0446\u0435\u043d\u0442\u043e\u043c \u043d\u0430 \u043f\u0440\u0430\u043a\u0442\u0438\u0447\u043d\u043e\u0441\u0442\u044c \u0438 \u0447\u0435\u0441\u0442\u043d\u044b\u0439 \u043f\u043e\u0434\u0445\u043e\u0434.","url":"https:\/\/bunuri.md\/ro\/","email":"bunuri.md@gmail.com","telephone":"+37379512557","foundingDate":"2006-09-27","numberOfEmployees":{"@type":"QuantitativeValue","minValue":0,"maxValue":4},"logo":{"@type":"ImageObject","url":"https:\/\/bunuri.md\/wp-content\/uploads\/2022\/08\/logo-bunuri.png","@id":"https:\/\/bunuri.md\/ro\/shop\/receptor-mgs-2020-dvb-t2-cu-cod-video-h-265\/#organizationLogo","width":250,"height":250},"image":{"@id":"https:\/\/bunuri.md\/ro\/shop\/receptor-mgs-2020-dvb-t2-cu-cod-video-h-265\/#organizationLogo"},"sameAs":["https:\/\/facebook.com\/https:\/\/www.facebook.com\/bunurimag","https:\/\/x.com\/https:\/\/www.facebook.com\/bunurimag","https:\/\/instagram.com\/https:\/\/www.facebook.com\/bunurimag","https:\/\/pinterest.com\/https:\/\/www.facebook.com\/bunurimag","https:\/\/youtube.com\/https:\/\/www.facebook.com\/bunurimag","https:\/\/linkedin.com\/in\/https:\/\/www.facebook.com\/bunurimag","https:\/\/soundcloud.com\/https:\/\/www.facebook.com\/bunurimag"],"address":{"@id":"https:\/\/bunuri.md\/ro\/#postaladdress","@type":"PostalAddress","streetAddress":"\u0420. \u041c\u043e\u043b\u0434\u043e\u0432\u0430, \u0433. \u0425\u044b\u043d\u0447\u0435\u0448\u0442\u044b","postalCode":"3401","addressLocality":"\u0425\u044b\u043d\u0447\u0435\u0448\u0442\u044b","addressRegion":"Moldova","addressCountry":"MD"}},{"@type":"WebPage","@id":"https:\/\/bunuri.md\/ro\/shop\/receptor-mgs-2020-dvb-t2-cu-cod-video-h-265\/#webpage","url":"https:\/\/bunuri.md\/ro\/shop\/receptor-mgs-2020-dvb-t2-cu-cod-video-h-265\/","name":"Resiver MGS 2020 DVB-T2 cu cod video H.265","description":"Acesta este tuner digital pentru recep\u021bia de canale terestre \u00een Full HD 1080p de \u00eenalt\u0103 calitate. Meniul este simplu, v\u0103 permite s\u0103 configura\u021bi rapid canalele.","inLanguage":"ro-RO","isPartOf":{"@id":"https:\/\/bunuri.md\/ro\/#website"},"breadcrumb":{"@id":"https:\/\/bunuri.md\/ro\/shop\/receptor-mgs-2020-dvb-t2-cu-cod-video-h-265\/#breadcrumblist"},"image":{"@type":"ImageObject","url":"https:\/\/bunuri.md\/wp-content\/uploads\/2022\/11\/Tiuner_T2_MGS_2020.png","@id":"https:\/\/bunuri.md\/ro\/shop\/receptor-mgs-2020-dvb-t2-cu-cod-video-h-265\/#mainImage","width":381,"height":600},"primaryImageOfPage":{"@id":"https:\/\/bunuri.md\/ro\/shop\/receptor-mgs-2020-dvb-t2-cu-cod-video-h-265\/#mainImage"},"datePublished":"2020-05-28T21:31:10+03:00","dateModified":"2022-11-14T22:31:46+03:00"},{"@type":"WebSite","@id":"https:\/\/bunuri.md\/ro\/#website","url":"https:\/\/bunuri.md\/ro\/","name":"www.bunuri.md","alternateName":"bunuri.md","description":"Bunuri.md este un magazin online care livreaz\u0103 \u0219i comercializeaz\u0103 o gam\u0103 larg\u0103 de m\u0103rfuri de diverse categorii pe \u00eentreg teritoriul Republicii Moldova.","inLanguage":"ro-RO","publisher":{"@id":"https:\/\/bunuri.md\/ro\/#organization"}}]},"og:locale":"ro_RO","og:site_name":"\u0418\u043d\u0442\u0435\u0440\u043d\u0435\u0442 \u043c\u0430\u0433\u0430\u0437\u0438\u043d \u041c\u043e\u043b\u0434\u043e\u0432\u0430 | Bunuri.md este un magazin online care livreaz\u0103 \u0219i comercializeaz\u0103 o gam\u0103 larg\u0103 de m\u0103rfuri de diverse categorii pe \u00eentreg teritoriul Republicii Moldova.","og:type":"article","og:title":"Resiver MGS 2020 DVB-T2 cu cod video H.265","og:description":"Acesta este tuner digital pentru recep\u021bia de canale terestre \u00een Full HD 1080p de \u00eenalt\u0103 calitate. Meniul este simplu, v\u0103 permite s\u0103 configura\u021bi rapid canalele.","og:url":"https:\/\/bunuri.md\/ro\/shop\/receptor-mgs-2020-dvb-t2-cu-cod-video-h-265\/","og:image":"https:\/\/bunuri.md\/wp-content\/uploads\/2022\/10\/logobu.png","og:image:secure_url":"https:\/\/bunuri.md\/wp-content\/uploads\/2022\/10\/logobu.png","og:image:width":200,"og:image:height":200,"article:published_time":"2020-05-28T18:31:10+00:00","article:modified_time":"2022-11-14T19:31:46+00:00","article:publisher":"https:\/\/facebook.com\/https:\/\/www.facebook.com\/bunurimag","twitter:card":"summary","twitter:site":"@https:","twitter:title":"Resiver MGS 2020 DVB-T2 cu cod video H.265","twitter:description":"Acesta este tuner digital pentru recep\u021bia de canale terestre \u00een Full HD 1080p de \u00eenalt\u0103 calitate. Meniul este simplu, v\u0103 permite s\u0103 configura\u021bi rapid canalele.","twitter:image":"https:\/\/bunuri.md\/wp-content\/uploads\/2022\/10\/logobu.png"},"aioseo_meta_data":{"post_id":"2922","title":"Resiver MGS 2020 DVB-T2 cu cod video H.265","description":"Acesta este tuner digital pentru recep\u021bia de canale terestre \u00een Full HD 1080p de \u00eenalt\u0103 calitate. Meniul este simplu, v\u0103 permite s\u0103 configura\u021bi rapid canalele.","keywords":[],"keyphrases":{"focus":{"keyphrase":"","score":0,"analysis":{"keyphraseInTitle":{"score":0,"maxScore":9,"error":1}}},"additional":[]},"primary_term":null,"canonical_url":null,"og_title":null,"og_description":null,"og_object_type":"default","og_image_type":"default","og_image_url":null,"og_image_width":null,"og_image_height":null,"og_image_custom_url":null,"og_image_custom_fields":null,"og_video":"","og_custom_url":null,"og_article_section":null,"og_article_tags":[],"twitter_use_og":false,"twitter_card":"default","twitter_image_type":"default","twitter_image_url":null,"twitter_image_custom_url":null,"twitter_image_custom_fields":null,"twitter_title":null,"twitter_description":null,"schema":{"blockGraphs":[],"customGraphs":[],"default":{"data":{"Article":[],"Course":[],"Dataset":[],"FAQPage":[],"Movie":[],"Person":[],"Product":[],"ProductReview":[],"Car":[],"Recipe":[],"Service":[],"SoftwareApplication":[],"WebPage":[]},"graphName":"ItemPage","isEnabled":true},"graphs":[],"defaultGraph":"WebPage","defaultPostTypeGraph":""},"schema_type":"default","schema_type_options":"{\"article\":{\"articleType\":\"BlogPosting\"},\"course\":{\"name\":\"\",\"description\":\"\",\"provider\":\"\"},\"faq\":{\"pages\":[]},\"product\":{\"reviews\":[]},\"recipe\":{\"ingredients\":[],\"instructions\":[],\"keywords\":[]},\"software\":{\"reviews\":[],\"operatingSystems\":[]},\"webPage\":{\"webPageType\":\"WebPage\"},\"blockGraphs\":[]}","pillar_content":false,"robots_default":true,"robots_noindex":false,"robots_noarchive":false,"robots_nosnippet":false,"robots_nofollow":false,"robots_noimageindex":false,"robots_noodp":false,"robots_notranslate":false,"robots_max_snippet":"-1","robots_max_videopreview":"-1","robots_max_imagepreview":"large","priority":null,"frequency":"default","local_seo":null,"seo_analyzer_scan_date":null,"breadcrumb_settings":null,"limit_modified_date":false,"reviewed_by":null,"open_ai":null,"ai":null,"created":"2020-12-20 21:08:57","updated":"2025-05-30 03:38:09"},"aioseo_breadcrumb":"<div class=\"aioseo-breadcrumbs\"><span class=\"aioseo-breadcrumb\">\n\t<a href=\"https:\/\/bunuri.md\/ro\/\" title=\"Home\">Home<\/a>\n<\/span><span class=\"aioseo-breadcrumb-separator\">\u00bb<\/span><span class=\"aioseo-breadcrumb\">\n\t<a href=\"https:\/\/bunuri.md\/ro\/shop-2\/\" title=\"Magazin\">Magazin<\/a>\n<\/span><span class=\"aioseo-breadcrumb-separator\">\u00bb<\/span><span class=\"aioseo-breadcrumb\">\n\t<a href=\"https:\/\/bunuri.md\/product-category\/uncategorized\/\" title=\"\u0411\u0435\u0437 \u043a\u0430\u0442\u0435\u0433\u043e\u0440\u0438\u0438\">\u0411\u0435\u0437 \u043a\u0430\u0442\u0435\u0433\u043e\u0440\u0438\u0438<\/a>\n<\/span><span class=\"aioseo-breadcrumb-separator\">\u00bb<\/span><span class=\"aioseo-breadcrumb\">\n\tResiver MGS 2020 DVB-T2 cu cod video H.265\n<\/span><\/div>","aioseo_breadcrumb_json":[{"label":"Home","link":"https:\/\/bunuri.md\/ro\/"},{"label":"Magazin","link":"https:\/\/bunuri.md\/ro\/shop-2\/"},{"label":"\u0411\u0435\u0437 \u043a\u0430\u0442\u0435\u0433\u043e\u0440\u0438\u0438","link":"https:\/\/bunuri.md\/product-category\/uncategorized\/"},{"label":"Resiver MGS 2020 DVB-T2 cu cod video H.265","link":"https:\/\/bunuri.md\/ro\/shop\/receptor-mgs-2020-dvb-t2-cu-cod-video-h-265\/"}],"brands":[],"_links":{"self":[{"href":"https:\/\/bunuri.md\/ro\/wp-json\/wp\/v2\/product\/2922","targetHints":{"allow":["GET"]}}],"collection":[{"href":"https:\/\/bunuri.md\/ro\/wp-json\/wp\/v2\/product"}],"about":[{"href":"https:\/\/bunuri.md\/ro\/wp-json\/wp\/v2\/types\/product"}],"replies":[{"embeddable":true,"href":"https:\/\/bunuri.md\/ro\/wp-json\/wp\/v2\/comments?post=2922"}],"wp:featuredmedia":[{"embeddable":true,"href":"https:\/\/bunuri.md\/ro\/wp-json\/wp\/v2\/media\/6461"}],"wp:attachment":[{"href":"https:\/\/bunuri.md\/ro\/wp-json\/wp\/v2\/media?parent=2922"}],"wp:term":[{"taxonomy":"pwb-brand","embeddable":true,"href":"https:\/\/bunuri.md\/ro\/wp-json\/wp\/v2\/pwb-brand?post=2922"},{"taxonomy":"product_brand","embeddable":true,"href":"https:\/\/bunuri.md\/ro\/wp-json\/wp\/v2\/product_brand?post=2922"},{"taxonomy":"product_cat","embeddable":true,"href":"https:\/\/bunuri.md\/ro\/wp-json\/wp\/v2\/product_cat?post=2922"},{"taxonomy":"product_tag","embeddable":true,"href":"https:\/\/bunuri.md\/ro\/wp-json\/wp\/v2\/product_tag?post=2922"}],"curies":[{"name":"wp","href":"https:\/\/api.w.org\/{rel}","templated":true}]}}