{"id":3441,"date":"2022-09-30T23:01:30","date_gmt":"2022-09-30T20:01:30","guid":{"rendered":"https:\/\/bunuri.md\/shop\/injector-pentru-motoare-diesel-178f\/"},"modified":"2022-11-28T23:42:59","modified_gmt":"2022-11-28T20:42:59","slug":"injector-pentru-motoare-diesel-178f","status":"publish","type":"product","link":"https:\/\/bunuri.md\/ro\/shop\/injector-pentru-motoare-diesel-178f\/","title":{"rendered":"Injector pentru motoare diezel, racire cu aer 178F"},"content":{"rendered":"<p><strong>Injectorul pentru\u00a0 motor diesel 178F<\/strong>&#8211; este conceput pentru a injecta combustibil \u00een camera de ardere a motorului. Duza injectorului pulverizeaz\u0103 \u00eenceputul \u0219i sf\u00e2r\u0219itul livr\u0103rii. Combustibilul din pompa de \u00eenalt\u0103 presiune trece prin conducta de \u00eenalt\u0103 presiune \u00een corpul duzei \u0219i \u00een camera de pulverizare. Dup\u0103 ce a dep\u0103\u0219it for\u021ba arcului, acesta ridic\u0103 acul \u0219i este injectat \u00een camera de ardere a motorului. Dup\u0103 injec\u021bia de combustibil, presiunea din camera atomizorului scade \u0219i acul este cobor\u00e2t \u00een \u200b\u200bloc de arc. Dac\u0103 combustibilul nu este atomizat sau conul de pulverizare nu este corect, motorul va func\u021biona intermitent.<\/p>\n<p><a href=\"https:\/\/bunuri.md\/ro\/product-category\/motoblocuri-minitractore\/\"> Sunt folosite la motoarele diesel r\u0103cite cu aer.<\/a><\/p>\n<p><strong>Verificarea injectorului \u00een condi\u021bii sc\u0103zute.<\/strong><\/p>\n<p>Duza este \u00eendep\u0103rtat\u0103 de la motorul diesel deconect\u00e2nd-o mai \u00eent\u00e2i de la conducta de \u00eenalt\u0103 presiune. Duza este apoi reconectat\u0103 la conducta de \u00eenalt\u0103 presiune. Rotind arborele cotit al motorului diesel, verifica\u021bi calitatea atomiz\u0103rii combustibilului duzei. Dac\u0103 injectorul nu atomizeaz\u0103 bine combustibilul, scoate\u021bi \u0219i sp\u0103la\u021bi atomizatorul. Dup\u0103 asta se repet\u0103 verificarea. Dac\u0103 nu exist\u0103 modific\u0103ri \u00een func\u021bionarea motorului, atunci va trebui s\u0103 \u00eenlocui\u021bi duza cu una nou\u0103.<\/p>\n","protected":false},"excerpt":{"rendered":"<p><strong> Injector pentru motoare diesel 178F <\/strong> se potrive\u0219te cu motoare diesel de 6 CP. aer r\u0103cit. Un injector (injector de combustibil) este utilizat pentru a injecta combustibil \u00een camera de ardere a unui motor diesel. Duz\u0103 hidraulic\u0103.<\/p>\n","protected":false},"featured_media":3440,"comment_status":"open","ping_status":"closed","template":"","meta":{"om_disable_all_campaigns":false},"pwb-brand":[],"product_brand":[],"product_cat":[548],"product_tag":[],"class_list":{"0":"post-3441","1":"product","2":"type-product","3":"status-publish","4":"has-post-thumbnail","6":"product_cat-pompe-de-injectie-injectoare","8":"first","9":"instock","10":"purchasable","11":"product-type-simple"},"aioseo_notices":[],"aioseo_head":"\n\t\t<!-- All in One SEO Pro 4.9.6.2 - aioseo.com -->\n\t<meta name=\"description\" content=\"Ofer\u0103 injectarea unei cantit\u0103\u021bi m\u0103surate de combustibil \u00een camera de ardere a motorului. Injec\u021bia pulverizeaza motorin\u0103, ceea ce \u00eei \u00eembun\u0103t\u0103\u021be\u0219te aprinderea.\" \/>\n\t<meta name=\"robots\" content=\"max-image-preview:large\" \/>\n\t<link rel=\"canonical\" href=\"https:\/\/bunuri.md\/ro\/shop\/injector-pentru-motoare-diesel-178f\/\" \/>\n\t<meta name=\"generator\" content=\"All in One SEO Pro (AIOSEO) 4.9.6.2\" \/>\n\t\t<meta property=\"og:locale\" content=\"ro_RO\" \/>\n\t\t<meta property=\"og:site_name\" content=\"\u0418\u043d\u0442\u0435\u0440\u043d\u0435\u0442 \u043c\u0430\u0433\u0430\u0437\u0438\u043d \u041c\u043e\u043b\u0434\u043e\u0432\u0430 | Bunuri.md este un magazin online care livreaz\u0103 \u0219i comercializeaz\u0103 o gam\u0103 larg\u0103 de m\u0103rfuri de diverse categorii pe \u00eentreg teritoriul Republicii Moldova.\" \/>\n\t\t<meta property=\"og:type\" content=\"article\" \/>\n\t\t<meta property=\"og:title\" content=\"Injector pentru motoare diezel, racire cu aer, 178F\" \/>\n\t\t<meta property=\"og:description\" content=\"Ofer\u0103 injectarea unei cantit\u0103\u021bi m\u0103surate de combustibil \u00een camera de ardere a motorului. Injec\u021bia pulverizeaza motorin\u0103, ceea ce \u00eei \u00eembun\u0103t\u0103\u021be\u0219te aprinderea.\" \/>\n\t\t<meta property=\"og:url\" content=\"https:\/\/bunuri.md\/ro\/shop\/injector-pentru-motoare-diesel-178f\/\" \/>\n\t\t<meta property=\"og:image\" content=\"https:\/\/bunuri.md\/wp-content\/uploads\/2022\/10\/logobu.png\" \/>\n\t\t<meta property=\"og:image:secure_url\" content=\"https:\/\/bunuri.md\/wp-content\/uploads\/2022\/10\/logobu.png\" \/>\n\t\t<meta property=\"og:image:width\" content=\"200\" \/>\n\t\t<meta property=\"og:image:height\" content=\"200\" \/>\n\t\t<meta property=\"article:published_time\" content=\"2022-09-30T20:01:30+00:00\" \/>\n\t\t<meta property=\"article:modified_time\" content=\"2022-11-28T20:42:59+00:00\" \/>\n\t\t<meta property=\"article:publisher\" content=\"https:\/\/facebook.com\/https:\/\/www.facebook.com\/bunurimag\" \/>\n\t\t<meta name=\"twitter:card\" content=\"summary\" \/>\n\t\t<meta name=\"twitter:site\" content=\"@https:\" \/>\n\t\t<meta name=\"twitter:title\" content=\"Injector pentru motoare diezel, racire cu aer, 178F\" \/>\n\t\t<meta name=\"twitter:description\" content=\"Ofer\u0103 injectarea unei cantit\u0103\u021bi m\u0103surate de combustibil \u00een camera de ardere a motorului. Injec\u021bia pulverizeaza motorin\u0103, ceea ce \u00eei \u00eembun\u0103t\u0103\u021be\u0219te aprinderea.\" \/>\n\t\t<meta name=\"twitter:image\" content=\"https:\/\/bunuri.md\/wp-content\/uploads\/2022\/10\/logobu.png\" \/>\n\t\t<script type=\"application\/ld+json\" class=\"aioseo-schema\">\n\t\t\t{\"@context\":\"https:\\\/\\\/schema.org\",\"@graph\":[{\"@type\":\"BreadcrumbList\",\"@id\":\"https:\\\/\\\/bunuri.md\\\/ro\\\/shop\\\/injector-pentru-motoare-diesel-178f\\\/#breadcrumblist\",\"itemListElement\":[{\"@type\":\"ListItem\",\"@id\":\"https:\\\/\\\/bunuri.md\\\/ro\\\/#listItem\",\"position\":1,\"name\":\"Home\",\"item\":\"https:\\\/\\\/bunuri.md\\\/ro\\\/\",\"nextItem\":{\"@type\":\"ListItem\",\"@id\":\"https:\\\/\\\/bunuri.md\\\/ro\\\/shop-2\\\/#listItem\",\"name\":\"Magazin\"}},{\"@type\":\"ListItem\",\"@id\":\"https:\\\/\\\/bunuri.md\\\/ro\\\/shop-2\\\/#listItem\",\"position\":2,\"name\":\"Magazin\",\"item\":\"https:\\\/\\\/bunuri.md\\\/ro\\\/shop-2\\\/\",\"nextItem\":{\"@type\":\"ListItem\",\"@id\":\"https:\\\/\\\/bunuri.md\\\/ro\\\/product-category\\\/pompe-de-injectie-injectoare\\\/#listItem\",\"name\":\"Pompe de injectie, injectoare\"},\"previousItem\":{\"@type\":\"ListItem\",\"@id\":\"https:\\\/\\\/bunuri.md\\\/ro\\\/#listItem\",\"name\":\"Home\"}},{\"@type\":\"ListItem\",\"@id\":\"https:\\\/\\\/bunuri.md\\\/ro\\\/product-category\\\/pompe-de-injectie-injectoare\\\/#listItem\",\"position\":3,\"name\":\"Pompe de injectie, injectoare\",\"item\":\"https:\\\/\\\/bunuri.md\\\/ro\\\/product-category\\\/pompe-de-injectie-injectoare\\\/\",\"nextItem\":{\"@type\":\"ListItem\",\"@id\":\"https:\\\/\\\/bunuri.md\\\/ro\\\/shop\\\/injector-pentru-motoare-diesel-178f\\\/#listItem\",\"name\":\"Injector pentru motoare diezel, racire cu aer 178F\"},\"previousItem\":{\"@type\":\"ListItem\",\"@id\":\"https:\\\/\\\/bunuri.md\\\/ro\\\/shop-2\\\/#listItem\",\"name\":\"Magazin\"}},{\"@type\":\"ListItem\",\"@id\":\"https:\\\/\\\/bunuri.md\\\/ro\\\/shop\\\/injector-pentru-motoare-diesel-178f\\\/#listItem\",\"position\":4,\"name\":\"Injector pentru motoare diezel, racire cu aer 178F\",\"previousItem\":{\"@type\":\"ListItem\",\"@id\":\"https:\\\/\\\/bunuri.md\\\/ro\\\/product-category\\\/pompe-de-injectie-injectoare\\\/#listItem\",\"name\":\"Pompe de injectie, injectoare\"}}]},{\"@type\":\"ItemPage\",\"@id\":\"https:\\\/\\\/bunuri.md\\\/ro\\\/shop\\\/injector-pentru-motoare-diesel-178f\\\/#itempage\",\"url\":\"https:\\\/\\\/bunuri.md\\\/ro\\\/shop\\\/injector-pentru-motoare-diesel-178f\\\/\",\"name\":\"Injector pentru motoare diezel, racire cu aer, 178F\",\"description\":\"Ofer\\u0103 injectarea unei cantit\\u0103\\u021bi m\\u0103surate de combustibil \\u00een camera de ardere a motorului. Injec\\u021bia pulverizeaza motorin\\u0103, ceea ce \\u00eei \\u00eembun\\u0103t\\u0103\\u021be\\u0219te aprinderea.\",\"inLanguage\":\"ro-RO\",\"isPartOf\":{\"@id\":\"https:\\\/\\\/bunuri.md\\\/ro\\\/#website\"},\"breadcrumb\":{\"@id\":\"https:\\\/\\\/bunuri.md\\\/ro\\\/shop\\\/injector-pentru-motoare-diesel-178f\\\/#breadcrumblist\"},\"image\":{\"@type\":\"ImageObject\",\"url\":\"https:\\\/\\\/bunuri.md\\\/wp-content\\\/uploads\\\/2021\\\/03\\\/f178.png\",\"@id\":\"https:\\\/\\\/bunuri.md\\\/ro\\\/shop\\\/injector-pentru-motoare-diesel-178f\\\/#mainImage\",\"width\":373,\"height\":600,\"caption\":\"f178\"},\"primaryImageOfPage\":{\"@id\":\"https:\\\/\\\/bunuri.md\\\/ro\\\/shop\\\/injector-pentru-motoare-diesel-178f\\\/#mainImage\"},\"datePublished\":\"2022-09-30T23:01:30+03:00\",\"dateModified\":\"2022-11-28T23:42:59+03:00\"},{\"@type\":\"Organization\",\"@id\":\"https:\\\/\\\/bunuri.md\\\/ro\\\/#organization\",\"name\":\"\\u00centreprinderea Individual\\u0103 \\\"Buldumac Aliona\\\"\",\"description\":\"\\u0418\\u041f \\u00ab\\u0411\\u0443\\u043b\\u0434\\u0443\\u043c\\u0430\\u043a \\u0410\\u043b\\u0435\\u043d\\u0430\\u00bb - \\u044d\\u0442\\u043e \\u043d\\u0430\\u0434\\u0451\\u0436\\u043d\\u044b\\u0439 \\u0438 \\u043e\\u0440\\u0438\\u0435\\u043d\\u0442\\u0438\\u0440\\u043e\\u0432\\u0430\\u043d\\u043d\\u044b\\u0439 \\u043d\\u0430 \\u043a\\u043b\\u0438\\u0435\\u043d\\u0442\\u0430 \\u0431\\u0438\\u0437\\u043d\\u0435\\u0441, \\u043f\\u0440\\u0435\\u0434\\u043b\\u0430\\u0433\\u0430\\u044e\\u0449\\u0438\\u0439 \\u043a\\u0430\\u0447\\u0435\\u0441\\u0442\\u0432\\u0435\\u043d\\u043d\\u044b\\u0435 \\u0442\\u043e\\u0432\\u0430\\u0440\\u044b, \\u0443\\u0441\\u043b\\u0443\\u0433\\u0438 \\u0441 \\u0430\\u043a\\u0446\\u0435\\u043d\\u0442\\u043e\\u043c \\u043d\\u0430 \\u043f\\u0440\\u0430\\u043a\\u0442\\u0438\\u0447\\u043d\\u043e\\u0441\\u0442\\u044c \\u0438 \\u0447\\u0435\\u0441\\u0442\\u043d\\u044b\\u0439 \\u043f\\u043e\\u0434\\u0445\\u043e\\u0434.\",\"url\":\"https:\\\/\\\/bunuri.md\\\/ro\\\/\",\"email\":\"bunuri.md@gmail.com\",\"telephone\":\"+37379512557\",\"foundingDate\":\"2006-09-27\",\"numberOfEmployees\":{\"@type\":\"QuantitativeValue\",\"minValue\":0,\"maxValue\":4},\"logo\":{\"@type\":\"ImageObject\",\"url\":\"https:\\\/\\\/bunuri.md\\\/wp-content\\\/uploads\\\/2022\\\/08\\\/logo-bunuri.png\",\"@id\":\"https:\\\/\\\/bunuri.md\\\/ro\\\/shop\\\/injector-pentru-motoare-diesel-178f\\\/#organizationLogo\",\"width\":250,\"height\":250},\"image\":{\"@id\":\"https:\\\/\\\/bunuri.md\\\/ro\\\/shop\\\/injector-pentru-motoare-diesel-178f\\\/#organizationLogo\"},\"sameAs\":[\"https:\\\/\\\/facebook.com\\\/https:\\\/\\\/www.facebook.com\\\/bunurimag\",\"https:\\\/\\\/x.com\\\/https:\\\/\\\/www.facebook.com\\\/bunurimag\",\"https:\\\/\\\/instagram.com\\\/https:\\\/\\\/www.facebook.com\\\/bunurimag\",\"https:\\\/\\\/pinterest.com\\\/https:\\\/\\\/www.facebook.com\\\/bunurimag\",\"https:\\\/\\\/youtube.com\\\/https:\\\/\\\/www.facebook.com\\\/bunurimag\",\"https:\\\/\\\/linkedin.com\\\/in\\\/https:\\\/\\\/www.facebook.com\\\/bunurimag\",\"https:\\\/\\\/soundcloud.com\\\/https:\\\/\\\/www.facebook.com\\\/bunurimag\"],\"address\":{\"@id\":\"https:\\\/\\\/bunuri.md\\\/ro\\\/#postaladdress\",\"@type\":\"PostalAddress\",\"streetAddress\":\"\\u0420. \\u041c\\u043e\\u043b\\u0434\\u043e\\u0432\\u0430, \\u0433. \\u0425\\u044b\\u043d\\u0447\\u0435\\u0448\\u0442\\u044b\",\"postalCode\":\"3401\",\"addressLocality\":\"\\u0425\\u044b\\u043d\\u0447\\u0435\\u0448\\u0442\\u044b\",\"addressRegion\":\"Moldova\",\"addressCountry\":\"MD\"}},{\"@type\":\"WebPage\",\"@id\":\"https:\\\/\\\/bunuri.md\\\/ro\\\/shop\\\/injector-pentru-motoare-diesel-178f\\\/#webpage\",\"url\":\"https:\\\/\\\/bunuri.md\\\/ro\\\/shop\\\/injector-pentru-motoare-diesel-178f\\\/\",\"name\":\"Injector pentru motoare diezel, racire cu aer, 178F\",\"description\":\"Ofer\\u0103 injectarea unei cantit\\u0103\\u021bi m\\u0103surate de combustibil \\u00een camera de ardere a motorului. Injec\\u021bia pulverizeaza motorin\\u0103, ceea ce \\u00eei \\u00eembun\\u0103t\\u0103\\u021be\\u0219te aprinderea.\",\"inLanguage\":\"ro-RO\",\"isPartOf\":{\"@id\":\"https:\\\/\\\/bunuri.md\\\/ro\\\/#website\"},\"breadcrumb\":{\"@id\":\"https:\\\/\\\/bunuri.md\\\/ro\\\/shop\\\/injector-pentru-motoare-diesel-178f\\\/#breadcrumblist\"},\"image\":{\"@type\":\"ImageObject\",\"url\":\"https:\\\/\\\/bunuri.md\\\/wp-content\\\/uploads\\\/2021\\\/03\\\/f178.png\",\"@id\":\"https:\\\/\\\/bunuri.md\\\/ro\\\/shop\\\/injector-pentru-motoare-diesel-178f\\\/#mainImage\",\"width\":373,\"height\":600,\"caption\":\"f178\"},\"primaryImageOfPage\":{\"@id\":\"https:\\\/\\\/bunuri.md\\\/ro\\\/shop\\\/injector-pentru-motoare-diesel-178f\\\/#mainImage\"},\"datePublished\":\"2022-09-30T23:01:30+03:00\",\"dateModified\":\"2022-11-28T23:42:59+03:00\"},{\"@type\":\"WebSite\",\"@id\":\"https:\\\/\\\/bunuri.md\\\/ro\\\/#website\",\"url\":\"https:\\\/\\\/bunuri.md\\\/ro\\\/\",\"name\":\"www.bunuri.md\",\"alternateName\":\"bunuri.md\",\"description\":\"Bunuri.md este un magazin online care livreaz\\u0103 \\u0219i comercializeaz\\u0103 o gam\\u0103 larg\\u0103 de m\\u0103rfuri de diverse categorii pe \\u00eentreg teritoriul Republicii Moldova.\",\"inLanguage\":\"ro-RO\",\"publisher\":{\"@id\":\"https:\\\/\\\/bunuri.md\\\/ro\\\/#organization\"}}]}\n\t\t<\/script>\n\t\t<!-- All in One SEO Pro -->\r\n\t\t<title>Injector pentru motoare diezel, racire cu aer, 178F<\/title>\n\n","aioseo_head_json":{"title":"Injector pentru motoare diezel, racire cu aer, 178F","description":"Ofer\u0103 injectarea unei cantit\u0103\u021bi m\u0103surate de combustibil \u00een camera de ardere a motorului. Injec\u021bia pulverizeaza motorin\u0103, ceea ce \u00eei \u00eembun\u0103t\u0103\u021be\u0219te aprinderea.","canonical_url":"https:\/\/bunuri.md\/ro\/shop\/injector-pentru-motoare-diesel-178f\/","robots":"max-image-preview:large","keywords":"","webmasterTools":{"miscellaneous":""},"schema":{"@context":"https:\/\/schema.org","@graph":[{"@type":"BreadcrumbList","@id":"https:\/\/bunuri.md\/ro\/shop\/injector-pentru-motoare-diesel-178f\/#breadcrumblist","itemListElement":[{"@type":"ListItem","@id":"https:\/\/bunuri.md\/ro\/#listItem","position":1,"name":"Home","item":"https:\/\/bunuri.md\/ro\/","nextItem":{"@type":"ListItem","@id":"https:\/\/bunuri.md\/ro\/shop-2\/#listItem","name":"Magazin"}},{"@type":"ListItem","@id":"https:\/\/bunuri.md\/ro\/shop-2\/#listItem","position":2,"name":"Magazin","item":"https:\/\/bunuri.md\/ro\/shop-2\/","nextItem":{"@type":"ListItem","@id":"https:\/\/bunuri.md\/ro\/product-category\/pompe-de-injectie-injectoare\/#listItem","name":"Pompe de injectie, injectoare"},"previousItem":{"@type":"ListItem","@id":"https:\/\/bunuri.md\/ro\/#listItem","name":"Home"}},{"@type":"ListItem","@id":"https:\/\/bunuri.md\/ro\/product-category\/pompe-de-injectie-injectoare\/#listItem","position":3,"name":"Pompe de injectie, injectoare","item":"https:\/\/bunuri.md\/ro\/product-category\/pompe-de-injectie-injectoare\/","nextItem":{"@type":"ListItem","@id":"https:\/\/bunuri.md\/ro\/shop\/injector-pentru-motoare-diesel-178f\/#listItem","name":"Injector pentru motoare diezel, racire cu aer 178F"},"previousItem":{"@type":"ListItem","@id":"https:\/\/bunuri.md\/ro\/shop-2\/#listItem","name":"Magazin"}},{"@type":"ListItem","@id":"https:\/\/bunuri.md\/ro\/shop\/injector-pentru-motoare-diesel-178f\/#listItem","position":4,"name":"Injector pentru motoare diezel, racire cu aer 178F","previousItem":{"@type":"ListItem","@id":"https:\/\/bunuri.md\/ro\/product-category\/pompe-de-injectie-injectoare\/#listItem","name":"Pompe de injectie, injectoare"}}]},{"@type":"ItemPage","@id":"https:\/\/bunuri.md\/ro\/shop\/injector-pentru-motoare-diesel-178f\/#itempage","url":"https:\/\/bunuri.md\/ro\/shop\/injector-pentru-motoare-diesel-178f\/","name":"Injector pentru motoare diezel, racire cu aer, 178F","description":"Ofer\u0103 injectarea unei cantit\u0103\u021bi m\u0103surate de combustibil \u00een camera de ardere a motorului. Injec\u021bia pulverizeaza motorin\u0103, ceea ce \u00eei \u00eembun\u0103t\u0103\u021be\u0219te aprinderea.","inLanguage":"ro-RO","isPartOf":{"@id":"https:\/\/bunuri.md\/ro\/#website"},"breadcrumb":{"@id":"https:\/\/bunuri.md\/ro\/shop\/injector-pentru-motoare-diesel-178f\/#breadcrumblist"},"image":{"@type":"ImageObject","url":"https:\/\/bunuri.md\/wp-content\/uploads\/2021\/03\/f178.png","@id":"https:\/\/bunuri.md\/ro\/shop\/injector-pentru-motoare-diesel-178f\/#mainImage","width":373,"height":600,"caption":"f178"},"primaryImageOfPage":{"@id":"https:\/\/bunuri.md\/ro\/shop\/injector-pentru-motoare-diesel-178f\/#mainImage"},"datePublished":"2022-09-30T23:01:30+03:00","dateModified":"2022-11-28T23:42:59+03:00"},{"@type":"Organization","@id":"https:\/\/bunuri.md\/ro\/#organization","name":"\u00centreprinderea Individual\u0103 \"Buldumac Aliona\"","description":"\u0418\u041f \u00ab\u0411\u0443\u043b\u0434\u0443\u043c\u0430\u043a \u0410\u043b\u0435\u043d\u0430\u00bb - \u044d\u0442\u043e \u043d\u0430\u0434\u0451\u0436\u043d\u044b\u0439 \u0438 \u043e\u0440\u0438\u0435\u043d\u0442\u0438\u0440\u043e\u0432\u0430\u043d\u043d\u044b\u0439 \u043d\u0430 \u043a\u043b\u0438\u0435\u043d\u0442\u0430 \u0431\u0438\u0437\u043d\u0435\u0441, \u043f\u0440\u0435\u0434\u043b\u0430\u0433\u0430\u044e\u0449\u0438\u0439 \u043a\u0430\u0447\u0435\u0441\u0442\u0432\u0435\u043d\u043d\u044b\u0435 \u0442\u043e\u0432\u0430\u0440\u044b, \u0443\u0441\u043b\u0443\u0433\u0438 \u0441 \u0430\u043a\u0446\u0435\u043d\u0442\u043e\u043c \u043d\u0430 \u043f\u0440\u0430\u043a\u0442\u0438\u0447\u043d\u043e\u0441\u0442\u044c \u0438 \u0447\u0435\u0441\u0442\u043d\u044b\u0439 \u043f\u043e\u0434\u0445\u043e\u0434.","url":"https:\/\/bunuri.md\/ro\/","email":"bunuri.md@gmail.com","telephone":"+37379512557","foundingDate":"2006-09-27","numberOfEmployees":{"@type":"QuantitativeValue","minValue":0,"maxValue":4},"logo":{"@type":"ImageObject","url":"https:\/\/bunuri.md\/wp-content\/uploads\/2022\/08\/logo-bunuri.png","@id":"https:\/\/bunuri.md\/ro\/shop\/injector-pentru-motoare-diesel-178f\/#organizationLogo","width":250,"height":250},"image":{"@id":"https:\/\/bunuri.md\/ro\/shop\/injector-pentru-motoare-diesel-178f\/#organizationLogo"},"sameAs":["https:\/\/facebook.com\/https:\/\/www.facebook.com\/bunurimag","https:\/\/x.com\/https:\/\/www.facebook.com\/bunurimag","https:\/\/instagram.com\/https:\/\/www.facebook.com\/bunurimag","https:\/\/pinterest.com\/https:\/\/www.facebook.com\/bunurimag","https:\/\/youtube.com\/https:\/\/www.facebook.com\/bunurimag","https:\/\/linkedin.com\/in\/https:\/\/www.facebook.com\/bunurimag","https:\/\/soundcloud.com\/https:\/\/www.facebook.com\/bunurimag"],"address":{"@id":"https:\/\/bunuri.md\/ro\/#postaladdress","@type":"PostalAddress","streetAddress":"\u0420. \u041c\u043e\u043b\u0434\u043e\u0432\u0430, \u0433. \u0425\u044b\u043d\u0447\u0435\u0448\u0442\u044b","postalCode":"3401","addressLocality":"\u0425\u044b\u043d\u0447\u0435\u0448\u0442\u044b","addressRegion":"Moldova","addressCountry":"MD"}},{"@type":"WebPage","@id":"https:\/\/bunuri.md\/ro\/shop\/injector-pentru-motoare-diesel-178f\/#webpage","url":"https:\/\/bunuri.md\/ro\/shop\/injector-pentru-motoare-diesel-178f\/","name":"Injector pentru motoare diezel, racire cu aer, 178F","description":"Ofer\u0103 injectarea unei cantit\u0103\u021bi m\u0103surate de combustibil \u00een camera de ardere a motorului. Injec\u021bia pulverizeaza motorin\u0103, ceea ce \u00eei \u00eembun\u0103t\u0103\u021be\u0219te aprinderea.","inLanguage":"ro-RO","isPartOf":{"@id":"https:\/\/bunuri.md\/ro\/#website"},"breadcrumb":{"@id":"https:\/\/bunuri.md\/ro\/shop\/injector-pentru-motoare-diesel-178f\/#breadcrumblist"},"image":{"@type":"ImageObject","url":"https:\/\/bunuri.md\/wp-content\/uploads\/2021\/03\/f178.png","@id":"https:\/\/bunuri.md\/ro\/shop\/injector-pentru-motoare-diesel-178f\/#mainImage","width":373,"height":600,"caption":"f178"},"primaryImageOfPage":{"@id":"https:\/\/bunuri.md\/ro\/shop\/injector-pentru-motoare-diesel-178f\/#mainImage"},"datePublished":"2022-09-30T23:01:30+03:00","dateModified":"2022-11-28T23:42:59+03:00"},{"@type":"WebSite","@id":"https:\/\/bunuri.md\/ro\/#website","url":"https:\/\/bunuri.md\/ro\/","name":"www.bunuri.md","alternateName":"bunuri.md","description":"Bunuri.md este un magazin online care livreaz\u0103 \u0219i comercializeaz\u0103 o gam\u0103 larg\u0103 de m\u0103rfuri de diverse categorii pe \u00eentreg teritoriul Republicii Moldova.","inLanguage":"ro-RO","publisher":{"@id":"https:\/\/bunuri.md\/ro\/#organization"}}]},"og:locale":"ro_RO","og:site_name":"\u0418\u043d\u0442\u0435\u0440\u043d\u0435\u0442 \u043c\u0430\u0433\u0430\u0437\u0438\u043d \u041c\u043e\u043b\u0434\u043e\u0432\u0430 | Bunuri.md este un magazin online care livreaz\u0103 \u0219i comercializeaz\u0103 o gam\u0103 larg\u0103 de m\u0103rfuri de diverse categorii pe \u00eentreg teritoriul Republicii Moldova.","og:type":"article","og:title":"Injector pentru motoare diezel, racire cu aer, 178F","og:description":"Ofer\u0103 injectarea unei cantit\u0103\u021bi m\u0103surate de combustibil \u00een camera de ardere a motorului. Injec\u021bia pulverizeaza motorin\u0103, ceea ce \u00eei \u00eembun\u0103t\u0103\u021be\u0219te aprinderea.","og:url":"https:\/\/bunuri.md\/ro\/shop\/injector-pentru-motoare-diesel-178f\/","og:image":"https:\/\/bunuri.md\/wp-content\/uploads\/2022\/10\/logobu.png","og:image:secure_url":"https:\/\/bunuri.md\/wp-content\/uploads\/2022\/10\/logobu.png","og:image:width":200,"og:image:height":200,"article:published_time":"2022-09-30T20:01:30+00:00","article:modified_time":"2022-11-28T20:42:59+00:00","article:publisher":"https:\/\/facebook.com\/https:\/\/www.facebook.com\/bunurimag","twitter:card":"summary","twitter:site":"@https:","twitter:title":"Injector pentru motoare diezel, racire cu aer, 178F","twitter:description":"Ofer\u0103 injectarea unei cantit\u0103\u021bi m\u0103surate de combustibil \u00een camera de ardere a motorului. Injec\u021bia pulverizeaza motorin\u0103, ceea ce \u00eei \u00eembun\u0103t\u0103\u021be\u0219te aprinderea.","twitter:image":"https:\/\/bunuri.md\/wp-content\/uploads\/2022\/10\/logobu.png"},"aioseo_meta_data":{"post_id":"3441","title":"Injector pentru motoare diezel, racire cu aer, 178F","description":"Ofer\u0103 injectarea unei cantit\u0103\u021bi m\u0103surate de combustibil \u00een camera de ardere a motorului. Injec\u021bia pulverizeaza motorin\u0103, ceea ce \u00eei \u00eembun\u0103t\u0103\u021be\u0219te aprinderea.","keywords":[],"keyphrases":{"focus":{"keyphrase":"","score":0,"analysis":{"keyphraseInTitle":{"score":0,"maxScore":9,"error":1}}},"additional":[]},"primary_term":null,"canonical_url":null,"og_title":null,"og_description":null,"og_object_type":"default","og_image_type":"default","og_image_url":null,"og_image_width":null,"og_image_height":null,"og_image_custom_url":null,"og_image_custom_fields":null,"og_video":"","og_custom_url":null,"og_article_section":null,"og_article_tags":[],"twitter_use_og":false,"twitter_card":"default","twitter_image_type":"default","twitter_image_url":null,"twitter_image_custom_url":null,"twitter_image_custom_fields":null,"twitter_title":null,"twitter_description":null,"schema":{"blockGraphs":[],"customGraphs":[],"default":{"data":{"Article":[],"Course":[],"Dataset":[],"FAQPage":[],"Movie":[],"Person":[],"Product":[],"ProductReview":[],"Car":[],"Recipe":[],"Service":[],"SoftwareApplication":[],"WebPage":[]},"graphName":"ItemPage","isEnabled":true},"graphs":[],"defaultGraph":"WebPage","defaultPostTypeGraph":""},"schema_type":"default","schema_type_options":"{\"article\":{\"articleType\":\"BlogPosting\"},\"course\":{\"name\":\"\",\"description\":\"\",\"provider\":\"\"},\"faq\":{\"pages\":[]},\"product\":{\"reviews\":[]},\"recipe\":{\"ingredients\":[],\"instructions\":[],\"keywords\":[]},\"software\":{\"reviews\":[],\"operatingSystems\":[]},\"webPage\":{\"webPageType\":\"WebPage\"}}","pillar_content":false,"robots_default":true,"robots_noindex":false,"robots_noarchive":false,"robots_nosnippet":false,"robots_nofollow":false,"robots_noimageindex":false,"robots_noodp":false,"robots_notranslate":false,"robots_max_snippet":"-1","robots_max_videopreview":"-1","robots_max_imagepreview":"large","priority":null,"frequency":"default","local_seo":null,"seo_analyzer_scan_date":null,"breadcrumb_settings":null,"limit_modified_date":false,"reviewed_by":null,"open_ai":null,"ai":null,"created":"2021-03-02 20:16:35","updated":"2025-05-30 04:35:23"},"aioseo_breadcrumb":"<div class=\"aioseo-breadcrumbs\"><span class=\"aioseo-breadcrumb\">\n\t<a href=\"https:\/\/bunuri.md\/ro\/\" title=\"Home\">Home<\/a>\n<\/span><span class=\"aioseo-breadcrumb-separator\">\u00bb<\/span><span class=\"aioseo-breadcrumb\">\n\t<a href=\"https:\/\/bunuri.md\/ro\/shop-2\/\" title=\"Magazin\">Magazin<\/a>\n<\/span><span class=\"aioseo-breadcrumb-separator\">\u00bb<\/span><span class=\"aioseo-breadcrumb\">\n\t<a href=\"https:\/\/bunuri.md\/ro\/product-category\/pompe-de-injectie-injectoare\/\" title=\"Pompe de injectie, injectoare\">Pompe de injectie, injectoare<\/a>\n<\/span><span class=\"aioseo-breadcrumb-separator\">\u00bb<\/span><span class=\"aioseo-breadcrumb\">\n\tInjector pentru motoare diezel, racire cu aer 178F\n<\/span><\/div>","aioseo_breadcrumb_json":[{"label":"Home","link":"https:\/\/bunuri.md\/ro\/"},{"label":"Magazin","link":"https:\/\/bunuri.md\/ro\/shop-2\/"},{"label":"Pompe de injectie, injectoare","link":"https:\/\/bunuri.md\/ro\/product-category\/pompe-de-injectie-injectoare\/"},{"label":"Injector pentru motoare diezel, racire cu aer 178F","link":"https:\/\/bunuri.md\/ro\/shop\/injector-pentru-motoare-diesel-178f\/"}],"brands":[],"_links":{"self":[{"href":"https:\/\/bunuri.md\/ro\/wp-json\/wp\/v2\/product\/3441","targetHints":{"allow":["GET"]}}],"collection":[{"href":"https:\/\/bunuri.md\/ro\/wp-json\/wp\/v2\/product"}],"about":[{"href":"https:\/\/bunuri.md\/ro\/wp-json\/wp\/v2\/types\/product"}],"replies":[{"embeddable":true,"href":"https:\/\/bunuri.md\/ro\/wp-json\/wp\/v2\/comments?post=3441"}],"wp:featuredmedia":[{"embeddable":true,"href":"https:\/\/bunuri.md\/ro\/wp-json\/wp\/v2\/media\/3440"}],"wp:attachment":[{"href":"https:\/\/bunuri.md\/ro\/wp-json\/wp\/v2\/media?parent=3441"}],"wp:term":[{"taxonomy":"pwb-brand","embeddable":true,"href":"https:\/\/bunuri.md\/ro\/wp-json\/wp\/v2\/pwb-brand?post=3441"},{"taxonomy":"product_brand","embeddable":true,"href":"https:\/\/bunuri.md\/ro\/wp-json\/wp\/v2\/product_brand?post=3441"},{"taxonomy":"product_cat","embeddable":true,"href":"https:\/\/bunuri.md\/ro\/wp-json\/wp\/v2\/product_cat?post=3441"},{"taxonomy":"product_tag","embeddable":true,"href":"https:\/\/bunuri.md\/ro\/wp-json\/wp\/v2\/product_tag?post=3441"}],"curies":[{"name":"wp","href":"https:\/\/api.w.org\/{rel}","templated":true}]}}