{"id":3583,"date":"2021-03-11T22:57:20","date_gmt":"2021-03-11T19:57:20","guid":{"rendered":"https:\/\/bunuri.md\/shop\/arbore-cotit-pentru-motor-diesel-racire-cu-apa-r195-12-cp\/"},"modified":"2025-01-12T22:57:57","modified_gmt":"2025-01-12T19:57:57","slug":"arbore-cotit-pentru-motor-diesel-racire-cu-apa-r195-12-cp","status":"publish","type":"product","link":"https:\/\/bunuri.md\/ro\/shop\/arbore-cotit-pentru-motor-diesel-racire-cu-apa-r195-12-cp\/","title":{"rendered":"Arbore cotit gol R195 al unui motor diesel, puterea 12 c. p."},"content":{"rendered":"<p><strong>Ansamblu arbore cotit al tractorului cu motor diesel R195 de 12 c. p.<\/strong> <a href=\"https:\/\/bunuri.md\/ro\/product-category\/motoare\/\">este un element cheie al motorului cu ardere intern\u0103. Scopul s\u0103u principal este de a transforma mi\u0219carea alternativ\u0103 a pistonului din mecanismul manivelei \u00een mi\u0219care de rota\u021bie, care este transmis\u0103 altor unit\u0103\u021bi ale tractorului cu mers pe jos, asigur\u00e2nd func\u021bionarea acestuia.<\/a><br \/>\nArborele cotit R195 este folosit la motoarele de tip R195, care sunt adesea instalate pe tractoare diesel de putere medie de 12 c. p. \u0219i sunt potrivite pentru lucr\u0103ri agricole sau agricole.<\/p>\n<p><strong>Principalele func\u021bii ale arborelui cotit:<\/strong>\n<\/ul>\n<li><strong>Transmisia cuplului:<\/strong> arborele cotit transmite for\u021ba de la piston la arbore, ceea ce determin\u0103 rota\u021bia.<\/li>\n<li><strong>Stabilizarea motorului:<\/strong> Ac\u021bioneaz\u0103 ca un element de sus\u021binere, men\u021bin\u00e2nd sincronicitatea tuturor cilindrilor.<\/li>\n<li><strong>Conexiune cu sistemul de antrenare:<\/strong> Prin volant, ambreiaj \u0219i alte mecanisme, arborele cotit transmite energie pentru a antrena \u0219asiul \u0219i accesoriile.<\/li>\n<ul>\n<strong>Specificatii tehnice:<\/strong><\/p>\n<ul>\n<li><strong>Lungimea total\u0103 a arborelui cotit:<\/strong> 272 mm.<\/li>\n<li><strong>Diametru manivel\u0103:<\/strong> 52 mm.<\/li>\n<li><strong>Diametru scaun rulment:<\/strong> 55 mm.<\/li>\n<li><strong>Filet pentru montarea contragreut\u0103\u021bilor:<\/strong> M14.<\/li>\n<li><strong>Greutate:<\/strong>5,15 kg.<\/li>\n<\/ul>\n","protected":false},"excerpt":{"rendered":"<p>Transform\u0103 mi\u0219carea de piston a pistonului din mecanismul manivelei \u00een mi\u0219care de rota\u021bie, care este transmis\u0103 altor unit\u0103\u021bi ale mecanizmelor motoblocului.<\/p>\n","protected":false},"featured_media":3581,"comment_status":"open","ping_status":"closed","template":"","meta":{"om_disable_all_campaigns":false},"pwb-brand":[],"product_brand":[],"product_cat":[461],"product_tag":[],"class_list":{"0":"post-3583","1":"product","2":"type-product","3":"status-publish","4":"has-post-thumbnail","6":"product_cat-arbore-cotit-pentru-motobloc-mini-tractor","8":"first","9":"instock","10":"sale","11":"purchasable","12":"product-type-simple"},"aioseo_notices":[],"aioseo_head":"\n\t\t<!-- All in One SEO Pro 4.9.7.1 - aioseo.com -->\n\t<meta name=\"description\" content=\"Transform\u0103 mi\u0219carea de piston a pistonului din mecanismul manivelei \u00een mi\u0219care de rota\u021bie, care este transmis\u0103 altor unit\u0103\u021bi ale mecanizmelor motoblocului.\" \/>\n\t<meta name=\"robots\" content=\"max-image-preview:large\" \/>\n\t<link rel=\"canonical\" href=\"https:\/\/bunuri.md\/ro\/shop\/arbore-cotit-pentru-motor-diesel-racire-cu-apa-r195-12-cp\/\" \/>\n\t<meta name=\"generator\" content=\"All in One SEO Pro (AIOSEO) 4.9.7.1\" \/>\n\t\t<meta property=\"og:locale\" content=\"ro_RO\" \/>\n\t\t<meta property=\"og:site_name\" content=\"\u0418\u043d\u0442\u0435\u0440\u043d\u0435\u0442 \u043c\u0430\u0433\u0430\u0437\u0438\u043d \u041c\u043e\u043b\u0434\u043e\u0432\u0430 | Bunuri.md este un magazin online care livreaz\u0103 \u0219i comercializeaz\u0103 o gam\u0103 larg\u0103 de m\u0103rfuri de diverse categorii pe \u00eentreg teritoriul Republicii Moldova.\" \/>\n\t\t<meta property=\"og:type\" content=\"article\" \/>\n\t\t<meta property=\"og:title\" content=\"Arbore cotit gol R195 al unui motor diesel, puterea 12 c. p.\" \/>\n\t\t<meta property=\"og:description\" content=\"Transform\u0103 mi\u0219carea de piston a pistonului din mecanismul manivelei \u00een mi\u0219care de rota\u021bie, care este transmis\u0103 altor unit\u0103\u021bi ale mecanizmelor motoblocului.\" \/>\n\t\t<meta property=\"og:url\" content=\"https:\/\/bunuri.md\/ro\/shop\/arbore-cotit-pentru-motor-diesel-racire-cu-apa-r195-12-cp\/\" \/>\n\t\t<meta property=\"og:image\" content=\"https:\/\/bunuri.md\/wp-content\/uploads\/2022\/10\/logobu.png\" \/>\n\t\t<meta property=\"og:image:secure_url\" content=\"https:\/\/bunuri.md\/wp-content\/uploads\/2022\/10\/logobu.png\" \/>\n\t\t<meta property=\"og:image:width\" content=\"200\" \/>\n\t\t<meta property=\"og:image:height\" content=\"200\" \/>\n\t\t<meta property=\"article:published_time\" content=\"2021-03-11T19:57:20+00:00\" \/>\n\t\t<meta property=\"article:modified_time\" content=\"2025-01-12T19:57:57+00:00\" \/>\n\t\t<meta property=\"article:publisher\" content=\"https:\/\/facebook.com\/https:\/\/www.facebook.com\/bunurimag\" \/>\n\t\t<meta name=\"twitter:card\" content=\"summary\" \/>\n\t\t<meta name=\"twitter:site\" content=\"@https:\" \/>\n\t\t<meta name=\"twitter:title\" content=\"Arbore cotit gol R195 al unui motor diesel, puterea 12 c. p.\" \/>\n\t\t<meta name=\"twitter:description\" content=\"Transform\u0103 mi\u0219carea de piston a pistonului din mecanismul manivelei \u00een mi\u0219care de rota\u021bie, care este transmis\u0103 altor unit\u0103\u021bi ale mecanizmelor motoblocului.\" \/>\n\t\t<meta name=\"twitter:image\" content=\"https:\/\/bunuri.md\/wp-content\/uploads\/2022\/10\/logobu.png\" \/>\n\t\t<script type=\"application\/ld+json\" class=\"aioseo-schema\">\n\t\t\t{\"@context\":\"https:\\\/\\\/schema.org\",\"@graph\":[{\"@type\":\"BreadcrumbList\",\"@id\":\"https:\\\/\\\/bunuri.md\\\/ro\\\/shop\\\/arbore-cotit-pentru-motor-diesel-racire-cu-apa-r195-12-cp\\\/#breadcrumblist\",\"itemListElement\":[{\"@type\":\"ListItem\",\"@id\":\"https:\\\/\\\/bunuri.md\\\/ro\\\/#listItem\",\"position\":1,\"name\":\"Home\",\"item\":\"https:\\\/\\\/bunuri.md\\\/ro\\\/\",\"nextItem\":{\"@type\":\"ListItem\",\"@id\":\"https:\\\/\\\/bunuri.md\\\/ro\\\/shop-2\\\/#listItem\",\"name\":\"Magazin\"}},{\"@type\":\"ListItem\",\"@id\":\"https:\\\/\\\/bunuri.md\\\/ro\\\/shop-2\\\/#listItem\",\"position\":2,\"name\":\"Magazin\",\"item\":\"https:\\\/\\\/bunuri.md\\\/ro\\\/shop-2\\\/\",\"nextItem\":{\"@type\":\"ListItem\",\"@id\":\"https:\\\/\\\/bunuri.md\\\/ro\\\/product-category\\\/arbore-cotit-pentru-motobloc-mini-tractor\\\/#listItem\",\"name\":\"Arbore cotit pentru motobloc, mini tractor\"},\"previousItem\":{\"@type\":\"ListItem\",\"@id\":\"https:\\\/\\\/bunuri.md\\\/ro\\\/#listItem\",\"name\":\"Home\"}},{\"@type\":\"ListItem\",\"@id\":\"https:\\\/\\\/bunuri.md\\\/ro\\\/product-category\\\/arbore-cotit-pentru-motobloc-mini-tractor\\\/#listItem\",\"position\":3,\"name\":\"Arbore cotit pentru motobloc, mini tractor\",\"item\":\"https:\\\/\\\/bunuri.md\\\/ro\\\/product-category\\\/arbore-cotit-pentru-motobloc-mini-tractor\\\/\",\"nextItem\":{\"@type\":\"ListItem\",\"@id\":\"https:\\\/\\\/bunuri.md\\\/ro\\\/shop\\\/arbore-cotit-pentru-motor-diesel-racire-cu-apa-r195-12-cp\\\/#listItem\",\"name\":\"Arbore cotit gol R195 al unui motor diesel, puterea 12 c. p.\"},\"previousItem\":{\"@type\":\"ListItem\",\"@id\":\"https:\\\/\\\/bunuri.md\\\/ro\\\/shop-2\\\/#listItem\",\"name\":\"Magazin\"}},{\"@type\":\"ListItem\",\"@id\":\"https:\\\/\\\/bunuri.md\\\/ro\\\/shop\\\/arbore-cotit-pentru-motor-diesel-racire-cu-apa-r195-12-cp\\\/#listItem\",\"position\":4,\"name\":\"Arbore cotit gol R195 al unui motor diesel, puterea 12 c. p.\",\"previousItem\":{\"@type\":\"ListItem\",\"@id\":\"https:\\\/\\\/bunuri.md\\\/ro\\\/product-category\\\/arbore-cotit-pentru-motobloc-mini-tractor\\\/#listItem\",\"name\":\"Arbore cotit pentru motobloc, mini tractor\"}}]},{\"@type\":\"ItemPage\",\"@id\":\"https:\\\/\\\/bunuri.md\\\/ro\\\/shop\\\/arbore-cotit-pentru-motor-diesel-racire-cu-apa-r195-12-cp\\\/#itempage\",\"url\":\"https:\\\/\\\/bunuri.md\\\/ro\\\/shop\\\/arbore-cotit-pentru-motor-diesel-racire-cu-apa-r195-12-cp\\\/\",\"name\":\"Arbore cotit gol R195 al unui motor diesel, puterea 12 c. p.\",\"description\":\"Transform\\u0103 mi\\u0219carea de piston a pistonului din mecanismul manivelei \\u00een mi\\u0219care de rota\\u021bie, care este transmis\\u0103 altor unit\\u0103\\u021bi ale mecanizmelor motoblocului.\",\"inLanguage\":\"ro-RO\",\"isPartOf\":{\"@id\":\"https:\\\/\\\/bunuri.md\\\/ro\\\/#website\"},\"breadcrumb\":{\"@id\":\"https:\\\/\\\/bunuri.md\\\/ro\\\/shop\\\/arbore-cotit-pentru-motor-diesel-racire-cu-apa-r195-12-cp\\\/#breadcrumblist\"},\"image\":{\"@type\":\"ImageObject\",\"url\":\"https:\\\/\\\/bunuri.md\\\/wp-content\\\/uploads\\\/2021\\\/03\\\/col195.png\",\"@id\":\"https:\\\/\\\/bunuri.md\\\/ro\\\/shop\\\/arbore-cotit-pentru-motor-diesel-racire-cu-apa-r195-12-cp\\\/#mainImage\",\"width\":600,\"height\":365,\"caption\":\"col195\"},\"primaryImageOfPage\":{\"@id\":\"https:\\\/\\\/bunuri.md\\\/ro\\\/shop\\\/arbore-cotit-pentru-motor-diesel-racire-cu-apa-r195-12-cp\\\/#mainImage\"},\"datePublished\":\"2021-03-11T22:57:20+03:00\",\"dateModified\":\"2025-01-12T22:57:57+03:00\"},{\"@type\":\"Organization\",\"@id\":\"https:\\\/\\\/bunuri.md\\\/ro\\\/#organization\",\"name\":\"\\u00centreprinderea Individual\\u0103 \\\"Buldumac Aliona\\\"\",\"description\":\"\\u0418\\u041f \\u00ab\\u0411\\u0443\\u043b\\u0434\\u0443\\u043c\\u0430\\u043a \\u0410\\u043b\\u0435\\u043d\\u0430\\u00bb - \\u044d\\u0442\\u043e \\u043d\\u0430\\u0434\\u0451\\u0436\\u043d\\u044b\\u0439 \\u0438 \\u043e\\u0440\\u0438\\u0435\\u043d\\u0442\\u0438\\u0440\\u043e\\u0432\\u0430\\u043d\\u043d\\u044b\\u0439 \\u043d\\u0430 \\u043a\\u043b\\u0438\\u0435\\u043d\\u0442\\u0430 \\u0431\\u0438\\u0437\\u043d\\u0435\\u0441, \\u043f\\u0440\\u0435\\u0434\\u043b\\u0430\\u0433\\u0430\\u044e\\u0449\\u0438\\u0439 \\u043a\\u0430\\u0447\\u0435\\u0441\\u0442\\u0432\\u0435\\u043d\\u043d\\u044b\\u0435 \\u0442\\u043e\\u0432\\u0430\\u0440\\u044b, \\u0443\\u0441\\u043b\\u0443\\u0433\\u0438 \\u0441 \\u0430\\u043a\\u0446\\u0435\\u043d\\u0442\\u043e\\u043c \\u043d\\u0430 \\u043f\\u0440\\u0430\\u043a\\u0442\\u0438\\u0447\\u043d\\u043e\\u0441\\u0442\\u044c \\u0438 \\u0447\\u0435\\u0441\\u0442\\u043d\\u044b\\u0439 \\u043f\\u043e\\u0434\\u0445\\u043e\\u0434.\",\"url\":\"https:\\\/\\\/bunuri.md\\\/ro\\\/\",\"email\":\"bunuri.md@gmail.com\",\"telephone\":\"+37379512557\",\"foundingDate\":\"2006-09-27\",\"numberOfEmployees\":{\"@type\":\"QuantitativeValue\",\"minValue\":0,\"maxValue\":4},\"logo\":{\"@type\":\"ImageObject\",\"url\":\"https:\\\/\\\/bunuri.md\\\/wp-content\\\/uploads\\\/2022\\\/08\\\/logo-bunuri.png\",\"@id\":\"https:\\\/\\\/bunuri.md\\\/ro\\\/shop\\\/arbore-cotit-pentru-motor-diesel-racire-cu-apa-r195-12-cp\\\/#organizationLogo\",\"width\":250,\"height\":250},\"image\":{\"@id\":\"https:\\\/\\\/bunuri.md\\\/ro\\\/shop\\\/arbore-cotit-pentru-motor-diesel-racire-cu-apa-r195-12-cp\\\/#organizationLogo\"},\"sameAs\":[\"https:\\\/\\\/facebook.com\\\/https:\\\/\\\/www.facebook.com\\\/bunurimag\",\"https:\\\/\\\/x.com\\\/https:\\\/\\\/www.facebook.com\\\/bunurimag\",\"https:\\\/\\\/instagram.com\\\/https:\\\/\\\/www.facebook.com\\\/bunurimag\",\"https:\\\/\\\/pinterest.com\\\/https:\\\/\\\/www.facebook.com\\\/bunurimag\",\"https:\\\/\\\/youtube.com\\\/https:\\\/\\\/www.facebook.com\\\/bunurimag\",\"https:\\\/\\\/linkedin.com\\\/in\\\/https:\\\/\\\/www.facebook.com\\\/bunurimag\",\"https:\\\/\\\/soundcloud.com\\\/https:\\\/\\\/www.facebook.com\\\/bunurimag\"],\"address\":{\"@id\":\"https:\\\/\\\/bunuri.md\\\/ro\\\/#postaladdress\",\"@type\":\"PostalAddress\",\"streetAddress\":\"\\u0420. \\u041c\\u043e\\u043b\\u0434\\u043e\\u0432\\u0430, \\u0433. \\u0425\\u044b\\u043d\\u0447\\u0435\\u0448\\u0442\\u044b\",\"postalCode\":\"3401\",\"addressLocality\":\"\\u0425\\u044b\\u043d\\u0447\\u0435\\u0448\\u0442\\u044b\",\"addressRegion\":\"Moldova\",\"addressCountry\":\"MD\"}},{\"@type\":\"WebPage\",\"@id\":\"https:\\\/\\\/bunuri.md\\\/ro\\\/shop\\\/arbore-cotit-pentru-motor-diesel-racire-cu-apa-r195-12-cp\\\/#webpage\",\"url\":\"https:\\\/\\\/bunuri.md\\\/ro\\\/shop\\\/arbore-cotit-pentru-motor-diesel-racire-cu-apa-r195-12-cp\\\/\",\"name\":\"Arbore cotit gol R195 al unui motor diesel, puterea 12 c. p.\",\"description\":\"Transform\\u0103 mi\\u0219carea de piston a pistonului din mecanismul manivelei \\u00een mi\\u0219care de rota\\u021bie, care este transmis\\u0103 altor unit\\u0103\\u021bi ale mecanizmelor motoblocului.\",\"inLanguage\":\"ro-RO\",\"isPartOf\":{\"@id\":\"https:\\\/\\\/bunuri.md\\\/ro\\\/#website\"},\"breadcrumb\":{\"@id\":\"https:\\\/\\\/bunuri.md\\\/ro\\\/shop\\\/arbore-cotit-pentru-motor-diesel-racire-cu-apa-r195-12-cp\\\/#breadcrumblist\"},\"image\":{\"@type\":\"ImageObject\",\"url\":\"https:\\\/\\\/bunuri.md\\\/wp-content\\\/uploads\\\/2021\\\/03\\\/col195.png\",\"@id\":\"https:\\\/\\\/bunuri.md\\\/ro\\\/shop\\\/arbore-cotit-pentru-motor-diesel-racire-cu-apa-r195-12-cp\\\/#mainImage\",\"width\":600,\"height\":365,\"caption\":\"col195\"},\"primaryImageOfPage\":{\"@id\":\"https:\\\/\\\/bunuri.md\\\/ro\\\/shop\\\/arbore-cotit-pentru-motor-diesel-racire-cu-apa-r195-12-cp\\\/#mainImage\"},\"datePublished\":\"2021-03-11T22:57:20+03:00\",\"dateModified\":\"2025-01-12T22:57:57+03:00\"},{\"@type\":\"WebSite\",\"@id\":\"https:\\\/\\\/bunuri.md\\\/ro\\\/#website\",\"url\":\"https:\\\/\\\/bunuri.md\\\/ro\\\/\",\"name\":\"www.bunuri.md\",\"alternateName\":\"bunuri.md\",\"description\":\"Bunuri.md este un magazin online care livreaz\\u0103 \\u0219i comercializeaz\\u0103 o gam\\u0103 larg\\u0103 de m\\u0103rfuri de diverse categorii pe \\u00eentreg teritoriul Republicii Moldova.\",\"inLanguage\":\"ro-RO\",\"publisher\":{\"@id\":\"https:\\\/\\\/bunuri.md\\\/ro\\\/#organization\"}}]}\n\t\t<\/script>\n\t\t<!-- All in One SEO Pro -->\r\n\t\t<title>Arbore cotit gol R195 al unui motor diesel, puterea 12 c. p.<\/title>\n\n","aioseo_head_json":{"title":"Arbore cotit gol R195 al unui motor diesel, puterea 12 c. p.","description":"Transform\u0103 mi\u0219carea de piston a pistonului din mecanismul manivelei \u00een mi\u0219care de rota\u021bie, care este transmis\u0103 altor unit\u0103\u021bi ale mecanizmelor motoblocului.","canonical_url":"https:\/\/bunuri.md\/ro\/shop\/arbore-cotit-pentru-motor-diesel-racire-cu-apa-r195-12-cp\/","robots":"max-image-preview:large","keywords":"","webmasterTools":{"miscellaneous":""},"schema":{"@context":"https:\/\/schema.org","@graph":[{"@type":"BreadcrumbList","@id":"https:\/\/bunuri.md\/ro\/shop\/arbore-cotit-pentru-motor-diesel-racire-cu-apa-r195-12-cp\/#breadcrumblist","itemListElement":[{"@type":"ListItem","@id":"https:\/\/bunuri.md\/ro\/#listItem","position":1,"name":"Home","item":"https:\/\/bunuri.md\/ro\/","nextItem":{"@type":"ListItem","@id":"https:\/\/bunuri.md\/ro\/shop-2\/#listItem","name":"Magazin"}},{"@type":"ListItem","@id":"https:\/\/bunuri.md\/ro\/shop-2\/#listItem","position":2,"name":"Magazin","item":"https:\/\/bunuri.md\/ro\/shop-2\/","nextItem":{"@type":"ListItem","@id":"https:\/\/bunuri.md\/ro\/product-category\/arbore-cotit-pentru-motobloc-mini-tractor\/#listItem","name":"Arbore cotit pentru motobloc, mini tractor"},"previousItem":{"@type":"ListItem","@id":"https:\/\/bunuri.md\/ro\/#listItem","name":"Home"}},{"@type":"ListItem","@id":"https:\/\/bunuri.md\/ro\/product-category\/arbore-cotit-pentru-motobloc-mini-tractor\/#listItem","position":3,"name":"Arbore cotit pentru motobloc, mini tractor","item":"https:\/\/bunuri.md\/ro\/product-category\/arbore-cotit-pentru-motobloc-mini-tractor\/","nextItem":{"@type":"ListItem","@id":"https:\/\/bunuri.md\/ro\/shop\/arbore-cotit-pentru-motor-diesel-racire-cu-apa-r195-12-cp\/#listItem","name":"Arbore cotit gol R195 al unui motor diesel, puterea 12 c. p."},"previousItem":{"@type":"ListItem","@id":"https:\/\/bunuri.md\/ro\/shop-2\/#listItem","name":"Magazin"}},{"@type":"ListItem","@id":"https:\/\/bunuri.md\/ro\/shop\/arbore-cotit-pentru-motor-diesel-racire-cu-apa-r195-12-cp\/#listItem","position":4,"name":"Arbore cotit gol R195 al unui motor diesel, puterea 12 c. p.","previousItem":{"@type":"ListItem","@id":"https:\/\/bunuri.md\/ro\/product-category\/arbore-cotit-pentru-motobloc-mini-tractor\/#listItem","name":"Arbore cotit pentru motobloc, mini tractor"}}]},{"@type":"ItemPage","@id":"https:\/\/bunuri.md\/ro\/shop\/arbore-cotit-pentru-motor-diesel-racire-cu-apa-r195-12-cp\/#itempage","url":"https:\/\/bunuri.md\/ro\/shop\/arbore-cotit-pentru-motor-diesel-racire-cu-apa-r195-12-cp\/","name":"Arbore cotit gol R195 al unui motor diesel, puterea 12 c. p.","description":"Transform\u0103 mi\u0219carea de piston a pistonului din mecanismul manivelei \u00een mi\u0219care de rota\u021bie, care este transmis\u0103 altor unit\u0103\u021bi ale mecanizmelor motoblocului.","inLanguage":"ro-RO","isPartOf":{"@id":"https:\/\/bunuri.md\/ro\/#website"},"breadcrumb":{"@id":"https:\/\/bunuri.md\/ro\/shop\/arbore-cotit-pentru-motor-diesel-racire-cu-apa-r195-12-cp\/#breadcrumblist"},"image":{"@type":"ImageObject","url":"https:\/\/bunuri.md\/wp-content\/uploads\/2021\/03\/col195.png","@id":"https:\/\/bunuri.md\/ro\/shop\/arbore-cotit-pentru-motor-diesel-racire-cu-apa-r195-12-cp\/#mainImage","width":600,"height":365,"caption":"col195"},"primaryImageOfPage":{"@id":"https:\/\/bunuri.md\/ro\/shop\/arbore-cotit-pentru-motor-diesel-racire-cu-apa-r195-12-cp\/#mainImage"},"datePublished":"2021-03-11T22:57:20+03:00","dateModified":"2025-01-12T22:57:57+03:00"},{"@type":"Organization","@id":"https:\/\/bunuri.md\/ro\/#organization","name":"\u00centreprinderea Individual\u0103 \"Buldumac Aliona\"","description":"\u0418\u041f \u00ab\u0411\u0443\u043b\u0434\u0443\u043c\u0430\u043a \u0410\u043b\u0435\u043d\u0430\u00bb - \u044d\u0442\u043e \u043d\u0430\u0434\u0451\u0436\u043d\u044b\u0439 \u0438 \u043e\u0440\u0438\u0435\u043d\u0442\u0438\u0440\u043e\u0432\u0430\u043d\u043d\u044b\u0439 \u043d\u0430 \u043a\u043b\u0438\u0435\u043d\u0442\u0430 \u0431\u0438\u0437\u043d\u0435\u0441, \u043f\u0440\u0435\u0434\u043b\u0430\u0433\u0430\u044e\u0449\u0438\u0439 \u043a\u0430\u0447\u0435\u0441\u0442\u0432\u0435\u043d\u043d\u044b\u0435 \u0442\u043e\u0432\u0430\u0440\u044b, \u0443\u0441\u043b\u0443\u0433\u0438 \u0441 \u0430\u043a\u0446\u0435\u043d\u0442\u043e\u043c \u043d\u0430 \u043f\u0440\u0430\u043a\u0442\u0438\u0447\u043d\u043e\u0441\u0442\u044c \u0438 \u0447\u0435\u0441\u0442\u043d\u044b\u0439 \u043f\u043e\u0434\u0445\u043e\u0434.","url":"https:\/\/bunuri.md\/ro\/","email":"bunuri.md@gmail.com","telephone":"+37379512557","foundingDate":"2006-09-27","numberOfEmployees":{"@type":"QuantitativeValue","minValue":0,"maxValue":4},"logo":{"@type":"ImageObject","url":"https:\/\/bunuri.md\/wp-content\/uploads\/2022\/08\/logo-bunuri.png","@id":"https:\/\/bunuri.md\/ro\/shop\/arbore-cotit-pentru-motor-diesel-racire-cu-apa-r195-12-cp\/#organizationLogo","width":250,"height":250},"image":{"@id":"https:\/\/bunuri.md\/ro\/shop\/arbore-cotit-pentru-motor-diesel-racire-cu-apa-r195-12-cp\/#organizationLogo"},"sameAs":["https:\/\/facebook.com\/https:\/\/www.facebook.com\/bunurimag","https:\/\/x.com\/https:\/\/www.facebook.com\/bunurimag","https:\/\/instagram.com\/https:\/\/www.facebook.com\/bunurimag","https:\/\/pinterest.com\/https:\/\/www.facebook.com\/bunurimag","https:\/\/youtube.com\/https:\/\/www.facebook.com\/bunurimag","https:\/\/linkedin.com\/in\/https:\/\/www.facebook.com\/bunurimag","https:\/\/soundcloud.com\/https:\/\/www.facebook.com\/bunurimag"],"address":{"@id":"https:\/\/bunuri.md\/ro\/#postaladdress","@type":"PostalAddress","streetAddress":"\u0420. \u041c\u043e\u043b\u0434\u043e\u0432\u0430, \u0433. \u0425\u044b\u043d\u0447\u0435\u0448\u0442\u044b","postalCode":"3401","addressLocality":"\u0425\u044b\u043d\u0447\u0435\u0448\u0442\u044b","addressRegion":"Moldova","addressCountry":"MD"}},{"@type":"WebPage","@id":"https:\/\/bunuri.md\/ro\/shop\/arbore-cotit-pentru-motor-diesel-racire-cu-apa-r195-12-cp\/#webpage","url":"https:\/\/bunuri.md\/ro\/shop\/arbore-cotit-pentru-motor-diesel-racire-cu-apa-r195-12-cp\/","name":"Arbore cotit gol R195 al unui motor diesel, puterea 12 c. p.","description":"Transform\u0103 mi\u0219carea de piston a pistonului din mecanismul manivelei \u00een mi\u0219care de rota\u021bie, care este transmis\u0103 altor unit\u0103\u021bi ale mecanizmelor motoblocului.","inLanguage":"ro-RO","isPartOf":{"@id":"https:\/\/bunuri.md\/ro\/#website"},"breadcrumb":{"@id":"https:\/\/bunuri.md\/ro\/shop\/arbore-cotit-pentru-motor-diesel-racire-cu-apa-r195-12-cp\/#breadcrumblist"},"image":{"@type":"ImageObject","url":"https:\/\/bunuri.md\/wp-content\/uploads\/2021\/03\/col195.png","@id":"https:\/\/bunuri.md\/ro\/shop\/arbore-cotit-pentru-motor-diesel-racire-cu-apa-r195-12-cp\/#mainImage","width":600,"height":365,"caption":"col195"},"primaryImageOfPage":{"@id":"https:\/\/bunuri.md\/ro\/shop\/arbore-cotit-pentru-motor-diesel-racire-cu-apa-r195-12-cp\/#mainImage"},"datePublished":"2021-03-11T22:57:20+03:00","dateModified":"2025-01-12T22:57:57+03:00"},{"@type":"WebSite","@id":"https:\/\/bunuri.md\/ro\/#website","url":"https:\/\/bunuri.md\/ro\/","name":"www.bunuri.md","alternateName":"bunuri.md","description":"Bunuri.md este un magazin online care livreaz\u0103 \u0219i comercializeaz\u0103 o gam\u0103 larg\u0103 de m\u0103rfuri de diverse categorii pe \u00eentreg teritoriul Republicii Moldova.","inLanguage":"ro-RO","publisher":{"@id":"https:\/\/bunuri.md\/ro\/#organization"}}]},"og:locale":"ro_RO","og:site_name":"\u0418\u043d\u0442\u0435\u0440\u043d\u0435\u0442 \u043c\u0430\u0433\u0430\u0437\u0438\u043d \u041c\u043e\u043b\u0434\u043e\u0432\u0430 | Bunuri.md este un magazin online care livreaz\u0103 \u0219i comercializeaz\u0103 o gam\u0103 larg\u0103 de m\u0103rfuri de diverse categorii pe \u00eentreg teritoriul Republicii Moldova.","og:type":"article","og:title":"Arbore cotit gol R195 al unui motor diesel, puterea 12 c. p.","og:description":"Transform\u0103 mi\u0219carea de piston a pistonului din mecanismul manivelei \u00een mi\u0219care de rota\u021bie, care este transmis\u0103 altor unit\u0103\u021bi ale mecanizmelor motoblocului.","og:url":"https:\/\/bunuri.md\/ro\/shop\/arbore-cotit-pentru-motor-diesel-racire-cu-apa-r195-12-cp\/","og:image":"https:\/\/bunuri.md\/wp-content\/uploads\/2022\/10\/logobu.png","og:image:secure_url":"https:\/\/bunuri.md\/wp-content\/uploads\/2022\/10\/logobu.png","og:image:width":200,"og:image:height":200,"article:published_time":"2021-03-11T19:57:20+00:00","article:modified_time":"2025-01-12T19:57:57+00:00","article:publisher":"https:\/\/facebook.com\/https:\/\/www.facebook.com\/bunurimag","twitter:card":"summary","twitter:site":"@https:","twitter:title":"Arbore cotit gol R195 al unui motor diesel, puterea 12 c. p.","twitter:description":"Transform\u0103 mi\u0219carea de piston a pistonului din mecanismul manivelei \u00een mi\u0219care de rota\u021bie, care este transmis\u0103 altor unit\u0103\u021bi ale mecanizmelor motoblocului.","twitter:image":"https:\/\/bunuri.md\/wp-content\/uploads\/2022\/10\/logobu.png"},"aioseo_meta_data":{"post_id":"3583","title":"Arbore cotit gol R195 al unui motor diesel, puterea 12 c. p.","description":"Transform\u0103 mi\u0219carea de piston a pistonului din mecanismul manivelei \u00een mi\u0219care de rota\u021bie, care este transmis\u0103 altor unit\u0103\u021bi ale mecanizmelor motoblocului.","keywords":null,"keyphrases":{"focus":{"keyphrase":"","score":0,"analysis":{"keyphraseInTitle":{"score":0,"maxScore":9,"error":1}}},"additional":[]},"primary_term":null,"canonical_url":null,"og_title":null,"og_description":null,"og_object_type":"default","og_image_type":"default","og_image_url":null,"og_image_width":null,"og_image_height":null,"og_image_custom_url":null,"og_image_custom_fields":null,"og_video":"","og_custom_url":null,"og_article_section":null,"og_article_tags":null,"twitter_use_og":false,"twitter_card":"default","twitter_image_type":"default","twitter_image_url":null,"twitter_image_custom_url":null,"twitter_image_custom_fields":null,"twitter_title":null,"twitter_description":null,"schema":{"blockGraphs":[],"customGraphs":[],"default":{"data":{"Article":[],"Course":[],"Dataset":[],"FAQPage":[],"Movie":[],"Person":[],"Product":[],"ProductReview":[],"Car":[],"Recipe":[],"Service":[],"SoftwareApplication":[],"WebPage":[]},"graphName":"ItemPage","isEnabled":true},"graphs":[],"defaultGraph":"","defaultPostTypeGraph":""},"schema_type":null,"schema_type_options":null,"pillar_content":false,"robots_default":true,"robots_noindex":false,"robots_noarchive":false,"robots_nosnippet":false,"robots_nofollow":false,"robots_noimageindex":false,"robots_noodp":false,"robots_notranslate":false,"robots_max_snippet":"-1","robots_max_videopreview":"-1","robots_max_imagepreview":"large","priority":null,"frequency":"default","local_seo":null,"seo_analyzer_scan_date":null,"breadcrumb_settings":null,"limit_modified_date":false,"reviewed_by":null,"open_ai":"{\"title\":{\"suggestions\":[],\"usage\":0},\"description\":{\"suggestions\":[],\"usage\":0}}","ai":null,"created":"2021-03-11 20:10:18","updated":"2025-05-30 04:10:19"},"aioseo_breadcrumb":"<div class=\"aioseo-breadcrumbs\"><span class=\"aioseo-breadcrumb\">\n\t<a href=\"https:\/\/bunuri.md\/ro\/\" title=\"Home\">Home<\/a>\n<\/span><span class=\"aioseo-breadcrumb-separator\">\u00bb<\/span><span class=\"aioseo-breadcrumb\">\n\t<a href=\"https:\/\/bunuri.md\/ro\/shop-2\/\" title=\"Magazin\">Magazin<\/a>\n<\/span><span class=\"aioseo-breadcrumb-separator\">\u00bb<\/span><span class=\"aioseo-breadcrumb\">\n\t<a href=\"https:\/\/bunuri.md\/ro\/product-category\/arbore-cotit-pentru-motobloc-mini-tractor\/\" title=\"Arbore cotit pentru motobloc, mini tractor\">Arbore cotit pentru motobloc, mini tractor<\/a>\n<\/span><span class=\"aioseo-breadcrumb-separator\">\u00bb<\/span><span class=\"aioseo-breadcrumb\">\n\tArbore cotit gol R195 al unui motor diesel, puterea 12 c. p.\n<\/span><\/div>","aioseo_breadcrumb_json":[{"label":"Home","link":"https:\/\/bunuri.md\/ro\/"},{"label":"Magazin","link":"https:\/\/bunuri.md\/ro\/shop-2\/"},{"label":"Arbore cotit pentru motobloc, mini tractor","link":"https:\/\/bunuri.md\/ro\/product-category\/arbore-cotit-pentru-motobloc-mini-tractor\/"},{"label":"Arbore cotit gol R195 al unui motor diesel, puterea 12 c. p.","link":"https:\/\/bunuri.md\/ro\/shop\/arbore-cotit-pentru-motor-diesel-racire-cu-apa-r195-12-cp\/"}],"brands":[],"_links":{"self":[{"href":"https:\/\/bunuri.md\/ro\/wp-json\/wp\/v2\/product\/3583","targetHints":{"allow":["GET"]}}],"collection":[{"href":"https:\/\/bunuri.md\/ro\/wp-json\/wp\/v2\/product"}],"about":[{"href":"https:\/\/bunuri.md\/ro\/wp-json\/wp\/v2\/types\/product"}],"replies":[{"embeddable":true,"href":"https:\/\/bunuri.md\/ro\/wp-json\/wp\/v2\/comments?post=3583"}],"wp:featuredmedia":[{"embeddable":true,"href":"https:\/\/bunuri.md\/ro\/wp-json\/wp\/v2\/media\/3581"}],"wp:attachment":[{"href":"https:\/\/bunuri.md\/ro\/wp-json\/wp\/v2\/media?parent=3583"}],"wp:term":[{"taxonomy":"pwb-brand","embeddable":true,"href":"https:\/\/bunuri.md\/ro\/wp-json\/wp\/v2\/pwb-brand?post=3583"},{"taxonomy":"product_brand","embeddable":true,"href":"https:\/\/bunuri.md\/ro\/wp-json\/wp\/v2\/product_brand?post=3583"},{"taxonomy":"product_cat","embeddable":true,"href":"https:\/\/bunuri.md\/ro\/wp-json\/wp\/v2\/product_cat?post=3583"},{"taxonomy":"product_tag","embeddable":true,"href":"https:\/\/bunuri.md\/ro\/wp-json\/wp\/v2\/product_tag?post=3583"}],"curies":[{"name":"wp","href":"https:\/\/api.w.org\/{rel}","templated":true}]}}