{"id":3689,"date":"2021-05-09T21:09:30","date_gmt":"2021-05-09T18:55:06","guid":{"rendered":"https:\/\/bunuri.md\/?post_type=product&#038;p=3689"},"modified":"2022-12-13T22:23:13","modified_gmt":"2022-12-13T19:23:13","slug":"motocoasa-procraft-t4200-pro","status":"publish","type":"product","link":"https:\/\/bunuri.md\/ro\/shop\/motocoasa-procraft-t4200-pro\/","title":{"rendered":"Trimmer pe benzin\u0103, ma\u0219in\u0103 de tuns iarba ProCraft T4200 Pro"},"content":{"rendered":"<p><strong>Trimmer pe benzin\u0103, ma\u0219in\u0103 de tuns iarba ProCraft T4200 Pro-<\/strong>\u00a0 este un instrument foarte convenabil, practic, de clas\u0103 profesional\u0103, de la un brand de \u00eencredere.<\/p>\n<p>Motokosa (benzokosa) Procraft T-4200 PRO se refer\u0103 la o unealt\u0103 profesional\u0103, cu lungimea tijei de 28cm. Ma\u0219ina de tuns are putere mare \u0219i caracteristici tehnice ridicate, care v\u0103 vor permite s\u0103 efectua\u021bi tunsul iarb\u0103, tunsul gazonului, tunderea arbu\u0219tilor foarte eficient \u0219i f\u0103r\u0103 prea mult efort. <a href=\"https:\/\/bunuri.md\/ro\/product-category\/piese-pentru-motocoase-trimere\/\">Pute\u021bi g\u0103si piese de \u00eentre\u021binere pentru ma\u0219ina dvs. de tuns pe benzin\u0103 aici.<\/a><\/p>\n<p>Specifica\u021bii:<\/p>\n<p>Producator: Procraft.<br \/>\nTip: Motokosa ProCraft T4200 Pro.<br \/>\nPutere motor: 4,2 litri. Cu.<br \/>\nDimensiune motor: 52 cmc<br \/>\nVolumul rezervorului de combustibil: 1,2 l.<br \/>\nTip motor: \u00cen doi timpi cu r\u0103cire cu aer.<br \/>\nTip: Motokosa ProCraft T4200 Pro.<br \/>\nPutere: motor pe benzina.<br \/>\nElement de t\u0103iere: Linie de pescuit \u0219i cu\u021bit.<br \/>\nL\u0103\u021bimea de t\u0103iere a cu\u021bitului: 254 mm.<br \/>\nL\u0103\u021bimea de t\u0103iere a liniei: 415 mm.<\/p>\n","protected":false},"excerpt":{"rendered":"<p>Conceput pentru tunderea ierbii, tufi\u0219urilor, tufi\u0219urilor mici, \u00eendep\u0103rt\u0103rii copacilor tineri, stufului, desi\u0219urilor etc. in apropierea numeroaselor obstacole.<\/p>\n","protected":false},"featured_media":6856,"comment_status":"open","ping_status":"closed","template":"","meta":{"om_disable_all_campaigns":false},"pwb-brand":[],"product_brand":[],"product_cat":[357],"product_tag":[],"class_list":{"0":"post-3689","1":"product","2":"type-product","3":"status-publish","4":"has-post-thumbnail","6":"product_cat-bez-kategorii","8":"first","9":"instock","10":"featured","11":"product-type-simple"},"aioseo_notices":[],"aioseo_head":"\n\t\t<!-- All in One SEO Pro 4.9.6.1 - aioseo.com -->\n\t<meta name=\"description\" content=\"Conceput pentru tunderea ierbii, tufi\u0219urilor, tufi\u0219urilor mici, \u00eendep\u0103rt\u0103rii copacilor tineri, stufului, desi\u0219urilor etc. in apropierea numeroaselor obstacole.\" \/>\n\t<meta name=\"robots\" content=\"max-image-preview:large\" \/>\n\t<link rel=\"canonical\" href=\"https:\/\/bunuri.md\/ro\/shop\/motocoasa-procraft-t4200-pro\/\" \/>\n\t<meta name=\"generator\" content=\"All in One SEO Pro (AIOSEO) 4.9.6.1\" \/>\n\t\t<meta property=\"og:locale\" content=\"ro_RO\" \/>\n\t\t<meta property=\"og:site_name\" content=\"\u0418\u043d\u0442\u0435\u0440\u043d\u0435\u0442 \u043c\u0430\u0433\u0430\u0437\u0438\u043d \u041c\u043e\u043b\u0434\u043e\u0432\u0430 | Bunuri.md este un magazin online care livreaz\u0103 \u0219i comercializeaz\u0103 o gam\u0103 larg\u0103 de m\u0103rfuri de diverse categorii pe \u00eentreg teritoriul Republicii Moldova.\" \/>\n\t\t<meta property=\"og:type\" content=\"article\" \/>\n\t\t<meta property=\"og:title\" content=\"Trimmer pe benzin\u0103, ma\u0219in\u0103 de tuns iarba ProCraft T4200 Pro\" \/>\n\t\t<meta property=\"og:description\" content=\"Conceput pentru tunderea ierbii, tufi\u0219urilor, tufi\u0219urilor mici, \u00eendep\u0103rt\u0103rii copacilor tineri, stufului, desi\u0219urilor etc. in apropierea numeroaselor obstacole.\" \/>\n\t\t<meta property=\"og:url\" content=\"https:\/\/bunuri.md\/ro\/shop\/motocoasa-procraft-t4200-pro\/\" \/>\n\t\t<meta property=\"og:image\" content=\"https:\/\/bunuri.md\/wp-content\/uploads\/2022\/10\/logobu.png\" \/>\n\t\t<meta property=\"og:image:secure_url\" content=\"https:\/\/bunuri.md\/wp-content\/uploads\/2022\/10\/logobu.png\" \/>\n\t\t<meta property=\"og:image:width\" content=\"200\" \/>\n\t\t<meta property=\"og:image:height\" content=\"200\" \/>\n\t\t<meta property=\"article:published_time\" content=\"2021-05-09T18:55:06+00:00\" \/>\n\t\t<meta property=\"article:modified_time\" content=\"2022-12-13T19:23:13+00:00\" \/>\n\t\t<meta property=\"article:publisher\" content=\"https:\/\/facebook.com\/https:\/\/www.facebook.com\/bunurimag\" \/>\n\t\t<meta name=\"twitter:card\" content=\"summary\" \/>\n\t\t<meta name=\"twitter:site\" content=\"@https:\" \/>\n\t\t<meta name=\"twitter:title\" content=\"Trimmer pe benzin\u0103, ma\u0219in\u0103 de tuns iarba ProCraft T4200 Pro\" \/>\n\t\t<meta name=\"twitter:description\" content=\"Conceput pentru tunderea ierbii, tufi\u0219urilor, tufi\u0219urilor mici, \u00eendep\u0103rt\u0103rii copacilor tineri, stufului, desi\u0219urilor etc. in apropierea numeroaselor obstacole.\" \/>\n\t\t<meta name=\"twitter:image\" content=\"https:\/\/bunuri.md\/wp-content\/uploads\/2022\/10\/logobu.png\" \/>\n\t\t<script type=\"application\/ld+json\" class=\"aioseo-schema\">\n\t\t\t{\"@context\":\"https:\\\/\\\/schema.org\",\"@graph\":[{\"@type\":\"BreadcrumbList\",\"@id\":\"https:\\\/\\\/bunuri.md\\\/ro\\\/shop\\\/motocoasa-procraft-t4200-pro\\\/#breadcrumblist\",\"itemListElement\":[{\"@type\":\"ListItem\",\"@id\":\"https:\\\/\\\/bunuri.md\\\/ro\\\/#listItem\",\"position\":1,\"name\":\"Home\",\"item\":\"https:\\\/\\\/bunuri.md\\\/ro\\\/\",\"nextItem\":{\"@type\":\"ListItem\",\"@id\":\"https:\\\/\\\/bunuri.md\\\/ro\\\/shop-2\\\/#listItem\",\"name\":\"Magazin\"}},{\"@type\":\"ListItem\",\"@id\":\"https:\\\/\\\/bunuri.md\\\/ro\\\/shop-2\\\/#listItem\",\"position\":2,\"name\":\"Magazin\",\"item\":\"https:\\\/\\\/bunuri.md\\\/ro\\\/shop-2\\\/\",\"nextItem\":{\"@type\":\"ListItem\",\"@id\":\"https:\\\/\\\/bunuri.md\\\/ro\\\/product-category\\\/bez-kategorii\\\/#listItem\",\"name\":\"F\\u0103r\\u0103 categorie\"},\"previousItem\":{\"@type\":\"ListItem\",\"@id\":\"https:\\\/\\\/bunuri.md\\\/ro\\\/#listItem\",\"name\":\"Home\"}},{\"@type\":\"ListItem\",\"@id\":\"https:\\\/\\\/bunuri.md\\\/ro\\\/product-category\\\/bez-kategorii\\\/#listItem\",\"position\":3,\"name\":\"F\\u0103r\\u0103 categorie\",\"item\":\"https:\\\/\\\/bunuri.md\\\/ro\\\/product-category\\\/bez-kategorii\\\/\",\"nextItem\":{\"@type\":\"ListItem\",\"@id\":\"https:\\\/\\\/bunuri.md\\\/ro\\\/shop\\\/motocoasa-procraft-t4200-pro\\\/#listItem\",\"name\":\"Trimmer pe benzin\\u0103, ma\\u0219in\\u0103 de tuns iarba ProCraft T4200 Pro\"},\"previousItem\":{\"@type\":\"ListItem\",\"@id\":\"https:\\\/\\\/bunuri.md\\\/ro\\\/shop-2\\\/#listItem\",\"name\":\"Magazin\"}},{\"@type\":\"ListItem\",\"@id\":\"https:\\\/\\\/bunuri.md\\\/ro\\\/shop\\\/motocoasa-procraft-t4200-pro\\\/#listItem\",\"position\":4,\"name\":\"Trimmer pe benzin\\u0103, ma\\u0219in\\u0103 de tuns iarba ProCraft T4200 Pro\",\"previousItem\":{\"@type\":\"ListItem\",\"@id\":\"https:\\\/\\\/bunuri.md\\\/ro\\\/product-category\\\/bez-kategorii\\\/#listItem\",\"name\":\"F\\u0103r\\u0103 categorie\"}}]},{\"@type\":\"ItemPage\",\"@id\":\"https:\\\/\\\/bunuri.md\\\/ro\\\/shop\\\/motocoasa-procraft-t4200-pro\\\/#itempage\",\"url\":\"https:\\\/\\\/bunuri.md\\\/ro\\\/shop\\\/motocoasa-procraft-t4200-pro\\\/\",\"name\":\"Trimmer pe benzin\\u0103, ma\\u0219in\\u0103 de tuns iarba ProCraft T4200 Pro\",\"description\":\"Conceput pentru tunderea ierbii, tufi\\u0219urilor, tufi\\u0219urilor mici, \\u00eendep\\u0103rt\\u0103rii copacilor tineri, stufului, desi\\u0219urilor etc. in apropierea numeroaselor obstacole.\",\"inLanguage\":\"ro-RO\",\"isPartOf\":{\"@id\":\"https:\\\/\\\/bunuri.md\\\/ro\\\/#website\"},\"breadcrumb\":{\"@id\":\"https:\\\/\\\/bunuri.md\\\/ro\\\/shop\\\/motocoasa-procraft-t4200-pro\\\/#breadcrumblist\"},\"image\":{\"@type\":\"ImageObject\",\"url\":\"https:\\\/\\\/bunuri.md\\\/wp-content\\\/uploads\\\/2021\\\/05\\\/Motocoasa_PRP-CRAFT_pro.png\",\"@id\":\"https:\\\/\\\/bunuri.md\\\/ro\\\/shop\\\/motocoasa-procraft-t4200-pro\\\/#mainImage\",\"width\":600,\"height\":614},\"primaryImageOfPage\":{\"@id\":\"https:\\\/\\\/bunuri.md\\\/ro\\\/shop\\\/motocoasa-procraft-t4200-pro\\\/#mainImage\"},\"datePublished\":\"2021-05-09T21:09:30+03:00\",\"dateModified\":\"2022-12-13T22:23:13+03:00\"},{\"@type\":\"Organization\",\"@id\":\"https:\\\/\\\/bunuri.md\\\/ro\\\/#organization\",\"name\":\"\\u00centreprinderea Individual\\u0103 \\\"Buldumac Aliona\\\"\",\"description\":\"\\u0418\\u041f \\u00ab\\u0411\\u0443\\u043b\\u0434\\u0443\\u043c\\u0430\\u043a \\u0410\\u043b\\u0435\\u043d\\u0430\\u00bb - \\u044d\\u0442\\u043e \\u043d\\u0430\\u0434\\u0451\\u0436\\u043d\\u044b\\u0439 \\u0438 \\u043e\\u0440\\u0438\\u0435\\u043d\\u0442\\u0438\\u0440\\u043e\\u0432\\u0430\\u043d\\u043d\\u044b\\u0439 \\u043d\\u0430 \\u043a\\u043b\\u0438\\u0435\\u043d\\u0442\\u0430 \\u0431\\u0438\\u0437\\u043d\\u0435\\u0441, \\u043f\\u0440\\u0435\\u0434\\u043b\\u0430\\u0433\\u0430\\u044e\\u0449\\u0438\\u0439 \\u043a\\u0430\\u0447\\u0435\\u0441\\u0442\\u0432\\u0435\\u043d\\u043d\\u044b\\u0435 \\u0442\\u043e\\u0432\\u0430\\u0440\\u044b, \\u0443\\u0441\\u043b\\u0443\\u0433\\u0438 \\u0441 \\u0430\\u043a\\u0446\\u0435\\u043d\\u0442\\u043e\\u043c \\u043d\\u0430 \\u043f\\u0440\\u0430\\u043a\\u0442\\u0438\\u0447\\u043d\\u043e\\u0441\\u0442\\u044c \\u0438 \\u0447\\u0435\\u0441\\u0442\\u043d\\u044b\\u0439 \\u043f\\u043e\\u0434\\u0445\\u043e\\u0434.\",\"url\":\"https:\\\/\\\/bunuri.md\\\/ro\\\/\",\"email\":\"bunuri.md@gmail.com\",\"telephone\":\"+37379512557\",\"foundingDate\":\"2006-09-27\",\"numberOfEmployees\":{\"@type\":\"QuantitativeValue\",\"minValue\":0,\"maxValue\":4},\"logo\":{\"@type\":\"ImageObject\",\"url\":\"https:\\\/\\\/bunuri.md\\\/wp-content\\\/uploads\\\/2022\\\/08\\\/logo-bunuri.png\",\"@id\":\"https:\\\/\\\/bunuri.md\\\/ro\\\/shop\\\/motocoasa-procraft-t4200-pro\\\/#organizationLogo\",\"width\":250,\"height\":250},\"image\":{\"@id\":\"https:\\\/\\\/bunuri.md\\\/ro\\\/shop\\\/motocoasa-procraft-t4200-pro\\\/#organizationLogo\"},\"sameAs\":[\"https:\\\/\\\/facebook.com\\\/https:\\\/\\\/www.facebook.com\\\/bunurimag\",\"https:\\\/\\\/x.com\\\/https:\\\/\\\/www.facebook.com\\\/bunurimag\",\"https:\\\/\\\/instagram.com\\\/https:\\\/\\\/www.facebook.com\\\/bunurimag\",\"https:\\\/\\\/pinterest.com\\\/https:\\\/\\\/www.facebook.com\\\/bunurimag\",\"https:\\\/\\\/youtube.com\\\/https:\\\/\\\/www.facebook.com\\\/bunurimag\",\"https:\\\/\\\/linkedin.com\\\/in\\\/https:\\\/\\\/www.facebook.com\\\/bunurimag\",\"https:\\\/\\\/soundcloud.com\\\/https:\\\/\\\/www.facebook.com\\\/bunurimag\"],\"address\":{\"@id\":\"https:\\\/\\\/bunuri.md\\\/ro\\\/#postaladdress\",\"@type\":\"PostalAddress\",\"streetAddress\":\"\\u0420. \\u041c\\u043e\\u043b\\u0434\\u043e\\u0432\\u0430, \\u0433. \\u0425\\u044b\\u043d\\u0447\\u0435\\u0448\\u0442\\u044b\",\"postalCode\":\"3401\",\"addressLocality\":\"\\u0425\\u044b\\u043d\\u0447\\u0435\\u0448\\u0442\\u044b\",\"addressRegion\":\"Moldova\",\"addressCountry\":\"MD\"}},{\"@type\":\"WebPage\",\"@id\":\"https:\\\/\\\/bunuri.md\\\/ro\\\/shop\\\/motocoasa-procraft-t4200-pro\\\/#webpage\",\"url\":\"https:\\\/\\\/bunuri.md\\\/ro\\\/shop\\\/motocoasa-procraft-t4200-pro\\\/\",\"name\":\"Trimmer pe benzin\\u0103, ma\\u0219in\\u0103 de tuns iarba ProCraft T4200 Pro\",\"description\":\"Conceput pentru tunderea ierbii, tufi\\u0219urilor, tufi\\u0219urilor mici, \\u00eendep\\u0103rt\\u0103rii copacilor tineri, stufului, desi\\u0219urilor etc. in apropierea numeroaselor obstacole.\",\"inLanguage\":\"ro-RO\",\"isPartOf\":{\"@id\":\"https:\\\/\\\/bunuri.md\\\/ro\\\/#website\"},\"breadcrumb\":{\"@id\":\"https:\\\/\\\/bunuri.md\\\/ro\\\/shop\\\/motocoasa-procraft-t4200-pro\\\/#breadcrumblist\"},\"image\":{\"@type\":\"ImageObject\",\"url\":\"https:\\\/\\\/bunuri.md\\\/wp-content\\\/uploads\\\/2021\\\/05\\\/Motocoasa_PRP-CRAFT_pro.png\",\"@id\":\"https:\\\/\\\/bunuri.md\\\/ro\\\/shop\\\/motocoasa-procraft-t4200-pro\\\/#mainImage\",\"width\":600,\"height\":614},\"primaryImageOfPage\":{\"@id\":\"https:\\\/\\\/bunuri.md\\\/ro\\\/shop\\\/motocoasa-procraft-t4200-pro\\\/#mainImage\"},\"datePublished\":\"2021-05-09T21:09:30+03:00\",\"dateModified\":\"2022-12-13T22:23:13+03:00\"},{\"@type\":\"WebSite\",\"@id\":\"https:\\\/\\\/bunuri.md\\\/ro\\\/#website\",\"url\":\"https:\\\/\\\/bunuri.md\\\/ro\\\/\",\"name\":\"www.bunuri.md\",\"alternateName\":\"bunuri.md\",\"description\":\"Bunuri.md este un magazin online care livreaz\\u0103 \\u0219i comercializeaz\\u0103 o gam\\u0103 larg\\u0103 de m\\u0103rfuri de diverse categorii pe \\u00eentreg teritoriul Republicii Moldova.\",\"inLanguage\":\"ro-RO\",\"publisher\":{\"@id\":\"https:\\\/\\\/bunuri.md\\\/ro\\\/#organization\"}}]}\n\t\t<\/script>\n\t\t<!-- All in One SEO Pro -->\r\n\t\t<title>Trimmer pe benzin\u0103, ma\u0219in\u0103 de tuns iarba ProCraft T4200 Pro<\/title>\n\n","aioseo_head_json":{"title":"Trimmer pe benzin\u0103, ma\u0219in\u0103 de tuns iarba ProCraft T4200 Pro","description":"Conceput pentru tunderea ierbii, tufi\u0219urilor, tufi\u0219urilor mici, \u00eendep\u0103rt\u0103rii copacilor tineri, stufului, desi\u0219urilor etc. in apropierea numeroaselor obstacole.","canonical_url":"https:\/\/bunuri.md\/ro\/shop\/motocoasa-procraft-t4200-pro\/","robots":"max-image-preview:large","keywords":"","webmasterTools":{"miscellaneous":""},"schema":{"@context":"https:\/\/schema.org","@graph":[{"@type":"BreadcrumbList","@id":"https:\/\/bunuri.md\/ro\/shop\/motocoasa-procraft-t4200-pro\/#breadcrumblist","itemListElement":[{"@type":"ListItem","@id":"https:\/\/bunuri.md\/ro\/#listItem","position":1,"name":"Home","item":"https:\/\/bunuri.md\/ro\/","nextItem":{"@type":"ListItem","@id":"https:\/\/bunuri.md\/ro\/shop-2\/#listItem","name":"Magazin"}},{"@type":"ListItem","@id":"https:\/\/bunuri.md\/ro\/shop-2\/#listItem","position":2,"name":"Magazin","item":"https:\/\/bunuri.md\/ro\/shop-2\/","nextItem":{"@type":"ListItem","@id":"https:\/\/bunuri.md\/ro\/product-category\/bez-kategorii\/#listItem","name":"F\u0103r\u0103 categorie"},"previousItem":{"@type":"ListItem","@id":"https:\/\/bunuri.md\/ro\/#listItem","name":"Home"}},{"@type":"ListItem","@id":"https:\/\/bunuri.md\/ro\/product-category\/bez-kategorii\/#listItem","position":3,"name":"F\u0103r\u0103 categorie","item":"https:\/\/bunuri.md\/ro\/product-category\/bez-kategorii\/","nextItem":{"@type":"ListItem","@id":"https:\/\/bunuri.md\/ro\/shop\/motocoasa-procraft-t4200-pro\/#listItem","name":"Trimmer pe benzin\u0103, ma\u0219in\u0103 de tuns iarba ProCraft T4200 Pro"},"previousItem":{"@type":"ListItem","@id":"https:\/\/bunuri.md\/ro\/shop-2\/#listItem","name":"Magazin"}},{"@type":"ListItem","@id":"https:\/\/bunuri.md\/ro\/shop\/motocoasa-procraft-t4200-pro\/#listItem","position":4,"name":"Trimmer pe benzin\u0103, ma\u0219in\u0103 de tuns iarba ProCraft T4200 Pro","previousItem":{"@type":"ListItem","@id":"https:\/\/bunuri.md\/ro\/product-category\/bez-kategorii\/#listItem","name":"F\u0103r\u0103 categorie"}}]},{"@type":"ItemPage","@id":"https:\/\/bunuri.md\/ro\/shop\/motocoasa-procraft-t4200-pro\/#itempage","url":"https:\/\/bunuri.md\/ro\/shop\/motocoasa-procraft-t4200-pro\/","name":"Trimmer pe benzin\u0103, ma\u0219in\u0103 de tuns iarba ProCraft T4200 Pro","description":"Conceput pentru tunderea ierbii, tufi\u0219urilor, tufi\u0219urilor mici, \u00eendep\u0103rt\u0103rii copacilor tineri, stufului, desi\u0219urilor etc. in apropierea numeroaselor obstacole.","inLanguage":"ro-RO","isPartOf":{"@id":"https:\/\/bunuri.md\/ro\/#website"},"breadcrumb":{"@id":"https:\/\/bunuri.md\/ro\/shop\/motocoasa-procraft-t4200-pro\/#breadcrumblist"},"image":{"@type":"ImageObject","url":"https:\/\/bunuri.md\/wp-content\/uploads\/2021\/05\/Motocoasa_PRP-CRAFT_pro.png","@id":"https:\/\/bunuri.md\/ro\/shop\/motocoasa-procraft-t4200-pro\/#mainImage","width":600,"height":614},"primaryImageOfPage":{"@id":"https:\/\/bunuri.md\/ro\/shop\/motocoasa-procraft-t4200-pro\/#mainImage"},"datePublished":"2021-05-09T21:09:30+03:00","dateModified":"2022-12-13T22:23:13+03:00"},{"@type":"Organization","@id":"https:\/\/bunuri.md\/ro\/#organization","name":"\u00centreprinderea Individual\u0103 \"Buldumac Aliona\"","description":"\u0418\u041f \u00ab\u0411\u0443\u043b\u0434\u0443\u043c\u0430\u043a \u0410\u043b\u0435\u043d\u0430\u00bb - \u044d\u0442\u043e \u043d\u0430\u0434\u0451\u0436\u043d\u044b\u0439 \u0438 \u043e\u0440\u0438\u0435\u043d\u0442\u0438\u0440\u043e\u0432\u0430\u043d\u043d\u044b\u0439 \u043d\u0430 \u043a\u043b\u0438\u0435\u043d\u0442\u0430 \u0431\u0438\u0437\u043d\u0435\u0441, \u043f\u0440\u0435\u0434\u043b\u0430\u0433\u0430\u044e\u0449\u0438\u0439 \u043a\u0430\u0447\u0435\u0441\u0442\u0432\u0435\u043d\u043d\u044b\u0435 \u0442\u043e\u0432\u0430\u0440\u044b, \u0443\u0441\u043b\u0443\u0433\u0438 \u0441 \u0430\u043a\u0446\u0435\u043d\u0442\u043e\u043c \u043d\u0430 \u043f\u0440\u0430\u043a\u0442\u0438\u0447\u043d\u043e\u0441\u0442\u044c \u0438 \u0447\u0435\u0441\u0442\u043d\u044b\u0439 \u043f\u043e\u0434\u0445\u043e\u0434.","url":"https:\/\/bunuri.md\/ro\/","email":"bunuri.md@gmail.com","telephone":"+37379512557","foundingDate":"2006-09-27","numberOfEmployees":{"@type":"QuantitativeValue","minValue":0,"maxValue":4},"logo":{"@type":"ImageObject","url":"https:\/\/bunuri.md\/wp-content\/uploads\/2022\/08\/logo-bunuri.png","@id":"https:\/\/bunuri.md\/ro\/shop\/motocoasa-procraft-t4200-pro\/#organizationLogo","width":250,"height":250},"image":{"@id":"https:\/\/bunuri.md\/ro\/shop\/motocoasa-procraft-t4200-pro\/#organizationLogo"},"sameAs":["https:\/\/facebook.com\/https:\/\/www.facebook.com\/bunurimag","https:\/\/x.com\/https:\/\/www.facebook.com\/bunurimag","https:\/\/instagram.com\/https:\/\/www.facebook.com\/bunurimag","https:\/\/pinterest.com\/https:\/\/www.facebook.com\/bunurimag","https:\/\/youtube.com\/https:\/\/www.facebook.com\/bunurimag","https:\/\/linkedin.com\/in\/https:\/\/www.facebook.com\/bunurimag","https:\/\/soundcloud.com\/https:\/\/www.facebook.com\/bunurimag"],"address":{"@id":"https:\/\/bunuri.md\/ro\/#postaladdress","@type":"PostalAddress","streetAddress":"\u0420. \u041c\u043e\u043b\u0434\u043e\u0432\u0430, \u0433. \u0425\u044b\u043d\u0447\u0435\u0448\u0442\u044b","postalCode":"3401","addressLocality":"\u0425\u044b\u043d\u0447\u0435\u0448\u0442\u044b","addressRegion":"Moldova","addressCountry":"MD"}},{"@type":"WebPage","@id":"https:\/\/bunuri.md\/ro\/shop\/motocoasa-procraft-t4200-pro\/#webpage","url":"https:\/\/bunuri.md\/ro\/shop\/motocoasa-procraft-t4200-pro\/","name":"Trimmer pe benzin\u0103, ma\u0219in\u0103 de tuns iarba ProCraft T4200 Pro","description":"Conceput pentru tunderea ierbii, tufi\u0219urilor, tufi\u0219urilor mici, \u00eendep\u0103rt\u0103rii copacilor tineri, stufului, desi\u0219urilor etc. in apropierea numeroaselor obstacole.","inLanguage":"ro-RO","isPartOf":{"@id":"https:\/\/bunuri.md\/ro\/#website"},"breadcrumb":{"@id":"https:\/\/bunuri.md\/ro\/shop\/motocoasa-procraft-t4200-pro\/#breadcrumblist"},"image":{"@type":"ImageObject","url":"https:\/\/bunuri.md\/wp-content\/uploads\/2021\/05\/Motocoasa_PRP-CRAFT_pro.png","@id":"https:\/\/bunuri.md\/ro\/shop\/motocoasa-procraft-t4200-pro\/#mainImage","width":600,"height":614},"primaryImageOfPage":{"@id":"https:\/\/bunuri.md\/ro\/shop\/motocoasa-procraft-t4200-pro\/#mainImage"},"datePublished":"2021-05-09T21:09:30+03:00","dateModified":"2022-12-13T22:23:13+03:00"},{"@type":"WebSite","@id":"https:\/\/bunuri.md\/ro\/#website","url":"https:\/\/bunuri.md\/ro\/","name":"www.bunuri.md","alternateName":"bunuri.md","description":"Bunuri.md este un magazin online care livreaz\u0103 \u0219i comercializeaz\u0103 o gam\u0103 larg\u0103 de m\u0103rfuri de diverse categorii pe \u00eentreg teritoriul Republicii Moldova.","inLanguage":"ro-RO","publisher":{"@id":"https:\/\/bunuri.md\/ro\/#organization"}}]},"og:locale":"ro_RO","og:site_name":"\u0418\u043d\u0442\u0435\u0440\u043d\u0435\u0442 \u043c\u0430\u0433\u0430\u0437\u0438\u043d \u041c\u043e\u043b\u0434\u043e\u0432\u0430 | Bunuri.md este un magazin online care livreaz\u0103 \u0219i comercializeaz\u0103 o gam\u0103 larg\u0103 de m\u0103rfuri de diverse categorii pe \u00eentreg teritoriul Republicii Moldova.","og:type":"article","og:title":"Trimmer pe benzin\u0103, ma\u0219in\u0103 de tuns iarba ProCraft T4200 Pro","og:description":"Conceput pentru tunderea ierbii, tufi\u0219urilor, tufi\u0219urilor mici, \u00eendep\u0103rt\u0103rii copacilor tineri, stufului, desi\u0219urilor etc. in apropierea numeroaselor obstacole.","og:url":"https:\/\/bunuri.md\/ro\/shop\/motocoasa-procraft-t4200-pro\/","og:image":"https:\/\/bunuri.md\/wp-content\/uploads\/2022\/10\/logobu.png","og:image:secure_url":"https:\/\/bunuri.md\/wp-content\/uploads\/2022\/10\/logobu.png","og:image:width":200,"og:image:height":200,"article:published_time":"2021-05-09T18:55:06+00:00","article:modified_time":"2022-12-13T19:23:13+00:00","article:publisher":"https:\/\/facebook.com\/https:\/\/www.facebook.com\/bunurimag","twitter:card":"summary","twitter:site":"@https:","twitter:title":"Trimmer pe benzin\u0103, ma\u0219in\u0103 de tuns iarba ProCraft T4200 Pro","twitter:description":"Conceput pentru tunderea ierbii, tufi\u0219urilor, tufi\u0219urilor mici, \u00eendep\u0103rt\u0103rii copacilor tineri, stufului, desi\u0219urilor etc. in apropierea numeroaselor obstacole.","twitter:image":"https:\/\/bunuri.md\/wp-content\/uploads\/2022\/10\/logobu.png"},"aioseo_meta_data":{"post_id":"3689","title":"Trimmer pe benzin\u0103, ma\u0219in\u0103 de tuns iarba ProCraft T4200 Pro","description":"Conceput pentru tunderea ierbii, tufi\u0219urilor, tufi\u0219urilor mici, \u00eendep\u0103rt\u0103rii copacilor tineri, stufului, desi\u0219urilor etc. in apropierea numeroaselor obstacole.","keywords":[],"keyphrases":{"focus":{"keyphrase":"","score":0,"analysis":{"keyphraseInTitle":{"score":0,"maxScore":9,"error":1}}},"additional":[]},"primary_term":null,"canonical_url":null,"og_title":null,"og_description":null,"og_object_type":"default","og_image_type":"default","og_image_url":null,"og_image_width":null,"og_image_height":null,"og_image_custom_url":null,"og_image_custom_fields":null,"og_video":"","og_custom_url":null,"og_article_section":null,"og_article_tags":[],"twitter_use_og":false,"twitter_card":"default","twitter_image_type":"default","twitter_image_url":null,"twitter_image_custom_url":null,"twitter_image_custom_fields":null,"twitter_title":null,"twitter_description":null,"schema":{"blockGraphs":[],"customGraphs":[],"default":{"data":{"Article":[],"Course":[],"Dataset":[],"FAQPage":[],"Movie":[],"Person":[],"Product":[],"ProductReview":[],"Car":[],"Recipe":[],"Service":[],"SoftwareApplication":[],"WebPage":[]},"graphName":"ItemPage","isEnabled":true},"graphs":[],"defaultGraph":"WebPage","defaultPostTypeGraph":""},"schema_type":"default","schema_type_options":"{\"article\":{\"articleType\":\"BlogPosting\"},\"course\":{\"name\":\"\",\"description\":\"\",\"provider\":\"\"},\"faq\":{\"pages\":[]},\"product\":{\"reviews\":[]},\"recipe\":{\"ingredients\":[],\"instructions\":[],\"keywords\":[]},\"software\":{\"reviews\":[],\"operatingSystems\":[]},\"webPage\":{\"webPageType\":\"WebPage\"}}","pillar_content":false,"robots_default":true,"robots_noindex":false,"robots_noarchive":false,"robots_nosnippet":false,"robots_nofollow":false,"robots_noimageindex":false,"robots_noodp":false,"robots_notranslate":false,"robots_max_snippet":"-1","robots_max_videopreview":"-1","robots_max_imagepreview":"large","priority":null,"frequency":"default","local_seo":null,"seo_analyzer_scan_date":null,"breadcrumb_settings":null,"limit_modified_date":false,"reviewed_by":null,"open_ai":null,"ai":null,"created":"2021-05-09 18:46:33","updated":"2025-05-30 04:11:52"},"aioseo_breadcrumb":"<div class=\"aioseo-breadcrumbs\"><span class=\"aioseo-breadcrumb\">\n\t<a href=\"https:\/\/bunuri.md\/ro\/\" title=\"Home\">Home<\/a>\n<\/span><span class=\"aioseo-breadcrumb-separator\">\u00bb<\/span><span class=\"aioseo-breadcrumb\">\n\t<a href=\"https:\/\/bunuri.md\/ro\/shop-2\/\" title=\"Magazin\">Magazin<\/a>\n<\/span><span class=\"aioseo-breadcrumb-separator\">\u00bb<\/span><span class=\"aioseo-breadcrumb\">\n\t<a href=\"https:\/\/bunuri.md\/ro\/product-category\/bez-kategorii\/\" title=\"F\u0103r\u0103 categorie\">F\u0103r\u0103 categorie<\/a>\n<\/span><span class=\"aioseo-breadcrumb-separator\">\u00bb<\/span><span class=\"aioseo-breadcrumb\">\n\tTrimmer pe benzin\u0103, ma\u0219in\u0103 de tuns iarba ProCraft T4200 Pro\n<\/span><\/div>","aioseo_breadcrumb_json":[{"label":"Home","link":"https:\/\/bunuri.md\/ro\/"},{"label":"Magazin","link":"https:\/\/bunuri.md\/ro\/shop-2\/"},{"label":"F\u0103r\u0103 categorie","link":"https:\/\/bunuri.md\/ro\/product-category\/bez-kategorii\/"},{"label":"Trimmer pe benzin\u0103, ma\u0219in\u0103 de tuns iarba ProCraft T4200 Pro","link":"https:\/\/bunuri.md\/ro\/shop\/motocoasa-procraft-t4200-pro\/"}],"brands":[],"_links":{"self":[{"href":"https:\/\/bunuri.md\/ro\/wp-json\/wp\/v2\/product\/3689","targetHints":{"allow":["GET"]}}],"collection":[{"href":"https:\/\/bunuri.md\/ro\/wp-json\/wp\/v2\/product"}],"about":[{"href":"https:\/\/bunuri.md\/ro\/wp-json\/wp\/v2\/types\/product"}],"replies":[{"embeddable":true,"href":"https:\/\/bunuri.md\/ro\/wp-json\/wp\/v2\/comments?post=3689"}],"wp:featuredmedia":[{"embeddable":true,"href":"https:\/\/bunuri.md\/ro\/wp-json\/wp\/v2\/media\/6856"}],"wp:attachment":[{"href":"https:\/\/bunuri.md\/ro\/wp-json\/wp\/v2\/media?parent=3689"}],"wp:term":[{"taxonomy":"pwb-brand","embeddable":true,"href":"https:\/\/bunuri.md\/ro\/wp-json\/wp\/v2\/pwb-brand?post=3689"},{"taxonomy":"product_brand","embeddable":true,"href":"https:\/\/bunuri.md\/ro\/wp-json\/wp\/v2\/product_brand?post=3689"},{"taxonomy":"product_cat","embeddable":true,"href":"https:\/\/bunuri.md\/ro\/wp-json\/wp\/v2\/product_cat?post=3689"},{"taxonomy":"product_tag","embeddable":true,"href":"https:\/\/bunuri.md\/ro\/wp-json\/wp\/v2\/product_tag?post=3689"}],"curies":[{"name":"wp","href":"https:\/\/api.w.org\/{rel}","templated":true}]}}