{"id":3830,"date":"2021-09-17T23:02:48","date_gmt":"2021-09-17T20:02:48","guid":{"rendered":"https:\/\/bunuri.md\/?post_type=product&#038;p=3830"},"modified":"2022-09-28T23:01:08","modified_gmt":"2022-09-28T20:01:08","slug":"baterie-de-stocare-fiamm-italia-12v-38-an","status":"publish","type":"product","link":"https:\/\/bunuri.md\/ro\/shop\/baterie-de-stocare-fiamm-italia-12v-38-an\/","title":{"rendered":"Accumulator pentru motoblock 12V, 38Ah, Fiamm, Italia"},"content":{"rendered":"<p><strong>Accumulator pentru motoblock 12V, 38Ah, Fiamm, Italia<\/strong><br \/>\n\u00cen Internet-Magazinul bunuri.md pute\u021bi comanda \u0219i cump\u0103ra accumulatoare italiene Fiamm cu livrare pe teritoriul R.\u00a0 Moldova. Produc\u021bia acestui produc\u0103tor respect\u0103 standardele europene de calitate \u0219i corespunde cerin\u021belor stabilite pe teritoriul Republicii Moldova pentru acumulatorii de stocare. Tehnologia AGM presupune utilizarea unui electrolit adsorbit, care impregneaz\u0103 separatorul din fibr\u0103 de sticl\u0103.<br \/>\n<a href=\"https:\/\/bunuri.md\/ro\/product-category\/motoblocuri-minitractore\/\">Accumulatorul FIAMM este potrivit\u0103 pentru orice motocultor sau tractor echipat cu un demaror electric.<\/a><br \/>\n<strong>Caracteristici ale bateriei FIAMM (Italia) 12B, 38Ah:<\/strong><br \/>\n&#8211; Dimensiuni: 185 mm x 125 mm x 215 mm.<br \/>\n&#8211; Capacitate: 38 Ah.<br \/>\n&#8211; Tensiune: 12V.<br \/>\n&#8211; Construc\u021bie sigilat\u0103 robust\u0103.<br \/>\n&#8211; Posibilitatea de autoservire.<br \/>\n&#8211; Gam\u0103 larg\u0103 de temperaturi de func\u021bionare.<\/p>\n","protected":false},"excerpt":{"rendered":"<p>Conceput pentru motoarele echipate cu sisteme de pornire automat\u0103, de iluminare, de alarm\u0103. \u00cen caz de urgen\u021b\u0103, poate fi pornit un autoturism de mici dimensiuni.<\/p>\n","protected":false},"featured_media":6077,"comment_status":"open","ping_status":"closed","template":"","meta":{"om_disable_all_campaigns":false},"pwb-brand":[],"product_brand":[],"product_cat":[357],"product_tag":[],"class_list":{"0":"post-3830","1":"product","2":"type-product","3":"status-publish","4":"has-post-thumbnail","6":"product_cat-bez-kategorii","8":"first","9":"instock","10":"featured","11":"product-type-simple"},"aioseo_notices":[],"aioseo_head":"\n\t\t<!-- All in One SEO Pro 4.9.6.2 - aioseo.com -->\n\t<meta name=\"description\" content=\"Conceput pentru motoarele echipate cu sisteme de pornire automat\u0103, de iluminare, de alarm\u0103. \u00cen caz de urgen\u021b\u0103, poate fi pornit un autoturism de mici dimensiuni.\" \/>\n\t<meta name=\"robots\" content=\"max-image-preview:large\" \/>\n\t<link rel=\"canonical\" href=\"https:\/\/bunuri.md\/ro\/shop\/baterie-de-stocare-fiamm-italia-12v-38-an\/\" \/>\n\t<meta name=\"generator\" content=\"All in One SEO Pro (AIOSEO) 4.9.6.2\" \/>\n\t\t<meta property=\"og:locale\" content=\"ro_RO\" \/>\n\t\t<meta property=\"og:site_name\" content=\"\u0418\u043d\u0442\u0435\u0440\u043d\u0435\u0442 \u043c\u0430\u0433\u0430\u0437\u0438\u043d \u041c\u043e\u043b\u0434\u043e\u0432\u0430 | Bunuri.md este un magazin online care livreaz\u0103 \u0219i comercializeaz\u0103 o gam\u0103 larg\u0103 de m\u0103rfuri de diverse categorii pe \u00eentreg teritoriul Republicii Moldova.\" \/>\n\t\t<meta property=\"og:type\" content=\"article\" \/>\n\t\t<meta property=\"og:title\" content=\"Accumulator pentru motoblock 12V, 38Ah, Fiamm, Italia\" \/>\n\t\t<meta property=\"og:description\" content=\"Conceput pentru motoarele echipate cu sisteme de pornire automat\u0103, de iluminare, de alarm\u0103. \u00cen caz de urgen\u021b\u0103, poate fi pornit un autoturism de mici dimensiuni.\" \/>\n\t\t<meta property=\"og:url\" content=\"https:\/\/bunuri.md\/ro\/shop\/baterie-de-stocare-fiamm-italia-12v-38-an\/\" \/>\n\t\t<meta property=\"og:image\" content=\"https:\/\/bunuri.md\/wp-content\/uploads\/2022\/10\/logobu.png\" \/>\n\t\t<meta property=\"og:image:secure_url\" content=\"https:\/\/bunuri.md\/wp-content\/uploads\/2022\/10\/logobu.png\" \/>\n\t\t<meta property=\"og:image:width\" content=\"200\" \/>\n\t\t<meta property=\"og:image:height\" content=\"200\" \/>\n\t\t<meta property=\"article:published_time\" content=\"2021-09-17T20:02:48+00:00\" \/>\n\t\t<meta property=\"article:modified_time\" content=\"2022-09-28T20:01:08+00:00\" \/>\n\t\t<meta property=\"article:publisher\" content=\"https:\/\/facebook.com\/https:\/\/www.facebook.com\/bunurimag\" \/>\n\t\t<meta name=\"twitter:card\" content=\"summary\" \/>\n\t\t<meta name=\"twitter:site\" content=\"@https:\" \/>\n\t\t<meta name=\"twitter:title\" content=\"Accumulator pentru motoblock 12V, 38Ah, Fiamm, Italia\" \/>\n\t\t<meta name=\"twitter:description\" content=\"Conceput pentru motoarele echipate cu sisteme de pornire automat\u0103, de iluminare, de alarm\u0103. \u00cen caz de urgen\u021b\u0103, poate fi pornit un autoturism de mici dimensiuni.\" \/>\n\t\t<meta name=\"twitter:image\" content=\"https:\/\/bunuri.md\/wp-content\/uploads\/2022\/10\/logobu.png\" \/>\n\t\t<script type=\"application\/ld+json\" class=\"aioseo-schema\">\n\t\t\t{\"@context\":\"https:\\\/\\\/schema.org\",\"@graph\":[{\"@type\":\"BreadcrumbList\",\"@id\":\"https:\\\/\\\/bunuri.md\\\/ro\\\/shop\\\/baterie-de-stocare-fiamm-italia-12v-38-an\\\/#breadcrumblist\",\"itemListElement\":[{\"@type\":\"ListItem\",\"@id\":\"https:\\\/\\\/bunuri.md\\\/ro\\\/#listItem\",\"position\":1,\"name\":\"Home\",\"item\":\"https:\\\/\\\/bunuri.md\\\/ro\\\/\",\"nextItem\":{\"@type\":\"ListItem\",\"@id\":\"https:\\\/\\\/bunuri.md\\\/ro\\\/shop-2\\\/#listItem\",\"name\":\"Magazin\"}},{\"@type\":\"ListItem\",\"@id\":\"https:\\\/\\\/bunuri.md\\\/ro\\\/shop-2\\\/#listItem\",\"position\":2,\"name\":\"Magazin\",\"item\":\"https:\\\/\\\/bunuri.md\\\/ro\\\/shop-2\\\/\",\"nextItem\":{\"@type\":\"ListItem\",\"@id\":\"https:\\\/\\\/bunuri.md\\\/ro\\\/product-category\\\/bez-kategorii\\\/#listItem\",\"name\":\"F\\u0103r\\u0103 categorie\"},\"previousItem\":{\"@type\":\"ListItem\",\"@id\":\"https:\\\/\\\/bunuri.md\\\/ro\\\/#listItem\",\"name\":\"Home\"}},{\"@type\":\"ListItem\",\"@id\":\"https:\\\/\\\/bunuri.md\\\/ro\\\/product-category\\\/bez-kategorii\\\/#listItem\",\"position\":3,\"name\":\"F\\u0103r\\u0103 categorie\",\"item\":\"https:\\\/\\\/bunuri.md\\\/ro\\\/product-category\\\/bez-kategorii\\\/\",\"nextItem\":{\"@type\":\"ListItem\",\"@id\":\"https:\\\/\\\/bunuri.md\\\/ro\\\/shop\\\/baterie-de-stocare-fiamm-italia-12v-38-an\\\/#listItem\",\"name\":\"Accumulator pentru motoblock 12V, 38Ah, Fiamm, Italia\"},\"previousItem\":{\"@type\":\"ListItem\",\"@id\":\"https:\\\/\\\/bunuri.md\\\/ro\\\/shop-2\\\/#listItem\",\"name\":\"Magazin\"}},{\"@type\":\"ListItem\",\"@id\":\"https:\\\/\\\/bunuri.md\\\/ro\\\/shop\\\/baterie-de-stocare-fiamm-italia-12v-38-an\\\/#listItem\",\"position\":4,\"name\":\"Accumulator pentru motoblock 12V, 38Ah, Fiamm, Italia\",\"previousItem\":{\"@type\":\"ListItem\",\"@id\":\"https:\\\/\\\/bunuri.md\\\/ro\\\/product-category\\\/bez-kategorii\\\/#listItem\",\"name\":\"F\\u0103r\\u0103 categorie\"}}]},{\"@type\":\"ItemPage\",\"@id\":\"https:\\\/\\\/bunuri.md\\\/ro\\\/shop\\\/baterie-de-stocare-fiamm-italia-12v-38-an\\\/#itempage\",\"url\":\"https:\\\/\\\/bunuri.md\\\/ro\\\/shop\\\/baterie-de-stocare-fiamm-italia-12v-38-an\\\/\",\"name\":\"Accumulator pentru motoblock 12V, 38Ah, Fiamm, Italia\",\"description\":\"Conceput pentru motoarele echipate cu sisteme de pornire automat\\u0103, de iluminare, de alarm\\u0103. \\u00cen caz de urgen\\u021b\\u0103, poate fi pornit un autoturism de mici dimensiuni.\",\"inLanguage\":\"ro-RO\",\"isPartOf\":{\"@id\":\"https:\\\/\\\/bunuri.md\\\/ro\\\/#website\"},\"breadcrumb\":{\"@id\":\"https:\\\/\\\/bunuri.md\\\/ro\\\/shop\\\/baterie-de-stocare-fiamm-italia-12v-38-an\\\/#breadcrumblist\"},\"image\":{\"@type\":\"ImageObject\",\"url\":\"https:\\\/\\\/bunuri.md\\\/wp-content\\\/uploads\\\/2021\\\/09\\\/fiamm38-1.png\",\"@id\":\"https:\\\/\\\/bunuri.md\\\/ro\\\/shop\\\/baterie-de-stocare-fiamm-italia-12v-38-an\\\/#mainImage\",\"width\":600,\"height\":600},\"primaryImageOfPage\":{\"@id\":\"https:\\\/\\\/bunuri.md\\\/ro\\\/shop\\\/baterie-de-stocare-fiamm-italia-12v-38-an\\\/#mainImage\"},\"datePublished\":\"2021-09-17T23:02:48+03:00\",\"dateModified\":\"2022-09-28T23:01:08+03:00\"},{\"@type\":\"Organization\",\"@id\":\"https:\\\/\\\/bunuri.md\\\/ro\\\/#organization\",\"name\":\"\\u00centreprinderea Individual\\u0103 \\\"Buldumac Aliona\\\"\",\"description\":\"\\u0418\\u041f \\u00ab\\u0411\\u0443\\u043b\\u0434\\u0443\\u043c\\u0430\\u043a \\u0410\\u043b\\u0435\\u043d\\u0430\\u00bb - \\u044d\\u0442\\u043e \\u043d\\u0430\\u0434\\u0451\\u0436\\u043d\\u044b\\u0439 \\u0438 \\u043e\\u0440\\u0438\\u0435\\u043d\\u0442\\u0438\\u0440\\u043e\\u0432\\u0430\\u043d\\u043d\\u044b\\u0439 \\u043d\\u0430 \\u043a\\u043b\\u0438\\u0435\\u043d\\u0442\\u0430 \\u0431\\u0438\\u0437\\u043d\\u0435\\u0441, \\u043f\\u0440\\u0435\\u0434\\u043b\\u0430\\u0433\\u0430\\u044e\\u0449\\u0438\\u0439 \\u043a\\u0430\\u0447\\u0435\\u0441\\u0442\\u0432\\u0435\\u043d\\u043d\\u044b\\u0435 \\u0442\\u043e\\u0432\\u0430\\u0440\\u044b, \\u0443\\u0441\\u043b\\u0443\\u0433\\u0438 \\u0441 \\u0430\\u043a\\u0446\\u0435\\u043d\\u0442\\u043e\\u043c \\u043d\\u0430 \\u043f\\u0440\\u0430\\u043a\\u0442\\u0438\\u0447\\u043d\\u043e\\u0441\\u0442\\u044c \\u0438 \\u0447\\u0435\\u0441\\u0442\\u043d\\u044b\\u0439 \\u043f\\u043e\\u0434\\u0445\\u043e\\u0434.\",\"url\":\"https:\\\/\\\/bunuri.md\\\/ro\\\/\",\"email\":\"bunuri.md@gmail.com\",\"telephone\":\"+37379512557\",\"foundingDate\":\"2006-09-27\",\"numberOfEmployees\":{\"@type\":\"QuantitativeValue\",\"minValue\":0,\"maxValue\":4},\"logo\":{\"@type\":\"ImageObject\",\"url\":\"https:\\\/\\\/bunuri.md\\\/wp-content\\\/uploads\\\/2022\\\/08\\\/logo-bunuri.png\",\"@id\":\"https:\\\/\\\/bunuri.md\\\/ro\\\/shop\\\/baterie-de-stocare-fiamm-italia-12v-38-an\\\/#organizationLogo\",\"width\":250,\"height\":250},\"image\":{\"@id\":\"https:\\\/\\\/bunuri.md\\\/ro\\\/shop\\\/baterie-de-stocare-fiamm-italia-12v-38-an\\\/#organizationLogo\"},\"sameAs\":[\"https:\\\/\\\/facebook.com\\\/https:\\\/\\\/www.facebook.com\\\/bunurimag\",\"https:\\\/\\\/x.com\\\/https:\\\/\\\/www.facebook.com\\\/bunurimag\",\"https:\\\/\\\/instagram.com\\\/https:\\\/\\\/www.facebook.com\\\/bunurimag\",\"https:\\\/\\\/pinterest.com\\\/https:\\\/\\\/www.facebook.com\\\/bunurimag\",\"https:\\\/\\\/youtube.com\\\/https:\\\/\\\/www.facebook.com\\\/bunurimag\",\"https:\\\/\\\/linkedin.com\\\/in\\\/https:\\\/\\\/www.facebook.com\\\/bunurimag\",\"https:\\\/\\\/soundcloud.com\\\/https:\\\/\\\/www.facebook.com\\\/bunurimag\"],\"address\":{\"@id\":\"https:\\\/\\\/bunuri.md\\\/ro\\\/#postaladdress\",\"@type\":\"PostalAddress\",\"streetAddress\":\"\\u0420. \\u041c\\u043e\\u043b\\u0434\\u043e\\u0432\\u0430, \\u0433. \\u0425\\u044b\\u043d\\u0447\\u0435\\u0448\\u0442\\u044b\",\"postalCode\":\"3401\",\"addressLocality\":\"\\u0425\\u044b\\u043d\\u0447\\u0435\\u0448\\u0442\\u044b\",\"addressRegion\":\"Moldova\",\"addressCountry\":\"MD\"}},{\"@type\":\"WebPage\",\"@id\":\"https:\\\/\\\/bunuri.md\\\/ro\\\/shop\\\/baterie-de-stocare-fiamm-italia-12v-38-an\\\/#webpage\",\"url\":\"https:\\\/\\\/bunuri.md\\\/ro\\\/shop\\\/baterie-de-stocare-fiamm-italia-12v-38-an\\\/\",\"name\":\"Accumulator pentru motoblock 12V, 38Ah, Fiamm, Italia\",\"description\":\"Conceput pentru motoarele echipate cu sisteme de pornire automat\\u0103, de iluminare, de alarm\\u0103. \\u00cen caz de urgen\\u021b\\u0103, poate fi pornit un autoturism de mici dimensiuni.\",\"inLanguage\":\"ro-RO\",\"isPartOf\":{\"@id\":\"https:\\\/\\\/bunuri.md\\\/ro\\\/#website\"},\"breadcrumb\":{\"@id\":\"https:\\\/\\\/bunuri.md\\\/ro\\\/shop\\\/baterie-de-stocare-fiamm-italia-12v-38-an\\\/#breadcrumblist\"},\"image\":{\"@type\":\"ImageObject\",\"url\":\"https:\\\/\\\/bunuri.md\\\/wp-content\\\/uploads\\\/2021\\\/09\\\/fiamm38-1.png\",\"@id\":\"https:\\\/\\\/bunuri.md\\\/ro\\\/shop\\\/baterie-de-stocare-fiamm-italia-12v-38-an\\\/#mainImage\",\"width\":600,\"height\":600},\"primaryImageOfPage\":{\"@id\":\"https:\\\/\\\/bunuri.md\\\/ro\\\/shop\\\/baterie-de-stocare-fiamm-italia-12v-38-an\\\/#mainImage\"},\"datePublished\":\"2021-09-17T23:02:48+03:00\",\"dateModified\":\"2022-09-28T23:01:08+03:00\"},{\"@type\":\"WebSite\",\"@id\":\"https:\\\/\\\/bunuri.md\\\/ro\\\/#website\",\"url\":\"https:\\\/\\\/bunuri.md\\\/ro\\\/\",\"name\":\"www.bunuri.md\",\"alternateName\":\"bunuri.md\",\"description\":\"Bunuri.md este un magazin online care livreaz\\u0103 \\u0219i comercializeaz\\u0103 o gam\\u0103 larg\\u0103 de m\\u0103rfuri de diverse categorii pe \\u00eentreg teritoriul Republicii Moldova.\",\"inLanguage\":\"ro-RO\",\"publisher\":{\"@id\":\"https:\\\/\\\/bunuri.md\\\/ro\\\/#organization\"}}]}\n\t\t<\/script>\n\t\t<!-- All in One SEO Pro -->\r\n\t\t<title>Accumulator pentru motoblock 12V, 38Ah, Fiamm, Italia<\/title>\n\n","aioseo_head_json":{"title":"Accumulator pentru motoblock 12V, 38Ah, Fiamm, Italia","description":"Conceput pentru motoarele echipate cu sisteme de pornire automat\u0103, de iluminare, de alarm\u0103. \u00cen caz de urgen\u021b\u0103, poate fi pornit un autoturism de mici dimensiuni.","canonical_url":"https:\/\/bunuri.md\/ro\/shop\/baterie-de-stocare-fiamm-italia-12v-38-an\/","robots":"max-image-preview:large","keywords":"","webmasterTools":{"miscellaneous":""},"schema":{"@context":"https:\/\/schema.org","@graph":[{"@type":"BreadcrumbList","@id":"https:\/\/bunuri.md\/ro\/shop\/baterie-de-stocare-fiamm-italia-12v-38-an\/#breadcrumblist","itemListElement":[{"@type":"ListItem","@id":"https:\/\/bunuri.md\/ro\/#listItem","position":1,"name":"Home","item":"https:\/\/bunuri.md\/ro\/","nextItem":{"@type":"ListItem","@id":"https:\/\/bunuri.md\/ro\/shop-2\/#listItem","name":"Magazin"}},{"@type":"ListItem","@id":"https:\/\/bunuri.md\/ro\/shop-2\/#listItem","position":2,"name":"Magazin","item":"https:\/\/bunuri.md\/ro\/shop-2\/","nextItem":{"@type":"ListItem","@id":"https:\/\/bunuri.md\/ro\/product-category\/bez-kategorii\/#listItem","name":"F\u0103r\u0103 categorie"},"previousItem":{"@type":"ListItem","@id":"https:\/\/bunuri.md\/ro\/#listItem","name":"Home"}},{"@type":"ListItem","@id":"https:\/\/bunuri.md\/ro\/product-category\/bez-kategorii\/#listItem","position":3,"name":"F\u0103r\u0103 categorie","item":"https:\/\/bunuri.md\/ro\/product-category\/bez-kategorii\/","nextItem":{"@type":"ListItem","@id":"https:\/\/bunuri.md\/ro\/shop\/baterie-de-stocare-fiamm-italia-12v-38-an\/#listItem","name":"Accumulator pentru motoblock 12V, 38Ah, Fiamm, Italia"},"previousItem":{"@type":"ListItem","@id":"https:\/\/bunuri.md\/ro\/shop-2\/#listItem","name":"Magazin"}},{"@type":"ListItem","@id":"https:\/\/bunuri.md\/ro\/shop\/baterie-de-stocare-fiamm-italia-12v-38-an\/#listItem","position":4,"name":"Accumulator pentru motoblock 12V, 38Ah, Fiamm, Italia","previousItem":{"@type":"ListItem","@id":"https:\/\/bunuri.md\/ro\/product-category\/bez-kategorii\/#listItem","name":"F\u0103r\u0103 categorie"}}]},{"@type":"ItemPage","@id":"https:\/\/bunuri.md\/ro\/shop\/baterie-de-stocare-fiamm-italia-12v-38-an\/#itempage","url":"https:\/\/bunuri.md\/ro\/shop\/baterie-de-stocare-fiamm-italia-12v-38-an\/","name":"Accumulator pentru motoblock 12V, 38Ah, Fiamm, Italia","description":"Conceput pentru motoarele echipate cu sisteme de pornire automat\u0103, de iluminare, de alarm\u0103. \u00cen caz de urgen\u021b\u0103, poate fi pornit un autoturism de mici dimensiuni.","inLanguage":"ro-RO","isPartOf":{"@id":"https:\/\/bunuri.md\/ro\/#website"},"breadcrumb":{"@id":"https:\/\/bunuri.md\/ro\/shop\/baterie-de-stocare-fiamm-italia-12v-38-an\/#breadcrumblist"},"image":{"@type":"ImageObject","url":"https:\/\/bunuri.md\/wp-content\/uploads\/2021\/09\/fiamm38-1.png","@id":"https:\/\/bunuri.md\/ro\/shop\/baterie-de-stocare-fiamm-italia-12v-38-an\/#mainImage","width":600,"height":600},"primaryImageOfPage":{"@id":"https:\/\/bunuri.md\/ro\/shop\/baterie-de-stocare-fiamm-italia-12v-38-an\/#mainImage"},"datePublished":"2021-09-17T23:02:48+03:00","dateModified":"2022-09-28T23:01:08+03:00"},{"@type":"Organization","@id":"https:\/\/bunuri.md\/ro\/#organization","name":"\u00centreprinderea Individual\u0103 \"Buldumac Aliona\"","description":"\u0418\u041f \u00ab\u0411\u0443\u043b\u0434\u0443\u043c\u0430\u043a \u0410\u043b\u0435\u043d\u0430\u00bb - \u044d\u0442\u043e \u043d\u0430\u0434\u0451\u0436\u043d\u044b\u0439 \u0438 \u043e\u0440\u0438\u0435\u043d\u0442\u0438\u0440\u043e\u0432\u0430\u043d\u043d\u044b\u0439 \u043d\u0430 \u043a\u043b\u0438\u0435\u043d\u0442\u0430 \u0431\u0438\u0437\u043d\u0435\u0441, \u043f\u0440\u0435\u0434\u043b\u0430\u0433\u0430\u044e\u0449\u0438\u0439 \u043a\u0430\u0447\u0435\u0441\u0442\u0432\u0435\u043d\u043d\u044b\u0435 \u0442\u043e\u0432\u0430\u0440\u044b, \u0443\u0441\u043b\u0443\u0433\u0438 \u0441 \u0430\u043a\u0446\u0435\u043d\u0442\u043e\u043c \u043d\u0430 \u043f\u0440\u0430\u043a\u0442\u0438\u0447\u043d\u043e\u0441\u0442\u044c \u0438 \u0447\u0435\u0441\u0442\u043d\u044b\u0439 \u043f\u043e\u0434\u0445\u043e\u0434.","url":"https:\/\/bunuri.md\/ro\/","email":"bunuri.md@gmail.com","telephone":"+37379512557","foundingDate":"2006-09-27","numberOfEmployees":{"@type":"QuantitativeValue","minValue":0,"maxValue":4},"logo":{"@type":"ImageObject","url":"https:\/\/bunuri.md\/wp-content\/uploads\/2022\/08\/logo-bunuri.png","@id":"https:\/\/bunuri.md\/ro\/shop\/baterie-de-stocare-fiamm-italia-12v-38-an\/#organizationLogo","width":250,"height":250},"image":{"@id":"https:\/\/bunuri.md\/ro\/shop\/baterie-de-stocare-fiamm-italia-12v-38-an\/#organizationLogo"},"sameAs":["https:\/\/facebook.com\/https:\/\/www.facebook.com\/bunurimag","https:\/\/x.com\/https:\/\/www.facebook.com\/bunurimag","https:\/\/instagram.com\/https:\/\/www.facebook.com\/bunurimag","https:\/\/pinterest.com\/https:\/\/www.facebook.com\/bunurimag","https:\/\/youtube.com\/https:\/\/www.facebook.com\/bunurimag","https:\/\/linkedin.com\/in\/https:\/\/www.facebook.com\/bunurimag","https:\/\/soundcloud.com\/https:\/\/www.facebook.com\/bunurimag"],"address":{"@id":"https:\/\/bunuri.md\/ro\/#postaladdress","@type":"PostalAddress","streetAddress":"\u0420. \u041c\u043e\u043b\u0434\u043e\u0432\u0430, \u0433. \u0425\u044b\u043d\u0447\u0435\u0448\u0442\u044b","postalCode":"3401","addressLocality":"\u0425\u044b\u043d\u0447\u0435\u0448\u0442\u044b","addressRegion":"Moldova","addressCountry":"MD"}},{"@type":"WebPage","@id":"https:\/\/bunuri.md\/ro\/shop\/baterie-de-stocare-fiamm-italia-12v-38-an\/#webpage","url":"https:\/\/bunuri.md\/ro\/shop\/baterie-de-stocare-fiamm-italia-12v-38-an\/","name":"Accumulator pentru motoblock 12V, 38Ah, Fiamm, Italia","description":"Conceput pentru motoarele echipate cu sisteme de pornire automat\u0103, de iluminare, de alarm\u0103. \u00cen caz de urgen\u021b\u0103, poate fi pornit un autoturism de mici dimensiuni.","inLanguage":"ro-RO","isPartOf":{"@id":"https:\/\/bunuri.md\/ro\/#website"},"breadcrumb":{"@id":"https:\/\/bunuri.md\/ro\/shop\/baterie-de-stocare-fiamm-italia-12v-38-an\/#breadcrumblist"},"image":{"@type":"ImageObject","url":"https:\/\/bunuri.md\/wp-content\/uploads\/2021\/09\/fiamm38-1.png","@id":"https:\/\/bunuri.md\/ro\/shop\/baterie-de-stocare-fiamm-italia-12v-38-an\/#mainImage","width":600,"height":600},"primaryImageOfPage":{"@id":"https:\/\/bunuri.md\/ro\/shop\/baterie-de-stocare-fiamm-italia-12v-38-an\/#mainImage"},"datePublished":"2021-09-17T23:02:48+03:00","dateModified":"2022-09-28T23:01:08+03:00"},{"@type":"WebSite","@id":"https:\/\/bunuri.md\/ro\/#website","url":"https:\/\/bunuri.md\/ro\/","name":"www.bunuri.md","alternateName":"bunuri.md","description":"Bunuri.md este un magazin online care livreaz\u0103 \u0219i comercializeaz\u0103 o gam\u0103 larg\u0103 de m\u0103rfuri de diverse categorii pe \u00eentreg teritoriul Republicii Moldova.","inLanguage":"ro-RO","publisher":{"@id":"https:\/\/bunuri.md\/ro\/#organization"}}]},"og:locale":"ro_RO","og:site_name":"\u0418\u043d\u0442\u0435\u0440\u043d\u0435\u0442 \u043c\u0430\u0433\u0430\u0437\u0438\u043d \u041c\u043e\u043b\u0434\u043e\u0432\u0430 | Bunuri.md este un magazin online care livreaz\u0103 \u0219i comercializeaz\u0103 o gam\u0103 larg\u0103 de m\u0103rfuri de diverse categorii pe \u00eentreg teritoriul Republicii Moldova.","og:type":"article","og:title":"Accumulator pentru motoblock 12V, 38Ah, Fiamm, Italia","og:description":"Conceput pentru motoarele echipate cu sisteme de pornire automat\u0103, de iluminare, de alarm\u0103. \u00cen caz de urgen\u021b\u0103, poate fi pornit un autoturism de mici dimensiuni.","og:url":"https:\/\/bunuri.md\/ro\/shop\/baterie-de-stocare-fiamm-italia-12v-38-an\/","og:image":"https:\/\/bunuri.md\/wp-content\/uploads\/2022\/10\/logobu.png","og:image:secure_url":"https:\/\/bunuri.md\/wp-content\/uploads\/2022\/10\/logobu.png","og:image:width":200,"og:image:height":200,"article:published_time":"2021-09-17T20:02:48+00:00","article:modified_time":"2022-09-28T20:01:08+00:00","article:publisher":"https:\/\/facebook.com\/https:\/\/www.facebook.com\/bunurimag","twitter:card":"summary","twitter:site":"@https:","twitter:title":"Accumulator pentru motoblock 12V, 38Ah, Fiamm, Italia","twitter:description":"Conceput pentru motoarele echipate cu sisteme de pornire automat\u0103, de iluminare, de alarm\u0103. \u00cen caz de urgen\u021b\u0103, poate fi pornit un autoturism de mici dimensiuni.","twitter:image":"https:\/\/bunuri.md\/wp-content\/uploads\/2022\/10\/logobu.png"},"aioseo_meta_data":{"post_id":"3830","title":"Accumulator pentru motoblock 12V, 38Ah, Fiamm, Italia","description":"Conceput pentru motoarele echipate cu sisteme de pornire automat\u0103, de iluminare, de alarm\u0103. \u00cen caz de urgen\u021b\u0103, poate fi pornit un autoturism de mici dimensiuni.","keywords":[],"keyphrases":{"focus":{"keyphrase":"","score":0,"analysis":{"keyphraseInTitle":{"score":0,"maxScore":9,"error":1}}},"additional":[]},"primary_term":null,"canonical_url":null,"og_title":null,"og_description":null,"og_object_type":"default","og_image_type":"default","og_image_url":null,"og_image_width":null,"og_image_height":null,"og_image_custom_url":null,"og_image_custom_fields":null,"og_video":"","og_custom_url":null,"og_article_section":null,"og_article_tags":[],"twitter_use_og":false,"twitter_card":"default","twitter_image_type":"default","twitter_image_url":null,"twitter_image_custom_url":null,"twitter_image_custom_fields":null,"twitter_title":null,"twitter_description":null,"schema":{"blockGraphs":[],"customGraphs":[],"default":{"data":{"Article":[],"Course":[],"Dataset":[],"FAQPage":[],"Movie":[],"Person":[],"Product":[],"ProductReview":[],"Car":[],"Recipe":[],"Service":[],"SoftwareApplication":[],"WebPage":[]},"graphName":"","isEnabled":true},"graphs":[]},"schema_type":"default","schema_type_options":"{\"article\":{\"articleType\":\"BlogPosting\"},\"course\":{\"name\":\"\",\"description\":\"\",\"provider\":\"\"},\"faq\":{\"pages\":[]},\"product\":{\"reviews\":[]},\"recipe\":{\"ingredients\":[],\"instructions\":[],\"keywords\":[]},\"software\":{\"reviews\":[],\"operatingSystems\":[]},\"webPage\":{\"webPageType\":\"WebPage\"}}","pillar_content":false,"robots_default":true,"robots_noindex":false,"robots_noarchive":false,"robots_nosnippet":false,"robots_nofollow":false,"robots_noimageindex":false,"robots_noodp":false,"robots_notranslate":false,"robots_max_snippet":"-1","robots_max_videopreview":"-1","robots_max_imagepreview":"large","priority":null,"frequency":"default","local_seo":null,"seo_analyzer_scan_date":null,"breadcrumb_settings":null,"limit_modified_date":false,"reviewed_by":null,"open_ai":null,"ai":null,"created":"2021-09-17 20:26:19","updated":"2025-05-30 04:14:08"},"aioseo_breadcrumb":"<div class=\"aioseo-breadcrumbs\"><span class=\"aioseo-breadcrumb\">\n\t<a href=\"https:\/\/bunuri.md\/ro\/\" title=\"Home\">Home<\/a>\n<\/span><span class=\"aioseo-breadcrumb-separator\">\u00bb<\/span><span class=\"aioseo-breadcrumb\">\n\t<a href=\"https:\/\/bunuri.md\/ro\/shop-2\/\" title=\"Magazin\">Magazin<\/a>\n<\/span><span class=\"aioseo-breadcrumb-separator\">\u00bb<\/span><span class=\"aioseo-breadcrumb\">\n\t<a href=\"https:\/\/bunuri.md\/ro\/product-category\/bez-kategorii\/\" title=\"F\u0103r\u0103 categorie\">F\u0103r\u0103 categorie<\/a>\n<\/span><span class=\"aioseo-breadcrumb-separator\">\u00bb<\/span><span class=\"aioseo-breadcrumb\">\n\tAccumulator pentru motoblock 12V, 38Ah, Fiamm, Italia\n<\/span><\/div>","aioseo_breadcrumb_json":[{"label":"Home","link":"https:\/\/bunuri.md\/ro\/"},{"label":"Magazin","link":"https:\/\/bunuri.md\/ro\/shop-2\/"},{"label":"F\u0103r\u0103 categorie","link":"https:\/\/bunuri.md\/ro\/product-category\/bez-kategorii\/"},{"label":"Accumulator pentru motoblock 12V, 38Ah, Fiamm, Italia","link":"https:\/\/bunuri.md\/ro\/shop\/baterie-de-stocare-fiamm-italia-12v-38-an\/"}],"brands":[],"_links":{"self":[{"href":"https:\/\/bunuri.md\/ro\/wp-json\/wp\/v2\/product\/3830","targetHints":{"allow":["GET"]}}],"collection":[{"href":"https:\/\/bunuri.md\/ro\/wp-json\/wp\/v2\/product"}],"about":[{"href":"https:\/\/bunuri.md\/ro\/wp-json\/wp\/v2\/types\/product"}],"replies":[{"embeddable":true,"href":"https:\/\/bunuri.md\/ro\/wp-json\/wp\/v2\/comments?post=3830"}],"wp:featuredmedia":[{"embeddable":true,"href":"https:\/\/bunuri.md\/ro\/wp-json\/wp\/v2\/media\/6077"}],"wp:attachment":[{"href":"https:\/\/bunuri.md\/ro\/wp-json\/wp\/v2\/media?parent=3830"}],"wp:term":[{"taxonomy":"pwb-brand","embeddable":true,"href":"https:\/\/bunuri.md\/ro\/wp-json\/wp\/v2\/pwb-brand?post=3830"},{"taxonomy":"product_brand","embeddable":true,"href":"https:\/\/bunuri.md\/ro\/wp-json\/wp\/v2\/product_brand?post=3830"},{"taxonomy":"product_cat","embeddable":true,"href":"https:\/\/bunuri.md\/ro\/wp-json\/wp\/v2\/product_cat?post=3830"},{"taxonomy":"product_tag","embeddable":true,"href":"https:\/\/bunuri.md\/ro\/wp-json\/wp\/v2\/product_tag?post=3830"}],"curies":[{"name":"wp","href":"https:\/\/api.w.org\/{rel}","templated":true}]}}