{"id":4331,"date":"2022-02-27T21:36:47","date_gmt":"2022-02-27T20:10:41","guid":{"rendered":"https:\/\/bunuri.md\/?post_type=product&#038;p=4331"},"modified":"2022-12-04T22:48:04","modified_gmt":"2022-12-04T19:48:04","slug":"pedale-de-mountain-bike","status":"publish","type":"product","link":"https:\/\/bunuri.md\/ro\/shop\/pedale-de-mountain-bike\/","title":{"rendered":"Pedale pentru mountain bike MTB, material aluminiu."},"content":{"rendered":"<p>Pedalele de mountain bike MTB<a href=\"https:\/\/bunuri.md\/ro\/product-category\/biciclete\/\">https:\/\/bunuri.md\/ro\/product-category\/biciclete\/<\/a> sunt pedale de calitate superioar\u0103 care vin cu bicicletele de gam\u0103 medie. Pe astfel de pedale po\u021bi patina mai mult de o mie de kilometri. De regul\u0103, sunt u\u0219oare, au un design bine g\u00e2ndit, suprafa\u021ba de prindere cu talpa pantofului are v\u00e2rfuri.<\/p>\n<p>Materialul de execu\u021bie este de obicei aluminiu. Exist\u0103 op\u021biuni de titan, dar sunt mult mai scumpe. Bicicli\u0219tii cu experien\u021b\u0103 numesc astfel de pedale \u201ebenzi de alergare\u201d, deoarece chiar le calc\u0103 \u00een picioare. Astfel de pedale sunt folosite nu numai pentru bicicletele de munte, ci \u0219i pentru bicicletele BMX \u0219i cascadorii de cross-country. Ride\u021bii de cross-country, totu\u0219i, trec masiv la pedale de contact.<br \/>\nPedalele de mountain bike au o platform\u0103 mult mai larg\u0103 dec\u00e2t pedalele de turism \u201ede stoc\u201d, mult mai mult\u0103 durabilitate \u2013 sunt concepute pentru utilizare \u00een condi\u021bii extreme \u0219i trebuie s\u0103 reziste la sarcini grele.<br \/>\nDepinde de pedale c\u00e2t de ferm stai pe suprafa\u021ba lor, c\u00e2t de bine este transmis\u0103 energia mu\u0219chilor, ceea ce este incredibil de important.<\/p>\n","protected":false},"excerpt":{"rendered":"<p>Fixeaz\u0103 piciorul biciclistului pe pedal\u0103, asigur\u00e2nd contactul deplin \u00eentr-o singur\u0103 structur\u0103 \u00eentreag\u0103, adic\u0103 pantofii biciclistului cu transmisia bicicletei.<\/p>\n","protected":false},"featured_media":6786,"comment_status":"open","ping_status":"closed","template":"","meta":{"om_disable_all_campaigns":false},"pwb-brand":[],"product_brand":[],"product_cat":[236],"product_tag":[],"class_list":{"0":"post-4331","1":"product","2":"type-product","3":"status-publish","4":"has-post-thumbnail","6":"product_cat-piese-pentru-biciclete","8":"first","9":"instock","10":"sale","11":"purchasable","12":"product-type-simple"},"aioseo_notices":[],"aioseo_head":"\n\t\t<!-- All in One SEO Pro 4.9.6.2 - aioseo.com -->\n\t<meta name=\"description\" content=\"Fixeaz\u0103 piciorul biciclistului pe pedal\u0103, asigur\u00e2nd contactul deplin \u00eentr-o singur\u0103 structur\u0103 \u00eentreag\u0103, adic\u0103 pantofii biciclistului cu transmisia bicicletei.\" \/>\n\t<meta name=\"robots\" content=\"max-image-preview:large\" \/>\n\t<link rel=\"canonical\" href=\"https:\/\/bunuri.md\/ro\/shop\/pedale-de-mountain-bike\/\" \/>\n\t<meta name=\"generator\" content=\"All in One SEO Pro (AIOSEO) 4.9.6.2\" \/>\n\t\t<meta property=\"og:locale\" content=\"ro_RO\" \/>\n\t\t<meta property=\"og:site_name\" content=\"\u0418\u043d\u0442\u0435\u0440\u043d\u0435\u0442 \u043c\u0430\u0433\u0430\u0437\u0438\u043d \u041c\u043e\u043b\u0434\u043e\u0432\u0430 | Bunuri.md este un magazin online care livreaz\u0103 \u0219i comercializeaz\u0103 o gam\u0103 larg\u0103 de m\u0103rfuri de diverse categorii pe \u00eentreg teritoriul Republicii Moldova.\" \/>\n\t\t<meta property=\"og:type\" content=\"article\" \/>\n\t\t<meta property=\"og:title\" content=\"Pedale pentru mountain bike MTB, material aluminiu.\" \/>\n\t\t<meta property=\"og:description\" content=\"Fixeaz\u0103 piciorul biciclistului pe pedal\u0103, asigur\u00e2nd contactul deplin \u00eentr-o singur\u0103 structur\u0103 \u00eentreag\u0103, adic\u0103 pantofii biciclistului cu transmisia bicicletei.\" \/>\n\t\t<meta property=\"og:url\" content=\"https:\/\/bunuri.md\/ro\/shop\/pedale-de-mountain-bike\/\" \/>\n\t\t<meta property=\"og:image\" content=\"https:\/\/bunuri.md\/wp-content\/uploads\/2022\/10\/logobu.png\" \/>\n\t\t<meta property=\"og:image:secure_url\" content=\"https:\/\/bunuri.md\/wp-content\/uploads\/2022\/10\/logobu.png\" \/>\n\t\t<meta property=\"og:image:width\" content=\"200\" \/>\n\t\t<meta property=\"og:image:height\" content=\"200\" \/>\n\t\t<meta property=\"article:published_time\" content=\"2022-02-27T20:10:41+00:00\" \/>\n\t\t<meta property=\"article:modified_time\" content=\"2022-12-04T19:48:04+00:00\" \/>\n\t\t<meta property=\"article:publisher\" content=\"https:\/\/facebook.com\/https:\/\/www.facebook.com\/bunurimag\" \/>\n\t\t<meta name=\"twitter:card\" content=\"summary\" \/>\n\t\t<meta name=\"twitter:site\" content=\"@https:\" \/>\n\t\t<meta name=\"twitter:title\" content=\"Pedale pentru mountain bike MTB, material aluminiu.\" \/>\n\t\t<meta name=\"twitter:description\" content=\"Fixeaz\u0103 piciorul biciclistului pe pedal\u0103, asigur\u00e2nd contactul deplin \u00eentr-o singur\u0103 structur\u0103 \u00eentreag\u0103, adic\u0103 pantofii biciclistului cu transmisia bicicletei.\" \/>\n\t\t<meta name=\"twitter:image\" content=\"https:\/\/bunuri.md\/wp-content\/uploads\/2022\/10\/logobu.png\" \/>\n\t\t<script type=\"application\/ld+json\" class=\"aioseo-schema\">\n\t\t\t{\"@context\":\"https:\\\/\\\/schema.org\",\"@graph\":[{\"@type\":\"BreadcrumbList\",\"@id\":\"https:\\\/\\\/bunuri.md\\\/ro\\\/shop\\\/pedale-de-mountain-bike\\\/#breadcrumblist\",\"itemListElement\":[{\"@type\":\"ListItem\",\"@id\":\"https:\\\/\\\/bunuri.md\\\/ro\\\/#listItem\",\"position\":1,\"name\":\"Home\",\"item\":\"https:\\\/\\\/bunuri.md\\\/ro\\\/\",\"nextItem\":{\"@type\":\"ListItem\",\"@id\":\"https:\\\/\\\/bunuri.md\\\/ro\\\/shop-2\\\/#listItem\",\"name\":\"Magazin\"}},{\"@type\":\"ListItem\",\"@id\":\"https:\\\/\\\/bunuri.md\\\/ro\\\/shop-2\\\/#listItem\",\"position\":2,\"name\":\"Magazin\",\"item\":\"https:\\\/\\\/bunuri.md\\\/ro\\\/shop-2\\\/\",\"nextItem\":{\"@type\":\"ListItem\",\"@id\":\"https:\\\/\\\/bunuri.md\\\/ro\\\/product-category\\\/piese-pentru-biciclete\\\/#listItem\",\"name\":\"\\u00a0Piese de schimb pentru biciclete\"},\"previousItem\":{\"@type\":\"ListItem\",\"@id\":\"https:\\\/\\\/bunuri.md\\\/ro\\\/#listItem\",\"name\":\"Home\"}},{\"@type\":\"ListItem\",\"@id\":\"https:\\\/\\\/bunuri.md\\\/ro\\\/product-category\\\/piese-pentru-biciclete\\\/#listItem\",\"position\":3,\"name\":\"\\u00a0Piese de schimb pentru biciclete\",\"item\":\"https:\\\/\\\/bunuri.md\\\/ro\\\/product-category\\\/piese-pentru-biciclete\\\/\",\"nextItem\":{\"@type\":\"ListItem\",\"@id\":\"https:\\\/\\\/bunuri.md\\\/ro\\\/shop\\\/pedale-de-mountain-bike\\\/#listItem\",\"name\":\"Pedale pentru mountain bike MTB, material aluminiu.\"},\"previousItem\":{\"@type\":\"ListItem\",\"@id\":\"https:\\\/\\\/bunuri.md\\\/ro\\\/shop-2\\\/#listItem\",\"name\":\"Magazin\"}},{\"@type\":\"ListItem\",\"@id\":\"https:\\\/\\\/bunuri.md\\\/ro\\\/shop\\\/pedale-de-mountain-bike\\\/#listItem\",\"position\":4,\"name\":\"Pedale pentru mountain bike MTB, material aluminiu.\",\"previousItem\":{\"@type\":\"ListItem\",\"@id\":\"https:\\\/\\\/bunuri.md\\\/ro\\\/product-category\\\/piese-pentru-biciclete\\\/#listItem\",\"name\":\"\\u00a0Piese de schimb pentru biciclete\"}}]},{\"@type\":\"ItemPage\",\"@id\":\"https:\\\/\\\/bunuri.md\\\/ro\\\/shop\\\/pedale-de-mountain-bike\\\/#itempage\",\"url\":\"https:\\\/\\\/bunuri.md\\\/ro\\\/shop\\\/pedale-de-mountain-bike\\\/\",\"name\":\"Pedale pentru mountain bike MTB, material aluminiu.\",\"description\":\"Fixeaz\\u0103 piciorul biciclistului pe pedal\\u0103, asigur\\u00e2nd contactul deplin \\u00eentr-o singur\\u0103 structur\\u0103 \\u00eentreag\\u0103, adic\\u0103 pantofii biciclistului cu transmisia bicicletei.\",\"inLanguage\":\"ro-RO\",\"isPartOf\":{\"@id\":\"https:\\\/\\\/bunuri.md\\\/ro\\\/#website\"},\"breadcrumb\":{\"@id\":\"https:\\\/\\\/bunuri.md\\\/ro\\\/shop\\\/pedale-de-mountain-bike\\\/#breadcrumblist\"},\"image\":{\"@type\":\"ImageObject\",\"url\":\"https:\\\/\\\/bunuri.md\\\/wp-content\\\/uploads\\\/2022\\\/02\\\/Pedale_MTB-1.png\",\"@id\":\"https:\\\/\\\/bunuri.md\\\/ro\\\/shop\\\/pedale-de-mountain-bike\\\/#mainImage\",\"width\":600,\"height\":383},\"primaryImageOfPage\":{\"@id\":\"https:\\\/\\\/bunuri.md\\\/ro\\\/shop\\\/pedale-de-mountain-bike\\\/#mainImage\"},\"datePublished\":\"2022-02-27T21:36:47+03:00\",\"dateModified\":\"2022-12-04T22:48:04+03:00\"},{\"@type\":\"Organization\",\"@id\":\"https:\\\/\\\/bunuri.md\\\/ro\\\/#organization\",\"name\":\"\\u00centreprinderea Individual\\u0103 \\\"Buldumac Aliona\\\"\",\"description\":\"\\u0418\\u041f \\u00ab\\u0411\\u0443\\u043b\\u0434\\u0443\\u043c\\u0430\\u043a \\u0410\\u043b\\u0435\\u043d\\u0430\\u00bb - \\u044d\\u0442\\u043e \\u043d\\u0430\\u0434\\u0451\\u0436\\u043d\\u044b\\u0439 \\u0438 \\u043e\\u0440\\u0438\\u0435\\u043d\\u0442\\u0438\\u0440\\u043e\\u0432\\u0430\\u043d\\u043d\\u044b\\u0439 \\u043d\\u0430 \\u043a\\u043b\\u0438\\u0435\\u043d\\u0442\\u0430 \\u0431\\u0438\\u0437\\u043d\\u0435\\u0441, \\u043f\\u0440\\u0435\\u0434\\u043b\\u0430\\u0433\\u0430\\u044e\\u0449\\u0438\\u0439 \\u043a\\u0430\\u0447\\u0435\\u0441\\u0442\\u0432\\u0435\\u043d\\u043d\\u044b\\u0435 \\u0442\\u043e\\u0432\\u0430\\u0440\\u044b, \\u0443\\u0441\\u043b\\u0443\\u0433\\u0438 \\u0441 \\u0430\\u043a\\u0446\\u0435\\u043d\\u0442\\u043e\\u043c \\u043d\\u0430 \\u043f\\u0440\\u0430\\u043a\\u0442\\u0438\\u0447\\u043d\\u043e\\u0441\\u0442\\u044c \\u0438 \\u0447\\u0435\\u0441\\u0442\\u043d\\u044b\\u0439 \\u043f\\u043e\\u0434\\u0445\\u043e\\u0434.\",\"url\":\"https:\\\/\\\/bunuri.md\\\/ro\\\/\",\"email\":\"bunuri.md@gmail.com\",\"telephone\":\"+37379512557\",\"foundingDate\":\"2006-09-27\",\"numberOfEmployees\":{\"@type\":\"QuantitativeValue\",\"minValue\":0,\"maxValue\":4},\"logo\":{\"@type\":\"ImageObject\",\"url\":\"https:\\\/\\\/bunuri.md\\\/wp-content\\\/uploads\\\/2022\\\/08\\\/logo-bunuri.png\",\"@id\":\"https:\\\/\\\/bunuri.md\\\/ro\\\/shop\\\/pedale-de-mountain-bike\\\/#organizationLogo\",\"width\":250,\"height\":250},\"image\":{\"@id\":\"https:\\\/\\\/bunuri.md\\\/ro\\\/shop\\\/pedale-de-mountain-bike\\\/#organizationLogo\"},\"sameAs\":[\"https:\\\/\\\/facebook.com\\\/https:\\\/\\\/www.facebook.com\\\/bunurimag\",\"https:\\\/\\\/x.com\\\/https:\\\/\\\/www.facebook.com\\\/bunurimag\",\"https:\\\/\\\/instagram.com\\\/https:\\\/\\\/www.facebook.com\\\/bunurimag\",\"https:\\\/\\\/pinterest.com\\\/https:\\\/\\\/www.facebook.com\\\/bunurimag\",\"https:\\\/\\\/youtube.com\\\/https:\\\/\\\/www.facebook.com\\\/bunurimag\",\"https:\\\/\\\/linkedin.com\\\/in\\\/https:\\\/\\\/www.facebook.com\\\/bunurimag\",\"https:\\\/\\\/soundcloud.com\\\/https:\\\/\\\/www.facebook.com\\\/bunurimag\"],\"address\":{\"@id\":\"https:\\\/\\\/bunuri.md\\\/ro\\\/#postaladdress\",\"@type\":\"PostalAddress\",\"streetAddress\":\"\\u0420. \\u041c\\u043e\\u043b\\u0434\\u043e\\u0432\\u0430, \\u0433. \\u0425\\u044b\\u043d\\u0447\\u0435\\u0448\\u0442\\u044b\",\"postalCode\":\"3401\",\"addressLocality\":\"\\u0425\\u044b\\u043d\\u0447\\u0435\\u0448\\u0442\\u044b\",\"addressRegion\":\"Moldova\",\"addressCountry\":\"MD\"}},{\"@type\":\"WebPage\",\"@id\":\"https:\\\/\\\/bunuri.md\\\/ro\\\/shop\\\/pedale-de-mountain-bike\\\/#webpage\",\"url\":\"https:\\\/\\\/bunuri.md\\\/ro\\\/shop\\\/pedale-de-mountain-bike\\\/\",\"name\":\"Pedale pentru mountain bike MTB, material aluminiu.\",\"description\":\"Fixeaz\\u0103 piciorul biciclistului pe pedal\\u0103, asigur\\u00e2nd contactul deplin \\u00eentr-o singur\\u0103 structur\\u0103 \\u00eentreag\\u0103, adic\\u0103 pantofii biciclistului cu transmisia bicicletei.\",\"inLanguage\":\"ro-RO\",\"isPartOf\":{\"@id\":\"https:\\\/\\\/bunuri.md\\\/ro\\\/#website\"},\"breadcrumb\":{\"@id\":\"https:\\\/\\\/bunuri.md\\\/ro\\\/shop\\\/pedale-de-mountain-bike\\\/#breadcrumblist\"},\"image\":{\"@type\":\"ImageObject\",\"url\":\"https:\\\/\\\/bunuri.md\\\/wp-content\\\/uploads\\\/2022\\\/02\\\/Pedale_MTB-1.png\",\"@id\":\"https:\\\/\\\/bunuri.md\\\/ro\\\/shop\\\/pedale-de-mountain-bike\\\/#mainImage\",\"width\":600,\"height\":383},\"primaryImageOfPage\":{\"@id\":\"https:\\\/\\\/bunuri.md\\\/ro\\\/shop\\\/pedale-de-mountain-bike\\\/#mainImage\"},\"datePublished\":\"2022-02-27T21:36:47+03:00\",\"dateModified\":\"2022-12-04T22:48:04+03:00\"},{\"@type\":\"WebSite\",\"@id\":\"https:\\\/\\\/bunuri.md\\\/ro\\\/#website\",\"url\":\"https:\\\/\\\/bunuri.md\\\/ro\\\/\",\"name\":\"www.bunuri.md\",\"alternateName\":\"bunuri.md\",\"description\":\"Bunuri.md este un magazin online care livreaz\\u0103 \\u0219i comercializeaz\\u0103 o gam\\u0103 larg\\u0103 de m\\u0103rfuri de diverse categorii pe \\u00eentreg teritoriul Republicii Moldova.\",\"inLanguage\":\"ro-RO\",\"publisher\":{\"@id\":\"https:\\\/\\\/bunuri.md\\\/ro\\\/#organization\"}}]}\n\t\t<\/script>\n\t\t<!-- All in One SEO Pro -->\r\n\t\t<title>Pedale pentru mountain bike MTB, material aluminiu.<\/title>\n\n","aioseo_head_json":{"title":"Pedale pentru mountain bike MTB, material aluminiu.","description":"Fixeaz\u0103 piciorul biciclistului pe pedal\u0103, asigur\u00e2nd contactul deplin \u00eentr-o singur\u0103 structur\u0103 \u00eentreag\u0103, adic\u0103 pantofii biciclistului cu transmisia bicicletei.","canonical_url":"https:\/\/bunuri.md\/ro\/shop\/pedale-de-mountain-bike\/","robots":"max-image-preview:large","keywords":"","webmasterTools":{"miscellaneous":""},"schema":{"@context":"https:\/\/schema.org","@graph":[{"@type":"BreadcrumbList","@id":"https:\/\/bunuri.md\/ro\/shop\/pedale-de-mountain-bike\/#breadcrumblist","itemListElement":[{"@type":"ListItem","@id":"https:\/\/bunuri.md\/ro\/#listItem","position":1,"name":"Home","item":"https:\/\/bunuri.md\/ro\/","nextItem":{"@type":"ListItem","@id":"https:\/\/bunuri.md\/ro\/shop-2\/#listItem","name":"Magazin"}},{"@type":"ListItem","@id":"https:\/\/bunuri.md\/ro\/shop-2\/#listItem","position":2,"name":"Magazin","item":"https:\/\/bunuri.md\/ro\/shop-2\/","nextItem":{"@type":"ListItem","@id":"https:\/\/bunuri.md\/ro\/product-category\/piese-pentru-biciclete\/#listItem","name":"\u00a0Piese de schimb pentru biciclete"},"previousItem":{"@type":"ListItem","@id":"https:\/\/bunuri.md\/ro\/#listItem","name":"Home"}},{"@type":"ListItem","@id":"https:\/\/bunuri.md\/ro\/product-category\/piese-pentru-biciclete\/#listItem","position":3,"name":"\u00a0Piese de schimb pentru biciclete","item":"https:\/\/bunuri.md\/ro\/product-category\/piese-pentru-biciclete\/","nextItem":{"@type":"ListItem","@id":"https:\/\/bunuri.md\/ro\/shop\/pedale-de-mountain-bike\/#listItem","name":"Pedale pentru mountain bike MTB, material aluminiu."},"previousItem":{"@type":"ListItem","@id":"https:\/\/bunuri.md\/ro\/shop-2\/#listItem","name":"Magazin"}},{"@type":"ListItem","@id":"https:\/\/bunuri.md\/ro\/shop\/pedale-de-mountain-bike\/#listItem","position":4,"name":"Pedale pentru mountain bike MTB, material aluminiu.","previousItem":{"@type":"ListItem","@id":"https:\/\/bunuri.md\/ro\/product-category\/piese-pentru-biciclete\/#listItem","name":"\u00a0Piese de schimb pentru biciclete"}}]},{"@type":"ItemPage","@id":"https:\/\/bunuri.md\/ro\/shop\/pedale-de-mountain-bike\/#itempage","url":"https:\/\/bunuri.md\/ro\/shop\/pedale-de-mountain-bike\/","name":"Pedale pentru mountain bike MTB, material aluminiu.","description":"Fixeaz\u0103 piciorul biciclistului pe pedal\u0103, asigur\u00e2nd contactul deplin \u00eentr-o singur\u0103 structur\u0103 \u00eentreag\u0103, adic\u0103 pantofii biciclistului cu transmisia bicicletei.","inLanguage":"ro-RO","isPartOf":{"@id":"https:\/\/bunuri.md\/ro\/#website"},"breadcrumb":{"@id":"https:\/\/bunuri.md\/ro\/shop\/pedale-de-mountain-bike\/#breadcrumblist"},"image":{"@type":"ImageObject","url":"https:\/\/bunuri.md\/wp-content\/uploads\/2022\/02\/Pedale_MTB-1.png","@id":"https:\/\/bunuri.md\/ro\/shop\/pedale-de-mountain-bike\/#mainImage","width":600,"height":383},"primaryImageOfPage":{"@id":"https:\/\/bunuri.md\/ro\/shop\/pedale-de-mountain-bike\/#mainImage"},"datePublished":"2022-02-27T21:36:47+03:00","dateModified":"2022-12-04T22:48:04+03:00"},{"@type":"Organization","@id":"https:\/\/bunuri.md\/ro\/#organization","name":"\u00centreprinderea Individual\u0103 \"Buldumac Aliona\"","description":"\u0418\u041f \u00ab\u0411\u0443\u043b\u0434\u0443\u043c\u0430\u043a \u0410\u043b\u0435\u043d\u0430\u00bb - \u044d\u0442\u043e \u043d\u0430\u0434\u0451\u0436\u043d\u044b\u0439 \u0438 \u043e\u0440\u0438\u0435\u043d\u0442\u0438\u0440\u043e\u0432\u0430\u043d\u043d\u044b\u0439 \u043d\u0430 \u043a\u043b\u0438\u0435\u043d\u0442\u0430 \u0431\u0438\u0437\u043d\u0435\u0441, \u043f\u0440\u0435\u0434\u043b\u0430\u0433\u0430\u044e\u0449\u0438\u0439 \u043a\u0430\u0447\u0435\u0441\u0442\u0432\u0435\u043d\u043d\u044b\u0435 \u0442\u043e\u0432\u0430\u0440\u044b, \u0443\u0441\u043b\u0443\u0433\u0438 \u0441 \u0430\u043a\u0446\u0435\u043d\u0442\u043e\u043c \u043d\u0430 \u043f\u0440\u0430\u043a\u0442\u0438\u0447\u043d\u043e\u0441\u0442\u044c \u0438 \u0447\u0435\u0441\u0442\u043d\u044b\u0439 \u043f\u043e\u0434\u0445\u043e\u0434.","url":"https:\/\/bunuri.md\/ro\/","email":"bunuri.md@gmail.com","telephone":"+37379512557","foundingDate":"2006-09-27","numberOfEmployees":{"@type":"QuantitativeValue","minValue":0,"maxValue":4},"logo":{"@type":"ImageObject","url":"https:\/\/bunuri.md\/wp-content\/uploads\/2022\/08\/logo-bunuri.png","@id":"https:\/\/bunuri.md\/ro\/shop\/pedale-de-mountain-bike\/#organizationLogo","width":250,"height":250},"image":{"@id":"https:\/\/bunuri.md\/ro\/shop\/pedale-de-mountain-bike\/#organizationLogo"},"sameAs":["https:\/\/facebook.com\/https:\/\/www.facebook.com\/bunurimag","https:\/\/x.com\/https:\/\/www.facebook.com\/bunurimag","https:\/\/instagram.com\/https:\/\/www.facebook.com\/bunurimag","https:\/\/pinterest.com\/https:\/\/www.facebook.com\/bunurimag","https:\/\/youtube.com\/https:\/\/www.facebook.com\/bunurimag","https:\/\/linkedin.com\/in\/https:\/\/www.facebook.com\/bunurimag","https:\/\/soundcloud.com\/https:\/\/www.facebook.com\/bunurimag"],"address":{"@id":"https:\/\/bunuri.md\/ro\/#postaladdress","@type":"PostalAddress","streetAddress":"\u0420. \u041c\u043e\u043b\u0434\u043e\u0432\u0430, \u0433. \u0425\u044b\u043d\u0447\u0435\u0448\u0442\u044b","postalCode":"3401","addressLocality":"\u0425\u044b\u043d\u0447\u0435\u0448\u0442\u044b","addressRegion":"Moldova","addressCountry":"MD"}},{"@type":"WebPage","@id":"https:\/\/bunuri.md\/ro\/shop\/pedale-de-mountain-bike\/#webpage","url":"https:\/\/bunuri.md\/ro\/shop\/pedale-de-mountain-bike\/","name":"Pedale pentru mountain bike MTB, material aluminiu.","description":"Fixeaz\u0103 piciorul biciclistului pe pedal\u0103, asigur\u00e2nd contactul deplin \u00eentr-o singur\u0103 structur\u0103 \u00eentreag\u0103, adic\u0103 pantofii biciclistului cu transmisia bicicletei.","inLanguage":"ro-RO","isPartOf":{"@id":"https:\/\/bunuri.md\/ro\/#website"},"breadcrumb":{"@id":"https:\/\/bunuri.md\/ro\/shop\/pedale-de-mountain-bike\/#breadcrumblist"},"image":{"@type":"ImageObject","url":"https:\/\/bunuri.md\/wp-content\/uploads\/2022\/02\/Pedale_MTB-1.png","@id":"https:\/\/bunuri.md\/ro\/shop\/pedale-de-mountain-bike\/#mainImage","width":600,"height":383},"primaryImageOfPage":{"@id":"https:\/\/bunuri.md\/ro\/shop\/pedale-de-mountain-bike\/#mainImage"},"datePublished":"2022-02-27T21:36:47+03:00","dateModified":"2022-12-04T22:48:04+03:00"},{"@type":"WebSite","@id":"https:\/\/bunuri.md\/ro\/#website","url":"https:\/\/bunuri.md\/ro\/","name":"www.bunuri.md","alternateName":"bunuri.md","description":"Bunuri.md este un magazin online care livreaz\u0103 \u0219i comercializeaz\u0103 o gam\u0103 larg\u0103 de m\u0103rfuri de diverse categorii pe \u00eentreg teritoriul Republicii Moldova.","inLanguage":"ro-RO","publisher":{"@id":"https:\/\/bunuri.md\/ro\/#organization"}}]},"og:locale":"ro_RO","og:site_name":"\u0418\u043d\u0442\u0435\u0440\u043d\u0435\u0442 \u043c\u0430\u0433\u0430\u0437\u0438\u043d \u041c\u043e\u043b\u0434\u043e\u0432\u0430 | Bunuri.md este un magazin online care livreaz\u0103 \u0219i comercializeaz\u0103 o gam\u0103 larg\u0103 de m\u0103rfuri de diverse categorii pe \u00eentreg teritoriul Republicii Moldova.","og:type":"article","og:title":"Pedale pentru mountain bike MTB, material aluminiu.","og:description":"Fixeaz\u0103 piciorul biciclistului pe pedal\u0103, asigur\u00e2nd contactul deplin \u00eentr-o singur\u0103 structur\u0103 \u00eentreag\u0103, adic\u0103 pantofii biciclistului cu transmisia bicicletei.","og:url":"https:\/\/bunuri.md\/ro\/shop\/pedale-de-mountain-bike\/","og:image":"https:\/\/bunuri.md\/wp-content\/uploads\/2022\/10\/logobu.png","og:image:secure_url":"https:\/\/bunuri.md\/wp-content\/uploads\/2022\/10\/logobu.png","og:image:width":200,"og:image:height":200,"article:published_time":"2022-02-27T20:10:41+00:00","article:modified_time":"2022-12-04T19:48:04+00:00","article:publisher":"https:\/\/facebook.com\/https:\/\/www.facebook.com\/bunurimag","twitter:card":"summary","twitter:site":"@https:","twitter:title":"Pedale pentru mountain bike MTB, material aluminiu.","twitter:description":"Fixeaz\u0103 piciorul biciclistului pe pedal\u0103, asigur\u00e2nd contactul deplin \u00eentr-o singur\u0103 structur\u0103 \u00eentreag\u0103, adic\u0103 pantofii biciclistului cu transmisia bicicletei.","twitter:image":"https:\/\/bunuri.md\/wp-content\/uploads\/2022\/10\/logobu.png"},"aioseo_meta_data":{"post_id":"4331","title":"Pedale pentru mountain bike MTB, material aluminiu.","description":"Fixeaz\u0103 piciorul biciclistului pe pedal\u0103, asigur\u00e2nd contactul deplin \u00eentr-o singur\u0103 structur\u0103 \u00eentreag\u0103, adic\u0103 pantofii biciclistului cu transmisia bicicletei.","keywords":[],"keyphrases":{"focus":{"keyphrase":"","score":0,"analysis":{"keyphraseInTitle":{"score":0,"maxScore":9,"error":1}}},"additional":[]},"primary_term":null,"canonical_url":null,"og_title":null,"og_description":null,"og_object_type":"default","og_image_type":"default","og_image_url":null,"og_image_width":null,"og_image_height":null,"og_image_custom_url":null,"og_image_custom_fields":null,"og_video":"","og_custom_url":null,"og_article_section":null,"og_article_tags":[],"twitter_use_og":false,"twitter_card":"default","twitter_image_type":"default","twitter_image_url":null,"twitter_image_custom_url":null,"twitter_image_custom_fields":null,"twitter_title":null,"twitter_description":null,"schema":{"blockGraphs":[],"customGraphs":[],"default":{"data":{"Article":[],"Course":[],"Dataset":[],"FAQPage":[],"Movie":[],"Person":[],"Product":[],"ProductReview":[],"Car":[],"Recipe":[],"Service":[],"SoftwareApplication":[],"WebPage":[]},"graphName":"ItemPage","isEnabled":true},"graphs":[],"defaultGraph":"","defaultPostTypeGraph":""},"schema_type":"default","schema_type_options":null,"pillar_content":false,"robots_default":true,"robots_noindex":false,"robots_noarchive":false,"robots_nosnippet":false,"robots_nofollow":false,"robots_noimageindex":false,"robots_noodp":false,"robots_notranslate":false,"robots_max_snippet":"-1","robots_max_videopreview":"-1","robots_max_imagepreview":"large","priority":null,"frequency":"default","local_seo":null,"seo_analyzer_scan_date":null,"breadcrumb_settings":null,"limit_modified_date":false,"reviewed_by":null,"open_ai":null,"ai":null,"created":"2022-02-27 20:08:52","updated":"2025-05-30 04:17:07"},"aioseo_breadcrumb":"<div class=\"aioseo-breadcrumbs\"><span class=\"aioseo-breadcrumb\">\n\t<a href=\"https:\/\/bunuri.md\/ro\/\" title=\"Home\">Home<\/a>\n<\/span><span class=\"aioseo-breadcrumb-separator\">\u00bb<\/span><span class=\"aioseo-breadcrumb\">\n\t<a href=\"https:\/\/bunuri.md\/ro\/shop-2\/\" title=\"Magazin\">Magazin<\/a>\n<\/span><span class=\"aioseo-breadcrumb-separator\">\u00bb<\/span><span class=\"aioseo-breadcrumb\">\n\t<a href=\"https:\/\/bunuri.md\/ro\/product-category\/piese-pentru-biciclete\/\" title=\" Piese de schimb pentru biciclete\"> Piese de schimb pentru biciclete<\/a>\n<\/span><span class=\"aioseo-breadcrumb-separator\">\u00bb<\/span><span class=\"aioseo-breadcrumb\">\n\tPedale pentru mountain bike MTB, material aluminiu.\n<\/span><\/div>","aioseo_breadcrumb_json":[{"label":"Home","link":"https:\/\/bunuri.md\/ro\/"},{"label":"Magazin","link":"https:\/\/bunuri.md\/ro\/shop-2\/"},{"label":"\u00a0Piese de schimb pentru biciclete","link":"https:\/\/bunuri.md\/ro\/product-category\/piese-pentru-biciclete\/"},{"label":"Pedale pentru mountain bike MTB, material aluminiu.","link":"https:\/\/bunuri.md\/ro\/shop\/pedale-de-mountain-bike\/"}],"brands":[],"_links":{"self":[{"href":"https:\/\/bunuri.md\/ro\/wp-json\/wp\/v2\/product\/4331","targetHints":{"allow":["GET"]}}],"collection":[{"href":"https:\/\/bunuri.md\/ro\/wp-json\/wp\/v2\/product"}],"about":[{"href":"https:\/\/bunuri.md\/ro\/wp-json\/wp\/v2\/types\/product"}],"replies":[{"embeddable":true,"href":"https:\/\/bunuri.md\/ro\/wp-json\/wp\/v2\/comments?post=4331"}],"wp:featuredmedia":[{"embeddable":true,"href":"https:\/\/bunuri.md\/ro\/wp-json\/wp\/v2\/media\/6786"}],"wp:attachment":[{"href":"https:\/\/bunuri.md\/ro\/wp-json\/wp\/v2\/media?parent=4331"}],"wp:term":[{"taxonomy":"pwb-brand","embeddable":true,"href":"https:\/\/bunuri.md\/ro\/wp-json\/wp\/v2\/pwb-brand?post=4331"},{"taxonomy":"product_brand","embeddable":true,"href":"https:\/\/bunuri.md\/ro\/wp-json\/wp\/v2\/product_brand?post=4331"},{"taxonomy":"product_cat","embeddable":true,"href":"https:\/\/bunuri.md\/ro\/wp-json\/wp\/v2\/product_cat?post=4331"},{"taxonomy":"product_tag","embeddable":true,"href":"https:\/\/bunuri.md\/ro\/wp-json\/wp\/v2\/product_tag?post=4331"}],"curies":[{"name":"wp","href":"https:\/\/api.w.org\/{rel}","templated":true}]}}