{"id":5501,"date":"2022-09-18T22:17:45","date_gmt":"2022-09-19T09:53:37","guid":{"rendered":"https:\/\/bunuri.md\/?post_type=product&#038;p=5501"},"modified":"2023-03-12T22:47:19","modified_gmt":"2023-03-12T19:47:19","slug":"cablu-de-ambreiaj-pentru-motobloc-cu-racire-cu-aer","status":"publish","type":"product","link":"https:\/\/bunuri.md\/ro\/shop\/cablu-de-ambreiaj-pentru-motobloc-cu-racire-cu-aer\/","title":{"rendered":"Cablu de ambreiaj pentru motobloc cu r\u0103cire cu aer"},"content":{"rendered":"<p><a href=\"https:\/\/bunuri.md\/ro\/product-category\/motoblocuri-minitractore\/\">Cablu de ambreiaj pentru motobloc cu r\u0103cire cu aer<\/a>&#8211; este folosit ca transmisie flexibil\u0103 a for\u021bei c\u0103tre dispozitive\u00a0 pentru a controla ambreiajul. Cu ajutorul acestuia, ambreiajul motoblocului este pornit \u0219i oprit. Ambreiajul \u00eendepline\u0219te func\u021bia de a transmite cuplul de la arborele cotit al motorului la cutia de viteze. Datorit\u0103 acestui mecanism, tractorul se deplaseaz\u0103 \u0219i se opre\u0219te f\u0103r\u0103 a opri motorul.<\/p>\n<p>Pe un motobloc, cablul este format din fire de s\u00e2rm\u0103 r\u0103sucite \u00eempreun\u0103, plasate \u00eentr-o carcas\u0103 metalic\u0103 cu o manta de poliuretan. Lubrefierea este ad\u0103ugat\u0103 \u00een interior pentru a reduce frecarea. La un cap\u0103t al cablului se face un v\u00e2rf de \u00eempingere (ciocan), iar pe cealalt\u0103 parte se pune un man\u0219on pentru a-l proteja de \u00eenflorire.<\/p>\n<p>Cablul motobloc se uzeaz\u0103 \u00een timp. \u00cen punctul de fixare, venele sunt str\u00e2nse, ceea ce duce la faptul c\u0103 unele dintre ele se sparg \u00een timp. Murd\u0103ria \u0219i apa intr\u0103 \u00een c\u0103ma\u0219\u0103. Claritatea comut\u0103rii dispare, \u00eencadrarea are loc \u00eentr-una dintre pozi\u021bii. C\u0103ma\u0219a poate suferi \u0219i deterior\u0103ri mecanice. Cablul \u00een sine se \u00eentinde de la utilizarea prelungit\u0103.<\/p>\n<p>V\u0103 rug\u0103m s\u0103 re\u021bine\u021bi c\u0103 c\u0103ma\u0219a are un \u0219urub de reglare a tensiunii pe ambele p\u0103r\u021bi \u0219i se potrive\u0219te cu modelul Dumnevoastre.<\/p>\n","protected":false},"excerpt":{"rendered":"<p>Este folosit ca transmisie flexibil\u0103 a for\u021bei c\u0103tre mecanizmul pentru controlul ambreiajului. Datorita acestuia, ambreiajul motoblocului este pornit \u0219i oprit.<\/p>\n","protected":false},"featured_media":5492,"comment_status":"open","ping_status":"closed","template":"","meta":{"om_disable_all_campaigns":false},"pwb-brand":[],"product_brand":[],"product_cat":[356],"product_tag":[],"class_list":{"0":"post-5501","1":"product","2":"type-product","3":"status-publish","4":"has-post-thumbnail","6":"product_cat-uncategorized","8":"first","9":"instock","10":"sale","11":"purchasable","12":"product-type-simple"},"aioseo_notices":[],"aioseo_head":"\n\t\t<!-- All in One SEO Pro 4.9.6.1 - aioseo.com -->\n\t<meta name=\"description\" content=\"Este folosit ca transmisie flexibil\u0103 a for\u021bei c\u0103tre mecanizmul pentru controlul ambreiajului. Datorit acestuia, ambreiajul motoblocului este pornit \u0219i oprit.\" \/>\n\t<meta name=\"robots\" content=\"max-image-preview:large\" \/>\n\t<link rel=\"canonical\" href=\"https:\/\/bunuri.md\/ro\/shop\/cablu-de-ambreiaj-pentru-motobloc-cu-racire-cu-aer\/\" \/>\n\t<meta name=\"generator\" content=\"All in One SEO Pro (AIOSEO) 4.9.6.1\" \/>\n\t\t<meta property=\"og:locale\" content=\"ro_RO\" \/>\n\t\t<meta property=\"og:site_name\" content=\"\u0418\u043d\u0442\u0435\u0440\u043d\u0435\u0442 \u043c\u0430\u0433\u0430\u0437\u0438\u043d \u041c\u043e\u043b\u0434\u043e\u0432\u0430 | Bunuri.md este un magazin online care livreaz\u0103 \u0219i comercializeaz\u0103 o gam\u0103 larg\u0103 de m\u0103rfuri de diverse categorii pe \u00eentreg teritoriul Republicii Moldova.\" \/>\n\t\t<meta property=\"og:type\" content=\"article\" \/>\n\t\t<meta property=\"og:title\" content=\"Cablu de ambreiaj pentru motobloc cu r\u0103cire cu aer\" \/>\n\t\t<meta property=\"og:description\" content=\"Este folosit ca transmisie flexibil\u0103 a for\u021bei c\u0103tre mecanizmul pentru controlul ambreiajului. Datorit acestuia, ambreiajul motoblocului este pornit \u0219i oprit.\" \/>\n\t\t<meta property=\"og:url\" content=\"https:\/\/bunuri.md\/ro\/shop\/cablu-de-ambreiaj-pentru-motobloc-cu-racire-cu-aer\/\" \/>\n\t\t<meta property=\"og:image\" content=\"https:\/\/bunuri.md\/wp-content\/uploads\/2022\/10\/logobu.png\" \/>\n\t\t<meta property=\"og:image:secure_url\" content=\"https:\/\/bunuri.md\/wp-content\/uploads\/2022\/10\/logobu.png\" \/>\n\t\t<meta property=\"og:image:width\" content=\"200\" \/>\n\t\t<meta property=\"og:image:height\" content=\"200\" \/>\n\t\t<meta property=\"article:published_time\" content=\"2022-09-19T09:53:37+00:00\" \/>\n\t\t<meta property=\"article:modified_time\" content=\"2023-03-12T19:47:19+00:00\" \/>\n\t\t<meta property=\"article:publisher\" content=\"https:\/\/facebook.com\/https:\/\/www.facebook.com\/bunurimag\" \/>\n\t\t<meta name=\"twitter:card\" content=\"summary\" \/>\n\t\t<meta name=\"twitter:site\" content=\"@https:\" \/>\n\t\t<meta name=\"twitter:title\" content=\"Cablu de ambreiaj pentru motobloc cu r\u0103cire cu aer\" \/>\n\t\t<meta name=\"twitter:description\" content=\"Este folosit ca transmisie flexibil\u0103 a for\u021bei c\u0103tre mecanizmul pentru controlul ambreiajului. Datorit acestuia, ambreiajul motoblocului este pornit \u0219i oprit.\" \/>\n\t\t<meta name=\"twitter:image\" content=\"https:\/\/bunuri.md\/wp-content\/uploads\/2022\/10\/logobu.png\" \/>\n\t\t<script type=\"application\/ld+json\" class=\"aioseo-schema\">\n\t\t\t{\"@context\":\"https:\\\/\\\/schema.org\",\"@graph\":[{\"@type\":\"BreadcrumbList\",\"@id\":\"https:\\\/\\\/bunuri.md\\\/ro\\\/shop\\\/cablu-de-ambreiaj-pentru-motobloc-cu-racire-cu-aer\\\/#breadcrumblist\",\"itemListElement\":[{\"@type\":\"ListItem\",\"@id\":\"https:\\\/\\\/bunuri.md\\\/ro\\\/#listItem\",\"position\":1,\"name\":\"Home\",\"item\":\"https:\\\/\\\/bunuri.md\\\/ro\\\/\",\"nextItem\":{\"@type\":\"ListItem\",\"@id\":\"https:\\\/\\\/bunuri.md\\\/ro\\\/shop-2\\\/#listItem\",\"name\":\"Magazin\"}},{\"@type\":\"ListItem\",\"@id\":\"https:\\\/\\\/bunuri.md\\\/ro\\\/shop-2\\\/#listItem\",\"position\":2,\"name\":\"Magazin\",\"item\":\"https:\\\/\\\/bunuri.md\\\/ro\\\/shop-2\\\/\",\"nextItem\":{\"@type\":\"ListItem\",\"@id\":\"https:\\\/\\\/bunuri.md\\\/product-category\\\/uncategorized\\\/#listItem\",\"name\":\"\\u0411\\u0435\\u0437 \\u043a\\u0430\\u0442\\u0435\\u0433\\u043e\\u0440\\u0438\\u0438\"},\"previousItem\":{\"@type\":\"ListItem\",\"@id\":\"https:\\\/\\\/bunuri.md\\\/ro\\\/#listItem\",\"name\":\"Home\"}},{\"@type\":\"ListItem\",\"@id\":\"https:\\\/\\\/bunuri.md\\\/product-category\\\/uncategorized\\\/#listItem\",\"position\":3,\"name\":\"\\u0411\\u0435\\u0437 \\u043a\\u0430\\u0442\\u0435\\u0433\\u043e\\u0440\\u0438\\u0438\",\"item\":\"https:\\\/\\\/bunuri.md\\\/product-category\\\/uncategorized\\\/\",\"nextItem\":{\"@type\":\"ListItem\",\"@id\":\"https:\\\/\\\/bunuri.md\\\/ro\\\/shop\\\/cablu-de-ambreiaj-pentru-motobloc-cu-racire-cu-aer\\\/#listItem\",\"name\":\"Cablu de ambreiaj pentru motobloc cu r\\u0103cire cu aer\"},\"previousItem\":{\"@type\":\"ListItem\",\"@id\":\"https:\\\/\\\/bunuri.md\\\/ro\\\/shop-2\\\/#listItem\",\"name\":\"Magazin\"}},{\"@type\":\"ListItem\",\"@id\":\"https:\\\/\\\/bunuri.md\\\/ro\\\/shop\\\/cablu-de-ambreiaj-pentru-motobloc-cu-racire-cu-aer\\\/#listItem\",\"position\":4,\"name\":\"Cablu de ambreiaj pentru motobloc cu r\\u0103cire cu aer\",\"previousItem\":{\"@type\":\"ListItem\",\"@id\":\"https:\\\/\\\/bunuri.md\\\/product-category\\\/uncategorized\\\/#listItem\",\"name\":\"\\u0411\\u0435\\u0437 \\u043a\\u0430\\u0442\\u0435\\u0433\\u043e\\u0440\\u0438\\u0438\"}}]},{\"@type\":\"ItemPage\",\"@id\":\"https:\\\/\\\/bunuri.md\\\/ro\\\/shop\\\/cablu-de-ambreiaj-pentru-motobloc-cu-racire-cu-aer\\\/#itempage\",\"url\":\"https:\\\/\\\/bunuri.md\\\/ro\\\/shop\\\/cablu-de-ambreiaj-pentru-motobloc-cu-racire-cu-aer\\\/\",\"name\":\"Cablu de ambreiaj pentru motobloc cu r\\u0103cire cu aer\",\"description\":\"Este folosit ca transmisie flexibil\\u0103 a for\\u021bei c\\u0103tre mecanizmul pentru controlul ambreiajului. Datorit acestuia, ambreiajul motoblocului este pornit \\u0219i oprit.\",\"inLanguage\":\"ro-RO\",\"isPartOf\":{\"@id\":\"https:\\\/\\\/bunuri.md\\\/ro\\\/#website\"},\"breadcrumb\":{\"@id\":\"https:\\\/\\\/bunuri.md\\\/ro\\\/shop\\\/cablu-de-ambreiaj-pentru-motobloc-cu-racire-cu-aer\\\/#breadcrumblist\"},\"image\":{\"@type\":\"ImageObject\",\"url\":\"https:\\\/\\\/bunuri.md\\\/wp-content\\\/uploads\\\/2022\\\/09\\\/tros_sceplenia_motobloca.png\",\"@id\":\"https:\\\/\\\/bunuri.md\\\/ro\\\/shop\\\/cablu-de-ambreiaj-pentru-motobloc-cu-racire-cu-aer\\\/#mainImage\",\"width\":600,\"height\":508},\"primaryImageOfPage\":{\"@id\":\"https:\\\/\\\/bunuri.md\\\/ro\\\/shop\\\/cablu-de-ambreiaj-pentru-motobloc-cu-racire-cu-aer\\\/#mainImage\"},\"datePublished\":\"2022-09-18T22:17:45+03:00\",\"dateModified\":\"2023-03-12T22:47:19+03:00\"},{\"@type\":\"Organization\",\"@id\":\"https:\\\/\\\/bunuri.md\\\/ro\\\/#organization\",\"name\":\"\\u00centreprinderea Individual\\u0103 \\\"Buldumac Aliona\\\"\",\"description\":\"\\u0418\\u041f \\u00ab\\u0411\\u0443\\u043b\\u0434\\u0443\\u043c\\u0430\\u043a \\u0410\\u043b\\u0435\\u043d\\u0430\\u00bb - \\u044d\\u0442\\u043e \\u043d\\u0430\\u0434\\u0451\\u0436\\u043d\\u044b\\u0439 \\u0438 \\u043e\\u0440\\u0438\\u0435\\u043d\\u0442\\u0438\\u0440\\u043e\\u0432\\u0430\\u043d\\u043d\\u044b\\u0439 \\u043d\\u0430 \\u043a\\u043b\\u0438\\u0435\\u043d\\u0442\\u0430 \\u0431\\u0438\\u0437\\u043d\\u0435\\u0441, \\u043f\\u0440\\u0435\\u0434\\u043b\\u0430\\u0433\\u0430\\u044e\\u0449\\u0438\\u0439 \\u043a\\u0430\\u0447\\u0435\\u0441\\u0442\\u0432\\u0435\\u043d\\u043d\\u044b\\u0435 \\u0442\\u043e\\u0432\\u0430\\u0440\\u044b, \\u0443\\u0441\\u043b\\u0443\\u0433\\u0438 \\u0441 \\u0430\\u043a\\u0446\\u0435\\u043d\\u0442\\u043e\\u043c \\u043d\\u0430 \\u043f\\u0440\\u0430\\u043a\\u0442\\u0438\\u0447\\u043d\\u043e\\u0441\\u0442\\u044c \\u0438 \\u0447\\u0435\\u0441\\u0442\\u043d\\u044b\\u0439 \\u043f\\u043e\\u0434\\u0445\\u043e\\u0434.\",\"url\":\"https:\\\/\\\/bunuri.md\\\/ro\\\/\",\"email\":\"bunuri.md@gmail.com\",\"telephone\":\"+37379512557\",\"foundingDate\":\"2006-09-27\",\"numberOfEmployees\":{\"@type\":\"QuantitativeValue\",\"minValue\":0,\"maxValue\":4},\"logo\":{\"@type\":\"ImageObject\",\"url\":\"https:\\\/\\\/bunuri.md\\\/wp-content\\\/uploads\\\/2022\\\/08\\\/logo-bunuri.png\",\"@id\":\"https:\\\/\\\/bunuri.md\\\/ro\\\/shop\\\/cablu-de-ambreiaj-pentru-motobloc-cu-racire-cu-aer\\\/#organizationLogo\",\"width\":250,\"height\":250},\"image\":{\"@id\":\"https:\\\/\\\/bunuri.md\\\/ro\\\/shop\\\/cablu-de-ambreiaj-pentru-motobloc-cu-racire-cu-aer\\\/#organizationLogo\"},\"sameAs\":[\"https:\\\/\\\/facebook.com\\\/https:\\\/\\\/www.facebook.com\\\/bunurimag\",\"https:\\\/\\\/x.com\\\/https:\\\/\\\/www.facebook.com\\\/bunurimag\",\"https:\\\/\\\/instagram.com\\\/https:\\\/\\\/www.facebook.com\\\/bunurimag\",\"https:\\\/\\\/pinterest.com\\\/https:\\\/\\\/www.facebook.com\\\/bunurimag\",\"https:\\\/\\\/youtube.com\\\/https:\\\/\\\/www.facebook.com\\\/bunurimag\",\"https:\\\/\\\/linkedin.com\\\/in\\\/https:\\\/\\\/www.facebook.com\\\/bunurimag\",\"https:\\\/\\\/soundcloud.com\\\/https:\\\/\\\/www.facebook.com\\\/bunurimag\"],\"address\":{\"@id\":\"https:\\\/\\\/bunuri.md\\\/ro\\\/#postaladdress\",\"@type\":\"PostalAddress\",\"streetAddress\":\"\\u0420. \\u041c\\u043e\\u043b\\u0434\\u043e\\u0432\\u0430, \\u0433. \\u0425\\u044b\\u043d\\u0447\\u0435\\u0448\\u0442\\u044b\",\"postalCode\":\"3401\",\"addressLocality\":\"\\u0425\\u044b\\u043d\\u0447\\u0435\\u0448\\u0442\\u044b\",\"addressRegion\":\"Moldova\",\"addressCountry\":\"MD\"}},{\"@type\":\"WebPage\",\"@id\":\"https:\\\/\\\/bunuri.md\\\/ro\\\/shop\\\/cablu-de-ambreiaj-pentru-motobloc-cu-racire-cu-aer\\\/#webpage\",\"url\":\"https:\\\/\\\/bunuri.md\\\/ro\\\/shop\\\/cablu-de-ambreiaj-pentru-motobloc-cu-racire-cu-aer\\\/\",\"name\":\"Cablu de ambreiaj pentru motobloc cu r\\u0103cire cu aer\",\"description\":\"Este folosit ca transmisie flexibil\\u0103 a for\\u021bei c\\u0103tre mecanizmul pentru controlul ambreiajului. Datorit acestuia, ambreiajul motoblocului este pornit \\u0219i oprit.\",\"inLanguage\":\"ro-RO\",\"isPartOf\":{\"@id\":\"https:\\\/\\\/bunuri.md\\\/ro\\\/#website\"},\"breadcrumb\":{\"@id\":\"https:\\\/\\\/bunuri.md\\\/ro\\\/shop\\\/cablu-de-ambreiaj-pentru-motobloc-cu-racire-cu-aer\\\/#breadcrumblist\"},\"image\":{\"@type\":\"ImageObject\",\"url\":\"https:\\\/\\\/bunuri.md\\\/wp-content\\\/uploads\\\/2022\\\/09\\\/tros_sceplenia_motobloca.png\",\"@id\":\"https:\\\/\\\/bunuri.md\\\/ro\\\/shop\\\/cablu-de-ambreiaj-pentru-motobloc-cu-racire-cu-aer\\\/#mainImage\",\"width\":600,\"height\":508},\"primaryImageOfPage\":{\"@id\":\"https:\\\/\\\/bunuri.md\\\/ro\\\/shop\\\/cablu-de-ambreiaj-pentru-motobloc-cu-racire-cu-aer\\\/#mainImage\"},\"datePublished\":\"2022-09-18T22:17:45+03:00\",\"dateModified\":\"2023-03-12T22:47:19+03:00\"},{\"@type\":\"WebSite\",\"@id\":\"https:\\\/\\\/bunuri.md\\\/ro\\\/#website\",\"url\":\"https:\\\/\\\/bunuri.md\\\/ro\\\/\",\"name\":\"www.bunuri.md\",\"alternateName\":\"bunuri.md\",\"description\":\"Bunuri.md este un magazin online care livreaz\\u0103 \\u0219i comercializeaz\\u0103 o gam\\u0103 larg\\u0103 de m\\u0103rfuri de diverse categorii pe \\u00eentreg teritoriul Republicii Moldova.\",\"inLanguage\":\"ro-RO\",\"publisher\":{\"@id\":\"https:\\\/\\\/bunuri.md\\\/ro\\\/#organization\"}}]}\n\t\t<\/script>\n\t\t<!-- All in One SEO Pro -->\r\n\t\t<title>Cablu de ambreiaj pentru motobloc cu r\u0103cire cu aer<\/title>\n\n","aioseo_head_json":{"title":"Cablu de ambreiaj pentru motobloc cu r\u0103cire cu aer","description":"Este folosit ca transmisie flexibil\u0103 a for\u021bei c\u0103tre mecanizmul pentru controlul ambreiajului. Datorit acestuia, ambreiajul motoblocului este pornit \u0219i oprit.","canonical_url":"https:\/\/bunuri.md\/ro\/shop\/cablu-de-ambreiaj-pentru-motobloc-cu-racire-cu-aer\/","robots":"max-image-preview:large","keywords":"","webmasterTools":{"miscellaneous":""},"schema":{"@context":"https:\/\/schema.org","@graph":[{"@type":"BreadcrumbList","@id":"https:\/\/bunuri.md\/ro\/shop\/cablu-de-ambreiaj-pentru-motobloc-cu-racire-cu-aer\/#breadcrumblist","itemListElement":[{"@type":"ListItem","@id":"https:\/\/bunuri.md\/ro\/#listItem","position":1,"name":"Home","item":"https:\/\/bunuri.md\/ro\/","nextItem":{"@type":"ListItem","@id":"https:\/\/bunuri.md\/ro\/shop-2\/#listItem","name":"Magazin"}},{"@type":"ListItem","@id":"https:\/\/bunuri.md\/ro\/shop-2\/#listItem","position":2,"name":"Magazin","item":"https:\/\/bunuri.md\/ro\/shop-2\/","nextItem":{"@type":"ListItem","@id":"https:\/\/bunuri.md\/product-category\/uncategorized\/#listItem","name":"\u0411\u0435\u0437 \u043a\u0430\u0442\u0435\u0433\u043e\u0440\u0438\u0438"},"previousItem":{"@type":"ListItem","@id":"https:\/\/bunuri.md\/ro\/#listItem","name":"Home"}},{"@type":"ListItem","@id":"https:\/\/bunuri.md\/product-category\/uncategorized\/#listItem","position":3,"name":"\u0411\u0435\u0437 \u043a\u0430\u0442\u0435\u0433\u043e\u0440\u0438\u0438","item":"https:\/\/bunuri.md\/product-category\/uncategorized\/","nextItem":{"@type":"ListItem","@id":"https:\/\/bunuri.md\/ro\/shop\/cablu-de-ambreiaj-pentru-motobloc-cu-racire-cu-aer\/#listItem","name":"Cablu de ambreiaj pentru motobloc cu r\u0103cire cu aer"},"previousItem":{"@type":"ListItem","@id":"https:\/\/bunuri.md\/ro\/shop-2\/#listItem","name":"Magazin"}},{"@type":"ListItem","@id":"https:\/\/bunuri.md\/ro\/shop\/cablu-de-ambreiaj-pentru-motobloc-cu-racire-cu-aer\/#listItem","position":4,"name":"Cablu de ambreiaj pentru motobloc cu r\u0103cire cu aer","previousItem":{"@type":"ListItem","@id":"https:\/\/bunuri.md\/product-category\/uncategorized\/#listItem","name":"\u0411\u0435\u0437 \u043a\u0430\u0442\u0435\u0433\u043e\u0440\u0438\u0438"}}]},{"@type":"ItemPage","@id":"https:\/\/bunuri.md\/ro\/shop\/cablu-de-ambreiaj-pentru-motobloc-cu-racire-cu-aer\/#itempage","url":"https:\/\/bunuri.md\/ro\/shop\/cablu-de-ambreiaj-pentru-motobloc-cu-racire-cu-aer\/","name":"Cablu de ambreiaj pentru motobloc cu r\u0103cire cu aer","description":"Este folosit ca transmisie flexibil\u0103 a for\u021bei c\u0103tre mecanizmul pentru controlul ambreiajului. Datorit acestuia, ambreiajul motoblocului este pornit \u0219i oprit.","inLanguage":"ro-RO","isPartOf":{"@id":"https:\/\/bunuri.md\/ro\/#website"},"breadcrumb":{"@id":"https:\/\/bunuri.md\/ro\/shop\/cablu-de-ambreiaj-pentru-motobloc-cu-racire-cu-aer\/#breadcrumblist"},"image":{"@type":"ImageObject","url":"https:\/\/bunuri.md\/wp-content\/uploads\/2022\/09\/tros_sceplenia_motobloca.png","@id":"https:\/\/bunuri.md\/ro\/shop\/cablu-de-ambreiaj-pentru-motobloc-cu-racire-cu-aer\/#mainImage","width":600,"height":508},"primaryImageOfPage":{"@id":"https:\/\/bunuri.md\/ro\/shop\/cablu-de-ambreiaj-pentru-motobloc-cu-racire-cu-aer\/#mainImage"},"datePublished":"2022-09-18T22:17:45+03:00","dateModified":"2023-03-12T22:47:19+03:00"},{"@type":"Organization","@id":"https:\/\/bunuri.md\/ro\/#organization","name":"\u00centreprinderea Individual\u0103 \"Buldumac Aliona\"","description":"\u0418\u041f \u00ab\u0411\u0443\u043b\u0434\u0443\u043c\u0430\u043a \u0410\u043b\u0435\u043d\u0430\u00bb - \u044d\u0442\u043e \u043d\u0430\u0434\u0451\u0436\u043d\u044b\u0439 \u0438 \u043e\u0440\u0438\u0435\u043d\u0442\u0438\u0440\u043e\u0432\u0430\u043d\u043d\u044b\u0439 \u043d\u0430 \u043a\u043b\u0438\u0435\u043d\u0442\u0430 \u0431\u0438\u0437\u043d\u0435\u0441, \u043f\u0440\u0435\u0434\u043b\u0430\u0433\u0430\u044e\u0449\u0438\u0439 \u043a\u0430\u0447\u0435\u0441\u0442\u0432\u0435\u043d\u043d\u044b\u0435 \u0442\u043e\u0432\u0430\u0440\u044b, \u0443\u0441\u043b\u0443\u0433\u0438 \u0441 \u0430\u043a\u0446\u0435\u043d\u0442\u043e\u043c \u043d\u0430 \u043f\u0440\u0430\u043a\u0442\u0438\u0447\u043d\u043e\u0441\u0442\u044c \u0438 \u0447\u0435\u0441\u0442\u043d\u044b\u0439 \u043f\u043e\u0434\u0445\u043e\u0434.","url":"https:\/\/bunuri.md\/ro\/","email":"bunuri.md@gmail.com","telephone":"+37379512557","foundingDate":"2006-09-27","numberOfEmployees":{"@type":"QuantitativeValue","minValue":0,"maxValue":4},"logo":{"@type":"ImageObject","url":"https:\/\/bunuri.md\/wp-content\/uploads\/2022\/08\/logo-bunuri.png","@id":"https:\/\/bunuri.md\/ro\/shop\/cablu-de-ambreiaj-pentru-motobloc-cu-racire-cu-aer\/#organizationLogo","width":250,"height":250},"image":{"@id":"https:\/\/bunuri.md\/ro\/shop\/cablu-de-ambreiaj-pentru-motobloc-cu-racire-cu-aer\/#organizationLogo"},"sameAs":["https:\/\/facebook.com\/https:\/\/www.facebook.com\/bunurimag","https:\/\/x.com\/https:\/\/www.facebook.com\/bunurimag","https:\/\/instagram.com\/https:\/\/www.facebook.com\/bunurimag","https:\/\/pinterest.com\/https:\/\/www.facebook.com\/bunurimag","https:\/\/youtube.com\/https:\/\/www.facebook.com\/bunurimag","https:\/\/linkedin.com\/in\/https:\/\/www.facebook.com\/bunurimag","https:\/\/soundcloud.com\/https:\/\/www.facebook.com\/bunurimag"],"address":{"@id":"https:\/\/bunuri.md\/ro\/#postaladdress","@type":"PostalAddress","streetAddress":"\u0420. \u041c\u043e\u043b\u0434\u043e\u0432\u0430, \u0433. \u0425\u044b\u043d\u0447\u0435\u0448\u0442\u044b","postalCode":"3401","addressLocality":"\u0425\u044b\u043d\u0447\u0435\u0448\u0442\u044b","addressRegion":"Moldova","addressCountry":"MD"}},{"@type":"WebPage","@id":"https:\/\/bunuri.md\/ro\/shop\/cablu-de-ambreiaj-pentru-motobloc-cu-racire-cu-aer\/#webpage","url":"https:\/\/bunuri.md\/ro\/shop\/cablu-de-ambreiaj-pentru-motobloc-cu-racire-cu-aer\/","name":"Cablu de ambreiaj pentru motobloc cu r\u0103cire cu aer","description":"Este folosit ca transmisie flexibil\u0103 a for\u021bei c\u0103tre mecanizmul pentru controlul ambreiajului. Datorit acestuia, ambreiajul motoblocului este pornit \u0219i oprit.","inLanguage":"ro-RO","isPartOf":{"@id":"https:\/\/bunuri.md\/ro\/#website"},"breadcrumb":{"@id":"https:\/\/bunuri.md\/ro\/shop\/cablu-de-ambreiaj-pentru-motobloc-cu-racire-cu-aer\/#breadcrumblist"},"image":{"@type":"ImageObject","url":"https:\/\/bunuri.md\/wp-content\/uploads\/2022\/09\/tros_sceplenia_motobloca.png","@id":"https:\/\/bunuri.md\/ro\/shop\/cablu-de-ambreiaj-pentru-motobloc-cu-racire-cu-aer\/#mainImage","width":600,"height":508},"primaryImageOfPage":{"@id":"https:\/\/bunuri.md\/ro\/shop\/cablu-de-ambreiaj-pentru-motobloc-cu-racire-cu-aer\/#mainImage"},"datePublished":"2022-09-18T22:17:45+03:00","dateModified":"2023-03-12T22:47:19+03:00"},{"@type":"WebSite","@id":"https:\/\/bunuri.md\/ro\/#website","url":"https:\/\/bunuri.md\/ro\/","name":"www.bunuri.md","alternateName":"bunuri.md","description":"Bunuri.md este un magazin online care livreaz\u0103 \u0219i comercializeaz\u0103 o gam\u0103 larg\u0103 de m\u0103rfuri de diverse categorii pe \u00eentreg teritoriul Republicii Moldova.","inLanguage":"ro-RO","publisher":{"@id":"https:\/\/bunuri.md\/ro\/#organization"}}]},"og:locale":"ro_RO","og:site_name":"\u0418\u043d\u0442\u0435\u0440\u043d\u0435\u0442 \u043c\u0430\u0433\u0430\u0437\u0438\u043d \u041c\u043e\u043b\u0434\u043e\u0432\u0430 | Bunuri.md este un magazin online care livreaz\u0103 \u0219i comercializeaz\u0103 o gam\u0103 larg\u0103 de m\u0103rfuri de diverse categorii pe \u00eentreg teritoriul Republicii Moldova.","og:type":"article","og:title":"Cablu de ambreiaj pentru motobloc cu r\u0103cire cu aer","og:description":"Este folosit ca transmisie flexibil\u0103 a for\u021bei c\u0103tre mecanizmul pentru controlul ambreiajului. Datorit acestuia, ambreiajul motoblocului este pornit \u0219i oprit.","og:url":"https:\/\/bunuri.md\/ro\/shop\/cablu-de-ambreiaj-pentru-motobloc-cu-racire-cu-aer\/","og:image":"https:\/\/bunuri.md\/wp-content\/uploads\/2022\/10\/logobu.png","og:image:secure_url":"https:\/\/bunuri.md\/wp-content\/uploads\/2022\/10\/logobu.png","og:image:width":200,"og:image:height":200,"article:published_time":"2022-09-19T09:53:37+00:00","article:modified_time":"2023-03-12T19:47:19+00:00","article:publisher":"https:\/\/facebook.com\/https:\/\/www.facebook.com\/bunurimag","twitter:card":"summary","twitter:site":"@https:","twitter:title":"Cablu de ambreiaj pentru motobloc cu r\u0103cire cu aer","twitter:description":"Este folosit ca transmisie flexibil\u0103 a for\u021bei c\u0103tre mecanizmul pentru controlul ambreiajului. Datorit acestuia, ambreiajul motoblocului este pornit \u0219i oprit.","twitter:image":"https:\/\/bunuri.md\/wp-content\/uploads\/2022\/10\/logobu.png"},"aioseo_meta_data":{"post_id":"5501","title":"Cablu de ambreiaj pentru motobloc cu r\u0103cire cu aer","description":"Este folosit ca transmisie flexibil\u0103 a for\u021bei c\u0103tre mecanizmul pentru controlul ambreiajului. Datorit acestuia, ambreiajul motoblocului este pornit \u0219i oprit.","keywords":[],"keyphrases":{"focus":{"keyphrase":"","score":0,"analysis":{"keyphraseInTitle":{"score":0,"maxScore":9,"error":1}}},"additional":[]},"primary_term":null,"canonical_url":null,"og_title":null,"og_description":null,"og_object_type":"default","og_image_type":"default","og_image_url":null,"og_image_width":null,"og_image_height":null,"og_image_custom_url":null,"og_image_custom_fields":null,"og_video":"","og_custom_url":null,"og_article_section":null,"og_article_tags":[],"twitter_use_og":false,"twitter_card":"default","twitter_image_type":"default","twitter_image_url":null,"twitter_image_custom_url":null,"twitter_image_custom_fields":null,"twitter_title":null,"twitter_description":null,"schema":{"blockGraphs":[],"customGraphs":[],"default":{"data":{"Article":[],"Course":[],"Dataset":[],"FAQPage":[],"Movie":[],"Person":[],"Product":[],"ProductReview":[],"Car":[],"Recipe":[],"Service":[],"SoftwareApplication":[],"WebPage":[]},"graphName":"ItemPage","isEnabled":true},"graphs":[]},"schema_type":"default","schema_type_options":null,"pillar_content":false,"robots_default":true,"robots_noindex":false,"robots_noarchive":false,"robots_nosnippet":false,"robots_nofollow":false,"robots_noimageindex":false,"robots_noodp":false,"robots_notranslate":false,"robots_max_snippet":"-1","robots_max_videopreview":"-1","robots_max_imagepreview":"large","priority":null,"frequency":"default","local_seo":null,"seo_analyzer_scan_date":null,"breadcrumb_settings":null,"limit_modified_date":false,"reviewed_by":null,"open_ai":null,"ai":null,"created":"2022-09-19 09:44:31","updated":"2025-05-30 04:32:07"},"aioseo_breadcrumb":"<div class=\"aioseo-breadcrumbs\"><span class=\"aioseo-breadcrumb\">\n\t<a href=\"https:\/\/bunuri.md\/ro\/\" title=\"Home\">Home<\/a>\n<\/span><span class=\"aioseo-breadcrumb-separator\">\u00bb<\/span><span class=\"aioseo-breadcrumb\">\n\t<a href=\"https:\/\/bunuri.md\/ro\/shop-2\/\" title=\"Magazin\">Magazin<\/a>\n<\/span><span class=\"aioseo-breadcrumb-separator\">\u00bb<\/span><span class=\"aioseo-breadcrumb\">\n\t<a href=\"https:\/\/bunuri.md\/product-category\/uncategorized\/\" title=\"\u0411\u0435\u0437 \u043a\u0430\u0442\u0435\u0433\u043e\u0440\u0438\u0438\">\u0411\u0435\u0437 \u043a\u0430\u0442\u0435\u0433\u043e\u0440\u0438\u0438<\/a>\n<\/span><span class=\"aioseo-breadcrumb-separator\">\u00bb<\/span><span class=\"aioseo-breadcrumb\">\n\tCablu de ambreiaj pentru motobloc cu r\u0103cire cu aer\n<\/span><\/div>","aioseo_breadcrumb_json":[{"label":"Home","link":"https:\/\/bunuri.md\/ro\/"},{"label":"Magazin","link":"https:\/\/bunuri.md\/ro\/shop-2\/"},{"label":"\u0411\u0435\u0437 \u043a\u0430\u0442\u0435\u0433\u043e\u0440\u0438\u0438","link":"https:\/\/bunuri.md\/product-category\/uncategorized\/"},{"label":"Cablu de ambreiaj pentru motobloc cu r\u0103cire cu aer","link":"https:\/\/bunuri.md\/ro\/shop\/cablu-de-ambreiaj-pentru-motobloc-cu-racire-cu-aer\/"}],"brands":[],"_links":{"self":[{"href":"https:\/\/bunuri.md\/ro\/wp-json\/wp\/v2\/product\/5501","targetHints":{"allow":["GET"]}}],"collection":[{"href":"https:\/\/bunuri.md\/ro\/wp-json\/wp\/v2\/product"}],"about":[{"href":"https:\/\/bunuri.md\/ro\/wp-json\/wp\/v2\/types\/product"}],"replies":[{"embeddable":true,"href":"https:\/\/bunuri.md\/ro\/wp-json\/wp\/v2\/comments?post=5501"}],"wp:featuredmedia":[{"embeddable":true,"href":"https:\/\/bunuri.md\/ro\/wp-json\/wp\/v2\/media\/5492"}],"wp:attachment":[{"href":"https:\/\/bunuri.md\/ro\/wp-json\/wp\/v2\/media?parent=5501"}],"wp:term":[{"taxonomy":"pwb-brand","embeddable":true,"href":"https:\/\/bunuri.md\/ro\/wp-json\/wp\/v2\/pwb-brand?post=5501"},{"taxonomy":"product_brand","embeddable":true,"href":"https:\/\/bunuri.md\/ro\/wp-json\/wp\/v2\/product_brand?post=5501"},{"taxonomy":"product_cat","embeddable":true,"href":"https:\/\/bunuri.md\/ro\/wp-json\/wp\/v2\/product_cat?post=5501"},{"taxonomy":"product_tag","embeddable":true,"href":"https:\/\/bunuri.md\/ro\/wp-json\/wp\/v2\/product_tag?post=5501"}],"curies":[{"name":"wp","href":"https:\/\/api.w.org\/{rel}","templated":true}]}}