{"id":5512,"date":"2022-09-21T21:27:24","date_gmt":"2022-09-21T18:42:18","guid":{"rendered":"https:\/\/bunuri.md\/?post_type=product&#038;p=5512"},"modified":"2025-03-18T01:14:40","modified_gmt":"2025-03-17T22:14:40","slug":"motor-diesel-dd1135ve-putere-maxima-380-c-p","status":"publish","type":"product","link":"https:\/\/bunuri.md\/ro\/shop\/motor-diesel-dd1135ve-putere-maxima-380-c-p\/","title":{"rendered":"Motor diesel DD1135VE putere maxima 38,0 C. P."},"content":{"rendered":"<p>Motor diesel DD1135VE cu o putere maxim\u0103 de 38 CP.<br \/>\nConstruc\u021bia modern\u0103 a acestui motor, contribuie la reducerea probabilit\u0103\u021bii de deformare a cilindrului \u0219i la durabilitatea acestuia. Motorul este un analog complet al unor motoare precum Weima, Kama, Zubr \u0219i este fabricat \u00een conformitate cu standardele \u0219i tehnologiile europene. Caracteristicile distinctive ale acestui motor sunt: durata de via\u021b\u0103 mai lung\u0103, eficien\u021ba \u0219i calitatea \u00eenalt\u0103 a tuturor componentelor.<br \/>\nDac\u0103 v\u0103 decide\u021bi s\u0103 cump\u0103ra\u021bi un motor din magazinul nostru online, ave\u021bi garan\u021bia c\u0103 ve\u021bi primi un motor original cu o garan\u021bie oficial\u0103 de 12 luni. <a href=\"https:\/\/bunuri.md\/ro\/product-category\/minitractoare\/\">Acest motor poate fi utilizat pe alte m\u0103rci de mini-tractoare, m\u0103rind astfel puterea unit\u0103\u021bii.<\/a><\/p>\n<p>Caracteristici principale:<\/p>\n<p>Tip motor: 4 timpi<br \/>\nTip de combustibil: Diesel<br \/>\nSistem de pornire: Demaror manual\/electric<br \/>\nPutere maxim\u0103: 38,0 CP.<br \/>\nCapacitate cilindric\u0103: 1640cc<\/p>\n","protected":false},"excerpt":{"rendered":"<p>Motor diesel DD1135VE cu o putere maxim\u0103 de 38 CP. Construc\u021bia modern\u0103 a acestui motor, contribuie la reducerea probabilit\u0103\u021bii de deformare a cilindrului \u0219i la durabilitatea acestuia. Motorul este un analog complet al unor motoare precum Weima, Kama, Zubr \u0219i este fabricat \u00een conformitate cu standardele \u0219i tehnologiile europene. Caracteristicile distinctive ale acestui motor sunt:&#8230;<\/p>\n","protected":false},"featured_media":5509,"comment_status":"open","ping_status":"closed","template":"","meta":{"om_disable_all_campaigns":false},"pwb-brand":[],"product_brand":[],"product_cat":[388],"product_tag":[],"class_list":{"0":"post-5512","1":"product","2":"type-product","3":"status-publish","4":"has-post-thumbnail","6":"product_cat-motoare","8":"first","9":"instock","10":"product-type-simple"},"aioseo_notices":[],"aioseo_head":"\n\t\t<!-- All in One SEO Pro 4.9.6.2 - aioseo.com -->\n\t<meta name=\"description\" content=\"Caracteristicile distinctive ale acestui motor sunt: \u200b\u200bresurse crescute ale motorului, eficien\u021ba \u0219i calitatea ridicat\u0103 a construc\u021biei tuturor componentelor.\" \/>\n\t<meta name=\"robots\" content=\"max-image-preview:large\" \/>\n\t<link rel=\"canonical\" href=\"https:\/\/bunuri.md\/ro\/shop\/motor-diesel-dd1135ve-putere-maxima-380-c-p\/\" \/>\n\t<meta name=\"generator\" content=\"All in One SEO Pro (AIOSEO) 4.9.6.2\" \/>\n\t\t<meta property=\"og:locale\" content=\"ro_RO\" \/>\n\t\t<meta property=\"og:site_name\" content=\"\u0418\u043d\u0442\u0435\u0440\u043d\u0435\u0442 \u043c\u0430\u0433\u0430\u0437\u0438\u043d \u041c\u043e\u043b\u0434\u043e\u0432\u0430 | Bunuri.md este un magazin online care livreaz\u0103 \u0219i comercializeaz\u0103 o gam\u0103 larg\u0103 de m\u0103rfuri de diverse categorii pe \u00eentreg teritoriul Republicii Moldova.\" \/>\n\t\t<meta property=\"og:type\" content=\"article\" \/>\n\t\t<meta property=\"og:title\" content=\"Motor diesel DD1135VE putere maxima 38,0 C. P.\" \/>\n\t\t<meta property=\"og:description\" content=\"Caracteristicile distinctive ale acestui motor sunt: \u200b\u200bresurse crescute ale motorului, eficien\u021ba \u0219i calitatea ridicat\u0103 a construc\u021biei tuturor componentelor.\" \/>\n\t\t<meta property=\"og:url\" content=\"https:\/\/bunuri.md\/ro\/shop\/motor-diesel-dd1135ve-putere-maxima-380-c-p\/\" \/>\n\t\t<meta property=\"og:image\" content=\"https:\/\/bunuri.md\/wp-content\/uploads\/2022\/10\/logobu.png\" \/>\n\t\t<meta property=\"og:image:secure_url\" content=\"https:\/\/bunuri.md\/wp-content\/uploads\/2022\/10\/logobu.png\" \/>\n\t\t<meta property=\"og:image:width\" content=\"200\" \/>\n\t\t<meta property=\"og:image:height\" content=\"200\" \/>\n\t\t<meta property=\"article:published_time\" content=\"2022-09-21T18:42:18+00:00\" \/>\n\t\t<meta property=\"article:modified_time\" content=\"2025-03-17T22:14:40+00:00\" \/>\n\t\t<meta property=\"article:publisher\" content=\"https:\/\/facebook.com\/https:\/\/www.facebook.com\/bunurimag\" \/>\n\t\t<meta name=\"twitter:card\" content=\"summary\" \/>\n\t\t<meta name=\"twitter:site\" content=\"@https:\" \/>\n\t\t<meta name=\"twitter:title\" content=\"Motor diesel DD1135VE putere maxima 38,0 C. P.\" \/>\n\t\t<meta name=\"twitter:description\" content=\"Caracteristicile distinctive ale acestui motor sunt: \u200b\u200bresurse crescute ale motorului, eficien\u021ba \u0219i calitatea ridicat\u0103 a construc\u021biei tuturor componentelor.\" \/>\n\t\t<meta name=\"twitter:image\" content=\"https:\/\/bunuri.md\/wp-content\/uploads\/2022\/10\/logobu.png\" \/>\n\t\t<script type=\"application\/ld+json\" class=\"aioseo-schema\">\n\t\t\t{\"@context\":\"https:\\\/\\\/schema.org\",\"@graph\":[{\"@type\":\"BreadcrumbList\",\"@id\":\"https:\\\/\\\/bunuri.md\\\/ro\\\/shop\\\/motor-diesel-dd1135ve-putere-maxima-380-c-p\\\/#breadcrumblist\",\"itemListElement\":[{\"@type\":\"ListItem\",\"@id\":\"https:\\\/\\\/bunuri.md\\\/ro\\\/#listItem\",\"position\":1,\"name\":\"Home\",\"item\":\"https:\\\/\\\/bunuri.md\\\/ro\\\/\",\"nextItem\":{\"@type\":\"ListItem\",\"@id\":\"https:\\\/\\\/bunuri.md\\\/ro\\\/shop-2\\\/#listItem\",\"name\":\"Magazin\"}},{\"@type\":\"ListItem\",\"@id\":\"https:\\\/\\\/bunuri.md\\\/ro\\\/shop-2\\\/#listItem\",\"position\":2,\"name\":\"Magazin\",\"item\":\"https:\\\/\\\/bunuri.md\\\/ro\\\/shop-2\\\/\",\"nextItem\":{\"@type\":\"ListItem\",\"@id\":\"https:\\\/\\\/bunuri.md\\\/ro\\\/product-category\\\/motoare\\\/#listItem\",\"name\":\"\\u041c\\u043e\\u0442\\u043e\\u0430\\u0440\\u0435 pentru motoblocuri, mini tractoare\"},\"previousItem\":{\"@type\":\"ListItem\",\"@id\":\"https:\\\/\\\/bunuri.md\\\/ro\\\/#listItem\",\"name\":\"Home\"}},{\"@type\":\"ListItem\",\"@id\":\"https:\\\/\\\/bunuri.md\\\/ro\\\/product-category\\\/motoare\\\/#listItem\",\"position\":3,\"name\":\"\\u041c\\u043e\\u0442\\u043e\\u0430\\u0440\\u0435 pentru motoblocuri, mini tractoare\",\"item\":\"https:\\\/\\\/bunuri.md\\\/ro\\\/product-category\\\/motoare\\\/\",\"nextItem\":{\"@type\":\"ListItem\",\"@id\":\"https:\\\/\\\/bunuri.md\\\/ro\\\/shop\\\/motor-diesel-dd1135ve-putere-maxima-380-c-p\\\/#listItem\",\"name\":\"Motor diesel DD1135VE putere maxima 38,0 C. P.\"},\"previousItem\":{\"@type\":\"ListItem\",\"@id\":\"https:\\\/\\\/bunuri.md\\\/ro\\\/shop-2\\\/#listItem\",\"name\":\"Magazin\"}},{\"@type\":\"ListItem\",\"@id\":\"https:\\\/\\\/bunuri.md\\\/ro\\\/shop\\\/motor-diesel-dd1135ve-putere-maxima-380-c-p\\\/#listItem\",\"position\":4,\"name\":\"Motor diesel DD1135VE putere maxima 38,0 C. P.\",\"previousItem\":{\"@type\":\"ListItem\",\"@id\":\"https:\\\/\\\/bunuri.md\\\/ro\\\/product-category\\\/motoare\\\/#listItem\",\"name\":\"\\u041c\\u043e\\u0442\\u043e\\u0430\\u0440\\u0435 pentru motoblocuri, mini tractoare\"}}]},{\"@type\":\"ItemPage\",\"@id\":\"https:\\\/\\\/bunuri.md\\\/ro\\\/shop\\\/motor-diesel-dd1135ve-putere-maxima-380-c-p\\\/#itempage\",\"url\":\"https:\\\/\\\/bunuri.md\\\/ro\\\/shop\\\/motor-diesel-dd1135ve-putere-maxima-380-c-p\\\/\",\"name\":\"Motor diesel DD1135VE putere maxima 38,0 C. P.\",\"description\":\"Caracteristicile distinctive ale acestui motor sunt: \\u200b\\u200bresurse crescute ale motorului, eficien\\u021ba \\u0219i calitatea ridicat\\u0103 a construc\\u021biei tuturor componentelor.\",\"inLanguage\":\"ro-RO\",\"isPartOf\":{\"@id\":\"https:\\\/\\\/bunuri.md\\\/ro\\\/#website\"},\"breadcrumb\":{\"@id\":\"https:\\\/\\\/bunuri.md\\\/ro\\\/shop\\\/motor-diesel-dd1135ve-putere-maxima-380-c-p\\\/#breadcrumblist\"},\"image\":{\"@type\":\"ImageObject\",\"url\":\"https:\\\/\\\/bunuri.md\\\/wp-content\\\/uploads\\\/2022\\\/09\\\/zh1135.png\",\"@id\":\"https:\\\/\\\/bunuri.md\\\/ro\\\/shop\\\/motor-diesel-dd1135ve-putere-maxima-380-c-p\\\/#mainImage\",\"width\":600,\"height\":551},\"primaryImageOfPage\":{\"@id\":\"https:\\\/\\\/bunuri.md\\\/ro\\\/shop\\\/motor-diesel-dd1135ve-putere-maxima-380-c-p\\\/#mainImage\"},\"datePublished\":\"2022-09-21T21:27:24+03:00\",\"dateModified\":\"2025-03-18T01:14:40+03:00\"},{\"@type\":\"Organization\",\"@id\":\"https:\\\/\\\/bunuri.md\\\/ro\\\/#organization\",\"name\":\"\\u00centreprinderea Individual\\u0103 \\\"Buldumac Aliona\\\"\",\"description\":\"\\u0418\\u041f \\u00ab\\u0411\\u0443\\u043b\\u0434\\u0443\\u043c\\u0430\\u043a \\u0410\\u043b\\u0435\\u043d\\u0430\\u00bb - \\u044d\\u0442\\u043e \\u043d\\u0430\\u0434\\u0451\\u0436\\u043d\\u044b\\u0439 \\u0438 \\u043e\\u0440\\u0438\\u0435\\u043d\\u0442\\u0438\\u0440\\u043e\\u0432\\u0430\\u043d\\u043d\\u044b\\u0439 \\u043d\\u0430 \\u043a\\u043b\\u0438\\u0435\\u043d\\u0442\\u0430 \\u0431\\u0438\\u0437\\u043d\\u0435\\u0441, \\u043f\\u0440\\u0435\\u0434\\u043b\\u0430\\u0433\\u0430\\u044e\\u0449\\u0438\\u0439 \\u043a\\u0430\\u0447\\u0435\\u0441\\u0442\\u0432\\u0435\\u043d\\u043d\\u044b\\u0435 \\u0442\\u043e\\u0432\\u0430\\u0440\\u044b, \\u0443\\u0441\\u043b\\u0443\\u0433\\u0438 \\u0441 \\u0430\\u043a\\u0446\\u0435\\u043d\\u0442\\u043e\\u043c \\u043d\\u0430 \\u043f\\u0440\\u0430\\u043a\\u0442\\u0438\\u0447\\u043d\\u043e\\u0441\\u0442\\u044c \\u0438 \\u0447\\u0435\\u0441\\u0442\\u043d\\u044b\\u0439 \\u043f\\u043e\\u0434\\u0445\\u043e\\u0434.\",\"url\":\"https:\\\/\\\/bunuri.md\\\/ro\\\/\",\"email\":\"bunuri.md@gmail.com\",\"telephone\":\"+37379512557\",\"foundingDate\":\"2006-09-27\",\"numberOfEmployees\":{\"@type\":\"QuantitativeValue\",\"minValue\":0,\"maxValue\":4},\"logo\":{\"@type\":\"ImageObject\",\"url\":\"https:\\\/\\\/bunuri.md\\\/wp-content\\\/uploads\\\/2022\\\/08\\\/logo-bunuri.png\",\"@id\":\"https:\\\/\\\/bunuri.md\\\/ro\\\/shop\\\/motor-diesel-dd1135ve-putere-maxima-380-c-p\\\/#organizationLogo\",\"width\":250,\"height\":250},\"image\":{\"@id\":\"https:\\\/\\\/bunuri.md\\\/ro\\\/shop\\\/motor-diesel-dd1135ve-putere-maxima-380-c-p\\\/#organizationLogo\"},\"sameAs\":[\"https:\\\/\\\/facebook.com\\\/https:\\\/\\\/www.facebook.com\\\/bunurimag\",\"https:\\\/\\\/x.com\\\/https:\\\/\\\/www.facebook.com\\\/bunurimag\",\"https:\\\/\\\/instagram.com\\\/https:\\\/\\\/www.facebook.com\\\/bunurimag\",\"https:\\\/\\\/pinterest.com\\\/https:\\\/\\\/www.facebook.com\\\/bunurimag\",\"https:\\\/\\\/youtube.com\\\/https:\\\/\\\/www.facebook.com\\\/bunurimag\",\"https:\\\/\\\/linkedin.com\\\/in\\\/https:\\\/\\\/www.facebook.com\\\/bunurimag\",\"https:\\\/\\\/soundcloud.com\\\/https:\\\/\\\/www.facebook.com\\\/bunurimag\"],\"address\":{\"@id\":\"https:\\\/\\\/bunuri.md\\\/ro\\\/#postaladdress\",\"@type\":\"PostalAddress\",\"streetAddress\":\"\\u0420. \\u041c\\u043e\\u043b\\u0434\\u043e\\u0432\\u0430, \\u0433. \\u0425\\u044b\\u043d\\u0447\\u0435\\u0448\\u0442\\u044b\",\"postalCode\":\"3401\",\"addressLocality\":\"\\u0425\\u044b\\u043d\\u0447\\u0435\\u0448\\u0442\\u044b\",\"addressRegion\":\"Moldova\",\"addressCountry\":\"MD\"}},{\"@type\":\"WebPage\",\"@id\":\"https:\\\/\\\/bunuri.md\\\/ro\\\/shop\\\/motor-diesel-dd1135ve-putere-maxima-380-c-p\\\/#webpage\",\"url\":\"https:\\\/\\\/bunuri.md\\\/ro\\\/shop\\\/motor-diesel-dd1135ve-putere-maxima-380-c-p\\\/\",\"name\":\"Motor diesel DD1135VE putere maxima 38,0 C. P.\",\"description\":\"Caracteristicile distinctive ale acestui motor sunt: \\u200b\\u200bresurse crescute ale motorului, eficien\\u021ba \\u0219i calitatea ridicat\\u0103 a construc\\u021biei tuturor componentelor.\",\"inLanguage\":\"ro-RO\",\"isPartOf\":{\"@id\":\"https:\\\/\\\/bunuri.md\\\/ro\\\/#website\"},\"breadcrumb\":{\"@id\":\"https:\\\/\\\/bunuri.md\\\/ro\\\/shop\\\/motor-diesel-dd1135ve-putere-maxima-380-c-p\\\/#breadcrumblist\"},\"image\":{\"@type\":\"ImageObject\",\"url\":\"https:\\\/\\\/bunuri.md\\\/wp-content\\\/uploads\\\/2022\\\/09\\\/zh1135.png\",\"@id\":\"https:\\\/\\\/bunuri.md\\\/ro\\\/shop\\\/motor-diesel-dd1135ve-putere-maxima-380-c-p\\\/#mainImage\",\"width\":600,\"height\":551},\"primaryImageOfPage\":{\"@id\":\"https:\\\/\\\/bunuri.md\\\/ro\\\/shop\\\/motor-diesel-dd1135ve-putere-maxima-380-c-p\\\/#mainImage\"},\"datePublished\":\"2022-09-21T21:27:24+03:00\",\"dateModified\":\"2025-03-18T01:14:40+03:00\"},{\"@type\":\"WebSite\",\"@id\":\"https:\\\/\\\/bunuri.md\\\/ro\\\/#website\",\"url\":\"https:\\\/\\\/bunuri.md\\\/ro\\\/\",\"name\":\"www.bunuri.md\",\"alternateName\":\"bunuri.md\",\"description\":\"Bunuri.md este un magazin online care livreaz\\u0103 \\u0219i comercializeaz\\u0103 o gam\\u0103 larg\\u0103 de m\\u0103rfuri de diverse categorii pe \\u00eentreg teritoriul Republicii Moldova.\",\"inLanguage\":\"ro-RO\",\"publisher\":{\"@id\":\"https:\\\/\\\/bunuri.md\\\/ro\\\/#organization\"}}]}\n\t\t<\/script>\n\t\t<!-- All in One SEO Pro -->\r\n\t\t<title>Motor diesel DD1135VE putere maxima 38,0 C. P.<\/title>\n\n","aioseo_head_json":{"title":"Motor diesel DD1135VE putere maxima 38,0 C. P.","description":"Caracteristicile distinctive ale acestui motor sunt: \u200b\u200bresurse crescute ale motorului, eficien\u021ba \u0219i calitatea ridicat\u0103 a construc\u021biei tuturor componentelor.","canonical_url":"https:\/\/bunuri.md\/ro\/shop\/motor-diesel-dd1135ve-putere-maxima-380-c-p\/","robots":"max-image-preview:large","keywords":"","webmasterTools":{"miscellaneous":""},"schema":{"@context":"https:\/\/schema.org","@graph":[{"@type":"BreadcrumbList","@id":"https:\/\/bunuri.md\/ro\/shop\/motor-diesel-dd1135ve-putere-maxima-380-c-p\/#breadcrumblist","itemListElement":[{"@type":"ListItem","@id":"https:\/\/bunuri.md\/ro\/#listItem","position":1,"name":"Home","item":"https:\/\/bunuri.md\/ro\/","nextItem":{"@type":"ListItem","@id":"https:\/\/bunuri.md\/ro\/shop-2\/#listItem","name":"Magazin"}},{"@type":"ListItem","@id":"https:\/\/bunuri.md\/ro\/shop-2\/#listItem","position":2,"name":"Magazin","item":"https:\/\/bunuri.md\/ro\/shop-2\/","nextItem":{"@type":"ListItem","@id":"https:\/\/bunuri.md\/ro\/product-category\/motoare\/#listItem","name":"\u041c\u043e\u0442\u043e\u0430\u0440\u0435 pentru motoblocuri, mini tractoare"},"previousItem":{"@type":"ListItem","@id":"https:\/\/bunuri.md\/ro\/#listItem","name":"Home"}},{"@type":"ListItem","@id":"https:\/\/bunuri.md\/ro\/product-category\/motoare\/#listItem","position":3,"name":"\u041c\u043e\u0442\u043e\u0430\u0440\u0435 pentru motoblocuri, mini tractoare","item":"https:\/\/bunuri.md\/ro\/product-category\/motoare\/","nextItem":{"@type":"ListItem","@id":"https:\/\/bunuri.md\/ro\/shop\/motor-diesel-dd1135ve-putere-maxima-380-c-p\/#listItem","name":"Motor diesel DD1135VE putere maxima 38,0 C. P."},"previousItem":{"@type":"ListItem","@id":"https:\/\/bunuri.md\/ro\/shop-2\/#listItem","name":"Magazin"}},{"@type":"ListItem","@id":"https:\/\/bunuri.md\/ro\/shop\/motor-diesel-dd1135ve-putere-maxima-380-c-p\/#listItem","position":4,"name":"Motor diesel DD1135VE putere maxima 38,0 C. P.","previousItem":{"@type":"ListItem","@id":"https:\/\/bunuri.md\/ro\/product-category\/motoare\/#listItem","name":"\u041c\u043e\u0442\u043e\u0430\u0440\u0435 pentru motoblocuri, mini tractoare"}}]},{"@type":"ItemPage","@id":"https:\/\/bunuri.md\/ro\/shop\/motor-diesel-dd1135ve-putere-maxima-380-c-p\/#itempage","url":"https:\/\/bunuri.md\/ro\/shop\/motor-diesel-dd1135ve-putere-maxima-380-c-p\/","name":"Motor diesel DD1135VE putere maxima 38,0 C. P.","description":"Caracteristicile distinctive ale acestui motor sunt: \u200b\u200bresurse crescute ale motorului, eficien\u021ba \u0219i calitatea ridicat\u0103 a construc\u021biei tuturor componentelor.","inLanguage":"ro-RO","isPartOf":{"@id":"https:\/\/bunuri.md\/ro\/#website"},"breadcrumb":{"@id":"https:\/\/bunuri.md\/ro\/shop\/motor-diesel-dd1135ve-putere-maxima-380-c-p\/#breadcrumblist"},"image":{"@type":"ImageObject","url":"https:\/\/bunuri.md\/wp-content\/uploads\/2022\/09\/zh1135.png","@id":"https:\/\/bunuri.md\/ro\/shop\/motor-diesel-dd1135ve-putere-maxima-380-c-p\/#mainImage","width":600,"height":551},"primaryImageOfPage":{"@id":"https:\/\/bunuri.md\/ro\/shop\/motor-diesel-dd1135ve-putere-maxima-380-c-p\/#mainImage"},"datePublished":"2022-09-21T21:27:24+03:00","dateModified":"2025-03-18T01:14:40+03:00"},{"@type":"Organization","@id":"https:\/\/bunuri.md\/ro\/#organization","name":"\u00centreprinderea Individual\u0103 \"Buldumac Aliona\"","description":"\u0418\u041f \u00ab\u0411\u0443\u043b\u0434\u0443\u043c\u0430\u043a \u0410\u043b\u0435\u043d\u0430\u00bb - \u044d\u0442\u043e \u043d\u0430\u0434\u0451\u0436\u043d\u044b\u0439 \u0438 \u043e\u0440\u0438\u0435\u043d\u0442\u0438\u0440\u043e\u0432\u0430\u043d\u043d\u044b\u0439 \u043d\u0430 \u043a\u043b\u0438\u0435\u043d\u0442\u0430 \u0431\u0438\u0437\u043d\u0435\u0441, \u043f\u0440\u0435\u0434\u043b\u0430\u0433\u0430\u044e\u0449\u0438\u0439 \u043a\u0430\u0447\u0435\u0441\u0442\u0432\u0435\u043d\u043d\u044b\u0435 \u0442\u043e\u0432\u0430\u0440\u044b, \u0443\u0441\u043b\u0443\u0433\u0438 \u0441 \u0430\u043a\u0446\u0435\u043d\u0442\u043e\u043c \u043d\u0430 \u043f\u0440\u0430\u043a\u0442\u0438\u0447\u043d\u043e\u0441\u0442\u044c \u0438 \u0447\u0435\u0441\u0442\u043d\u044b\u0439 \u043f\u043e\u0434\u0445\u043e\u0434.","url":"https:\/\/bunuri.md\/ro\/","email":"bunuri.md@gmail.com","telephone":"+37379512557","foundingDate":"2006-09-27","numberOfEmployees":{"@type":"QuantitativeValue","minValue":0,"maxValue":4},"logo":{"@type":"ImageObject","url":"https:\/\/bunuri.md\/wp-content\/uploads\/2022\/08\/logo-bunuri.png","@id":"https:\/\/bunuri.md\/ro\/shop\/motor-diesel-dd1135ve-putere-maxima-380-c-p\/#organizationLogo","width":250,"height":250},"image":{"@id":"https:\/\/bunuri.md\/ro\/shop\/motor-diesel-dd1135ve-putere-maxima-380-c-p\/#organizationLogo"},"sameAs":["https:\/\/facebook.com\/https:\/\/www.facebook.com\/bunurimag","https:\/\/x.com\/https:\/\/www.facebook.com\/bunurimag","https:\/\/instagram.com\/https:\/\/www.facebook.com\/bunurimag","https:\/\/pinterest.com\/https:\/\/www.facebook.com\/bunurimag","https:\/\/youtube.com\/https:\/\/www.facebook.com\/bunurimag","https:\/\/linkedin.com\/in\/https:\/\/www.facebook.com\/bunurimag","https:\/\/soundcloud.com\/https:\/\/www.facebook.com\/bunurimag"],"address":{"@id":"https:\/\/bunuri.md\/ro\/#postaladdress","@type":"PostalAddress","streetAddress":"\u0420. \u041c\u043e\u043b\u0434\u043e\u0432\u0430, \u0433. \u0425\u044b\u043d\u0447\u0435\u0448\u0442\u044b","postalCode":"3401","addressLocality":"\u0425\u044b\u043d\u0447\u0435\u0448\u0442\u044b","addressRegion":"Moldova","addressCountry":"MD"}},{"@type":"WebPage","@id":"https:\/\/bunuri.md\/ro\/shop\/motor-diesel-dd1135ve-putere-maxima-380-c-p\/#webpage","url":"https:\/\/bunuri.md\/ro\/shop\/motor-diesel-dd1135ve-putere-maxima-380-c-p\/","name":"Motor diesel DD1135VE putere maxima 38,0 C. P.","description":"Caracteristicile distinctive ale acestui motor sunt: \u200b\u200bresurse crescute ale motorului, eficien\u021ba \u0219i calitatea ridicat\u0103 a construc\u021biei tuturor componentelor.","inLanguage":"ro-RO","isPartOf":{"@id":"https:\/\/bunuri.md\/ro\/#website"},"breadcrumb":{"@id":"https:\/\/bunuri.md\/ro\/shop\/motor-diesel-dd1135ve-putere-maxima-380-c-p\/#breadcrumblist"},"image":{"@type":"ImageObject","url":"https:\/\/bunuri.md\/wp-content\/uploads\/2022\/09\/zh1135.png","@id":"https:\/\/bunuri.md\/ro\/shop\/motor-diesel-dd1135ve-putere-maxima-380-c-p\/#mainImage","width":600,"height":551},"primaryImageOfPage":{"@id":"https:\/\/bunuri.md\/ro\/shop\/motor-diesel-dd1135ve-putere-maxima-380-c-p\/#mainImage"},"datePublished":"2022-09-21T21:27:24+03:00","dateModified":"2025-03-18T01:14:40+03:00"},{"@type":"WebSite","@id":"https:\/\/bunuri.md\/ro\/#website","url":"https:\/\/bunuri.md\/ro\/","name":"www.bunuri.md","alternateName":"bunuri.md","description":"Bunuri.md este un magazin online care livreaz\u0103 \u0219i comercializeaz\u0103 o gam\u0103 larg\u0103 de m\u0103rfuri de diverse categorii pe \u00eentreg teritoriul Republicii Moldova.","inLanguage":"ro-RO","publisher":{"@id":"https:\/\/bunuri.md\/ro\/#organization"}}]},"og:locale":"ro_RO","og:site_name":"\u0418\u043d\u0442\u0435\u0440\u043d\u0435\u0442 \u043c\u0430\u0433\u0430\u0437\u0438\u043d \u041c\u043e\u043b\u0434\u043e\u0432\u0430 | Bunuri.md este un magazin online care livreaz\u0103 \u0219i comercializeaz\u0103 o gam\u0103 larg\u0103 de m\u0103rfuri de diverse categorii pe \u00eentreg teritoriul Republicii Moldova.","og:type":"article","og:title":"Motor diesel DD1135VE putere maxima 38,0 C. P.","og:description":"Caracteristicile distinctive ale acestui motor sunt: \u200b\u200bresurse crescute ale motorului, eficien\u021ba \u0219i calitatea ridicat\u0103 a construc\u021biei tuturor componentelor.","og:url":"https:\/\/bunuri.md\/ro\/shop\/motor-diesel-dd1135ve-putere-maxima-380-c-p\/","og:image":"https:\/\/bunuri.md\/wp-content\/uploads\/2022\/10\/logobu.png","og:image:secure_url":"https:\/\/bunuri.md\/wp-content\/uploads\/2022\/10\/logobu.png","og:image:width":200,"og:image:height":200,"article:published_time":"2022-09-21T18:42:18+00:00","article:modified_time":"2025-03-17T22:14:40+00:00","article:publisher":"https:\/\/facebook.com\/https:\/\/www.facebook.com\/bunurimag","twitter:card":"summary","twitter:site":"@https:","twitter:title":"Motor diesel DD1135VE putere maxima 38,0 C. P.","twitter:description":"Caracteristicile distinctive ale acestui motor sunt: \u200b\u200bresurse crescute ale motorului, eficien\u021ba \u0219i calitatea ridicat\u0103 a construc\u021biei tuturor componentelor.","twitter:image":"https:\/\/bunuri.md\/wp-content\/uploads\/2022\/10\/logobu.png"},"aioseo_meta_data":{"post_id":"5512","title":"Motor diesel DD1135VE putere maxima 38,0 C. P.","description":"Caracteristicile distinctive ale acestui motor sunt: \u200b\u200bresurse crescute ale motorului, eficien\u021ba \u0219i calitatea ridicat\u0103 a construc\u021biei tuturor componentelor.","keywords":null,"keyphrases":{"focus":{"keyphrase":"","score":0,"analysis":{"keyphraseInTitle":{"score":0,"maxScore":9,"error":1}}},"additional":[]},"primary_term":null,"canonical_url":null,"og_title":null,"og_description":null,"og_object_type":"default","og_image_type":"default","og_image_url":null,"og_image_width":null,"og_image_height":null,"og_image_custom_url":null,"og_image_custom_fields":null,"og_video":"","og_custom_url":null,"og_article_section":null,"og_article_tags":null,"twitter_use_og":false,"twitter_card":"default","twitter_image_type":"default","twitter_image_url":null,"twitter_image_custom_url":null,"twitter_image_custom_fields":null,"twitter_title":null,"twitter_description":null,"schema":{"blockGraphs":[],"customGraphs":[],"default":{"data":{"Article":[],"Course":[],"Dataset":[],"FAQPage":[],"Movie":[],"Person":[],"Product":[],"ProductReview":[],"Car":[],"Recipe":[],"Service":[],"SoftwareApplication":[],"WebPage":[]},"graphName":"ItemPage","isEnabled":true},"graphs":[]},"schema_type":"default","schema_type_options":null,"pillar_content":false,"robots_default":true,"robots_noindex":false,"robots_noarchive":false,"robots_nosnippet":false,"robots_nofollow":false,"robots_noimageindex":false,"robots_noodp":false,"robots_notranslate":false,"robots_max_snippet":"-1","robots_max_videopreview":"-1","robots_max_imagepreview":"large","priority":null,"frequency":"default","local_seo":null,"seo_analyzer_scan_date":null,"breadcrumb_settings":null,"limit_modified_date":false,"reviewed_by":null,"open_ai":"{\"title\":{\"suggestions\":[],\"usage\":0},\"description\":{\"suggestions\":[],\"usage\":0}}","ai":null,"created":"2022-09-21 18:34:34","updated":"2025-05-30 04:32:07"},"aioseo_breadcrumb":"<div class=\"aioseo-breadcrumbs\"><span class=\"aioseo-breadcrumb\">\n\t<a href=\"https:\/\/bunuri.md\/ro\/\" title=\"Home\">Home<\/a>\n<\/span><span class=\"aioseo-breadcrumb-separator\">\u00bb<\/span><span class=\"aioseo-breadcrumb\">\n\t<a href=\"https:\/\/bunuri.md\/ro\/shop-2\/\" title=\"Magazin\">Magazin<\/a>\n<\/span><span class=\"aioseo-breadcrumb-separator\">\u00bb<\/span><span class=\"aioseo-breadcrumb\">\n\t<a href=\"https:\/\/bunuri.md\/ro\/product-category\/motoare\/\" title=\"\u041c\u043e\u0442\u043e\u0430\u0440\u0435 pentru motoblocuri, mini tractoare\">\u041c\u043e\u0442\u043e\u0430\u0440\u0435 pentru motoblocuri, mini tractoare<\/a>\n<\/span><span class=\"aioseo-breadcrumb-separator\">\u00bb<\/span><span class=\"aioseo-breadcrumb\">\n\tMotor diesel DD1135VE putere maxima 38,0 C. P.\n<\/span><\/div>","aioseo_breadcrumb_json":[{"label":"Home","link":"https:\/\/bunuri.md\/ro\/"},{"label":"Magazin","link":"https:\/\/bunuri.md\/ro\/shop-2\/"},{"label":"\u041c\u043e\u0442\u043e\u0430\u0440\u0435 pentru motoblocuri, mini tractoare","link":"https:\/\/bunuri.md\/ro\/product-category\/motoare\/"},{"label":"Motor diesel DD1135VE putere maxima 38,0 C. P.","link":"https:\/\/bunuri.md\/ro\/shop\/motor-diesel-dd1135ve-putere-maxima-380-c-p\/"}],"brands":[],"_links":{"self":[{"href":"https:\/\/bunuri.md\/ro\/wp-json\/wp\/v2\/product\/5512","targetHints":{"allow":["GET"]}}],"collection":[{"href":"https:\/\/bunuri.md\/ro\/wp-json\/wp\/v2\/product"}],"about":[{"href":"https:\/\/bunuri.md\/ro\/wp-json\/wp\/v2\/types\/product"}],"replies":[{"embeddable":true,"href":"https:\/\/bunuri.md\/ro\/wp-json\/wp\/v2\/comments?post=5512"}],"wp:featuredmedia":[{"embeddable":true,"href":"https:\/\/bunuri.md\/ro\/wp-json\/wp\/v2\/media\/5509"}],"wp:attachment":[{"href":"https:\/\/bunuri.md\/ro\/wp-json\/wp\/v2\/media?parent=5512"}],"wp:term":[{"taxonomy":"pwb-brand","embeddable":true,"href":"https:\/\/bunuri.md\/ro\/wp-json\/wp\/v2\/pwb-brand?post=5512"},{"taxonomy":"product_brand","embeddable":true,"href":"https:\/\/bunuri.md\/ro\/wp-json\/wp\/v2\/product_brand?post=5512"},{"taxonomy":"product_cat","embeddable":true,"href":"https:\/\/bunuri.md\/ro\/wp-json\/wp\/v2\/product_cat?post=5512"},{"taxonomy":"product_tag","embeddable":true,"href":"https:\/\/bunuri.md\/ro\/wp-json\/wp\/v2\/product_tag?post=5512"}],"curies":[{"name":"wp","href":"https:\/\/api.w.org\/{rel}","templated":true}]}}