{"id":5524,"date":"2022-09-22T21:31:03","date_gmt":"2022-09-22T18:31:03","guid":{"rendered":"https:\/\/bunuri.md\/?post_type=product&#038;p=5524"},"modified":"2025-07-29T20:51:37","modified_gmt":"2025-07-29T17:51:37","slug":"motor-pe-benzina-weima-170f-putere-7-0-c-p","status":"publish","type":"product","link":"https:\/\/bunuri.md\/ro\/shop\/motor-pe-benzina-weima-170f-putere-7-0-c-p\/","title":{"rendered":"Motor pe benzin\u0103 WEIMA 170F, putere 7.0 c. p."},"content":{"rendered":"<p><strong>Motor pe benzin\u0103 Weima WM170F &#8211; NOU (R) 7 c. p.<\/strong> &#8211; <a href=\"https:\/\/bunuri.md\/ro\/product-category\/motoblocuri-minitractore\/\">recomandat pentru instalarea pe tractor, motocultor, despic\u0103tor de lemne, t\u0103ietor de crengi, compactor vibrator \u0219i alte utilaje agricole. De fapt, acest motor este un analog al motorului profesional japonez Honda. Toate componentele sale principale \u0219i solu\u021biile tehnice aplicate sunt fabricate \u00een baza brevetelor \u0219i licen\u021belor achizi\u021bionate de la concernul Honda.<\/a><\/p>\n<p><strong>Specifica\u021bii tehnice:<\/strong><\/p>\n<ul>\n<li><strong>Putere motor:<\/strong> 7,0 c. p.<\/li>\n<li><strong>Capacitate cilindric\u0103:<\/strong> 212 cm3.<\/li>\n<li><strong>Tura\u021bie arbore cotit:<\/strong> 3600 rpm.<\/li>\n<li><strong>Consum de combustibil:<\/strong> 385 g \/ l. s * h.<\/li>\n<li><strong>Rolet\u0103:<\/strong> Motorul este echipat cu o roat\u0103 cu trei caneluri.<\/li>\n<li><strong>Amplasarea supapelor de evacuare:<\/strong> Superioar\u0103.<\/li>\n<li><strong>C\u0103ptu\u0219eal\u0103 cilindru:<\/strong> fabricat\u0103 din font\u0103 de \u00eenalt\u0103 calitate, ceea ce permite cre\u0219terea duratei de via\u021b\u0103 a motorului de c\u00e2teva ori.<\/li>\n<\/li>\n<li><strong>Arbore cotit:<\/strong> o\u021belul forjat cre\u0219te rezisten\u021ba la uzur\u0103 a pieselor \u0219i mecanismelor p\u00e2n\u0103 la 3500 de ore de func\u021bionare a motorului.<\/li>\n<li><strong>Greutate redus\u0103:<\/strong> 16 kg.<\/li>\n<li><strong>Dimensiuni compacte:<\/strong> 395 x 360 x 360 mm.<\/li>\n<li><strong>Senzor de nivel sc\u0103zut de ulei \u00een carter:<\/strong> dac\u0103 este necesar, deschide circuitul de aprindere.<\/li>\n<li><strong>Pornire u\u0219oar\u0103 a motorului:<\/strong> cu un demaror convenabil.<\/li>\n<\/ul>\n","protected":false},"excerpt":{"rendered":"<p>Este un motor pe benzin\u0103 fiabil, de \u00eenalt\u0103 calitate, cu un sistem de r\u0103cire for\u021bat cu aer, dezvoltat folosind tehnologia concernului Honda profesional japonez.<\/p>\n","protected":false},"featured_media":8878,"comment_status":"open","ping_status":"closed","template":"","meta":{"om_disable_all_campaigns":false},"pwb-brand":[],"product_brand":[],"product_cat":[388],"product_tag":[],"class_list":{"0":"post-5524","1":"product","2":"type-product","3":"status-publish","4":"has-post-thumbnail","6":"product_cat-motoare","8":"first","9":"instock","10":"purchasable","11":"product-type-simple"},"aioseo_notices":[],"aioseo_head":"\n\t\t<!-- All in One SEO Pro 4.9.6.2 - aioseo.com -->\n\t<meta name=\"description\" content=\"Este un motor pe benzin\u0103 fiabil, de \u00eenalt\u0103 calitate, cu un sistem de r\u0103cire for\u021bat cu aer, dezvoltat folosind tehnologia concernului Honda profesional Japonez.\" \/>\n\t<meta name=\"robots\" content=\"max-image-preview:large\" \/>\n\t<link rel=\"canonical\" href=\"https:\/\/bunuri.md\/ro\/shop\/motor-pe-benzina-weima-170f-putere-7-0-c-p\/\" \/>\n\t<meta name=\"generator\" content=\"All in One SEO Pro (AIOSEO) 4.9.6.2\" \/>\n\t\t<meta property=\"og:locale\" content=\"ro_RO\" \/>\n\t\t<meta property=\"og:site_name\" content=\"\u0418\u043d\u0442\u0435\u0440\u043d\u0435\u0442 \u043c\u0430\u0433\u0430\u0437\u0438\u043d \u041c\u043e\u043b\u0434\u043e\u0432\u0430 | Bunuri.md este un magazin online care livreaz\u0103 \u0219i comercializeaz\u0103 o gam\u0103 larg\u0103 de m\u0103rfuri de diverse categorii pe \u00eentreg teritoriul Republicii Moldova.\" \/>\n\t\t<meta property=\"og:type\" content=\"article\" \/>\n\t\t<meta property=\"og:title\" content=\"Motor pe benzin\u0103 WEIMA 170F, putere 7.0 c. p.\" \/>\n\t\t<meta property=\"og:description\" content=\"Este un motor pe benzin\u0103 fiabil, de \u00eenalt\u0103 calitate, cu un sistem de r\u0103cire for\u021bat cu aer, dezvoltat folosind tehnologia concernului Honda profesional Japonez.\" \/>\n\t\t<meta property=\"og:url\" content=\"https:\/\/bunuri.md\/ro\/shop\/motor-pe-benzina-weima-170f-putere-7-0-c-p\/\" \/>\n\t\t<meta property=\"og:image\" content=\"https:\/\/bunuri.md\/wp-content\/uploads\/2022\/10\/logobu.png\" \/>\n\t\t<meta property=\"og:image:secure_url\" content=\"https:\/\/bunuri.md\/wp-content\/uploads\/2022\/10\/logobu.png\" \/>\n\t\t<meta property=\"og:image:width\" content=\"200\" \/>\n\t\t<meta property=\"og:image:height\" content=\"200\" \/>\n\t\t<meta property=\"article:published_time\" content=\"2022-09-22T18:31:03+00:00\" \/>\n\t\t<meta property=\"article:modified_time\" content=\"2025-07-29T17:51:37+00:00\" \/>\n\t\t<meta property=\"article:publisher\" content=\"https:\/\/facebook.com\/https:\/\/www.facebook.com\/bunurimag\" \/>\n\t\t<meta name=\"twitter:card\" content=\"summary\" \/>\n\t\t<meta name=\"twitter:site\" content=\"@https:\" \/>\n\t\t<meta name=\"twitter:title\" content=\"Motor pe benzin\u0103 WEIMA 170F, putere 7.0 c. p.\" \/>\n\t\t<meta name=\"twitter:description\" content=\"Este un motor pe benzin\u0103 fiabil, de \u00eenalt\u0103 calitate, cu un sistem de r\u0103cire for\u021bat cu aer, dezvoltat folosind tehnologia concernului Honda profesional Japonez.\" \/>\n\t\t<meta name=\"twitter:image\" content=\"https:\/\/bunuri.md\/wp-content\/uploads\/2022\/10\/logobu.png\" \/>\n\t\t<script type=\"application\/ld+json\" class=\"aioseo-schema\">\n\t\t\t{\"@context\":\"https:\\\/\\\/schema.org\",\"@graph\":[{\"@type\":\"BreadcrumbList\",\"@id\":\"https:\\\/\\\/bunuri.md\\\/ro\\\/shop\\\/motor-pe-benzina-weima-170f-putere-7-0-c-p\\\/#breadcrumblist\",\"itemListElement\":[{\"@type\":\"ListItem\",\"@id\":\"https:\\\/\\\/bunuri.md\\\/ro\\\/#listItem\",\"position\":1,\"name\":\"Home\",\"item\":\"https:\\\/\\\/bunuri.md\\\/ro\\\/\",\"nextItem\":{\"@type\":\"ListItem\",\"@id\":\"https:\\\/\\\/bunuri.md\\\/ro\\\/shop-2\\\/#listItem\",\"name\":\"Magazin\"}},{\"@type\":\"ListItem\",\"@id\":\"https:\\\/\\\/bunuri.md\\\/ro\\\/shop-2\\\/#listItem\",\"position\":2,\"name\":\"Magazin\",\"item\":\"https:\\\/\\\/bunuri.md\\\/ro\\\/shop-2\\\/\",\"nextItem\":{\"@type\":\"ListItem\",\"@id\":\"https:\\\/\\\/bunuri.md\\\/ro\\\/product-category\\\/motoare\\\/#listItem\",\"name\":\"\\u041c\\u043e\\u0442\\u043e\\u0430\\u0440\\u0435 pentru motoblocuri, mini tractoare\"},\"previousItem\":{\"@type\":\"ListItem\",\"@id\":\"https:\\\/\\\/bunuri.md\\\/ro\\\/#listItem\",\"name\":\"Home\"}},{\"@type\":\"ListItem\",\"@id\":\"https:\\\/\\\/bunuri.md\\\/ro\\\/product-category\\\/motoare\\\/#listItem\",\"position\":3,\"name\":\"\\u041c\\u043e\\u0442\\u043e\\u0430\\u0440\\u0435 pentru motoblocuri, mini tractoare\",\"item\":\"https:\\\/\\\/bunuri.md\\\/ro\\\/product-category\\\/motoare\\\/\",\"nextItem\":{\"@type\":\"ListItem\",\"@id\":\"https:\\\/\\\/bunuri.md\\\/ro\\\/shop\\\/motor-pe-benzina-weima-170f-putere-7-0-c-p\\\/#listItem\",\"name\":\"Motor pe benzin\\u0103 WEIMA 170F, putere 7.0 c. p.\"},\"previousItem\":{\"@type\":\"ListItem\",\"@id\":\"https:\\\/\\\/bunuri.md\\\/ro\\\/shop-2\\\/#listItem\",\"name\":\"Magazin\"}},{\"@type\":\"ListItem\",\"@id\":\"https:\\\/\\\/bunuri.md\\\/ro\\\/shop\\\/motor-pe-benzina-weima-170f-putere-7-0-c-p\\\/#listItem\",\"position\":4,\"name\":\"Motor pe benzin\\u0103 WEIMA 170F, putere 7.0 c. p.\",\"previousItem\":{\"@type\":\"ListItem\",\"@id\":\"https:\\\/\\\/bunuri.md\\\/ro\\\/product-category\\\/motoare\\\/#listItem\",\"name\":\"\\u041c\\u043e\\u0442\\u043e\\u0430\\u0440\\u0435 pentru motoblocuri, mini tractoare\"}}]},{\"@type\":\"ItemPage\",\"@id\":\"https:\\\/\\\/bunuri.md\\\/ro\\\/shop\\\/motor-pe-benzina-weima-170f-putere-7-0-c-p\\\/#itempage\",\"url\":\"https:\\\/\\\/bunuri.md\\\/ro\\\/shop\\\/motor-pe-benzina-weima-170f-putere-7-0-c-p\\\/\",\"name\":\"Motor pe benzin\\u0103 WEIMA 170F, putere 7.0 c. p.\",\"description\":\"Este un motor pe benzin\\u0103 fiabil, de \\u00eenalt\\u0103 calitate, cu un sistem de r\\u0103cire for\\u021bat cu aer, dezvoltat folosind tehnologia concernului Honda profesional Japonez.\",\"inLanguage\":\"ro-RO\",\"isPartOf\":{\"@id\":\"https:\\\/\\\/bunuri.md\\\/ro\\\/#website\"},\"breadcrumb\":{\"@id\":\"https:\\\/\\\/bunuri.md\\\/ro\\\/shop\\\/motor-pe-benzina-weima-170f-putere-7-0-c-p\\\/#breadcrumblist\"},\"image\":{\"@type\":\"ImageObject\",\"url\":\"https:\\\/\\\/bunuri.md\\\/wp-content\\\/uploads\\\/2022\\\/09\\\/Weima_170_F.png\",\"@id\":\"https:\\\/\\\/bunuri.md\\\/ro\\\/shop\\\/motor-pe-benzina-weima-170f-putere-7-0-c-p\\\/#mainImage\",\"width\":727,\"height\":343,\"caption\":\"Weima_170_F\"},\"primaryImageOfPage\":{\"@id\":\"https:\\\/\\\/bunuri.md\\\/ro\\\/shop\\\/motor-pe-benzina-weima-170f-putere-7-0-c-p\\\/#mainImage\"},\"datePublished\":\"2022-09-22T21:31:03+03:00\",\"dateModified\":\"2025-07-29T20:51:37+03:00\"},{\"@type\":\"Organization\",\"@id\":\"https:\\\/\\\/bunuri.md\\\/ro\\\/#organization\",\"name\":\"\\u00centreprinderea Individual\\u0103 \\\"Buldumac Aliona\\\"\",\"description\":\"\\u0418\\u041f \\u00ab\\u0411\\u0443\\u043b\\u0434\\u0443\\u043c\\u0430\\u043a \\u0410\\u043b\\u0435\\u043d\\u0430\\u00bb - \\u044d\\u0442\\u043e \\u043d\\u0430\\u0434\\u0451\\u0436\\u043d\\u044b\\u0439 \\u0438 \\u043e\\u0440\\u0438\\u0435\\u043d\\u0442\\u0438\\u0440\\u043e\\u0432\\u0430\\u043d\\u043d\\u044b\\u0439 \\u043d\\u0430 \\u043a\\u043b\\u0438\\u0435\\u043d\\u0442\\u0430 \\u0431\\u0438\\u0437\\u043d\\u0435\\u0441, \\u043f\\u0440\\u0435\\u0434\\u043b\\u0430\\u0433\\u0430\\u044e\\u0449\\u0438\\u0439 \\u043a\\u0430\\u0447\\u0435\\u0441\\u0442\\u0432\\u0435\\u043d\\u043d\\u044b\\u0435 \\u0442\\u043e\\u0432\\u0430\\u0440\\u044b, \\u0443\\u0441\\u043b\\u0443\\u0433\\u0438 \\u0441 \\u0430\\u043a\\u0446\\u0435\\u043d\\u0442\\u043e\\u043c \\u043d\\u0430 \\u043f\\u0440\\u0430\\u043a\\u0442\\u0438\\u0447\\u043d\\u043e\\u0441\\u0442\\u044c \\u0438 \\u0447\\u0435\\u0441\\u0442\\u043d\\u044b\\u0439 \\u043f\\u043e\\u0434\\u0445\\u043e\\u0434.\",\"url\":\"https:\\\/\\\/bunuri.md\\\/ro\\\/\",\"email\":\"bunuri.md@gmail.com\",\"telephone\":\"+37379512557\",\"foundingDate\":\"2006-09-27\",\"numberOfEmployees\":{\"@type\":\"QuantitativeValue\",\"minValue\":0,\"maxValue\":4},\"logo\":{\"@type\":\"ImageObject\",\"url\":\"https:\\\/\\\/bunuri.md\\\/wp-content\\\/uploads\\\/2022\\\/08\\\/logo-bunuri.png\",\"@id\":\"https:\\\/\\\/bunuri.md\\\/ro\\\/shop\\\/motor-pe-benzina-weima-170f-putere-7-0-c-p\\\/#organizationLogo\",\"width\":250,\"height\":250},\"image\":{\"@id\":\"https:\\\/\\\/bunuri.md\\\/ro\\\/shop\\\/motor-pe-benzina-weima-170f-putere-7-0-c-p\\\/#organizationLogo\"},\"sameAs\":[\"https:\\\/\\\/facebook.com\\\/https:\\\/\\\/www.facebook.com\\\/bunurimag\",\"https:\\\/\\\/x.com\\\/https:\\\/\\\/www.facebook.com\\\/bunurimag\",\"https:\\\/\\\/instagram.com\\\/https:\\\/\\\/www.facebook.com\\\/bunurimag\",\"https:\\\/\\\/pinterest.com\\\/https:\\\/\\\/www.facebook.com\\\/bunurimag\",\"https:\\\/\\\/youtube.com\\\/https:\\\/\\\/www.facebook.com\\\/bunurimag\",\"https:\\\/\\\/linkedin.com\\\/in\\\/https:\\\/\\\/www.facebook.com\\\/bunurimag\",\"https:\\\/\\\/soundcloud.com\\\/https:\\\/\\\/www.facebook.com\\\/bunurimag\"],\"address\":{\"@id\":\"https:\\\/\\\/bunuri.md\\\/ro\\\/#postaladdress\",\"@type\":\"PostalAddress\",\"streetAddress\":\"\\u0420. \\u041c\\u043e\\u043b\\u0434\\u043e\\u0432\\u0430, \\u0433. \\u0425\\u044b\\u043d\\u0447\\u0435\\u0448\\u0442\\u044b\",\"postalCode\":\"3401\",\"addressLocality\":\"\\u0425\\u044b\\u043d\\u0447\\u0435\\u0448\\u0442\\u044b\",\"addressRegion\":\"Moldova\",\"addressCountry\":\"MD\"}},{\"@type\":\"WebPage\",\"@id\":\"https:\\\/\\\/bunuri.md\\\/ro\\\/shop\\\/motor-pe-benzina-weima-170f-putere-7-0-c-p\\\/#webpage\",\"url\":\"https:\\\/\\\/bunuri.md\\\/ro\\\/shop\\\/motor-pe-benzina-weima-170f-putere-7-0-c-p\\\/\",\"name\":\"Motor pe benzin\\u0103 WEIMA 170F, putere 7.0 c. p.\",\"description\":\"Este un motor pe benzin\\u0103 fiabil, de \\u00eenalt\\u0103 calitate, cu un sistem de r\\u0103cire for\\u021bat cu aer, dezvoltat folosind tehnologia concernului Honda profesional Japonez.\",\"inLanguage\":\"ro-RO\",\"isPartOf\":{\"@id\":\"https:\\\/\\\/bunuri.md\\\/ro\\\/#website\"},\"breadcrumb\":{\"@id\":\"https:\\\/\\\/bunuri.md\\\/ro\\\/shop\\\/motor-pe-benzina-weima-170f-putere-7-0-c-p\\\/#breadcrumblist\"},\"image\":{\"@type\":\"ImageObject\",\"url\":\"https:\\\/\\\/bunuri.md\\\/wp-content\\\/uploads\\\/2022\\\/09\\\/Weima_170_F.png\",\"@id\":\"https:\\\/\\\/bunuri.md\\\/ro\\\/shop\\\/motor-pe-benzina-weima-170f-putere-7-0-c-p\\\/#mainImage\",\"width\":727,\"height\":343,\"caption\":\"Weima_170_F\"},\"primaryImageOfPage\":{\"@id\":\"https:\\\/\\\/bunuri.md\\\/ro\\\/shop\\\/motor-pe-benzina-weima-170f-putere-7-0-c-p\\\/#mainImage\"},\"datePublished\":\"2022-09-22T21:31:03+03:00\",\"dateModified\":\"2025-07-29T20:51:37+03:00\"},{\"@type\":\"WebSite\",\"@id\":\"https:\\\/\\\/bunuri.md\\\/ro\\\/#website\",\"url\":\"https:\\\/\\\/bunuri.md\\\/ro\\\/\",\"name\":\"www.bunuri.md\",\"alternateName\":\"bunuri.md\",\"description\":\"Bunuri.md este un magazin online care livreaz\\u0103 \\u0219i comercializeaz\\u0103 o gam\\u0103 larg\\u0103 de m\\u0103rfuri de diverse categorii pe \\u00eentreg teritoriul Republicii Moldova.\",\"inLanguage\":\"ro-RO\",\"publisher\":{\"@id\":\"https:\\\/\\\/bunuri.md\\\/ro\\\/#organization\"}}]}\n\t\t<\/script>\n\t\t<!-- All in One SEO Pro -->\r\n\t\t<title>Motor pe benzin\u0103 WEIMA 170F, putere 7.0 c. p.<\/title>\n\n","aioseo_head_json":{"title":"Motor pe benzin\u0103 WEIMA 170F, putere 7.0 c. p.","description":"Este un motor pe benzin\u0103 fiabil, de \u00eenalt\u0103 calitate, cu un sistem de r\u0103cire for\u021bat cu aer, dezvoltat folosind tehnologia concernului Honda profesional Japonez.","canonical_url":"https:\/\/bunuri.md\/ro\/shop\/motor-pe-benzina-weima-170f-putere-7-0-c-p\/","robots":"max-image-preview:large","keywords":"","webmasterTools":{"miscellaneous":""},"schema":{"@context":"https:\/\/schema.org","@graph":[{"@type":"BreadcrumbList","@id":"https:\/\/bunuri.md\/ro\/shop\/motor-pe-benzina-weima-170f-putere-7-0-c-p\/#breadcrumblist","itemListElement":[{"@type":"ListItem","@id":"https:\/\/bunuri.md\/ro\/#listItem","position":1,"name":"Home","item":"https:\/\/bunuri.md\/ro\/","nextItem":{"@type":"ListItem","@id":"https:\/\/bunuri.md\/ro\/shop-2\/#listItem","name":"Magazin"}},{"@type":"ListItem","@id":"https:\/\/bunuri.md\/ro\/shop-2\/#listItem","position":2,"name":"Magazin","item":"https:\/\/bunuri.md\/ro\/shop-2\/","nextItem":{"@type":"ListItem","@id":"https:\/\/bunuri.md\/ro\/product-category\/motoare\/#listItem","name":"\u041c\u043e\u0442\u043e\u0430\u0440\u0435 pentru motoblocuri, mini tractoare"},"previousItem":{"@type":"ListItem","@id":"https:\/\/bunuri.md\/ro\/#listItem","name":"Home"}},{"@type":"ListItem","@id":"https:\/\/bunuri.md\/ro\/product-category\/motoare\/#listItem","position":3,"name":"\u041c\u043e\u0442\u043e\u0430\u0440\u0435 pentru motoblocuri, mini tractoare","item":"https:\/\/bunuri.md\/ro\/product-category\/motoare\/","nextItem":{"@type":"ListItem","@id":"https:\/\/bunuri.md\/ro\/shop\/motor-pe-benzina-weima-170f-putere-7-0-c-p\/#listItem","name":"Motor pe benzin\u0103 WEIMA 170F, putere 7.0 c. p."},"previousItem":{"@type":"ListItem","@id":"https:\/\/bunuri.md\/ro\/shop-2\/#listItem","name":"Magazin"}},{"@type":"ListItem","@id":"https:\/\/bunuri.md\/ro\/shop\/motor-pe-benzina-weima-170f-putere-7-0-c-p\/#listItem","position":4,"name":"Motor pe benzin\u0103 WEIMA 170F, putere 7.0 c. p.","previousItem":{"@type":"ListItem","@id":"https:\/\/bunuri.md\/ro\/product-category\/motoare\/#listItem","name":"\u041c\u043e\u0442\u043e\u0430\u0440\u0435 pentru motoblocuri, mini tractoare"}}]},{"@type":"ItemPage","@id":"https:\/\/bunuri.md\/ro\/shop\/motor-pe-benzina-weima-170f-putere-7-0-c-p\/#itempage","url":"https:\/\/bunuri.md\/ro\/shop\/motor-pe-benzina-weima-170f-putere-7-0-c-p\/","name":"Motor pe benzin\u0103 WEIMA 170F, putere 7.0 c. p.","description":"Este un motor pe benzin\u0103 fiabil, de \u00eenalt\u0103 calitate, cu un sistem de r\u0103cire for\u021bat cu aer, dezvoltat folosind tehnologia concernului Honda profesional Japonez.","inLanguage":"ro-RO","isPartOf":{"@id":"https:\/\/bunuri.md\/ro\/#website"},"breadcrumb":{"@id":"https:\/\/bunuri.md\/ro\/shop\/motor-pe-benzina-weima-170f-putere-7-0-c-p\/#breadcrumblist"},"image":{"@type":"ImageObject","url":"https:\/\/bunuri.md\/wp-content\/uploads\/2022\/09\/Weima_170_F.png","@id":"https:\/\/bunuri.md\/ro\/shop\/motor-pe-benzina-weima-170f-putere-7-0-c-p\/#mainImage","width":727,"height":343,"caption":"Weima_170_F"},"primaryImageOfPage":{"@id":"https:\/\/bunuri.md\/ro\/shop\/motor-pe-benzina-weima-170f-putere-7-0-c-p\/#mainImage"},"datePublished":"2022-09-22T21:31:03+03:00","dateModified":"2025-07-29T20:51:37+03:00"},{"@type":"Organization","@id":"https:\/\/bunuri.md\/ro\/#organization","name":"\u00centreprinderea Individual\u0103 \"Buldumac Aliona\"","description":"\u0418\u041f \u00ab\u0411\u0443\u043b\u0434\u0443\u043c\u0430\u043a \u0410\u043b\u0435\u043d\u0430\u00bb - \u044d\u0442\u043e \u043d\u0430\u0434\u0451\u0436\u043d\u044b\u0439 \u0438 \u043e\u0440\u0438\u0435\u043d\u0442\u0438\u0440\u043e\u0432\u0430\u043d\u043d\u044b\u0439 \u043d\u0430 \u043a\u043b\u0438\u0435\u043d\u0442\u0430 \u0431\u0438\u0437\u043d\u0435\u0441, \u043f\u0440\u0435\u0434\u043b\u0430\u0433\u0430\u044e\u0449\u0438\u0439 \u043a\u0430\u0447\u0435\u0441\u0442\u0432\u0435\u043d\u043d\u044b\u0435 \u0442\u043e\u0432\u0430\u0440\u044b, \u0443\u0441\u043b\u0443\u0433\u0438 \u0441 \u0430\u043a\u0446\u0435\u043d\u0442\u043e\u043c \u043d\u0430 \u043f\u0440\u0430\u043a\u0442\u0438\u0447\u043d\u043e\u0441\u0442\u044c \u0438 \u0447\u0435\u0441\u0442\u043d\u044b\u0439 \u043f\u043e\u0434\u0445\u043e\u0434.","url":"https:\/\/bunuri.md\/ro\/","email":"bunuri.md@gmail.com","telephone":"+37379512557","foundingDate":"2006-09-27","numberOfEmployees":{"@type":"QuantitativeValue","minValue":0,"maxValue":4},"logo":{"@type":"ImageObject","url":"https:\/\/bunuri.md\/wp-content\/uploads\/2022\/08\/logo-bunuri.png","@id":"https:\/\/bunuri.md\/ro\/shop\/motor-pe-benzina-weima-170f-putere-7-0-c-p\/#organizationLogo","width":250,"height":250},"image":{"@id":"https:\/\/bunuri.md\/ro\/shop\/motor-pe-benzina-weima-170f-putere-7-0-c-p\/#organizationLogo"},"sameAs":["https:\/\/facebook.com\/https:\/\/www.facebook.com\/bunurimag","https:\/\/x.com\/https:\/\/www.facebook.com\/bunurimag","https:\/\/instagram.com\/https:\/\/www.facebook.com\/bunurimag","https:\/\/pinterest.com\/https:\/\/www.facebook.com\/bunurimag","https:\/\/youtube.com\/https:\/\/www.facebook.com\/bunurimag","https:\/\/linkedin.com\/in\/https:\/\/www.facebook.com\/bunurimag","https:\/\/soundcloud.com\/https:\/\/www.facebook.com\/bunurimag"],"address":{"@id":"https:\/\/bunuri.md\/ro\/#postaladdress","@type":"PostalAddress","streetAddress":"\u0420. \u041c\u043e\u043b\u0434\u043e\u0432\u0430, \u0433. \u0425\u044b\u043d\u0447\u0435\u0448\u0442\u044b","postalCode":"3401","addressLocality":"\u0425\u044b\u043d\u0447\u0435\u0448\u0442\u044b","addressRegion":"Moldova","addressCountry":"MD"}},{"@type":"WebPage","@id":"https:\/\/bunuri.md\/ro\/shop\/motor-pe-benzina-weima-170f-putere-7-0-c-p\/#webpage","url":"https:\/\/bunuri.md\/ro\/shop\/motor-pe-benzina-weima-170f-putere-7-0-c-p\/","name":"Motor pe benzin\u0103 WEIMA 170F, putere 7.0 c. p.","description":"Este un motor pe benzin\u0103 fiabil, de \u00eenalt\u0103 calitate, cu un sistem de r\u0103cire for\u021bat cu aer, dezvoltat folosind tehnologia concernului Honda profesional Japonez.","inLanguage":"ro-RO","isPartOf":{"@id":"https:\/\/bunuri.md\/ro\/#website"},"breadcrumb":{"@id":"https:\/\/bunuri.md\/ro\/shop\/motor-pe-benzina-weima-170f-putere-7-0-c-p\/#breadcrumblist"},"image":{"@type":"ImageObject","url":"https:\/\/bunuri.md\/wp-content\/uploads\/2022\/09\/Weima_170_F.png","@id":"https:\/\/bunuri.md\/ro\/shop\/motor-pe-benzina-weima-170f-putere-7-0-c-p\/#mainImage","width":727,"height":343,"caption":"Weima_170_F"},"primaryImageOfPage":{"@id":"https:\/\/bunuri.md\/ro\/shop\/motor-pe-benzina-weima-170f-putere-7-0-c-p\/#mainImage"},"datePublished":"2022-09-22T21:31:03+03:00","dateModified":"2025-07-29T20:51:37+03:00"},{"@type":"WebSite","@id":"https:\/\/bunuri.md\/ro\/#website","url":"https:\/\/bunuri.md\/ro\/","name":"www.bunuri.md","alternateName":"bunuri.md","description":"Bunuri.md este un magazin online care livreaz\u0103 \u0219i comercializeaz\u0103 o gam\u0103 larg\u0103 de m\u0103rfuri de diverse categorii pe \u00eentreg teritoriul Republicii Moldova.","inLanguage":"ro-RO","publisher":{"@id":"https:\/\/bunuri.md\/ro\/#organization"}}]},"og:locale":"ro_RO","og:site_name":"\u0418\u043d\u0442\u0435\u0440\u043d\u0435\u0442 \u043c\u0430\u0433\u0430\u0437\u0438\u043d \u041c\u043e\u043b\u0434\u043e\u0432\u0430 | Bunuri.md este un magazin online care livreaz\u0103 \u0219i comercializeaz\u0103 o gam\u0103 larg\u0103 de m\u0103rfuri de diverse categorii pe \u00eentreg teritoriul Republicii Moldova.","og:type":"article","og:title":"Motor pe benzin\u0103 WEIMA 170F, putere 7.0 c. p.","og:description":"Este un motor pe benzin\u0103 fiabil, de \u00eenalt\u0103 calitate, cu un sistem de r\u0103cire for\u021bat cu aer, dezvoltat folosind tehnologia concernului Honda profesional Japonez.","og:url":"https:\/\/bunuri.md\/ro\/shop\/motor-pe-benzina-weima-170f-putere-7-0-c-p\/","og:image":"https:\/\/bunuri.md\/wp-content\/uploads\/2022\/10\/logobu.png","og:image:secure_url":"https:\/\/bunuri.md\/wp-content\/uploads\/2022\/10\/logobu.png","og:image:width":200,"og:image:height":200,"article:published_time":"2022-09-22T18:31:03+00:00","article:modified_time":"2025-07-29T17:51:37+00:00","article:publisher":"https:\/\/facebook.com\/https:\/\/www.facebook.com\/bunurimag","twitter:card":"summary","twitter:site":"@https:","twitter:title":"Motor pe benzin\u0103 WEIMA 170F, putere 7.0 c. p.","twitter:description":"Este un motor pe benzin\u0103 fiabil, de \u00eenalt\u0103 calitate, cu un sistem de r\u0103cire for\u021bat cu aer, dezvoltat folosind tehnologia concernului Honda profesional Japonez.","twitter:image":"https:\/\/bunuri.md\/wp-content\/uploads\/2022\/10\/logobu.png"},"aioseo_meta_data":{"post_id":"5524","title":"Motor pe benzin\u0103 WEIMA 170F, putere 7.0 c. p.","description":"Este un motor pe benzin\u0103 fiabil, de \u00eenalt\u0103 calitate, cu un sistem de r\u0103cire for\u021bat cu aer, dezvoltat folosind tehnologia concernului Honda profesional Japonez.","keywords":null,"keyphrases":{"focus":{"keyphrase":"","score":0,"analysis":{"keyphraseInTitle":{"score":0,"maxScore":9,"error":1}}},"additional":[]},"primary_term":null,"canonical_url":null,"og_title":null,"og_description":null,"og_object_type":"default","og_image_type":"default","og_image_url":null,"og_image_width":null,"og_image_height":null,"og_image_custom_url":null,"og_image_custom_fields":null,"og_video":"","og_custom_url":null,"og_article_section":null,"og_article_tags":null,"twitter_use_og":false,"twitter_card":"default","twitter_image_type":"default","twitter_image_url":null,"twitter_image_custom_url":null,"twitter_image_custom_fields":null,"twitter_title":null,"twitter_description":null,"schema":{"blockGraphs":[],"customGraphs":[],"default":{"data":{"Article":[],"Course":[],"Dataset":[],"FAQPage":[],"Movie":[],"Person":[],"Product":[],"ProductReview":[],"Car":[],"Recipe":[],"Service":[],"SoftwareApplication":[],"WebPage":[]},"graphName":"ItemPage","isEnabled":true},"graphs":[]},"schema_type":"default","schema_type_options":null,"pillar_content":false,"robots_default":true,"robots_noindex":false,"robots_noarchive":false,"robots_nosnippet":false,"robots_nofollow":false,"robots_noimageindex":false,"robots_noodp":false,"robots_notranslate":false,"robots_max_snippet":"-1","robots_max_videopreview":"-1","robots_max_imagepreview":"large","priority":null,"frequency":"default","local_seo":null,"seo_analyzer_scan_date":null,"breadcrumb_settings":null,"limit_modified_date":false,"reviewed_by":"0","open_ai":"{\"title\":{\"suggestions\":[],\"usage\":0},\"description\":{\"suggestions\":[],\"usage\":0}}","ai":{"faqs":[],"keyPoints":[],"titles":[],"descriptions":[],"socialPosts":{"email":[],"linkedin":[],"twitter":[],"facebook":[],"instagram":[]}},"created":"2022-09-23 08:15:42","updated":"2025-07-29 17:56:09"},"aioseo_breadcrumb":"<div class=\"aioseo-breadcrumbs\"><span class=\"aioseo-breadcrumb\">\n\t<a href=\"https:\/\/bunuri.md\/ro\/\" title=\"Home\">Home<\/a>\n<\/span><span class=\"aioseo-breadcrumb-separator\">\u00bb<\/span><span class=\"aioseo-breadcrumb\">\n\t<a href=\"https:\/\/bunuri.md\/ro\/shop-2\/\" title=\"Magazin\">Magazin<\/a>\n<\/span><span class=\"aioseo-breadcrumb-separator\">\u00bb<\/span><span class=\"aioseo-breadcrumb\">\n\t<a href=\"https:\/\/bunuri.md\/ro\/product-category\/motoare\/\" title=\"\u041c\u043e\u0442\u043e\u0430\u0440\u0435 pentru motoblocuri, mini tractoare\">\u041c\u043e\u0442\u043e\u0430\u0440\u0435 pentru motoblocuri, mini tractoare<\/a>\n<\/span><span class=\"aioseo-breadcrumb-separator\">\u00bb<\/span><span class=\"aioseo-breadcrumb\">\n\tMotor pe benzin\u0103 WEIMA 170F, putere 7.0 c. p.\n<\/span><\/div>","aioseo_breadcrumb_json":[{"label":"Home","link":"https:\/\/bunuri.md\/ro\/"},{"label":"Magazin","link":"https:\/\/bunuri.md\/ro\/shop-2\/"},{"label":"\u041c\u043e\u0442\u043e\u0430\u0440\u0435 pentru motoblocuri, mini tractoare","link":"https:\/\/bunuri.md\/ro\/product-category\/motoare\/"},{"label":"Motor pe benzin\u0103 WEIMA 170F, putere 7.0 c. p.","link":"https:\/\/bunuri.md\/ro\/shop\/motor-pe-benzina-weima-170f-putere-7-0-c-p\/"}],"brands":[],"_links":{"self":[{"href":"https:\/\/bunuri.md\/ro\/wp-json\/wp\/v2\/product\/5524","targetHints":{"allow":["GET"]}}],"collection":[{"href":"https:\/\/bunuri.md\/ro\/wp-json\/wp\/v2\/product"}],"about":[{"href":"https:\/\/bunuri.md\/ro\/wp-json\/wp\/v2\/types\/product"}],"replies":[{"embeddable":true,"href":"https:\/\/bunuri.md\/ro\/wp-json\/wp\/v2\/comments?post=5524"}],"wp:featuredmedia":[{"embeddable":true,"href":"https:\/\/bunuri.md\/ro\/wp-json\/wp\/v2\/media\/8878"}],"wp:attachment":[{"href":"https:\/\/bunuri.md\/ro\/wp-json\/wp\/v2\/media?parent=5524"}],"wp:term":[{"taxonomy":"pwb-brand","embeddable":true,"href":"https:\/\/bunuri.md\/ro\/wp-json\/wp\/v2\/pwb-brand?post=5524"},{"taxonomy":"product_brand","embeddable":true,"href":"https:\/\/bunuri.md\/ro\/wp-json\/wp\/v2\/product_brand?post=5524"},{"taxonomy":"product_cat","embeddable":true,"href":"https:\/\/bunuri.md\/ro\/wp-json\/wp\/v2\/product_cat?post=5524"},{"taxonomy":"product_tag","embeddable":true,"href":"https:\/\/bunuri.md\/ro\/wp-json\/wp\/v2\/product_tag?post=5524"}],"curies":[{"name":"wp","href":"https:\/\/api.w.org\/{rel}","templated":true}]}}