{"id":6944,"date":"2022-12-19T16:59:41","date_gmt":"2022-12-19T19:49:03","guid":{"rendered":"https:\/\/bunuri.md\/?post_type=product&#038;p=6944"},"modified":"2025-03-18T01:08:12","modified_gmt":"2025-03-17T22:08:12","slug":"motor-diesel-173d-puterea-5-c-p-pentru-fante-de-25-mm","status":"publish","type":"product","link":"https:\/\/bunuri.md\/ro\/shop\/motor-diesel-173d-puterea-5-c-p-pentru-fante-de-25-mm\/","title":{"rendered":"Motor diesel 173D, puterea 5 c. p.(pentru fante de 25 mm )"},"content":{"rendered":"<p><strong>Motor diesel 173D, putere 5 l. cu. (pentru fante de 25 mm)<\/strong> &#8211; Proiectat pentru arderea masei combustibil-aer \u0219i procesarea energiei termice primite \u00een energie mecanic\u0103, care porne\u0219te toate mecanismele \u0219i componentele. Potrivit pentru motoblocuri, motopompe, generatoare \u0219i alte ma\u0219ini agricole. Principalele avantaje ale motorului sunt eficien\u021ba, fiabilitatea \u00een func\u021bionare \u0219i nepreten\u021bia \u00een timpul func\u021bion\u0103rii, precum \u0219i u\u0219urin\u021ba \u00eentre\u021binerii. Pentru a facilita pornirea motorului, dispune de un demaror electric, care asigura pornirea lucrarilor in orice conditii. <a href=\"https:\/\/bunuri.md\/ro\/product-category\/motoblocuri-minitractore\/\">Acest motor este potrivit \u0219i pentru unele motoblocuri dintr-un asortiment mare.<\/a><\/p>\n<p><strong>Haracteristici tehnice:<\/strong><\/p>\n<p>Putere: 5 c. p.<br \/>\nSistem de pornire: demaror manual<br \/>\nCombustibil: diesel<br \/>\nCilindru: 276 cm c<br \/>\nTip motor: 4 timpi<br \/>\nAlezaj: 73 mm<br \/>\nBaia de ulei: 1,1 l<br \/>\nRezervor combustibil: 3,5 l<br \/>\nNumar de cilindri: 1<br \/>\nR\u0103cire: aer<br \/>\nProducator: WEIMA<br \/>\nGreutate: 28 kg<\/p>\n","protected":false},"excerpt":{"rendered":"<p>Proiectat pentru arderea masei combustibil-aer \u0219i procesarea energiei termice primite \u00een energie mecanic\u0103, care porne\u0219te toate mecanismele \u0219i componentele ei.<\/p>\n","protected":false},"featured_media":6947,"comment_status":"open","ping_status":"closed","template":"","meta":{"om_disable_all_campaigns":false},"pwb-brand":[],"product_brand":[],"product_cat":[388],"product_tag":[],"class_list":{"0":"post-6944","1":"product","2":"type-product","3":"status-publish","4":"has-post-thumbnail","6":"product_cat-motoare","8":"first","9":"instock","10":"sale","11":"featured","12":"purchasable","13":"product-type-simple"},"aioseo_notices":[],"aioseo_head":"\n\t\t<!-- All in One SEO Pro 4.9.6.2 - aioseo.com -->\n\t<meta name=\"description\" content=\"Proiectat pentru arderea masei combustibil-aer \u0219i procesarea energiei termice primite \u00een energie mecanic\u0103, care porne\u0219te toate mecanismele \u0219i componentele ei.\" \/>\n\t<meta name=\"robots\" content=\"max-image-preview:large\" \/>\n\t<link rel=\"canonical\" href=\"https:\/\/bunuri.md\/ro\/shop\/motor-diesel-173d-puterea-5-c-p-pentru-fante-de-25-mm\/\" \/>\n\t<meta name=\"generator\" content=\"All in One SEO Pro (AIOSEO) 4.9.6.2\" \/>\n\t\t<meta property=\"og:locale\" content=\"ro_RO\" \/>\n\t\t<meta property=\"og:site_name\" content=\"\u0418\u043d\u0442\u0435\u0440\u043d\u0435\u0442 \u043c\u0430\u0433\u0430\u0437\u0438\u043d \u041c\u043e\u043b\u0434\u043e\u0432\u0430 | Bunuri.md este un magazin online care livreaz\u0103 \u0219i comercializeaz\u0103 o gam\u0103 larg\u0103 de m\u0103rfuri de diverse categorii pe \u00eentreg teritoriul Republicii Moldova.\" \/>\n\t\t<meta property=\"og:type\" content=\"article\" \/>\n\t\t<meta property=\"og:title\" content=\"Motor diesel 173D, puterea 5 c. p. (pentru fante de 25 mm)\" \/>\n\t\t<meta property=\"og:description\" content=\"Proiectat pentru arderea masei combustibil-aer \u0219i procesarea energiei termice primite \u00een energie mecanic\u0103, care porne\u0219te toate mecanismele \u0219i componentele ei.\" \/>\n\t\t<meta property=\"og:url\" content=\"https:\/\/bunuri.md\/ro\/shop\/motor-diesel-173d-puterea-5-c-p-pentru-fante-de-25-mm\/\" \/>\n\t\t<meta property=\"og:image\" content=\"https:\/\/bunuri.md\/wp-content\/uploads\/2022\/10\/logobu.png\" \/>\n\t\t<meta property=\"og:image:secure_url\" content=\"https:\/\/bunuri.md\/wp-content\/uploads\/2022\/10\/logobu.png\" \/>\n\t\t<meta property=\"og:image:width\" content=\"200\" \/>\n\t\t<meta property=\"og:image:height\" content=\"200\" \/>\n\t\t<meta property=\"article:published_time\" content=\"2022-12-19T19:49:03+00:00\" \/>\n\t\t<meta property=\"article:modified_time\" content=\"2025-03-17T22:08:12+00:00\" \/>\n\t\t<meta property=\"article:publisher\" content=\"https:\/\/facebook.com\/https:\/\/www.facebook.com\/bunurimag\" \/>\n\t\t<meta name=\"twitter:card\" content=\"summary\" \/>\n\t\t<meta name=\"twitter:site\" content=\"@https:\" \/>\n\t\t<meta name=\"twitter:title\" content=\"Motor diesel 173D, puterea 5 c. p. (pentru fante de 25 mm)\" \/>\n\t\t<meta name=\"twitter:description\" content=\"Proiectat pentru arderea masei combustibil-aer \u0219i procesarea energiei termice primite \u00een energie mecanic\u0103, care porne\u0219te toate mecanismele \u0219i componentele ei.\" \/>\n\t\t<meta name=\"twitter:image\" content=\"https:\/\/bunuri.md\/wp-content\/uploads\/2022\/10\/logobu.png\" \/>\n\t\t<script type=\"application\/ld+json\" class=\"aioseo-schema\">\n\t\t\t{\"@context\":\"https:\\\/\\\/schema.org\",\"@graph\":[{\"@type\":\"BreadcrumbList\",\"@id\":\"https:\\\/\\\/bunuri.md\\\/ro\\\/shop\\\/motor-diesel-173d-puterea-5-c-p-pentru-fante-de-25-mm\\\/#breadcrumblist\",\"itemListElement\":[{\"@type\":\"ListItem\",\"@id\":\"https:\\\/\\\/bunuri.md\\\/ro\\\/#listItem\",\"position\":1,\"name\":\"Home\",\"item\":\"https:\\\/\\\/bunuri.md\\\/ro\\\/\",\"nextItem\":{\"@type\":\"ListItem\",\"@id\":\"https:\\\/\\\/bunuri.md\\\/ro\\\/shop-2\\\/#listItem\",\"name\":\"Magazin\"}},{\"@type\":\"ListItem\",\"@id\":\"https:\\\/\\\/bunuri.md\\\/ro\\\/shop-2\\\/#listItem\",\"position\":2,\"name\":\"Magazin\",\"item\":\"https:\\\/\\\/bunuri.md\\\/ro\\\/shop-2\\\/\",\"nextItem\":{\"@type\":\"ListItem\",\"@id\":\"https:\\\/\\\/bunuri.md\\\/ro\\\/product-category\\\/motoare\\\/#listItem\",\"name\":\"\\u041c\\u043e\\u0442\\u043e\\u0430\\u0440\\u0435 pentru motoblocuri, mini tractoare\"},\"previousItem\":{\"@type\":\"ListItem\",\"@id\":\"https:\\\/\\\/bunuri.md\\\/ro\\\/#listItem\",\"name\":\"Home\"}},{\"@type\":\"ListItem\",\"@id\":\"https:\\\/\\\/bunuri.md\\\/ro\\\/product-category\\\/motoare\\\/#listItem\",\"position\":3,\"name\":\"\\u041c\\u043e\\u0442\\u043e\\u0430\\u0440\\u0435 pentru motoblocuri, mini tractoare\",\"item\":\"https:\\\/\\\/bunuri.md\\\/ro\\\/product-category\\\/motoare\\\/\",\"nextItem\":{\"@type\":\"ListItem\",\"@id\":\"https:\\\/\\\/bunuri.md\\\/ro\\\/shop\\\/motor-diesel-173d-puterea-5-c-p-pentru-fante-de-25-mm\\\/#listItem\",\"name\":\"Motor diesel 173D, puterea 5 c. p.(pentru fante de 25 mm )\"},\"previousItem\":{\"@type\":\"ListItem\",\"@id\":\"https:\\\/\\\/bunuri.md\\\/ro\\\/shop-2\\\/#listItem\",\"name\":\"Magazin\"}},{\"@type\":\"ListItem\",\"@id\":\"https:\\\/\\\/bunuri.md\\\/ro\\\/shop\\\/motor-diesel-173d-puterea-5-c-p-pentru-fante-de-25-mm\\\/#listItem\",\"position\":4,\"name\":\"Motor diesel 173D, puterea 5 c. p.(pentru fante de 25 mm )\",\"previousItem\":{\"@type\":\"ListItem\",\"@id\":\"https:\\\/\\\/bunuri.md\\\/ro\\\/product-category\\\/motoare\\\/#listItem\",\"name\":\"\\u041c\\u043e\\u0442\\u043e\\u0430\\u0440\\u0435 pentru motoblocuri, mini tractoare\"}}]},{\"@type\":\"ItemPage\",\"@id\":\"https:\\\/\\\/bunuri.md\\\/ro\\\/shop\\\/motor-diesel-173d-puterea-5-c-p-pentru-fante-de-25-mm\\\/#itempage\",\"url\":\"https:\\\/\\\/bunuri.md\\\/ro\\\/shop\\\/motor-diesel-173d-puterea-5-c-p-pentru-fante-de-25-mm\\\/\",\"name\":\"Motor diesel 173D, puterea 5 c. p. (pentru fante de 25 mm)\",\"description\":\"Proiectat pentru arderea masei combustibil-aer \\u0219i procesarea energiei termice primite \\u00een energie mecanic\\u0103, care porne\\u0219te toate mecanismele \\u0219i componentele ei.\",\"inLanguage\":\"ro-RO\",\"isPartOf\":{\"@id\":\"https:\\\/\\\/bunuri.md\\\/ro\\\/#website\"},\"breadcrumb\":{\"@id\":\"https:\\\/\\\/bunuri.md\\\/ro\\\/shop\\\/motor-diesel-173d-puterea-5-c-p-pentru-fante-de-25-mm\\\/#breadcrumblist\"},\"image\":{\"@type\":\"ImageObject\",\"url\":\"https:\\\/\\\/bunuri.md\\\/wp-content\\\/uploads\\\/2022\\\/12\\\/Motor_Weima173d_diezel_5cp.jpg\",\"@id\":\"https:\\\/\\\/bunuri.md\\\/ro\\\/shop\\\/motor-diesel-173d-puterea-5-c-p-pentru-fante-de-25-mm\\\/#mainImage\",\"width\":571,\"height\":600},\"primaryImageOfPage\":{\"@id\":\"https:\\\/\\\/bunuri.md\\\/ro\\\/shop\\\/motor-diesel-173d-puterea-5-c-p-pentru-fante-de-25-mm\\\/#mainImage\"},\"datePublished\":\"2022-12-19T16:59:41+03:00\",\"dateModified\":\"2025-03-18T01:08:12+03:00\"},{\"@type\":\"Organization\",\"@id\":\"https:\\\/\\\/bunuri.md\\\/ro\\\/#organization\",\"name\":\"\\u00centreprinderea Individual\\u0103 \\\"Buldumac Aliona\\\"\",\"description\":\"\\u0418\\u041f \\u00ab\\u0411\\u0443\\u043b\\u0434\\u0443\\u043c\\u0430\\u043a \\u0410\\u043b\\u0435\\u043d\\u0430\\u00bb - \\u044d\\u0442\\u043e \\u043d\\u0430\\u0434\\u0451\\u0436\\u043d\\u044b\\u0439 \\u0438 \\u043e\\u0440\\u0438\\u0435\\u043d\\u0442\\u0438\\u0440\\u043e\\u0432\\u0430\\u043d\\u043d\\u044b\\u0439 \\u043d\\u0430 \\u043a\\u043b\\u0438\\u0435\\u043d\\u0442\\u0430 \\u0431\\u0438\\u0437\\u043d\\u0435\\u0441, \\u043f\\u0440\\u0435\\u0434\\u043b\\u0430\\u0433\\u0430\\u044e\\u0449\\u0438\\u0439 \\u043a\\u0430\\u0447\\u0435\\u0441\\u0442\\u0432\\u0435\\u043d\\u043d\\u044b\\u0435 \\u0442\\u043e\\u0432\\u0430\\u0440\\u044b, \\u0443\\u0441\\u043b\\u0443\\u0433\\u0438 \\u0441 \\u0430\\u043a\\u0446\\u0435\\u043d\\u0442\\u043e\\u043c \\u043d\\u0430 \\u043f\\u0440\\u0430\\u043a\\u0442\\u0438\\u0447\\u043d\\u043e\\u0441\\u0442\\u044c \\u0438 \\u0447\\u0435\\u0441\\u0442\\u043d\\u044b\\u0439 \\u043f\\u043e\\u0434\\u0445\\u043e\\u0434.\",\"url\":\"https:\\\/\\\/bunuri.md\\\/ro\\\/\",\"email\":\"bunuri.md@gmail.com\",\"telephone\":\"+37379512557\",\"foundingDate\":\"2006-09-27\",\"numberOfEmployees\":{\"@type\":\"QuantitativeValue\",\"minValue\":0,\"maxValue\":4},\"logo\":{\"@type\":\"ImageObject\",\"url\":\"https:\\\/\\\/bunuri.md\\\/wp-content\\\/uploads\\\/2022\\\/08\\\/logo-bunuri.png\",\"@id\":\"https:\\\/\\\/bunuri.md\\\/ro\\\/shop\\\/motor-diesel-173d-puterea-5-c-p-pentru-fante-de-25-mm\\\/#organizationLogo\",\"width\":250,\"height\":250},\"image\":{\"@id\":\"https:\\\/\\\/bunuri.md\\\/ro\\\/shop\\\/motor-diesel-173d-puterea-5-c-p-pentru-fante-de-25-mm\\\/#organizationLogo\"},\"sameAs\":[\"https:\\\/\\\/facebook.com\\\/https:\\\/\\\/www.facebook.com\\\/bunurimag\",\"https:\\\/\\\/x.com\\\/https:\\\/\\\/www.facebook.com\\\/bunurimag\",\"https:\\\/\\\/instagram.com\\\/https:\\\/\\\/www.facebook.com\\\/bunurimag\",\"https:\\\/\\\/pinterest.com\\\/https:\\\/\\\/www.facebook.com\\\/bunurimag\",\"https:\\\/\\\/youtube.com\\\/https:\\\/\\\/www.facebook.com\\\/bunurimag\",\"https:\\\/\\\/linkedin.com\\\/in\\\/https:\\\/\\\/www.facebook.com\\\/bunurimag\",\"https:\\\/\\\/soundcloud.com\\\/https:\\\/\\\/www.facebook.com\\\/bunurimag\"],\"address\":{\"@id\":\"https:\\\/\\\/bunuri.md\\\/ro\\\/#postaladdress\",\"@type\":\"PostalAddress\",\"streetAddress\":\"\\u0420. \\u041c\\u043e\\u043b\\u0434\\u043e\\u0432\\u0430, \\u0433. \\u0425\\u044b\\u043d\\u0447\\u0435\\u0448\\u0442\\u044b\",\"postalCode\":\"3401\",\"addressLocality\":\"\\u0425\\u044b\\u043d\\u0447\\u0435\\u0448\\u0442\\u044b\",\"addressRegion\":\"Moldova\",\"addressCountry\":\"MD\"}},{\"@type\":\"WebPage\",\"@id\":\"https:\\\/\\\/bunuri.md\\\/ro\\\/shop\\\/motor-diesel-173d-puterea-5-c-p-pentru-fante-de-25-mm\\\/#webpage\",\"url\":\"https:\\\/\\\/bunuri.md\\\/ro\\\/shop\\\/motor-diesel-173d-puterea-5-c-p-pentru-fante-de-25-mm\\\/\",\"name\":\"Motor diesel 173D, puterea 5 c. p. (pentru fante de 25 mm)\",\"description\":\"Proiectat pentru arderea masei combustibil-aer \\u0219i procesarea energiei termice primite \\u00een energie mecanic\\u0103, care porne\\u0219te toate mecanismele \\u0219i componentele ei.\",\"inLanguage\":\"ro-RO\",\"isPartOf\":{\"@id\":\"https:\\\/\\\/bunuri.md\\\/ro\\\/#website\"},\"breadcrumb\":{\"@id\":\"https:\\\/\\\/bunuri.md\\\/ro\\\/shop\\\/motor-diesel-173d-puterea-5-c-p-pentru-fante-de-25-mm\\\/#breadcrumblist\"},\"image\":{\"@type\":\"ImageObject\",\"url\":\"https:\\\/\\\/bunuri.md\\\/wp-content\\\/uploads\\\/2022\\\/12\\\/Motor_Weima173d_diezel_5cp.jpg\",\"@id\":\"https:\\\/\\\/bunuri.md\\\/ro\\\/shop\\\/motor-diesel-173d-puterea-5-c-p-pentru-fante-de-25-mm\\\/#mainImage\",\"width\":571,\"height\":600},\"primaryImageOfPage\":{\"@id\":\"https:\\\/\\\/bunuri.md\\\/ro\\\/shop\\\/motor-diesel-173d-puterea-5-c-p-pentru-fante-de-25-mm\\\/#mainImage\"},\"datePublished\":\"2022-12-19T16:59:41+03:00\",\"dateModified\":\"2025-03-18T01:08:12+03:00\"},{\"@type\":\"WebSite\",\"@id\":\"https:\\\/\\\/bunuri.md\\\/ro\\\/#website\",\"url\":\"https:\\\/\\\/bunuri.md\\\/ro\\\/\",\"name\":\"www.bunuri.md\",\"alternateName\":\"bunuri.md\",\"description\":\"Bunuri.md este un magazin online care livreaz\\u0103 \\u0219i comercializeaz\\u0103 o gam\\u0103 larg\\u0103 de m\\u0103rfuri de diverse categorii pe \\u00eentreg teritoriul Republicii Moldova.\",\"inLanguage\":\"ro-RO\",\"publisher\":{\"@id\":\"https:\\\/\\\/bunuri.md\\\/ro\\\/#organization\"}}]}\n\t\t<\/script>\n\t\t<!-- All in One SEO Pro -->\r\n\t\t<title>Motor diesel 173D, puterea 5 c. p. (pentru fante de 25 mm)<\/title>\n\n","aioseo_head_json":{"title":"Motor diesel 173D, puterea 5 c. p. (pentru fante de 25 mm)","description":"Proiectat pentru arderea masei combustibil-aer \u0219i procesarea energiei termice primite \u00een energie mecanic\u0103, care porne\u0219te toate mecanismele \u0219i componentele ei.","canonical_url":"https:\/\/bunuri.md\/ro\/shop\/motor-diesel-173d-puterea-5-c-p-pentru-fante-de-25-mm\/","robots":"max-image-preview:large","keywords":"","webmasterTools":{"miscellaneous":""},"schema":{"@context":"https:\/\/schema.org","@graph":[{"@type":"BreadcrumbList","@id":"https:\/\/bunuri.md\/ro\/shop\/motor-diesel-173d-puterea-5-c-p-pentru-fante-de-25-mm\/#breadcrumblist","itemListElement":[{"@type":"ListItem","@id":"https:\/\/bunuri.md\/ro\/#listItem","position":1,"name":"Home","item":"https:\/\/bunuri.md\/ro\/","nextItem":{"@type":"ListItem","@id":"https:\/\/bunuri.md\/ro\/shop-2\/#listItem","name":"Magazin"}},{"@type":"ListItem","@id":"https:\/\/bunuri.md\/ro\/shop-2\/#listItem","position":2,"name":"Magazin","item":"https:\/\/bunuri.md\/ro\/shop-2\/","nextItem":{"@type":"ListItem","@id":"https:\/\/bunuri.md\/ro\/product-category\/motoare\/#listItem","name":"\u041c\u043e\u0442\u043e\u0430\u0440\u0435 pentru motoblocuri, mini tractoare"},"previousItem":{"@type":"ListItem","@id":"https:\/\/bunuri.md\/ro\/#listItem","name":"Home"}},{"@type":"ListItem","@id":"https:\/\/bunuri.md\/ro\/product-category\/motoare\/#listItem","position":3,"name":"\u041c\u043e\u0442\u043e\u0430\u0440\u0435 pentru motoblocuri, mini tractoare","item":"https:\/\/bunuri.md\/ro\/product-category\/motoare\/","nextItem":{"@type":"ListItem","@id":"https:\/\/bunuri.md\/ro\/shop\/motor-diesel-173d-puterea-5-c-p-pentru-fante-de-25-mm\/#listItem","name":"Motor diesel 173D, puterea 5 c. p.(pentru fante de 25 mm )"},"previousItem":{"@type":"ListItem","@id":"https:\/\/bunuri.md\/ro\/shop-2\/#listItem","name":"Magazin"}},{"@type":"ListItem","@id":"https:\/\/bunuri.md\/ro\/shop\/motor-diesel-173d-puterea-5-c-p-pentru-fante-de-25-mm\/#listItem","position":4,"name":"Motor diesel 173D, puterea 5 c. p.(pentru fante de 25 mm )","previousItem":{"@type":"ListItem","@id":"https:\/\/bunuri.md\/ro\/product-category\/motoare\/#listItem","name":"\u041c\u043e\u0442\u043e\u0430\u0440\u0435 pentru motoblocuri, mini tractoare"}}]},{"@type":"ItemPage","@id":"https:\/\/bunuri.md\/ro\/shop\/motor-diesel-173d-puterea-5-c-p-pentru-fante-de-25-mm\/#itempage","url":"https:\/\/bunuri.md\/ro\/shop\/motor-diesel-173d-puterea-5-c-p-pentru-fante-de-25-mm\/","name":"Motor diesel 173D, puterea 5 c. p. (pentru fante de 25 mm)","description":"Proiectat pentru arderea masei combustibil-aer \u0219i procesarea energiei termice primite \u00een energie mecanic\u0103, care porne\u0219te toate mecanismele \u0219i componentele ei.","inLanguage":"ro-RO","isPartOf":{"@id":"https:\/\/bunuri.md\/ro\/#website"},"breadcrumb":{"@id":"https:\/\/bunuri.md\/ro\/shop\/motor-diesel-173d-puterea-5-c-p-pentru-fante-de-25-mm\/#breadcrumblist"},"image":{"@type":"ImageObject","url":"https:\/\/bunuri.md\/wp-content\/uploads\/2022\/12\/Motor_Weima173d_diezel_5cp.jpg","@id":"https:\/\/bunuri.md\/ro\/shop\/motor-diesel-173d-puterea-5-c-p-pentru-fante-de-25-mm\/#mainImage","width":571,"height":600},"primaryImageOfPage":{"@id":"https:\/\/bunuri.md\/ro\/shop\/motor-diesel-173d-puterea-5-c-p-pentru-fante-de-25-mm\/#mainImage"},"datePublished":"2022-12-19T16:59:41+03:00","dateModified":"2025-03-18T01:08:12+03:00"},{"@type":"Organization","@id":"https:\/\/bunuri.md\/ro\/#organization","name":"\u00centreprinderea Individual\u0103 \"Buldumac Aliona\"","description":"\u0418\u041f \u00ab\u0411\u0443\u043b\u0434\u0443\u043c\u0430\u043a \u0410\u043b\u0435\u043d\u0430\u00bb - \u044d\u0442\u043e \u043d\u0430\u0434\u0451\u0436\u043d\u044b\u0439 \u0438 \u043e\u0440\u0438\u0435\u043d\u0442\u0438\u0440\u043e\u0432\u0430\u043d\u043d\u044b\u0439 \u043d\u0430 \u043a\u043b\u0438\u0435\u043d\u0442\u0430 \u0431\u0438\u0437\u043d\u0435\u0441, \u043f\u0440\u0435\u0434\u043b\u0430\u0433\u0430\u044e\u0449\u0438\u0439 \u043a\u0430\u0447\u0435\u0441\u0442\u0432\u0435\u043d\u043d\u044b\u0435 \u0442\u043e\u0432\u0430\u0440\u044b, \u0443\u0441\u043b\u0443\u0433\u0438 \u0441 \u0430\u043a\u0446\u0435\u043d\u0442\u043e\u043c \u043d\u0430 \u043f\u0440\u0430\u043a\u0442\u0438\u0447\u043d\u043e\u0441\u0442\u044c \u0438 \u0447\u0435\u0441\u0442\u043d\u044b\u0439 \u043f\u043e\u0434\u0445\u043e\u0434.","url":"https:\/\/bunuri.md\/ro\/","email":"bunuri.md@gmail.com","telephone":"+37379512557","foundingDate":"2006-09-27","numberOfEmployees":{"@type":"QuantitativeValue","minValue":0,"maxValue":4},"logo":{"@type":"ImageObject","url":"https:\/\/bunuri.md\/wp-content\/uploads\/2022\/08\/logo-bunuri.png","@id":"https:\/\/bunuri.md\/ro\/shop\/motor-diesel-173d-puterea-5-c-p-pentru-fante-de-25-mm\/#organizationLogo","width":250,"height":250},"image":{"@id":"https:\/\/bunuri.md\/ro\/shop\/motor-diesel-173d-puterea-5-c-p-pentru-fante-de-25-mm\/#organizationLogo"},"sameAs":["https:\/\/facebook.com\/https:\/\/www.facebook.com\/bunurimag","https:\/\/x.com\/https:\/\/www.facebook.com\/bunurimag","https:\/\/instagram.com\/https:\/\/www.facebook.com\/bunurimag","https:\/\/pinterest.com\/https:\/\/www.facebook.com\/bunurimag","https:\/\/youtube.com\/https:\/\/www.facebook.com\/bunurimag","https:\/\/linkedin.com\/in\/https:\/\/www.facebook.com\/bunurimag","https:\/\/soundcloud.com\/https:\/\/www.facebook.com\/bunurimag"],"address":{"@id":"https:\/\/bunuri.md\/ro\/#postaladdress","@type":"PostalAddress","streetAddress":"\u0420. \u041c\u043e\u043b\u0434\u043e\u0432\u0430, \u0433. \u0425\u044b\u043d\u0447\u0435\u0448\u0442\u044b","postalCode":"3401","addressLocality":"\u0425\u044b\u043d\u0447\u0435\u0448\u0442\u044b","addressRegion":"Moldova","addressCountry":"MD"}},{"@type":"WebPage","@id":"https:\/\/bunuri.md\/ro\/shop\/motor-diesel-173d-puterea-5-c-p-pentru-fante-de-25-mm\/#webpage","url":"https:\/\/bunuri.md\/ro\/shop\/motor-diesel-173d-puterea-5-c-p-pentru-fante-de-25-mm\/","name":"Motor diesel 173D, puterea 5 c. p. (pentru fante de 25 mm)","description":"Proiectat pentru arderea masei combustibil-aer \u0219i procesarea energiei termice primite \u00een energie mecanic\u0103, care porne\u0219te toate mecanismele \u0219i componentele ei.","inLanguage":"ro-RO","isPartOf":{"@id":"https:\/\/bunuri.md\/ro\/#website"},"breadcrumb":{"@id":"https:\/\/bunuri.md\/ro\/shop\/motor-diesel-173d-puterea-5-c-p-pentru-fante-de-25-mm\/#breadcrumblist"},"image":{"@type":"ImageObject","url":"https:\/\/bunuri.md\/wp-content\/uploads\/2022\/12\/Motor_Weima173d_diezel_5cp.jpg","@id":"https:\/\/bunuri.md\/ro\/shop\/motor-diesel-173d-puterea-5-c-p-pentru-fante-de-25-mm\/#mainImage","width":571,"height":600},"primaryImageOfPage":{"@id":"https:\/\/bunuri.md\/ro\/shop\/motor-diesel-173d-puterea-5-c-p-pentru-fante-de-25-mm\/#mainImage"},"datePublished":"2022-12-19T16:59:41+03:00","dateModified":"2025-03-18T01:08:12+03:00"},{"@type":"WebSite","@id":"https:\/\/bunuri.md\/ro\/#website","url":"https:\/\/bunuri.md\/ro\/","name":"www.bunuri.md","alternateName":"bunuri.md","description":"Bunuri.md este un magazin online care livreaz\u0103 \u0219i comercializeaz\u0103 o gam\u0103 larg\u0103 de m\u0103rfuri de diverse categorii pe \u00eentreg teritoriul Republicii Moldova.","inLanguage":"ro-RO","publisher":{"@id":"https:\/\/bunuri.md\/ro\/#organization"}}]},"og:locale":"ro_RO","og:site_name":"\u0418\u043d\u0442\u0435\u0440\u043d\u0435\u0442 \u043c\u0430\u0433\u0430\u0437\u0438\u043d \u041c\u043e\u043b\u0434\u043e\u0432\u0430 | Bunuri.md este un magazin online care livreaz\u0103 \u0219i comercializeaz\u0103 o gam\u0103 larg\u0103 de m\u0103rfuri de diverse categorii pe \u00eentreg teritoriul Republicii Moldova.","og:type":"article","og:title":"Motor diesel 173D, puterea 5 c. p. (pentru fante de 25 mm)","og:description":"Proiectat pentru arderea masei combustibil-aer \u0219i procesarea energiei termice primite \u00een energie mecanic\u0103, care porne\u0219te toate mecanismele \u0219i componentele ei.","og:url":"https:\/\/bunuri.md\/ro\/shop\/motor-diesel-173d-puterea-5-c-p-pentru-fante-de-25-mm\/","og:image":"https:\/\/bunuri.md\/wp-content\/uploads\/2022\/10\/logobu.png","og:image:secure_url":"https:\/\/bunuri.md\/wp-content\/uploads\/2022\/10\/logobu.png","og:image:width":200,"og:image:height":200,"article:published_time":"2022-12-19T19:49:03+00:00","article:modified_time":"2025-03-17T22:08:12+00:00","article:publisher":"https:\/\/facebook.com\/https:\/\/www.facebook.com\/bunurimag","twitter:card":"summary","twitter:site":"@https:","twitter:title":"Motor diesel 173D, puterea 5 c. p. (pentru fante de 25 mm)","twitter:description":"Proiectat pentru arderea masei combustibil-aer \u0219i procesarea energiei termice primite \u00een energie mecanic\u0103, care porne\u0219te toate mecanismele \u0219i componentele ei.","twitter:image":"https:\/\/bunuri.md\/wp-content\/uploads\/2022\/10\/logobu.png"},"aioseo_meta_data":{"post_id":"6944","title":"Motor diesel 173D, puterea 5 c. p. (pentru fante de 25 mm)","description":"Proiectat pentru arderea masei combustibil-aer \u0219i procesarea energiei termice primite \u00een energie mecanic\u0103, care porne\u0219te toate mecanismele \u0219i componentele ei.","keywords":null,"keyphrases":{"focus":{"keyphrase":"","score":0,"analysis":{"keyphraseInTitle":{"score":0,"maxScore":9,"error":1}}},"additional":[]},"primary_term":null,"canonical_url":null,"og_title":null,"og_description":null,"og_object_type":"default","og_image_type":"default","og_image_url":null,"og_image_width":null,"og_image_height":null,"og_image_custom_url":null,"og_image_custom_fields":null,"og_video":"","og_custom_url":null,"og_article_section":null,"og_article_tags":null,"twitter_use_og":false,"twitter_card":"default","twitter_image_type":"default","twitter_image_url":null,"twitter_image_custom_url":null,"twitter_image_custom_fields":null,"twitter_title":null,"twitter_description":null,"schema":{"blockGraphs":[],"customGraphs":[],"default":{"data":{"Article":[],"Course":[],"Dataset":[],"FAQPage":[],"Movie":[],"Person":[],"Product":[],"ProductReview":[],"Car":[],"Recipe":[],"Service":[],"SoftwareApplication":[],"WebPage":[]},"graphName":"ItemPage","isEnabled":true},"graphs":[]},"schema_type":"default","schema_type_options":null,"pillar_content":false,"robots_default":true,"robots_noindex":false,"robots_noarchive":false,"robots_nosnippet":false,"robots_nofollow":false,"robots_noimageindex":false,"robots_noodp":false,"robots_notranslate":false,"robots_max_snippet":"-1","robots_max_videopreview":"-1","robots_max_imagepreview":"large","priority":null,"frequency":"default","local_seo":null,"seo_analyzer_scan_date":null,"breadcrumb_settings":null,"limit_modified_date":false,"reviewed_by":null,"open_ai":"{\"title\":{\"suggestions\":[],\"usage\":0},\"description\":{\"suggestions\":[],\"usage\":0}}","ai":null,"created":"2022-12-19 19:46:19","updated":"2025-05-30 04:52:07"},"aioseo_breadcrumb":"<div class=\"aioseo-breadcrumbs\"><span class=\"aioseo-breadcrumb\">\n\t<a href=\"https:\/\/bunuri.md\/ro\/\" title=\"Home\">Home<\/a>\n<\/span><span class=\"aioseo-breadcrumb-separator\">\u00bb<\/span><span class=\"aioseo-breadcrumb\">\n\t<a href=\"https:\/\/bunuri.md\/ro\/shop-2\/\" title=\"Magazin\">Magazin<\/a>\n<\/span><span class=\"aioseo-breadcrumb-separator\">\u00bb<\/span><span class=\"aioseo-breadcrumb\">\n\t<a href=\"https:\/\/bunuri.md\/ro\/product-category\/motoare\/\" title=\"\u041c\u043e\u0442\u043e\u0430\u0440\u0435 pentru motoblocuri, mini tractoare\">\u041c\u043e\u0442\u043e\u0430\u0440\u0435 pentru motoblocuri, mini tractoare<\/a>\n<\/span><span class=\"aioseo-breadcrumb-separator\">\u00bb<\/span><span class=\"aioseo-breadcrumb\">\n\tMotor diesel 173D, puterea 5 c. p.(pentru fante de 25 mm )\n<\/span><\/div>","aioseo_breadcrumb_json":[{"label":"Home","link":"https:\/\/bunuri.md\/ro\/"},{"label":"Magazin","link":"https:\/\/bunuri.md\/ro\/shop-2\/"},{"label":"\u041c\u043e\u0442\u043e\u0430\u0440\u0435 pentru motoblocuri, mini tractoare","link":"https:\/\/bunuri.md\/ro\/product-category\/motoare\/"},{"label":"Motor diesel 173D, puterea 5 c. p.(pentru fante de 25 mm )","link":"https:\/\/bunuri.md\/ro\/shop\/motor-diesel-173d-puterea-5-c-p-pentru-fante-de-25-mm\/"}],"brands":[],"_links":{"self":[{"href":"https:\/\/bunuri.md\/ro\/wp-json\/wp\/v2\/product\/6944","targetHints":{"allow":["GET"]}}],"collection":[{"href":"https:\/\/bunuri.md\/ro\/wp-json\/wp\/v2\/product"}],"about":[{"href":"https:\/\/bunuri.md\/ro\/wp-json\/wp\/v2\/types\/product"}],"replies":[{"embeddable":true,"href":"https:\/\/bunuri.md\/ro\/wp-json\/wp\/v2\/comments?post=6944"}],"wp:featuredmedia":[{"embeddable":true,"href":"https:\/\/bunuri.md\/ro\/wp-json\/wp\/v2\/media\/6947"}],"wp:attachment":[{"href":"https:\/\/bunuri.md\/ro\/wp-json\/wp\/v2\/media?parent=6944"}],"wp:term":[{"taxonomy":"pwb-brand","embeddable":true,"href":"https:\/\/bunuri.md\/ro\/wp-json\/wp\/v2\/pwb-brand?post=6944"},{"taxonomy":"product_brand","embeddable":true,"href":"https:\/\/bunuri.md\/ro\/wp-json\/wp\/v2\/product_brand?post=6944"},{"taxonomy":"product_cat","embeddable":true,"href":"https:\/\/bunuri.md\/ro\/wp-json\/wp\/v2\/product_cat?post=6944"},{"taxonomy":"product_tag","embeddable":true,"href":"https:\/\/bunuri.md\/ro\/wp-json\/wp\/v2\/product_tag?post=6944"}],"curies":[{"name":"wp","href":"https:\/\/api.w.org\/{rel}","templated":true}]}}