{"id":7089,"date":"2023-01-28T20:43:23","date_gmt":"2023-01-28T17:43:23","guid":{"rendered":"https:\/\/bunuri.md\/?post_type=product&#038;p=7089"},"modified":"2025-08-20T10:04:26","modified_gmt":"2025-08-20T07:04:26","slug":"motor-diesel-weima-186fe-cu-o-putere-de-90-c-p","status":"publish","type":"product","link":"https:\/\/bunuri.md\/ro\/shop\/motor-diesel-weima-186fe-cu-o-putere-de-90-c-p\/","title":{"rendered":"Motor diesel WEIMA 186FE cu o putere de 9,0 c. p."},"content":{"rendered":"<p><strong>Motor diesel WEIMA 186FE cu o putere de 9,0 c. p<\/strong>.- putere mare \u0219i nivel redus de zgomot, folosit de obicei la motoblocuri, generatoare, pompe de ap\u0103 etc. Echipat cu control automat al tura\u021biei motorului \u00een func\u021bie de schimb\u0103rile de sarcin\u0103 \u0219i are \u0219i protec\u021bie care activeaz\u0103 c\u00e2nd nivelul uleiului este sc\u0103zut. Man\u0219onul este fabricat din font\u0103 gri rezistent\u0103 la uzur\u0103, datorit\u0103 c\u0103reia resursa motorului este de 3000 de ore. <a href=\"https:\/\/bunuri.md\/ro\/product-category\/motoare\/\">Acest motor poate fi echipat pe unele din modelurile de motoblocuri.<\/a><\/p>\n<p><strong>Caracteristici tehhice:<\/strong><\/p>\n<p>Tip de combustibil: Diesel<br \/>\nDimensiunea motorului: 418,0 (cc)<br \/>\nPutere: 9.0 c. p.<br \/>\nTip motor: 4 timpi 1 cilindru<br \/>\nPutere motor: 9,0 CP<br \/>\nAlezaj\/curs\u0103: 86&#215;72 mm<br \/>\nTuratie motor: 3600 rpm<\/p>\n<p>Sistem de racire: aer fortat<br \/>\nFiltru de aer: Baie de ulei<br \/>\nVolumul de ulei \u00een carter: 1,6 l<br \/>\nVolumul rezervorului de combustibil: 5,5 l<br \/>\nTip de pornire: pornire manual\u0103, demaror electric<br \/>\nDimensiuni: 495x470x540 mm<br \/>\nGreutate: 48 kg.<\/p>\n","protected":false},"excerpt":{"rendered":"<p>Se aplic\u0103 pe blocuri motoare, generatoare, pompe de ap\u0103 \u0219i alte ma\u0219ini agricole. Echipat cu control automat al tura\u021biei motorului.<\/p>\n","protected":false},"featured_media":7091,"comment_status":"open","ping_status":"closed","template":"","meta":{"om_disable_all_campaigns":false},"pwb-brand":[],"product_brand":[],"product_cat":[388],"product_tag":[],"class_list":{"0":"post-7089","1":"product","2":"type-product","3":"status-publish","4":"has-post-thumbnail","6":"product_cat-motoare","8":"first","9":"instock","10":"featured","11":"purchasable","12":"product-type-simple"},"aioseo_notices":[],"aioseo_head":"\n\t\t<!-- All in One SEO Pro 4.9.6.2 - aioseo.com -->\n\t<meta name=\"description\" content=\"Se aplic\u0103 pe blocuri motoare, generatoare, pompe de ap\u0103 \u0219i alte ma\u0219ini agricole. Echipat cu control automat al tura\u021biei motorului.\" \/>\n\t<meta name=\"robots\" content=\"max-image-preview:large\" \/>\n\t<link rel=\"canonical\" href=\"https:\/\/bunuri.md\/ro\/shop\/motor-diesel-weima-186fe-cu-o-putere-de-90-c-p\/\" \/>\n\t<meta name=\"generator\" content=\"All in One SEO Pro (AIOSEO) 4.9.6.2\" \/>\n\t\t<meta property=\"og:locale\" content=\"ro_RO\" \/>\n\t\t<meta property=\"og:site_name\" content=\"\u0418\u043d\u0442\u0435\u0440\u043d\u0435\u0442 \u043c\u0430\u0433\u0430\u0437\u0438\u043d \u041c\u043e\u043b\u0434\u043e\u0432\u0430 | Bunuri.md este un magazin online care livreaz\u0103 \u0219i comercializeaz\u0103 o gam\u0103 larg\u0103 de m\u0103rfuri de diverse categorii pe \u00eentreg teritoriul Republicii Moldova.\" \/>\n\t\t<meta property=\"og:type\" content=\"article\" \/>\n\t\t<meta property=\"og:title\" content=\"Motor diesel WEIMA 186F cu o putere de 9,0 c. p.\" \/>\n\t\t<meta property=\"og:description\" content=\"Se aplic\u0103 pe blocuri motoare, generatoare, pompe de ap\u0103 \u0219i alte ma\u0219ini agricole. Echipat cu control automat al tura\u021biei motorului.\" \/>\n\t\t<meta property=\"og:url\" content=\"https:\/\/bunuri.md\/ro\/shop\/motor-diesel-weima-186fe-cu-o-putere-de-90-c-p\/\" \/>\n\t\t<meta property=\"og:image\" content=\"https:\/\/bunuri.md\/wp-content\/uploads\/2022\/10\/logobu.png\" \/>\n\t\t<meta property=\"og:image:secure_url\" content=\"https:\/\/bunuri.md\/wp-content\/uploads\/2022\/10\/logobu.png\" \/>\n\t\t<meta property=\"og:image:width\" content=\"200\" \/>\n\t\t<meta property=\"og:image:height\" content=\"200\" \/>\n\t\t<meta property=\"article:published_time\" content=\"2023-01-28T17:43:23+00:00\" \/>\n\t\t<meta property=\"article:modified_time\" content=\"2025-08-20T07:04:26+00:00\" \/>\n\t\t<meta property=\"article:publisher\" content=\"https:\/\/facebook.com\/https:\/\/www.facebook.com\/bunurimag\" \/>\n\t\t<meta name=\"twitter:card\" content=\"summary\" \/>\n\t\t<meta name=\"twitter:site\" content=\"@https:\" \/>\n\t\t<meta name=\"twitter:title\" content=\"Motor diesel WEIMA 186F cu o putere de 9,0 c. p.\" \/>\n\t\t<meta name=\"twitter:description\" content=\"Se aplic\u0103 pe blocuri motoare, generatoare, pompe de ap\u0103 \u0219i alte ma\u0219ini agricole. Echipat cu control automat al tura\u021biei motorului.\" \/>\n\t\t<meta name=\"twitter:image\" content=\"https:\/\/bunuri.md\/wp-content\/uploads\/2022\/10\/logobu.png\" \/>\n\t\t<script type=\"application\/ld+json\" class=\"aioseo-schema\">\n\t\t\t{\"@context\":\"https:\\\/\\\/schema.org\",\"@graph\":[{\"@type\":\"BreadcrumbList\",\"@id\":\"https:\\\/\\\/bunuri.md\\\/ro\\\/shop\\\/motor-diesel-weima-186fe-cu-o-putere-de-90-c-p\\\/#breadcrumblist\",\"itemListElement\":[{\"@type\":\"ListItem\",\"@id\":\"https:\\\/\\\/bunuri.md\\\/ro\\\/#listItem\",\"position\":1,\"name\":\"Home\",\"item\":\"https:\\\/\\\/bunuri.md\\\/ro\\\/\",\"nextItem\":{\"@type\":\"ListItem\",\"@id\":\"https:\\\/\\\/bunuri.md\\\/ro\\\/shop-2\\\/#listItem\",\"name\":\"Magazin\"}},{\"@type\":\"ListItem\",\"@id\":\"https:\\\/\\\/bunuri.md\\\/ro\\\/shop-2\\\/#listItem\",\"position\":2,\"name\":\"Magazin\",\"item\":\"https:\\\/\\\/bunuri.md\\\/ro\\\/shop-2\\\/\",\"nextItem\":{\"@type\":\"ListItem\",\"@id\":\"https:\\\/\\\/bunuri.md\\\/ro\\\/product-category\\\/motoare\\\/#listItem\",\"name\":\"\\u041c\\u043e\\u0442\\u043e\\u0430\\u0440\\u0435 pentru motoblocuri, mini tractoare\"},\"previousItem\":{\"@type\":\"ListItem\",\"@id\":\"https:\\\/\\\/bunuri.md\\\/ro\\\/#listItem\",\"name\":\"Home\"}},{\"@type\":\"ListItem\",\"@id\":\"https:\\\/\\\/bunuri.md\\\/ro\\\/product-category\\\/motoare\\\/#listItem\",\"position\":3,\"name\":\"\\u041c\\u043e\\u0442\\u043e\\u0430\\u0440\\u0435 pentru motoblocuri, mini tractoare\",\"item\":\"https:\\\/\\\/bunuri.md\\\/ro\\\/product-category\\\/motoare\\\/\",\"nextItem\":{\"@type\":\"ListItem\",\"@id\":\"https:\\\/\\\/bunuri.md\\\/ro\\\/shop\\\/motor-diesel-weima-186fe-cu-o-putere-de-90-c-p\\\/#listItem\",\"name\":\"Motor diesel WEIMA 186FE cu o putere de 9,0 c. p.\"},\"previousItem\":{\"@type\":\"ListItem\",\"@id\":\"https:\\\/\\\/bunuri.md\\\/ro\\\/shop-2\\\/#listItem\",\"name\":\"Magazin\"}},{\"@type\":\"ListItem\",\"@id\":\"https:\\\/\\\/bunuri.md\\\/ro\\\/shop\\\/motor-diesel-weima-186fe-cu-o-putere-de-90-c-p\\\/#listItem\",\"position\":4,\"name\":\"Motor diesel WEIMA 186FE cu o putere de 9,0 c. p.\",\"previousItem\":{\"@type\":\"ListItem\",\"@id\":\"https:\\\/\\\/bunuri.md\\\/ro\\\/product-category\\\/motoare\\\/#listItem\",\"name\":\"\\u041c\\u043e\\u0442\\u043e\\u0430\\u0440\\u0435 pentru motoblocuri, mini tractoare\"}}]},{\"@type\":\"ItemPage\",\"@id\":\"https:\\\/\\\/bunuri.md\\\/ro\\\/shop\\\/motor-diesel-weima-186fe-cu-o-putere-de-90-c-p\\\/#itempage\",\"url\":\"https:\\\/\\\/bunuri.md\\\/ro\\\/shop\\\/motor-diesel-weima-186fe-cu-o-putere-de-90-c-p\\\/\",\"name\":\"Motor diesel WEIMA 186F cu o putere de 9,0 c. p.\",\"description\":\"Se aplic\\u0103 pe blocuri motoare, generatoare, pompe de ap\\u0103 \\u0219i alte ma\\u0219ini agricole. Echipat cu control automat al tura\\u021biei motorului.\",\"inLanguage\":\"ro-RO\",\"isPartOf\":{\"@id\":\"https:\\\/\\\/bunuri.md\\\/ro\\\/#website\"},\"breadcrumb\":{\"@id\":\"https:\\\/\\\/bunuri.md\\\/ro\\\/shop\\\/motor-diesel-weima-186fe-cu-o-putere-de-90-c-p\\\/#breadcrumblist\"},\"image\":{\"@type\":\"ImageObject\",\"url\":\"https:\\\/\\\/bunuri.md\\\/wp-content\\\/uploads\\\/2023\\\/01\\\/Weima186FE.jpg\",\"@id\":\"https:\\\/\\\/bunuri.md\\\/ro\\\/shop\\\/motor-diesel-weima-186fe-cu-o-putere-de-90-c-p\\\/#mainImage\",\"width\":590,\"height\":600},\"primaryImageOfPage\":{\"@id\":\"https:\\\/\\\/bunuri.md\\\/ro\\\/shop\\\/motor-diesel-weima-186fe-cu-o-putere-de-90-c-p\\\/#mainImage\"},\"datePublished\":\"2023-01-28T20:43:23+03:00\",\"dateModified\":\"2025-08-20T10:04:26+03:00\"},{\"@type\":\"Organization\",\"@id\":\"https:\\\/\\\/bunuri.md\\\/ro\\\/#organization\",\"name\":\"\\u00centreprinderea Individual\\u0103 \\\"Buldumac Aliona\\\"\",\"description\":\"\\u0418\\u041f \\u00ab\\u0411\\u0443\\u043b\\u0434\\u0443\\u043c\\u0430\\u043a \\u0410\\u043b\\u0435\\u043d\\u0430\\u00bb - \\u044d\\u0442\\u043e \\u043d\\u0430\\u0434\\u0451\\u0436\\u043d\\u044b\\u0439 \\u0438 \\u043e\\u0440\\u0438\\u0435\\u043d\\u0442\\u0438\\u0440\\u043e\\u0432\\u0430\\u043d\\u043d\\u044b\\u0439 \\u043d\\u0430 \\u043a\\u043b\\u0438\\u0435\\u043d\\u0442\\u0430 \\u0431\\u0438\\u0437\\u043d\\u0435\\u0441, \\u043f\\u0440\\u0435\\u0434\\u043b\\u0430\\u0433\\u0430\\u044e\\u0449\\u0438\\u0439 \\u043a\\u0430\\u0447\\u0435\\u0441\\u0442\\u0432\\u0435\\u043d\\u043d\\u044b\\u0435 \\u0442\\u043e\\u0432\\u0430\\u0440\\u044b, \\u0443\\u0441\\u043b\\u0443\\u0433\\u0438 \\u0441 \\u0430\\u043a\\u0446\\u0435\\u043d\\u0442\\u043e\\u043c \\u043d\\u0430 \\u043f\\u0440\\u0430\\u043a\\u0442\\u0438\\u0447\\u043d\\u043e\\u0441\\u0442\\u044c \\u0438 \\u0447\\u0435\\u0441\\u0442\\u043d\\u044b\\u0439 \\u043f\\u043e\\u0434\\u0445\\u043e\\u0434.\",\"url\":\"https:\\\/\\\/bunuri.md\\\/ro\\\/\",\"email\":\"bunuri.md@gmail.com\",\"telephone\":\"+37379512557\",\"foundingDate\":\"2006-09-27\",\"numberOfEmployees\":{\"@type\":\"QuantitativeValue\",\"minValue\":0,\"maxValue\":4},\"logo\":{\"@type\":\"ImageObject\",\"url\":\"https:\\\/\\\/bunuri.md\\\/wp-content\\\/uploads\\\/2022\\\/08\\\/logo-bunuri.png\",\"@id\":\"https:\\\/\\\/bunuri.md\\\/ro\\\/shop\\\/motor-diesel-weima-186fe-cu-o-putere-de-90-c-p\\\/#organizationLogo\",\"width\":250,\"height\":250},\"image\":{\"@id\":\"https:\\\/\\\/bunuri.md\\\/ro\\\/shop\\\/motor-diesel-weima-186fe-cu-o-putere-de-90-c-p\\\/#organizationLogo\"},\"sameAs\":[\"https:\\\/\\\/facebook.com\\\/https:\\\/\\\/www.facebook.com\\\/bunurimag\",\"https:\\\/\\\/x.com\\\/https:\\\/\\\/www.facebook.com\\\/bunurimag\",\"https:\\\/\\\/instagram.com\\\/https:\\\/\\\/www.facebook.com\\\/bunurimag\",\"https:\\\/\\\/pinterest.com\\\/https:\\\/\\\/www.facebook.com\\\/bunurimag\",\"https:\\\/\\\/youtube.com\\\/https:\\\/\\\/www.facebook.com\\\/bunurimag\",\"https:\\\/\\\/linkedin.com\\\/in\\\/https:\\\/\\\/www.facebook.com\\\/bunurimag\",\"https:\\\/\\\/soundcloud.com\\\/https:\\\/\\\/www.facebook.com\\\/bunurimag\"],\"address\":{\"@id\":\"https:\\\/\\\/bunuri.md\\\/ro\\\/#postaladdress\",\"@type\":\"PostalAddress\",\"streetAddress\":\"\\u0420. \\u041c\\u043e\\u043b\\u0434\\u043e\\u0432\\u0430, \\u0433. \\u0425\\u044b\\u043d\\u0447\\u0435\\u0448\\u0442\\u044b\",\"postalCode\":\"3401\",\"addressLocality\":\"\\u0425\\u044b\\u043d\\u0447\\u0435\\u0448\\u0442\\u044b\",\"addressRegion\":\"Moldova\",\"addressCountry\":\"MD\"}},{\"@type\":\"WebPage\",\"@id\":\"https:\\\/\\\/bunuri.md\\\/ro\\\/shop\\\/motor-diesel-weima-186fe-cu-o-putere-de-90-c-p\\\/#webpage\",\"url\":\"https:\\\/\\\/bunuri.md\\\/ro\\\/shop\\\/motor-diesel-weima-186fe-cu-o-putere-de-90-c-p\\\/\",\"name\":\"Motor diesel WEIMA 186F cu o putere de 9,0 c. p.\",\"description\":\"Se aplic\\u0103 pe blocuri motoare, generatoare, pompe de ap\\u0103 \\u0219i alte ma\\u0219ini agricole. Echipat cu control automat al tura\\u021biei motorului.\",\"inLanguage\":\"ro-RO\",\"isPartOf\":{\"@id\":\"https:\\\/\\\/bunuri.md\\\/ro\\\/#website\"},\"breadcrumb\":{\"@id\":\"https:\\\/\\\/bunuri.md\\\/ro\\\/shop\\\/motor-diesel-weima-186fe-cu-o-putere-de-90-c-p\\\/#breadcrumblist\"},\"image\":{\"@type\":\"ImageObject\",\"url\":\"https:\\\/\\\/bunuri.md\\\/wp-content\\\/uploads\\\/2023\\\/01\\\/Weima186FE.jpg\",\"@id\":\"https:\\\/\\\/bunuri.md\\\/ro\\\/shop\\\/motor-diesel-weima-186fe-cu-o-putere-de-90-c-p\\\/#mainImage\",\"width\":590,\"height\":600},\"primaryImageOfPage\":{\"@id\":\"https:\\\/\\\/bunuri.md\\\/ro\\\/shop\\\/motor-diesel-weima-186fe-cu-o-putere-de-90-c-p\\\/#mainImage\"},\"datePublished\":\"2023-01-28T20:43:23+03:00\",\"dateModified\":\"2025-08-20T10:04:26+03:00\"},{\"@type\":\"WebSite\",\"@id\":\"https:\\\/\\\/bunuri.md\\\/ro\\\/#website\",\"url\":\"https:\\\/\\\/bunuri.md\\\/ro\\\/\",\"name\":\"www.bunuri.md\",\"alternateName\":\"bunuri.md\",\"description\":\"Bunuri.md este un magazin online care livreaz\\u0103 \\u0219i comercializeaz\\u0103 o gam\\u0103 larg\\u0103 de m\\u0103rfuri de diverse categorii pe \\u00eentreg teritoriul Republicii Moldova.\",\"inLanguage\":\"ro-RO\",\"publisher\":{\"@id\":\"https:\\\/\\\/bunuri.md\\\/ro\\\/#organization\"}}]}\n\t\t<\/script>\n\t\t<!-- All in One SEO Pro -->\r\n\t\t<title>Motor diesel WEIMA 186F cu o putere de 9,0 c. p.<\/title>\n\n","aioseo_head_json":{"title":"Motor diesel WEIMA 186F cu o putere de 9,0 c. p.","description":"Se aplic\u0103 pe blocuri motoare, generatoare, pompe de ap\u0103 \u0219i alte ma\u0219ini agricole. Echipat cu control automat al tura\u021biei motorului.","canonical_url":"https:\/\/bunuri.md\/ro\/shop\/motor-diesel-weima-186fe-cu-o-putere-de-90-c-p\/","robots":"max-image-preview:large","keywords":"","webmasterTools":{"miscellaneous":""},"schema":{"@context":"https:\/\/schema.org","@graph":[{"@type":"BreadcrumbList","@id":"https:\/\/bunuri.md\/ro\/shop\/motor-diesel-weima-186fe-cu-o-putere-de-90-c-p\/#breadcrumblist","itemListElement":[{"@type":"ListItem","@id":"https:\/\/bunuri.md\/ro\/#listItem","position":1,"name":"Home","item":"https:\/\/bunuri.md\/ro\/","nextItem":{"@type":"ListItem","@id":"https:\/\/bunuri.md\/ro\/shop-2\/#listItem","name":"Magazin"}},{"@type":"ListItem","@id":"https:\/\/bunuri.md\/ro\/shop-2\/#listItem","position":2,"name":"Magazin","item":"https:\/\/bunuri.md\/ro\/shop-2\/","nextItem":{"@type":"ListItem","@id":"https:\/\/bunuri.md\/ro\/product-category\/motoare\/#listItem","name":"\u041c\u043e\u0442\u043e\u0430\u0440\u0435 pentru motoblocuri, mini tractoare"},"previousItem":{"@type":"ListItem","@id":"https:\/\/bunuri.md\/ro\/#listItem","name":"Home"}},{"@type":"ListItem","@id":"https:\/\/bunuri.md\/ro\/product-category\/motoare\/#listItem","position":3,"name":"\u041c\u043e\u0442\u043e\u0430\u0440\u0435 pentru motoblocuri, mini tractoare","item":"https:\/\/bunuri.md\/ro\/product-category\/motoare\/","nextItem":{"@type":"ListItem","@id":"https:\/\/bunuri.md\/ro\/shop\/motor-diesel-weima-186fe-cu-o-putere-de-90-c-p\/#listItem","name":"Motor diesel WEIMA 186FE cu o putere de 9,0 c. p."},"previousItem":{"@type":"ListItem","@id":"https:\/\/bunuri.md\/ro\/shop-2\/#listItem","name":"Magazin"}},{"@type":"ListItem","@id":"https:\/\/bunuri.md\/ro\/shop\/motor-diesel-weima-186fe-cu-o-putere-de-90-c-p\/#listItem","position":4,"name":"Motor diesel WEIMA 186FE cu o putere de 9,0 c. p.","previousItem":{"@type":"ListItem","@id":"https:\/\/bunuri.md\/ro\/product-category\/motoare\/#listItem","name":"\u041c\u043e\u0442\u043e\u0430\u0440\u0435 pentru motoblocuri, mini tractoare"}}]},{"@type":"ItemPage","@id":"https:\/\/bunuri.md\/ro\/shop\/motor-diesel-weima-186fe-cu-o-putere-de-90-c-p\/#itempage","url":"https:\/\/bunuri.md\/ro\/shop\/motor-diesel-weima-186fe-cu-o-putere-de-90-c-p\/","name":"Motor diesel WEIMA 186F cu o putere de 9,0 c. p.","description":"Se aplic\u0103 pe blocuri motoare, generatoare, pompe de ap\u0103 \u0219i alte ma\u0219ini agricole. Echipat cu control automat al tura\u021biei motorului.","inLanguage":"ro-RO","isPartOf":{"@id":"https:\/\/bunuri.md\/ro\/#website"},"breadcrumb":{"@id":"https:\/\/bunuri.md\/ro\/shop\/motor-diesel-weima-186fe-cu-o-putere-de-90-c-p\/#breadcrumblist"},"image":{"@type":"ImageObject","url":"https:\/\/bunuri.md\/wp-content\/uploads\/2023\/01\/Weima186FE.jpg","@id":"https:\/\/bunuri.md\/ro\/shop\/motor-diesel-weima-186fe-cu-o-putere-de-90-c-p\/#mainImage","width":590,"height":600},"primaryImageOfPage":{"@id":"https:\/\/bunuri.md\/ro\/shop\/motor-diesel-weima-186fe-cu-o-putere-de-90-c-p\/#mainImage"},"datePublished":"2023-01-28T20:43:23+03:00","dateModified":"2025-08-20T10:04:26+03:00"},{"@type":"Organization","@id":"https:\/\/bunuri.md\/ro\/#organization","name":"\u00centreprinderea Individual\u0103 \"Buldumac Aliona\"","description":"\u0418\u041f \u00ab\u0411\u0443\u043b\u0434\u0443\u043c\u0430\u043a \u0410\u043b\u0435\u043d\u0430\u00bb - \u044d\u0442\u043e \u043d\u0430\u0434\u0451\u0436\u043d\u044b\u0439 \u0438 \u043e\u0440\u0438\u0435\u043d\u0442\u0438\u0440\u043e\u0432\u0430\u043d\u043d\u044b\u0439 \u043d\u0430 \u043a\u043b\u0438\u0435\u043d\u0442\u0430 \u0431\u0438\u0437\u043d\u0435\u0441, \u043f\u0440\u0435\u0434\u043b\u0430\u0433\u0430\u044e\u0449\u0438\u0439 \u043a\u0430\u0447\u0435\u0441\u0442\u0432\u0435\u043d\u043d\u044b\u0435 \u0442\u043e\u0432\u0430\u0440\u044b, \u0443\u0441\u043b\u0443\u0433\u0438 \u0441 \u0430\u043a\u0446\u0435\u043d\u0442\u043e\u043c \u043d\u0430 \u043f\u0440\u0430\u043a\u0442\u0438\u0447\u043d\u043e\u0441\u0442\u044c \u0438 \u0447\u0435\u0441\u0442\u043d\u044b\u0439 \u043f\u043e\u0434\u0445\u043e\u0434.","url":"https:\/\/bunuri.md\/ro\/","email":"bunuri.md@gmail.com","telephone":"+37379512557","foundingDate":"2006-09-27","numberOfEmployees":{"@type":"QuantitativeValue","minValue":0,"maxValue":4},"logo":{"@type":"ImageObject","url":"https:\/\/bunuri.md\/wp-content\/uploads\/2022\/08\/logo-bunuri.png","@id":"https:\/\/bunuri.md\/ro\/shop\/motor-diesel-weima-186fe-cu-o-putere-de-90-c-p\/#organizationLogo","width":250,"height":250},"image":{"@id":"https:\/\/bunuri.md\/ro\/shop\/motor-diesel-weima-186fe-cu-o-putere-de-90-c-p\/#organizationLogo"},"sameAs":["https:\/\/facebook.com\/https:\/\/www.facebook.com\/bunurimag","https:\/\/x.com\/https:\/\/www.facebook.com\/bunurimag","https:\/\/instagram.com\/https:\/\/www.facebook.com\/bunurimag","https:\/\/pinterest.com\/https:\/\/www.facebook.com\/bunurimag","https:\/\/youtube.com\/https:\/\/www.facebook.com\/bunurimag","https:\/\/linkedin.com\/in\/https:\/\/www.facebook.com\/bunurimag","https:\/\/soundcloud.com\/https:\/\/www.facebook.com\/bunurimag"],"address":{"@id":"https:\/\/bunuri.md\/ro\/#postaladdress","@type":"PostalAddress","streetAddress":"\u0420. \u041c\u043e\u043b\u0434\u043e\u0432\u0430, \u0433. \u0425\u044b\u043d\u0447\u0435\u0448\u0442\u044b","postalCode":"3401","addressLocality":"\u0425\u044b\u043d\u0447\u0435\u0448\u0442\u044b","addressRegion":"Moldova","addressCountry":"MD"}},{"@type":"WebPage","@id":"https:\/\/bunuri.md\/ro\/shop\/motor-diesel-weima-186fe-cu-o-putere-de-90-c-p\/#webpage","url":"https:\/\/bunuri.md\/ro\/shop\/motor-diesel-weima-186fe-cu-o-putere-de-90-c-p\/","name":"Motor diesel WEIMA 186F cu o putere de 9,0 c. p.","description":"Se aplic\u0103 pe blocuri motoare, generatoare, pompe de ap\u0103 \u0219i alte ma\u0219ini agricole. Echipat cu control automat al tura\u021biei motorului.","inLanguage":"ro-RO","isPartOf":{"@id":"https:\/\/bunuri.md\/ro\/#website"},"breadcrumb":{"@id":"https:\/\/bunuri.md\/ro\/shop\/motor-diesel-weima-186fe-cu-o-putere-de-90-c-p\/#breadcrumblist"},"image":{"@type":"ImageObject","url":"https:\/\/bunuri.md\/wp-content\/uploads\/2023\/01\/Weima186FE.jpg","@id":"https:\/\/bunuri.md\/ro\/shop\/motor-diesel-weima-186fe-cu-o-putere-de-90-c-p\/#mainImage","width":590,"height":600},"primaryImageOfPage":{"@id":"https:\/\/bunuri.md\/ro\/shop\/motor-diesel-weima-186fe-cu-o-putere-de-90-c-p\/#mainImage"},"datePublished":"2023-01-28T20:43:23+03:00","dateModified":"2025-08-20T10:04:26+03:00"},{"@type":"WebSite","@id":"https:\/\/bunuri.md\/ro\/#website","url":"https:\/\/bunuri.md\/ro\/","name":"www.bunuri.md","alternateName":"bunuri.md","description":"Bunuri.md este un magazin online care livreaz\u0103 \u0219i comercializeaz\u0103 o gam\u0103 larg\u0103 de m\u0103rfuri de diverse categorii pe \u00eentreg teritoriul Republicii Moldova.","inLanguage":"ro-RO","publisher":{"@id":"https:\/\/bunuri.md\/ro\/#organization"}}]},"og:locale":"ro_RO","og:site_name":"\u0418\u043d\u0442\u0435\u0440\u043d\u0435\u0442 \u043c\u0430\u0433\u0430\u0437\u0438\u043d \u041c\u043e\u043b\u0434\u043e\u0432\u0430 | Bunuri.md este un magazin online care livreaz\u0103 \u0219i comercializeaz\u0103 o gam\u0103 larg\u0103 de m\u0103rfuri de diverse categorii pe \u00eentreg teritoriul Republicii Moldova.","og:type":"article","og:title":"Motor diesel WEIMA 186F cu o putere de 9,0 c. p.","og:description":"Se aplic\u0103 pe blocuri motoare, generatoare, pompe de ap\u0103 \u0219i alte ma\u0219ini agricole. Echipat cu control automat al tura\u021biei motorului.","og:url":"https:\/\/bunuri.md\/ro\/shop\/motor-diesel-weima-186fe-cu-o-putere-de-90-c-p\/","og:image":"https:\/\/bunuri.md\/wp-content\/uploads\/2022\/10\/logobu.png","og:image:secure_url":"https:\/\/bunuri.md\/wp-content\/uploads\/2022\/10\/logobu.png","og:image:width":200,"og:image:height":200,"article:published_time":"2023-01-28T17:43:23+00:00","article:modified_time":"2025-08-20T07:04:26+00:00","article:publisher":"https:\/\/facebook.com\/https:\/\/www.facebook.com\/bunurimag","twitter:card":"summary","twitter:site":"@https:","twitter:title":"Motor diesel WEIMA 186F cu o putere de 9,0 c. p.","twitter:description":"Se aplic\u0103 pe blocuri motoare, generatoare, pompe de ap\u0103 \u0219i alte ma\u0219ini agricole. Echipat cu control automat al tura\u021biei motorului.","twitter:image":"https:\/\/bunuri.md\/wp-content\/uploads\/2022\/10\/logobu.png"},"aioseo_meta_data":{"post_id":"7089","title":"Motor diesel WEIMA 186F cu o putere de 9,0 c. p.","description":"Se aplic\u0103 pe blocuri motoare, generatoare, pompe de ap\u0103 \u0219i alte ma\u0219ini agricole. Echipat cu control automat al tura\u021biei motorului.","keywords":null,"keyphrases":{"focus":{"keyphrase":"","score":0,"analysis":{"keyphraseInTitle":{"score":0,"maxScore":9,"error":1}}},"additional":[]},"primary_term":null,"canonical_url":null,"og_title":null,"og_description":null,"og_object_type":"default","og_image_type":"default","og_image_url":null,"og_image_width":null,"og_image_height":null,"og_image_custom_url":null,"og_image_custom_fields":null,"og_video":"","og_custom_url":null,"og_article_section":null,"og_article_tags":null,"twitter_use_og":false,"twitter_card":"default","twitter_image_type":"default","twitter_image_url":null,"twitter_image_custom_url":null,"twitter_image_custom_fields":null,"twitter_title":null,"twitter_description":null,"schema":{"blockGraphs":[],"customGraphs":[],"default":{"data":{"Article":[],"Course":[],"Dataset":[],"FAQPage":[],"Movie":[],"Person":[],"Product":[],"ProductReview":[],"Car":[],"Recipe":[],"Service":[],"SoftwareApplication":[],"WebPage":[]},"graphName":"ItemPage","isEnabled":true},"graphs":[]},"schema_type":"default","schema_type_options":null,"pillar_content":false,"robots_default":true,"robots_noindex":false,"robots_noarchive":false,"robots_nosnippet":false,"robots_nofollow":false,"robots_noimageindex":false,"robots_noodp":false,"robots_notranslate":false,"robots_max_snippet":"-1","robots_max_videopreview":"-1","robots_max_imagepreview":"large","priority":null,"frequency":"default","local_seo":null,"seo_analyzer_scan_date":null,"breadcrumb_settings":null,"limit_modified_date":false,"reviewed_by":"0","open_ai":"{\"title\":{\"suggestions\":[],\"usage\":0},\"description\":{\"suggestions\":[],\"usage\":0}}","ai":{"faqs":[],"keyPoints":[],"titles":[],"descriptions":[],"socialPosts":{"email":[],"linkedin":[],"twitter":[],"facebook":[],"instagram":[]}},"created":"2023-01-28 17:46:38","updated":"2025-08-20 07:17:21"},"aioseo_breadcrumb":"<div class=\"aioseo-breadcrumbs\"><span class=\"aioseo-breadcrumb\">\n\t<a href=\"https:\/\/bunuri.md\/ro\/\" title=\"Home\">Home<\/a>\n<\/span><span class=\"aioseo-breadcrumb-separator\">\u00bb<\/span><span class=\"aioseo-breadcrumb\">\n\t<a href=\"https:\/\/bunuri.md\/ro\/shop-2\/\" title=\"Magazin\">Magazin<\/a>\n<\/span><span class=\"aioseo-breadcrumb-separator\">\u00bb<\/span><span class=\"aioseo-breadcrumb\">\n\t<a href=\"https:\/\/bunuri.md\/ro\/product-category\/motoare\/\" title=\"\u041c\u043e\u0442\u043e\u0430\u0440\u0435 pentru motoblocuri, mini tractoare\">\u041c\u043e\u0442\u043e\u0430\u0440\u0435 pentru motoblocuri, mini tractoare<\/a>\n<\/span><span class=\"aioseo-breadcrumb-separator\">\u00bb<\/span><span class=\"aioseo-breadcrumb\">\n\tMotor diesel WEIMA 186FE cu o putere de 9,0 c. p.\n<\/span><\/div>","aioseo_breadcrumb_json":[{"label":"Home","link":"https:\/\/bunuri.md\/ro\/"},{"label":"Magazin","link":"https:\/\/bunuri.md\/ro\/shop-2\/"},{"label":"\u041c\u043e\u0442\u043e\u0430\u0440\u0435 pentru motoblocuri, mini tractoare","link":"https:\/\/bunuri.md\/ro\/product-category\/motoare\/"},{"label":"Motor diesel WEIMA 186FE cu o putere de 9,0 c. p.","link":"https:\/\/bunuri.md\/ro\/shop\/motor-diesel-weima-186fe-cu-o-putere-de-90-c-p\/"}],"brands":[],"_links":{"self":[{"href":"https:\/\/bunuri.md\/ro\/wp-json\/wp\/v2\/product\/7089","targetHints":{"allow":["GET"]}}],"collection":[{"href":"https:\/\/bunuri.md\/ro\/wp-json\/wp\/v2\/product"}],"about":[{"href":"https:\/\/bunuri.md\/ro\/wp-json\/wp\/v2\/types\/product"}],"replies":[{"embeddable":true,"href":"https:\/\/bunuri.md\/ro\/wp-json\/wp\/v2\/comments?post=7089"}],"wp:featuredmedia":[{"embeddable":true,"href":"https:\/\/bunuri.md\/ro\/wp-json\/wp\/v2\/media\/7091"}],"wp:attachment":[{"href":"https:\/\/bunuri.md\/ro\/wp-json\/wp\/v2\/media?parent=7089"}],"wp:term":[{"taxonomy":"pwb-brand","embeddable":true,"href":"https:\/\/bunuri.md\/ro\/wp-json\/wp\/v2\/pwb-brand?post=7089"},{"taxonomy":"product_brand","embeddable":true,"href":"https:\/\/bunuri.md\/ro\/wp-json\/wp\/v2\/product_brand?post=7089"},{"taxonomy":"product_cat","embeddable":true,"href":"https:\/\/bunuri.md\/ro\/wp-json\/wp\/v2\/product_cat?post=7089"},{"taxonomy":"product_tag","embeddable":true,"href":"https:\/\/bunuri.md\/ro\/wp-json\/wp\/v2\/product_tag?post=7089"}],"curies":[{"name":"wp","href":"https:\/\/api.w.org\/{rel}","templated":true}]}}