{"id":7232,"date":"2023-02-19T18:32:14","date_gmt":"2023-02-19T16:17:13","guid":{"rendered":"https:\/\/bunuri.md\/?post_type=product&#038;p=7232"},"modified":"2025-01-05T20:50:59","modified_gmt":"2025-01-05T17:50:59","slug":"blocul-motorului-cilindrului-motorului-diesel-186f-9-c-p","status":"publish","type":"product","link":"https:\/\/bunuri.md\/ro\/shop\/blocul-motorului-cilindrului-motorului-diesel-186f-9-c-p\/","title":{"rendered":"Blocul motorului (cilindrului) motorului diesel 186F 9 c. p."},"content":{"rendered":"<p><strong>Bloc motor (cilindru) al motorului diesel 186F, 9 c. p.<\/strong>&#8211; <a href=\"https:\/\/bunuri.md\/ro\/product-category\/motoare\/\">este principala parte portant\u0103 a structurii motorului, care \u00eendepline\u0219te c\u00e2teva func\u021bii importante:<\/a><\/p>\n<p>Principalele func\u021bii ale blocului cilindri:<\/p>\n<ol>\n<li style=\"list-style-type: none;\">\n<ol>\n<li><strong>Suport pentru toate componentele motorului:<\/strong><\/li>\n<\/ol>\n<\/li>\n<\/ol>\n<p>&lt;li&gt;Blocul cilindrilor g\u0103zduie\u0219te cilindrii \u00een care se mi\u0219c\u0103 pistoanele \u0219i de\u021bine, de asemenea, componente precum chiulasa, arborele cotit \u0219i altele.<br \/>\nAsigurarea procesului de func\u021bionare al motorului:&lt;li&gt;<br \/>\n\u00cen interiorul blocului se afl\u0103 cilindri \u00een care are loc procesul de comprimare a combustibilului \u0219i a aerului, urmat de aprindere \u0219i producere de energie.<br \/>\nConductivitate termic\u0103 \u0219i r\u0103cire:<br \/>\nPasajele de lichid de r\u0103cire (manta de r\u0103cire) sunt \u00eencorporate \u00een bloc pentru a elimina excesul de c\u0103ldur\u0103 din cilindri.<br \/>\nCanale de ulei:<br \/>\nBlocul con\u021bine pasaje pentru lubrifierea pieselor mobile ale motorului, cum ar fi pistoanele, bielele \u0219i arborele cotit.<strong>Specifica\u021bii tehnice:<\/strong><\/p>\n<p>Putere motor: 9 c.p.<br \/>\nMaterial &#8211; aluminiu.<br \/>\nDimensiuni \u00een centrele orificiilor de montare: 270 * 97 mm<br \/>\nDistan\u021ba dintre centrele orificiilor de montare ale demarorului electric: 102 mm<br \/>\nDiametrul alezajului pentru demaror electric: &#8211; 66 mm<br \/>\nDiametru man\u0219on: 86 mm<br \/>\nGreutate &#8211; 7850 gr.<\/p>\n","protected":false},"excerpt":{"rendered":"<p>Este partea solid\u0103 de baz\u0103 (coc\u0103) a motorului, la care restul unit\u0103\u021bilor \u0219i ansamblurilor sale sunt ata\u0219ate \u00eentr-un fel sau altul.<\/p>\n","protected":false},"featured_media":7230,"comment_status":"open","ping_status":"closed","template":"","meta":{"om_disable_all_campaigns":false,"_monsterinsights_skip_tracking":false,"_monsterinsights_sitenote_active":false,"_monsterinsights_sitenote_note":"","_monsterinsights_sitenote_category":0},"product_brand":[],"product_cat":[384],"product_tag":[],"class_list":{"0":"post-7232","1":"product","2":"type-product","3":"status-publish","4":"has-post-thumbnail","6":"product_cat-piese-pentru-motoblocuri","8":"first","9":"instock","10":"sale","11":"purchasable","12":"product-type-simple"},"aioseo_notices":[],"aioseo_head":"\n\t\t<!-- All in One SEO Pro 4.9.5.2 - aioseo.com -->\n\t<meta name=\"description\" content=\"Este partea solid\u0103 de baz\u0103 (coc\u0103) a motorului, la care restul unit\u0103\u021bilor \u0219i ansamblurilor sale sunt ata\u0219ate \u00eentr-un fel sau altul.\" \/>\n\t<meta name=\"robots\" content=\"max-image-preview:large\" \/>\n\t<link rel=\"canonical\" href=\"https:\/\/bunuri.md\/ro\/shop\/blocul-motorului-cilindrului-motorului-diesel-186f-9-c-p\/\" \/>\n\t<meta name=\"generator\" content=\"All in One SEO Pro (AIOSEO) 4.9.5.2\" \/>\n\t\t<meta property=\"og:locale\" content=\"ro_RO\" \/>\n\t\t<meta property=\"og:site_name\" content=\"\u0418\u043d\u0442\u0435\u0440\u043d\u0435\u0442 \u043c\u0430\u0433\u0430\u0437\u0438\u043d \u041c\u043e\u043b\u0434\u043e\u0432\u0430 | Bunuri.md este un magazin online care livreaz\u0103 \u0219i comercializeaz\u0103 o gam\u0103 larg\u0103 de m\u0103rfuri de diverse categorii pe \u00eentreg teritoriul Republicii Moldova.\" \/>\n\t\t<meta property=\"og:type\" content=\"article\" \/>\n\t\t<meta property=\"og:title\" content=\"Blocul motorului (cilindrului) motorului diesel 186F 9 c. p.\" \/>\n\t\t<meta property=\"og:description\" content=\"Este partea solid\u0103 de baz\u0103 (coc\u0103) a motorului, la care restul unit\u0103\u021bilor \u0219i ansamblurilor sale sunt ata\u0219ate \u00eentr-un fel sau altul.\" \/>\n\t\t<meta property=\"og:url\" content=\"https:\/\/bunuri.md\/ro\/shop\/blocul-motorului-cilindrului-motorului-diesel-186f-9-c-p\/\" \/>\n\t\t<meta property=\"og:image\" content=\"https:\/\/bunuri.md\/wp-content\/uploads\/2022\/10\/logobu.png\" \/>\n\t\t<meta property=\"og:image:secure_url\" content=\"https:\/\/bunuri.md\/wp-content\/uploads\/2022\/10\/logobu.png\" \/>\n\t\t<meta property=\"og:image:width\" content=\"200\" \/>\n\t\t<meta property=\"og:image:height\" content=\"200\" \/>\n\t\t<meta property=\"article:published_time\" content=\"2023-02-19T16:17:13+00:00\" \/>\n\t\t<meta property=\"article:modified_time\" content=\"2025-01-05T17:50:59+00:00\" \/>\n\t\t<meta property=\"article:publisher\" content=\"https:\/\/facebook.com\/https:\/\/www.facebook.com\/bunurimag\" \/>\n\t\t<meta name=\"twitter:card\" content=\"summary\" \/>\n\t\t<meta name=\"twitter:site\" content=\"@https:\" \/>\n\t\t<meta name=\"twitter:title\" content=\"Blocul motorului (cilindrului) motorului diesel 186F 9 c. p.\" \/>\n\t\t<meta name=\"twitter:description\" content=\"Este partea solid\u0103 de baz\u0103 (coc\u0103) a motorului, la care restul unit\u0103\u021bilor \u0219i ansamblurilor sale sunt ata\u0219ate \u00eentr-un fel sau altul.\" \/>\n\t\t<meta name=\"twitter:image\" content=\"https:\/\/bunuri.md\/wp-content\/uploads\/2022\/10\/logobu.png\" \/>\n\t\t<script type=\"application\/ld+json\" class=\"aioseo-schema\">\n\t\t\t{\"@context\":\"https:\\\/\\\/schema.org\",\"@graph\":[{\"@type\":\"BreadcrumbList\",\"@id\":\"https:\\\/\\\/bunuri.md\\\/ro\\\/shop\\\/blocul-motorului-cilindrului-motorului-diesel-186f-9-c-p\\\/#breadcrumblist\",\"itemListElement\":[{\"@type\":\"ListItem\",\"@id\":\"https:\\\/\\\/bunuri.md\\\/ro\\\/#listItem\",\"position\":1,\"name\":\"Home\",\"item\":\"https:\\\/\\\/bunuri.md\\\/ro\\\/\",\"nextItem\":{\"@type\":\"ListItem\",\"@id\":\"https:\\\/\\\/bunuri.md\\\/ro\\\/shop-2\\\/#listItem\",\"name\":\"Magazin\"}},{\"@type\":\"ListItem\",\"@id\":\"https:\\\/\\\/bunuri.md\\\/ro\\\/shop-2\\\/#listItem\",\"position\":2,\"name\":\"Magazin\",\"item\":\"https:\\\/\\\/bunuri.md\\\/ro\\\/shop-2\\\/\",\"nextItem\":{\"@type\":\"ListItem\",\"@id\":\"https:\\\/\\\/bunuri.md\\\/ro\\\/product-category\\\/piese-pentru-motoblocuri\\\/#listItem\",\"name\":\"Piese de schimb pentru tractoare \\u0219i motoblocuri\"},\"previousItem\":{\"@type\":\"ListItem\",\"@id\":\"https:\\\/\\\/bunuri.md\\\/ro\\\/#listItem\",\"name\":\"Home\"}},{\"@type\":\"ListItem\",\"@id\":\"https:\\\/\\\/bunuri.md\\\/ro\\\/product-category\\\/piese-pentru-motoblocuri\\\/#listItem\",\"position\":3,\"name\":\"Piese de schimb pentru tractoare \\u0219i motoblocuri\",\"item\":\"https:\\\/\\\/bunuri.md\\\/ro\\\/product-category\\\/piese-pentru-motoblocuri\\\/\",\"nextItem\":{\"@type\":\"ListItem\",\"@id\":\"https:\\\/\\\/bunuri.md\\\/ro\\\/shop\\\/blocul-motorului-cilindrului-motorului-diesel-186f-9-c-p\\\/#listItem\",\"name\":\"Blocul motorului (cilindrului) motorului diesel 186F 9 c. p.\"},\"previousItem\":{\"@type\":\"ListItem\",\"@id\":\"https:\\\/\\\/bunuri.md\\\/ro\\\/shop-2\\\/#listItem\",\"name\":\"Magazin\"}},{\"@type\":\"ListItem\",\"@id\":\"https:\\\/\\\/bunuri.md\\\/ro\\\/shop\\\/blocul-motorului-cilindrului-motorului-diesel-186f-9-c-p\\\/#listItem\",\"position\":4,\"name\":\"Blocul motorului (cilindrului) motorului diesel 186F 9 c. p.\",\"previousItem\":{\"@type\":\"ListItem\",\"@id\":\"https:\\\/\\\/bunuri.md\\\/ro\\\/product-category\\\/piese-pentru-motoblocuri\\\/#listItem\",\"name\":\"Piese de schimb pentru tractoare \\u0219i motoblocuri\"}}]},{\"@type\":\"ItemPage\",\"@id\":\"https:\\\/\\\/bunuri.md\\\/ro\\\/shop\\\/blocul-motorului-cilindrului-motorului-diesel-186f-9-c-p\\\/#itempage\",\"url\":\"https:\\\/\\\/bunuri.md\\\/ro\\\/shop\\\/blocul-motorului-cilindrului-motorului-diesel-186f-9-c-p\\\/\",\"name\":\"Blocul motorului (cilindrului) motorului diesel 186F 9 c. p.\",\"description\":\"Este partea solid\\u0103 de baz\\u0103 (coc\\u0103) a motorului, la care restul unit\\u0103\\u021bilor \\u0219i ansamblurilor sale sunt ata\\u0219ate \\u00eentr-un fel sau altul.\",\"inLanguage\":\"ro-RO\",\"isPartOf\":{\"@id\":\"https:\\\/\\\/bunuri.md\\\/ro\\\/#website\"},\"breadcrumb\":{\"@id\":\"https:\\\/\\\/bunuri.md\\\/ro\\\/shop\\\/blocul-motorului-cilindrului-motorului-diesel-186f-9-c-p\\\/#breadcrumblist\"},\"image\":{\"@type\":\"ImageObject\",\"url\":\"https:\\\/\\\/bunuri.md\\\/wp-content\\\/uploads\\\/2023\\\/02\\\/Bloc_motor_186F.png\",\"@id\":\"https:\\\/\\\/bunuri.md\\\/ro\\\/shop\\\/blocul-motorului-cilindrului-motorului-diesel-186f-9-c-p\\\/#mainImage\",\"width\":600,\"height\":339},\"primaryImageOfPage\":{\"@id\":\"https:\\\/\\\/bunuri.md\\\/ro\\\/shop\\\/blocul-motorului-cilindrului-motorului-diesel-186f-9-c-p\\\/#mainImage\"},\"datePublished\":\"2023-02-19T18:32:14+03:00\",\"dateModified\":\"2025-01-05T20:50:59+03:00\"},{\"@type\":\"Organization\",\"@id\":\"https:\\\/\\\/bunuri.md\\\/ro\\\/#organization\",\"name\":\"\\u00centreprinderea Individual\\u0103 \\\"Buldumac Aliona\\\"\",\"description\":\"\\u0418\\u041f \\u00ab\\u0411\\u0443\\u043b\\u0434\\u0443\\u043c\\u0430\\u043a \\u0410\\u043b\\u0435\\u043d\\u0430\\u00bb - \\u044d\\u0442\\u043e \\u043d\\u0430\\u0434\\u0451\\u0436\\u043d\\u044b\\u0439 \\u0438 \\u043e\\u0440\\u0438\\u0435\\u043d\\u0442\\u0438\\u0440\\u043e\\u0432\\u0430\\u043d\\u043d\\u044b\\u0439 \\u043d\\u0430 \\u043a\\u043b\\u0438\\u0435\\u043d\\u0442\\u0430 \\u0431\\u0438\\u0437\\u043d\\u0435\\u0441, \\u043f\\u0440\\u0435\\u0434\\u043b\\u0430\\u0433\\u0430\\u044e\\u0449\\u0438\\u0439 \\u043a\\u0430\\u0447\\u0435\\u0441\\u0442\\u0432\\u0435\\u043d\\u043d\\u044b\\u0435 \\u0442\\u043e\\u0432\\u0430\\u0440\\u044b, \\u0443\\u0441\\u043b\\u0443\\u0433\\u0438 \\u0441 \\u0430\\u043a\\u0446\\u0435\\u043d\\u0442\\u043e\\u043c \\u043d\\u0430 \\u043f\\u0440\\u0430\\u043a\\u0442\\u0438\\u0447\\u043d\\u043e\\u0441\\u0442\\u044c \\u0438 \\u0447\\u0435\\u0441\\u0442\\u043d\\u044b\\u0439 \\u043f\\u043e\\u0434\\u0445\\u043e\\u0434.\",\"url\":\"https:\\\/\\\/bunuri.md\\\/ro\\\/\",\"email\":\"bunuri.md@gmail.com\",\"telephone\":\"+37379512557\",\"foundingDate\":\"2006-09-27\",\"numberOfEmployees\":{\"@type\":\"QuantitativeValue\",\"minValue\":0,\"maxValue\":4},\"logo\":{\"@type\":\"ImageObject\",\"url\":\"https:\\\/\\\/bunuri.md\\\/wp-content\\\/uploads\\\/2022\\\/08\\\/logo-bunuri.png\",\"@id\":\"https:\\\/\\\/bunuri.md\\\/ro\\\/shop\\\/blocul-motorului-cilindrului-motorului-diesel-186f-9-c-p\\\/#organizationLogo\",\"width\":250,\"height\":250},\"image\":{\"@id\":\"https:\\\/\\\/bunuri.md\\\/ro\\\/shop\\\/blocul-motorului-cilindrului-motorului-diesel-186f-9-c-p\\\/#organizationLogo\"},\"sameAs\":[\"https:\\\/\\\/facebook.com\\\/https:\\\/\\\/www.facebook.com\\\/bunurimag\",\"https:\\\/\\\/x.com\\\/https:\\\/\\\/www.facebook.com\\\/bunurimag\",\"https:\\\/\\\/instagram.com\\\/https:\\\/\\\/www.facebook.com\\\/bunurimag\",\"https:\\\/\\\/pinterest.com\\\/https:\\\/\\\/www.facebook.com\\\/bunurimag\",\"https:\\\/\\\/youtube.com\\\/https:\\\/\\\/www.facebook.com\\\/bunurimag\",\"https:\\\/\\\/linkedin.com\\\/in\\\/https:\\\/\\\/www.facebook.com\\\/bunurimag\",\"https:\\\/\\\/soundcloud.com\\\/https:\\\/\\\/www.facebook.com\\\/bunurimag\"],\"address\":{\"@id\":\"https:\\\/\\\/bunuri.md\\\/ro\\\/#postaladdress\",\"@type\":\"PostalAddress\",\"streetAddress\":\"\\u0420. \\u041c\\u043e\\u043b\\u0434\\u043e\\u0432\\u0430, \\u0433. \\u0425\\u044b\\u043d\\u0447\\u0435\\u0448\\u0442\\u044b\",\"postalCode\":\"3401\",\"addressLocality\":\"\\u0425\\u044b\\u043d\\u0447\\u0435\\u0448\\u0442\\u044b\",\"addressRegion\":\"Moldova\",\"addressCountry\":\"MD\"}},{\"@type\":\"WebPage\",\"@id\":\"https:\\\/\\\/bunuri.md\\\/ro\\\/shop\\\/blocul-motorului-cilindrului-motorului-diesel-186f-9-c-p\\\/#webpage\",\"url\":\"https:\\\/\\\/bunuri.md\\\/ro\\\/shop\\\/blocul-motorului-cilindrului-motorului-diesel-186f-9-c-p\\\/\",\"name\":\"Blocul motorului (cilindrului) motorului diesel 186F 9 c. p.\",\"description\":\"Este partea solid\\u0103 de baz\\u0103 (coc\\u0103) a motorului, la care restul unit\\u0103\\u021bilor \\u0219i ansamblurilor sale sunt ata\\u0219ate \\u00eentr-un fel sau altul.\",\"inLanguage\":\"ro-RO\",\"isPartOf\":{\"@id\":\"https:\\\/\\\/bunuri.md\\\/ro\\\/#website\"},\"breadcrumb\":{\"@id\":\"https:\\\/\\\/bunuri.md\\\/ro\\\/shop\\\/blocul-motorului-cilindrului-motorului-diesel-186f-9-c-p\\\/#breadcrumblist\"},\"image\":{\"@type\":\"ImageObject\",\"url\":\"https:\\\/\\\/bunuri.md\\\/wp-content\\\/uploads\\\/2023\\\/02\\\/Bloc_motor_186F.png\",\"@id\":\"https:\\\/\\\/bunuri.md\\\/ro\\\/shop\\\/blocul-motorului-cilindrului-motorului-diesel-186f-9-c-p\\\/#mainImage\",\"width\":600,\"height\":339},\"primaryImageOfPage\":{\"@id\":\"https:\\\/\\\/bunuri.md\\\/ro\\\/shop\\\/blocul-motorului-cilindrului-motorului-diesel-186f-9-c-p\\\/#mainImage\"},\"datePublished\":\"2023-02-19T18:32:14+03:00\",\"dateModified\":\"2025-01-05T20:50:59+03:00\"},{\"@type\":\"WebSite\",\"@id\":\"https:\\\/\\\/bunuri.md\\\/ro\\\/#website\",\"url\":\"https:\\\/\\\/bunuri.md\\\/ro\\\/\",\"name\":\"www.bunuri.md\",\"alternateName\":\"bunuri.md\",\"description\":\"Bunuri.md este un magazin online care livreaz\\u0103 \\u0219i comercializeaz\\u0103 o gam\\u0103 larg\\u0103 de m\\u0103rfuri de diverse categorii pe \\u00eentreg teritoriul Republicii Moldova.\",\"inLanguage\":\"ro-RO\",\"publisher\":{\"@id\":\"https:\\\/\\\/bunuri.md\\\/ro\\\/#organization\"}}]}\n\t\t<\/script>\n\t\t<!-- All in One SEO Pro -->\r\n\t\t<title>Blocul motorului (cilindrului) motorului diesel 186F 9 c. p.<\/title>\n\n","aioseo_head_json":{"title":"Blocul motorului (cilindrului) motorului diesel 186F 9 c. p.","description":"Este partea solid\u0103 de baz\u0103 (coc\u0103) a motorului, la care restul unit\u0103\u021bilor \u0219i ansamblurilor sale sunt ata\u0219ate \u00eentr-un fel sau altul.","canonical_url":"https:\/\/bunuri.md\/ro\/shop\/blocul-motorului-cilindrului-motorului-diesel-186f-9-c-p\/","robots":"max-image-preview:large","keywords":"","webmasterTools":{"miscellaneous":""},"schema":{"@context":"https:\/\/schema.org","@graph":[{"@type":"BreadcrumbList","@id":"https:\/\/bunuri.md\/ro\/shop\/blocul-motorului-cilindrului-motorului-diesel-186f-9-c-p\/#breadcrumblist","itemListElement":[{"@type":"ListItem","@id":"https:\/\/bunuri.md\/ro\/#listItem","position":1,"name":"Home","item":"https:\/\/bunuri.md\/ro\/","nextItem":{"@type":"ListItem","@id":"https:\/\/bunuri.md\/ro\/shop-2\/#listItem","name":"Magazin"}},{"@type":"ListItem","@id":"https:\/\/bunuri.md\/ro\/shop-2\/#listItem","position":2,"name":"Magazin","item":"https:\/\/bunuri.md\/ro\/shop-2\/","nextItem":{"@type":"ListItem","@id":"https:\/\/bunuri.md\/ro\/product-category\/piese-pentru-motoblocuri\/#listItem","name":"Piese de schimb pentru tractoare \u0219i motoblocuri"},"previousItem":{"@type":"ListItem","@id":"https:\/\/bunuri.md\/ro\/#listItem","name":"Home"}},{"@type":"ListItem","@id":"https:\/\/bunuri.md\/ro\/product-category\/piese-pentru-motoblocuri\/#listItem","position":3,"name":"Piese de schimb pentru tractoare \u0219i motoblocuri","item":"https:\/\/bunuri.md\/ro\/product-category\/piese-pentru-motoblocuri\/","nextItem":{"@type":"ListItem","@id":"https:\/\/bunuri.md\/ro\/shop\/blocul-motorului-cilindrului-motorului-diesel-186f-9-c-p\/#listItem","name":"Blocul motorului (cilindrului) motorului diesel 186F 9 c. p."},"previousItem":{"@type":"ListItem","@id":"https:\/\/bunuri.md\/ro\/shop-2\/#listItem","name":"Magazin"}},{"@type":"ListItem","@id":"https:\/\/bunuri.md\/ro\/shop\/blocul-motorului-cilindrului-motorului-diesel-186f-9-c-p\/#listItem","position":4,"name":"Blocul motorului (cilindrului) motorului diesel 186F 9 c. p.","previousItem":{"@type":"ListItem","@id":"https:\/\/bunuri.md\/ro\/product-category\/piese-pentru-motoblocuri\/#listItem","name":"Piese de schimb pentru tractoare \u0219i motoblocuri"}}]},{"@type":"ItemPage","@id":"https:\/\/bunuri.md\/ro\/shop\/blocul-motorului-cilindrului-motorului-diesel-186f-9-c-p\/#itempage","url":"https:\/\/bunuri.md\/ro\/shop\/blocul-motorului-cilindrului-motorului-diesel-186f-9-c-p\/","name":"Blocul motorului (cilindrului) motorului diesel 186F 9 c. p.","description":"Este partea solid\u0103 de baz\u0103 (coc\u0103) a motorului, la care restul unit\u0103\u021bilor \u0219i ansamblurilor sale sunt ata\u0219ate \u00eentr-un fel sau altul.","inLanguage":"ro-RO","isPartOf":{"@id":"https:\/\/bunuri.md\/ro\/#website"},"breadcrumb":{"@id":"https:\/\/bunuri.md\/ro\/shop\/blocul-motorului-cilindrului-motorului-diesel-186f-9-c-p\/#breadcrumblist"},"image":{"@type":"ImageObject","url":"https:\/\/bunuri.md\/wp-content\/uploads\/2023\/02\/Bloc_motor_186F.png","@id":"https:\/\/bunuri.md\/ro\/shop\/blocul-motorului-cilindrului-motorului-diesel-186f-9-c-p\/#mainImage","width":600,"height":339},"primaryImageOfPage":{"@id":"https:\/\/bunuri.md\/ro\/shop\/blocul-motorului-cilindrului-motorului-diesel-186f-9-c-p\/#mainImage"},"datePublished":"2023-02-19T18:32:14+03:00","dateModified":"2025-01-05T20:50:59+03:00"},{"@type":"Organization","@id":"https:\/\/bunuri.md\/ro\/#organization","name":"\u00centreprinderea Individual\u0103 \"Buldumac Aliona\"","description":"\u0418\u041f \u00ab\u0411\u0443\u043b\u0434\u0443\u043c\u0430\u043a \u0410\u043b\u0435\u043d\u0430\u00bb - \u044d\u0442\u043e \u043d\u0430\u0434\u0451\u0436\u043d\u044b\u0439 \u0438 \u043e\u0440\u0438\u0435\u043d\u0442\u0438\u0440\u043e\u0432\u0430\u043d\u043d\u044b\u0439 \u043d\u0430 \u043a\u043b\u0438\u0435\u043d\u0442\u0430 \u0431\u0438\u0437\u043d\u0435\u0441, \u043f\u0440\u0435\u0434\u043b\u0430\u0433\u0430\u044e\u0449\u0438\u0439 \u043a\u0430\u0447\u0435\u0441\u0442\u0432\u0435\u043d\u043d\u044b\u0435 \u0442\u043e\u0432\u0430\u0440\u044b, \u0443\u0441\u043b\u0443\u0433\u0438 \u0441 \u0430\u043a\u0446\u0435\u043d\u0442\u043e\u043c \u043d\u0430 \u043f\u0440\u0430\u043a\u0442\u0438\u0447\u043d\u043e\u0441\u0442\u044c \u0438 \u0447\u0435\u0441\u0442\u043d\u044b\u0439 \u043f\u043e\u0434\u0445\u043e\u0434.","url":"https:\/\/bunuri.md\/ro\/","email":"bunuri.md@gmail.com","telephone":"+37379512557","foundingDate":"2006-09-27","numberOfEmployees":{"@type":"QuantitativeValue","minValue":0,"maxValue":4},"logo":{"@type":"ImageObject","url":"https:\/\/bunuri.md\/wp-content\/uploads\/2022\/08\/logo-bunuri.png","@id":"https:\/\/bunuri.md\/ro\/shop\/blocul-motorului-cilindrului-motorului-diesel-186f-9-c-p\/#organizationLogo","width":250,"height":250},"image":{"@id":"https:\/\/bunuri.md\/ro\/shop\/blocul-motorului-cilindrului-motorului-diesel-186f-9-c-p\/#organizationLogo"},"sameAs":["https:\/\/facebook.com\/https:\/\/www.facebook.com\/bunurimag","https:\/\/x.com\/https:\/\/www.facebook.com\/bunurimag","https:\/\/instagram.com\/https:\/\/www.facebook.com\/bunurimag","https:\/\/pinterest.com\/https:\/\/www.facebook.com\/bunurimag","https:\/\/youtube.com\/https:\/\/www.facebook.com\/bunurimag","https:\/\/linkedin.com\/in\/https:\/\/www.facebook.com\/bunurimag","https:\/\/soundcloud.com\/https:\/\/www.facebook.com\/bunurimag"],"address":{"@id":"https:\/\/bunuri.md\/ro\/#postaladdress","@type":"PostalAddress","streetAddress":"\u0420. \u041c\u043e\u043b\u0434\u043e\u0432\u0430, \u0433. \u0425\u044b\u043d\u0447\u0435\u0448\u0442\u044b","postalCode":"3401","addressLocality":"\u0425\u044b\u043d\u0447\u0435\u0448\u0442\u044b","addressRegion":"Moldova","addressCountry":"MD"}},{"@type":"WebPage","@id":"https:\/\/bunuri.md\/ro\/shop\/blocul-motorului-cilindrului-motorului-diesel-186f-9-c-p\/#webpage","url":"https:\/\/bunuri.md\/ro\/shop\/blocul-motorului-cilindrului-motorului-diesel-186f-9-c-p\/","name":"Blocul motorului (cilindrului) motorului diesel 186F 9 c. p.","description":"Este partea solid\u0103 de baz\u0103 (coc\u0103) a motorului, la care restul unit\u0103\u021bilor \u0219i ansamblurilor sale sunt ata\u0219ate \u00eentr-un fel sau altul.","inLanguage":"ro-RO","isPartOf":{"@id":"https:\/\/bunuri.md\/ro\/#website"},"breadcrumb":{"@id":"https:\/\/bunuri.md\/ro\/shop\/blocul-motorului-cilindrului-motorului-diesel-186f-9-c-p\/#breadcrumblist"},"image":{"@type":"ImageObject","url":"https:\/\/bunuri.md\/wp-content\/uploads\/2023\/02\/Bloc_motor_186F.png","@id":"https:\/\/bunuri.md\/ro\/shop\/blocul-motorului-cilindrului-motorului-diesel-186f-9-c-p\/#mainImage","width":600,"height":339},"primaryImageOfPage":{"@id":"https:\/\/bunuri.md\/ro\/shop\/blocul-motorului-cilindrului-motorului-diesel-186f-9-c-p\/#mainImage"},"datePublished":"2023-02-19T18:32:14+03:00","dateModified":"2025-01-05T20:50:59+03:00"},{"@type":"WebSite","@id":"https:\/\/bunuri.md\/ro\/#website","url":"https:\/\/bunuri.md\/ro\/","name":"www.bunuri.md","alternateName":"bunuri.md","description":"Bunuri.md este un magazin online care livreaz\u0103 \u0219i comercializeaz\u0103 o gam\u0103 larg\u0103 de m\u0103rfuri de diverse categorii pe \u00eentreg teritoriul Republicii Moldova.","inLanguage":"ro-RO","publisher":{"@id":"https:\/\/bunuri.md\/ro\/#organization"}}]},"og:locale":"ro_RO","og:site_name":"\u0418\u043d\u0442\u0435\u0440\u043d\u0435\u0442 \u043c\u0430\u0433\u0430\u0437\u0438\u043d \u041c\u043e\u043b\u0434\u043e\u0432\u0430 | Bunuri.md este un magazin online care livreaz\u0103 \u0219i comercializeaz\u0103 o gam\u0103 larg\u0103 de m\u0103rfuri de diverse categorii pe \u00eentreg teritoriul Republicii Moldova.","og:type":"article","og:title":"Blocul motorului (cilindrului) motorului diesel 186F 9 c. p.","og:description":"Este partea solid\u0103 de baz\u0103 (coc\u0103) a motorului, la care restul unit\u0103\u021bilor \u0219i ansamblurilor sale sunt ata\u0219ate \u00eentr-un fel sau altul.","og:url":"https:\/\/bunuri.md\/ro\/shop\/blocul-motorului-cilindrului-motorului-diesel-186f-9-c-p\/","og:image":"https:\/\/bunuri.md\/wp-content\/uploads\/2022\/10\/logobu.png","og:image:secure_url":"https:\/\/bunuri.md\/wp-content\/uploads\/2022\/10\/logobu.png","og:image:width":200,"og:image:height":200,"article:published_time":"2023-02-19T16:17:13+00:00","article:modified_time":"2025-01-05T17:50:59+00:00","article:publisher":"https:\/\/facebook.com\/https:\/\/www.facebook.com\/bunurimag","twitter:card":"summary","twitter:site":"@https:","twitter:title":"Blocul motorului (cilindrului) motorului diesel 186F 9 c. p.","twitter:description":"Este partea solid\u0103 de baz\u0103 (coc\u0103) a motorului, la care restul unit\u0103\u021bilor \u0219i ansamblurilor sale sunt ata\u0219ate \u00eentr-un fel sau altul.","twitter:image":"https:\/\/bunuri.md\/wp-content\/uploads\/2022\/10\/logobu.png"},"aioseo_meta_data":{"post_id":"7232","title":"Blocul motorului (cilindrului) motorului diesel 186F 9 c. p.","description":"Este partea solid\u0103 de baz\u0103 (coc\u0103) a motorului, la care restul unit\u0103\u021bilor \u0219i ansamblurilor sale sunt ata\u0219ate \u00eentr-un fel sau altul.","keywords":null,"keyphrases":{"focus":{"keyphrase":"","score":0,"analysis":{"keyphraseInTitle":{"score":0,"maxScore":9,"error":1}}},"additional":[]},"primary_term":null,"canonical_url":null,"og_title":null,"og_description":null,"og_object_type":"default","og_image_type":"default","og_image_url":null,"og_image_width":null,"og_image_height":null,"og_image_custom_url":null,"og_image_custom_fields":null,"og_video":"","og_custom_url":null,"og_article_section":null,"og_article_tags":null,"twitter_use_og":false,"twitter_card":"default","twitter_image_type":"default","twitter_image_url":null,"twitter_image_custom_url":null,"twitter_image_custom_fields":null,"twitter_title":null,"twitter_description":null,"schema":{"blockGraphs":[],"customGraphs":[],"default":{"data":{"Article":[],"Course":[],"Dataset":[],"FAQPage":[],"Movie":[],"Person":[],"Product":[],"ProductReview":[],"Car":[],"Recipe":[],"Service":[],"SoftwareApplication":[],"WebPage":[]},"graphName":"ItemPage","isEnabled":true},"graphs":[]},"schema_type":"default","schema_type_options":null,"pillar_content":false,"robots_default":true,"robots_noindex":false,"robots_noarchive":false,"robots_nosnippet":false,"robots_nofollow":false,"robots_noimageindex":false,"robots_noodp":false,"robots_notranslate":false,"robots_max_snippet":"-1","robots_max_videopreview":"-1","robots_max_imagepreview":"large","priority":null,"frequency":"default","local_seo":null,"seo_analyzer_scan_date":null,"breadcrumb_settings":null,"limit_modified_date":false,"reviewed_by":null,"open_ai":"{\"title\":{\"suggestions\":[],\"usage\":0},\"description\":{\"suggestions\":[],\"usage\":0}}","ai":null,"created":"2023-02-19 16:14:55","updated":"2025-05-30 04:59:03"},"aioseo_breadcrumb":"<div class=\"aioseo-breadcrumbs\"><span class=\"aioseo-breadcrumb\">\n\t<a href=\"https:\/\/bunuri.md\/ro\/\" title=\"Home\">Home<\/a>\n<\/span><span class=\"aioseo-breadcrumb-separator\">\u00bb<\/span><span class=\"aioseo-breadcrumb\">\n\t<a href=\"https:\/\/bunuri.md\/ro\/shop-2\/\" title=\"Magazin\">Magazin<\/a>\n<\/span><span class=\"aioseo-breadcrumb-separator\">\u00bb<\/span><span class=\"aioseo-breadcrumb\">\n\t<a href=\"https:\/\/bunuri.md\/ro\/product-category\/piese-pentru-motoblocuri\/\" title=\"Piese de schimb pentru tractoare \u0219i motoblocuri\">Piese de schimb pentru tractoare \u0219i motoblocuri<\/a>\n<\/span><span class=\"aioseo-breadcrumb-separator\">\u00bb<\/span><span class=\"aioseo-breadcrumb\">\n\tBlocul motorului (cilindrului) motorului diesel 186F 9 c. p.\n<\/span><\/div>","aioseo_breadcrumb_json":[{"label":"Home","link":"https:\/\/bunuri.md\/ro\/"},{"label":"Magazin","link":"https:\/\/bunuri.md\/ro\/shop-2\/"},{"label":"Piese de schimb pentru tractoare \u0219i motoblocuri","link":"https:\/\/bunuri.md\/ro\/product-category\/piese-pentru-motoblocuri\/"},{"label":"Blocul motorului (cilindrului) motorului diesel 186F 9 c. p.","link":"https:\/\/bunuri.md\/ro\/shop\/blocul-motorului-cilindrului-motorului-diesel-186f-9-c-p\/"}],"_links":{"self":[{"href":"https:\/\/bunuri.md\/ro\/wp-json\/wp\/v2\/product\/7232","targetHints":{"allow":["GET"]}}],"collection":[{"href":"https:\/\/bunuri.md\/ro\/wp-json\/wp\/v2\/product"}],"about":[{"href":"https:\/\/bunuri.md\/ro\/wp-json\/wp\/v2\/types\/product"}],"replies":[{"embeddable":true,"href":"https:\/\/bunuri.md\/ro\/wp-json\/wp\/v2\/comments?post=7232"}],"wp:featuredmedia":[{"embeddable":true,"href":"https:\/\/bunuri.md\/ro\/wp-json\/wp\/v2\/media\/7230"}],"wp:attachment":[{"href":"https:\/\/bunuri.md\/ro\/wp-json\/wp\/v2\/media?parent=7232"}],"wp:term":[{"taxonomy":"product_brand","embeddable":true,"href":"https:\/\/bunuri.md\/ro\/wp-json\/wp\/v2\/product_brand?post=7232"},{"taxonomy":"product_cat","embeddable":true,"href":"https:\/\/bunuri.md\/ro\/wp-json\/wp\/v2\/product_cat?post=7232"},{"taxonomy":"product_tag","embeddable":true,"href":"https:\/\/bunuri.md\/ro\/wp-json\/wp\/v2\/product_tag?post=7232"}],"curies":[{"name":"wp","href":"https:\/\/api.w.org\/{rel}","templated":true}]}}