{"id":7275,"date":"2023-02-27T21:01:24","date_gmt":"2023-02-27T18:01:24","guid":{"rendered":"https:\/\/bunuri.md\/?post_type=product&#038;p=7275"},"modified":"2025-11-20T22:31:09","modified_gmt":"2025-11-20T19:31:09","slug":"ansamblu-motor-pentru-drujba-cu-un-volum-de-5800-mm-cub","status":"publish","type":"product","link":"https:\/\/bunuri.md\/ro\/shop\/ansamblu-motor-pentru-drujba-cu-un-volum-de-5800-mm-cub\/","title":{"rendered":"Motor pentru drujb\u0103 complet, volumul 5800 mm\u00b3."},"content":{"rendered":"<p><strong>Ansamblul motorului drujbei, cu o cilindree de 5800 mm3<\/strong> &#8211;<a href=\"https:\/\/bunuri.md\/ro\/product-category\/fierestrau-cu-lant\/\"> este un motor cu ardere intern\u0103 (ICE) care arde un amestec combustibil-aer. Gazele rezultate \u00eemping un piston, care, prin intermediul unei biele, rote\u0219te arborele cotit. Rota\u021bia arborelui cotit este transmis\u0103 unei ro\u021bi din\u021bate situate pe lan\u021b. Rota\u021bia, la r\u00e2ndul ei, ac\u021bioneaz\u0103 lan\u021bul de-a lungul \u0219inei de ghidare. Utilizarea unui motor pe benzin\u0103 face ca drujba s\u0103 fie autonom\u0103 \u0219i permite utilizarea acesteia \u00een locuri f\u0103r\u0103 acces la electricitate, cum ar fi \u00een p\u0103dure sau pe un \u0219antier de construc\u021bii. Majoritatea drujbelor folosesc un motor cu ardere intern\u0103 \u00een doi timpi care func\u021bioneaz\u0103 cu un amestec de benzin\u0103 \u0219i ulei.<\/a><\/p>\n<p><strong>Specifica\u021bii tehnice:<\/strong><\/p>\n<ul>\n<li><strong>Tip motor:<\/strong> \u00een 2 timpi.<\/li>\n<li><strong>Cilindree motor:<\/strong> 5800 mm3.<\/li>\n<li><strong>Lan\u021b:<\/strong> 0,325&#8243;.<\/li>\n<li><strong>Capacitate rezervor combustibil:<\/strong> 0,55 L.<\/li>\n<li><strong>Capacitate rezervor ulei:<\/strong> 0,26 L.<\/li>\n<\/ul>\n","protected":false},"excerpt":{"rendered":"<p>Destinat pentru utilizare \u00een componenta fer\u0103straielor cu lan\u021b pe benzin\u0103 cu motor cu ardere intern\u0103 \u00een doi timpi \u0219i o capacitate cilindric\u0103 de 6800 mm\u00b3.<\/p>\n","protected":false},"featured_media":7273,"comment_status":"open","ping_status":"closed","template":"","meta":{"om_disable_all_campaigns":false},"pwb-brand":[],"product_brand":[],"product_cat":[411],"product_tag":[],"class_list":{"0":"post-7275","1":"product","2":"type-product","3":"status-publish","4":"has-post-thumbnail","6":"product_cat-piese-de-schimb-pentru-ferastraie-cu-lant","8":"first","9":"instock","10":"featured","11":"purchasable","12":"product-type-simple"},"aioseo_notices":[],"aioseo_head":"\n\t\t<!-- All in One SEO Pro 4.9.6.2 - aioseo.com -->\n\t<meta name=\"description\" content=\"Destinat pentru utilizare \u00een componenta fer\u0103straielor cu lan\u021b pe benzin\u0103 cu motor cu ardere intern\u0103 \u00een doi timpi \u0219i o capacitate cilindric\u0103 de 6800 mm\u00b3.\" \/>\n\t<meta name=\"robots\" content=\"max-image-preview:large\" \/>\n\t<link rel=\"canonical\" href=\"https:\/\/bunuri.md\/ro\/shop\/ansamblu-motor-pentru-drujba-cu-un-volum-de-5800-mm-cub\/\" \/>\n\t<meta name=\"generator\" content=\"All in One SEO Pro (AIOSEO) 4.9.6.2\" \/>\n\t\t<meta property=\"og:locale\" content=\"ro_RO\" \/>\n\t\t<meta property=\"og:site_name\" content=\"\u0418\u043d\u0442\u0435\u0440\u043d\u0435\u0442 \u043c\u0430\u0433\u0430\u0437\u0438\u043d \u041c\u043e\u043b\u0434\u043e\u0432\u0430 | Bunuri.md este un magazin online care livreaz\u0103 \u0219i comercializeaz\u0103 o gam\u0103 larg\u0103 de m\u0103rfuri de diverse categorii pe \u00eentreg teritoriul Republicii Moldova.\" \/>\n\t\t<meta property=\"og:type\" content=\"article\" \/>\n\t\t<meta property=\"og:title\" content=\"Motor pentru drujb\u0103 complet, volumul 5800 mm\u00b3.\" \/>\n\t\t<meta property=\"og:description\" content=\"Destinat pentru utilizare \u00een componenta fer\u0103straielor cu lan\u021b pe benzin\u0103 cu motor cu ardere intern\u0103 \u00een doi timpi \u0219i o capacitate cilindric\u0103 de 6800 mm\u00b3.\" \/>\n\t\t<meta property=\"og:url\" content=\"https:\/\/bunuri.md\/ro\/shop\/ansamblu-motor-pentru-drujba-cu-un-volum-de-5800-mm-cub\/\" \/>\n\t\t<meta property=\"og:image\" content=\"https:\/\/bunuri.md\/wp-content\/uploads\/2022\/10\/logobu.png\" \/>\n\t\t<meta property=\"og:image:secure_url\" content=\"https:\/\/bunuri.md\/wp-content\/uploads\/2022\/10\/logobu.png\" \/>\n\t\t<meta property=\"og:image:width\" content=\"200\" \/>\n\t\t<meta property=\"og:image:height\" content=\"200\" \/>\n\t\t<meta property=\"article:published_time\" content=\"2023-02-27T18:01:24+00:00\" \/>\n\t\t<meta property=\"article:modified_time\" content=\"2025-11-20T19:31:09+00:00\" \/>\n\t\t<meta property=\"article:publisher\" content=\"https:\/\/facebook.com\/https:\/\/www.facebook.com\/bunurimag\" \/>\n\t\t<meta name=\"twitter:card\" content=\"summary\" \/>\n\t\t<meta name=\"twitter:site\" content=\"@https:\" \/>\n\t\t<meta name=\"twitter:title\" content=\"Motor pentru drujb\u0103 complet, volumul 5800 mm\u00b3.\" \/>\n\t\t<meta name=\"twitter:description\" content=\"Destinat pentru utilizare \u00een componenta fer\u0103straielor cu lan\u021b pe benzin\u0103 cu motor cu ardere intern\u0103 \u00een doi timpi \u0219i o capacitate cilindric\u0103 de 6800 mm\u00b3.\" \/>\n\t\t<meta name=\"twitter:image\" content=\"https:\/\/bunuri.md\/wp-content\/uploads\/2022\/10\/logobu.png\" \/>\n\t\t<script type=\"application\/ld+json\" class=\"aioseo-schema\">\n\t\t\t{\"@context\":\"https:\\\/\\\/schema.org\",\"@graph\":[{\"@type\":\"BreadcrumbList\",\"@id\":\"https:\\\/\\\/bunuri.md\\\/ro\\\/shop\\\/ansamblu-motor-pentru-drujba-cu-un-volum-de-5800-mm-cub\\\/#breadcrumblist\",\"itemListElement\":[{\"@type\":\"ListItem\",\"@id\":\"https:\\\/\\\/bunuri.md\\\/ro\\\/#listItem\",\"position\":1,\"name\":\"Home\",\"item\":\"https:\\\/\\\/bunuri.md\\\/ro\\\/\",\"nextItem\":{\"@type\":\"ListItem\",\"@id\":\"https:\\\/\\\/bunuri.md\\\/ro\\\/shop-2\\\/#listItem\",\"name\":\"Magazin\"}},{\"@type\":\"ListItem\",\"@id\":\"https:\\\/\\\/bunuri.md\\\/ro\\\/shop-2\\\/#listItem\",\"position\":2,\"name\":\"Magazin\",\"item\":\"https:\\\/\\\/bunuri.md\\\/ro\\\/shop-2\\\/\",\"nextItem\":{\"@type\":\"ListItem\",\"@id\":\"https:\\\/\\\/bunuri.md\\\/ro\\\/product-category\\\/piese-de-schimb-pentru-ferastraie-cu-lant\\\/#listItem\",\"name\":\"Piese de schimb pentru fer\\u0103straie cu lan\\u021b\"},\"previousItem\":{\"@type\":\"ListItem\",\"@id\":\"https:\\\/\\\/bunuri.md\\\/ro\\\/#listItem\",\"name\":\"Home\"}},{\"@type\":\"ListItem\",\"@id\":\"https:\\\/\\\/bunuri.md\\\/ro\\\/product-category\\\/piese-de-schimb-pentru-ferastraie-cu-lant\\\/#listItem\",\"position\":3,\"name\":\"Piese de schimb pentru fer\\u0103straie cu lan\\u021b\",\"item\":\"https:\\\/\\\/bunuri.md\\\/ro\\\/product-category\\\/piese-de-schimb-pentru-ferastraie-cu-lant\\\/\",\"nextItem\":{\"@type\":\"ListItem\",\"@id\":\"https:\\\/\\\/bunuri.md\\\/ro\\\/shop\\\/ansamblu-motor-pentru-drujba-cu-un-volum-de-5800-mm-cub\\\/#listItem\",\"name\":\"Motor pentru drujb\\u0103 complet, volumul 5800 mm\\u00b3.\"},\"previousItem\":{\"@type\":\"ListItem\",\"@id\":\"https:\\\/\\\/bunuri.md\\\/ro\\\/shop-2\\\/#listItem\",\"name\":\"Magazin\"}},{\"@type\":\"ListItem\",\"@id\":\"https:\\\/\\\/bunuri.md\\\/ro\\\/shop\\\/ansamblu-motor-pentru-drujba-cu-un-volum-de-5800-mm-cub\\\/#listItem\",\"position\":4,\"name\":\"Motor pentru drujb\\u0103 complet, volumul 5800 mm\\u00b3.\",\"previousItem\":{\"@type\":\"ListItem\",\"@id\":\"https:\\\/\\\/bunuri.md\\\/ro\\\/product-category\\\/piese-de-schimb-pentru-ferastraie-cu-lant\\\/#listItem\",\"name\":\"Piese de schimb pentru fer\\u0103straie cu lan\\u021b\"}}]},{\"@type\":\"ItemPage\",\"@id\":\"https:\\\/\\\/bunuri.md\\\/ro\\\/shop\\\/ansamblu-motor-pentru-drujba-cu-un-volum-de-5800-mm-cub\\\/#itempage\",\"url\":\"https:\\\/\\\/bunuri.md\\\/ro\\\/shop\\\/ansamblu-motor-pentru-drujba-cu-un-volum-de-5800-mm-cub\\\/\",\"name\":\"Motor pentru drujb\\u0103 complet, volumul 5800 mm\\u00b3.\",\"description\":\"Destinat pentru utilizare \\u00een componenta fer\\u0103straielor cu lan\\u021b pe benzin\\u0103 cu motor cu ardere intern\\u0103 \\u00een doi timpi \\u0219i o capacitate cilindric\\u0103 de 6800 mm\\u00b3.\",\"inLanguage\":\"ro-RO\",\"isPartOf\":{\"@id\":\"https:\\\/\\\/bunuri.md\\\/ro\\\/#website\"},\"breadcrumb\":{\"@id\":\"https:\\\/\\\/bunuri.md\\\/ro\\\/shop\\\/ansamblu-motor-pentru-drujba-cu-un-volum-de-5800-mm-cub\\\/#breadcrumblist\"},\"image\":{\"@type\":\"ImageObject\",\"url\":\"https:\\\/\\\/bunuri.md\\\/wp-content\\\/uploads\\\/2023\\\/02\\\/Motor_ferestrau_cu_lant.jpg\",\"@id\":\"https:\\\/\\\/bunuri.md\\\/ro\\\/shop\\\/ansamblu-motor-pentru-drujba-cu-un-volum-de-5800-mm-cub\\\/#mainImage\",\"width\":566,\"height\":600},\"primaryImageOfPage\":{\"@id\":\"https:\\\/\\\/bunuri.md\\\/ro\\\/shop\\\/ansamblu-motor-pentru-drujba-cu-un-volum-de-5800-mm-cub\\\/#mainImage\"},\"datePublished\":\"2023-02-27T21:01:24+03:00\",\"dateModified\":\"2025-11-20T22:31:09+03:00\"},{\"@type\":\"Organization\",\"@id\":\"https:\\\/\\\/bunuri.md\\\/ro\\\/#organization\",\"name\":\"\\u00centreprinderea Individual\\u0103 \\\"Buldumac Aliona\\\"\",\"description\":\"\\u0418\\u041f \\u00ab\\u0411\\u0443\\u043b\\u0434\\u0443\\u043c\\u0430\\u043a \\u0410\\u043b\\u0435\\u043d\\u0430\\u00bb - \\u044d\\u0442\\u043e \\u043d\\u0430\\u0434\\u0451\\u0436\\u043d\\u044b\\u0439 \\u0438 \\u043e\\u0440\\u0438\\u0435\\u043d\\u0442\\u0438\\u0440\\u043e\\u0432\\u0430\\u043d\\u043d\\u044b\\u0439 \\u043d\\u0430 \\u043a\\u043b\\u0438\\u0435\\u043d\\u0442\\u0430 \\u0431\\u0438\\u0437\\u043d\\u0435\\u0441, \\u043f\\u0440\\u0435\\u0434\\u043b\\u0430\\u0433\\u0430\\u044e\\u0449\\u0438\\u0439 \\u043a\\u0430\\u0447\\u0435\\u0441\\u0442\\u0432\\u0435\\u043d\\u043d\\u044b\\u0435 \\u0442\\u043e\\u0432\\u0430\\u0440\\u044b, \\u0443\\u0441\\u043b\\u0443\\u0433\\u0438 \\u0441 \\u0430\\u043a\\u0446\\u0435\\u043d\\u0442\\u043e\\u043c \\u043d\\u0430 \\u043f\\u0440\\u0430\\u043a\\u0442\\u0438\\u0447\\u043d\\u043e\\u0441\\u0442\\u044c \\u0438 \\u0447\\u0435\\u0441\\u0442\\u043d\\u044b\\u0439 \\u043f\\u043e\\u0434\\u0445\\u043e\\u0434.\",\"url\":\"https:\\\/\\\/bunuri.md\\\/ro\\\/\",\"email\":\"bunuri.md@gmail.com\",\"telephone\":\"+37379512557\",\"foundingDate\":\"2006-09-27\",\"numberOfEmployees\":{\"@type\":\"QuantitativeValue\",\"minValue\":0,\"maxValue\":4},\"logo\":{\"@type\":\"ImageObject\",\"url\":\"https:\\\/\\\/bunuri.md\\\/wp-content\\\/uploads\\\/2022\\\/08\\\/logo-bunuri.png\",\"@id\":\"https:\\\/\\\/bunuri.md\\\/ro\\\/shop\\\/ansamblu-motor-pentru-drujba-cu-un-volum-de-5800-mm-cub\\\/#organizationLogo\",\"width\":250,\"height\":250},\"image\":{\"@id\":\"https:\\\/\\\/bunuri.md\\\/ro\\\/shop\\\/ansamblu-motor-pentru-drujba-cu-un-volum-de-5800-mm-cub\\\/#organizationLogo\"},\"sameAs\":[\"https:\\\/\\\/facebook.com\\\/https:\\\/\\\/www.facebook.com\\\/bunurimag\",\"https:\\\/\\\/x.com\\\/https:\\\/\\\/www.facebook.com\\\/bunurimag\",\"https:\\\/\\\/instagram.com\\\/https:\\\/\\\/www.facebook.com\\\/bunurimag\",\"https:\\\/\\\/pinterest.com\\\/https:\\\/\\\/www.facebook.com\\\/bunurimag\",\"https:\\\/\\\/youtube.com\\\/https:\\\/\\\/www.facebook.com\\\/bunurimag\",\"https:\\\/\\\/linkedin.com\\\/in\\\/https:\\\/\\\/www.facebook.com\\\/bunurimag\",\"https:\\\/\\\/soundcloud.com\\\/https:\\\/\\\/www.facebook.com\\\/bunurimag\"],\"address\":{\"@id\":\"https:\\\/\\\/bunuri.md\\\/ro\\\/#postaladdress\",\"@type\":\"PostalAddress\",\"streetAddress\":\"\\u0420. \\u041c\\u043e\\u043b\\u0434\\u043e\\u0432\\u0430, \\u0433. \\u0425\\u044b\\u043d\\u0447\\u0435\\u0448\\u0442\\u044b\",\"postalCode\":\"3401\",\"addressLocality\":\"\\u0425\\u044b\\u043d\\u0447\\u0435\\u0448\\u0442\\u044b\",\"addressRegion\":\"Moldova\",\"addressCountry\":\"MD\"}},{\"@type\":\"WebPage\",\"@id\":\"https:\\\/\\\/bunuri.md\\\/ro\\\/shop\\\/ansamblu-motor-pentru-drujba-cu-un-volum-de-5800-mm-cub\\\/#webpage\",\"url\":\"https:\\\/\\\/bunuri.md\\\/ro\\\/shop\\\/ansamblu-motor-pentru-drujba-cu-un-volum-de-5800-mm-cub\\\/\",\"name\":\"Motor pentru drujb\\u0103 complet, volumul 5800 mm\\u00b3.\",\"description\":\"Destinat pentru utilizare \\u00een componenta fer\\u0103straielor cu lan\\u021b pe benzin\\u0103 cu motor cu ardere intern\\u0103 \\u00een doi timpi \\u0219i o capacitate cilindric\\u0103 de 6800 mm\\u00b3.\",\"inLanguage\":\"ro-RO\",\"isPartOf\":{\"@id\":\"https:\\\/\\\/bunuri.md\\\/ro\\\/#website\"},\"breadcrumb\":{\"@id\":\"https:\\\/\\\/bunuri.md\\\/ro\\\/shop\\\/ansamblu-motor-pentru-drujba-cu-un-volum-de-5800-mm-cub\\\/#breadcrumblist\"},\"image\":{\"@type\":\"ImageObject\",\"url\":\"https:\\\/\\\/bunuri.md\\\/wp-content\\\/uploads\\\/2023\\\/02\\\/Motor_ferestrau_cu_lant.jpg\",\"@id\":\"https:\\\/\\\/bunuri.md\\\/ro\\\/shop\\\/ansamblu-motor-pentru-drujba-cu-un-volum-de-5800-mm-cub\\\/#mainImage\",\"width\":566,\"height\":600},\"primaryImageOfPage\":{\"@id\":\"https:\\\/\\\/bunuri.md\\\/ro\\\/shop\\\/ansamblu-motor-pentru-drujba-cu-un-volum-de-5800-mm-cub\\\/#mainImage\"},\"datePublished\":\"2023-02-27T21:01:24+03:00\",\"dateModified\":\"2025-11-20T22:31:09+03:00\"},{\"@type\":\"WebSite\",\"@id\":\"https:\\\/\\\/bunuri.md\\\/ro\\\/#website\",\"url\":\"https:\\\/\\\/bunuri.md\\\/ro\\\/\",\"name\":\"www.bunuri.md\",\"alternateName\":\"bunuri.md\",\"description\":\"Bunuri.md este un magazin online care livreaz\\u0103 \\u0219i comercializeaz\\u0103 o gam\\u0103 larg\\u0103 de m\\u0103rfuri de diverse categorii pe \\u00eentreg teritoriul Republicii Moldova.\",\"inLanguage\":\"ro-RO\",\"publisher\":{\"@id\":\"https:\\\/\\\/bunuri.md\\\/ro\\\/#organization\"}}]}\n\t\t<\/script>\n\t\t<!-- All in One SEO Pro -->\r\n\t\t<title>Motor pentru drujb\u0103 complet, volumul 5800 mm\u00b3.<\/title>\n\n","aioseo_head_json":{"title":"Motor pentru drujb\u0103 complet, volumul 5800 mm\u00b3.","description":"Destinat pentru utilizare \u00een componenta fer\u0103straielor cu lan\u021b pe benzin\u0103 cu motor cu ardere intern\u0103 \u00een doi timpi \u0219i o capacitate cilindric\u0103 de 6800 mm\u00b3.","canonical_url":"https:\/\/bunuri.md\/ro\/shop\/ansamblu-motor-pentru-drujba-cu-un-volum-de-5800-mm-cub\/","robots":"max-image-preview:large","keywords":"","webmasterTools":{"miscellaneous":""},"schema":{"@context":"https:\/\/schema.org","@graph":[{"@type":"BreadcrumbList","@id":"https:\/\/bunuri.md\/ro\/shop\/ansamblu-motor-pentru-drujba-cu-un-volum-de-5800-mm-cub\/#breadcrumblist","itemListElement":[{"@type":"ListItem","@id":"https:\/\/bunuri.md\/ro\/#listItem","position":1,"name":"Home","item":"https:\/\/bunuri.md\/ro\/","nextItem":{"@type":"ListItem","@id":"https:\/\/bunuri.md\/ro\/shop-2\/#listItem","name":"Magazin"}},{"@type":"ListItem","@id":"https:\/\/bunuri.md\/ro\/shop-2\/#listItem","position":2,"name":"Magazin","item":"https:\/\/bunuri.md\/ro\/shop-2\/","nextItem":{"@type":"ListItem","@id":"https:\/\/bunuri.md\/ro\/product-category\/piese-de-schimb-pentru-ferastraie-cu-lant\/#listItem","name":"Piese de schimb pentru fer\u0103straie cu lan\u021b"},"previousItem":{"@type":"ListItem","@id":"https:\/\/bunuri.md\/ro\/#listItem","name":"Home"}},{"@type":"ListItem","@id":"https:\/\/bunuri.md\/ro\/product-category\/piese-de-schimb-pentru-ferastraie-cu-lant\/#listItem","position":3,"name":"Piese de schimb pentru fer\u0103straie cu lan\u021b","item":"https:\/\/bunuri.md\/ro\/product-category\/piese-de-schimb-pentru-ferastraie-cu-lant\/","nextItem":{"@type":"ListItem","@id":"https:\/\/bunuri.md\/ro\/shop\/ansamblu-motor-pentru-drujba-cu-un-volum-de-5800-mm-cub\/#listItem","name":"Motor pentru drujb\u0103 complet, volumul 5800 mm\u00b3."},"previousItem":{"@type":"ListItem","@id":"https:\/\/bunuri.md\/ro\/shop-2\/#listItem","name":"Magazin"}},{"@type":"ListItem","@id":"https:\/\/bunuri.md\/ro\/shop\/ansamblu-motor-pentru-drujba-cu-un-volum-de-5800-mm-cub\/#listItem","position":4,"name":"Motor pentru drujb\u0103 complet, volumul 5800 mm\u00b3.","previousItem":{"@type":"ListItem","@id":"https:\/\/bunuri.md\/ro\/product-category\/piese-de-schimb-pentru-ferastraie-cu-lant\/#listItem","name":"Piese de schimb pentru fer\u0103straie cu lan\u021b"}}]},{"@type":"ItemPage","@id":"https:\/\/bunuri.md\/ro\/shop\/ansamblu-motor-pentru-drujba-cu-un-volum-de-5800-mm-cub\/#itempage","url":"https:\/\/bunuri.md\/ro\/shop\/ansamblu-motor-pentru-drujba-cu-un-volum-de-5800-mm-cub\/","name":"Motor pentru drujb\u0103 complet, volumul 5800 mm\u00b3.","description":"Destinat pentru utilizare \u00een componenta fer\u0103straielor cu lan\u021b pe benzin\u0103 cu motor cu ardere intern\u0103 \u00een doi timpi \u0219i o capacitate cilindric\u0103 de 6800 mm\u00b3.","inLanguage":"ro-RO","isPartOf":{"@id":"https:\/\/bunuri.md\/ro\/#website"},"breadcrumb":{"@id":"https:\/\/bunuri.md\/ro\/shop\/ansamblu-motor-pentru-drujba-cu-un-volum-de-5800-mm-cub\/#breadcrumblist"},"image":{"@type":"ImageObject","url":"https:\/\/bunuri.md\/wp-content\/uploads\/2023\/02\/Motor_ferestrau_cu_lant.jpg","@id":"https:\/\/bunuri.md\/ro\/shop\/ansamblu-motor-pentru-drujba-cu-un-volum-de-5800-mm-cub\/#mainImage","width":566,"height":600},"primaryImageOfPage":{"@id":"https:\/\/bunuri.md\/ro\/shop\/ansamblu-motor-pentru-drujba-cu-un-volum-de-5800-mm-cub\/#mainImage"},"datePublished":"2023-02-27T21:01:24+03:00","dateModified":"2025-11-20T22:31:09+03:00"},{"@type":"Organization","@id":"https:\/\/bunuri.md\/ro\/#organization","name":"\u00centreprinderea Individual\u0103 \"Buldumac Aliona\"","description":"\u0418\u041f \u00ab\u0411\u0443\u043b\u0434\u0443\u043c\u0430\u043a \u0410\u043b\u0435\u043d\u0430\u00bb - \u044d\u0442\u043e \u043d\u0430\u0434\u0451\u0436\u043d\u044b\u0439 \u0438 \u043e\u0440\u0438\u0435\u043d\u0442\u0438\u0440\u043e\u0432\u0430\u043d\u043d\u044b\u0439 \u043d\u0430 \u043a\u043b\u0438\u0435\u043d\u0442\u0430 \u0431\u0438\u0437\u043d\u0435\u0441, \u043f\u0440\u0435\u0434\u043b\u0430\u0433\u0430\u044e\u0449\u0438\u0439 \u043a\u0430\u0447\u0435\u0441\u0442\u0432\u0435\u043d\u043d\u044b\u0435 \u0442\u043e\u0432\u0430\u0440\u044b, \u0443\u0441\u043b\u0443\u0433\u0438 \u0441 \u0430\u043a\u0446\u0435\u043d\u0442\u043e\u043c \u043d\u0430 \u043f\u0440\u0430\u043a\u0442\u0438\u0447\u043d\u043e\u0441\u0442\u044c \u0438 \u0447\u0435\u0441\u0442\u043d\u044b\u0439 \u043f\u043e\u0434\u0445\u043e\u0434.","url":"https:\/\/bunuri.md\/ro\/","email":"bunuri.md@gmail.com","telephone":"+37379512557","foundingDate":"2006-09-27","numberOfEmployees":{"@type":"QuantitativeValue","minValue":0,"maxValue":4},"logo":{"@type":"ImageObject","url":"https:\/\/bunuri.md\/wp-content\/uploads\/2022\/08\/logo-bunuri.png","@id":"https:\/\/bunuri.md\/ro\/shop\/ansamblu-motor-pentru-drujba-cu-un-volum-de-5800-mm-cub\/#organizationLogo","width":250,"height":250},"image":{"@id":"https:\/\/bunuri.md\/ro\/shop\/ansamblu-motor-pentru-drujba-cu-un-volum-de-5800-mm-cub\/#organizationLogo"},"sameAs":["https:\/\/facebook.com\/https:\/\/www.facebook.com\/bunurimag","https:\/\/x.com\/https:\/\/www.facebook.com\/bunurimag","https:\/\/instagram.com\/https:\/\/www.facebook.com\/bunurimag","https:\/\/pinterest.com\/https:\/\/www.facebook.com\/bunurimag","https:\/\/youtube.com\/https:\/\/www.facebook.com\/bunurimag","https:\/\/linkedin.com\/in\/https:\/\/www.facebook.com\/bunurimag","https:\/\/soundcloud.com\/https:\/\/www.facebook.com\/bunurimag"],"address":{"@id":"https:\/\/bunuri.md\/ro\/#postaladdress","@type":"PostalAddress","streetAddress":"\u0420. \u041c\u043e\u043b\u0434\u043e\u0432\u0430, \u0433. \u0425\u044b\u043d\u0447\u0435\u0448\u0442\u044b","postalCode":"3401","addressLocality":"\u0425\u044b\u043d\u0447\u0435\u0448\u0442\u044b","addressRegion":"Moldova","addressCountry":"MD"}},{"@type":"WebPage","@id":"https:\/\/bunuri.md\/ro\/shop\/ansamblu-motor-pentru-drujba-cu-un-volum-de-5800-mm-cub\/#webpage","url":"https:\/\/bunuri.md\/ro\/shop\/ansamblu-motor-pentru-drujba-cu-un-volum-de-5800-mm-cub\/","name":"Motor pentru drujb\u0103 complet, volumul 5800 mm\u00b3.","description":"Destinat pentru utilizare \u00een componenta fer\u0103straielor cu lan\u021b pe benzin\u0103 cu motor cu ardere intern\u0103 \u00een doi timpi \u0219i o capacitate cilindric\u0103 de 6800 mm\u00b3.","inLanguage":"ro-RO","isPartOf":{"@id":"https:\/\/bunuri.md\/ro\/#website"},"breadcrumb":{"@id":"https:\/\/bunuri.md\/ro\/shop\/ansamblu-motor-pentru-drujba-cu-un-volum-de-5800-mm-cub\/#breadcrumblist"},"image":{"@type":"ImageObject","url":"https:\/\/bunuri.md\/wp-content\/uploads\/2023\/02\/Motor_ferestrau_cu_lant.jpg","@id":"https:\/\/bunuri.md\/ro\/shop\/ansamblu-motor-pentru-drujba-cu-un-volum-de-5800-mm-cub\/#mainImage","width":566,"height":600},"primaryImageOfPage":{"@id":"https:\/\/bunuri.md\/ro\/shop\/ansamblu-motor-pentru-drujba-cu-un-volum-de-5800-mm-cub\/#mainImage"},"datePublished":"2023-02-27T21:01:24+03:00","dateModified":"2025-11-20T22:31:09+03:00"},{"@type":"WebSite","@id":"https:\/\/bunuri.md\/ro\/#website","url":"https:\/\/bunuri.md\/ro\/","name":"www.bunuri.md","alternateName":"bunuri.md","description":"Bunuri.md este un magazin online care livreaz\u0103 \u0219i comercializeaz\u0103 o gam\u0103 larg\u0103 de m\u0103rfuri de diverse categorii pe \u00eentreg teritoriul Republicii Moldova.","inLanguage":"ro-RO","publisher":{"@id":"https:\/\/bunuri.md\/ro\/#organization"}}]},"og:locale":"ro_RO","og:site_name":"\u0418\u043d\u0442\u0435\u0440\u043d\u0435\u0442 \u043c\u0430\u0433\u0430\u0437\u0438\u043d \u041c\u043e\u043b\u0434\u043e\u0432\u0430 | Bunuri.md este un magazin online care livreaz\u0103 \u0219i comercializeaz\u0103 o gam\u0103 larg\u0103 de m\u0103rfuri de diverse categorii pe \u00eentreg teritoriul Republicii Moldova.","og:type":"article","og:title":"Motor pentru drujb\u0103 complet, volumul 5800 mm\u00b3.","og:description":"Destinat pentru utilizare \u00een componenta fer\u0103straielor cu lan\u021b pe benzin\u0103 cu motor cu ardere intern\u0103 \u00een doi timpi \u0219i o capacitate cilindric\u0103 de 6800 mm\u00b3.","og:url":"https:\/\/bunuri.md\/ro\/shop\/ansamblu-motor-pentru-drujba-cu-un-volum-de-5800-mm-cub\/","og:image":"https:\/\/bunuri.md\/wp-content\/uploads\/2022\/10\/logobu.png","og:image:secure_url":"https:\/\/bunuri.md\/wp-content\/uploads\/2022\/10\/logobu.png","og:image:width":200,"og:image:height":200,"article:published_time":"2023-02-27T18:01:24+00:00","article:modified_time":"2025-11-20T19:31:09+00:00","article:publisher":"https:\/\/facebook.com\/https:\/\/www.facebook.com\/bunurimag","twitter:card":"summary","twitter:site":"@https:","twitter:title":"Motor pentru drujb\u0103 complet, volumul 5800 mm\u00b3.","twitter:description":"Destinat pentru utilizare \u00een componenta fer\u0103straielor cu lan\u021b pe benzin\u0103 cu motor cu ardere intern\u0103 \u00een doi timpi \u0219i o capacitate cilindric\u0103 de 6800 mm\u00b3.","twitter:image":"https:\/\/bunuri.md\/wp-content\/uploads\/2022\/10\/logobu.png"},"aioseo_meta_data":{"post_id":"7275","title":"Motor pentru drujb\u0103 complet, volumul 5800 mm\u00b3.","description":"Destinat pentru utilizare \u00een componenta fer\u0103straielor cu lan\u021b pe benzin\u0103 cu motor cu ardere intern\u0103 \u00een doi timpi \u0219i o capacitate cilindric\u0103 de 6800 mm\u00b3.","keywords":null,"keyphrases":{"focus":{"keyphrase":"","score":0,"analysis":{"keyphraseInTitle":{"score":0,"maxScore":9,"error":1}}},"additional":[]},"primary_term":null,"canonical_url":null,"og_title":null,"og_description":null,"og_object_type":"default","og_image_type":"default","og_image_url":null,"og_image_width":null,"og_image_height":null,"og_image_custom_url":null,"og_image_custom_fields":null,"og_video":"","og_custom_url":null,"og_article_section":null,"og_article_tags":null,"twitter_use_og":false,"twitter_card":"default","twitter_image_type":"default","twitter_image_url":null,"twitter_image_custom_url":null,"twitter_image_custom_fields":null,"twitter_title":null,"twitter_description":null,"schema":{"blockGraphs":[],"customGraphs":[],"default":{"data":{"Article":[],"Course":[],"Dataset":[],"FAQPage":[],"Movie":[],"Person":[],"Product":[],"ProductReview":[],"Car":[],"Recipe":[],"Service":[],"SoftwareApplication":[],"WebPage":[]},"graphName":"ItemPage","isEnabled":true},"graphs":[]},"schema_type":"default","schema_type_options":null,"pillar_content":false,"robots_default":true,"robots_noindex":false,"robots_noarchive":false,"robots_nosnippet":false,"robots_nofollow":false,"robots_noimageindex":false,"robots_noodp":false,"robots_notranslate":false,"robots_max_snippet":"-1","robots_max_videopreview":"-1","robots_max_imagepreview":"large","priority":null,"frequency":"default","local_seo":null,"seo_analyzer_scan_date":null,"breadcrumb_settings":null,"limit_modified_date":false,"reviewed_by":"0","open_ai":null,"ai":{"faqs":[],"keyPoints":[],"titles":[],"descriptions":[],"socialPosts":{"email":[],"linkedin":[],"twitter":[],"facebook":[],"instagram":[]}},"created":"2023-02-27 18:32:42","updated":"2025-11-20 19:44:48"},"aioseo_breadcrumb":"<div class=\"aioseo-breadcrumbs\"><span class=\"aioseo-breadcrumb\">\n\t<a href=\"https:\/\/bunuri.md\/ro\/\" title=\"Home\">Home<\/a>\n<\/span><span class=\"aioseo-breadcrumb-separator\">\u00bb<\/span><span class=\"aioseo-breadcrumb\">\n\t<a href=\"https:\/\/bunuri.md\/ro\/shop-2\/\" title=\"Magazin\">Magazin<\/a>\n<\/span><span class=\"aioseo-breadcrumb-separator\">\u00bb<\/span><span class=\"aioseo-breadcrumb\">\n\t<a href=\"https:\/\/bunuri.md\/ro\/product-category\/piese-de-schimb-pentru-ferastraie-cu-lant\/\" title=\"Piese de schimb pentru fer\u0103straie cu lan\u021b\">Piese de schimb pentru fer\u0103straie cu lan\u021b<\/a>\n<\/span><span class=\"aioseo-breadcrumb-separator\">\u00bb<\/span><span class=\"aioseo-breadcrumb\">\n\tMotor pentru drujb\u0103 complet, volumul 5800 mm\u00b3.\n<\/span><\/div>","aioseo_breadcrumb_json":[{"label":"Home","link":"https:\/\/bunuri.md\/ro\/"},{"label":"Magazin","link":"https:\/\/bunuri.md\/ro\/shop-2\/"},{"label":"Piese de schimb pentru fer\u0103straie cu lan\u021b","link":"https:\/\/bunuri.md\/ro\/product-category\/piese-de-schimb-pentru-ferastraie-cu-lant\/"},{"label":"Motor pentru drujb\u0103 complet, volumul 5800 mm\u00b3.","link":"https:\/\/bunuri.md\/ro\/shop\/ansamblu-motor-pentru-drujba-cu-un-volum-de-5800-mm-cub\/"}],"brands":[],"_links":{"self":[{"href":"https:\/\/bunuri.md\/ro\/wp-json\/wp\/v2\/product\/7275","targetHints":{"allow":["GET"]}}],"collection":[{"href":"https:\/\/bunuri.md\/ro\/wp-json\/wp\/v2\/product"}],"about":[{"href":"https:\/\/bunuri.md\/ro\/wp-json\/wp\/v2\/types\/product"}],"replies":[{"embeddable":true,"href":"https:\/\/bunuri.md\/ro\/wp-json\/wp\/v2\/comments?post=7275"}],"wp:featuredmedia":[{"embeddable":true,"href":"https:\/\/bunuri.md\/ro\/wp-json\/wp\/v2\/media\/7273"}],"wp:attachment":[{"href":"https:\/\/bunuri.md\/ro\/wp-json\/wp\/v2\/media?parent=7275"}],"wp:term":[{"taxonomy":"pwb-brand","embeddable":true,"href":"https:\/\/bunuri.md\/ro\/wp-json\/wp\/v2\/pwb-brand?post=7275"},{"taxonomy":"product_brand","embeddable":true,"href":"https:\/\/bunuri.md\/ro\/wp-json\/wp\/v2\/product_brand?post=7275"},{"taxonomy":"product_cat","embeddable":true,"href":"https:\/\/bunuri.md\/ro\/wp-json\/wp\/v2\/product_cat?post=7275"},{"taxonomy":"product_tag","embeddable":true,"href":"https:\/\/bunuri.md\/ro\/wp-json\/wp\/v2\/product_tag?post=7275"}],"curies":[{"name":"wp","href":"https:\/\/api.w.org\/{rel}","templated":true}]}}