{"id":7660,"date":"2023-06-15T09:01:08","date_gmt":"2023-06-15T06:01:08","guid":{"rendered":"https:\/\/bunuri.md\/?post_type=product&#038;p=7660"},"modified":"2023-06-15T11:27:55","modified_gmt":"2023-06-15T08:27:55","slug":"motor-pe-benzina-170f-pentru-motoblocuri-puterea-7-c-p","status":"publish","type":"product","link":"https:\/\/bunuri.md\/ro\/shop\/motor-pe-benzina-170f-pentru-motoblocuri-puterea-7-c-p\/","title":{"rendered":"Motor pe benzin\u0103, 170F, pentru motoblocuri, puterea 7 c. p."},"content":{"rendered":"<p><strong>Motor pe benzin\u0103, 170F, pentru motoblocuri, puterea 7 c. p.<\/strong><br \/>\nMotor 170F 7 c. p..<a href=\"https:\/\/bunuri.md\/ro\/product-category\/motoblocuri-minitractore\/\"> Destinat pentru instalare pe motobloc<\/a>, un motocultor, un despicator de lemne, un fer\u0103str\u0103u pentru copaci, un vibrobezon \u0219i alte ma\u0219ini agricole. De fapt, acest motor este un analog al motorului Honda profesional Japonez. Toate componentele sale principale \u0219i solu\u021biile tehnice aplicate sunt realizate conform patentelor \u0219i licen\u021belor achizi\u021bionate de la concernul Honda.<\/p>\n<p><strong>Specifica\u021bii tehnice:<\/strong><\/p>\n<p>Tip motor: 4 timpi<br \/>\nTip de combustibil: benzin\u0103<br \/>\nSistem de pornire: demaror manual<br \/>\nPutere maxima: 7,0 litri. Cu.<br \/>\nVolumul cilindrului: 196 cmc<br \/>\nDiametrul man\u0219onului \/ cursa pistonului: 70&#215;55 mm<br \/>\nVolumul rezervorului de combustibil: 4,5 litri.<br \/>\nSistem de racire: aer<br \/>\nConsum de combustibil6 335 g\/l. SH<br \/>\nViteza nominal\u0103 a arborelui cotit: 3600 rpm<br \/>\nModel motor: 170F<\/p>\n","protected":false},"excerpt":{"rendered":"<p>Este un motor pe benzin\u0103 fiabil, de \u00eenalt\u0103 calitate, cu un sistem de r\u0103cire for\u021bat cu aer, dezvoltat folosind tehnologia concernului Honda profesional Japonez.<\/p>\n","protected":false},"featured_media":7658,"comment_status":"closed","ping_status":"closed","template":"","meta":{"om_disable_all_campaigns":false},"pwb-brand":[],"product_brand":[],"product_cat":[388],"product_tag":[],"class_list":{"0":"post-7660","1":"product","2":"type-product","3":"status-publish","4":"has-post-thumbnail","6":"product_cat-motoare","8":"first","9":"instock","10":"sale","11":"purchasable","12":"product-type-simple"},"aioseo_notices":[],"aioseo_head":"\n\t\t<!-- All in One SEO Pro 4.9.6.2 - aioseo.com -->\n\t<meta name=\"description\" content=\"Este un motor pe benzin\u0103 fiabil, de \u00eenalt\u0103 calitate, cu un sistem de r\u0103cire for\u021bat cu aer, dezvoltat folosind tehnologia concernului Honda profesional Japonez.\" \/>\n\t<meta name=\"robots\" content=\"max-image-preview:large\" \/>\n\t<link rel=\"canonical\" href=\"https:\/\/bunuri.md\/ro\/shop\/motor-pe-benzina-170f-pentru-motoblocuri-puterea-7-c-p\/\" \/>\n\t<meta name=\"generator\" content=\"All in One SEO Pro (AIOSEO) 4.9.6.2\" \/>\n\t\t<meta property=\"og:locale\" content=\"ro_RO\" \/>\n\t\t<meta property=\"og:site_name\" content=\"\u0418\u043d\u0442\u0435\u0440\u043d\u0435\u0442 \u043c\u0430\u0433\u0430\u0437\u0438\u043d \u041c\u043e\u043b\u0434\u043e\u0432\u0430 | Bunuri.md este un magazin online care livreaz\u0103 \u0219i comercializeaz\u0103 o gam\u0103 larg\u0103 de m\u0103rfuri de diverse categorii pe \u00eentreg teritoriul Republicii Moldova.\" \/>\n\t\t<meta property=\"og:type\" content=\"article\" \/>\n\t\t<meta property=\"og:title\" content=\"Motor pe benzin\u0103, 170F, pentru motoblocuri, puterea 7 c. p.\" \/>\n\t\t<meta property=\"og:description\" content=\"Este un motor pe benzin\u0103 fiabil, de \u00eenalt\u0103 calitate, cu un sistem de r\u0103cire for\u021bat cu aer, dezvoltat folosind tehnologia concernului Honda profesional Japonez.\" \/>\n\t\t<meta property=\"og:url\" content=\"https:\/\/bunuri.md\/ro\/shop\/motor-pe-benzina-170f-pentru-motoblocuri-puterea-7-c-p\/\" \/>\n\t\t<meta property=\"og:image\" content=\"https:\/\/bunuri.md\/wp-content\/uploads\/2022\/10\/logobu.png\" \/>\n\t\t<meta property=\"og:image:secure_url\" content=\"https:\/\/bunuri.md\/wp-content\/uploads\/2022\/10\/logobu.png\" \/>\n\t\t<meta property=\"og:image:width\" content=\"200\" \/>\n\t\t<meta property=\"og:image:height\" content=\"200\" \/>\n\t\t<meta property=\"article:published_time\" content=\"2023-06-15T06:01:08+00:00\" \/>\n\t\t<meta property=\"article:modified_time\" content=\"2023-06-15T08:27:55+00:00\" \/>\n\t\t<meta property=\"article:publisher\" content=\"https:\/\/facebook.com\/https:\/\/www.facebook.com\/bunurimag\" \/>\n\t\t<meta name=\"twitter:card\" content=\"summary\" \/>\n\t\t<meta name=\"twitter:site\" content=\"@https:\" \/>\n\t\t<meta name=\"twitter:title\" content=\"Motor pe benzin\u0103, 170F, pentru motoblocuri, puterea 7 c. p.\" \/>\n\t\t<meta name=\"twitter:description\" content=\"Este un motor pe benzin\u0103 fiabil, de \u00eenalt\u0103 calitate, cu un sistem de r\u0103cire for\u021bat cu aer, dezvoltat folosind tehnologia concernului Honda profesional Japonez.\" \/>\n\t\t<meta name=\"twitter:image\" content=\"https:\/\/bunuri.md\/wp-content\/uploads\/2022\/10\/logobu.png\" \/>\n\t\t<script type=\"application\/ld+json\" class=\"aioseo-schema\">\n\t\t\t{\"@context\":\"https:\\\/\\\/schema.org\",\"@graph\":[{\"@type\":\"BreadcrumbList\",\"@id\":\"https:\\\/\\\/bunuri.md\\\/ro\\\/shop\\\/motor-pe-benzina-170f-pentru-motoblocuri-puterea-7-c-p\\\/#breadcrumblist\",\"itemListElement\":[{\"@type\":\"ListItem\",\"@id\":\"https:\\\/\\\/bunuri.md\\\/ro\\\/#listItem\",\"position\":1,\"name\":\"Home\",\"item\":\"https:\\\/\\\/bunuri.md\\\/ro\\\/\",\"nextItem\":{\"@type\":\"ListItem\",\"@id\":\"https:\\\/\\\/bunuri.md\\\/ro\\\/shop-2\\\/#listItem\",\"name\":\"Magazin\"}},{\"@type\":\"ListItem\",\"@id\":\"https:\\\/\\\/bunuri.md\\\/ro\\\/shop-2\\\/#listItem\",\"position\":2,\"name\":\"Magazin\",\"item\":\"https:\\\/\\\/bunuri.md\\\/ro\\\/shop-2\\\/\",\"nextItem\":{\"@type\":\"ListItem\",\"@id\":\"https:\\\/\\\/bunuri.md\\\/ro\\\/product-category\\\/motoare\\\/#listItem\",\"name\":\"\\u041c\\u043e\\u0442\\u043e\\u0430\\u0440\\u0435 pentru motoblocuri, mini tractoare\"},\"previousItem\":{\"@type\":\"ListItem\",\"@id\":\"https:\\\/\\\/bunuri.md\\\/ro\\\/#listItem\",\"name\":\"Home\"}},{\"@type\":\"ListItem\",\"@id\":\"https:\\\/\\\/bunuri.md\\\/ro\\\/product-category\\\/motoare\\\/#listItem\",\"position\":3,\"name\":\"\\u041c\\u043e\\u0442\\u043e\\u0430\\u0440\\u0435 pentru motoblocuri, mini tractoare\",\"item\":\"https:\\\/\\\/bunuri.md\\\/ro\\\/product-category\\\/motoare\\\/\",\"nextItem\":{\"@type\":\"ListItem\",\"@id\":\"https:\\\/\\\/bunuri.md\\\/ro\\\/shop\\\/motor-pe-benzina-170f-pentru-motoblocuri-puterea-7-c-p\\\/#listItem\",\"name\":\"Motor pe benzin\\u0103, 170F, pentru motoblocuri, puterea 7 c. p.\"},\"previousItem\":{\"@type\":\"ListItem\",\"@id\":\"https:\\\/\\\/bunuri.md\\\/ro\\\/shop-2\\\/#listItem\",\"name\":\"Magazin\"}},{\"@type\":\"ListItem\",\"@id\":\"https:\\\/\\\/bunuri.md\\\/ro\\\/shop\\\/motor-pe-benzina-170f-pentru-motoblocuri-puterea-7-c-p\\\/#listItem\",\"position\":4,\"name\":\"Motor pe benzin\\u0103, 170F, pentru motoblocuri, puterea 7 c. p.\",\"previousItem\":{\"@type\":\"ListItem\",\"@id\":\"https:\\\/\\\/bunuri.md\\\/ro\\\/product-category\\\/motoare\\\/#listItem\",\"name\":\"\\u041c\\u043e\\u0442\\u043e\\u0430\\u0440\\u0435 pentru motoblocuri, mini tractoare\"}}]},{\"@type\":\"ItemPage\",\"@id\":\"https:\\\/\\\/bunuri.md\\\/ro\\\/shop\\\/motor-pe-benzina-170f-pentru-motoblocuri-puterea-7-c-p\\\/#itempage\",\"url\":\"https:\\\/\\\/bunuri.md\\\/ro\\\/shop\\\/motor-pe-benzina-170f-pentru-motoblocuri-puterea-7-c-p\\\/\",\"name\":\"Motor pe benzin\\u0103, 170F, pentru motoblocuri, puterea 7 c. p.\",\"description\":\"Este un motor pe benzin\\u0103 fiabil, de \\u00eenalt\\u0103 calitate, cu un sistem de r\\u0103cire for\\u021bat cu aer, dezvoltat folosind tehnologia concernului Honda profesional Japonez.\",\"inLanguage\":\"ro-RO\",\"isPartOf\":{\"@id\":\"https:\\\/\\\/bunuri.md\\\/ro\\\/#website\"},\"breadcrumb\":{\"@id\":\"https:\\\/\\\/bunuri.md\\\/ro\\\/shop\\\/motor-pe-benzina-170f-pentru-motoblocuri-puterea-7-c-p\\\/#breadcrumblist\"},\"image\":{\"@type\":\"ImageObject\",\"url\":\"https:\\\/\\\/bunuri.md\\\/wp-content\\\/uploads\\\/2023\\\/06\\\/BenzoDvig170F.png\",\"@id\":\"https:\\\/\\\/bunuri.md\\\/ro\\\/shop\\\/motor-pe-benzina-170f-pentru-motoblocuri-puterea-7-c-p\\\/#mainImage\",\"width\":529,\"height\":471},\"primaryImageOfPage\":{\"@id\":\"https:\\\/\\\/bunuri.md\\\/ro\\\/shop\\\/motor-pe-benzina-170f-pentru-motoblocuri-puterea-7-c-p\\\/#mainImage\"},\"datePublished\":\"2023-06-15T09:01:08+03:00\",\"dateModified\":\"2023-06-15T11:27:55+03:00\"},{\"@type\":\"Organization\",\"@id\":\"https:\\\/\\\/bunuri.md\\\/ro\\\/#organization\",\"name\":\"\\u00centreprinderea Individual\\u0103 \\\"Buldumac Aliona\\\"\",\"description\":\"\\u0418\\u041f \\u00ab\\u0411\\u0443\\u043b\\u0434\\u0443\\u043c\\u0430\\u043a \\u0410\\u043b\\u0435\\u043d\\u0430\\u00bb - \\u044d\\u0442\\u043e \\u043d\\u0430\\u0434\\u0451\\u0436\\u043d\\u044b\\u0439 \\u0438 \\u043e\\u0440\\u0438\\u0435\\u043d\\u0442\\u0438\\u0440\\u043e\\u0432\\u0430\\u043d\\u043d\\u044b\\u0439 \\u043d\\u0430 \\u043a\\u043b\\u0438\\u0435\\u043d\\u0442\\u0430 \\u0431\\u0438\\u0437\\u043d\\u0435\\u0441, \\u043f\\u0440\\u0435\\u0434\\u043b\\u0430\\u0433\\u0430\\u044e\\u0449\\u0438\\u0439 \\u043a\\u0430\\u0447\\u0435\\u0441\\u0442\\u0432\\u0435\\u043d\\u043d\\u044b\\u0435 \\u0442\\u043e\\u0432\\u0430\\u0440\\u044b, \\u0443\\u0441\\u043b\\u0443\\u0433\\u0438 \\u0441 \\u0430\\u043a\\u0446\\u0435\\u043d\\u0442\\u043e\\u043c \\u043d\\u0430 \\u043f\\u0440\\u0430\\u043a\\u0442\\u0438\\u0447\\u043d\\u043e\\u0441\\u0442\\u044c \\u0438 \\u0447\\u0435\\u0441\\u0442\\u043d\\u044b\\u0439 \\u043f\\u043e\\u0434\\u0445\\u043e\\u0434.\",\"url\":\"https:\\\/\\\/bunuri.md\\\/ro\\\/\",\"email\":\"bunuri.md@gmail.com\",\"telephone\":\"+37379512557\",\"foundingDate\":\"2006-09-27\",\"numberOfEmployees\":{\"@type\":\"QuantitativeValue\",\"minValue\":0,\"maxValue\":4},\"logo\":{\"@type\":\"ImageObject\",\"url\":\"https:\\\/\\\/bunuri.md\\\/wp-content\\\/uploads\\\/2022\\\/08\\\/logo-bunuri.png\",\"@id\":\"https:\\\/\\\/bunuri.md\\\/ro\\\/shop\\\/motor-pe-benzina-170f-pentru-motoblocuri-puterea-7-c-p\\\/#organizationLogo\",\"width\":250,\"height\":250},\"image\":{\"@id\":\"https:\\\/\\\/bunuri.md\\\/ro\\\/shop\\\/motor-pe-benzina-170f-pentru-motoblocuri-puterea-7-c-p\\\/#organizationLogo\"},\"sameAs\":[\"https:\\\/\\\/facebook.com\\\/https:\\\/\\\/www.facebook.com\\\/bunurimag\",\"https:\\\/\\\/x.com\\\/https:\\\/\\\/www.facebook.com\\\/bunurimag\",\"https:\\\/\\\/instagram.com\\\/https:\\\/\\\/www.facebook.com\\\/bunurimag\",\"https:\\\/\\\/pinterest.com\\\/https:\\\/\\\/www.facebook.com\\\/bunurimag\",\"https:\\\/\\\/youtube.com\\\/https:\\\/\\\/www.facebook.com\\\/bunurimag\",\"https:\\\/\\\/linkedin.com\\\/in\\\/https:\\\/\\\/www.facebook.com\\\/bunurimag\",\"https:\\\/\\\/soundcloud.com\\\/https:\\\/\\\/www.facebook.com\\\/bunurimag\"],\"address\":{\"@id\":\"https:\\\/\\\/bunuri.md\\\/ro\\\/#postaladdress\",\"@type\":\"PostalAddress\",\"streetAddress\":\"\\u0420. \\u041c\\u043e\\u043b\\u0434\\u043e\\u0432\\u0430, \\u0433. \\u0425\\u044b\\u043d\\u0447\\u0435\\u0448\\u0442\\u044b\",\"postalCode\":\"3401\",\"addressLocality\":\"\\u0425\\u044b\\u043d\\u0447\\u0435\\u0448\\u0442\\u044b\",\"addressRegion\":\"Moldova\",\"addressCountry\":\"MD\"}},{\"@type\":\"WebPage\",\"@id\":\"https:\\\/\\\/bunuri.md\\\/ro\\\/shop\\\/motor-pe-benzina-170f-pentru-motoblocuri-puterea-7-c-p\\\/#webpage\",\"url\":\"https:\\\/\\\/bunuri.md\\\/ro\\\/shop\\\/motor-pe-benzina-170f-pentru-motoblocuri-puterea-7-c-p\\\/\",\"name\":\"Motor pe benzin\\u0103, 170F, pentru motoblocuri, puterea 7 c. p.\",\"description\":\"Este un motor pe benzin\\u0103 fiabil, de \\u00eenalt\\u0103 calitate, cu un sistem de r\\u0103cire for\\u021bat cu aer, dezvoltat folosind tehnologia concernului Honda profesional Japonez.\",\"inLanguage\":\"ro-RO\",\"isPartOf\":{\"@id\":\"https:\\\/\\\/bunuri.md\\\/ro\\\/#website\"},\"breadcrumb\":{\"@id\":\"https:\\\/\\\/bunuri.md\\\/ro\\\/shop\\\/motor-pe-benzina-170f-pentru-motoblocuri-puterea-7-c-p\\\/#breadcrumblist\"},\"image\":{\"@type\":\"ImageObject\",\"url\":\"https:\\\/\\\/bunuri.md\\\/wp-content\\\/uploads\\\/2023\\\/06\\\/BenzoDvig170F.png\",\"@id\":\"https:\\\/\\\/bunuri.md\\\/ro\\\/shop\\\/motor-pe-benzina-170f-pentru-motoblocuri-puterea-7-c-p\\\/#mainImage\",\"width\":529,\"height\":471},\"primaryImageOfPage\":{\"@id\":\"https:\\\/\\\/bunuri.md\\\/ro\\\/shop\\\/motor-pe-benzina-170f-pentru-motoblocuri-puterea-7-c-p\\\/#mainImage\"},\"datePublished\":\"2023-06-15T09:01:08+03:00\",\"dateModified\":\"2023-06-15T11:27:55+03:00\"},{\"@type\":\"WebSite\",\"@id\":\"https:\\\/\\\/bunuri.md\\\/ro\\\/#website\",\"url\":\"https:\\\/\\\/bunuri.md\\\/ro\\\/\",\"name\":\"www.bunuri.md\",\"alternateName\":\"bunuri.md\",\"description\":\"Bunuri.md este un magazin online care livreaz\\u0103 \\u0219i comercializeaz\\u0103 o gam\\u0103 larg\\u0103 de m\\u0103rfuri de diverse categorii pe \\u00eentreg teritoriul Republicii Moldova.\",\"inLanguage\":\"ro-RO\",\"publisher\":{\"@id\":\"https:\\\/\\\/bunuri.md\\\/ro\\\/#organization\"}}]}\n\t\t<\/script>\n\t\t<!-- All in One SEO Pro -->\r\n\t\t<title>Motor pe benzin\u0103, 170F, pentru motoblocuri, puterea 7 c. p.<\/title>\n\n","aioseo_head_json":{"title":"Motor pe benzin\u0103, 170F, pentru motoblocuri, puterea 7 c. p.","description":"Este un motor pe benzin\u0103 fiabil, de \u00eenalt\u0103 calitate, cu un sistem de r\u0103cire for\u021bat cu aer, dezvoltat folosind tehnologia concernului Honda profesional Japonez.","canonical_url":"https:\/\/bunuri.md\/ro\/shop\/motor-pe-benzina-170f-pentru-motoblocuri-puterea-7-c-p\/","robots":"max-image-preview:large","keywords":"","webmasterTools":{"miscellaneous":""},"schema":{"@context":"https:\/\/schema.org","@graph":[{"@type":"BreadcrumbList","@id":"https:\/\/bunuri.md\/ro\/shop\/motor-pe-benzina-170f-pentru-motoblocuri-puterea-7-c-p\/#breadcrumblist","itemListElement":[{"@type":"ListItem","@id":"https:\/\/bunuri.md\/ro\/#listItem","position":1,"name":"Home","item":"https:\/\/bunuri.md\/ro\/","nextItem":{"@type":"ListItem","@id":"https:\/\/bunuri.md\/ro\/shop-2\/#listItem","name":"Magazin"}},{"@type":"ListItem","@id":"https:\/\/bunuri.md\/ro\/shop-2\/#listItem","position":2,"name":"Magazin","item":"https:\/\/bunuri.md\/ro\/shop-2\/","nextItem":{"@type":"ListItem","@id":"https:\/\/bunuri.md\/ro\/product-category\/motoare\/#listItem","name":"\u041c\u043e\u0442\u043e\u0430\u0440\u0435 pentru motoblocuri, mini tractoare"},"previousItem":{"@type":"ListItem","@id":"https:\/\/bunuri.md\/ro\/#listItem","name":"Home"}},{"@type":"ListItem","@id":"https:\/\/bunuri.md\/ro\/product-category\/motoare\/#listItem","position":3,"name":"\u041c\u043e\u0442\u043e\u0430\u0440\u0435 pentru motoblocuri, mini tractoare","item":"https:\/\/bunuri.md\/ro\/product-category\/motoare\/","nextItem":{"@type":"ListItem","@id":"https:\/\/bunuri.md\/ro\/shop\/motor-pe-benzina-170f-pentru-motoblocuri-puterea-7-c-p\/#listItem","name":"Motor pe benzin\u0103, 170F, pentru motoblocuri, puterea 7 c. p."},"previousItem":{"@type":"ListItem","@id":"https:\/\/bunuri.md\/ro\/shop-2\/#listItem","name":"Magazin"}},{"@type":"ListItem","@id":"https:\/\/bunuri.md\/ro\/shop\/motor-pe-benzina-170f-pentru-motoblocuri-puterea-7-c-p\/#listItem","position":4,"name":"Motor pe benzin\u0103, 170F, pentru motoblocuri, puterea 7 c. p.","previousItem":{"@type":"ListItem","@id":"https:\/\/bunuri.md\/ro\/product-category\/motoare\/#listItem","name":"\u041c\u043e\u0442\u043e\u0430\u0440\u0435 pentru motoblocuri, mini tractoare"}}]},{"@type":"ItemPage","@id":"https:\/\/bunuri.md\/ro\/shop\/motor-pe-benzina-170f-pentru-motoblocuri-puterea-7-c-p\/#itempage","url":"https:\/\/bunuri.md\/ro\/shop\/motor-pe-benzina-170f-pentru-motoblocuri-puterea-7-c-p\/","name":"Motor pe benzin\u0103, 170F, pentru motoblocuri, puterea 7 c. p.","description":"Este un motor pe benzin\u0103 fiabil, de \u00eenalt\u0103 calitate, cu un sistem de r\u0103cire for\u021bat cu aer, dezvoltat folosind tehnologia concernului Honda profesional Japonez.","inLanguage":"ro-RO","isPartOf":{"@id":"https:\/\/bunuri.md\/ro\/#website"},"breadcrumb":{"@id":"https:\/\/bunuri.md\/ro\/shop\/motor-pe-benzina-170f-pentru-motoblocuri-puterea-7-c-p\/#breadcrumblist"},"image":{"@type":"ImageObject","url":"https:\/\/bunuri.md\/wp-content\/uploads\/2023\/06\/BenzoDvig170F.png","@id":"https:\/\/bunuri.md\/ro\/shop\/motor-pe-benzina-170f-pentru-motoblocuri-puterea-7-c-p\/#mainImage","width":529,"height":471},"primaryImageOfPage":{"@id":"https:\/\/bunuri.md\/ro\/shop\/motor-pe-benzina-170f-pentru-motoblocuri-puterea-7-c-p\/#mainImage"},"datePublished":"2023-06-15T09:01:08+03:00","dateModified":"2023-06-15T11:27:55+03:00"},{"@type":"Organization","@id":"https:\/\/bunuri.md\/ro\/#organization","name":"\u00centreprinderea Individual\u0103 \"Buldumac Aliona\"","description":"\u0418\u041f \u00ab\u0411\u0443\u043b\u0434\u0443\u043c\u0430\u043a \u0410\u043b\u0435\u043d\u0430\u00bb - \u044d\u0442\u043e \u043d\u0430\u0434\u0451\u0436\u043d\u044b\u0439 \u0438 \u043e\u0440\u0438\u0435\u043d\u0442\u0438\u0440\u043e\u0432\u0430\u043d\u043d\u044b\u0439 \u043d\u0430 \u043a\u043b\u0438\u0435\u043d\u0442\u0430 \u0431\u0438\u0437\u043d\u0435\u0441, \u043f\u0440\u0435\u0434\u043b\u0430\u0433\u0430\u044e\u0449\u0438\u0439 \u043a\u0430\u0447\u0435\u0441\u0442\u0432\u0435\u043d\u043d\u044b\u0435 \u0442\u043e\u0432\u0430\u0440\u044b, \u0443\u0441\u043b\u0443\u0433\u0438 \u0441 \u0430\u043a\u0446\u0435\u043d\u0442\u043e\u043c \u043d\u0430 \u043f\u0440\u0430\u043a\u0442\u0438\u0447\u043d\u043e\u0441\u0442\u044c \u0438 \u0447\u0435\u0441\u0442\u043d\u044b\u0439 \u043f\u043e\u0434\u0445\u043e\u0434.","url":"https:\/\/bunuri.md\/ro\/","email":"bunuri.md@gmail.com","telephone":"+37379512557","foundingDate":"2006-09-27","numberOfEmployees":{"@type":"QuantitativeValue","minValue":0,"maxValue":4},"logo":{"@type":"ImageObject","url":"https:\/\/bunuri.md\/wp-content\/uploads\/2022\/08\/logo-bunuri.png","@id":"https:\/\/bunuri.md\/ro\/shop\/motor-pe-benzina-170f-pentru-motoblocuri-puterea-7-c-p\/#organizationLogo","width":250,"height":250},"image":{"@id":"https:\/\/bunuri.md\/ro\/shop\/motor-pe-benzina-170f-pentru-motoblocuri-puterea-7-c-p\/#organizationLogo"},"sameAs":["https:\/\/facebook.com\/https:\/\/www.facebook.com\/bunurimag","https:\/\/x.com\/https:\/\/www.facebook.com\/bunurimag","https:\/\/instagram.com\/https:\/\/www.facebook.com\/bunurimag","https:\/\/pinterest.com\/https:\/\/www.facebook.com\/bunurimag","https:\/\/youtube.com\/https:\/\/www.facebook.com\/bunurimag","https:\/\/linkedin.com\/in\/https:\/\/www.facebook.com\/bunurimag","https:\/\/soundcloud.com\/https:\/\/www.facebook.com\/bunurimag"],"address":{"@id":"https:\/\/bunuri.md\/ro\/#postaladdress","@type":"PostalAddress","streetAddress":"\u0420. \u041c\u043e\u043b\u0434\u043e\u0432\u0430, \u0433. \u0425\u044b\u043d\u0447\u0435\u0448\u0442\u044b","postalCode":"3401","addressLocality":"\u0425\u044b\u043d\u0447\u0435\u0448\u0442\u044b","addressRegion":"Moldova","addressCountry":"MD"}},{"@type":"WebPage","@id":"https:\/\/bunuri.md\/ro\/shop\/motor-pe-benzina-170f-pentru-motoblocuri-puterea-7-c-p\/#webpage","url":"https:\/\/bunuri.md\/ro\/shop\/motor-pe-benzina-170f-pentru-motoblocuri-puterea-7-c-p\/","name":"Motor pe benzin\u0103, 170F, pentru motoblocuri, puterea 7 c. p.","description":"Este un motor pe benzin\u0103 fiabil, de \u00eenalt\u0103 calitate, cu un sistem de r\u0103cire for\u021bat cu aer, dezvoltat folosind tehnologia concernului Honda profesional Japonez.","inLanguage":"ro-RO","isPartOf":{"@id":"https:\/\/bunuri.md\/ro\/#website"},"breadcrumb":{"@id":"https:\/\/bunuri.md\/ro\/shop\/motor-pe-benzina-170f-pentru-motoblocuri-puterea-7-c-p\/#breadcrumblist"},"image":{"@type":"ImageObject","url":"https:\/\/bunuri.md\/wp-content\/uploads\/2023\/06\/BenzoDvig170F.png","@id":"https:\/\/bunuri.md\/ro\/shop\/motor-pe-benzina-170f-pentru-motoblocuri-puterea-7-c-p\/#mainImage","width":529,"height":471},"primaryImageOfPage":{"@id":"https:\/\/bunuri.md\/ro\/shop\/motor-pe-benzina-170f-pentru-motoblocuri-puterea-7-c-p\/#mainImage"},"datePublished":"2023-06-15T09:01:08+03:00","dateModified":"2023-06-15T11:27:55+03:00"},{"@type":"WebSite","@id":"https:\/\/bunuri.md\/ro\/#website","url":"https:\/\/bunuri.md\/ro\/","name":"www.bunuri.md","alternateName":"bunuri.md","description":"Bunuri.md este un magazin online care livreaz\u0103 \u0219i comercializeaz\u0103 o gam\u0103 larg\u0103 de m\u0103rfuri de diverse categorii pe \u00eentreg teritoriul Republicii Moldova.","inLanguage":"ro-RO","publisher":{"@id":"https:\/\/bunuri.md\/ro\/#organization"}}]},"og:locale":"ro_RO","og:site_name":"\u0418\u043d\u0442\u0435\u0440\u043d\u0435\u0442 \u043c\u0430\u0433\u0430\u0437\u0438\u043d \u041c\u043e\u043b\u0434\u043e\u0432\u0430 | Bunuri.md este un magazin online care livreaz\u0103 \u0219i comercializeaz\u0103 o gam\u0103 larg\u0103 de m\u0103rfuri de diverse categorii pe \u00eentreg teritoriul Republicii Moldova.","og:type":"article","og:title":"Motor pe benzin\u0103, 170F, pentru motoblocuri, puterea 7 c. p.","og:description":"Este un motor pe benzin\u0103 fiabil, de \u00eenalt\u0103 calitate, cu un sistem de r\u0103cire for\u021bat cu aer, dezvoltat folosind tehnologia concernului Honda profesional Japonez.","og:url":"https:\/\/bunuri.md\/ro\/shop\/motor-pe-benzina-170f-pentru-motoblocuri-puterea-7-c-p\/","og:image":"https:\/\/bunuri.md\/wp-content\/uploads\/2022\/10\/logobu.png","og:image:secure_url":"https:\/\/bunuri.md\/wp-content\/uploads\/2022\/10\/logobu.png","og:image:width":200,"og:image:height":200,"article:published_time":"2023-06-15T06:01:08+00:00","article:modified_time":"2023-06-15T08:27:55+00:00","article:publisher":"https:\/\/facebook.com\/https:\/\/www.facebook.com\/bunurimag","twitter:card":"summary","twitter:site":"@https:","twitter:title":"Motor pe benzin\u0103, 170F, pentru motoblocuri, puterea 7 c. p.","twitter:description":"Este un motor pe benzin\u0103 fiabil, de \u00eenalt\u0103 calitate, cu un sistem de r\u0103cire for\u021bat cu aer, dezvoltat folosind tehnologia concernului Honda profesional Japonez.","twitter:image":"https:\/\/bunuri.md\/wp-content\/uploads\/2022\/10\/logobu.png"},"aioseo_meta_data":{"post_id":"7660","title":"Motor pe benzin\u0103, 170F, pentru motoblocuri, puterea 7 c. p.","description":"Este un motor pe benzin\u0103 fiabil, de \u00eenalt\u0103 calitate, cu un sistem de r\u0103cire for\u021bat cu aer, dezvoltat folosind tehnologia concernului Honda profesional Japonez.","keywords":[],"keyphrases":{"focus":{"keyphrase":"","score":0,"analysis":{"keyphraseInTitle":{"score":0,"maxScore":9,"error":1}}},"additional":[]},"primary_term":null,"canonical_url":null,"og_title":null,"og_description":null,"og_object_type":"default","og_image_type":"default","og_image_url":null,"og_image_width":null,"og_image_height":null,"og_image_custom_url":null,"og_image_custom_fields":null,"og_video":"","og_custom_url":null,"og_article_section":null,"og_article_tags":[],"twitter_use_og":false,"twitter_card":"default","twitter_image_type":"default","twitter_image_url":null,"twitter_image_custom_url":null,"twitter_image_custom_fields":null,"twitter_title":null,"twitter_description":null,"schema":{"blockGraphs":[],"customGraphs":[],"default":{"data":{"Article":[],"Course":[],"Dataset":[],"FAQPage":[],"Movie":[],"Person":[],"Product":[],"ProductReview":[],"Car":[],"Recipe":[],"Service":[],"SoftwareApplication":[],"WebPage":[]},"graphName":"ItemPage","isEnabled":true},"graphs":[]},"schema_type":"default","schema_type_options":null,"pillar_content":false,"robots_default":true,"robots_noindex":false,"robots_noarchive":false,"robots_nosnippet":false,"robots_nofollow":false,"robots_noimageindex":false,"robots_noodp":false,"robots_notranslate":false,"robots_max_snippet":"-1","robots_max_videopreview":"-1","robots_max_imagepreview":"large","priority":0,"frequency":"default","local_seo":null,"seo_analyzer_scan_date":null,"breadcrumb_settings":null,"limit_modified_date":false,"reviewed_by":null,"open_ai":"{\"title\":{\"suggestions\":[],\"usage\":0},\"description\":{\"suggestions\":[],\"usage\":0}}","ai":null,"created":"2023-06-15 05:55:41","updated":"2025-05-30 05:03:39"},"aioseo_breadcrumb":"<div class=\"aioseo-breadcrumbs\"><span class=\"aioseo-breadcrumb\">\n\t<a href=\"https:\/\/bunuri.md\/ro\/\" title=\"Home\">Home<\/a>\n<\/span><span class=\"aioseo-breadcrumb-separator\">\u00bb<\/span><span class=\"aioseo-breadcrumb\">\n\t<a href=\"https:\/\/bunuri.md\/ro\/shop-2\/\" title=\"Magazin\">Magazin<\/a>\n<\/span><span class=\"aioseo-breadcrumb-separator\">\u00bb<\/span><span class=\"aioseo-breadcrumb\">\n\t<a href=\"https:\/\/bunuri.md\/ro\/product-category\/motoare\/\" title=\"\u041c\u043e\u0442\u043e\u0430\u0440\u0435 pentru motoblocuri, mini tractoare\">\u041c\u043e\u0442\u043e\u0430\u0440\u0435 pentru motoblocuri, mini tractoare<\/a>\n<\/span><span class=\"aioseo-breadcrumb-separator\">\u00bb<\/span><span class=\"aioseo-breadcrumb\">\n\tMotor pe benzin\u0103, 170F, pentru motoblocuri, puterea 7 c. p.\n<\/span><\/div>","aioseo_breadcrumb_json":[{"label":"Home","link":"https:\/\/bunuri.md\/ro\/"},{"label":"Magazin","link":"https:\/\/bunuri.md\/ro\/shop-2\/"},{"label":"\u041c\u043e\u0442\u043e\u0430\u0440\u0435 pentru motoblocuri, mini tractoare","link":"https:\/\/bunuri.md\/ro\/product-category\/motoare\/"},{"label":"Motor pe benzin\u0103, 170F, pentru motoblocuri, puterea 7 c. p.","link":"https:\/\/bunuri.md\/ro\/shop\/motor-pe-benzina-170f-pentru-motoblocuri-puterea-7-c-p\/"}],"brands":[],"_links":{"self":[{"href":"https:\/\/bunuri.md\/ro\/wp-json\/wp\/v2\/product\/7660","targetHints":{"allow":["GET"]}}],"collection":[{"href":"https:\/\/bunuri.md\/ro\/wp-json\/wp\/v2\/product"}],"about":[{"href":"https:\/\/bunuri.md\/ro\/wp-json\/wp\/v2\/types\/product"}],"replies":[{"embeddable":true,"href":"https:\/\/bunuri.md\/ro\/wp-json\/wp\/v2\/comments?post=7660"}],"wp:featuredmedia":[{"embeddable":true,"href":"https:\/\/bunuri.md\/ro\/wp-json\/wp\/v2\/media\/7658"}],"wp:attachment":[{"href":"https:\/\/bunuri.md\/ro\/wp-json\/wp\/v2\/media?parent=7660"}],"wp:term":[{"taxonomy":"pwb-brand","embeddable":true,"href":"https:\/\/bunuri.md\/ro\/wp-json\/wp\/v2\/pwb-brand?post=7660"},{"taxonomy":"product_brand","embeddable":true,"href":"https:\/\/bunuri.md\/ro\/wp-json\/wp\/v2\/product_brand?post=7660"},{"taxonomy":"product_cat","embeddable":true,"href":"https:\/\/bunuri.md\/ro\/wp-json\/wp\/v2\/product_cat?post=7660"},{"taxonomy":"product_tag","embeddable":true,"href":"https:\/\/bunuri.md\/ro\/wp-json\/wp\/v2\/product_tag?post=7660"}],"curies":[{"name":"wp","href":"https:\/\/api.w.org\/{rel}","templated":true}]}}