{"id":8183,"date":"2023-11-19T17:54:21","date_gmt":"2023-11-19T14:54:21","guid":{"rendered":"https:\/\/bunuri.md\/?post_type=product&#038;p=8183"},"modified":"2023-11-19T18:07:32","modified_gmt":"2023-11-19T15:07:32","slug":"toba-de-esapament-pentru-motor-diesel-186f-motobloc-ht-135","status":"publish","type":"product","link":"https:\/\/bunuri.md\/ro\/shop\/toba-de-esapament-pentru-motor-diesel-186f-motobloc-ht-135\/","title":{"rendered":"Toba de e\u0219apament pentru motor diesel 186F, motobloc HT-135"},"content":{"rendered":"<p><a href=\"https:\/\/bunuri.md\/ro\/product-category\/motoare\/\">Toba de e\u0219apament pentru se foloseste pe motoarele diesel 186F a motoblocului HT-135.<\/a><br \/>\nToba de e\u0219apament pentru tractor este proiectat\u0103 pentru a reduce nivelul de zgomot al gazelor de e\u0219apament din sistemul de evacuare pentru a se conforma cu standardele interna\u021bionale. Este o carcas\u0103 metalic\u0103, \u00een interiorul c\u0103reia exist\u0103 pere\u021bi desp\u0103r\u021bitori \u0219i camere care formeaz\u0103 canale cu trasee complexe. C\u00e2nd gazele de e\u0219apament trec prin acestea din urm\u0103, vibra\u021biile sonore de diferite frecven\u021be sunt absorbite \u0219i transformate \u00een energie termic\u0103.<\/p>\n<p><strong>Caracteristici tehnice:<\/strong><\/p>\n<p>&#8211; Categoria piesei: toba de e\u0219apament.<br \/>\n&#8211; Accesoriu: piesa motor.<br \/>\n&#8211; Unitate: Alte componente ale motorului.<br \/>\n&#8211; Marcaj motor: 186F.<br \/>\n&#8211; R\u0103cire motor: aer.<br \/>\n&#8211; Tip combustibil motor: diesel.<\/p>\n","protected":false},"excerpt":{"rendered":"<p>Destinat pentru a reduce nivelul de zgomot al gazelor de evacuare din camera de ardere, pentru a absorbi vibra\u021biile sonore, transform\u00e2ndu-le \u00een energie termic\u0103<\/p>\n","protected":false},"featured_media":8181,"comment_status":"closed","ping_status":"closed","template":"","meta":{"om_disable_all_campaigns":false},"pwb-brand":[],"product_brand":[],"product_cat":[384],"product_tag":[],"class_list":{"0":"post-8183","1":"product","2":"type-product","3":"status-publish","4":"has-post-thumbnail","6":"product_cat-piese-pentru-motoblocuri","8":"first","9":"instock","10":"featured","11":"purchasable","12":"product-type-simple"},"aioseo_notices":[],"aioseo_head":"\n\t\t<!-- All in One SEO Pro 4.9.6.2 - aioseo.com -->\n\t<meta name=\"description\" content=\"Destinat pentru a reduce nivelul de zgomot al gazelor de evacuare din camera de ardere, pentru a absorbi vibra\u021biile sonore, transform\u00e2ndu-le \u00een energie termic\u0103\" \/>\n\t<meta name=\"robots\" content=\"max-image-preview:large\" \/>\n\t<link rel=\"canonical\" href=\"https:\/\/bunuri.md\/ro\/shop\/toba-de-esapament-pentru-motor-diesel-186f-motobloc-ht-135\/\" \/>\n\t<meta name=\"generator\" content=\"All in One SEO Pro (AIOSEO) 4.9.6.2\" \/>\n\t\t<meta property=\"og:locale\" content=\"ro_RO\" \/>\n\t\t<meta property=\"og:site_name\" content=\"\u0418\u043d\u0442\u0435\u0440\u043d\u0435\u0442 \u043c\u0430\u0433\u0430\u0437\u0438\u043d \u041c\u043e\u043b\u0434\u043e\u0432\u0430 | Bunuri.md este un magazin online care livreaz\u0103 \u0219i comercializeaz\u0103 o gam\u0103 larg\u0103 de m\u0103rfuri de diverse categorii pe \u00eentreg teritoriul Republicii Moldova.\" \/>\n\t\t<meta property=\"og:type\" content=\"article\" \/>\n\t\t<meta property=\"og:title\" content=\"Toba de e\u0219apament pentru motor diesel 186F, motobloc HT-135\" \/>\n\t\t<meta property=\"og:description\" content=\"Destinat pentru a reduce nivelul de zgomot al gazelor de evacuare din camera de ardere, pentru a absorbi vibra\u021biile sonore, transform\u00e2ndu-le \u00een energie termic\u0103\" \/>\n\t\t<meta property=\"og:url\" content=\"https:\/\/bunuri.md\/ro\/shop\/toba-de-esapament-pentru-motor-diesel-186f-motobloc-ht-135\/\" \/>\n\t\t<meta property=\"og:image\" content=\"https:\/\/bunuri.md\/wp-content\/uploads\/2022\/10\/logobu.png\" \/>\n\t\t<meta property=\"og:image:secure_url\" content=\"https:\/\/bunuri.md\/wp-content\/uploads\/2022\/10\/logobu.png\" \/>\n\t\t<meta property=\"og:image:width\" content=\"200\" \/>\n\t\t<meta property=\"og:image:height\" content=\"200\" \/>\n\t\t<meta property=\"article:published_time\" content=\"2023-11-19T14:54:21+00:00\" \/>\n\t\t<meta property=\"article:modified_time\" content=\"2023-11-19T15:07:32+00:00\" \/>\n\t\t<meta property=\"article:publisher\" content=\"https:\/\/facebook.com\/https:\/\/www.facebook.com\/bunurimag\" \/>\n\t\t<meta name=\"twitter:card\" content=\"summary\" \/>\n\t\t<meta name=\"twitter:site\" content=\"@https:\" \/>\n\t\t<meta name=\"twitter:title\" content=\"Toba de e\u0219apament pentru motor diesel 186F, motobloc HT-135\" \/>\n\t\t<meta name=\"twitter:description\" content=\"Destinat pentru a reduce nivelul de zgomot al gazelor de evacuare din camera de ardere, pentru a absorbi vibra\u021biile sonore, transform\u00e2ndu-le \u00een energie termic\u0103\" \/>\n\t\t<meta name=\"twitter:image\" content=\"https:\/\/bunuri.md\/wp-content\/uploads\/2022\/10\/logobu.png\" \/>\n\t\t<script type=\"application\/ld+json\" class=\"aioseo-schema\">\n\t\t\t{\"@context\":\"https:\\\/\\\/schema.org\",\"@graph\":[{\"@type\":\"BreadcrumbList\",\"@id\":\"https:\\\/\\\/bunuri.md\\\/ro\\\/shop\\\/toba-de-esapament-pentru-motor-diesel-186f-motobloc-ht-135\\\/#breadcrumblist\",\"itemListElement\":[{\"@type\":\"ListItem\",\"@id\":\"https:\\\/\\\/bunuri.md\\\/ro\\\/#listItem\",\"position\":1,\"name\":\"Home\",\"item\":\"https:\\\/\\\/bunuri.md\\\/ro\\\/\",\"nextItem\":{\"@type\":\"ListItem\",\"@id\":\"https:\\\/\\\/bunuri.md\\\/ro\\\/shop-2\\\/#listItem\",\"name\":\"Magazin\"}},{\"@type\":\"ListItem\",\"@id\":\"https:\\\/\\\/bunuri.md\\\/ro\\\/shop-2\\\/#listItem\",\"position\":2,\"name\":\"Magazin\",\"item\":\"https:\\\/\\\/bunuri.md\\\/ro\\\/shop-2\\\/\",\"nextItem\":{\"@type\":\"ListItem\",\"@id\":\"https:\\\/\\\/bunuri.md\\\/ro\\\/product-category\\\/piese-pentru-motoblocuri\\\/#listItem\",\"name\":\"Piese de schimb pentru tractoare \\u0219i motoblocuri\"},\"previousItem\":{\"@type\":\"ListItem\",\"@id\":\"https:\\\/\\\/bunuri.md\\\/ro\\\/#listItem\",\"name\":\"Home\"}},{\"@type\":\"ListItem\",\"@id\":\"https:\\\/\\\/bunuri.md\\\/ro\\\/product-category\\\/piese-pentru-motoblocuri\\\/#listItem\",\"position\":3,\"name\":\"Piese de schimb pentru tractoare \\u0219i motoblocuri\",\"item\":\"https:\\\/\\\/bunuri.md\\\/ro\\\/product-category\\\/piese-pentru-motoblocuri\\\/\",\"nextItem\":{\"@type\":\"ListItem\",\"@id\":\"https:\\\/\\\/bunuri.md\\\/ro\\\/shop\\\/toba-de-esapament-pentru-motor-diesel-186f-motobloc-ht-135\\\/#listItem\",\"name\":\"Toba de e\\u0219apament pentru motor diesel 186F, motobloc HT-135\"},\"previousItem\":{\"@type\":\"ListItem\",\"@id\":\"https:\\\/\\\/bunuri.md\\\/ro\\\/shop-2\\\/#listItem\",\"name\":\"Magazin\"}},{\"@type\":\"ListItem\",\"@id\":\"https:\\\/\\\/bunuri.md\\\/ro\\\/shop\\\/toba-de-esapament-pentru-motor-diesel-186f-motobloc-ht-135\\\/#listItem\",\"position\":4,\"name\":\"Toba de e\\u0219apament pentru motor diesel 186F, motobloc HT-135\",\"previousItem\":{\"@type\":\"ListItem\",\"@id\":\"https:\\\/\\\/bunuri.md\\\/ro\\\/product-category\\\/piese-pentru-motoblocuri\\\/#listItem\",\"name\":\"Piese de schimb pentru tractoare \\u0219i motoblocuri\"}}]},{\"@type\":\"ItemPage\",\"@id\":\"https:\\\/\\\/bunuri.md\\\/ro\\\/shop\\\/toba-de-esapament-pentru-motor-diesel-186f-motobloc-ht-135\\\/#itempage\",\"url\":\"https:\\\/\\\/bunuri.md\\\/ro\\\/shop\\\/toba-de-esapament-pentru-motor-diesel-186f-motobloc-ht-135\\\/\",\"name\":\"Toba de e\\u0219apament pentru motor diesel 186F, motobloc HT-135\",\"description\":\"Destinat pentru a reduce nivelul de zgomot al gazelor de evacuare din camera de ardere, pentru a absorbi vibra\\u021biile sonore, transform\\u00e2ndu-le \\u00een energie termic\\u0103\",\"inLanguage\":\"ro-RO\",\"isPartOf\":{\"@id\":\"https:\\\/\\\/bunuri.md\\\/ro\\\/#website\"},\"breadcrumb\":{\"@id\":\"https:\\\/\\\/bunuri.md\\\/ro\\\/shop\\\/toba-de-esapament-pentru-motor-diesel-186f-motobloc-ht-135\\\/#breadcrumblist\"},\"image\":{\"@type\":\"ImageObject\",\"url\":\"https:\\\/\\\/bunuri.md\\\/wp-content\\\/uploads\\\/2023\\\/11\\\/Glusiteli_186F.png\",\"@id\":\"https:\\\/\\\/bunuri.md\\\/ro\\\/shop\\\/toba-de-esapament-pentru-motor-diesel-186f-motobloc-ht-135\\\/#mainImage\",\"width\":600,\"height\":415,\"caption\":\"Glusiteli_186F\"},\"primaryImageOfPage\":{\"@id\":\"https:\\\/\\\/bunuri.md\\\/ro\\\/shop\\\/toba-de-esapament-pentru-motor-diesel-186f-motobloc-ht-135\\\/#mainImage\"},\"datePublished\":\"2023-11-19T17:54:21+03:00\",\"dateModified\":\"2023-11-19T18:07:32+03:00\"},{\"@type\":\"Organization\",\"@id\":\"https:\\\/\\\/bunuri.md\\\/ro\\\/#organization\",\"name\":\"\\u00centreprinderea Individual\\u0103 \\\"Buldumac Aliona\\\"\",\"description\":\"\\u0418\\u041f \\u00ab\\u0411\\u0443\\u043b\\u0434\\u0443\\u043c\\u0430\\u043a \\u0410\\u043b\\u0435\\u043d\\u0430\\u00bb - \\u044d\\u0442\\u043e \\u043d\\u0430\\u0434\\u0451\\u0436\\u043d\\u044b\\u0439 \\u0438 \\u043e\\u0440\\u0438\\u0435\\u043d\\u0442\\u0438\\u0440\\u043e\\u0432\\u0430\\u043d\\u043d\\u044b\\u0439 \\u043d\\u0430 \\u043a\\u043b\\u0438\\u0435\\u043d\\u0442\\u0430 \\u0431\\u0438\\u0437\\u043d\\u0435\\u0441, \\u043f\\u0440\\u0435\\u0434\\u043b\\u0430\\u0433\\u0430\\u044e\\u0449\\u0438\\u0439 \\u043a\\u0430\\u0447\\u0435\\u0441\\u0442\\u0432\\u0435\\u043d\\u043d\\u044b\\u0435 \\u0442\\u043e\\u0432\\u0430\\u0440\\u044b, \\u0443\\u0441\\u043b\\u0443\\u0433\\u0438 \\u0441 \\u0430\\u043a\\u0446\\u0435\\u043d\\u0442\\u043e\\u043c \\u043d\\u0430 \\u043f\\u0440\\u0430\\u043a\\u0442\\u0438\\u0447\\u043d\\u043e\\u0441\\u0442\\u044c \\u0438 \\u0447\\u0435\\u0441\\u0442\\u043d\\u044b\\u0439 \\u043f\\u043e\\u0434\\u0445\\u043e\\u0434.\",\"url\":\"https:\\\/\\\/bunuri.md\\\/ro\\\/\",\"email\":\"bunuri.md@gmail.com\",\"telephone\":\"+37379512557\",\"foundingDate\":\"2006-09-27\",\"numberOfEmployees\":{\"@type\":\"QuantitativeValue\",\"minValue\":0,\"maxValue\":4},\"logo\":{\"@type\":\"ImageObject\",\"url\":\"https:\\\/\\\/bunuri.md\\\/wp-content\\\/uploads\\\/2022\\\/08\\\/logo-bunuri.png\",\"@id\":\"https:\\\/\\\/bunuri.md\\\/ro\\\/shop\\\/toba-de-esapament-pentru-motor-diesel-186f-motobloc-ht-135\\\/#organizationLogo\",\"width\":250,\"height\":250},\"image\":{\"@id\":\"https:\\\/\\\/bunuri.md\\\/ro\\\/shop\\\/toba-de-esapament-pentru-motor-diesel-186f-motobloc-ht-135\\\/#organizationLogo\"},\"sameAs\":[\"https:\\\/\\\/facebook.com\\\/https:\\\/\\\/www.facebook.com\\\/bunurimag\",\"https:\\\/\\\/x.com\\\/https:\\\/\\\/www.facebook.com\\\/bunurimag\",\"https:\\\/\\\/instagram.com\\\/https:\\\/\\\/www.facebook.com\\\/bunurimag\",\"https:\\\/\\\/pinterest.com\\\/https:\\\/\\\/www.facebook.com\\\/bunurimag\",\"https:\\\/\\\/youtube.com\\\/https:\\\/\\\/www.facebook.com\\\/bunurimag\",\"https:\\\/\\\/linkedin.com\\\/in\\\/https:\\\/\\\/www.facebook.com\\\/bunurimag\",\"https:\\\/\\\/soundcloud.com\\\/https:\\\/\\\/www.facebook.com\\\/bunurimag\"],\"address\":{\"@id\":\"https:\\\/\\\/bunuri.md\\\/ro\\\/#postaladdress\",\"@type\":\"PostalAddress\",\"streetAddress\":\"\\u0420. \\u041c\\u043e\\u043b\\u0434\\u043e\\u0432\\u0430, \\u0433. \\u0425\\u044b\\u043d\\u0447\\u0435\\u0448\\u0442\\u044b\",\"postalCode\":\"3401\",\"addressLocality\":\"\\u0425\\u044b\\u043d\\u0447\\u0435\\u0448\\u0442\\u044b\",\"addressRegion\":\"Moldova\",\"addressCountry\":\"MD\"}},{\"@type\":\"WebPage\",\"@id\":\"https:\\\/\\\/bunuri.md\\\/ro\\\/shop\\\/toba-de-esapament-pentru-motor-diesel-186f-motobloc-ht-135\\\/#webpage\",\"url\":\"https:\\\/\\\/bunuri.md\\\/ro\\\/shop\\\/toba-de-esapament-pentru-motor-diesel-186f-motobloc-ht-135\\\/\",\"name\":\"Toba de e\\u0219apament pentru motor diesel 186F, motobloc HT-135\",\"description\":\"Destinat pentru a reduce nivelul de zgomot al gazelor de evacuare din camera de ardere, pentru a absorbi vibra\\u021biile sonore, transform\\u00e2ndu-le \\u00een energie termic\\u0103\",\"inLanguage\":\"ro-RO\",\"isPartOf\":{\"@id\":\"https:\\\/\\\/bunuri.md\\\/ro\\\/#website\"},\"breadcrumb\":{\"@id\":\"https:\\\/\\\/bunuri.md\\\/ro\\\/shop\\\/toba-de-esapament-pentru-motor-diesel-186f-motobloc-ht-135\\\/#breadcrumblist\"},\"image\":{\"@type\":\"ImageObject\",\"url\":\"https:\\\/\\\/bunuri.md\\\/wp-content\\\/uploads\\\/2023\\\/11\\\/Glusiteli_186F.png\",\"@id\":\"https:\\\/\\\/bunuri.md\\\/ro\\\/shop\\\/toba-de-esapament-pentru-motor-diesel-186f-motobloc-ht-135\\\/#mainImage\",\"width\":600,\"height\":415,\"caption\":\"Glusiteli_186F\"},\"primaryImageOfPage\":{\"@id\":\"https:\\\/\\\/bunuri.md\\\/ro\\\/shop\\\/toba-de-esapament-pentru-motor-diesel-186f-motobloc-ht-135\\\/#mainImage\"},\"datePublished\":\"2023-11-19T17:54:21+03:00\",\"dateModified\":\"2023-11-19T18:07:32+03:00\"},{\"@type\":\"WebSite\",\"@id\":\"https:\\\/\\\/bunuri.md\\\/ro\\\/#website\",\"url\":\"https:\\\/\\\/bunuri.md\\\/ro\\\/\",\"name\":\"www.bunuri.md\",\"alternateName\":\"bunuri.md\",\"description\":\"Bunuri.md este un magazin online care livreaz\\u0103 \\u0219i comercializeaz\\u0103 o gam\\u0103 larg\\u0103 de m\\u0103rfuri de diverse categorii pe \\u00eentreg teritoriul Republicii Moldova.\",\"inLanguage\":\"ro-RO\",\"publisher\":{\"@id\":\"https:\\\/\\\/bunuri.md\\\/ro\\\/#organization\"}}]}\n\t\t<\/script>\n\t\t<!-- All in One SEO Pro -->\r\n\t\t<title>Toba de e\u0219apament pentru motor diesel 186F, motobloc HT-135<\/title>\n\n","aioseo_head_json":{"title":"Toba de e\u0219apament pentru motor diesel 186F, motobloc HT-135","description":"Destinat pentru a reduce nivelul de zgomot al gazelor de evacuare din camera de ardere, pentru a absorbi vibra\u021biile sonore, transform\u00e2ndu-le \u00een energie termic\u0103","canonical_url":"https:\/\/bunuri.md\/ro\/shop\/toba-de-esapament-pentru-motor-diesel-186f-motobloc-ht-135\/","robots":"max-image-preview:large","keywords":"","webmasterTools":{"miscellaneous":""},"schema":{"@context":"https:\/\/schema.org","@graph":[{"@type":"BreadcrumbList","@id":"https:\/\/bunuri.md\/ro\/shop\/toba-de-esapament-pentru-motor-diesel-186f-motobloc-ht-135\/#breadcrumblist","itemListElement":[{"@type":"ListItem","@id":"https:\/\/bunuri.md\/ro\/#listItem","position":1,"name":"Home","item":"https:\/\/bunuri.md\/ro\/","nextItem":{"@type":"ListItem","@id":"https:\/\/bunuri.md\/ro\/shop-2\/#listItem","name":"Magazin"}},{"@type":"ListItem","@id":"https:\/\/bunuri.md\/ro\/shop-2\/#listItem","position":2,"name":"Magazin","item":"https:\/\/bunuri.md\/ro\/shop-2\/","nextItem":{"@type":"ListItem","@id":"https:\/\/bunuri.md\/ro\/product-category\/piese-pentru-motoblocuri\/#listItem","name":"Piese de schimb pentru tractoare \u0219i motoblocuri"},"previousItem":{"@type":"ListItem","@id":"https:\/\/bunuri.md\/ro\/#listItem","name":"Home"}},{"@type":"ListItem","@id":"https:\/\/bunuri.md\/ro\/product-category\/piese-pentru-motoblocuri\/#listItem","position":3,"name":"Piese de schimb pentru tractoare \u0219i motoblocuri","item":"https:\/\/bunuri.md\/ro\/product-category\/piese-pentru-motoblocuri\/","nextItem":{"@type":"ListItem","@id":"https:\/\/bunuri.md\/ro\/shop\/toba-de-esapament-pentru-motor-diesel-186f-motobloc-ht-135\/#listItem","name":"Toba de e\u0219apament pentru motor diesel 186F, motobloc HT-135"},"previousItem":{"@type":"ListItem","@id":"https:\/\/bunuri.md\/ro\/shop-2\/#listItem","name":"Magazin"}},{"@type":"ListItem","@id":"https:\/\/bunuri.md\/ro\/shop\/toba-de-esapament-pentru-motor-diesel-186f-motobloc-ht-135\/#listItem","position":4,"name":"Toba de e\u0219apament pentru motor diesel 186F, motobloc HT-135","previousItem":{"@type":"ListItem","@id":"https:\/\/bunuri.md\/ro\/product-category\/piese-pentru-motoblocuri\/#listItem","name":"Piese de schimb pentru tractoare \u0219i motoblocuri"}}]},{"@type":"ItemPage","@id":"https:\/\/bunuri.md\/ro\/shop\/toba-de-esapament-pentru-motor-diesel-186f-motobloc-ht-135\/#itempage","url":"https:\/\/bunuri.md\/ro\/shop\/toba-de-esapament-pentru-motor-diesel-186f-motobloc-ht-135\/","name":"Toba de e\u0219apament pentru motor diesel 186F, motobloc HT-135","description":"Destinat pentru a reduce nivelul de zgomot al gazelor de evacuare din camera de ardere, pentru a absorbi vibra\u021biile sonore, transform\u00e2ndu-le \u00een energie termic\u0103","inLanguage":"ro-RO","isPartOf":{"@id":"https:\/\/bunuri.md\/ro\/#website"},"breadcrumb":{"@id":"https:\/\/bunuri.md\/ro\/shop\/toba-de-esapament-pentru-motor-diesel-186f-motobloc-ht-135\/#breadcrumblist"},"image":{"@type":"ImageObject","url":"https:\/\/bunuri.md\/wp-content\/uploads\/2023\/11\/Glusiteli_186F.png","@id":"https:\/\/bunuri.md\/ro\/shop\/toba-de-esapament-pentru-motor-diesel-186f-motobloc-ht-135\/#mainImage","width":600,"height":415,"caption":"Glusiteli_186F"},"primaryImageOfPage":{"@id":"https:\/\/bunuri.md\/ro\/shop\/toba-de-esapament-pentru-motor-diesel-186f-motobloc-ht-135\/#mainImage"},"datePublished":"2023-11-19T17:54:21+03:00","dateModified":"2023-11-19T18:07:32+03:00"},{"@type":"Organization","@id":"https:\/\/bunuri.md\/ro\/#organization","name":"\u00centreprinderea Individual\u0103 \"Buldumac Aliona\"","description":"\u0418\u041f \u00ab\u0411\u0443\u043b\u0434\u0443\u043c\u0430\u043a \u0410\u043b\u0435\u043d\u0430\u00bb - \u044d\u0442\u043e \u043d\u0430\u0434\u0451\u0436\u043d\u044b\u0439 \u0438 \u043e\u0440\u0438\u0435\u043d\u0442\u0438\u0440\u043e\u0432\u0430\u043d\u043d\u044b\u0439 \u043d\u0430 \u043a\u043b\u0438\u0435\u043d\u0442\u0430 \u0431\u0438\u0437\u043d\u0435\u0441, \u043f\u0440\u0435\u0434\u043b\u0430\u0433\u0430\u044e\u0449\u0438\u0439 \u043a\u0430\u0447\u0435\u0441\u0442\u0432\u0435\u043d\u043d\u044b\u0435 \u0442\u043e\u0432\u0430\u0440\u044b, \u0443\u0441\u043b\u0443\u0433\u0438 \u0441 \u0430\u043a\u0446\u0435\u043d\u0442\u043e\u043c \u043d\u0430 \u043f\u0440\u0430\u043a\u0442\u0438\u0447\u043d\u043e\u0441\u0442\u044c \u0438 \u0447\u0435\u0441\u0442\u043d\u044b\u0439 \u043f\u043e\u0434\u0445\u043e\u0434.","url":"https:\/\/bunuri.md\/ro\/","email":"bunuri.md@gmail.com","telephone":"+37379512557","foundingDate":"2006-09-27","numberOfEmployees":{"@type":"QuantitativeValue","minValue":0,"maxValue":4},"logo":{"@type":"ImageObject","url":"https:\/\/bunuri.md\/wp-content\/uploads\/2022\/08\/logo-bunuri.png","@id":"https:\/\/bunuri.md\/ro\/shop\/toba-de-esapament-pentru-motor-diesel-186f-motobloc-ht-135\/#organizationLogo","width":250,"height":250},"image":{"@id":"https:\/\/bunuri.md\/ro\/shop\/toba-de-esapament-pentru-motor-diesel-186f-motobloc-ht-135\/#organizationLogo"},"sameAs":["https:\/\/facebook.com\/https:\/\/www.facebook.com\/bunurimag","https:\/\/x.com\/https:\/\/www.facebook.com\/bunurimag","https:\/\/instagram.com\/https:\/\/www.facebook.com\/bunurimag","https:\/\/pinterest.com\/https:\/\/www.facebook.com\/bunurimag","https:\/\/youtube.com\/https:\/\/www.facebook.com\/bunurimag","https:\/\/linkedin.com\/in\/https:\/\/www.facebook.com\/bunurimag","https:\/\/soundcloud.com\/https:\/\/www.facebook.com\/bunurimag"],"address":{"@id":"https:\/\/bunuri.md\/ro\/#postaladdress","@type":"PostalAddress","streetAddress":"\u0420. \u041c\u043e\u043b\u0434\u043e\u0432\u0430, \u0433. \u0425\u044b\u043d\u0447\u0435\u0448\u0442\u044b","postalCode":"3401","addressLocality":"\u0425\u044b\u043d\u0447\u0435\u0448\u0442\u044b","addressRegion":"Moldova","addressCountry":"MD"}},{"@type":"WebPage","@id":"https:\/\/bunuri.md\/ro\/shop\/toba-de-esapament-pentru-motor-diesel-186f-motobloc-ht-135\/#webpage","url":"https:\/\/bunuri.md\/ro\/shop\/toba-de-esapament-pentru-motor-diesel-186f-motobloc-ht-135\/","name":"Toba de e\u0219apament pentru motor diesel 186F, motobloc HT-135","description":"Destinat pentru a reduce nivelul de zgomot al gazelor de evacuare din camera de ardere, pentru a absorbi vibra\u021biile sonore, transform\u00e2ndu-le \u00een energie termic\u0103","inLanguage":"ro-RO","isPartOf":{"@id":"https:\/\/bunuri.md\/ro\/#website"},"breadcrumb":{"@id":"https:\/\/bunuri.md\/ro\/shop\/toba-de-esapament-pentru-motor-diesel-186f-motobloc-ht-135\/#breadcrumblist"},"image":{"@type":"ImageObject","url":"https:\/\/bunuri.md\/wp-content\/uploads\/2023\/11\/Glusiteli_186F.png","@id":"https:\/\/bunuri.md\/ro\/shop\/toba-de-esapament-pentru-motor-diesel-186f-motobloc-ht-135\/#mainImage","width":600,"height":415,"caption":"Glusiteli_186F"},"primaryImageOfPage":{"@id":"https:\/\/bunuri.md\/ro\/shop\/toba-de-esapament-pentru-motor-diesel-186f-motobloc-ht-135\/#mainImage"},"datePublished":"2023-11-19T17:54:21+03:00","dateModified":"2023-11-19T18:07:32+03:00"},{"@type":"WebSite","@id":"https:\/\/bunuri.md\/ro\/#website","url":"https:\/\/bunuri.md\/ro\/","name":"www.bunuri.md","alternateName":"bunuri.md","description":"Bunuri.md este un magazin online care livreaz\u0103 \u0219i comercializeaz\u0103 o gam\u0103 larg\u0103 de m\u0103rfuri de diverse categorii pe \u00eentreg teritoriul Republicii Moldova.","inLanguage":"ro-RO","publisher":{"@id":"https:\/\/bunuri.md\/ro\/#organization"}}]},"og:locale":"ro_RO","og:site_name":"\u0418\u043d\u0442\u0435\u0440\u043d\u0435\u0442 \u043c\u0430\u0433\u0430\u0437\u0438\u043d \u041c\u043e\u043b\u0434\u043e\u0432\u0430 | Bunuri.md este un magazin online care livreaz\u0103 \u0219i comercializeaz\u0103 o gam\u0103 larg\u0103 de m\u0103rfuri de diverse categorii pe \u00eentreg teritoriul Republicii Moldova.","og:type":"article","og:title":"Toba de e\u0219apament pentru motor diesel 186F, motobloc HT-135","og:description":"Destinat pentru a reduce nivelul de zgomot al gazelor de evacuare din camera de ardere, pentru a absorbi vibra\u021biile sonore, transform\u00e2ndu-le \u00een energie termic\u0103","og:url":"https:\/\/bunuri.md\/ro\/shop\/toba-de-esapament-pentru-motor-diesel-186f-motobloc-ht-135\/","og:image":"https:\/\/bunuri.md\/wp-content\/uploads\/2022\/10\/logobu.png","og:image:secure_url":"https:\/\/bunuri.md\/wp-content\/uploads\/2022\/10\/logobu.png","og:image:width":200,"og:image:height":200,"article:published_time":"2023-11-19T14:54:21+00:00","article:modified_time":"2023-11-19T15:07:32+00:00","article:publisher":"https:\/\/facebook.com\/https:\/\/www.facebook.com\/bunurimag","twitter:card":"summary","twitter:site":"@https:","twitter:title":"Toba de e\u0219apament pentru motor diesel 186F, motobloc HT-135","twitter:description":"Destinat pentru a reduce nivelul de zgomot al gazelor de evacuare din camera de ardere, pentru a absorbi vibra\u021biile sonore, transform\u00e2ndu-le \u00een energie termic\u0103","twitter:image":"https:\/\/bunuri.md\/wp-content\/uploads\/2022\/10\/logobu.png"},"aioseo_meta_data":{"post_id":"8183","title":"Toba de e\u0219apament pentru motor diesel 186F, motobloc HT-135","description":"Destinat pentru a reduce nivelul de zgomot al gazelor de evacuare din camera de ardere, pentru a absorbi vibra\u021biile sonore, transform\u00e2ndu-le \u00een energie termic\u0103","keywords":[],"keyphrases":{"focus":{"keyphrase":"","score":0,"analysis":{"keyphraseInTitle":{"score":0,"maxScore":9,"error":1}}},"additional":[]},"primary_term":null,"canonical_url":null,"og_title":null,"og_description":null,"og_object_type":"default","og_image_type":"default","og_image_url":null,"og_image_width":null,"og_image_height":null,"og_image_custom_url":null,"og_image_custom_fields":null,"og_video":"","og_custom_url":null,"og_article_section":null,"og_article_tags":[],"twitter_use_og":false,"twitter_card":"default","twitter_image_type":"default","twitter_image_url":null,"twitter_image_custom_url":null,"twitter_image_custom_fields":null,"twitter_title":null,"twitter_description":null,"schema":{"blockGraphs":[],"customGraphs":[],"default":{"data":{"Article":[],"Course":[],"Dataset":[],"FAQPage":[],"Movie":[],"Person":[],"Product":[],"ProductReview":[],"Car":[],"Recipe":[],"Service":[],"SoftwareApplication":[],"WebPage":[]},"graphName":"ItemPage","isEnabled":true},"graphs":[]},"schema_type":"default","schema_type_options":null,"pillar_content":false,"robots_default":true,"robots_noindex":false,"robots_noarchive":false,"robots_nosnippet":false,"robots_nofollow":false,"robots_noimageindex":false,"robots_noodp":false,"robots_notranslate":false,"robots_max_snippet":"-1","robots_max_videopreview":"-1","robots_max_imagepreview":"large","priority":null,"frequency":"default","local_seo":null,"seo_analyzer_scan_date":null,"breadcrumb_settings":null,"limit_modified_date":false,"reviewed_by":null,"open_ai":"{\"title\":{\"suggestions\":[],\"usage\":0},\"description\":{\"suggestions\":[],\"usage\":0}}","ai":null,"created":"2023-11-19 15:01:10","updated":"2025-05-30 05:17:09"},"aioseo_breadcrumb":"<div class=\"aioseo-breadcrumbs\"><span class=\"aioseo-breadcrumb\">\n\t<a href=\"https:\/\/bunuri.md\/ro\/\" title=\"Home\">Home<\/a>\n<\/span><span class=\"aioseo-breadcrumb-separator\">\u00bb<\/span><span class=\"aioseo-breadcrumb\">\n\t<a href=\"https:\/\/bunuri.md\/ro\/shop-2\/\" title=\"Magazin\">Magazin<\/a>\n<\/span><span class=\"aioseo-breadcrumb-separator\">\u00bb<\/span><span class=\"aioseo-breadcrumb\">\n\t<a href=\"https:\/\/bunuri.md\/ro\/product-category\/piese-pentru-motoblocuri\/\" title=\"Piese de schimb pentru tractoare \u0219i motoblocuri\">Piese de schimb pentru tractoare \u0219i motoblocuri<\/a>\n<\/span><span class=\"aioseo-breadcrumb-separator\">\u00bb<\/span><span class=\"aioseo-breadcrumb\">\n\tToba de e\u0219apament pentru motor diesel 186F, motobloc HT-135\n<\/span><\/div>","aioseo_breadcrumb_json":[{"label":"Home","link":"https:\/\/bunuri.md\/ro\/"},{"label":"Magazin","link":"https:\/\/bunuri.md\/ro\/shop-2\/"},{"label":"Piese de schimb pentru tractoare \u0219i motoblocuri","link":"https:\/\/bunuri.md\/ro\/product-category\/piese-pentru-motoblocuri\/"},{"label":"Toba de e\u0219apament pentru motor diesel 186F, motobloc HT-135","link":"https:\/\/bunuri.md\/ro\/shop\/toba-de-esapament-pentru-motor-diesel-186f-motobloc-ht-135\/"}],"brands":[],"_links":{"self":[{"href":"https:\/\/bunuri.md\/ro\/wp-json\/wp\/v2\/product\/8183","targetHints":{"allow":["GET"]}}],"collection":[{"href":"https:\/\/bunuri.md\/ro\/wp-json\/wp\/v2\/product"}],"about":[{"href":"https:\/\/bunuri.md\/ro\/wp-json\/wp\/v2\/types\/product"}],"replies":[{"embeddable":true,"href":"https:\/\/bunuri.md\/ro\/wp-json\/wp\/v2\/comments?post=8183"}],"wp:featuredmedia":[{"embeddable":true,"href":"https:\/\/bunuri.md\/ro\/wp-json\/wp\/v2\/media\/8181"}],"wp:attachment":[{"href":"https:\/\/bunuri.md\/ro\/wp-json\/wp\/v2\/media?parent=8183"}],"wp:term":[{"taxonomy":"pwb-brand","embeddable":true,"href":"https:\/\/bunuri.md\/ro\/wp-json\/wp\/v2\/pwb-brand?post=8183"},{"taxonomy":"product_brand","embeddable":true,"href":"https:\/\/bunuri.md\/ro\/wp-json\/wp\/v2\/product_brand?post=8183"},{"taxonomy":"product_cat","embeddable":true,"href":"https:\/\/bunuri.md\/ro\/wp-json\/wp\/v2\/product_cat?post=8183"},{"taxonomy":"product_tag","embeddable":true,"href":"https:\/\/bunuri.md\/ro\/wp-json\/wp\/v2\/product_tag?post=8183"}],"curies":[{"name":"wp","href":"https:\/\/api.w.org\/{rel}","templated":true}]}}