{"id":8355,"date":"2023-12-18T22:31:02","date_gmt":"2023-12-18T19:53:25","guid":{"rendered":"https:\/\/bunuri.md\/?post_type=product&#038;p=8355"},"modified":"2023-12-18T22:57:46","modified_gmt":"2023-12-18T19:57:46","slug":"motobloc-pe-benzina-weima-wm900-cu-o-putere-de-7-c-p","status":"publish","type":"product","link":"https:\/\/bunuri.md\/ro\/shop\/motobloc-pe-benzina-weima-wm900-cu-o-putere-de-7-c-p\/","title":{"rendered":"Motobloc pe benzin\u0103 WEIMA WM900 cu o putere de 7 c. p."},"content":{"rendered":"<p>Motobloc pe benzin\u0103 WEIMA WM900 cu o putere de 7 c. p.\u00a0 este o achizitie profitabila si justificata pentru realizarea diverselor lucrari pe suprafete de pana la optzeci de hectare. Dezvoltatorii au oferit o func\u021bionalitate larg\u0103 a unui instrument tehnic care face fa\u021b\u0103 cu succes numeroaselor sarcini de \u00eengrijire a culturilor agricole \u0219i a solului. Tractorul Weima WM900 de 7,0 CP este echipat cu elemente de lucru \u00eembun\u0103t\u0103\u021bite \u0219i are un motor puternic pe benzin\u0103. Func\u021bionarea se realizeaz\u0103 \u00eentr-un mod economic, bl\u00e2nd, care presupune un consum redus de combustibil &#8211; \u00een medie &#8211; aproximativ un litru pe or\u0103. Datorit\u0103 utiliz\u0103rii fontei la fabricarea carcasei cutiei de viteze, designul este foarte durabil \u0219i rezistent la uzur\u0103. Pentru operator sunt oferite facilit\u0103\u021bi speciale, care poate regla liber volanul, \u021bin\u00e2nd cont de indicatorii de \u00een\u0103l\u021bime.<\/p>\n<p>Specifica\u021bii tehnice:<\/p>\n<p>&#8211; R\u0103cire motor: aer.<br \/>\n&#8211; Transmisie: cutie de viteze melcat cu angrenaj conic.<br \/>\n&#8211; Tip motor: benzina in 4 timpi WEIMA WM900.<br \/>\n&#8211; Putere motor: 7,0 l. Cu.<br \/>\n&#8211; Capacitate motor: 196 cmc.<br \/>\n&#8211; Capacitate rezervor combustibil: 3,6 l.<br \/>\n&#8211; Tip de pornire: manual.<br \/>\n&#8211; Numar de viteze: 2 inainte \/ 1 inapoi.<br \/>\n&#8211; Latime de prelucrare: 110 cm.<br \/>\n&#8211; Ad\u00e2ncime de prelucrare: 15-30 cm.<br \/>\n&#8211; Transmisia: curea.<br \/>\n&#8211; Dimensiuni totale (L x l x H): 1500x400x900 mm.<br \/>\n&#8211; Greutate: 87 kg.<\/p>\n","protected":false},"excerpt":{"rendered":"<p>Destinat pentru afanarea si pregatirea inainte de plantare a solului, plivitul, semanatul de seminte, cosirea si colectarea ierbii, transportul marfurilor.<\/p>\n","protected":false},"featured_media":8350,"comment_status":"closed","ping_status":"closed","template":"","meta":{"om_disable_all_campaigns":false},"pwb-brand":[],"product_brand":[],"product_cat":[377],"product_tag":[],"class_list":{"0":"post-8355","1":"product","2":"type-product","3":"status-publish","4":"has-post-thumbnail","6":"product_cat-motoblocuri-minitractore","8":"first","9":"instock","10":"sale","11":"purchasable","12":"product-type-simple"},"aioseo_notices":[],"aioseo_head":"\n\t\t<!-- All in One SEO Pro 4.9.6.2 - aioseo.com -->\n\t<meta name=\"description\" content=\"Destinat pentru afanarea si pregatirea inainte de plantare a solului, plivitul, semanatul de seminte, cosirea si colectarea ierbii, transportul marfurilor.\" \/>\n\t<meta name=\"robots\" content=\"max-image-preview:large\" \/>\n\t<link rel=\"canonical\" href=\"https:\/\/bunuri.md\/ro\/shop\/motobloc-pe-benzina-weima-wm900-cu-o-putere-de-7-c-p\/\" \/>\n\t<meta name=\"generator\" content=\"All in One SEO Pro (AIOSEO) 4.9.6.2\" \/>\n\t\t<meta property=\"og:locale\" content=\"ro_RO\" \/>\n\t\t<meta property=\"og:site_name\" content=\"\u0418\u043d\u0442\u0435\u0440\u043d\u0435\u0442 \u043c\u0430\u0433\u0430\u0437\u0438\u043d \u041c\u043e\u043b\u0434\u043e\u0432\u0430 | Bunuri.md este un magazin online care livreaz\u0103 \u0219i comercializeaz\u0103 o gam\u0103 larg\u0103 de m\u0103rfuri de diverse categorii pe \u00eentreg teritoriul Republicii Moldova.\" \/>\n\t\t<meta property=\"og:type\" content=\"article\" \/>\n\t\t<meta property=\"og:title\" content=\"Motobloc pe benzin\u0103 WEIMA WM900 cu o putere de 7 c. p\" \/>\n\t\t<meta property=\"og:description\" content=\"Destinat pentru afanarea si pregatirea inainte de plantare a solului, plivitul, semanatul de seminte, cosirea si colectarea ierbii, transportul marfurilor.\" \/>\n\t\t<meta property=\"og:url\" content=\"https:\/\/bunuri.md\/ro\/shop\/motobloc-pe-benzina-weima-wm900-cu-o-putere-de-7-c-p\/\" \/>\n\t\t<meta property=\"og:image\" content=\"https:\/\/bunuri.md\/wp-content\/uploads\/2022\/10\/logobu.png\" \/>\n\t\t<meta property=\"og:image:secure_url\" content=\"https:\/\/bunuri.md\/wp-content\/uploads\/2022\/10\/logobu.png\" \/>\n\t\t<meta property=\"og:image:width\" content=\"200\" \/>\n\t\t<meta property=\"og:image:height\" content=\"200\" \/>\n\t\t<meta property=\"article:published_time\" content=\"2023-12-18T19:53:25+00:00\" \/>\n\t\t<meta property=\"article:modified_time\" content=\"2023-12-18T19:57:46+00:00\" \/>\n\t\t<meta property=\"article:publisher\" content=\"https:\/\/facebook.com\/https:\/\/www.facebook.com\/bunurimag\" \/>\n\t\t<meta name=\"twitter:card\" content=\"summary\" \/>\n\t\t<meta name=\"twitter:site\" content=\"@https:\" \/>\n\t\t<meta name=\"twitter:title\" content=\"Motobloc pe benzin\u0103 WEIMA WM900 cu o putere de 7 c. p\" \/>\n\t\t<meta name=\"twitter:description\" content=\"Destinat pentru afanarea si pregatirea inainte de plantare a solului, plivitul, semanatul de seminte, cosirea si colectarea ierbii, transportul marfurilor.\" \/>\n\t\t<meta name=\"twitter:image\" content=\"https:\/\/bunuri.md\/wp-content\/uploads\/2022\/10\/logobu.png\" \/>\n\t\t<script type=\"application\/ld+json\" class=\"aioseo-schema\">\n\t\t\t{\"@context\":\"https:\\\/\\\/schema.org\",\"@graph\":[{\"@type\":\"BreadcrumbList\",\"@id\":\"https:\\\/\\\/bunuri.md\\\/ro\\\/shop\\\/motobloc-pe-benzina-weima-wm900-cu-o-putere-de-7-c-p\\\/#breadcrumblist\",\"itemListElement\":[{\"@type\":\"ListItem\",\"@id\":\"https:\\\/\\\/bunuri.md\\\/ro\\\/#listItem\",\"position\":1,\"name\":\"Home\",\"item\":\"https:\\\/\\\/bunuri.md\\\/ro\\\/\",\"nextItem\":{\"@type\":\"ListItem\",\"@id\":\"https:\\\/\\\/bunuri.md\\\/ro\\\/shop-2\\\/#listItem\",\"name\":\"Magazin\"}},{\"@type\":\"ListItem\",\"@id\":\"https:\\\/\\\/bunuri.md\\\/ro\\\/shop-2\\\/#listItem\",\"position\":2,\"name\":\"Magazin\",\"item\":\"https:\\\/\\\/bunuri.md\\\/ro\\\/shop-2\\\/\",\"nextItem\":{\"@type\":\"ListItem\",\"@id\":\"https:\\\/\\\/bunuri.md\\\/ro\\\/product-category\\\/motoblocuri-minitractore\\\/#listItem\",\"name\":\"Motoblocuri, mini tractoare\"},\"previousItem\":{\"@type\":\"ListItem\",\"@id\":\"https:\\\/\\\/bunuri.md\\\/ro\\\/#listItem\",\"name\":\"Home\"}},{\"@type\":\"ListItem\",\"@id\":\"https:\\\/\\\/bunuri.md\\\/ro\\\/product-category\\\/motoblocuri-minitractore\\\/#listItem\",\"position\":3,\"name\":\"Motoblocuri, mini tractoare\",\"item\":\"https:\\\/\\\/bunuri.md\\\/ro\\\/product-category\\\/motoblocuri-minitractore\\\/\",\"nextItem\":{\"@type\":\"ListItem\",\"@id\":\"https:\\\/\\\/bunuri.md\\\/ro\\\/shop\\\/motobloc-pe-benzina-weima-wm900-cu-o-putere-de-7-c-p\\\/#listItem\",\"name\":\"Motobloc pe benzin\\u0103 WEIMA WM900 cu o putere de 7 c. p.\"},\"previousItem\":{\"@type\":\"ListItem\",\"@id\":\"https:\\\/\\\/bunuri.md\\\/ro\\\/shop-2\\\/#listItem\",\"name\":\"Magazin\"}},{\"@type\":\"ListItem\",\"@id\":\"https:\\\/\\\/bunuri.md\\\/ro\\\/shop\\\/motobloc-pe-benzina-weima-wm900-cu-o-putere-de-7-c-p\\\/#listItem\",\"position\":4,\"name\":\"Motobloc pe benzin\\u0103 WEIMA WM900 cu o putere de 7 c. p.\",\"previousItem\":{\"@type\":\"ListItem\",\"@id\":\"https:\\\/\\\/bunuri.md\\\/ro\\\/product-category\\\/motoblocuri-minitractore\\\/#listItem\",\"name\":\"Motoblocuri, mini tractoare\"}}]},{\"@type\":\"ItemPage\",\"@id\":\"https:\\\/\\\/bunuri.md\\\/ro\\\/shop\\\/motobloc-pe-benzina-weima-wm900-cu-o-putere-de-7-c-p\\\/#itempage\",\"url\":\"https:\\\/\\\/bunuri.md\\\/ro\\\/shop\\\/motobloc-pe-benzina-weima-wm900-cu-o-putere-de-7-c-p\\\/\",\"name\":\"Motobloc pe benzin\\u0103 WEIMA WM900 cu o putere de 7 c. p\",\"description\":\"Destinat pentru afanarea si pregatirea inainte de plantare a solului, plivitul, semanatul de seminte, cosirea si colectarea ierbii, transportul marfurilor.\",\"inLanguage\":\"ro-RO\",\"isPartOf\":{\"@id\":\"https:\\\/\\\/bunuri.md\\\/ro\\\/#website\"},\"breadcrumb\":{\"@id\":\"https:\\\/\\\/bunuri.md\\\/ro\\\/shop\\\/motobloc-pe-benzina-weima-wm900-cu-o-putere-de-7-c-p\\\/#breadcrumblist\"},\"image\":{\"@type\":\"ImageObject\",\"url\":\"https:\\\/\\\/bunuri.md\\\/wp-content\\\/uploads\\\/2023\\\/12\\\/Motobloc_Weima_900_7_c_p.png\",\"@id\":\"https:\\\/\\\/bunuri.md\\\/ro\\\/shop\\\/motobloc-pe-benzina-weima-wm900-cu-o-putere-de-7-c-p\\\/#mainImage\",\"width\":508,\"height\":492,\"caption\":\"Motobloc_Weima_900_7_c_p\"},\"primaryImageOfPage\":{\"@id\":\"https:\\\/\\\/bunuri.md\\\/ro\\\/shop\\\/motobloc-pe-benzina-weima-wm900-cu-o-putere-de-7-c-p\\\/#mainImage\"},\"datePublished\":\"2023-12-18T22:31:02+03:00\",\"dateModified\":\"2023-12-18T22:57:46+03:00\"},{\"@type\":\"Organization\",\"@id\":\"https:\\\/\\\/bunuri.md\\\/ro\\\/#organization\",\"name\":\"\\u00centreprinderea Individual\\u0103 \\\"Buldumac Aliona\\\"\",\"description\":\"\\u0418\\u041f \\u00ab\\u0411\\u0443\\u043b\\u0434\\u0443\\u043c\\u0430\\u043a \\u0410\\u043b\\u0435\\u043d\\u0430\\u00bb - \\u044d\\u0442\\u043e \\u043d\\u0430\\u0434\\u0451\\u0436\\u043d\\u044b\\u0439 \\u0438 \\u043e\\u0440\\u0438\\u0435\\u043d\\u0442\\u0438\\u0440\\u043e\\u0432\\u0430\\u043d\\u043d\\u044b\\u0439 \\u043d\\u0430 \\u043a\\u043b\\u0438\\u0435\\u043d\\u0442\\u0430 \\u0431\\u0438\\u0437\\u043d\\u0435\\u0441, \\u043f\\u0440\\u0435\\u0434\\u043b\\u0430\\u0433\\u0430\\u044e\\u0449\\u0438\\u0439 \\u043a\\u0430\\u0447\\u0435\\u0441\\u0442\\u0432\\u0435\\u043d\\u043d\\u044b\\u0435 \\u0442\\u043e\\u0432\\u0430\\u0440\\u044b, \\u0443\\u0441\\u043b\\u0443\\u0433\\u0438 \\u0441 \\u0430\\u043a\\u0446\\u0435\\u043d\\u0442\\u043e\\u043c \\u043d\\u0430 \\u043f\\u0440\\u0430\\u043a\\u0442\\u0438\\u0447\\u043d\\u043e\\u0441\\u0442\\u044c \\u0438 \\u0447\\u0435\\u0441\\u0442\\u043d\\u044b\\u0439 \\u043f\\u043e\\u0434\\u0445\\u043e\\u0434.\",\"url\":\"https:\\\/\\\/bunuri.md\\\/ro\\\/\",\"email\":\"bunuri.md@gmail.com\",\"telephone\":\"+37379512557\",\"foundingDate\":\"2006-09-27\",\"numberOfEmployees\":{\"@type\":\"QuantitativeValue\",\"minValue\":0,\"maxValue\":4},\"logo\":{\"@type\":\"ImageObject\",\"url\":\"https:\\\/\\\/bunuri.md\\\/wp-content\\\/uploads\\\/2022\\\/08\\\/logo-bunuri.png\",\"@id\":\"https:\\\/\\\/bunuri.md\\\/ro\\\/shop\\\/motobloc-pe-benzina-weima-wm900-cu-o-putere-de-7-c-p\\\/#organizationLogo\",\"width\":250,\"height\":250},\"image\":{\"@id\":\"https:\\\/\\\/bunuri.md\\\/ro\\\/shop\\\/motobloc-pe-benzina-weima-wm900-cu-o-putere-de-7-c-p\\\/#organizationLogo\"},\"sameAs\":[\"https:\\\/\\\/facebook.com\\\/https:\\\/\\\/www.facebook.com\\\/bunurimag\",\"https:\\\/\\\/x.com\\\/https:\\\/\\\/www.facebook.com\\\/bunurimag\",\"https:\\\/\\\/instagram.com\\\/https:\\\/\\\/www.facebook.com\\\/bunurimag\",\"https:\\\/\\\/pinterest.com\\\/https:\\\/\\\/www.facebook.com\\\/bunurimag\",\"https:\\\/\\\/youtube.com\\\/https:\\\/\\\/www.facebook.com\\\/bunurimag\",\"https:\\\/\\\/linkedin.com\\\/in\\\/https:\\\/\\\/www.facebook.com\\\/bunurimag\",\"https:\\\/\\\/soundcloud.com\\\/https:\\\/\\\/www.facebook.com\\\/bunurimag\"],\"address\":{\"@id\":\"https:\\\/\\\/bunuri.md\\\/ro\\\/#postaladdress\",\"@type\":\"PostalAddress\",\"streetAddress\":\"\\u0420. \\u041c\\u043e\\u043b\\u0434\\u043e\\u0432\\u0430, \\u0433. \\u0425\\u044b\\u043d\\u0447\\u0435\\u0448\\u0442\\u044b\",\"postalCode\":\"3401\",\"addressLocality\":\"\\u0425\\u044b\\u043d\\u0447\\u0435\\u0448\\u0442\\u044b\",\"addressRegion\":\"Moldova\",\"addressCountry\":\"MD\"}},{\"@type\":\"WebPage\",\"@id\":\"https:\\\/\\\/bunuri.md\\\/ro\\\/shop\\\/motobloc-pe-benzina-weima-wm900-cu-o-putere-de-7-c-p\\\/#webpage\",\"url\":\"https:\\\/\\\/bunuri.md\\\/ro\\\/shop\\\/motobloc-pe-benzina-weima-wm900-cu-o-putere-de-7-c-p\\\/\",\"name\":\"Motobloc pe benzin\\u0103 WEIMA WM900 cu o putere de 7 c. p\",\"description\":\"Destinat pentru afanarea si pregatirea inainte de plantare a solului, plivitul, semanatul de seminte, cosirea si colectarea ierbii, transportul marfurilor.\",\"inLanguage\":\"ro-RO\",\"isPartOf\":{\"@id\":\"https:\\\/\\\/bunuri.md\\\/ro\\\/#website\"},\"breadcrumb\":{\"@id\":\"https:\\\/\\\/bunuri.md\\\/ro\\\/shop\\\/motobloc-pe-benzina-weima-wm900-cu-o-putere-de-7-c-p\\\/#breadcrumblist\"},\"image\":{\"@type\":\"ImageObject\",\"url\":\"https:\\\/\\\/bunuri.md\\\/wp-content\\\/uploads\\\/2023\\\/12\\\/Motobloc_Weima_900_7_c_p.png\",\"@id\":\"https:\\\/\\\/bunuri.md\\\/ro\\\/shop\\\/motobloc-pe-benzina-weima-wm900-cu-o-putere-de-7-c-p\\\/#mainImage\",\"width\":508,\"height\":492,\"caption\":\"Motobloc_Weima_900_7_c_p\"},\"primaryImageOfPage\":{\"@id\":\"https:\\\/\\\/bunuri.md\\\/ro\\\/shop\\\/motobloc-pe-benzina-weima-wm900-cu-o-putere-de-7-c-p\\\/#mainImage\"},\"datePublished\":\"2023-12-18T22:31:02+03:00\",\"dateModified\":\"2023-12-18T22:57:46+03:00\"},{\"@type\":\"WebSite\",\"@id\":\"https:\\\/\\\/bunuri.md\\\/ro\\\/#website\",\"url\":\"https:\\\/\\\/bunuri.md\\\/ro\\\/\",\"name\":\"www.bunuri.md\",\"alternateName\":\"bunuri.md\",\"description\":\"Bunuri.md este un magazin online care livreaz\\u0103 \\u0219i comercializeaz\\u0103 o gam\\u0103 larg\\u0103 de m\\u0103rfuri de diverse categorii pe \\u00eentreg teritoriul Republicii Moldova.\",\"inLanguage\":\"ro-RO\",\"publisher\":{\"@id\":\"https:\\\/\\\/bunuri.md\\\/ro\\\/#organization\"}}]}\n\t\t<\/script>\n\t\t<!-- All in One SEO Pro -->\r\n\t\t<title>Motobloc pe benzin\u0103 WEIMA WM900 cu o putere de 7 c. p<\/title>\n\n","aioseo_head_json":{"title":"Motobloc pe benzin\u0103 WEIMA WM900 cu o putere de 7 c. p","description":"Destinat pentru afanarea si pregatirea inainte de plantare a solului, plivitul, semanatul de seminte, cosirea si colectarea ierbii, transportul marfurilor.","canonical_url":"https:\/\/bunuri.md\/ro\/shop\/motobloc-pe-benzina-weima-wm900-cu-o-putere-de-7-c-p\/","robots":"max-image-preview:large","keywords":"","webmasterTools":{"miscellaneous":""},"schema":{"@context":"https:\/\/schema.org","@graph":[{"@type":"BreadcrumbList","@id":"https:\/\/bunuri.md\/ro\/shop\/motobloc-pe-benzina-weima-wm900-cu-o-putere-de-7-c-p\/#breadcrumblist","itemListElement":[{"@type":"ListItem","@id":"https:\/\/bunuri.md\/ro\/#listItem","position":1,"name":"Home","item":"https:\/\/bunuri.md\/ro\/","nextItem":{"@type":"ListItem","@id":"https:\/\/bunuri.md\/ro\/shop-2\/#listItem","name":"Magazin"}},{"@type":"ListItem","@id":"https:\/\/bunuri.md\/ro\/shop-2\/#listItem","position":2,"name":"Magazin","item":"https:\/\/bunuri.md\/ro\/shop-2\/","nextItem":{"@type":"ListItem","@id":"https:\/\/bunuri.md\/ro\/product-category\/motoblocuri-minitractore\/#listItem","name":"Motoblocuri, mini tractoare"},"previousItem":{"@type":"ListItem","@id":"https:\/\/bunuri.md\/ro\/#listItem","name":"Home"}},{"@type":"ListItem","@id":"https:\/\/bunuri.md\/ro\/product-category\/motoblocuri-minitractore\/#listItem","position":3,"name":"Motoblocuri, mini tractoare","item":"https:\/\/bunuri.md\/ro\/product-category\/motoblocuri-minitractore\/","nextItem":{"@type":"ListItem","@id":"https:\/\/bunuri.md\/ro\/shop\/motobloc-pe-benzina-weima-wm900-cu-o-putere-de-7-c-p\/#listItem","name":"Motobloc pe benzin\u0103 WEIMA WM900 cu o putere de 7 c. p."},"previousItem":{"@type":"ListItem","@id":"https:\/\/bunuri.md\/ro\/shop-2\/#listItem","name":"Magazin"}},{"@type":"ListItem","@id":"https:\/\/bunuri.md\/ro\/shop\/motobloc-pe-benzina-weima-wm900-cu-o-putere-de-7-c-p\/#listItem","position":4,"name":"Motobloc pe benzin\u0103 WEIMA WM900 cu o putere de 7 c. p.","previousItem":{"@type":"ListItem","@id":"https:\/\/bunuri.md\/ro\/product-category\/motoblocuri-minitractore\/#listItem","name":"Motoblocuri, mini tractoare"}}]},{"@type":"ItemPage","@id":"https:\/\/bunuri.md\/ro\/shop\/motobloc-pe-benzina-weima-wm900-cu-o-putere-de-7-c-p\/#itempage","url":"https:\/\/bunuri.md\/ro\/shop\/motobloc-pe-benzina-weima-wm900-cu-o-putere-de-7-c-p\/","name":"Motobloc pe benzin\u0103 WEIMA WM900 cu o putere de 7 c. p","description":"Destinat pentru afanarea si pregatirea inainte de plantare a solului, plivitul, semanatul de seminte, cosirea si colectarea ierbii, transportul marfurilor.","inLanguage":"ro-RO","isPartOf":{"@id":"https:\/\/bunuri.md\/ro\/#website"},"breadcrumb":{"@id":"https:\/\/bunuri.md\/ro\/shop\/motobloc-pe-benzina-weima-wm900-cu-o-putere-de-7-c-p\/#breadcrumblist"},"image":{"@type":"ImageObject","url":"https:\/\/bunuri.md\/wp-content\/uploads\/2023\/12\/Motobloc_Weima_900_7_c_p.png","@id":"https:\/\/bunuri.md\/ro\/shop\/motobloc-pe-benzina-weima-wm900-cu-o-putere-de-7-c-p\/#mainImage","width":508,"height":492,"caption":"Motobloc_Weima_900_7_c_p"},"primaryImageOfPage":{"@id":"https:\/\/bunuri.md\/ro\/shop\/motobloc-pe-benzina-weima-wm900-cu-o-putere-de-7-c-p\/#mainImage"},"datePublished":"2023-12-18T22:31:02+03:00","dateModified":"2023-12-18T22:57:46+03:00"},{"@type":"Organization","@id":"https:\/\/bunuri.md\/ro\/#organization","name":"\u00centreprinderea Individual\u0103 \"Buldumac Aliona\"","description":"\u0418\u041f \u00ab\u0411\u0443\u043b\u0434\u0443\u043c\u0430\u043a \u0410\u043b\u0435\u043d\u0430\u00bb - \u044d\u0442\u043e \u043d\u0430\u0434\u0451\u0436\u043d\u044b\u0439 \u0438 \u043e\u0440\u0438\u0435\u043d\u0442\u0438\u0440\u043e\u0432\u0430\u043d\u043d\u044b\u0439 \u043d\u0430 \u043a\u043b\u0438\u0435\u043d\u0442\u0430 \u0431\u0438\u0437\u043d\u0435\u0441, \u043f\u0440\u0435\u0434\u043b\u0430\u0433\u0430\u044e\u0449\u0438\u0439 \u043a\u0430\u0447\u0435\u0441\u0442\u0432\u0435\u043d\u043d\u044b\u0435 \u0442\u043e\u0432\u0430\u0440\u044b, \u0443\u0441\u043b\u0443\u0433\u0438 \u0441 \u0430\u043a\u0446\u0435\u043d\u0442\u043e\u043c \u043d\u0430 \u043f\u0440\u0430\u043a\u0442\u0438\u0447\u043d\u043e\u0441\u0442\u044c \u0438 \u0447\u0435\u0441\u0442\u043d\u044b\u0439 \u043f\u043e\u0434\u0445\u043e\u0434.","url":"https:\/\/bunuri.md\/ro\/","email":"bunuri.md@gmail.com","telephone":"+37379512557","foundingDate":"2006-09-27","numberOfEmployees":{"@type":"QuantitativeValue","minValue":0,"maxValue":4},"logo":{"@type":"ImageObject","url":"https:\/\/bunuri.md\/wp-content\/uploads\/2022\/08\/logo-bunuri.png","@id":"https:\/\/bunuri.md\/ro\/shop\/motobloc-pe-benzina-weima-wm900-cu-o-putere-de-7-c-p\/#organizationLogo","width":250,"height":250},"image":{"@id":"https:\/\/bunuri.md\/ro\/shop\/motobloc-pe-benzina-weima-wm900-cu-o-putere-de-7-c-p\/#organizationLogo"},"sameAs":["https:\/\/facebook.com\/https:\/\/www.facebook.com\/bunurimag","https:\/\/x.com\/https:\/\/www.facebook.com\/bunurimag","https:\/\/instagram.com\/https:\/\/www.facebook.com\/bunurimag","https:\/\/pinterest.com\/https:\/\/www.facebook.com\/bunurimag","https:\/\/youtube.com\/https:\/\/www.facebook.com\/bunurimag","https:\/\/linkedin.com\/in\/https:\/\/www.facebook.com\/bunurimag","https:\/\/soundcloud.com\/https:\/\/www.facebook.com\/bunurimag"],"address":{"@id":"https:\/\/bunuri.md\/ro\/#postaladdress","@type":"PostalAddress","streetAddress":"\u0420. \u041c\u043e\u043b\u0434\u043e\u0432\u0430, \u0433. \u0425\u044b\u043d\u0447\u0435\u0448\u0442\u044b","postalCode":"3401","addressLocality":"\u0425\u044b\u043d\u0447\u0435\u0448\u0442\u044b","addressRegion":"Moldova","addressCountry":"MD"}},{"@type":"WebPage","@id":"https:\/\/bunuri.md\/ro\/shop\/motobloc-pe-benzina-weima-wm900-cu-o-putere-de-7-c-p\/#webpage","url":"https:\/\/bunuri.md\/ro\/shop\/motobloc-pe-benzina-weima-wm900-cu-o-putere-de-7-c-p\/","name":"Motobloc pe benzin\u0103 WEIMA WM900 cu o putere de 7 c. p","description":"Destinat pentru afanarea si pregatirea inainte de plantare a solului, plivitul, semanatul de seminte, cosirea si colectarea ierbii, transportul marfurilor.","inLanguage":"ro-RO","isPartOf":{"@id":"https:\/\/bunuri.md\/ro\/#website"},"breadcrumb":{"@id":"https:\/\/bunuri.md\/ro\/shop\/motobloc-pe-benzina-weima-wm900-cu-o-putere-de-7-c-p\/#breadcrumblist"},"image":{"@type":"ImageObject","url":"https:\/\/bunuri.md\/wp-content\/uploads\/2023\/12\/Motobloc_Weima_900_7_c_p.png","@id":"https:\/\/bunuri.md\/ro\/shop\/motobloc-pe-benzina-weima-wm900-cu-o-putere-de-7-c-p\/#mainImage","width":508,"height":492,"caption":"Motobloc_Weima_900_7_c_p"},"primaryImageOfPage":{"@id":"https:\/\/bunuri.md\/ro\/shop\/motobloc-pe-benzina-weima-wm900-cu-o-putere-de-7-c-p\/#mainImage"},"datePublished":"2023-12-18T22:31:02+03:00","dateModified":"2023-12-18T22:57:46+03:00"},{"@type":"WebSite","@id":"https:\/\/bunuri.md\/ro\/#website","url":"https:\/\/bunuri.md\/ro\/","name":"www.bunuri.md","alternateName":"bunuri.md","description":"Bunuri.md este un magazin online care livreaz\u0103 \u0219i comercializeaz\u0103 o gam\u0103 larg\u0103 de m\u0103rfuri de diverse categorii pe \u00eentreg teritoriul Republicii Moldova.","inLanguage":"ro-RO","publisher":{"@id":"https:\/\/bunuri.md\/ro\/#organization"}}]},"og:locale":"ro_RO","og:site_name":"\u0418\u043d\u0442\u0435\u0440\u043d\u0435\u0442 \u043c\u0430\u0433\u0430\u0437\u0438\u043d \u041c\u043e\u043b\u0434\u043e\u0432\u0430 | Bunuri.md este un magazin online care livreaz\u0103 \u0219i comercializeaz\u0103 o gam\u0103 larg\u0103 de m\u0103rfuri de diverse categorii pe \u00eentreg teritoriul Republicii Moldova.","og:type":"article","og:title":"Motobloc pe benzin\u0103 WEIMA WM900 cu o putere de 7 c. p","og:description":"Destinat pentru afanarea si pregatirea inainte de plantare a solului, plivitul, semanatul de seminte, cosirea si colectarea ierbii, transportul marfurilor.","og:url":"https:\/\/bunuri.md\/ro\/shop\/motobloc-pe-benzina-weima-wm900-cu-o-putere-de-7-c-p\/","og:image":"https:\/\/bunuri.md\/wp-content\/uploads\/2022\/10\/logobu.png","og:image:secure_url":"https:\/\/bunuri.md\/wp-content\/uploads\/2022\/10\/logobu.png","og:image:width":200,"og:image:height":200,"article:published_time":"2023-12-18T19:53:25+00:00","article:modified_time":"2023-12-18T19:57:46+00:00","article:publisher":"https:\/\/facebook.com\/https:\/\/www.facebook.com\/bunurimag","twitter:card":"summary","twitter:site":"@https:","twitter:title":"Motobloc pe benzin\u0103 WEIMA WM900 cu o putere de 7 c. p","twitter:description":"Destinat pentru afanarea si pregatirea inainte de plantare a solului, plivitul, semanatul de seminte, cosirea si colectarea ierbii, transportul marfurilor.","twitter:image":"https:\/\/bunuri.md\/wp-content\/uploads\/2022\/10\/logobu.png"},"aioseo_meta_data":{"post_id":"8355","title":"Motobloc pe benzin\u0103 WEIMA WM900 cu o putere de 7 c. p","description":"Destinat pentru afanarea si pregatirea inainte de plantare a solului, plivitul, semanatul de seminte, cosirea si colectarea ierbii, transportul marfurilor.","keywords":[],"keyphrases":{"focus":{"keyphrase":"","score":0,"analysis":{"keyphraseInTitle":{"score":0,"maxScore":9,"error":1}}},"additional":[]},"primary_term":null,"canonical_url":null,"og_title":null,"og_description":null,"og_object_type":"default","og_image_type":"default","og_image_url":null,"og_image_width":null,"og_image_height":null,"og_image_custom_url":null,"og_image_custom_fields":null,"og_video":"","og_custom_url":null,"og_article_section":null,"og_article_tags":[],"twitter_use_og":false,"twitter_card":"default","twitter_image_type":"default","twitter_image_url":null,"twitter_image_custom_url":null,"twitter_image_custom_fields":null,"twitter_title":null,"twitter_description":null,"schema":{"blockGraphs":[],"customGraphs":[],"default":{"data":{"Article":[],"Course":[],"Dataset":[],"FAQPage":[],"Movie":[],"Person":[],"Product":[],"ProductReview":[],"Car":[],"Recipe":[],"Service":[],"SoftwareApplication":[],"WebPage":[]},"graphName":"ItemPage","isEnabled":true},"graphs":[]},"schema_type":"default","schema_type_options":null,"pillar_content":false,"robots_default":true,"robots_noindex":false,"robots_noarchive":false,"robots_nosnippet":false,"robots_nofollow":false,"robots_noimageindex":false,"robots_noodp":false,"robots_notranslate":false,"robots_max_snippet":"-1","robots_max_videopreview":"-1","robots_max_imagepreview":"large","priority":null,"frequency":"default","local_seo":null,"seo_analyzer_scan_date":null,"breadcrumb_settings":null,"limit_modified_date":false,"reviewed_by":null,"open_ai":"{\"title\":{\"suggestions\":[],\"usage\":0},\"description\":{\"suggestions\":[],\"usage\":0}}","ai":null,"created":"2023-12-18 19:51:15","updated":"2025-05-30 05:22:02"},"aioseo_breadcrumb":"<div class=\"aioseo-breadcrumbs\"><span class=\"aioseo-breadcrumb\">\n\t<a href=\"https:\/\/bunuri.md\/ro\/\" title=\"Home\">Home<\/a>\n<\/span><span class=\"aioseo-breadcrumb-separator\">\u00bb<\/span><span class=\"aioseo-breadcrumb\">\n\t<a href=\"https:\/\/bunuri.md\/ro\/shop-2\/\" title=\"Magazin\">Magazin<\/a>\n<\/span><span class=\"aioseo-breadcrumb-separator\">\u00bb<\/span><span class=\"aioseo-breadcrumb\">\n\t<a href=\"https:\/\/bunuri.md\/ro\/product-category\/motoblocuri-minitractore\/\" title=\"Motoblocuri, mini tractoare\">Motoblocuri, mini tractoare<\/a>\n<\/span><span class=\"aioseo-breadcrumb-separator\">\u00bb<\/span><span class=\"aioseo-breadcrumb\">\n\tMotobloc pe benzin\u0103 WEIMA WM900 cu o putere de 7 c. p.\n<\/span><\/div>","aioseo_breadcrumb_json":[{"label":"Home","link":"https:\/\/bunuri.md\/ro\/"},{"label":"Magazin","link":"https:\/\/bunuri.md\/ro\/shop-2\/"},{"label":"Motoblocuri, mini tractoare","link":"https:\/\/bunuri.md\/ro\/product-category\/motoblocuri-minitractore\/"},{"label":"Motobloc pe benzin\u0103 WEIMA WM900 cu o putere de 7 c. p.","link":"https:\/\/bunuri.md\/ro\/shop\/motobloc-pe-benzina-weima-wm900-cu-o-putere-de-7-c-p\/"}],"brands":[],"_links":{"self":[{"href":"https:\/\/bunuri.md\/ro\/wp-json\/wp\/v2\/product\/8355","targetHints":{"allow":["GET"]}}],"collection":[{"href":"https:\/\/bunuri.md\/ro\/wp-json\/wp\/v2\/product"}],"about":[{"href":"https:\/\/bunuri.md\/ro\/wp-json\/wp\/v2\/types\/product"}],"replies":[{"embeddable":true,"href":"https:\/\/bunuri.md\/ro\/wp-json\/wp\/v2\/comments?post=8355"}],"wp:featuredmedia":[{"embeddable":true,"href":"https:\/\/bunuri.md\/ro\/wp-json\/wp\/v2\/media\/8350"}],"wp:attachment":[{"href":"https:\/\/bunuri.md\/ro\/wp-json\/wp\/v2\/media?parent=8355"}],"wp:term":[{"taxonomy":"pwb-brand","embeddable":true,"href":"https:\/\/bunuri.md\/ro\/wp-json\/wp\/v2\/pwb-brand?post=8355"},{"taxonomy":"product_brand","embeddable":true,"href":"https:\/\/bunuri.md\/ro\/wp-json\/wp\/v2\/product_brand?post=8355"},{"taxonomy":"product_cat","embeddable":true,"href":"https:\/\/bunuri.md\/ro\/wp-json\/wp\/v2\/product_cat?post=8355"},{"taxonomy":"product_tag","embeddable":true,"href":"https:\/\/bunuri.md\/ro\/wp-json\/wp\/v2\/product_tag?post=8355"}],"curies":[{"name":"wp","href":"https:\/\/api.w.org\/{rel}","templated":true}]}}