{"id":8749,"date":"2024-05-12T22:12:45","date_gmt":"2024-05-12T19:26:44","guid":{"rendered":"https:\/\/bunuri.md\/?post_type=product&#038;p=8749"},"modified":"2024-05-12T22:42:57","modified_gmt":"2024-05-12T19:42:57","slug":"trimmer-pe-benzina-motocositoare-kamoto-kt43c-17-c-p","status":"publish","type":"product","link":"https:\/\/bunuri.md\/ro\/shop\/trimmer-pe-benzina-motocositoare-kamoto-kt43c-17-c-p\/","title":{"rendered":"Trimmer pe benzin\u0103, motocositoare Kamoto KT43C, 1,7 c. p."},"content":{"rendered":"<p>Trimmerul \u0219i motocoasa pe benzin\u0103 Kamoto KT43C v\u0103 permite s\u0103 efectua\u021bi lucr\u0103rile de tuns iarba, tunderea gazonului, t\u0103ierea tufi\u0219urilor, l\u00e2ng\u0103 numeroase obstacole, foarte eficient \u0219i f\u0103r\u0103 prea mult efort. Trimmerul vine cu o bobin\u0103 de fir de plastic, o lam\u0103 de fer\u0103str\u0103u cu 40 de din\u021bi \u0219i un cu\u021bit metalic cu 3 lame. Constructia ideala a ma\u0219inii de tuns permite \u00eentre\u021binerea regulat\u0103 f\u0103r\u0103 a fi nevoie s\u0103 contacta\u021bi un centru de service.<a href=\"https:\/\/bunuri.md\/ro\/product-category\/piese-de-schimb-pentru-motociclete-scutere\/\"> Piesele de schimb pentru \u00eentre\u021binerea unui trimmer pe benzin\u0103 se g\u0103sesc aici.<\/a><\/p>\n<p>Specifica\u021bii tehnice:<\/p>\n<p>&#8211; Tip motor: in doi timpi.<br \/>\n&#8211; Capacitate motor: 43 cm\u00b3.<br \/>\n&#8211; Putere: 1,7\u00a0 c. p.<br \/>\n&#8211; Diametru tija: 26 mm.<br \/>\n&#8211; Elemente de t\u0103iere incluse: bobin\u0103 de nailon cu fir de plastic, cu\u021bit cu 3 lame, lam\u0103 de fer\u0103str\u0103u cu 40 de din\u021bi.<br \/>\n&#8211; Tip tij\u0103: tij\u0103 pliabil\u0103.<br \/>\n&#8211; Volumul rezervorului de combustibil: 1,2 l.<br \/>\n&#8211; Greutate: 7,5 kg.<\/p>\n","protected":false},"excerpt":{"rendered":"<p>Permite s\u0103 efectua\u021bi lucr\u0103rile de tuns iarba, tunderea gazonului, t\u0103ierea tufi\u0219urilor, l\u00e2ng\u0103 numeroase obstacole, foarte eficient \u0219i f\u0103r\u0103 prea mult efort.<\/p>\n","protected":false},"featured_media":0,"comment_status":"closed","ping_status":"closed","template":"","meta":{"om_disable_all_campaigns":false},"pwb-brand":[],"product_brand":[],"product_cat":[356],"product_tag":[],"class_list":{"0":"post-8749","1":"product","2":"type-product","3":"status-publish","5":"product_cat-uncategorized","7":"first","8":"instock","9":"sale","10":"purchasable","11":"product-type-simple"},"aioseo_notices":[],"aioseo_head":"\n\t\t<!-- All in One SEO Pro 4.9.6.1 - aioseo.com -->\n\t<meta name=\"description\" content=\"Permite s\u0103 efectua\u021bi lucr\u0103rile de tuns iarba, tunderea gazonului, t\u0103ierea tufi\u0219urilor, l\u00e2ng\u0103 numeroase obstacole, foarte eficient \u0219i f\u0103r\u0103 prea mult efort.\" \/>\n\t<meta name=\"robots\" content=\"max-image-preview:large\" \/>\n\t<link rel=\"canonical\" href=\"https:\/\/bunuri.md\/ro\/shop\/trimmer-pe-benzina-motocositoare-kamoto-kt43c-17-c-p\/\" \/>\n\t<meta name=\"generator\" content=\"All in One SEO Pro (AIOSEO) 4.9.6.1\" \/>\n\t\t<meta property=\"og:locale\" content=\"ro_RO\" \/>\n\t\t<meta property=\"og:site_name\" content=\"\u0418\u043d\u0442\u0435\u0440\u043d\u0435\u0442 \u043c\u0430\u0433\u0430\u0437\u0438\u043d \u041c\u043e\u043b\u0434\u043e\u0432\u0430 | Bunuri.md este un magazin online care livreaz\u0103 \u0219i comercializeaz\u0103 o gam\u0103 larg\u0103 de m\u0103rfuri de diverse categorii pe \u00eentreg teritoriul Republicii Moldova.\" \/>\n\t\t<meta property=\"og:type\" content=\"article\" \/>\n\t\t<meta property=\"og:title\" content=\"Trimmer pe benzin\u0103, motocositoare Kamoto KT43C, 1,7 c. p.\" \/>\n\t\t<meta property=\"og:description\" content=\"Permite s\u0103 efectua\u021bi lucr\u0103rile de tuns iarba, tunderea gazonului, t\u0103ierea tufi\u0219urilor, l\u00e2ng\u0103 numeroase obstacole, foarte eficient \u0219i f\u0103r\u0103 prea mult efort.\" \/>\n\t\t<meta property=\"og:url\" content=\"https:\/\/bunuri.md\/ro\/shop\/trimmer-pe-benzina-motocositoare-kamoto-kt43c-17-c-p\/\" \/>\n\t\t<meta property=\"og:image\" content=\"https:\/\/bunuri.md\/wp-content\/uploads\/2022\/10\/logobu.png\" \/>\n\t\t<meta property=\"og:image:secure_url\" content=\"https:\/\/bunuri.md\/wp-content\/uploads\/2022\/10\/logobu.png\" \/>\n\t\t<meta property=\"og:image:width\" content=\"200\" \/>\n\t\t<meta property=\"og:image:height\" content=\"200\" \/>\n\t\t<meta property=\"article:published_time\" content=\"2024-05-12T19:26:44+00:00\" \/>\n\t\t<meta property=\"article:modified_time\" content=\"2024-05-12T19:42:57+00:00\" \/>\n\t\t<meta property=\"article:publisher\" content=\"https:\/\/facebook.com\/https:\/\/www.facebook.com\/bunurimag\" \/>\n\t\t<meta name=\"twitter:card\" content=\"summary\" \/>\n\t\t<meta name=\"twitter:site\" content=\"@https:\" \/>\n\t\t<meta name=\"twitter:title\" content=\"Trimmer pe benzin\u0103, motocositoare Kamoto KT43C, 1,7 c. p.\" \/>\n\t\t<meta name=\"twitter:description\" content=\"Permite s\u0103 efectua\u021bi lucr\u0103rile de tuns iarba, tunderea gazonului, t\u0103ierea tufi\u0219urilor, l\u00e2ng\u0103 numeroase obstacole, foarte eficient \u0219i f\u0103r\u0103 prea mult efort.\" \/>\n\t\t<meta name=\"twitter:image\" content=\"https:\/\/bunuri.md\/wp-content\/uploads\/2022\/10\/logobu.png\" \/>\n\t\t<script type=\"application\/ld+json\" class=\"aioseo-schema\">\n\t\t\t{\"@context\":\"https:\\\/\\\/schema.org\",\"@graph\":[{\"@type\":\"BreadcrumbList\",\"@id\":\"https:\\\/\\\/bunuri.md\\\/ro\\\/shop\\\/trimmer-pe-benzina-motocositoare-kamoto-kt43c-17-c-p\\\/#breadcrumblist\",\"itemListElement\":[{\"@type\":\"ListItem\",\"@id\":\"https:\\\/\\\/bunuri.md\\\/ro\\\/#listItem\",\"position\":1,\"name\":\"Home\",\"item\":\"https:\\\/\\\/bunuri.md\\\/ro\\\/\",\"nextItem\":{\"@type\":\"ListItem\",\"@id\":\"https:\\\/\\\/bunuri.md\\\/ro\\\/shop-2\\\/#listItem\",\"name\":\"Magazin\"}},{\"@type\":\"ListItem\",\"@id\":\"https:\\\/\\\/bunuri.md\\\/ro\\\/shop-2\\\/#listItem\",\"position\":2,\"name\":\"Magazin\",\"item\":\"https:\\\/\\\/bunuri.md\\\/ro\\\/shop-2\\\/\",\"nextItem\":{\"@type\":\"ListItem\",\"@id\":\"https:\\\/\\\/bunuri.md\\\/product-category\\\/uncategorized\\\/#listItem\",\"name\":\"\\u0411\\u0435\\u0437 \\u043a\\u0430\\u0442\\u0435\\u0433\\u043e\\u0440\\u0438\\u0438\"},\"previousItem\":{\"@type\":\"ListItem\",\"@id\":\"https:\\\/\\\/bunuri.md\\\/ro\\\/#listItem\",\"name\":\"Home\"}},{\"@type\":\"ListItem\",\"@id\":\"https:\\\/\\\/bunuri.md\\\/product-category\\\/uncategorized\\\/#listItem\",\"position\":3,\"name\":\"\\u0411\\u0435\\u0437 \\u043a\\u0430\\u0442\\u0435\\u0433\\u043e\\u0440\\u0438\\u0438\",\"item\":\"https:\\\/\\\/bunuri.md\\\/product-category\\\/uncategorized\\\/\",\"nextItem\":{\"@type\":\"ListItem\",\"@id\":\"https:\\\/\\\/bunuri.md\\\/ro\\\/shop\\\/trimmer-pe-benzina-motocositoare-kamoto-kt43c-17-c-p\\\/#listItem\",\"name\":\"Trimmer pe benzin\\u0103, motocositoare Kamoto KT43C, 1,7 c. p.\"},\"previousItem\":{\"@type\":\"ListItem\",\"@id\":\"https:\\\/\\\/bunuri.md\\\/ro\\\/shop-2\\\/#listItem\",\"name\":\"Magazin\"}},{\"@type\":\"ListItem\",\"@id\":\"https:\\\/\\\/bunuri.md\\\/ro\\\/shop\\\/trimmer-pe-benzina-motocositoare-kamoto-kt43c-17-c-p\\\/#listItem\",\"position\":4,\"name\":\"Trimmer pe benzin\\u0103, motocositoare Kamoto KT43C, 1,7 c. p.\",\"previousItem\":{\"@type\":\"ListItem\",\"@id\":\"https:\\\/\\\/bunuri.md\\\/product-category\\\/uncategorized\\\/#listItem\",\"name\":\"\\u0411\\u0435\\u0437 \\u043a\\u0430\\u0442\\u0435\\u0433\\u043e\\u0440\\u0438\\u0438\"}}]},{\"@type\":\"ItemPage\",\"@id\":\"https:\\\/\\\/bunuri.md\\\/ro\\\/shop\\\/trimmer-pe-benzina-motocositoare-kamoto-kt43c-17-c-p\\\/#itempage\",\"url\":\"https:\\\/\\\/bunuri.md\\\/ro\\\/shop\\\/trimmer-pe-benzina-motocositoare-kamoto-kt43c-17-c-p\\\/\",\"name\":\"Trimmer pe benzin\\u0103, motocositoare Kamoto KT43C, 1,7 c. p.\",\"description\":\"Permite s\\u0103 efectua\\u021bi lucr\\u0103rile de tuns iarba, tunderea gazonului, t\\u0103ierea tufi\\u0219urilor, l\\u00e2ng\\u0103 numeroase obstacole, foarte eficient \\u0219i f\\u0103r\\u0103 prea mult efort.\",\"inLanguage\":\"ro-RO\",\"isPartOf\":{\"@id\":\"https:\\\/\\\/bunuri.md\\\/ro\\\/#website\"},\"breadcrumb\":{\"@id\":\"https:\\\/\\\/bunuri.md\\\/ro\\\/shop\\\/trimmer-pe-benzina-motocositoare-kamoto-kt43c-17-c-p\\\/#breadcrumblist\"},\"datePublished\":\"2024-05-12T22:12:45+03:00\",\"dateModified\":\"2024-05-12T22:42:57+03:00\"},{\"@type\":\"Organization\",\"@id\":\"https:\\\/\\\/bunuri.md\\\/ro\\\/#organization\",\"name\":\"\\u00centreprinderea Individual\\u0103 \\\"Buldumac Aliona\\\"\",\"description\":\"\\u0418\\u041f \\u00ab\\u0411\\u0443\\u043b\\u0434\\u0443\\u043c\\u0430\\u043a \\u0410\\u043b\\u0435\\u043d\\u0430\\u00bb - \\u044d\\u0442\\u043e \\u043d\\u0430\\u0434\\u0451\\u0436\\u043d\\u044b\\u0439 \\u0438 \\u043e\\u0440\\u0438\\u0435\\u043d\\u0442\\u0438\\u0440\\u043e\\u0432\\u0430\\u043d\\u043d\\u044b\\u0439 \\u043d\\u0430 \\u043a\\u043b\\u0438\\u0435\\u043d\\u0442\\u0430 \\u0431\\u0438\\u0437\\u043d\\u0435\\u0441, \\u043f\\u0440\\u0435\\u0434\\u043b\\u0430\\u0433\\u0430\\u044e\\u0449\\u0438\\u0439 \\u043a\\u0430\\u0447\\u0435\\u0441\\u0442\\u0432\\u0435\\u043d\\u043d\\u044b\\u0435 \\u0442\\u043e\\u0432\\u0430\\u0440\\u044b, \\u0443\\u0441\\u043b\\u0443\\u0433\\u0438 \\u0441 \\u0430\\u043a\\u0446\\u0435\\u043d\\u0442\\u043e\\u043c \\u043d\\u0430 \\u043f\\u0440\\u0430\\u043a\\u0442\\u0438\\u0447\\u043d\\u043e\\u0441\\u0442\\u044c \\u0438 \\u0447\\u0435\\u0441\\u0442\\u043d\\u044b\\u0439 \\u043f\\u043e\\u0434\\u0445\\u043e\\u0434.\",\"url\":\"https:\\\/\\\/bunuri.md\\\/ro\\\/\",\"email\":\"bunuri.md@gmail.com\",\"telephone\":\"+37379512557\",\"foundingDate\":\"2006-09-27\",\"numberOfEmployees\":{\"@type\":\"QuantitativeValue\",\"minValue\":0,\"maxValue\":4},\"logo\":{\"@type\":\"ImageObject\",\"url\":\"https:\\\/\\\/bunuri.md\\\/wp-content\\\/uploads\\\/2022\\\/08\\\/logo-bunuri.png\",\"@id\":\"https:\\\/\\\/bunuri.md\\\/ro\\\/shop\\\/trimmer-pe-benzina-motocositoare-kamoto-kt43c-17-c-p\\\/#organizationLogo\",\"width\":250,\"height\":250},\"image\":{\"@id\":\"https:\\\/\\\/bunuri.md\\\/ro\\\/shop\\\/trimmer-pe-benzina-motocositoare-kamoto-kt43c-17-c-p\\\/#organizationLogo\"},\"sameAs\":[\"https:\\\/\\\/facebook.com\\\/https:\\\/\\\/www.facebook.com\\\/bunurimag\",\"https:\\\/\\\/x.com\\\/https:\\\/\\\/www.facebook.com\\\/bunurimag\",\"https:\\\/\\\/instagram.com\\\/https:\\\/\\\/www.facebook.com\\\/bunurimag\",\"https:\\\/\\\/pinterest.com\\\/https:\\\/\\\/www.facebook.com\\\/bunurimag\",\"https:\\\/\\\/youtube.com\\\/https:\\\/\\\/www.facebook.com\\\/bunurimag\",\"https:\\\/\\\/linkedin.com\\\/in\\\/https:\\\/\\\/www.facebook.com\\\/bunurimag\",\"https:\\\/\\\/soundcloud.com\\\/https:\\\/\\\/www.facebook.com\\\/bunurimag\"],\"address\":{\"@id\":\"https:\\\/\\\/bunuri.md\\\/ro\\\/#postaladdress\",\"@type\":\"PostalAddress\",\"streetAddress\":\"\\u0420. \\u041c\\u043e\\u043b\\u0434\\u043e\\u0432\\u0430, \\u0433. \\u0425\\u044b\\u043d\\u0447\\u0435\\u0448\\u0442\\u044b\",\"postalCode\":\"3401\",\"addressLocality\":\"\\u0425\\u044b\\u043d\\u0447\\u0435\\u0448\\u0442\\u044b\",\"addressRegion\":\"Moldova\",\"addressCountry\":\"MD\"}},{\"@type\":\"WebPage\",\"@id\":\"https:\\\/\\\/bunuri.md\\\/ro\\\/shop\\\/trimmer-pe-benzina-motocositoare-kamoto-kt43c-17-c-p\\\/#webpage\",\"url\":\"https:\\\/\\\/bunuri.md\\\/ro\\\/shop\\\/trimmer-pe-benzina-motocositoare-kamoto-kt43c-17-c-p\\\/\",\"name\":\"Trimmer pe benzin\\u0103, motocositoare Kamoto KT43C, 1,7 c. p.\",\"description\":\"Permite s\\u0103 efectua\\u021bi lucr\\u0103rile de tuns iarba, tunderea gazonului, t\\u0103ierea tufi\\u0219urilor, l\\u00e2ng\\u0103 numeroase obstacole, foarte eficient \\u0219i f\\u0103r\\u0103 prea mult efort.\",\"inLanguage\":\"ro-RO\",\"isPartOf\":{\"@id\":\"https:\\\/\\\/bunuri.md\\\/ro\\\/#website\"},\"breadcrumb\":{\"@id\":\"https:\\\/\\\/bunuri.md\\\/ro\\\/shop\\\/trimmer-pe-benzina-motocositoare-kamoto-kt43c-17-c-p\\\/#breadcrumblist\"},\"datePublished\":\"2024-05-12T22:12:45+03:00\",\"dateModified\":\"2024-05-12T22:42:57+03:00\"},{\"@type\":\"WebSite\",\"@id\":\"https:\\\/\\\/bunuri.md\\\/ro\\\/#website\",\"url\":\"https:\\\/\\\/bunuri.md\\\/ro\\\/\",\"name\":\"www.bunuri.md\",\"alternateName\":\"bunuri.md\",\"description\":\"Bunuri.md este un magazin online care livreaz\\u0103 \\u0219i comercializeaz\\u0103 o gam\\u0103 larg\\u0103 de m\\u0103rfuri de diverse categorii pe \\u00eentreg teritoriul Republicii Moldova.\",\"inLanguage\":\"ro-RO\",\"publisher\":{\"@id\":\"https:\\\/\\\/bunuri.md\\\/ro\\\/#organization\"}}]}\n\t\t<\/script>\n\t\t<!-- All in One SEO Pro -->\r\n\t\t<title>Trimmer pe benzin\u0103, motocositoare Kamoto KT43C, 1,7 c. p.<\/title>\n\n","aioseo_head_json":{"title":"Trimmer pe benzin\u0103, motocositoare Kamoto KT43C, 1,7 c. p.","description":"Permite s\u0103 efectua\u021bi lucr\u0103rile de tuns iarba, tunderea gazonului, t\u0103ierea tufi\u0219urilor, l\u00e2ng\u0103 numeroase obstacole, foarte eficient \u0219i f\u0103r\u0103 prea mult efort.","canonical_url":"https:\/\/bunuri.md\/ro\/shop\/trimmer-pe-benzina-motocositoare-kamoto-kt43c-17-c-p\/","robots":"max-image-preview:large","keywords":"","webmasterTools":{"miscellaneous":""},"schema":{"@context":"https:\/\/schema.org","@graph":[{"@type":"BreadcrumbList","@id":"https:\/\/bunuri.md\/ro\/shop\/trimmer-pe-benzina-motocositoare-kamoto-kt43c-17-c-p\/#breadcrumblist","itemListElement":[{"@type":"ListItem","@id":"https:\/\/bunuri.md\/ro\/#listItem","position":1,"name":"Home","item":"https:\/\/bunuri.md\/ro\/","nextItem":{"@type":"ListItem","@id":"https:\/\/bunuri.md\/ro\/shop-2\/#listItem","name":"Magazin"}},{"@type":"ListItem","@id":"https:\/\/bunuri.md\/ro\/shop-2\/#listItem","position":2,"name":"Magazin","item":"https:\/\/bunuri.md\/ro\/shop-2\/","nextItem":{"@type":"ListItem","@id":"https:\/\/bunuri.md\/product-category\/uncategorized\/#listItem","name":"\u0411\u0435\u0437 \u043a\u0430\u0442\u0435\u0433\u043e\u0440\u0438\u0438"},"previousItem":{"@type":"ListItem","@id":"https:\/\/bunuri.md\/ro\/#listItem","name":"Home"}},{"@type":"ListItem","@id":"https:\/\/bunuri.md\/product-category\/uncategorized\/#listItem","position":3,"name":"\u0411\u0435\u0437 \u043a\u0430\u0442\u0435\u0433\u043e\u0440\u0438\u0438","item":"https:\/\/bunuri.md\/product-category\/uncategorized\/","nextItem":{"@type":"ListItem","@id":"https:\/\/bunuri.md\/ro\/shop\/trimmer-pe-benzina-motocositoare-kamoto-kt43c-17-c-p\/#listItem","name":"Trimmer pe benzin\u0103, motocositoare Kamoto KT43C, 1,7 c. p."},"previousItem":{"@type":"ListItem","@id":"https:\/\/bunuri.md\/ro\/shop-2\/#listItem","name":"Magazin"}},{"@type":"ListItem","@id":"https:\/\/bunuri.md\/ro\/shop\/trimmer-pe-benzina-motocositoare-kamoto-kt43c-17-c-p\/#listItem","position":4,"name":"Trimmer pe benzin\u0103, motocositoare Kamoto KT43C, 1,7 c. p.","previousItem":{"@type":"ListItem","@id":"https:\/\/bunuri.md\/product-category\/uncategorized\/#listItem","name":"\u0411\u0435\u0437 \u043a\u0430\u0442\u0435\u0433\u043e\u0440\u0438\u0438"}}]},{"@type":"ItemPage","@id":"https:\/\/bunuri.md\/ro\/shop\/trimmer-pe-benzina-motocositoare-kamoto-kt43c-17-c-p\/#itempage","url":"https:\/\/bunuri.md\/ro\/shop\/trimmer-pe-benzina-motocositoare-kamoto-kt43c-17-c-p\/","name":"Trimmer pe benzin\u0103, motocositoare Kamoto KT43C, 1,7 c. p.","description":"Permite s\u0103 efectua\u021bi lucr\u0103rile de tuns iarba, tunderea gazonului, t\u0103ierea tufi\u0219urilor, l\u00e2ng\u0103 numeroase obstacole, foarte eficient \u0219i f\u0103r\u0103 prea mult efort.","inLanguage":"ro-RO","isPartOf":{"@id":"https:\/\/bunuri.md\/ro\/#website"},"breadcrumb":{"@id":"https:\/\/bunuri.md\/ro\/shop\/trimmer-pe-benzina-motocositoare-kamoto-kt43c-17-c-p\/#breadcrumblist"},"datePublished":"2024-05-12T22:12:45+03:00","dateModified":"2024-05-12T22:42:57+03:00"},{"@type":"Organization","@id":"https:\/\/bunuri.md\/ro\/#organization","name":"\u00centreprinderea Individual\u0103 \"Buldumac Aliona\"","description":"\u0418\u041f \u00ab\u0411\u0443\u043b\u0434\u0443\u043c\u0430\u043a \u0410\u043b\u0435\u043d\u0430\u00bb - \u044d\u0442\u043e \u043d\u0430\u0434\u0451\u0436\u043d\u044b\u0439 \u0438 \u043e\u0440\u0438\u0435\u043d\u0442\u0438\u0440\u043e\u0432\u0430\u043d\u043d\u044b\u0439 \u043d\u0430 \u043a\u043b\u0438\u0435\u043d\u0442\u0430 \u0431\u0438\u0437\u043d\u0435\u0441, \u043f\u0440\u0435\u0434\u043b\u0430\u0433\u0430\u044e\u0449\u0438\u0439 \u043a\u0430\u0447\u0435\u0441\u0442\u0432\u0435\u043d\u043d\u044b\u0435 \u0442\u043e\u0432\u0430\u0440\u044b, \u0443\u0441\u043b\u0443\u0433\u0438 \u0441 \u0430\u043a\u0446\u0435\u043d\u0442\u043e\u043c \u043d\u0430 \u043f\u0440\u0430\u043a\u0442\u0438\u0447\u043d\u043e\u0441\u0442\u044c \u0438 \u0447\u0435\u0441\u0442\u043d\u044b\u0439 \u043f\u043e\u0434\u0445\u043e\u0434.","url":"https:\/\/bunuri.md\/ro\/","email":"bunuri.md@gmail.com","telephone":"+37379512557","foundingDate":"2006-09-27","numberOfEmployees":{"@type":"QuantitativeValue","minValue":0,"maxValue":4},"logo":{"@type":"ImageObject","url":"https:\/\/bunuri.md\/wp-content\/uploads\/2022\/08\/logo-bunuri.png","@id":"https:\/\/bunuri.md\/ro\/shop\/trimmer-pe-benzina-motocositoare-kamoto-kt43c-17-c-p\/#organizationLogo","width":250,"height":250},"image":{"@id":"https:\/\/bunuri.md\/ro\/shop\/trimmer-pe-benzina-motocositoare-kamoto-kt43c-17-c-p\/#organizationLogo"},"sameAs":["https:\/\/facebook.com\/https:\/\/www.facebook.com\/bunurimag","https:\/\/x.com\/https:\/\/www.facebook.com\/bunurimag","https:\/\/instagram.com\/https:\/\/www.facebook.com\/bunurimag","https:\/\/pinterest.com\/https:\/\/www.facebook.com\/bunurimag","https:\/\/youtube.com\/https:\/\/www.facebook.com\/bunurimag","https:\/\/linkedin.com\/in\/https:\/\/www.facebook.com\/bunurimag","https:\/\/soundcloud.com\/https:\/\/www.facebook.com\/bunurimag"],"address":{"@id":"https:\/\/bunuri.md\/ro\/#postaladdress","@type":"PostalAddress","streetAddress":"\u0420. \u041c\u043e\u043b\u0434\u043e\u0432\u0430, \u0433. \u0425\u044b\u043d\u0447\u0435\u0448\u0442\u044b","postalCode":"3401","addressLocality":"\u0425\u044b\u043d\u0447\u0435\u0448\u0442\u044b","addressRegion":"Moldova","addressCountry":"MD"}},{"@type":"WebPage","@id":"https:\/\/bunuri.md\/ro\/shop\/trimmer-pe-benzina-motocositoare-kamoto-kt43c-17-c-p\/#webpage","url":"https:\/\/bunuri.md\/ro\/shop\/trimmer-pe-benzina-motocositoare-kamoto-kt43c-17-c-p\/","name":"Trimmer pe benzin\u0103, motocositoare Kamoto KT43C, 1,7 c. p.","description":"Permite s\u0103 efectua\u021bi lucr\u0103rile de tuns iarba, tunderea gazonului, t\u0103ierea tufi\u0219urilor, l\u00e2ng\u0103 numeroase obstacole, foarte eficient \u0219i f\u0103r\u0103 prea mult efort.","inLanguage":"ro-RO","isPartOf":{"@id":"https:\/\/bunuri.md\/ro\/#website"},"breadcrumb":{"@id":"https:\/\/bunuri.md\/ro\/shop\/trimmer-pe-benzina-motocositoare-kamoto-kt43c-17-c-p\/#breadcrumblist"},"datePublished":"2024-05-12T22:12:45+03:00","dateModified":"2024-05-12T22:42:57+03:00"},{"@type":"WebSite","@id":"https:\/\/bunuri.md\/ro\/#website","url":"https:\/\/bunuri.md\/ro\/","name":"www.bunuri.md","alternateName":"bunuri.md","description":"Bunuri.md este un magazin online care livreaz\u0103 \u0219i comercializeaz\u0103 o gam\u0103 larg\u0103 de m\u0103rfuri de diverse categorii pe \u00eentreg teritoriul Republicii Moldova.","inLanguage":"ro-RO","publisher":{"@id":"https:\/\/bunuri.md\/ro\/#organization"}}]},"og:locale":"ro_RO","og:site_name":"\u0418\u043d\u0442\u0435\u0440\u043d\u0435\u0442 \u043c\u0430\u0433\u0430\u0437\u0438\u043d \u041c\u043e\u043b\u0434\u043e\u0432\u0430 | Bunuri.md este un magazin online care livreaz\u0103 \u0219i comercializeaz\u0103 o gam\u0103 larg\u0103 de m\u0103rfuri de diverse categorii pe \u00eentreg teritoriul Republicii Moldova.","og:type":"article","og:title":"Trimmer pe benzin\u0103, motocositoare Kamoto KT43C, 1,7 c. p.","og:description":"Permite s\u0103 efectua\u021bi lucr\u0103rile de tuns iarba, tunderea gazonului, t\u0103ierea tufi\u0219urilor, l\u00e2ng\u0103 numeroase obstacole, foarte eficient \u0219i f\u0103r\u0103 prea mult efort.","og:url":"https:\/\/bunuri.md\/ro\/shop\/trimmer-pe-benzina-motocositoare-kamoto-kt43c-17-c-p\/","og:image":"https:\/\/bunuri.md\/wp-content\/uploads\/2022\/10\/logobu.png","og:image:secure_url":"https:\/\/bunuri.md\/wp-content\/uploads\/2022\/10\/logobu.png","og:image:width":200,"og:image:height":200,"article:published_time":"2024-05-12T19:26:44+00:00","article:modified_time":"2024-05-12T19:42:57+00:00","article:publisher":"https:\/\/facebook.com\/https:\/\/www.facebook.com\/bunurimag","twitter:card":"summary","twitter:site":"@https:","twitter:title":"Trimmer pe benzin\u0103, motocositoare Kamoto KT43C, 1,7 c. p.","twitter:description":"Permite s\u0103 efectua\u021bi lucr\u0103rile de tuns iarba, tunderea gazonului, t\u0103ierea tufi\u0219urilor, l\u00e2ng\u0103 numeroase obstacole, foarte eficient \u0219i f\u0103r\u0103 prea mult efort.","twitter:image":"https:\/\/bunuri.md\/wp-content\/uploads\/2022\/10\/logobu.png"},"aioseo_meta_data":{"post_id":"8749","title":"Trimmer pe benzin\u0103, motocositoare Kamoto KT43C, 1,7 c. p.","description":"Permite s\u0103 efectua\u021bi lucr\u0103rile de tuns iarba, tunderea gazonului, t\u0103ierea tufi\u0219urilor, l\u00e2ng\u0103 numeroase obstacole, foarte eficient \u0219i f\u0103r\u0103 prea mult efort.","keywords":null,"keyphrases":{"focus":{"keyphrase":"","score":0,"analysis":{"keyphraseInTitle":{"score":0,"maxScore":9,"error":1}}},"additional":[]},"primary_term":null,"canonical_url":null,"og_title":null,"og_description":null,"og_object_type":"default","og_image_type":"default","og_image_url":null,"og_image_width":null,"og_image_height":null,"og_image_custom_url":null,"og_image_custom_fields":null,"og_video":"","og_custom_url":null,"og_article_section":null,"og_article_tags":null,"twitter_use_og":false,"twitter_card":"default","twitter_image_type":"default","twitter_image_url":null,"twitter_image_custom_url":null,"twitter_image_custom_fields":null,"twitter_title":null,"twitter_description":null,"schema":{"blockGraphs":[],"customGraphs":[],"default":{"data":{"Article":[],"Course":[],"Dataset":[],"FAQPage":[],"Movie":[],"Person":[],"Product":[],"ProductReview":[],"Car":[],"Recipe":[],"Service":[],"SoftwareApplication":[],"WebPage":[]},"graphName":"ItemPage","isEnabled":true},"graphs":[]},"schema_type":"default","schema_type_options":null,"pillar_content":false,"robots_default":true,"robots_noindex":false,"robots_noarchive":false,"robots_nosnippet":false,"robots_nofollow":false,"robots_noimageindex":false,"robots_noodp":false,"robots_notranslate":false,"robots_max_snippet":"-1","robots_max_videopreview":"-1","robots_max_imagepreview":"large","priority":null,"frequency":"default","local_seo":null,"seo_analyzer_scan_date":null,"breadcrumb_settings":null,"limit_modified_date":false,"reviewed_by":null,"open_ai":"{\"title\":{\"suggestions\":[],\"usage\":0},\"description\":{\"suggestions\":[],\"usage\":0}}","ai":null,"created":"2024-05-12 19:24:23","updated":"2025-05-30 05:25:52"},"aioseo_breadcrumb":"<div class=\"aioseo-breadcrumbs\"><span class=\"aioseo-breadcrumb\">\n\t<a href=\"https:\/\/bunuri.md\/ro\/\" title=\"Home\">Home<\/a>\n<\/span><span class=\"aioseo-breadcrumb-separator\">\u00bb<\/span><span class=\"aioseo-breadcrumb\">\n\t<a href=\"https:\/\/bunuri.md\/ro\/shop-2\/\" title=\"Magazin\">Magazin<\/a>\n<\/span><span class=\"aioseo-breadcrumb-separator\">\u00bb<\/span><span class=\"aioseo-breadcrumb\">\n\t<a href=\"https:\/\/bunuri.md\/product-category\/uncategorized\/\" title=\"\u0411\u0435\u0437 \u043a\u0430\u0442\u0435\u0433\u043e\u0440\u0438\u0438\">\u0411\u0435\u0437 \u043a\u0430\u0442\u0435\u0433\u043e\u0440\u0438\u0438<\/a>\n<\/span><span class=\"aioseo-breadcrumb-separator\">\u00bb<\/span><span class=\"aioseo-breadcrumb\">\n\tTrimmer pe benzin\u0103, motocositoare Kamoto KT43C, 1,7 c. p.\n<\/span><\/div>","aioseo_breadcrumb_json":[{"label":"Home","link":"https:\/\/bunuri.md\/ro\/"},{"label":"Magazin","link":"https:\/\/bunuri.md\/ro\/shop-2\/"},{"label":"\u0411\u0435\u0437 \u043a\u0430\u0442\u0435\u0433\u043e\u0440\u0438\u0438","link":"https:\/\/bunuri.md\/product-category\/uncategorized\/"},{"label":"Trimmer pe benzin\u0103, motocositoare Kamoto KT43C, 1,7 c. p.","link":"https:\/\/bunuri.md\/ro\/shop\/trimmer-pe-benzina-motocositoare-kamoto-kt43c-17-c-p\/"}],"brands":[],"_links":{"self":[{"href":"https:\/\/bunuri.md\/ro\/wp-json\/wp\/v2\/product\/8749","targetHints":{"allow":["GET"]}}],"collection":[{"href":"https:\/\/bunuri.md\/ro\/wp-json\/wp\/v2\/product"}],"about":[{"href":"https:\/\/bunuri.md\/ro\/wp-json\/wp\/v2\/types\/product"}],"replies":[{"embeddable":true,"href":"https:\/\/bunuri.md\/ro\/wp-json\/wp\/v2\/comments?post=8749"}],"wp:attachment":[{"href":"https:\/\/bunuri.md\/ro\/wp-json\/wp\/v2\/media?parent=8749"}],"wp:term":[{"taxonomy":"pwb-brand","embeddable":true,"href":"https:\/\/bunuri.md\/ro\/wp-json\/wp\/v2\/pwb-brand?post=8749"},{"taxonomy":"product_brand","embeddable":true,"href":"https:\/\/bunuri.md\/ro\/wp-json\/wp\/v2\/product_brand?post=8749"},{"taxonomy":"product_cat","embeddable":true,"href":"https:\/\/bunuri.md\/ro\/wp-json\/wp\/v2\/product_cat?post=8749"},{"taxonomy":"product_tag","embeddable":true,"href":"https:\/\/bunuri.md\/ro\/wp-json\/wp\/v2\/product_tag?post=8749"}],"curies":[{"name":"wp","href":"https:\/\/api.w.org\/{rel}","templated":true}]}}