{"id":9245,"date":"2024-10-28T19:57:23","date_gmt":"2024-10-28T18:38:42","guid":{"rendered":"https:\/\/bunuri.md\/?post_type=product&#038;p=9245"},"modified":"2024-10-28T21:43:54","modified_gmt":"2024-10-28T18:43:54","slug":"9245","status":"publish","type":"product","link":"https:\/\/bunuri.md\/ro\/shop\/9245\/","title":{"rendered":"Arborele adaptor al frezei Z-6 ( 205 mm ) mini tractor."},"content":{"rendered":"<p><strong>Arborele de antrenare al cutiei de viteze adaptoare a frezei Z-6 (205 mm)<\/strong> a mini-tractorului este utilizat pentru a transmite mi\u0219carea de rota\u021bie de la arborele de ie\u0219ire al cutiei de viteze c\u0103tre alte mecanisme sau dispozitive. Reductorul, la r\u00e2ndul s\u0103u, modific\u0103 viteza de rota\u021bie a arborelui de ie\u0219ire fie pentru a cre\u0219te cuplul, fie pentru a reduce viteza de rota\u021bie. Arborele cutiei de viteze de tranzi\u021bie asigur\u0103 transmiterea mi\u0219c\u0103rii de rota\u021bie de la cutia de viteze la acele dispozitive care o necesit\u0103. Acest lucru v\u0103 permite s\u0103 regla\u021bi viteza \u0219i cuplul, asigur\u00e2ndu-v\u0103 c\u0103 func\u021bionarea acestor dispozitive \u00eendepline\u0219te cerin\u021bele de produc\u021bie.<a href=\"https:\/\/bunuri.md\/ro\/product-category\/piese-pentru-motoblocuri\/\"> Arborele de antrenare al unei cutii de viteze este o component\u0103 integral\u0103 a sistemelor mecanice care asigur\u0103 transmiterea eficient\u0103 a mi\u0219c\u0103rii de rota\u021bie de la un dispozitiv la altul.<\/a><\/p>\n<p><strong>Specificatii tehnice:<\/strong><\/p>\n<p>&#8211; Denumire: arbore de antrenare al cutiei de viteze de tranzi\u021bie.<br \/>\n&#8211; Unitate: cutie de viteze.<br \/>\n&#8211; Scop: pentru cutia de viteze a unui mini tractor 12-15 litri. Cu.<br \/>\n&#8211; Lungime arbore: 205 mm.<br \/>\n&#8211; Numar caneluri: 6 buc.<br \/>\n&#8211; Diametrul arborelui pentru ro\u021bi din\u021bate: 18 mm.<br \/>\n&#8211; Diametru rulment: 20 mm.<br \/>\n&#8211; Diametrul piesei canelare: 25 mm.<br \/>\n&#8211; Greutate:<\/p>\n","protected":false},"excerpt":{"rendered":"<p>Prin arborele de antrenare al a frezei a mini-tractorului, mi\u0219carea de rota\u021bie este transmis\u0103 de la arborele de ie\u0219ire al cutiei de viteze c\u0103tre alte mecanisme<\/p>\n","protected":false},"featured_media":9241,"comment_status":"closed","ping_status":"closed","template":"","meta":{"om_disable_all_campaigns":false,"_monsterinsights_skip_tracking":false,"_monsterinsights_sitenote_active":false,"_monsterinsights_sitenote_note":"","_monsterinsights_sitenote_category":0},"product_brand":[],"product_cat":[384],"product_tag":[],"class_list":{"0":"post-9245","1":"product","2":"type-product","3":"status-publish","4":"has-post-thumbnail","6":"product_cat-piese-pentru-motoblocuri","8":"first","9":"instock","10":"sale","11":"purchasable","12":"product-type-simple"},"aioseo_notices":[],"aioseo_head":"\n\t\t<!-- All in One SEO Pro 4.9.5.2 - aioseo.com -->\n\t<meta name=\"description\" content=\"Prin arborele de antrenare al a frezei a mini-tractorului, mi\u0219carea de rota\u021bie este transmis\u0103 de la arborele de ie\u0219ire al cutiei de viteze c\u0103tre alte mecanisme\" \/>\n\t<meta name=\"robots\" content=\"max-image-preview:large\" \/>\n\t<link rel=\"canonical\" href=\"https:\/\/bunuri.md\/ro\/shop\/9245\/\" \/>\n\t<meta name=\"generator\" content=\"All in One SEO Pro (AIOSEO) 4.9.5.2\" \/>\n\t\t<meta property=\"og:locale\" content=\"ro_RO\" \/>\n\t\t<meta property=\"og:site_name\" content=\"\u0418\u043d\u0442\u0435\u0440\u043d\u0435\u0442 \u043c\u0430\u0433\u0430\u0437\u0438\u043d \u041c\u043e\u043b\u0434\u043e\u0432\u0430 | Bunuri.md este un magazin online care livreaz\u0103 \u0219i comercializeaz\u0103 o gam\u0103 larg\u0103 de m\u0103rfuri de diverse categorii pe \u00eentreg teritoriul Republicii Moldova.\" \/>\n\t\t<meta property=\"og:type\" content=\"article\" \/>\n\t\t<meta property=\"og:title\" content=\"Arborele adaptor al frezei Z-6 ( 205 mm ) mini tractor.\" \/>\n\t\t<meta property=\"og:description\" content=\"Prin arborele de antrenare al a frezei a mini-tractorului, mi\u0219carea de rota\u021bie este transmis\u0103 de la arborele de ie\u0219ire al cutiei de viteze c\u0103tre alte mecanisme\" \/>\n\t\t<meta property=\"og:url\" content=\"https:\/\/bunuri.md\/ro\/shop\/9245\/\" \/>\n\t\t<meta property=\"og:image\" content=\"https:\/\/bunuri.md\/wp-content\/uploads\/2022\/10\/logobu.png\" \/>\n\t\t<meta property=\"og:image:secure_url\" content=\"https:\/\/bunuri.md\/wp-content\/uploads\/2022\/10\/logobu.png\" \/>\n\t\t<meta property=\"og:image:width\" content=\"200\" \/>\n\t\t<meta property=\"og:image:height\" content=\"200\" \/>\n\t\t<meta property=\"article:published_time\" content=\"2024-10-28T18:38:42+00:00\" \/>\n\t\t<meta property=\"article:modified_time\" content=\"2024-10-28T18:43:54+00:00\" \/>\n\t\t<meta property=\"article:publisher\" content=\"https:\/\/facebook.com\/https:\/\/www.facebook.com\/bunurimag\" \/>\n\t\t<meta name=\"twitter:card\" content=\"summary\" \/>\n\t\t<meta name=\"twitter:site\" content=\"@https:\" \/>\n\t\t<meta name=\"twitter:title\" content=\"Arborele adaptor al frezei Z-6 ( 205 mm ) mini tractor.\" \/>\n\t\t<meta name=\"twitter:description\" content=\"Prin arborele de antrenare al a frezei a mini-tractorului, mi\u0219carea de rota\u021bie este transmis\u0103 de la arborele de ie\u0219ire al cutiei de viteze c\u0103tre alte mecanisme\" \/>\n\t\t<meta name=\"twitter:image\" content=\"https:\/\/bunuri.md\/wp-content\/uploads\/2022\/10\/logobu.png\" \/>\n\t\t<script type=\"application\/ld+json\" class=\"aioseo-schema\">\n\t\t\t{\"@context\":\"https:\\\/\\\/schema.org\",\"@graph\":[{\"@type\":\"BreadcrumbList\",\"@id\":\"https:\\\/\\\/bunuri.md\\\/ro\\\/shop\\\/9245\\\/#breadcrumblist\",\"itemListElement\":[{\"@type\":\"ListItem\",\"@id\":\"https:\\\/\\\/bunuri.md\\\/ro\\\/#listItem\",\"position\":1,\"name\":\"Home\",\"item\":\"https:\\\/\\\/bunuri.md\\\/ro\\\/\",\"nextItem\":{\"@type\":\"ListItem\",\"@id\":\"https:\\\/\\\/bunuri.md\\\/ro\\\/shop-2\\\/#listItem\",\"name\":\"Magazin\"}},{\"@type\":\"ListItem\",\"@id\":\"https:\\\/\\\/bunuri.md\\\/ro\\\/shop-2\\\/#listItem\",\"position\":2,\"name\":\"Magazin\",\"item\":\"https:\\\/\\\/bunuri.md\\\/ro\\\/shop-2\\\/\",\"nextItem\":{\"@type\":\"ListItem\",\"@id\":\"https:\\\/\\\/bunuri.md\\\/ro\\\/product-category\\\/piese-pentru-motoblocuri\\\/#listItem\",\"name\":\"Piese de schimb pentru tractoare \\u0219i motoblocuri\"},\"previousItem\":{\"@type\":\"ListItem\",\"@id\":\"https:\\\/\\\/bunuri.md\\\/ro\\\/#listItem\",\"name\":\"Home\"}},{\"@type\":\"ListItem\",\"@id\":\"https:\\\/\\\/bunuri.md\\\/ro\\\/product-category\\\/piese-pentru-motoblocuri\\\/#listItem\",\"position\":3,\"name\":\"Piese de schimb pentru tractoare \\u0219i motoblocuri\",\"item\":\"https:\\\/\\\/bunuri.md\\\/ro\\\/product-category\\\/piese-pentru-motoblocuri\\\/\",\"nextItem\":{\"@type\":\"ListItem\",\"@id\":\"https:\\\/\\\/bunuri.md\\\/ro\\\/shop\\\/9245\\\/#listItem\",\"name\":\"Arborele adaptor al frezei Z-6 ( 205 mm ) mini tractor.\"},\"previousItem\":{\"@type\":\"ListItem\",\"@id\":\"https:\\\/\\\/bunuri.md\\\/ro\\\/shop-2\\\/#listItem\",\"name\":\"Magazin\"}},{\"@type\":\"ListItem\",\"@id\":\"https:\\\/\\\/bunuri.md\\\/ro\\\/shop\\\/9245\\\/#listItem\",\"position\":4,\"name\":\"Arborele adaptor al frezei Z-6 ( 205 mm ) mini tractor.\",\"previousItem\":{\"@type\":\"ListItem\",\"@id\":\"https:\\\/\\\/bunuri.md\\\/ro\\\/product-category\\\/piese-pentru-motoblocuri\\\/#listItem\",\"name\":\"Piese de schimb pentru tractoare \\u0219i motoblocuri\"}}]},{\"@type\":\"ItemPage\",\"@id\":\"https:\\\/\\\/bunuri.md\\\/ro\\\/shop\\\/9245\\\/#itempage\",\"url\":\"https:\\\/\\\/bunuri.md\\\/ro\\\/shop\\\/9245\\\/\",\"name\":\"Arborele adaptor al frezei Z-6 ( 205 mm ) mini tractor.\",\"description\":\"Prin arborele de antrenare al a frezei a mini-tractorului, mi\\u0219carea de rota\\u021bie este transmis\\u0103 de la arborele de ie\\u0219ire al cutiei de viteze c\\u0103tre alte mecanisme\",\"inLanguage\":\"ro-RO\",\"isPartOf\":{\"@id\":\"https:\\\/\\\/bunuri.md\\\/ro\\\/#website\"},\"breadcrumb\":{\"@id\":\"https:\\\/\\\/bunuri.md\\\/ro\\\/shop\\\/9245\\\/#breadcrumblist\"},\"image\":{\"@type\":\"ImageObject\",\"url\":\"https:\\\/\\\/bunuri.md\\\/wp-content\\\/uploads\\\/2024\\\/10\\\/Arborele_de_antrenare_205_\\u043c\\u043c.png\",\"@id\":\"https:\\\/\\\/bunuri.md\\\/ro\\\/shop\\\/9245\\\/#mainImage\",\"width\":509,\"height\":490,\"caption\":\"Arborele_de_antrenare_205_\\u043c\\u043c\"},\"primaryImageOfPage\":{\"@id\":\"https:\\\/\\\/bunuri.md\\\/ro\\\/shop\\\/9245\\\/#mainImage\"},\"datePublished\":\"2024-10-28T19:57:23+03:00\",\"dateModified\":\"2024-10-28T21:43:54+03:00\"},{\"@type\":\"Organization\",\"@id\":\"https:\\\/\\\/bunuri.md\\\/ro\\\/#organization\",\"name\":\"\\u00centreprinderea Individual\\u0103 \\\"Buldumac Aliona\\\"\",\"description\":\"\\u0418\\u041f \\u00ab\\u0411\\u0443\\u043b\\u0434\\u0443\\u043c\\u0430\\u043a \\u0410\\u043b\\u0435\\u043d\\u0430\\u00bb - \\u044d\\u0442\\u043e \\u043d\\u0430\\u0434\\u0451\\u0436\\u043d\\u044b\\u0439 \\u0438 \\u043e\\u0440\\u0438\\u0435\\u043d\\u0442\\u0438\\u0440\\u043e\\u0432\\u0430\\u043d\\u043d\\u044b\\u0439 \\u043d\\u0430 \\u043a\\u043b\\u0438\\u0435\\u043d\\u0442\\u0430 \\u0431\\u0438\\u0437\\u043d\\u0435\\u0441, \\u043f\\u0440\\u0435\\u0434\\u043b\\u0430\\u0433\\u0430\\u044e\\u0449\\u0438\\u0439 \\u043a\\u0430\\u0447\\u0435\\u0441\\u0442\\u0432\\u0435\\u043d\\u043d\\u044b\\u0435 \\u0442\\u043e\\u0432\\u0430\\u0440\\u044b, \\u0443\\u0441\\u043b\\u0443\\u0433\\u0438 \\u0441 \\u0430\\u043a\\u0446\\u0435\\u043d\\u0442\\u043e\\u043c \\u043d\\u0430 \\u043f\\u0440\\u0430\\u043a\\u0442\\u0438\\u0447\\u043d\\u043e\\u0441\\u0442\\u044c \\u0438 \\u0447\\u0435\\u0441\\u0442\\u043d\\u044b\\u0439 \\u043f\\u043e\\u0434\\u0445\\u043e\\u0434.\",\"url\":\"https:\\\/\\\/bunuri.md\\\/ro\\\/\",\"email\":\"bunuri.md@gmail.com\",\"telephone\":\"+37379512557\",\"foundingDate\":\"2006-09-27\",\"numberOfEmployees\":{\"@type\":\"QuantitativeValue\",\"minValue\":0,\"maxValue\":4},\"logo\":{\"@type\":\"ImageObject\",\"url\":\"https:\\\/\\\/bunuri.md\\\/wp-content\\\/uploads\\\/2022\\\/08\\\/logo-bunuri.png\",\"@id\":\"https:\\\/\\\/bunuri.md\\\/ro\\\/shop\\\/9245\\\/#organizationLogo\",\"width\":250,\"height\":250},\"image\":{\"@id\":\"https:\\\/\\\/bunuri.md\\\/ro\\\/shop\\\/9245\\\/#organizationLogo\"},\"sameAs\":[\"https:\\\/\\\/facebook.com\\\/https:\\\/\\\/www.facebook.com\\\/bunurimag\",\"https:\\\/\\\/x.com\\\/https:\\\/\\\/www.facebook.com\\\/bunurimag\",\"https:\\\/\\\/instagram.com\\\/https:\\\/\\\/www.facebook.com\\\/bunurimag\",\"https:\\\/\\\/pinterest.com\\\/https:\\\/\\\/www.facebook.com\\\/bunurimag\",\"https:\\\/\\\/youtube.com\\\/https:\\\/\\\/www.facebook.com\\\/bunurimag\",\"https:\\\/\\\/linkedin.com\\\/in\\\/https:\\\/\\\/www.facebook.com\\\/bunurimag\",\"https:\\\/\\\/soundcloud.com\\\/https:\\\/\\\/www.facebook.com\\\/bunurimag\"],\"address\":{\"@id\":\"https:\\\/\\\/bunuri.md\\\/ro\\\/#postaladdress\",\"@type\":\"PostalAddress\",\"streetAddress\":\"\\u0420. \\u041c\\u043e\\u043b\\u0434\\u043e\\u0432\\u0430, \\u0433. \\u0425\\u044b\\u043d\\u0447\\u0435\\u0448\\u0442\\u044b\",\"postalCode\":\"3401\",\"addressLocality\":\"\\u0425\\u044b\\u043d\\u0447\\u0435\\u0448\\u0442\\u044b\",\"addressRegion\":\"Moldova\",\"addressCountry\":\"MD\"}},{\"@type\":\"WebPage\",\"@id\":\"https:\\\/\\\/bunuri.md\\\/ro\\\/shop\\\/9245\\\/#webpage\",\"url\":\"https:\\\/\\\/bunuri.md\\\/ro\\\/shop\\\/9245\\\/\",\"name\":\"Arborele adaptor al frezei Z-6 ( 205 mm ) mini tractor.\",\"description\":\"Prin arborele de antrenare al a frezei a mini-tractorului, mi\\u0219carea de rota\\u021bie este transmis\\u0103 de la arborele de ie\\u0219ire al cutiei de viteze c\\u0103tre alte mecanisme\",\"inLanguage\":\"ro-RO\",\"isPartOf\":{\"@id\":\"https:\\\/\\\/bunuri.md\\\/ro\\\/#website\"},\"breadcrumb\":{\"@id\":\"https:\\\/\\\/bunuri.md\\\/ro\\\/shop\\\/9245\\\/#breadcrumblist\"},\"image\":{\"@type\":\"ImageObject\",\"url\":\"https:\\\/\\\/bunuri.md\\\/wp-content\\\/uploads\\\/2024\\\/10\\\/Arborele_de_antrenare_205_\\u043c\\u043c.png\",\"@id\":\"https:\\\/\\\/bunuri.md\\\/ro\\\/shop\\\/9245\\\/#mainImage\",\"width\":509,\"height\":490,\"caption\":\"Arborele_de_antrenare_205_\\u043c\\u043c\"},\"primaryImageOfPage\":{\"@id\":\"https:\\\/\\\/bunuri.md\\\/ro\\\/shop\\\/9245\\\/#mainImage\"},\"datePublished\":\"2024-10-28T19:57:23+03:00\",\"dateModified\":\"2024-10-28T21:43:54+03:00\"},{\"@type\":\"WebSite\",\"@id\":\"https:\\\/\\\/bunuri.md\\\/ro\\\/#website\",\"url\":\"https:\\\/\\\/bunuri.md\\\/ro\\\/\",\"name\":\"www.bunuri.md\",\"alternateName\":\"bunuri.md\",\"description\":\"Bunuri.md este un magazin online care livreaz\\u0103 \\u0219i comercializeaz\\u0103 o gam\\u0103 larg\\u0103 de m\\u0103rfuri de diverse categorii pe \\u00eentreg teritoriul Republicii Moldova.\",\"inLanguage\":\"ro-RO\",\"publisher\":{\"@id\":\"https:\\\/\\\/bunuri.md\\\/ro\\\/#organization\"}}]}\n\t\t<\/script>\n\t\t<!-- All in One SEO Pro -->\r\n\t\t<title>Arborele adaptor al frezei Z-6 ( 205 mm ) mini tractor.<\/title>\n\n","aioseo_head_json":{"title":"Arborele adaptor al frezei Z-6 ( 205 mm ) mini tractor.","description":"Prin arborele de antrenare al a frezei a mini-tractorului, mi\u0219carea de rota\u021bie este transmis\u0103 de la arborele de ie\u0219ire al cutiei de viteze c\u0103tre alte mecanisme","canonical_url":"https:\/\/bunuri.md\/ro\/shop\/9245\/","robots":"max-image-preview:large","keywords":"","webmasterTools":{"miscellaneous":""},"schema":{"@context":"https:\/\/schema.org","@graph":[{"@type":"BreadcrumbList","@id":"https:\/\/bunuri.md\/ro\/shop\/9245\/#breadcrumblist","itemListElement":[{"@type":"ListItem","@id":"https:\/\/bunuri.md\/ro\/#listItem","position":1,"name":"Home","item":"https:\/\/bunuri.md\/ro\/","nextItem":{"@type":"ListItem","@id":"https:\/\/bunuri.md\/ro\/shop-2\/#listItem","name":"Magazin"}},{"@type":"ListItem","@id":"https:\/\/bunuri.md\/ro\/shop-2\/#listItem","position":2,"name":"Magazin","item":"https:\/\/bunuri.md\/ro\/shop-2\/","nextItem":{"@type":"ListItem","@id":"https:\/\/bunuri.md\/ro\/product-category\/piese-pentru-motoblocuri\/#listItem","name":"Piese de schimb pentru tractoare \u0219i motoblocuri"},"previousItem":{"@type":"ListItem","@id":"https:\/\/bunuri.md\/ro\/#listItem","name":"Home"}},{"@type":"ListItem","@id":"https:\/\/bunuri.md\/ro\/product-category\/piese-pentru-motoblocuri\/#listItem","position":3,"name":"Piese de schimb pentru tractoare \u0219i motoblocuri","item":"https:\/\/bunuri.md\/ro\/product-category\/piese-pentru-motoblocuri\/","nextItem":{"@type":"ListItem","@id":"https:\/\/bunuri.md\/ro\/shop\/9245\/#listItem","name":"Arborele adaptor al frezei Z-6 ( 205 mm ) mini tractor."},"previousItem":{"@type":"ListItem","@id":"https:\/\/bunuri.md\/ro\/shop-2\/#listItem","name":"Magazin"}},{"@type":"ListItem","@id":"https:\/\/bunuri.md\/ro\/shop\/9245\/#listItem","position":4,"name":"Arborele adaptor al frezei Z-6 ( 205 mm ) mini tractor.","previousItem":{"@type":"ListItem","@id":"https:\/\/bunuri.md\/ro\/product-category\/piese-pentru-motoblocuri\/#listItem","name":"Piese de schimb pentru tractoare \u0219i motoblocuri"}}]},{"@type":"ItemPage","@id":"https:\/\/bunuri.md\/ro\/shop\/9245\/#itempage","url":"https:\/\/bunuri.md\/ro\/shop\/9245\/","name":"Arborele adaptor al frezei Z-6 ( 205 mm ) mini tractor.","description":"Prin arborele de antrenare al a frezei a mini-tractorului, mi\u0219carea de rota\u021bie este transmis\u0103 de la arborele de ie\u0219ire al cutiei de viteze c\u0103tre alte mecanisme","inLanguage":"ro-RO","isPartOf":{"@id":"https:\/\/bunuri.md\/ro\/#website"},"breadcrumb":{"@id":"https:\/\/bunuri.md\/ro\/shop\/9245\/#breadcrumblist"},"image":{"@type":"ImageObject","url":"https:\/\/bunuri.md\/wp-content\/uploads\/2024\/10\/Arborele_de_antrenare_205_\u043c\u043c.png","@id":"https:\/\/bunuri.md\/ro\/shop\/9245\/#mainImage","width":509,"height":490,"caption":"Arborele_de_antrenare_205_\u043c\u043c"},"primaryImageOfPage":{"@id":"https:\/\/bunuri.md\/ro\/shop\/9245\/#mainImage"},"datePublished":"2024-10-28T19:57:23+03:00","dateModified":"2024-10-28T21:43:54+03:00"},{"@type":"Organization","@id":"https:\/\/bunuri.md\/ro\/#organization","name":"\u00centreprinderea Individual\u0103 \"Buldumac Aliona\"","description":"\u0418\u041f \u00ab\u0411\u0443\u043b\u0434\u0443\u043c\u0430\u043a \u0410\u043b\u0435\u043d\u0430\u00bb - \u044d\u0442\u043e \u043d\u0430\u0434\u0451\u0436\u043d\u044b\u0439 \u0438 \u043e\u0440\u0438\u0435\u043d\u0442\u0438\u0440\u043e\u0432\u0430\u043d\u043d\u044b\u0439 \u043d\u0430 \u043a\u043b\u0438\u0435\u043d\u0442\u0430 \u0431\u0438\u0437\u043d\u0435\u0441, \u043f\u0440\u0435\u0434\u043b\u0430\u0433\u0430\u044e\u0449\u0438\u0439 \u043a\u0430\u0447\u0435\u0441\u0442\u0432\u0435\u043d\u043d\u044b\u0435 \u0442\u043e\u0432\u0430\u0440\u044b, \u0443\u0441\u043b\u0443\u0433\u0438 \u0441 \u0430\u043a\u0446\u0435\u043d\u0442\u043e\u043c \u043d\u0430 \u043f\u0440\u0430\u043a\u0442\u0438\u0447\u043d\u043e\u0441\u0442\u044c \u0438 \u0447\u0435\u0441\u0442\u043d\u044b\u0439 \u043f\u043e\u0434\u0445\u043e\u0434.","url":"https:\/\/bunuri.md\/ro\/","email":"bunuri.md@gmail.com","telephone":"+37379512557","foundingDate":"2006-09-27","numberOfEmployees":{"@type":"QuantitativeValue","minValue":0,"maxValue":4},"logo":{"@type":"ImageObject","url":"https:\/\/bunuri.md\/wp-content\/uploads\/2022\/08\/logo-bunuri.png","@id":"https:\/\/bunuri.md\/ro\/shop\/9245\/#organizationLogo","width":250,"height":250},"image":{"@id":"https:\/\/bunuri.md\/ro\/shop\/9245\/#organizationLogo"},"sameAs":["https:\/\/facebook.com\/https:\/\/www.facebook.com\/bunurimag","https:\/\/x.com\/https:\/\/www.facebook.com\/bunurimag","https:\/\/instagram.com\/https:\/\/www.facebook.com\/bunurimag","https:\/\/pinterest.com\/https:\/\/www.facebook.com\/bunurimag","https:\/\/youtube.com\/https:\/\/www.facebook.com\/bunurimag","https:\/\/linkedin.com\/in\/https:\/\/www.facebook.com\/bunurimag","https:\/\/soundcloud.com\/https:\/\/www.facebook.com\/bunurimag"],"address":{"@id":"https:\/\/bunuri.md\/ro\/#postaladdress","@type":"PostalAddress","streetAddress":"\u0420. \u041c\u043e\u043b\u0434\u043e\u0432\u0430, \u0433. \u0425\u044b\u043d\u0447\u0435\u0448\u0442\u044b","postalCode":"3401","addressLocality":"\u0425\u044b\u043d\u0447\u0435\u0448\u0442\u044b","addressRegion":"Moldova","addressCountry":"MD"}},{"@type":"WebPage","@id":"https:\/\/bunuri.md\/ro\/shop\/9245\/#webpage","url":"https:\/\/bunuri.md\/ro\/shop\/9245\/","name":"Arborele adaptor al frezei Z-6 ( 205 mm ) mini tractor.","description":"Prin arborele de antrenare al a frezei a mini-tractorului, mi\u0219carea de rota\u021bie este transmis\u0103 de la arborele de ie\u0219ire al cutiei de viteze c\u0103tre alte mecanisme","inLanguage":"ro-RO","isPartOf":{"@id":"https:\/\/bunuri.md\/ro\/#website"},"breadcrumb":{"@id":"https:\/\/bunuri.md\/ro\/shop\/9245\/#breadcrumblist"},"image":{"@type":"ImageObject","url":"https:\/\/bunuri.md\/wp-content\/uploads\/2024\/10\/Arborele_de_antrenare_205_\u043c\u043c.png","@id":"https:\/\/bunuri.md\/ro\/shop\/9245\/#mainImage","width":509,"height":490,"caption":"Arborele_de_antrenare_205_\u043c\u043c"},"primaryImageOfPage":{"@id":"https:\/\/bunuri.md\/ro\/shop\/9245\/#mainImage"},"datePublished":"2024-10-28T19:57:23+03:00","dateModified":"2024-10-28T21:43:54+03:00"},{"@type":"WebSite","@id":"https:\/\/bunuri.md\/ro\/#website","url":"https:\/\/bunuri.md\/ro\/","name":"www.bunuri.md","alternateName":"bunuri.md","description":"Bunuri.md este un magazin online care livreaz\u0103 \u0219i comercializeaz\u0103 o gam\u0103 larg\u0103 de m\u0103rfuri de diverse categorii pe \u00eentreg teritoriul Republicii Moldova.","inLanguage":"ro-RO","publisher":{"@id":"https:\/\/bunuri.md\/ro\/#organization"}}]},"og:locale":"ro_RO","og:site_name":"\u0418\u043d\u0442\u0435\u0440\u043d\u0435\u0442 \u043c\u0430\u0433\u0430\u0437\u0438\u043d \u041c\u043e\u043b\u0434\u043e\u0432\u0430 | Bunuri.md este un magazin online care livreaz\u0103 \u0219i comercializeaz\u0103 o gam\u0103 larg\u0103 de m\u0103rfuri de diverse categorii pe \u00eentreg teritoriul Republicii Moldova.","og:type":"article","og:title":"Arborele adaptor al frezei Z-6 ( 205 mm ) mini tractor.","og:description":"Prin arborele de antrenare al a frezei a mini-tractorului, mi\u0219carea de rota\u021bie este transmis\u0103 de la arborele de ie\u0219ire al cutiei de viteze c\u0103tre alte mecanisme","og:url":"https:\/\/bunuri.md\/ro\/shop\/9245\/","og:image":"https:\/\/bunuri.md\/wp-content\/uploads\/2022\/10\/logobu.png","og:image:secure_url":"https:\/\/bunuri.md\/wp-content\/uploads\/2022\/10\/logobu.png","og:image:width":200,"og:image:height":200,"article:published_time":"2024-10-28T18:38:42+00:00","article:modified_time":"2024-10-28T18:43:54+00:00","article:publisher":"https:\/\/facebook.com\/https:\/\/www.facebook.com\/bunurimag","twitter:card":"summary","twitter:site":"@https:","twitter:title":"Arborele adaptor al frezei Z-6 ( 205 mm ) mini tractor.","twitter:description":"Prin arborele de antrenare al a frezei a mini-tractorului, mi\u0219carea de rota\u021bie este transmis\u0103 de la arborele de ie\u0219ire al cutiei de viteze c\u0103tre alte mecanisme","twitter:image":"https:\/\/bunuri.md\/wp-content\/uploads\/2022\/10\/logobu.png"},"aioseo_meta_data":{"post_id":"9245","title":"Arborele adaptor al frezei Z-6 ( 205 mm ) mini tractor.","description":"Prin arborele de antrenare al a frezei a mini-tractorului, mi\u0219carea de rota\u021bie este transmis\u0103 de la arborele de ie\u0219ire al cutiei de viteze c\u0103tre alte mecanisme","keywords":null,"keyphrases":{"focus":{"keyphrase":"","score":0,"analysis":{"keyphraseInTitle":{"score":0,"maxScore":9,"error":1}}},"additional":[]},"primary_term":null,"canonical_url":null,"og_title":null,"og_description":null,"og_object_type":"default","og_image_type":"default","og_image_url":null,"og_image_width":null,"og_image_height":null,"og_image_custom_url":null,"og_image_custom_fields":null,"og_video":"","og_custom_url":null,"og_article_section":null,"og_article_tags":null,"twitter_use_og":false,"twitter_card":"default","twitter_image_type":"default","twitter_image_url":null,"twitter_image_custom_url":null,"twitter_image_custom_fields":null,"twitter_title":null,"twitter_description":null,"schema":{"blockGraphs":[],"customGraphs":[],"default":{"data":{"Article":[],"Course":[],"Dataset":[],"FAQPage":[],"Movie":[],"Person":[],"Product":[],"ProductReview":[],"Car":[],"Recipe":[],"Service":[],"SoftwareApplication":[],"WebPage":[]},"graphName":"ItemPage","isEnabled":true},"graphs":[]},"schema_type":"default","schema_type_options":null,"pillar_content":false,"robots_default":true,"robots_noindex":false,"robots_noarchive":false,"robots_nosnippet":false,"robots_nofollow":false,"robots_noimageindex":false,"robots_noodp":false,"robots_notranslate":false,"robots_max_snippet":"-1","robots_max_videopreview":"-1","robots_max_imagepreview":"large","priority":null,"frequency":"default","local_seo":null,"seo_analyzer_scan_date":null,"breadcrumb_settings":null,"limit_modified_date":false,"reviewed_by":null,"open_ai":"{\"title\":{\"suggestions\":[],\"usage\":0},\"description\":{\"suggestions\":[],\"usage\":0}}","ai":null,"created":"2024-10-28 18:37:30","updated":"2025-05-30 05:34:15"},"aioseo_breadcrumb":"<div class=\"aioseo-breadcrumbs\"><span class=\"aioseo-breadcrumb\">\n\t<a href=\"https:\/\/bunuri.md\/ro\/\" title=\"Home\">Home<\/a>\n<\/span><span class=\"aioseo-breadcrumb-separator\">\u00bb<\/span><span class=\"aioseo-breadcrumb\">\n\t<a href=\"https:\/\/bunuri.md\/ro\/shop-2\/\" title=\"Magazin\">Magazin<\/a>\n<\/span><span class=\"aioseo-breadcrumb-separator\">\u00bb<\/span><span class=\"aioseo-breadcrumb\">\n\t<a href=\"https:\/\/bunuri.md\/ro\/product-category\/piese-pentru-motoblocuri\/\" title=\"Piese de schimb pentru tractoare \u0219i motoblocuri\">Piese de schimb pentru tractoare \u0219i motoblocuri<\/a>\n<\/span><span class=\"aioseo-breadcrumb-separator\">\u00bb<\/span><span class=\"aioseo-breadcrumb\">\n\tArborele adaptor al frezei Z-6 ( 205 mm ) mini tractor.\n<\/span><\/div>","aioseo_breadcrumb_json":[{"label":"Home","link":"https:\/\/bunuri.md\/ro\/"},{"label":"Magazin","link":"https:\/\/bunuri.md\/ro\/shop-2\/"},{"label":"Piese de schimb pentru tractoare \u0219i motoblocuri","link":"https:\/\/bunuri.md\/ro\/product-category\/piese-pentru-motoblocuri\/"},{"label":"Arborele adaptor al frezei Z-6 ( 205 mm ) mini tractor.","link":"https:\/\/bunuri.md\/ro\/shop\/9245\/"}],"_links":{"self":[{"href":"https:\/\/bunuri.md\/ro\/wp-json\/wp\/v2\/product\/9245","targetHints":{"allow":["GET"]}}],"collection":[{"href":"https:\/\/bunuri.md\/ro\/wp-json\/wp\/v2\/product"}],"about":[{"href":"https:\/\/bunuri.md\/ro\/wp-json\/wp\/v2\/types\/product"}],"replies":[{"embeddable":true,"href":"https:\/\/bunuri.md\/ro\/wp-json\/wp\/v2\/comments?post=9245"}],"wp:featuredmedia":[{"embeddable":true,"href":"https:\/\/bunuri.md\/ro\/wp-json\/wp\/v2\/media\/9241"}],"wp:attachment":[{"href":"https:\/\/bunuri.md\/ro\/wp-json\/wp\/v2\/media?parent=9245"}],"wp:term":[{"taxonomy":"product_brand","embeddable":true,"href":"https:\/\/bunuri.md\/ro\/wp-json\/wp\/v2\/product_brand?post=9245"},{"taxonomy":"product_cat","embeddable":true,"href":"https:\/\/bunuri.md\/ro\/wp-json\/wp\/v2\/product_cat?post=9245"},{"taxonomy":"product_tag","embeddable":true,"href":"https:\/\/bunuri.md\/ro\/wp-json\/wp\/v2\/product_tag?post=9245"}],"curies":[{"name":"wp","href":"https:\/\/api.w.org\/{rel}","templated":true}]}}