{"id":9389,"date":"2024-12-08T11:58:12","date_gmt":"2024-12-08T09:50:40","guid":{"rendered":"https:\/\/bunuri.md\/?post_type=product&#038;p=9389"},"modified":"2024-12-08T12:55:04","modified_gmt":"2024-12-08T09:55:04","slug":"ferestrau-cu-lant-rotor-model-cs5200a-original","status":"publish","type":"product","link":"https:\/\/bunuri.md\/ro\/shop\/ferestrau-cu-lant-rotor-model-cs5200a-original\/","title":{"rendered":"Ferestrau cu lant ROTOR, model CS5200A (original)"},"content":{"rendered":"<p><strong>Fer\u0103str\u0103u cu lan\u021b ROTOR, model CS5200A (original)<\/strong> &#8211;<a href=\"https:\/\/bunuri.md\/ro\/product-category\/piese-de-schimb-pentru-ferastraie-cu-lant\/\"> conceput pentru a roti un lan\u021b special cu din\u021bi instala\u021bi deasupra barei de ghidare, antrenat de un motor cu ardere intern\u0103.<\/a><br \/>\nFer\u0103str\u0103ile cu lan\u021b sunt folosite \u00een mod activ de t\u0103ietorii de lemne atunci c\u00e2nd t\u0103ia\u021bi copaci, t\u0103ia\u021bi ramurile, cur\u0103\u021barea resturilor de p\u0103dure, t\u0103ierea betonului \u0219i, de asemenea, ghea\u021b\u0103 atunci c\u00e2nd creeaz\u0103 sculpturi de ghea\u021b\u0103 sau g\u0103uri de ghea\u021b\u0103.<\/p>\n<p><strong>Specificatii tehnice:<\/strong><\/p>\n<p>&#8211; Tip motor: \u00een doi timpi, monocilindru.<br \/>\n&#8211; Lungimea anvelopei: 45 cm.<br \/>\n&#8211; Pasul lan\u021bului: 0,325&#8243;.<br \/>\n&#8211; R\u0103cire: aer.<br \/>\n&#8211; Putere: 3,3 kW.<br \/>\n&#8211; Capacitate motor: 52 cmc.<br \/>\n&#8211; Raport: benzin\u0103\/ulei \u00een 2 timpi: 25:1.<br \/>\n&#8211; Capacitate rezervor combustibil: 550 ml.<br \/>\n&#8211; Capacitate rezervor ulei: 260 ml.<\/p>\n","protected":false},"excerpt":{"rendered":"<p>Destinat pentru a roti un lan\u021b special cu din\u021bi monta\u021bi deasupra barei de ghidare, ac\u021bionat de un motor cu ardere intern\u0103.<\/p>\n","protected":false},"featured_media":9387,"comment_status":"closed","ping_status":"closed","template":"","meta":{"om_disable_all_campaigns":false},"pwb-brand":[],"product_brand":[],"product_cat":[442],"product_tag":[],"class_list":{"0":"post-9389","1":"product","2":"type-product","3":"status-publish","4":"has-post-thumbnail","6":"product_cat-fierestrau-cu-lant","8":"first","9":"instock","10":"sale","11":"purchasable","12":"product-type-simple"},"aioseo_notices":[],"aioseo_head":"\n\t\t<!-- All in One SEO Pro 4.9.7.1 - aioseo.com -->\n\t<meta name=\"description\" content=\"Destinat pentru a roti un lan\u021b special cu din\u021bi monta\u021bi deasupra barei de ghidare, ac\u021bionat de un motor cu ardere intern\u0103.\" \/>\n\t<meta name=\"robots\" content=\"max-image-preview:large\" \/>\n\t<link rel=\"canonical\" href=\"https:\/\/bunuri.md\/ro\/shop\/ferestrau-cu-lant-rotor-model-cs5200a-original\/\" \/>\n\t<meta name=\"generator\" content=\"All in One SEO Pro (AIOSEO) 4.9.7.1\" \/>\n\t\t<meta property=\"og:locale\" content=\"ro_RO\" \/>\n\t\t<meta property=\"og:site_name\" content=\"\u0418\u043d\u0442\u0435\u0440\u043d\u0435\u0442 \u043c\u0430\u0433\u0430\u0437\u0438\u043d \u041c\u043e\u043b\u0434\u043e\u0432\u0430 | Bunuri.md este un magazin online care livreaz\u0103 \u0219i comercializeaz\u0103 o gam\u0103 larg\u0103 de m\u0103rfuri de diverse categorii pe \u00eentreg teritoriul Republicii Moldova.\" \/>\n\t\t<meta property=\"og:type\" content=\"article\" \/>\n\t\t<meta property=\"og:title\" content=\"Ferestrau cu lant ROTOR, model CS5200A (original)\" \/>\n\t\t<meta property=\"og:description\" content=\"Destinat pentru a roti un lan\u021b special cu din\u021bi monta\u021bi deasupra barei de ghidare, ac\u021bionat de un motor cu ardere intern\u0103.\" \/>\n\t\t<meta property=\"og:url\" content=\"https:\/\/bunuri.md\/ro\/shop\/ferestrau-cu-lant-rotor-model-cs5200a-original\/\" \/>\n\t\t<meta property=\"og:image\" content=\"https:\/\/bunuri.md\/wp-content\/uploads\/2022\/10\/logobu.png\" \/>\n\t\t<meta property=\"og:image:secure_url\" content=\"https:\/\/bunuri.md\/wp-content\/uploads\/2022\/10\/logobu.png\" \/>\n\t\t<meta property=\"og:image:width\" content=\"200\" \/>\n\t\t<meta property=\"og:image:height\" content=\"200\" \/>\n\t\t<meta property=\"article:published_time\" content=\"2024-12-08T09:50:40+00:00\" \/>\n\t\t<meta property=\"article:modified_time\" content=\"2024-12-08T09:55:04+00:00\" \/>\n\t\t<meta property=\"article:publisher\" content=\"https:\/\/facebook.com\/https:\/\/www.facebook.com\/bunurimag\" \/>\n\t\t<meta name=\"twitter:card\" content=\"summary\" \/>\n\t\t<meta name=\"twitter:site\" content=\"@https:\" \/>\n\t\t<meta name=\"twitter:title\" content=\"Ferestrau cu lant ROTOR, model CS5200A (original)\" \/>\n\t\t<meta name=\"twitter:description\" content=\"Destinat pentru a roti un lan\u021b special cu din\u021bi monta\u021bi deasupra barei de ghidare, ac\u021bionat de un motor cu ardere intern\u0103.\" \/>\n\t\t<meta name=\"twitter:image\" content=\"https:\/\/bunuri.md\/wp-content\/uploads\/2022\/10\/logobu.png\" \/>\n\t\t<script type=\"application\/ld+json\" class=\"aioseo-schema\">\n\t\t\t{\"@context\":\"https:\\\/\\\/schema.org\",\"@graph\":[{\"@type\":\"BreadcrumbList\",\"@id\":\"https:\\\/\\\/bunuri.md\\\/ro\\\/shop\\\/ferestrau-cu-lant-rotor-model-cs5200a-original\\\/#breadcrumblist\",\"itemListElement\":[{\"@type\":\"ListItem\",\"@id\":\"https:\\\/\\\/bunuri.md\\\/ro\\\/#listItem\",\"position\":1,\"name\":\"Home\",\"item\":\"https:\\\/\\\/bunuri.md\\\/ro\\\/\",\"nextItem\":{\"@type\":\"ListItem\",\"@id\":\"https:\\\/\\\/bunuri.md\\\/ro\\\/shop-2\\\/#listItem\",\"name\":\"Magazin\"}},{\"@type\":\"ListItem\",\"@id\":\"https:\\\/\\\/bunuri.md\\\/ro\\\/shop-2\\\/#listItem\",\"position\":2,\"name\":\"Magazin\",\"item\":\"https:\\\/\\\/bunuri.md\\\/ro\\\/shop-2\\\/\",\"nextItem\":{\"@type\":\"ListItem\",\"@id\":\"https:\\\/\\\/bunuri.md\\\/ro\\\/product-category\\\/fierestrau-cu-lant\\\/#listItem\",\"name\":\"Fierestrau cu lant\"},\"previousItem\":{\"@type\":\"ListItem\",\"@id\":\"https:\\\/\\\/bunuri.md\\\/ro\\\/#listItem\",\"name\":\"Home\"}},{\"@type\":\"ListItem\",\"@id\":\"https:\\\/\\\/bunuri.md\\\/ro\\\/product-category\\\/fierestrau-cu-lant\\\/#listItem\",\"position\":3,\"name\":\"Fierestrau cu lant\",\"item\":\"https:\\\/\\\/bunuri.md\\\/ro\\\/product-category\\\/fierestrau-cu-lant\\\/\",\"nextItem\":{\"@type\":\"ListItem\",\"@id\":\"https:\\\/\\\/bunuri.md\\\/ro\\\/shop\\\/ferestrau-cu-lant-rotor-model-cs5200a-original\\\/#listItem\",\"name\":\"Ferestrau cu lant ROTOR, model CS5200A (original)\"},\"previousItem\":{\"@type\":\"ListItem\",\"@id\":\"https:\\\/\\\/bunuri.md\\\/ro\\\/shop-2\\\/#listItem\",\"name\":\"Magazin\"}},{\"@type\":\"ListItem\",\"@id\":\"https:\\\/\\\/bunuri.md\\\/ro\\\/shop\\\/ferestrau-cu-lant-rotor-model-cs5200a-original\\\/#listItem\",\"position\":4,\"name\":\"Ferestrau cu lant ROTOR, model CS5200A (original)\",\"previousItem\":{\"@type\":\"ListItem\",\"@id\":\"https:\\\/\\\/bunuri.md\\\/ro\\\/product-category\\\/fierestrau-cu-lant\\\/#listItem\",\"name\":\"Fierestrau cu lant\"}}]},{\"@type\":\"ItemPage\",\"@id\":\"https:\\\/\\\/bunuri.md\\\/ro\\\/shop\\\/ferestrau-cu-lant-rotor-model-cs5200a-original\\\/#itempage\",\"url\":\"https:\\\/\\\/bunuri.md\\\/ro\\\/shop\\\/ferestrau-cu-lant-rotor-model-cs5200a-original\\\/\",\"name\":\"Ferestrau cu lant ROTOR, model CS5200A (original)\",\"description\":\"Destinat pentru a roti un lan\\u021b special cu din\\u021bi monta\\u021bi deasupra barei de ghidare, ac\\u021bionat de un motor cu ardere intern\\u0103.\",\"inLanguage\":\"ro-RO\",\"isPartOf\":{\"@id\":\"https:\\\/\\\/bunuri.md\\\/ro\\\/#website\"},\"breadcrumb\":{\"@id\":\"https:\\\/\\\/bunuri.md\\\/ro\\\/shop\\\/ferestrau-cu-lant-rotor-model-cs5200a-original\\\/#breadcrumblist\"},\"image\":{\"@type\":\"ImageObject\",\"url\":\"https:\\\/\\\/bunuri.md\\\/wp-content\\\/uploads\\\/2024\\\/12\\\/Motoferestrau_Rotor_CS5200A.png\",\"@id\":\"https:\\\/\\\/bunuri.md\\\/ro\\\/shop\\\/ferestrau-cu-lant-rotor-model-cs5200a-original\\\/#mainImage\",\"width\":600,\"height\":234,\"caption\":\"Motoferestrau_Rotor_CS5200A\"},\"primaryImageOfPage\":{\"@id\":\"https:\\\/\\\/bunuri.md\\\/ro\\\/shop\\\/ferestrau-cu-lant-rotor-model-cs5200a-original\\\/#mainImage\"},\"datePublished\":\"2024-12-08T11:58:12+03:00\",\"dateModified\":\"2024-12-08T12:55:04+03:00\"},{\"@type\":\"Organization\",\"@id\":\"https:\\\/\\\/bunuri.md\\\/ro\\\/#organization\",\"name\":\"\\u00centreprinderea Individual\\u0103 \\\"Buldumac Aliona\\\"\",\"description\":\"\\u0418\\u041f \\u00ab\\u0411\\u0443\\u043b\\u0434\\u0443\\u043c\\u0430\\u043a \\u0410\\u043b\\u0435\\u043d\\u0430\\u00bb - \\u044d\\u0442\\u043e \\u043d\\u0430\\u0434\\u0451\\u0436\\u043d\\u044b\\u0439 \\u0438 \\u043e\\u0440\\u0438\\u0435\\u043d\\u0442\\u0438\\u0440\\u043e\\u0432\\u0430\\u043d\\u043d\\u044b\\u0439 \\u043d\\u0430 \\u043a\\u043b\\u0438\\u0435\\u043d\\u0442\\u0430 \\u0431\\u0438\\u0437\\u043d\\u0435\\u0441, \\u043f\\u0440\\u0435\\u0434\\u043b\\u0430\\u0433\\u0430\\u044e\\u0449\\u0438\\u0439 \\u043a\\u0430\\u0447\\u0435\\u0441\\u0442\\u0432\\u0435\\u043d\\u043d\\u044b\\u0435 \\u0442\\u043e\\u0432\\u0430\\u0440\\u044b, \\u0443\\u0441\\u043b\\u0443\\u0433\\u0438 \\u0441 \\u0430\\u043a\\u0446\\u0435\\u043d\\u0442\\u043e\\u043c \\u043d\\u0430 \\u043f\\u0440\\u0430\\u043a\\u0442\\u0438\\u0447\\u043d\\u043e\\u0441\\u0442\\u044c \\u0438 \\u0447\\u0435\\u0441\\u0442\\u043d\\u044b\\u0439 \\u043f\\u043e\\u0434\\u0445\\u043e\\u0434.\",\"url\":\"https:\\\/\\\/bunuri.md\\\/ro\\\/\",\"email\":\"bunuri.md@gmail.com\",\"telephone\":\"+37379512557\",\"foundingDate\":\"2006-09-27\",\"numberOfEmployees\":{\"@type\":\"QuantitativeValue\",\"minValue\":0,\"maxValue\":4},\"logo\":{\"@type\":\"ImageObject\",\"url\":\"https:\\\/\\\/bunuri.md\\\/wp-content\\\/uploads\\\/2022\\\/08\\\/logo-bunuri.png\",\"@id\":\"https:\\\/\\\/bunuri.md\\\/ro\\\/shop\\\/ferestrau-cu-lant-rotor-model-cs5200a-original\\\/#organizationLogo\",\"width\":250,\"height\":250},\"image\":{\"@id\":\"https:\\\/\\\/bunuri.md\\\/ro\\\/shop\\\/ferestrau-cu-lant-rotor-model-cs5200a-original\\\/#organizationLogo\"},\"sameAs\":[\"https:\\\/\\\/facebook.com\\\/https:\\\/\\\/www.facebook.com\\\/bunurimag\",\"https:\\\/\\\/x.com\\\/https:\\\/\\\/www.facebook.com\\\/bunurimag\",\"https:\\\/\\\/instagram.com\\\/https:\\\/\\\/www.facebook.com\\\/bunurimag\",\"https:\\\/\\\/pinterest.com\\\/https:\\\/\\\/www.facebook.com\\\/bunurimag\",\"https:\\\/\\\/youtube.com\\\/https:\\\/\\\/www.facebook.com\\\/bunurimag\",\"https:\\\/\\\/linkedin.com\\\/in\\\/https:\\\/\\\/www.facebook.com\\\/bunurimag\",\"https:\\\/\\\/soundcloud.com\\\/https:\\\/\\\/www.facebook.com\\\/bunurimag\"],\"address\":{\"@id\":\"https:\\\/\\\/bunuri.md\\\/ro\\\/#postaladdress\",\"@type\":\"PostalAddress\",\"streetAddress\":\"\\u0420. \\u041c\\u043e\\u043b\\u0434\\u043e\\u0432\\u0430, \\u0433. \\u0425\\u044b\\u043d\\u0447\\u0435\\u0448\\u0442\\u044b\",\"postalCode\":\"3401\",\"addressLocality\":\"\\u0425\\u044b\\u043d\\u0447\\u0435\\u0448\\u0442\\u044b\",\"addressRegion\":\"Moldova\",\"addressCountry\":\"MD\"}},{\"@type\":\"WebPage\",\"@id\":\"https:\\\/\\\/bunuri.md\\\/ro\\\/shop\\\/ferestrau-cu-lant-rotor-model-cs5200a-original\\\/#webpage\",\"url\":\"https:\\\/\\\/bunuri.md\\\/ro\\\/shop\\\/ferestrau-cu-lant-rotor-model-cs5200a-original\\\/\",\"name\":\"Ferestrau cu lant ROTOR, model CS5200A (original)\",\"description\":\"Destinat pentru a roti un lan\\u021b special cu din\\u021bi monta\\u021bi deasupra barei de ghidare, ac\\u021bionat de un motor cu ardere intern\\u0103.\",\"inLanguage\":\"ro-RO\",\"isPartOf\":{\"@id\":\"https:\\\/\\\/bunuri.md\\\/ro\\\/#website\"},\"breadcrumb\":{\"@id\":\"https:\\\/\\\/bunuri.md\\\/ro\\\/shop\\\/ferestrau-cu-lant-rotor-model-cs5200a-original\\\/#breadcrumblist\"},\"image\":{\"@type\":\"ImageObject\",\"url\":\"https:\\\/\\\/bunuri.md\\\/wp-content\\\/uploads\\\/2024\\\/12\\\/Motoferestrau_Rotor_CS5200A.png\",\"@id\":\"https:\\\/\\\/bunuri.md\\\/ro\\\/shop\\\/ferestrau-cu-lant-rotor-model-cs5200a-original\\\/#mainImage\",\"width\":600,\"height\":234,\"caption\":\"Motoferestrau_Rotor_CS5200A\"},\"primaryImageOfPage\":{\"@id\":\"https:\\\/\\\/bunuri.md\\\/ro\\\/shop\\\/ferestrau-cu-lant-rotor-model-cs5200a-original\\\/#mainImage\"},\"datePublished\":\"2024-12-08T11:58:12+03:00\",\"dateModified\":\"2024-12-08T12:55:04+03:00\"},{\"@type\":\"WebSite\",\"@id\":\"https:\\\/\\\/bunuri.md\\\/ro\\\/#website\",\"url\":\"https:\\\/\\\/bunuri.md\\\/ro\\\/\",\"name\":\"www.bunuri.md\",\"alternateName\":\"bunuri.md\",\"description\":\"Bunuri.md este un magazin online care livreaz\\u0103 \\u0219i comercializeaz\\u0103 o gam\\u0103 larg\\u0103 de m\\u0103rfuri de diverse categorii pe \\u00eentreg teritoriul Republicii Moldova.\",\"inLanguage\":\"ro-RO\",\"publisher\":{\"@id\":\"https:\\\/\\\/bunuri.md\\\/ro\\\/#organization\"}}]}\n\t\t<\/script>\n\t\t<!-- All in One SEO Pro -->\r\n\t\t<title>Ferestrau cu lant ROTOR, model CS5200A (original)<\/title>\n\n","aioseo_head_json":{"title":"Ferestrau cu lant ROTOR, model CS5200A (original)","description":"Destinat pentru a roti un lan\u021b special cu din\u021bi monta\u021bi deasupra barei de ghidare, ac\u021bionat de un motor cu ardere intern\u0103.","canonical_url":"https:\/\/bunuri.md\/ro\/shop\/ferestrau-cu-lant-rotor-model-cs5200a-original\/","robots":"max-image-preview:large","keywords":"","webmasterTools":{"miscellaneous":""},"schema":{"@context":"https:\/\/schema.org","@graph":[{"@type":"BreadcrumbList","@id":"https:\/\/bunuri.md\/ro\/shop\/ferestrau-cu-lant-rotor-model-cs5200a-original\/#breadcrumblist","itemListElement":[{"@type":"ListItem","@id":"https:\/\/bunuri.md\/ro\/#listItem","position":1,"name":"Home","item":"https:\/\/bunuri.md\/ro\/","nextItem":{"@type":"ListItem","@id":"https:\/\/bunuri.md\/ro\/shop-2\/#listItem","name":"Magazin"}},{"@type":"ListItem","@id":"https:\/\/bunuri.md\/ro\/shop-2\/#listItem","position":2,"name":"Magazin","item":"https:\/\/bunuri.md\/ro\/shop-2\/","nextItem":{"@type":"ListItem","@id":"https:\/\/bunuri.md\/ro\/product-category\/fierestrau-cu-lant\/#listItem","name":"Fierestrau cu lant"},"previousItem":{"@type":"ListItem","@id":"https:\/\/bunuri.md\/ro\/#listItem","name":"Home"}},{"@type":"ListItem","@id":"https:\/\/bunuri.md\/ro\/product-category\/fierestrau-cu-lant\/#listItem","position":3,"name":"Fierestrau cu lant","item":"https:\/\/bunuri.md\/ro\/product-category\/fierestrau-cu-lant\/","nextItem":{"@type":"ListItem","@id":"https:\/\/bunuri.md\/ro\/shop\/ferestrau-cu-lant-rotor-model-cs5200a-original\/#listItem","name":"Ferestrau cu lant ROTOR, model CS5200A (original)"},"previousItem":{"@type":"ListItem","@id":"https:\/\/bunuri.md\/ro\/shop-2\/#listItem","name":"Magazin"}},{"@type":"ListItem","@id":"https:\/\/bunuri.md\/ro\/shop\/ferestrau-cu-lant-rotor-model-cs5200a-original\/#listItem","position":4,"name":"Ferestrau cu lant ROTOR, model CS5200A (original)","previousItem":{"@type":"ListItem","@id":"https:\/\/bunuri.md\/ro\/product-category\/fierestrau-cu-lant\/#listItem","name":"Fierestrau cu lant"}}]},{"@type":"ItemPage","@id":"https:\/\/bunuri.md\/ro\/shop\/ferestrau-cu-lant-rotor-model-cs5200a-original\/#itempage","url":"https:\/\/bunuri.md\/ro\/shop\/ferestrau-cu-lant-rotor-model-cs5200a-original\/","name":"Ferestrau cu lant ROTOR, model CS5200A (original)","description":"Destinat pentru a roti un lan\u021b special cu din\u021bi monta\u021bi deasupra barei de ghidare, ac\u021bionat de un motor cu ardere intern\u0103.","inLanguage":"ro-RO","isPartOf":{"@id":"https:\/\/bunuri.md\/ro\/#website"},"breadcrumb":{"@id":"https:\/\/bunuri.md\/ro\/shop\/ferestrau-cu-lant-rotor-model-cs5200a-original\/#breadcrumblist"},"image":{"@type":"ImageObject","url":"https:\/\/bunuri.md\/wp-content\/uploads\/2024\/12\/Motoferestrau_Rotor_CS5200A.png","@id":"https:\/\/bunuri.md\/ro\/shop\/ferestrau-cu-lant-rotor-model-cs5200a-original\/#mainImage","width":600,"height":234,"caption":"Motoferestrau_Rotor_CS5200A"},"primaryImageOfPage":{"@id":"https:\/\/bunuri.md\/ro\/shop\/ferestrau-cu-lant-rotor-model-cs5200a-original\/#mainImage"},"datePublished":"2024-12-08T11:58:12+03:00","dateModified":"2024-12-08T12:55:04+03:00"},{"@type":"Organization","@id":"https:\/\/bunuri.md\/ro\/#organization","name":"\u00centreprinderea Individual\u0103 \"Buldumac Aliona\"","description":"\u0418\u041f \u00ab\u0411\u0443\u043b\u0434\u0443\u043c\u0430\u043a \u0410\u043b\u0435\u043d\u0430\u00bb - \u044d\u0442\u043e \u043d\u0430\u0434\u0451\u0436\u043d\u044b\u0439 \u0438 \u043e\u0440\u0438\u0435\u043d\u0442\u0438\u0440\u043e\u0432\u0430\u043d\u043d\u044b\u0439 \u043d\u0430 \u043a\u043b\u0438\u0435\u043d\u0442\u0430 \u0431\u0438\u0437\u043d\u0435\u0441, \u043f\u0440\u0435\u0434\u043b\u0430\u0433\u0430\u044e\u0449\u0438\u0439 \u043a\u0430\u0447\u0435\u0441\u0442\u0432\u0435\u043d\u043d\u044b\u0435 \u0442\u043e\u0432\u0430\u0440\u044b, \u0443\u0441\u043b\u0443\u0433\u0438 \u0441 \u0430\u043a\u0446\u0435\u043d\u0442\u043e\u043c \u043d\u0430 \u043f\u0440\u0430\u043a\u0442\u0438\u0447\u043d\u043e\u0441\u0442\u044c \u0438 \u0447\u0435\u0441\u0442\u043d\u044b\u0439 \u043f\u043e\u0434\u0445\u043e\u0434.","url":"https:\/\/bunuri.md\/ro\/","email":"bunuri.md@gmail.com","telephone":"+37379512557","foundingDate":"2006-09-27","numberOfEmployees":{"@type":"QuantitativeValue","minValue":0,"maxValue":4},"logo":{"@type":"ImageObject","url":"https:\/\/bunuri.md\/wp-content\/uploads\/2022\/08\/logo-bunuri.png","@id":"https:\/\/bunuri.md\/ro\/shop\/ferestrau-cu-lant-rotor-model-cs5200a-original\/#organizationLogo","width":250,"height":250},"image":{"@id":"https:\/\/bunuri.md\/ro\/shop\/ferestrau-cu-lant-rotor-model-cs5200a-original\/#organizationLogo"},"sameAs":["https:\/\/facebook.com\/https:\/\/www.facebook.com\/bunurimag","https:\/\/x.com\/https:\/\/www.facebook.com\/bunurimag","https:\/\/instagram.com\/https:\/\/www.facebook.com\/bunurimag","https:\/\/pinterest.com\/https:\/\/www.facebook.com\/bunurimag","https:\/\/youtube.com\/https:\/\/www.facebook.com\/bunurimag","https:\/\/linkedin.com\/in\/https:\/\/www.facebook.com\/bunurimag","https:\/\/soundcloud.com\/https:\/\/www.facebook.com\/bunurimag"],"address":{"@id":"https:\/\/bunuri.md\/ro\/#postaladdress","@type":"PostalAddress","streetAddress":"\u0420. \u041c\u043e\u043b\u0434\u043e\u0432\u0430, \u0433. \u0425\u044b\u043d\u0447\u0435\u0448\u0442\u044b","postalCode":"3401","addressLocality":"\u0425\u044b\u043d\u0447\u0435\u0448\u0442\u044b","addressRegion":"Moldova","addressCountry":"MD"}},{"@type":"WebPage","@id":"https:\/\/bunuri.md\/ro\/shop\/ferestrau-cu-lant-rotor-model-cs5200a-original\/#webpage","url":"https:\/\/bunuri.md\/ro\/shop\/ferestrau-cu-lant-rotor-model-cs5200a-original\/","name":"Ferestrau cu lant ROTOR, model CS5200A (original)","description":"Destinat pentru a roti un lan\u021b special cu din\u021bi monta\u021bi deasupra barei de ghidare, ac\u021bionat de un motor cu ardere intern\u0103.","inLanguage":"ro-RO","isPartOf":{"@id":"https:\/\/bunuri.md\/ro\/#website"},"breadcrumb":{"@id":"https:\/\/bunuri.md\/ro\/shop\/ferestrau-cu-lant-rotor-model-cs5200a-original\/#breadcrumblist"},"image":{"@type":"ImageObject","url":"https:\/\/bunuri.md\/wp-content\/uploads\/2024\/12\/Motoferestrau_Rotor_CS5200A.png","@id":"https:\/\/bunuri.md\/ro\/shop\/ferestrau-cu-lant-rotor-model-cs5200a-original\/#mainImage","width":600,"height":234,"caption":"Motoferestrau_Rotor_CS5200A"},"primaryImageOfPage":{"@id":"https:\/\/bunuri.md\/ro\/shop\/ferestrau-cu-lant-rotor-model-cs5200a-original\/#mainImage"},"datePublished":"2024-12-08T11:58:12+03:00","dateModified":"2024-12-08T12:55:04+03:00"},{"@type":"WebSite","@id":"https:\/\/bunuri.md\/ro\/#website","url":"https:\/\/bunuri.md\/ro\/","name":"www.bunuri.md","alternateName":"bunuri.md","description":"Bunuri.md este un magazin online care livreaz\u0103 \u0219i comercializeaz\u0103 o gam\u0103 larg\u0103 de m\u0103rfuri de diverse categorii pe \u00eentreg teritoriul Republicii Moldova.","inLanguage":"ro-RO","publisher":{"@id":"https:\/\/bunuri.md\/ro\/#organization"}}]},"og:locale":"ro_RO","og:site_name":"\u0418\u043d\u0442\u0435\u0440\u043d\u0435\u0442 \u043c\u0430\u0433\u0430\u0437\u0438\u043d \u041c\u043e\u043b\u0434\u043e\u0432\u0430 | Bunuri.md este un magazin online care livreaz\u0103 \u0219i comercializeaz\u0103 o gam\u0103 larg\u0103 de m\u0103rfuri de diverse categorii pe \u00eentreg teritoriul Republicii Moldova.","og:type":"article","og:title":"Ferestrau cu lant ROTOR, model CS5200A (original)","og:description":"Destinat pentru a roti un lan\u021b special cu din\u021bi monta\u021bi deasupra barei de ghidare, ac\u021bionat de un motor cu ardere intern\u0103.","og:url":"https:\/\/bunuri.md\/ro\/shop\/ferestrau-cu-lant-rotor-model-cs5200a-original\/","og:image":"https:\/\/bunuri.md\/wp-content\/uploads\/2022\/10\/logobu.png","og:image:secure_url":"https:\/\/bunuri.md\/wp-content\/uploads\/2022\/10\/logobu.png","og:image:width":200,"og:image:height":200,"article:published_time":"2024-12-08T09:50:40+00:00","article:modified_time":"2024-12-08T09:55:04+00:00","article:publisher":"https:\/\/facebook.com\/https:\/\/www.facebook.com\/bunurimag","twitter:card":"summary","twitter:site":"@https:","twitter:title":"Ferestrau cu lant ROTOR, model CS5200A (original)","twitter:description":"Destinat pentru a roti un lan\u021b special cu din\u021bi monta\u021bi deasupra barei de ghidare, ac\u021bionat de un motor cu ardere intern\u0103.","twitter:image":"https:\/\/bunuri.md\/wp-content\/uploads\/2022\/10\/logobu.png"},"aioseo_meta_data":{"post_id":"9389","title":"Ferestrau cu lant ROTOR, model CS5200A (original)","description":"Destinat pentru a roti un lan\u021b special cu din\u021bi monta\u021bi deasupra barei de ghidare, ac\u021bionat de un motor cu ardere intern\u0103.","keywords":null,"keyphrases":{"focus":{"keyphrase":"","score":0,"analysis":{"keyphraseInTitle":{"score":0,"maxScore":9,"error":1}}},"additional":[]},"primary_term":null,"canonical_url":null,"og_title":null,"og_description":null,"og_object_type":"default","og_image_type":"default","og_image_url":null,"og_image_width":null,"og_image_height":null,"og_image_custom_url":null,"og_image_custom_fields":null,"og_video":"","og_custom_url":null,"og_article_section":null,"og_article_tags":null,"twitter_use_og":false,"twitter_card":"default","twitter_image_type":"default","twitter_image_url":null,"twitter_image_custom_url":null,"twitter_image_custom_fields":null,"twitter_title":null,"twitter_description":null,"schema":{"blockGraphs":[],"customGraphs":[],"default":{"data":{"Article":[],"Course":[],"Dataset":[],"FAQPage":[],"Movie":[],"Person":[],"Product":[],"ProductReview":[],"Car":[],"Recipe":[],"Service":[],"SoftwareApplication":[],"WebPage":[]},"graphName":"ItemPage","isEnabled":true},"graphs":[]},"schema_type":"default","schema_type_options":null,"pillar_content":false,"robots_default":true,"robots_noindex":false,"robots_noarchive":false,"robots_nosnippet":false,"robots_nofollow":false,"robots_noimageindex":false,"robots_noodp":false,"robots_notranslate":false,"robots_max_snippet":"-1","robots_max_videopreview":"-1","robots_max_imagepreview":"large","priority":null,"frequency":"default","local_seo":null,"seo_analyzer_scan_date":null,"breadcrumb_settings":null,"limit_modified_date":false,"reviewed_by":null,"open_ai":"{\"title\":{\"suggestions\":[],\"usage\":0},\"description\":{\"suggestions\":[],\"usage\":0}}","ai":null,"created":"2024-12-08 09:47:49","updated":"2025-05-30 05:37:11"},"aioseo_breadcrumb":"<div class=\"aioseo-breadcrumbs\"><span class=\"aioseo-breadcrumb\">\n\t<a href=\"https:\/\/bunuri.md\/ro\/\" title=\"Home\">Home<\/a>\n<\/span><span class=\"aioseo-breadcrumb-separator\">\u00bb<\/span><span class=\"aioseo-breadcrumb\">\n\t<a href=\"https:\/\/bunuri.md\/ro\/shop-2\/\" title=\"Magazin\">Magazin<\/a>\n<\/span><span class=\"aioseo-breadcrumb-separator\">\u00bb<\/span><span class=\"aioseo-breadcrumb\">\n\t<a href=\"https:\/\/bunuri.md\/ro\/product-category\/fierestrau-cu-lant\/\" title=\"Fierestrau cu lant\">Fierestrau cu lant<\/a>\n<\/span><span class=\"aioseo-breadcrumb-separator\">\u00bb<\/span><span class=\"aioseo-breadcrumb\">\n\tFerestrau cu lant ROTOR, model CS5200A (original)\n<\/span><\/div>","aioseo_breadcrumb_json":[{"label":"Home","link":"https:\/\/bunuri.md\/ro\/"},{"label":"Magazin","link":"https:\/\/bunuri.md\/ro\/shop-2\/"},{"label":"Fierestrau cu lant","link":"https:\/\/bunuri.md\/ro\/product-category\/fierestrau-cu-lant\/"},{"label":"Ferestrau cu lant ROTOR, model CS5200A (original)","link":"https:\/\/bunuri.md\/ro\/shop\/ferestrau-cu-lant-rotor-model-cs5200a-original\/"}],"brands":[],"_links":{"self":[{"href":"https:\/\/bunuri.md\/ro\/wp-json\/wp\/v2\/product\/9389","targetHints":{"allow":["GET"]}}],"collection":[{"href":"https:\/\/bunuri.md\/ro\/wp-json\/wp\/v2\/product"}],"about":[{"href":"https:\/\/bunuri.md\/ro\/wp-json\/wp\/v2\/types\/product"}],"replies":[{"embeddable":true,"href":"https:\/\/bunuri.md\/ro\/wp-json\/wp\/v2\/comments?post=9389"}],"wp:featuredmedia":[{"embeddable":true,"href":"https:\/\/bunuri.md\/ro\/wp-json\/wp\/v2\/media\/9387"}],"wp:attachment":[{"href":"https:\/\/bunuri.md\/ro\/wp-json\/wp\/v2\/media?parent=9389"}],"wp:term":[{"taxonomy":"pwb-brand","embeddable":true,"href":"https:\/\/bunuri.md\/ro\/wp-json\/wp\/v2\/pwb-brand?post=9389"},{"taxonomy":"product_brand","embeddable":true,"href":"https:\/\/bunuri.md\/ro\/wp-json\/wp\/v2\/product_brand?post=9389"},{"taxonomy":"product_cat","embeddable":true,"href":"https:\/\/bunuri.md\/ro\/wp-json\/wp\/v2\/product_cat?post=9389"},{"taxonomy":"product_tag","embeddable":true,"href":"https:\/\/bunuri.md\/ro\/wp-json\/wp\/v2\/product_tag?post=9389"}],"curies":[{"name":"wp","href":"https:\/\/api.w.org\/{rel}","templated":true}]}}