{"id":9784,"date":"2025-01-14T20:50:48","date_gmt":"2025-01-14T20:06:26","guid":{"rendered":"https:\/\/bunuri.md\/?post_type=product&#038;p=9784"},"modified":"2025-01-14T23:21:00","modified_gmt":"2025-01-14T20:21:00","slug":"ansamblu-arbore-cotit-motor-diesel-zs-zh1100-15-c-p","status":"publish","type":"product","link":"https:\/\/bunuri.md\/ro\/shop\/ansamblu-arbore-cotit-motor-diesel-zs-zh1100-15-c-p\/","title":{"rendered":"Ansamblu arbore cotit, motor diesel ZS\/ZH1100, 15 c. p."},"content":{"rendered":"<p><strong>Ansamblu arbore cotit, motor diesel ZS\/ZH1100, 15 c. p<\/strong>. &#8211; <a href=\"https:\/\/bunuri.md\/ro\/product-category\/motoare\/\">este folosit pentru a converti energia mi\u0219c\u0103rii pistonului \u00een moment de rota\u021bie. Realizat prin turnare de precizie din font\u0103. Datorit\u0103 designului s\u0103u masiv, este capabil s\u0103 reziste la sarcini dinamice semnificative inerente unit\u0103\u021bilor de putere diesel. Calitatea vizibil\u0103 a tratamentului suprafe\u021bei produsului este o dovad\u0103 a procesului de produc\u021bie de \u00eenalt\u0103 tehnologie \u0219i a aten\u021biei la detalii. Respectarea precis\u0103 a parametrilor geometrici permite instalarea arborelui cotit \u00een cel mai scurt timp posibil cu cel mai mic efort \u0219i, de asemenea, asigur\u0103 func\u021bionarea fiabil\u0103 a motorului pentru o lung\u0103 perioad\u0103 de timp.<\/a><\/p>\n<p><strong>Specificatii tehnice:<\/strong><\/p>\n<ul>\n<li><strong>Categoria piese de schimb:<\/strong> arbore cotit ansamblu.<\/li>\n<li><strong>Nod:<\/strong> sistem cu piston.<\/li>\n<li><strong>Tip motor:<\/strong> ZS\/ZH1100.<\/li>\n<li><strong><strong>R\u0103cirea motorului:<\/strong> ap\u0103.<\/li>\n<li><strong><strong>Diametru rulment biela:<\/strong> 65 mm.<\/li>\n<li><strong><strong>Filet exterior:<strong> M44.<\/li>\n<li><strong><strong>Lungimea piesei conice:<\/strong> 65 mm.<\/li>\n<li><strong><strong>Diametru rulment:<\/strong> 70\/55 mm.<\/li>\n<li><strong><strong>Lungime arbore cotit:<\/strong> 305 mm.<\/li>\n<li><strong><strong>Distan\u021ba dintre obraji:<\/strong> 42 mm.<\/li>\n<li><strong><strong>Diametru sub angrenaj:<strong> 30 mm.<\/li>\n<li><strong><strong>Material:<\/strong> fonta.<\/li>\n<li><strong><strong>Greutate:<\/strong> 11950 gr. <\/li>\n<\/ul>\n<p><strong>Ansamblu arbore cotit pentru motor diesel ZS\/ZH1100:<\/strong><\/p>\n<p><strong>1. Rulment 6314<\/strong><br \/>\n<strong>2. Rulment 6311<\/strong><br \/>\n<strong>3. Angrenajul arborelui cu came a arborelui cotit:<\/strong><\/p>\n<ul>\n<li><strong>Numar dinti:<\/strong> 18 buc.<\/li>\n<li><strong>Diametru interior:<\/strong>  40 mm.<\/li>\n<li><strong>Diametru exterior:<\/strong> 60 mm.<\/li>\n<li><strong>Latime:<\/strong> 18 mm.<\/li>\n<li><strong>Greutate:<\/strong> 205 gr.<\/li>\n<\/ul>\n","protected":false},"excerpt":{"rendered":"<p>Transform\u0103 mi\u0219carea de piston a pistonului din mecanismul manivelei \u00een mi\u0219care de rota\u021bie, care este transmis\u0103 altor unit\u0103\u021bi ale mecanizmelor motoblocului.<\/p>\n","protected":false},"featured_media":0,"comment_status":"closed","ping_status":"closed","template":"","meta":{"om_disable_all_campaigns":false},"pwb-brand":[],"product_brand":[],"product_cat":[461],"product_tag":[],"class_list":{"0":"post-9784","1":"product","2":"type-product","3":"status-publish","5":"product_cat-arbore-cotit-pentru-motobloc-mini-tractor","7":"first","8":"instock","9":"sale","10":"purchasable","11":"product-type-simple"},"aioseo_notices":[],"aioseo_head":"\n\t\t<!-- All in One SEO Pro 4.9.7.1 - aioseo.com -->\n\t<meta name=\"description\" content=\"Transform\u0103 mi\u0219carea de piston a pistonului din mecanismul manivelei \u00een mi\u0219care de rota\u021bie, care este transmis\u0103 altor unit\u0103\u021bi ale mecanizmelor motoblocului.\" \/>\n\t<meta name=\"robots\" content=\"max-image-preview:large\" \/>\n\t<link rel=\"canonical\" href=\"https:\/\/bunuri.md\/ro\/shop\/ansamblu-arbore-cotit-motor-diesel-zs-zh1100-15-c-p\/\" \/>\n\t<meta name=\"generator\" content=\"All in One SEO Pro (AIOSEO) 4.9.7.1\" \/>\n\t\t<meta property=\"og:locale\" content=\"ro_RO\" \/>\n\t\t<meta property=\"og:site_name\" content=\"\u0418\u043d\u0442\u0435\u0440\u043d\u0435\u0442 \u043c\u0430\u0433\u0430\u0437\u0438\u043d \u041c\u043e\u043b\u0434\u043e\u0432\u0430 | Bunuri.md este un magazin online care livreaz\u0103 \u0219i comercializeaz\u0103 o gam\u0103 larg\u0103 de m\u0103rfuri de diverse categorii pe \u00eentreg teritoriul Republicii Moldova.\" \/>\n\t\t<meta property=\"og:type\" content=\"article\" \/>\n\t\t<meta property=\"og:title\" content=\"Ansamblu arbore cotit, motor diesel ZS\/ZH1100, 15 c. p.\" \/>\n\t\t<meta property=\"og:description\" content=\"Transform\u0103 mi\u0219carea de piston a pistonului din mecanismul manivelei \u00een mi\u0219care de rota\u021bie, care este transmis\u0103 altor unit\u0103\u021bi ale mecanizmelor motoblocului.\" \/>\n\t\t<meta property=\"og:url\" content=\"https:\/\/bunuri.md\/ro\/shop\/ansamblu-arbore-cotit-motor-diesel-zs-zh1100-15-c-p\/\" \/>\n\t\t<meta property=\"og:image\" content=\"https:\/\/bunuri.md\/wp-content\/uploads\/2022\/10\/logobu.png\" \/>\n\t\t<meta property=\"og:image:secure_url\" content=\"https:\/\/bunuri.md\/wp-content\/uploads\/2022\/10\/logobu.png\" \/>\n\t\t<meta property=\"og:image:width\" content=\"200\" \/>\n\t\t<meta property=\"og:image:height\" content=\"200\" \/>\n\t\t<meta property=\"article:published_time\" content=\"2025-01-14T20:06:26+00:00\" \/>\n\t\t<meta property=\"article:modified_time\" content=\"2025-01-14T20:21:00+00:00\" \/>\n\t\t<meta property=\"article:publisher\" content=\"https:\/\/facebook.com\/https:\/\/www.facebook.com\/bunurimag\" \/>\n\t\t<meta name=\"twitter:card\" content=\"summary\" \/>\n\t\t<meta name=\"twitter:site\" content=\"@https:\" \/>\n\t\t<meta name=\"twitter:title\" content=\"Ansamblu arbore cotit, motor diesel ZS\/ZH1100, 15 c. p.\" \/>\n\t\t<meta name=\"twitter:description\" content=\"Transform\u0103 mi\u0219carea de piston a pistonului din mecanismul manivelei \u00een mi\u0219care de rota\u021bie, care este transmis\u0103 altor unit\u0103\u021bi ale mecanizmelor motoblocului.\" \/>\n\t\t<meta name=\"twitter:image\" content=\"https:\/\/bunuri.md\/wp-content\/uploads\/2022\/10\/logobu.png\" \/>\n\t\t<script type=\"application\/ld+json\" class=\"aioseo-schema\">\n\t\t\t{\"@context\":\"https:\\\/\\\/schema.org\",\"@graph\":[{\"@type\":\"BreadcrumbList\",\"@id\":\"https:\\\/\\\/bunuri.md\\\/ro\\\/shop\\\/ansamblu-arbore-cotit-motor-diesel-zs-zh1100-15-c-p\\\/#breadcrumblist\",\"itemListElement\":[{\"@type\":\"ListItem\",\"@id\":\"https:\\\/\\\/bunuri.md\\\/ro\\\/#listItem\",\"position\":1,\"name\":\"Home\",\"item\":\"https:\\\/\\\/bunuri.md\\\/ro\\\/\",\"nextItem\":{\"@type\":\"ListItem\",\"@id\":\"https:\\\/\\\/bunuri.md\\\/ro\\\/shop-2\\\/#listItem\",\"name\":\"Magazin\"}},{\"@type\":\"ListItem\",\"@id\":\"https:\\\/\\\/bunuri.md\\\/ro\\\/shop-2\\\/#listItem\",\"position\":2,\"name\":\"Magazin\",\"item\":\"https:\\\/\\\/bunuri.md\\\/ro\\\/shop-2\\\/\",\"nextItem\":{\"@type\":\"ListItem\",\"@id\":\"https:\\\/\\\/bunuri.md\\\/ro\\\/product-category\\\/arbore-cotit-pentru-motobloc-mini-tractor\\\/#listItem\",\"name\":\"Arbore cotit pentru motobloc, mini tractor\"},\"previousItem\":{\"@type\":\"ListItem\",\"@id\":\"https:\\\/\\\/bunuri.md\\\/ro\\\/#listItem\",\"name\":\"Home\"}},{\"@type\":\"ListItem\",\"@id\":\"https:\\\/\\\/bunuri.md\\\/ro\\\/product-category\\\/arbore-cotit-pentru-motobloc-mini-tractor\\\/#listItem\",\"position\":3,\"name\":\"Arbore cotit pentru motobloc, mini tractor\",\"item\":\"https:\\\/\\\/bunuri.md\\\/ro\\\/product-category\\\/arbore-cotit-pentru-motobloc-mini-tractor\\\/\",\"nextItem\":{\"@type\":\"ListItem\",\"@id\":\"https:\\\/\\\/bunuri.md\\\/ro\\\/shop\\\/ansamblu-arbore-cotit-motor-diesel-zs-zh1100-15-c-p\\\/#listItem\",\"name\":\"Ansamblu arbore cotit, motor diesel ZS\\\/ZH1100, 15 c. p.\"},\"previousItem\":{\"@type\":\"ListItem\",\"@id\":\"https:\\\/\\\/bunuri.md\\\/ro\\\/shop-2\\\/#listItem\",\"name\":\"Magazin\"}},{\"@type\":\"ListItem\",\"@id\":\"https:\\\/\\\/bunuri.md\\\/ro\\\/shop\\\/ansamblu-arbore-cotit-motor-diesel-zs-zh1100-15-c-p\\\/#listItem\",\"position\":4,\"name\":\"Ansamblu arbore cotit, motor diesel ZS\\\/ZH1100, 15 c. p.\",\"previousItem\":{\"@type\":\"ListItem\",\"@id\":\"https:\\\/\\\/bunuri.md\\\/ro\\\/product-category\\\/arbore-cotit-pentru-motobloc-mini-tractor\\\/#listItem\",\"name\":\"Arbore cotit pentru motobloc, mini tractor\"}}]},{\"@type\":\"ItemPage\",\"@id\":\"https:\\\/\\\/bunuri.md\\\/ro\\\/shop\\\/ansamblu-arbore-cotit-motor-diesel-zs-zh1100-15-c-p\\\/#itempage\",\"url\":\"https:\\\/\\\/bunuri.md\\\/ro\\\/shop\\\/ansamblu-arbore-cotit-motor-diesel-zs-zh1100-15-c-p\\\/\",\"name\":\"Ansamblu arbore cotit, motor diesel ZS\\\/ZH1100, 15 c. p.\",\"description\":\"Transform\\u0103 mi\\u0219carea de piston a pistonului din mecanismul manivelei \\u00een mi\\u0219care de rota\\u021bie, care este transmis\\u0103 altor unit\\u0103\\u021bi ale mecanizmelor motoblocului.\",\"inLanguage\":\"ro-RO\",\"isPartOf\":{\"@id\":\"https:\\\/\\\/bunuri.md\\\/ro\\\/#website\"},\"breadcrumb\":{\"@id\":\"https:\\\/\\\/bunuri.md\\\/ro\\\/shop\\\/ansamblu-arbore-cotit-motor-diesel-zs-zh1100-15-c-p\\\/#breadcrumblist\"},\"datePublished\":\"2025-01-14T20:50:48+03:00\",\"dateModified\":\"2025-01-14T23:21:00+03:00\"},{\"@type\":\"Organization\",\"@id\":\"https:\\\/\\\/bunuri.md\\\/ro\\\/#organization\",\"name\":\"\\u00centreprinderea Individual\\u0103 \\\"Buldumac Aliona\\\"\",\"description\":\"\\u0418\\u041f \\u00ab\\u0411\\u0443\\u043b\\u0434\\u0443\\u043c\\u0430\\u043a \\u0410\\u043b\\u0435\\u043d\\u0430\\u00bb - \\u044d\\u0442\\u043e \\u043d\\u0430\\u0434\\u0451\\u0436\\u043d\\u044b\\u0439 \\u0438 \\u043e\\u0440\\u0438\\u0435\\u043d\\u0442\\u0438\\u0440\\u043e\\u0432\\u0430\\u043d\\u043d\\u044b\\u0439 \\u043d\\u0430 \\u043a\\u043b\\u0438\\u0435\\u043d\\u0442\\u0430 \\u0431\\u0438\\u0437\\u043d\\u0435\\u0441, \\u043f\\u0440\\u0435\\u0434\\u043b\\u0430\\u0433\\u0430\\u044e\\u0449\\u0438\\u0439 \\u043a\\u0430\\u0447\\u0435\\u0441\\u0442\\u0432\\u0435\\u043d\\u043d\\u044b\\u0435 \\u0442\\u043e\\u0432\\u0430\\u0440\\u044b, \\u0443\\u0441\\u043b\\u0443\\u0433\\u0438 \\u0441 \\u0430\\u043a\\u0446\\u0435\\u043d\\u0442\\u043e\\u043c \\u043d\\u0430 \\u043f\\u0440\\u0430\\u043a\\u0442\\u0438\\u0447\\u043d\\u043e\\u0441\\u0442\\u044c \\u0438 \\u0447\\u0435\\u0441\\u0442\\u043d\\u044b\\u0439 \\u043f\\u043e\\u0434\\u0445\\u043e\\u0434.\",\"url\":\"https:\\\/\\\/bunuri.md\\\/ro\\\/\",\"email\":\"bunuri.md@gmail.com\",\"telephone\":\"+37379512557\",\"foundingDate\":\"2006-09-27\",\"numberOfEmployees\":{\"@type\":\"QuantitativeValue\",\"minValue\":0,\"maxValue\":4},\"logo\":{\"@type\":\"ImageObject\",\"url\":\"https:\\\/\\\/bunuri.md\\\/wp-content\\\/uploads\\\/2022\\\/08\\\/logo-bunuri.png\",\"@id\":\"https:\\\/\\\/bunuri.md\\\/ro\\\/shop\\\/ansamblu-arbore-cotit-motor-diesel-zs-zh1100-15-c-p\\\/#organizationLogo\",\"width\":250,\"height\":250},\"image\":{\"@id\":\"https:\\\/\\\/bunuri.md\\\/ro\\\/shop\\\/ansamblu-arbore-cotit-motor-diesel-zs-zh1100-15-c-p\\\/#organizationLogo\"},\"sameAs\":[\"https:\\\/\\\/facebook.com\\\/https:\\\/\\\/www.facebook.com\\\/bunurimag\",\"https:\\\/\\\/x.com\\\/https:\\\/\\\/www.facebook.com\\\/bunurimag\",\"https:\\\/\\\/instagram.com\\\/https:\\\/\\\/www.facebook.com\\\/bunurimag\",\"https:\\\/\\\/pinterest.com\\\/https:\\\/\\\/www.facebook.com\\\/bunurimag\",\"https:\\\/\\\/youtube.com\\\/https:\\\/\\\/www.facebook.com\\\/bunurimag\",\"https:\\\/\\\/linkedin.com\\\/in\\\/https:\\\/\\\/www.facebook.com\\\/bunurimag\",\"https:\\\/\\\/soundcloud.com\\\/https:\\\/\\\/www.facebook.com\\\/bunurimag\"],\"address\":{\"@id\":\"https:\\\/\\\/bunuri.md\\\/ro\\\/#postaladdress\",\"@type\":\"PostalAddress\",\"streetAddress\":\"\\u0420. \\u041c\\u043e\\u043b\\u0434\\u043e\\u0432\\u0430, \\u0433. \\u0425\\u044b\\u043d\\u0447\\u0435\\u0448\\u0442\\u044b\",\"postalCode\":\"3401\",\"addressLocality\":\"\\u0425\\u044b\\u043d\\u0447\\u0435\\u0448\\u0442\\u044b\",\"addressRegion\":\"Moldova\",\"addressCountry\":\"MD\"}},{\"@type\":\"WebPage\",\"@id\":\"https:\\\/\\\/bunuri.md\\\/ro\\\/shop\\\/ansamblu-arbore-cotit-motor-diesel-zs-zh1100-15-c-p\\\/#webpage\",\"url\":\"https:\\\/\\\/bunuri.md\\\/ro\\\/shop\\\/ansamblu-arbore-cotit-motor-diesel-zs-zh1100-15-c-p\\\/\",\"name\":\"Ansamblu arbore cotit, motor diesel ZS\\\/ZH1100, 15 c. p.\",\"description\":\"Transform\\u0103 mi\\u0219carea de piston a pistonului din mecanismul manivelei \\u00een mi\\u0219care de rota\\u021bie, care este transmis\\u0103 altor unit\\u0103\\u021bi ale mecanizmelor motoblocului.\",\"inLanguage\":\"ro-RO\",\"isPartOf\":{\"@id\":\"https:\\\/\\\/bunuri.md\\\/ro\\\/#website\"},\"breadcrumb\":{\"@id\":\"https:\\\/\\\/bunuri.md\\\/ro\\\/shop\\\/ansamblu-arbore-cotit-motor-diesel-zs-zh1100-15-c-p\\\/#breadcrumblist\"},\"datePublished\":\"2025-01-14T20:50:48+03:00\",\"dateModified\":\"2025-01-14T23:21:00+03:00\"},{\"@type\":\"WebSite\",\"@id\":\"https:\\\/\\\/bunuri.md\\\/ro\\\/#website\",\"url\":\"https:\\\/\\\/bunuri.md\\\/ro\\\/\",\"name\":\"www.bunuri.md\",\"alternateName\":\"bunuri.md\",\"description\":\"Bunuri.md este un magazin online care livreaz\\u0103 \\u0219i comercializeaz\\u0103 o gam\\u0103 larg\\u0103 de m\\u0103rfuri de diverse categorii pe \\u00eentreg teritoriul Republicii Moldova.\",\"inLanguage\":\"ro-RO\",\"publisher\":{\"@id\":\"https:\\\/\\\/bunuri.md\\\/ro\\\/#organization\"}}]}\n\t\t<\/script>\n\t\t<!-- All in One SEO Pro -->\r\n\t\t<title>Ansamblu arbore cotit, motor diesel ZS\/ZH1100, 15 c. p.<\/title>\n\n","aioseo_head_json":{"title":"Ansamblu arbore cotit, motor diesel ZS\/ZH1100, 15 c. p.","description":"Transform\u0103 mi\u0219carea de piston a pistonului din mecanismul manivelei \u00een mi\u0219care de rota\u021bie, care este transmis\u0103 altor unit\u0103\u021bi ale mecanizmelor motoblocului.","canonical_url":"https:\/\/bunuri.md\/ro\/shop\/ansamblu-arbore-cotit-motor-diesel-zs-zh1100-15-c-p\/","robots":"max-image-preview:large","keywords":"","webmasterTools":{"miscellaneous":""},"schema":{"@context":"https:\/\/schema.org","@graph":[{"@type":"BreadcrumbList","@id":"https:\/\/bunuri.md\/ro\/shop\/ansamblu-arbore-cotit-motor-diesel-zs-zh1100-15-c-p\/#breadcrumblist","itemListElement":[{"@type":"ListItem","@id":"https:\/\/bunuri.md\/ro\/#listItem","position":1,"name":"Home","item":"https:\/\/bunuri.md\/ro\/","nextItem":{"@type":"ListItem","@id":"https:\/\/bunuri.md\/ro\/shop-2\/#listItem","name":"Magazin"}},{"@type":"ListItem","@id":"https:\/\/bunuri.md\/ro\/shop-2\/#listItem","position":2,"name":"Magazin","item":"https:\/\/bunuri.md\/ro\/shop-2\/","nextItem":{"@type":"ListItem","@id":"https:\/\/bunuri.md\/ro\/product-category\/arbore-cotit-pentru-motobloc-mini-tractor\/#listItem","name":"Arbore cotit pentru motobloc, mini tractor"},"previousItem":{"@type":"ListItem","@id":"https:\/\/bunuri.md\/ro\/#listItem","name":"Home"}},{"@type":"ListItem","@id":"https:\/\/bunuri.md\/ro\/product-category\/arbore-cotit-pentru-motobloc-mini-tractor\/#listItem","position":3,"name":"Arbore cotit pentru motobloc, mini tractor","item":"https:\/\/bunuri.md\/ro\/product-category\/arbore-cotit-pentru-motobloc-mini-tractor\/","nextItem":{"@type":"ListItem","@id":"https:\/\/bunuri.md\/ro\/shop\/ansamblu-arbore-cotit-motor-diesel-zs-zh1100-15-c-p\/#listItem","name":"Ansamblu arbore cotit, motor diesel ZS\/ZH1100, 15 c. p."},"previousItem":{"@type":"ListItem","@id":"https:\/\/bunuri.md\/ro\/shop-2\/#listItem","name":"Magazin"}},{"@type":"ListItem","@id":"https:\/\/bunuri.md\/ro\/shop\/ansamblu-arbore-cotit-motor-diesel-zs-zh1100-15-c-p\/#listItem","position":4,"name":"Ansamblu arbore cotit, motor diesel ZS\/ZH1100, 15 c. p.","previousItem":{"@type":"ListItem","@id":"https:\/\/bunuri.md\/ro\/product-category\/arbore-cotit-pentru-motobloc-mini-tractor\/#listItem","name":"Arbore cotit pentru motobloc, mini tractor"}}]},{"@type":"ItemPage","@id":"https:\/\/bunuri.md\/ro\/shop\/ansamblu-arbore-cotit-motor-diesel-zs-zh1100-15-c-p\/#itempage","url":"https:\/\/bunuri.md\/ro\/shop\/ansamblu-arbore-cotit-motor-diesel-zs-zh1100-15-c-p\/","name":"Ansamblu arbore cotit, motor diesel ZS\/ZH1100, 15 c. p.","description":"Transform\u0103 mi\u0219carea de piston a pistonului din mecanismul manivelei \u00een mi\u0219care de rota\u021bie, care este transmis\u0103 altor unit\u0103\u021bi ale mecanizmelor motoblocului.","inLanguage":"ro-RO","isPartOf":{"@id":"https:\/\/bunuri.md\/ro\/#website"},"breadcrumb":{"@id":"https:\/\/bunuri.md\/ro\/shop\/ansamblu-arbore-cotit-motor-diesel-zs-zh1100-15-c-p\/#breadcrumblist"},"datePublished":"2025-01-14T20:50:48+03:00","dateModified":"2025-01-14T23:21:00+03:00"},{"@type":"Organization","@id":"https:\/\/bunuri.md\/ro\/#organization","name":"\u00centreprinderea Individual\u0103 \"Buldumac Aliona\"","description":"\u0418\u041f \u00ab\u0411\u0443\u043b\u0434\u0443\u043c\u0430\u043a \u0410\u043b\u0435\u043d\u0430\u00bb - \u044d\u0442\u043e \u043d\u0430\u0434\u0451\u0436\u043d\u044b\u0439 \u0438 \u043e\u0440\u0438\u0435\u043d\u0442\u0438\u0440\u043e\u0432\u0430\u043d\u043d\u044b\u0439 \u043d\u0430 \u043a\u043b\u0438\u0435\u043d\u0442\u0430 \u0431\u0438\u0437\u043d\u0435\u0441, \u043f\u0440\u0435\u0434\u043b\u0430\u0433\u0430\u044e\u0449\u0438\u0439 \u043a\u0430\u0447\u0435\u0441\u0442\u0432\u0435\u043d\u043d\u044b\u0435 \u0442\u043e\u0432\u0430\u0440\u044b, \u0443\u0441\u043b\u0443\u0433\u0438 \u0441 \u0430\u043a\u0446\u0435\u043d\u0442\u043e\u043c \u043d\u0430 \u043f\u0440\u0430\u043a\u0442\u0438\u0447\u043d\u043e\u0441\u0442\u044c \u0438 \u0447\u0435\u0441\u0442\u043d\u044b\u0439 \u043f\u043e\u0434\u0445\u043e\u0434.","url":"https:\/\/bunuri.md\/ro\/","email":"bunuri.md@gmail.com","telephone":"+37379512557","foundingDate":"2006-09-27","numberOfEmployees":{"@type":"QuantitativeValue","minValue":0,"maxValue":4},"logo":{"@type":"ImageObject","url":"https:\/\/bunuri.md\/wp-content\/uploads\/2022\/08\/logo-bunuri.png","@id":"https:\/\/bunuri.md\/ro\/shop\/ansamblu-arbore-cotit-motor-diesel-zs-zh1100-15-c-p\/#organizationLogo","width":250,"height":250},"image":{"@id":"https:\/\/bunuri.md\/ro\/shop\/ansamblu-arbore-cotit-motor-diesel-zs-zh1100-15-c-p\/#organizationLogo"},"sameAs":["https:\/\/facebook.com\/https:\/\/www.facebook.com\/bunurimag","https:\/\/x.com\/https:\/\/www.facebook.com\/bunurimag","https:\/\/instagram.com\/https:\/\/www.facebook.com\/bunurimag","https:\/\/pinterest.com\/https:\/\/www.facebook.com\/bunurimag","https:\/\/youtube.com\/https:\/\/www.facebook.com\/bunurimag","https:\/\/linkedin.com\/in\/https:\/\/www.facebook.com\/bunurimag","https:\/\/soundcloud.com\/https:\/\/www.facebook.com\/bunurimag"],"address":{"@id":"https:\/\/bunuri.md\/ro\/#postaladdress","@type":"PostalAddress","streetAddress":"\u0420. \u041c\u043e\u043b\u0434\u043e\u0432\u0430, \u0433. \u0425\u044b\u043d\u0447\u0435\u0448\u0442\u044b","postalCode":"3401","addressLocality":"\u0425\u044b\u043d\u0447\u0435\u0448\u0442\u044b","addressRegion":"Moldova","addressCountry":"MD"}},{"@type":"WebPage","@id":"https:\/\/bunuri.md\/ro\/shop\/ansamblu-arbore-cotit-motor-diesel-zs-zh1100-15-c-p\/#webpage","url":"https:\/\/bunuri.md\/ro\/shop\/ansamblu-arbore-cotit-motor-diesel-zs-zh1100-15-c-p\/","name":"Ansamblu arbore cotit, motor diesel ZS\/ZH1100, 15 c. p.","description":"Transform\u0103 mi\u0219carea de piston a pistonului din mecanismul manivelei \u00een mi\u0219care de rota\u021bie, care este transmis\u0103 altor unit\u0103\u021bi ale mecanizmelor motoblocului.","inLanguage":"ro-RO","isPartOf":{"@id":"https:\/\/bunuri.md\/ro\/#website"},"breadcrumb":{"@id":"https:\/\/bunuri.md\/ro\/shop\/ansamblu-arbore-cotit-motor-diesel-zs-zh1100-15-c-p\/#breadcrumblist"},"datePublished":"2025-01-14T20:50:48+03:00","dateModified":"2025-01-14T23:21:00+03:00"},{"@type":"WebSite","@id":"https:\/\/bunuri.md\/ro\/#website","url":"https:\/\/bunuri.md\/ro\/","name":"www.bunuri.md","alternateName":"bunuri.md","description":"Bunuri.md este un magazin online care livreaz\u0103 \u0219i comercializeaz\u0103 o gam\u0103 larg\u0103 de m\u0103rfuri de diverse categorii pe \u00eentreg teritoriul Republicii Moldova.","inLanguage":"ro-RO","publisher":{"@id":"https:\/\/bunuri.md\/ro\/#organization"}}]},"og:locale":"ro_RO","og:site_name":"\u0418\u043d\u0442\u0435\u0440\u043d\u0435\u0442 \u043c\u0430\u0433\u0430\u0437\u0438\u043d \u041c\u043e\u043b\u0434\u043e\u0432\u0430 | Bunuri.md este un magazin online care livreaz\u0103 \u0219i comercializeaz\u0103 o gam\u0103 larg\u0103 de m\u0103rfuri de diverse categorii pe \u00eentreg teritoriul Republicii Moldova.","og:type":"article","og:title":"Ansamblu arbore cotit, motor diesel ZS\/ZH1100, 15 c. p.","og:description":"Transform\u0103 mi\u0219carea de piston a pistonului din mecanismul manivelei \u00een mi\u0219care de rota\u021bie, care este transmis\u0103 altor unit\u0103\u021bi ale mecanizmelor motoblocului.","og:url":"https:\/\/bunuri.md\/ro\/shop\/ansamblu-arbore-cotit-motor-diesel-zs-zh1100-15-c-p\/","og:image":"https:\/\/bunuri.md\/wp-content\/uploads\/2022\/10\/logobu.png","og:image:secure_url":"https:\/\/bunuri.md\/wp-content\/uploads\/2022\/10\/logobu.png","og:image:width":200,"og:image:height":200,"article:published_time":"2025-01-14T20:06:26+00:00","article:modified_time":"2025-01-14T20:21:00+00:00","article:publisher":"https:\/\/facebook.com\/https:\/\/www.facebook.com\/bunurimag","twitter:card":"summary","twitter:site":"@https:","twitter:title":"Ansamblu arbore cotit, motor diesel ZS\/ZH1100, 15 c. p.","twitter:description":"Transform\u0103 mi\u0219carea de piston a pistonului din mecanismul manivelei \u00een mi\u0219care de rota\u021bie, care este transmis\u0103 altor unit\u0103\u021bi ale mecanizmelor motoblocului.","twitter:image":"https:\/\/bunuri.md\/wp-content\/uploads\/2022\/10\/logobu.png"},"aioseo_meta_data":{"post_id":"9784","title":"Ansamblu arbore cotit, motor diesel ZS\/ZH1100, 15 c. p.","description":"Transform\u0103 mi\u0219carea de piston a pistonului din mecanismul manivelei \u00een mi\u0219care de rota\u021bie, care este transmis\u0103 altor unit\u0103\u021bi ale mecanizmelor motoblocului.","keywords":null,"keyphrases":{"focus":{"keyphrase":"","score":0,"analysis":{"keyphraseInTitle":{"score":0,"maxScore":9,"error":1}}},"additional":[]},"primary_term":null,"canonical_url":null,"og_title":null,"og_description":null,"og_object_type":"default","og_image_type":"default","og_image_url":null,"og_image_width":null,"og_image_height":null,"og_image_custom_url":null,"og_image_custom_fields":null,"og_video":"","og_custom_url":null,"og_article_section":null,"og_article_tags":null,"twitter_use_og":false,"twitter_card":"default","twitter_image_type":"default","twitter_image_url":null,"twitter_image_custom_url":null,"twitter_image_custom_fields":null,"twitter_title":null,"twitter_description":null,"schema":{"blockGraphs":[],"customGraphs":[],"default":{"data":{"Article":[],"Course":[],"Dataset":[],"FAQPage":[],"Movie":[],"Person":[],"Product":[],"ProductReview":[],"Car":[],"Recipe":[],"Service":[],"SoftwareApplication":[],"WebPage":[]},"graphName":"ItemPage","isEnabled":true},"graphs":[]},"schema_type":"default","schema_type_options":null,"pillar_content":false,"robots_default":true,"robots_noindex":false,"robots_noarchive":false,"robots_nosnippet":false,"robots_nofollow":false,"robots_noimageindex":false,"robots_noodp":false,"robots_notranslate":false,"robots_max_snippet":"-1","robots_max_videopreview":"-1","robots_max_imagepreview":"large","priority":null,"frequency":"default","local_seo":null,"seo_analyzer_scan_date":null,"breadcrumb_settings":null,"limit_modified_date":false,"reviewed_by":null,"open_ai":"{\"title\":{\"suggestions\":[],\"usage\":0},\"description\":{\"suggestions\":[],\"usage\":0}}","ai":null,"created":"2025-01-14 19:51:19","updated":"2025-05-30 05:43:50"},"aioseo_breadcrumb":"<div class=\"aioseo-breadcrumbs\"><span class=\"aioseo-breadcrumb\">\n\t<a href=\"https:\/\/bunuri.md\/ro\/\" title=\"Home\">Home<\/a>\n<\/span><span class=\"aioseo-breadcrumb-separator\">\u00bb<\/span><span class=\"aioseo-breadcrumb\">\n\t<a href=\"https:\/\/bunuri.md\/ro\/shop-2\/\" title=\"Magazin\">Magazin<\/a>\n<\/span><span class=\"aioseo-breadcrumb-separator\">\u00bb<\/span><span class=\"aioseo-breadcrumb\">\n\t<a href=\"https:\/\/bunuri.md\/ro\/product-category\/arbore-cotit-pentru-motobloc-mini-tractor\/\" title=\"Arbore cotit pentru motobloc, mini tractor\">Arbore cotit pentru motobloc, mini tractor<\/a>\n<\/span><span class=\"aioseo-breadcrumb-separator\">\u00bb<\/span><span class=\"aioseo-breadcrumb\">\n\tAnsamblu arbore cotit, motor diesel ZS\/ZH1100, 15 c. p.\n<\/span><\/div>","aioseo_breadcrumb_json":[{"label":"Home","link":"https:\/\/bunuri.md\/ro\/"},{"label":"Magazin","link":"https:\/\/bunuri.md\/ro\/shop-2\/"},{"label":"Arbore cotit pentru motobloc, mini tractor","link":"https:\/\/bunuri.md\/ro\/product-category\/arbore-cotit-pentru-motobloc-mini-tractor\/"},{"label":"Ansamblu arbore cotit, motor diesel ZS\/ZH1100, 15 c. p.","link":"https:\/\/bunuri.md\/ro\/shop\/ansamblu-arbore-cotit-motor-diesel-zs-zh1100-15-c-p\/"}],"brands":[],"_links":{"self":[{"href":"https:\/\/bunuri.md\/ro\/wp-json\/wp\/v2\/product\/9784","targetHints":{"allow":["GET"]}}],"collection":[{"href":"https:\/\/bunuri.md\/ro\/wp-json\/wp\/v2\/product"}],"about":[{"href":"https:\/\/bunuri.md\/ro\/wp-json\/wp\/v2\/types\/product"}],"replies":[{"embeddable":true,"href":"https:\/\/bunuri.md\/ro\/wp-json\/wp\/v2\/comments?post=9784"}],"wp:attachment":[{"href":"https:\/\/bunuri.md\/ro\/wp-json\/wp\/v2\/media?parent=9784"}],"wp:term":[{"taxonomy":"pwb-brand","embeddable":true,"href":"https:\/\/bunuri.md\/ro\/wp-json\/wp\/v2\/pwb-brand?post=9784"},{"taxonomy":"product_brand","embeddable":true,"href":"https:\/\/bunuri.md\/ro\/wp-json\/wp\/v2\/product_brand?post=9784"},{"taxonomy":"product_cat","embeddable":true,"href":"https:\/\/bunuri.md\/ro\/wp-json\/wp\/v2\/product_cat?post=9784"},{"taxonomy":"product_tag","embeddable":true,"href":"https:\/\/bunuri.md\/ro\/wp-json\/wp\/v2\/product_tag?post=9784"}],"curies":[{"name":"wp","href":"https:\/\/api.w.org\/{rel}","templated":true}]}}