{"id":9818,"date":"2025-01-17T12:43:08","date_gmt":"2025-01-17T11:07:47","guid":{"rendered":"https:\/\/bunuri.md\/?post_type=product&#038;p=9818"},"modified":"2025-01-18T08:36:23","modified_gmt":"2025-01-18T05:36:23","slug":"driver-cu-impact-cu-acumulator-20v-22ah-ingco-cirli2023","status":"publish","type":"product","link":"https:\/\/bunuri.md\/ro\/shop\/driver-cu-impact-cu-acumulator-20v-22ah-ingco-cirli2023\/","title":{"rendered":"Masina de insurubat cu impact pe acumulator INGCO CIRLI2023"},"content":{"rendered":"<p><strong>Driver cu impact cu acumulator 20V\/2*2Ah INGCO CIRLI2023<\/strong><a href=\"https:\/\/bunuri.md\/ro\/noutatile-magazinului\/ingco-este-una-dintre-cele-mai-bune-marci-de-scule-pe-piata\/\"> este o unealta puternica cu motor fara perii, conceputa pentru lucrari eficiente de constructii si reparatii. Combin\u0103 performan\u021ba ridicat\u0103 \u0219i u\u0219urin\u021ba \u00een utilizare, f\u0103c\u00e2ndu-l o alegere excelent\u0103 pentru lucrul cu o varietate de materiale.<\/a><\/p>\n<p><strong>Principalele caracteristici:<\/strong><\/p>\n<ul>\n<li><strong>Producator:<\/strong> INGCO.<\/li>\n<li><strong>Motor:<\/strong> f\u0103r\u0103 perii, durat\u0103 lung\u0103 de via\u021b\u0103 \u0219i performan\u021b\u0103 stabil\u0103.<\/li>\n<li><strong>Tensiune de alimentare:<\/strong> 20 V.<\/li>\n<li><strong>Capacitate baterie:<\/strong> 2,0 Ah.<\/li>\n<li><strong>Numar de baterii:<\/strong> 2 buc.<\/li>\n<li><strong>Tija hexagonal\u0103:<\/strong> 6,35 mm, ofer\u0103 schimb\u0103ri rapide \u0219i u\u0219oare ale bitului.<\/li>\n<li><strong>Viteza \u00een gol:<\/strong> 0-2000\/0-2400\/0-2600 rpm, reglabil\u0103 pentru sarcini specifice.<\/li>\n<li><strong>Frecven\u021ba impactului:<\/strong> 0-2100\/0-2500\/0-2900 bpm, ideal\u0103 pentru lucrul cu materiale dure.<\/li>\n<li><strong>Cuplul maxim:<\/strong> 230 Nm, ofer\u0103 putere pentru lucr\u0103ri dificile de prindere.<\/li>\n<li><strong>Iluminare:<\/strong> Iluminare LED \u00eencorporat\u0103 pentru lucrul \u00een condi\u021bii de vizibilitate sc\u0103zut\u0103.<\/li>\n<li><strong>Diametru mandrina :<\/strong> 6,35 mm.<\/li>\n<li><strong>Greutate:<\/strong> 1560 gr.<\/li>\n<\/ul>\n<p><strong>Echipament:<\/strong><\/p>\n<ul>\n<li>2 buc\u0103\u021bi de \u0219urubelni\u021b\u0103.<\/li>\n<li>2 baterii de 2,0 Ah (FBLI20011) pentru o func\u021bionare de lung\u0103 durat\u0103.<\/li>\n<li>\u00cenc\u0103rc\u0103tor (FCLI2001) cu tensiune de intrare 220-240V ~ 50\/60Hz.<\/li>\n<li>Geant\u0103 convenabil\u0103 pentru depozitarea \u0219i protejarea sculelor.<\/li>\n<\/ul>\n<p><strong>Cu INGCO CIRLI2023 pute\u021bi \u00eendeplini cu u\u0219urin\u021b\u0103 o varietate de sarcini, ob\u021bin\u00e2nd o precizie ridicat\u0103 \u0219i confort la locul de munc\u0103.<\/strong><\/p>\n","protected":false},"excerpt":{"rendered":"<p>Destinat pentru lucr\u0103ri de construc\u021bie \u0219i renovare care necesit\u0103 putere, mobilitate \u0219i fiabilitate. Instrument pentru lucrul cu diverse elemente de fixare.<\/p>\n","protected":false},"featured_media":9816,"comment_status":"closed","ping_status":"closed","template":"","meta":{"om_disable_all_campaigns":false},"pwb-brand":[],"product_brand":[],"product_cat":[532],"product_tag":[],"class_list":{"0":"post-9818","1":"product","2":"type-product","3":"status-publish","4":"has-post-thumbnail","6":"product_cat-unelte-fara-fir","8":"first","9":"instock","10":"sale","11":"purchasable","12":"product-type-simple"},"aioseo_notices":[],"aioseo_head":"\n\t\t<!-- All in One SEO Pro 4.9.6.2 - aioseo.com -->\n\t<meta name=\"description\" content=\"Destinat pentru lucr\u0103ri de construc\u021bie \u0219i renovare care necesit\u0103 putere, mobilitate \u0219i fiabilitate. Instrument pentru lucrul cu diverse elemente de fixare.\" \/>\n\t<meta name=\"robots\" content=\"max-image-preview:large\" \/>\n\t<link rel=\"canonical\" href=\"https:\/\/bunuri.md\/ro\/shop\/driver-cu-impact-cu-acumulator-20v-22ah-ingco-cirli2023\/\" \/>\n\t<meta name=\"generator\" content=\"All in One SEO Pro (AIOSEO) 4.9.6.2\" \/>\n\t\t<meta property=\"og:locale\" content=\"ro_RO\" \/>\n\t\t<meta property=\"og:site_name\" content=\"\u0418\u043d\u0442\u0435\u0440\u043d\u0435\u0442 \u043c\u0430\u0433\u0430\u0437\u0438\u043d \u041c\u043e\u043b\u0434\u043e\u0432\u0430 | Bunuri.md este un magazin online care livreaz\u0103 \u0219i comercializeaz\u0103 o gam\u0103 larg\u0103 de m\u0103rfuri de diverse categorii pe \u00eentreg teritoriul Republicii Moldova.\" \/>\n\t\t<meta property=\"og:type\" content=\"article\" \/>\n\t\t<meta property=\"og:title\" content=\"Masina de insurubat cu impact pe acumulator INGCO CIRLI2023\" \/>\n\t\t<meta property=\"og:description\" content=\"Destinat pentru lucr\u0103ri de construc\u021bie \u0219i renovare care necesit\u0103 putere, mobilitate \u0219i fiabilitate. Instrument pentru lucrul cu diverse elemente de fixare.\" \/>\n\t\t<meta property=\"og:url\" content=\"https:\/\/bunuri.md\/ro\/shop\/driver-cu-impact-cu-acumulator-20v-22ah-ingco-cirli2023\/\" \/>\n\t\t<meta property=\"og:image\" content=\"https:\/\/bunuri.md\/wp-content\/uploads\/2022\/10\/logobu.png\" \/>\n\t\t<meta property=\"og:image:secure_url\" content=\"https:\/\/bunuri.md\/wp-content\/uploads\/2022\/10\/logobu.png\" \/>\n\t\t<meta property=\"og:image:width\" content=\"200\" \/>\n\t\t<meta property=\"og:image:height\" content=\"200\" \/>\n\t\t<meta property=\"article:published_time\" content=\"2025-01-17T11:07:47+00:00\" \/>\n\t\t<meta property=\"article:modified_time\" content=\"2025-01-18T05:36:23+00:00\" \/>\n\t\t<meta property=\"article:publisher\" content=\"https:\/\/facebook.com\/https:\/\/www.facebook.com\/bunurimag\" \/>\n\t\t<meta name=\"twitter:card\" content=\"summary\" \/>\n\t\t<meta name=\"twitter:site\" content=\"@https:\" \/>\n\t\t<meta name=\"twitter:title\" content=\"Masina de insurubat cu impact pe acumulator INGCO CIRLI2023\" \/>\n\t\t<meta name=\"twitter:description\" content=\"Destinat pentru lucr\u0103ri de construc\u021bie \u0219i renovare care necesit\u0103 putere, mobilitate \u0219i fiabilitate. Instrument pentru lucrul cu diverse elemente de fixare.\" \/>\n\t\t<meta name=\"twitter:image\" content=\"https:\/\/bunuri.md\/wp-content\/uploads\/2022\/10\/logobu.png\" \/>\n\t\t<script type=\"application\/ld+json\" class=\"aioseo-schema\">\n\t\t\t{\"@context\":\"https:\\\/\\\/schema.org\",\"@graph\":[{\"@type\":\"BreadcrumbList\",\"@id\":\"https:\\\/\\\/bunuri.md\\\/ro\\\/shop\\\/driver-cu-impact-cu-acumulator-20v-22ah-ingco-cirli2023\\\/#breadcrumblist\",\"itemListElement\":[{\"@type\":\"ListItem\",\"@id\":\"https:\\\/\\\/bunuri.md\\\/ro\\\/#listItem\",\"position\":1,\"name\":\"Home\",\"item\":\"https:\\\/\\\/bunuri.md\\\/ro\\\/\",\"nextItem\":{\"@type\":\"ListItem\",\"@id\":\"https:\\\/\\\/bunuri.md\\\/ro\\\/shop-2\\\/#listItem\",\"name\":\"Magazin\"}},{\"@type\":\"ListItem\",\"@id\":\"https:\\\/\\\/bunuri.md\\\/ro\\\/shop-2\\\/#listItem\",\"position\":2,\"name\":\"Magazin\",\"item\":\"https:\\\/\\\/bunuri.md\\\/ro\\\/shop-2\\\/\",\"nextItem\":{\"@type\":\"ListItem\",\"@id\":\"https:\\\/\\\/bunuri.md\\\/ro\\\/product-category\\\/unelte-fara-fir\\\/#listItem\",\"name\":\"Unelte f\\u0103r\\u0103 fir\"},\"previousItem\":{\"@type\":\"ListItem\",\"@id\":\"https:\\\/\\\/bunuri.md\\\/ro\\\/#listItem\",\"name\":\"Home\"}},{\"@type\":\"ListItem\",\"@id\":\"https:\\\/\\\/bunuri.md\\\/ro\\\/product-category\\\/unelte-fara-fir\\\/#listItem\",\"position\":3,\"name\":\"Unelte f\\u0103r\\u0103 fir\",\"item\":\"https:\\\/\\\/bunuri.md\\\/ro\\\/product-category\\\/unelte-fara-fir\\\/\",\"nextItem\":{\"@type\":\"ListItem\",\"@id\":\"https:\\\/\\\/bunuri.md\\\/ro\\\/shop\\\/driver-cu-impact-cu-acumulator-20v-22ah-ingco-cirli2023\\\/#listItem\",\"name\":\"Masina de insurubat cu impact pe acumulator INGCO CIRLI2023\"},\"previousItem\":{\"@type\":\"ListItem\",\"@id\":\"https:\\\/\\\/bunuri.md\\\/ro\\\/shop-2\\\/#listItem\",\"name\":\"Magazin\"}},{\"@type\":\"ListItem\",\"@id\":\"https:\\\/\\\/bunuri.md\\\/ro\\\/shop\\\/driver-cu-impact-cu-acumulator-20v-22ah-ingco-cirli2023\\\/#listItem\",\"position\":4,\"name\":\"Masina de insurubat cu impact pe acumulator INGCO CIRLI2023\",\"previousItem\":{\"@type\":\"ListItem\",\"@id\":\"https:\\\/\\\/bunuri.md\\\/ro\\\/product-category\\\/unelte-fara-fir\\\/#listItem\",\"name\":\"Unelte f\\u0103r\\u0103 fir\"}}]},{\"@type\":\"ItemPage\",\"@id\":\"https:\\\/\\\/bunuri.md\\\/ro\\\/shop\\\/driver-cu-impact-cu-acumulator-20v-22ah-ingco-cirli2023\\\/#itempage\",\"url\":\"https:\\\/\\\/bunuri.md\\\/ro\\\/shop\\\/driver-cu-impact-cu-acumulator-20v-22ah-ingco-cirli2023\\\/\",\"name\":\"Masina de insurubat cu impact pe acumulator INGCO CIRLI2023\",\"description\":\"Destinat pentru lucr\\u0103ri de construc\\u021bie \\u0219i renovare care necesit\\u0103 putere, mobilitate \\u0219i fiabilitate. Instrument pentru lucrul cu diverse elemente de fixare.\",\"inLanguage\":\"ro-RO\",\"isPartOf\":{\"@id\":\"https:\\\/\\\/bunuri.md\\\/ro\\\/#website\"},\"breadcrumb\":{\"@id\":\"https:\\\/\\\/bunuri.md\\\/ro\\\/shop\\\/driver-cu-impact-cu-acumulator-20v-22ah-ingco-cirli2023\\\/#breadcrumblist\"},\"image\":{\"@type\":\"ImageObject\",\"url\":\"https:\\\/\\\/bunuri.md\\\/wp-content\\\/uploads\\\/2025\\\/01\\\/Driver_cu_impact_fara_fir_2023.jpg\",\"@id\":\"https:\\\/\\\/bunuri.md\\\/ro\\\/shop\\\/driver-cu-impact-cu-acumulator-20v-22ah-ingco-cirli2023\\\/#mainImage\",\"width\":600,\"height\":600,\"caption\":\"Driver_cu_impact_fara_fir_2023\"},\"primaryImageOfPage\":{\"@id\":\"https:\\\/\\\/bunuri.md\\\/ro\\\/shop\\\/driver-cu-impact-cu-acumulator-20v-22ah-ingco-cirli2023\\\/#mainImage\"},\"datePublished\":\"2025-01-17T12:43:08+03:00\",\"dateModified\":\"2025-01-18T08:36:23+03:00\"},{\"@type\":\"Organization\",\"@id\":\"https:\\\/\\\/bunuri.md\\\/ro\\\/#organization\",\"name\":\"\\u00centreprinderea Individual\\u0103 \\\"Buldumac Aliona\\\"\",\"description\":\"\\u0418\\u041f \\u00ab\\u0411\\u0443\\u043b\\u0434\\u0443\\u043c\\u0430\\u043a \\u0410\\u043b\\u0435\\u043d\\u0430\\u00bb - \\u044d\\u0442\\u043e \\u043d\\u0430\\u0434\\u0451\\u0436\\u043d\\u044b\\u0439 \\u0438 \\u043e\\u0440\\u0438\\u0435\\u043d\\u0442\\u0438\\u0440\\u043e\\u0432\\u0430\\u043d\\u043d\\u044b\\u0439 \\u043d\\u0430 \\u043a\\u043b\\u0438\\u0435\\u043d\\u0442\\u0430 \\u0431\\u0438\\u0437\\u043d\\u0435\\u0441, \\u043f\\u0440\\u0435\\u0434\\u043b\\u0430\\u0433\\u0430\\u044e\\u0449\\u0438\\u0439 \\u043a\\u0430\\u0447\\u0435\\u0441\\u0442\\u0432\\u0435\\u043d\\u043d\\u044b\\u0435 \\u0442\\u043e\\u0432\\u0430\\u0440\\u044b, \\u0443\\u0441\\u043b\\u0443\\u0433\\u0438 \\u0441 \\u0430\\u043a\\u0446\\u0435\\u043d\\u0442\\u043e\\u043c \\u043d\\u0430 \\u043f\\u0440\\u0430\\u043a\\u0442\\u0438\\u0447\\u043d\\u043e\\u0441\\u0442\\u044c \\u0438 \\u0447\\u0435\\u0441\\u0442\\u043d\\u044b\\u0439 \\u043f\\u043e\\u0434\\u0445\\u043e\\u0434.\",\"url\":\"https:\\\/\\\/bunuri.md\\\/ro\\\/\",\"email\":\"bunuri.md@gmail.com\",\"telephone\":\"+37379512557\",\"foundingDate\":\"2006-09-27\",\"numberOfEmployees\":{\"@type\":\"QuantitativeValue\",\"minValue\":0,\"maxValue\":4},\"logo\":{\"@type\":\"ImageObject\",\"url\":\"https:\\\/\\\/bunuri.md\\\/wp-content\\\/uploads\\\/2022\\\/08\\\/logo-bunuri.png\",\"@id\":\"https:\\\/\\\/bunuri.md\\\/ro\\\/shop\\\/driver-cu-impact-cu-acumulator-20v-22ah-ingco-cirli2023\\\/#organizationLogo\",\"width\":250,\"height\":250},\"image\":{\"@id\":\"https:\\\/\\\/bunuri.md\\\/ro\\\/shop\\\/driver-cu-impact-cu-acumulator-20v-22ah-ingco-cirli2023\\\/#organizationLogo\"},\"sameAs\":[\"https:\\\/\\\/facebook.com\\\/https:\\\/\\\/www.facebook.com\\\/bunurimag\",\"https:\\\/\\\/x.com\\\/https:\\\/\\\/www.facebook.com\\\/bunurimag\",\"https:\\\/\\\/instagram.com\\\/https:\\\/\\\/www.facebook.com\\\/bunurimag\",\"https:\\\/\\\/pinterest.com\\\/https:\\\/\\\/www.facebook.com\\\/bunurimag\",\"https:\\\/\\\/youtube.com\\\/https:\\\/\\\/www.facebook.com\\\/bunurimag\",\"https:\\\/\\\/linkedin.com\\\/in\\\/https:\\\/\\\/www.facebook.com\\\/bunurimag\",\"https:\\\/\\\/soundcloud.com\\\/https:\\\/\\\/www.facebook.com\\\/bunurimag\"],\"address\":{\"@id\":\"https:\\\/\\\/bunuri.md\\\/ro\\\/#postaladdress\",\"@type\":\"PostalAddress\",\"streetAddress\":\"\\u0420. \\u041c\\u043e\\u043b\\u0434\\u043e\\u0432\\u0430, \\u0433. \\u0425\\u044b\\u043d\\u0447\\u0435\\u0448\\u0442\\u044b\",\"postalCode\":\"3401\",\"addressLocality\":\"\\u0425\\u044b\\u043d\\u0447\\u0435\\u0448\\u0442\\u044b\",\"addressRegion\":\"Moldova\",\"addressCountry\":\"MD\"}},{\"@type\":\"WebPage\",\"@id\":\"https:\\\/\\\/bunuri.md\\\/ro\\\/shop\\\/driver-cu-impact-cu-acumulator-20v-22ah-ingco-cirli2023\\\/#webpage\",\"url\":\"https:\\\/\\\/bunuri.md\\\/ro\\\/shop\\\/driver-cu-impact-cu-acumulator-20v-22ah-ingco-cirli2023\\\/\",\"name\":\"Masina de insurubat cu impact pe acumulator INGCO CIRLI2023\",\"description\":\"Destinat pentru lucr\\u0103ri de construc\\u021bie \\u0219i renovare care necesit\\u0103 putere, mobilitate \\u0219i fiabilitate. Instrument pentru lucrul cu diverse elemente de fixare.\",\"inLanguage\":\"ro-RO\",\"isPartOf\":{\"@id\":\"https:\\\/\\\/bunuri.md\\\/ro\\\/#website\"},\"breadcrumb\":{\"@id\":\"https:\\\/\\\/bunuri.md\\\/ro\\\/shop\\\/driver-cu-impact-cu-acumulator-20v-22ah-ingco-cirli2023\\\/#breadcrumblist\"},\"image\":{\"@type\":\"ImageObject\",\"url\":\"https:\\\/\\\/bunuri.md\\\/wp-content\\\/uploads\\\/2025\\\/01\\\/Driver_cu_impact_fara_fir_2023.jpg\",\"@id\":\"https:\\\/\\\/bunuri.md\\\/ro\\\/shop\\\/driver-cu-impact-cu-acumulator-20v-22ah-ingco-cirli2023\\\/#mainImage\",\"width\":600,\"height\":600,\"caption\":\"Driver_cu_impact_fara_fir_2023\"},\"primaryImageOfPage\":{\"@id\":\"https:\\\/\\\/bunuri.md\\\/ro\\\/shop\\\/driver-cu-impact-cu-acumulator-20v-22ah-ingco-cirli2023\\\/#mainImage\"},\"datePublished\":\"2025-01-17T12:43:08+03:00\",\"dateModified\":\"2025-01-18T08:36:23+03:00\"},{\"@type\":\"WebSite\",\"@id\":\"https:\\\/\\\/bunuri.md\\\/ro\\\/#website\",\"url\":\"https:\\\/\\\/bunuri.md\\\/ro\\\/\",\"name\":\"www.bunuri.md\",\"alternateName\":\"bunuri.md\",\"description\":\"Bunuri.md este un magazin online care livreaz\\u0103 \\u0219i comercializeaz\\u0103 o gam\\u0103 larg\\u0103 de m\\u0103rfuri de diverse categorii pe \\u00eentreg teritoriul Republicii Moldova.\",\"inLanguage\":\"ro-RO\",\"publisher\":{\"@id\":\"https:\\\/\\\/bunuri.md\\\/ro\\\/#organization\"}}]}\n\t\t<\/script>\n\t\t<!-- All in One SEO Pro -->\r\n\t\t<title>Masina de insurubat cu impact pe acumulator INGCO CIRLI2023<\/title>\n\n","aioseo_head_json":{"title":"Masina de insurubat cu impact pe acumulator INGCO CIRLI2023","description":"Destinat pentru lucr\u0103ri de construc\u021bie \u0219i renovare care necesit\u0103 putere, mobilitate \u0219i fiabilitate. Instrument pentru lucrul cu diverse elemente de fixare.","canonical_url":"https:\/\/bunuri.md\/ro\/shop\/driver-cu-impact-cu-acumulator-20v-22ah-ingco-cirli2023\/","robots":"max-image-preview:large","keywords":"","webmasterTools":{"miscellaneous":""},"schema":{"@context":"https:\/\/schema.org","@graph":[{"@type":"BreadcrumbList","@id":"https:\/\/bunuri.md\/ro\/shop\/driver-cu-impact-cu-acumulator-20v-22ah-ingco-cirli2023\/#breadcrumblist","itemListElement":[{"@type":"ListItem","@id":"https:\/\/bunuri.md\/ro\/#listItem","position":1,"name":"Home","item":"https:\/\/bunuri.md\/ro\/","nextItem":{"@type":"ListItem","@id":"https:\/\/bunuri.md\/ro\/shop-2\/#listItem","name":"Magazin"}},{"@type":"ListItem","@id":"https:\/\/bunuri.md\/ro\/shop-2\/#listItem","position":2,"name":"Magazin","item":"https:\/\/bunuri.md\/ro\/shop-2\/","nextItem":{"@type":"ListItem","@id":"https:\/\/bunuri.md\/ro\/product-category\/unelte-fara-fir\/#listItem","name":"Unelte f\u0103r\u0103 fir"},"previousItem":{"@type":"ListItem","@id":"https:\/\/bunuri.md\/ro\/#listItem","name":"Home"}},{"@type":"ListItem","@id":"https:\/\/bunuri.md\/ro\/product-category\/unelte-fara-fir\/#listItem","position":3,"name":"Unelte f\u0103r\u0103 fir","item":"https:\/\/bunuri.md\/ro\/product-category\/unelte-fara-fir\/","nextItem":{"@type":"ListItem","@id":"https:\/\/bunuri.md\/ro\/shop\/driver-cu-impact-cu-acumulator-20v-22ah-ingco-cirli2023\/#listItem","name":"Masina de insurubat cu impact pe acumulator INGCO CIRLI2023"},"previousItem":{"@type":"ListItem","@id":"https:\/\/bunuri.md\/ro\/shop-2\/#listItem","name":"Magazin"}},{"@type":"ListItem","@id":"https:\/\/bunuri.md\/ro\/shop\/driver-cu-impact-cu-acumulator-20v-22ah-ingco-cirli2023\/#listItem","position":4,"name":"Masina de insurubat cu impact pe acumulator INGCO CIRLI2023","previousItem":{"@type":"ListItem","@id":"https:\/\/bunuri.md\/ro\/product-category\/unelte-fara-fir\/#listItem","name":"Unelte f\u0103r\u0103 fir"}}]},{"@type":"ItemPage","@id":"https:\/\/bunuri.md\/ro\/shop\/driver-cu-impact-cu-acumulator-20v-22ah-ingco-cirli2023\/#itempage","url":"https:\/\/bunuri.md\/ro\/shop\/driver-cu-impact-cu-acumulator-20v-22ah-ingco-cirli2023\/","name":"Masina de insurubat cu impact pe acumulator INGCO CIRLI2023","description":"Destinat pentru lucr\u0103ri de construc\u021bie \u0219i renovare care necesit\u0103 putere, mobilitate \u0219i fiabilitate. Instrument pentru lucrul cu diverse elemente de fixare.","inLanguage":"ro-RO","isPartOf":{"@id":"https:\/\/bunuri.md\/ro\/#website"},"breadcrumb":{"@id":"https:\/\/bunuri.md\/ro\/shop\/driver-cu-impact-cu-acumulator-20v-22ah-ingco-cirli2023\/#breadcrumblist"},"image":{"@type":"ImageObject","url":"https:\/\/bunuri.md\/wp-content\/uploads\/2025\/01\/Driver_cu_impact_fara_fir_2023.jpg","@id":"https:\/\/bunuri.md\/ro\/shop\/driver-cu-impact-cu-acumulator-20v-22ah-ingco-cirli2023\/#mainImage","width":600,"height":600,"caption":"Driver_cu_impact_fara_fir_2023"},"primaryImageOfPage":{"@id":"https:\/\/bunuri.md\/ro\/shop\/driver-cu-impact-cu-acumulator-20v-22ah-ingco-cirli2023\/#mainImage"},"datePublished":"2025-01-17T12:43:08+03:00","dateModified":"2025-01-18T08:36:23+03:00"},{"@type":"Organization","@id":"https:\/\/bunuri.md\/ro\/#organization","name":"\u00centreprinderea Individual\u0103 \"Buldumac Aliona\"","description":"\u0418\u041f \u00ab\u0411\u0443\u043b\u0434\u0443\u043c\u0430\u043a \u0410\u043b\u0435\u043d\u0430\u00bb - \u044d\u0442\u043e \u043d\u0430\u0434\u0451\u0436\u043d\u044b\u0439 \u0438 \u043e\u0440\u0438\u0435\u043d\u0442\u0438\u0440\u043e\u0432\u0430\u043d\u043d\u044b\u0439 \u043d\u0430 \u043a\u043b\u0438\u0435\u043d\u0442\u0430 \u0431\u0438\u0437\u043d\u0435\u0441, \u043f\u0440\u0435\u0434\u043b\u0430\u0433\u0430\u044e\u0449\u0438\u0439 \u043a\u0430\u0447\u0435\u0441\u0442\u0432\u0435\u043d\u043d\u044b\u0435 \u0442\u043e\u0432\u0430\u0440\u044b, \u0443\u0441\u043b\u0443\u0433\u0438 \u0441 \u0430\u043a\u0446\u0435\u043d\u0442\u043e\u043c \u043d\u0430 \u043f\u0440\u0430\u043a\u0442\u0438\u0447\u043d\u043e\u0441\u0442\u044c \u0438 \u0447\u0435\u0441\u0442\u043d\u044b\u0439 \u043f\u043e\u0434\u0445\u043e\u0434.","url":"https:\/\/bunuri.md\/ro\/","email":"bunuri.md@gmail.com","telephone":"+37379512557","foundingDate":"2006-09-27","numberOfEmployees":{"@type":"QuantitativeValue","minValue":0,"maxValue":4},"logo":{"@type":"ImageObject","url":"https:\/\/bunuri.md\/wp-content\/uploads\/2022\/08\/logo-bunuri.png","@id":"https:\/\/bunuri.md\/ro\/shop\/driver-cu-impact-cu-acumulator-20v-22ah-ingco-cirli2023\/#organizationLogo","width":250,"height":250},"image":{"@id":"https:\/\/bunuri.md\/ro\/shop\/driver-cu-impact-cu-acumulator-20v-22ah-ingco-cirli2023\/#organizationLogo"},"sameAs":["https:\/\/facebook.com\/https:\/\/www.facebook.com\/bunurimag","https:\/\/x.com\/https:\/\/www.facebook.com\/bunurimag","https:\/\/instagram.com\/https:\/\/www.facebook.com\/bunurimag","https:\/\/pinterest.com\/https:\/\/www.facebook.com\/bunurimag","https:\/\/youtube.com\/https:\/\/www.facebook.com\/bunurimag","https:\/\/linkedin.com\/in\/https:\/\/www.facebook.com\/bunurimag","https:\/\/soundcloud.com\/https:\/\/www.facebook.com\/bunurimag"],"address":{"@id":"https:\/\/bunuri.md\/ro\/#postaladdress","@type":"PostalAddress","streetAddress":"\u0420. \u041c\u043e\u043b\u0434\u043e\u0432\u0430, \u0433. \u0425\u044b\u043d\u0447\u0435\u0448\u0442\u044b","postalCode":"3401","addressLocality":"\u0425\u044b\u043d\u0447\u0435\u0448\u0442\u044b","addressRegion":"Moldova","addressCountry":"MD"}},{"@type":"WebPage","@id":"https:\/\/bunuri.md\/ro\/shop\/driver-cu-impact-cu-acumulator-20v-22ah-ingco-cirli2023\/#webpage","url":"https:\/\/bunuri.md\/ro\/shop\/driver-cu-impact-cu-acumulator-20v-22ah-ingco-cirli2023\/","name":"Masina de insurubat cu impact pe acumulator INGCO CIRLI2023","description":"Destinat pentru lucr\u0103ri de construc\u021bie \u0219i renovare care necesit\u0103 putere, mobilitate \u0219i fiabilitate. Instrument pentru lucrul cu diverse elemente de fixare.","inLanguage":"ro-RO","isPartOf":{"@id":"https:\/\/bunuri.md\/ro\/#website"},"breadcrumb":{"@id":"https:\/\/bunuri.md\/ro\/shop\/driver-cu-impact-cu-acumulator-20v-22ah-ingco-cirli2023\/#breadcrumblist"},"image":{"@type":"ImageObject","url":"https:\/\/bunuri.md\/wp-content\/uploads\/2025\/01\/Driver_cu_impact_fara_fir_2023.jpg","@id":"https:\/\/bunuri.md\/ro\/shop\/driver-cu-impact-cu-acumulator-20v-22ah-ingco-cirli2023\/#mainImage","width":600,"height":600,"caption":"Driver_cu_impact_fara_fir_2023"},"primaryImageOfPage":{"@id":"https:\/\/bunuri.md\/ro\/shop\/driver-cu-impact-cu-acumulator-20v-22ah-ingco-cirli2023\/#mainImage"},"datePublished":"2025-01-17T12:43:08+03:00","dateModified":"2025-01-18T08:36:23+03:00"},{"@type":"WebSite","@id":"https:\/\/bunuri.md\/ro\/#website","url":"https:\/\/bunuri.md\/ro\/","name":"www.bunuri.md","alternateName":"bunuri.md","description":"Bunuri.md este un magazin online care livreaz\u0103 \u0219i comercializeaz\u0103 o gam\u0103 larg\u0103 de m\u0103rfuri de diverse categorii pe \u00eentreg teritoriul Republicii Moldova.","inLanguage":"ro-RO","publisher":{"@id":"https:\/\/bunuri.md\/ro\/#organization"}}]},"og:locale":"ro_RO","og:site_name":"\u0418\u043d\u0442\u0435\u0440\u043d\u0435\u0442 \u043c\u0430\u0433\u0430\u0437\u0438\u043d \u041c\u043e\u043b\u0434\u043e\u0432\u0430 | Bunuri.md este un magazin online care livreaz\u0103 \u0219i comercializeaz\u0103 o gam\u0103 larg\u0103 de m\u0103rfuri de diverse categorii pe \u00eentreg teritoriul Republicii Moldova.","og:type":"article","og:title":"Masina de insurubat cu impact pe acumulator INGCO CIRLI2023","og:description":"Destinat pentru lucr\u0103ri de construc\u021bie \u0219i renovare care necesit\u0103 putere, mobilitate \u0219i fiabilitate. Instrument pentru lucrul cu diverse elemente de fixare.","og:url":"https:\/\/bunuri.md\/ro\/shop\/driver-cu-impact-cu-acumulator-20v-22ah-ingco-cirli2023\/","og:image":"https:\/\/bunuri.md\/wp-content\/uploads\/2022\/10\/logobu.png","og:image:secure_url":"https:\/\/bunuri.md\/wp-content\/uploads\/2022\/10\/logobu.png","og:image:width":200,"og:image:height":200,"article:published_time":"2025-01-17T11:07:47+00:00","article:modified_time":"2025-01-18T05:36:23+00:00","article:publisher":"https:\/\/facebook.com\/https:\/\/www.facebook.com\/bunurimag","twitter:card":"summary","twitter:site":"@https:","twitter:title":"Masina de insurubat cu impact pe acumulator INGCO CIRLI2023","twitter:description":"Destinat pentru lucr\u0103ri de construc\u021bie \u0219i renovare care necesit\u0103 putere, mobilitate \u0219i fiabilitate. Instrument pentru lucrul cu diverse elemente de fixare.","twitter:image":"https:\/\/bunuri.md\/wp-content\/uploads\/2022\/10\/logobu.png"},"aioseo_meta_data":{"post_id":"9818","title":"Masina de insurubat cu impact pe acumulator INGCO CIRLI2023","description":"Destinat pentru lucr\u0103ri de construc\u021bie \u0219i renovare care necesit\u0103 putere, mobilitate \u0219i fiabilitate. Instrument pentru lucrul cu diverse elemente de fixare.","keywords":null,"keyphrases":{"focus":{"keyphrase":"","score":0,"analysis":{"keyphraseInTitle":{"score":0,"maxScore":9,"error":1}}},"additional":[]},"primary_term":null,"canonical_url":null,"og_title":null,"og_description":null,"og_object_type":"default","og_image_type":"default","og_image_url":null,"og_image_width":null,"og_image_height":null,"og_image_custom_url":null,"og_image_custom_fields":null,"og_video":"","og_custom_url":null,"og_article_section":null,"og_article_tags":null,"twitter_use_og":false,"twitter_card":"default","twitter_image_type":"default","twitter_image_url":null,"twitter_image_custom_url":null,"twitter_image_custom_fields":null,"twitter_title":null,"twitter_description":null,"schema":{"blockGraphs":[],"customGraphs":[],"default":{"data":{"Article":[],"Course":[],"Dataset":[],"FAQPage":[],"Movie":[],"Person":[],"Product":[],"ProductReview":[],"Car":[],"Recipe":[],"Service":[],"SoftwareApplication":[],"WebPage":[]},"graphName":"ItemPage","isEnabled":true},"graphs":[]},"schema_type":"default","schema_type_options":null,"pillar_content":false,"robots_default":true,"robots_noindex":false,"robots_noarchive":false,"robots_nosnippet":false,"robots_nofollow":false,"robots_noimageindex":false,"robots_noodp":false,"robots_notranslate":false,"robots_max_snippet":"-1","robots_max_videopreview":"-1","robots_max_imagepreview":"large","priority":null,"frequency":"default","local_seo":null,"seo_analyzer_scan_date":null,"breadcrumb_settings":null,"limit_modified_date":false,"reviewed_by":null,"open_ai":"{\"title\":{\"suggestions\":[],\"usage\":0},\"description\":{\"suggestions\":[],\"usage\":0}}","ai":null,"created":"2025-01-17 11:02:19","updated":"2025-05-30 05:44:51"},"aioseo_breadcrumb":"<div class=\"aioseo-breadcrumbs\"><span class=\"aioseo-breadcrumb\">\n\t<a href=\"https:\/\/bunuri.md\/ro\/\" title=\"Home\">Home<\/a>\n<\/span><span class=\"aioseo-breadcrumb-separator\">\u00bb<\/span><span class=\"aioseo-breadcrumb\">\n\t<a href=\"https:\/\/bunuri.md\/ro\/shop-2\/\" title=\"Magazin\">Magazin<\/a>\n<\/span><span class=\"aioseo-breadcrumb-separator\">\u00bb<\/span><span class=\"aioseo-breadcrumb\">\n\t<a href=\"https:\/\/bunuri.md\/ro\/product-category\/unelte-fara-fir\/\" title=\"Unelte f\u0103r\u0103 fir\">Unelte f\u0103r\u0103 fir<\/a>\n<\/span><span class=\"aioseo-breadcrumb-separator\">\u00bb<\/span><span class=\"aioseo-breadcrumb\">\n\tMasina de insurubat cu impact pe acumulator INGCO CIRLI2023\n<\/span><\/div>","aioseo_breadcrumb_json":[{"label":"Home","link":"https:\/\/bunuri.md\/ro\/"},{"label":"Magazin","link":"https:\/\/bunuri.md\/ro\/shop-2\/"},{"label":"Unelte f\u0103r\u0103 fir","link":"https:\/\/bunuri.md\/ro\/product-category\/unelte-fara-fir\/"},{"label":"Masina de insurubat cu impact pe acumulator INGCO CIRLI2023","link":"https:\/\/bunuri.md\/ro\/shop\/driver-cu-impact-cu-acumulator-20v-22ah-ingco-cirli2023\/"}],"brands":[],"_links":{"self":[{"href":"https:\/\/bunuri.md\/ro\/wp-json\/wp\/v2\/product\/9818","targetHints":{"allow":["GET"]}}],"collection":[{"href":"https:\/\/bunuri.md\/ro\/wp-json\/wp\/v2\/product"}],"about":[{"href":"https:\/\/bunuri.md\/ro\/wp-json\/wp\/v2\/types\/product"}],"replies":[{"embeddable":true,"href":"https:\/\/bunuri.md\/ro\/wp-json\/wp\/v2\/comments?post=9818"}],"wp:featuredmedia":[{"embeddable":true,"href":"https:\/\/bunuri.md\/ro\/wp-json\/wp\/v2\/media\/9816"}],"wp:attachment":[{"href":"https:\/\/bunuri.md\/ro\/wp-json\/wp\/v2\/media?parent=9818"}],"wp:term":[{"taxonomy":"pwb-brand","embeddable":true,"href":"https:\/\/bunuri.md\/ro\/wp-json\/wp\/v2\/pwb-brand?post=9818"},{"taxonomy":"product_brand","embeddable":true,"href":"https:\/\/bunuri.md\/ro\/wp-json\/wp\/v2\/product_brand?post=9818"},{"taxonomy":"product_cat","embeddable":true,"href":"https:\/\/bunuri.md\/ro\/wp-json\/wp\/v2\/product_cat?post=9818"},{"taxonomy":"product_tag","embeddable":true,"href":"https:\/\/bunuri.md\/ro\/wp-json\/wp\/v2\/product_tag?post=9818"}],"curies":[{"name":"wp","href":"https:\/\/api.w.org\/{rel}","templated":true}]}}