{"id":9952,"date":"2025-01-24T21:25:11","date_gmt":"2025-01-24T18:47:33","guid":{"rendered":"https:\/\/bunuri.md\/?post_type=product&#038;p=9952"},"modified":"2025-01-24T21:54:57","modified_gmt":"2025-01-24T18:54:57","slug":"inele-de-piston-r195n-3x3-0-1x5-pentru-motor-diesel","status":"publish","type":"product","link":"https:\/\/bunuri.md\/ro\/shop\/inele-de-piston-r195n-3x3-0-1x5-pentru-motor-diesel\/","title":{"rendered":"Inele de piston R195N, 3X3.0 1X5, pentru motor diesel"},"content":{"rendered":"<p><strong>Inele de piston R195N, 3X3.0 1X5, pentru motor diesel<\/strong> &#8211;<a href=\"https:\/\/bunuri.md\/ro\/product-category\/motoare\/\"> acestea sunt inele care sunt instalate pe pistonul motorului cu ardere intern\u0103 a tractorului. Acestea ajut\u0103 la asigurarea etan\u0219eit\u0103\u021bii \u0219i a func\u021bion\u0103rii eficiente a motorului. Segurile de piston \u00eendeplinesc mai multe func\u021bii, inclusiv men\u021binerea presiunii gazului \u00een camera de ardere, lubrifierea \u0219i r\u0103cirea pistonului \u0219i reducerea alunec\u0103rii uleiului \u00een camera de ardere.<\/a><\/p>\n<p>De obicei, segmentele de piston sunt de mai multe tipuri: inele de etan\u0219are, inele de raclere pentru a \u00eendep\u0103rta excesul de ulei din cilindru \u0219i inele de control al transferului de c\u0103ldur\u0103. Instalarea \u0219i starea lor corect\u0103 sunt importante pentru func\u021bionarea eficient\u0103 a motorului. Dac\u0103 segmentele pistonului sunt uzate sau deteriorate, acest lucru poate duce la scurgeri de ulei sau la pierderea compresiei, ceea ce va afecta negativ performan\u021ba motorului. Potrivit pentru motoarele diesel R195\/195N ale tractoarelor \u0219i mini-tractoarelor cu r\u0103cire cu ap\u0103.<\/p>\n<p><strong>Specificatii tehnice:<\/strong><\/p>\n<ul>\n<li><strong>Diametru inel:<\/strong> 95 mm.<\/li>\n<li><strong>Grosimea inelului 1,2,3:<\/strong> 3,0 mm.<\/li>\n<li><strong>Grosimea inelului racletei de ulei:<\/strong> 5,0 mm.<\/li>\n<li><strong>Greutate:<\/strong> 90 gr.<\/li>\n<\/ul>\n","protected":false},"excerpt":{"rendered":"<p>Activeaza \u0219i men\u021bine presiunea gazului \u00een camera de ardere, pentru a lubrifia \u0219i r\u0103ci pistonul \u0219i pentru a reduce alunecarea uleiului \u00een camera de ardere.<\/p>\n","protected":false},"featured_media":9951,"comment_status":"closed","ping_status":"closed","template":"","meta":{"om_disable_all_campaigns":false},"pwb-brand":[],"product_brand":[],"product_cat":[465],"product_tag":[],"class_list":{"0":"post-9952","1":"product","2":"type-product","3":"status-publish","4":"has-post-thumbnail","6":"product_cat-set-piston","8":"first","9":"instock","10":"sale","11":"purchasable","12":"product-type-simple"},"aioseo_notices":[],"aioseo_head":"\n\t\t<!-- All in One SEO Pro 4.9.7.1 - aioseo.com -->\n\t<meta name=\"description\" content=\"Activeaza \u0219i men\u021bine presiunea gazului \u00een camera de ardere, pentru a lubrifia \u0219i r\u0103ci pistonul \u0219i pentru a reduce alunecarea uleiului \u00een camera de ardere.\" \/>\n\t<meta name=\"robots\" content=\"max-image-preview:large\" \/>\n\t<link rel=\"canonical\" href=\"https:\/\/bunuri.md\/ro\/shop\/inele-de-piston-r195n-3x3-0-1x5-pentru-motor-diesel\/\" \/>\n\t<meta name=\"generator\" content=\"All in One SEO Pro (AIOSEO) 4.9.7.1\" \/>\n\t\t<meta property=\"og:locale\" content=\"ro_RO\" \/>\n\t\t<meta property=\"og:site_name\" content=\"\u0418\u043d\u0442\u0435\u0440\u043d\u0435\u0442 \u043c\u0430\u0433\u0430\u0437\u0438\u043d \u041c\u043e\u043b\u0434\u043e\u0432\u0430 | Bunuri.md este un magazin online care livreaz\u0103 \u0219i comercializeaz\u0103 o gam\u0103 larg\u0103 de m\u0103rfuri de diverse categorii pe \u00eentreg teritoriul Republicii Moldova.\" \/>\n\t\t<meta property=\"og:type\" content=\"article\" \/>\n\t\t<meta property=\"og:title\" content=\"Inele de piston R195N, 3X3.0 1X5, pentru motor diesel\" \/>\n\t\t<meta property=\"og:description\" content=\"Activeaza \u0219i men\u021bine presiunea gazului \u00een camera de ardere, pentru a lubrifia \u0219i r\u0103ci pistonul \u0219i pentru a reduce alunecarea uleiului \u00een camera de ardere.\" \/>\n\t\t<meta property=\"og:url\" content=\"https:\/\/bunuri.md\/ro\/shop\/inele-de-piston-r195n-3x3-0-1x5-pentru-motor-diesel\/\" \/>\n\t\t<meta property=\"og:image\" content=\"https:\/\/bunuri.md\/wp-content\/uploads\/2022\/10\/logobu.png\" \/>\n\t\t<meta property=\"og:image:secure_url\" content=\"https:\/\/bunuri.md\/wp-content\/uploads\/2022\/10\/logobu.png\" \/>\n\t\t<meta property=\"og:image:width\" content=\"200\" \/>\n\t\t<meta property=\"og:image:height\" content=\"200\" \/>\n\t\t<meta property=\"article:published_time\" content=\"2025-01-24T18:47:33+00:00\" \/>\n\t\t<meta property=\"article:modified_time\" content=\"2025-01-24T18:54:57+00:00\" \/>\n\t\t<meta property=\"article:publisher\" content=\"https:\/\/facebook.com\/https:\/\/www.facebook.com\/bunurimag\" \/>\n\t\t<meta name=\"twitter:card\" content=\"summary\" \/>\n\t\t<meta name=\"twitter:site\" content=\"@https:\" \/>\n\t\t<meta name=\"twitter:title\" content=\"Inele de piston R195N, 3X3.0 1X5, pentru motor diesel\" \/>\n\t\t<meta name=\"twitter:description\" content=\"Activeaza \u0219i men\u021bine presiunea gazului \u00een camera de ardere, pentru a lubrifia \u0219i r\u0103ci pistonul \u0219i pentru a reduce alunecarea uleiului \u00een camera de ardere.\" \/>\n\t\t<meta name=\"twitter:image\" content=\"https:\/\/bunuri.md\/wp-content\/uploads\/2022\/10\/logobu.png\" \/>\n\t\t<script type=\"application\/ld+json\" class=\"aioseo-schema\">\n\t\t\t{\"@context\":\"https:\\\/\\\/schema.org\",\"@graph\":[{\"@type\":\"BreadcrumbList\",\"@id\":\"https:\\\/\\\/bunuri.md\\\/ro\\\/shop\\\/inele-de-piston-r195n-3x3-0-1x5-pentru-motor-diesel\\\/#breadcrumblist\",\"itemListElement\":[{\"@type\":\"ListItem\",\"@id\":\"https:\\\/\\\/bunuri.md\\\/ro\\\/#listItem\",\"position\":1,\"name\":\"Home\",\"item\":\"https:\\\/\\\/bunuri.md\\\/ro\\\/\",\"nextItem\":{\"@type\":\"ListItem\",\"@id\":\"https:\\\/\\\/bunuri.md\\\/ro\\\/shop-2\\\/#listItem\",\"name\":\"Magazin\"}},{\"@type\":\"ListItem\",\"@id\":\"https:\\\/\\\/bunuri.md\\\/ro\\\/shop-2\\\/#listItem\",\"position\":2,\"name\":\"Magazin\",\"item\":\"https:\\\/\\\/bunuri.md\\\/ro\\\/shop-2\\\/\",\"nextItem\":{\"@type\":\"ListItem\",\"@id\":\"https:\\\/\\\/bunuri.md\\\/ro\\\/product-category\\\/set-piston\\\/#listItem\",\"name\":\"Set piston, inele\"},\"previousItem\":{\"@type\":\"ListItem\",\"@id\":\"https:\\\/\\\/bunuri.md\\\/ro\\\/#listItem\",\"name\":\"Home\"}},{\"@type\":\"ListItem\",\"@id\":\"https:\\\/\\\/bunuri.md\\\/ro\\\/product-category\\\/set-piston\\\/#listItem\",\"position\":3,\"name\":\"Set piston, inele\",\"item\":\"https:\\\/\\\/bunuri.md\\\/ro\\\/product-category\\\/set-piston\\\/\",\"nextItem\":{\"@type\":\"ListItem\",\"@id\":\"https:\\\/\\\/bunuri.md\\\/ro\\\/shop\\\/inele-de-piston-r195n-3x3-0-1x5-pentru-motor-diesel\\\/#listItem\",\"name\":\"Inele de piston R195N, 3X3.0 1X5, pentru motor diesel\"},\"previousItem\":{\"@type\":\"ListItem\",\"@id\":\"https:\\\/\\\/bunuri.md\\\/ro\\\/shop-2\\\/#listItem\",\"name\":\"Magazin\"}},{\"@type\":\"ListItem\",\"@id\":\"https:\\\/\\\/bunuri.md\\\/ro\\\/shop\\\/inele-de-piston-r195n-3x3-0-1x5-pentru-motor-diesel\\\/#listItem\",\"position\":4,\"name\":\"Inele de piston R195N, 3X3.0 1X5, pentru motor diesel\",\"previousItem\":{\"@type\":\"ListItem\",\"@id\":\"https:\\\/\\\/bunuri.md\\\/ro\\\/product-category\\\/set-piston\\\/#listItem\",\"name\":\"Set piston, inele\"}}]},{\"@type\":\"ItemPage\",\"@id\":\"https:\\\/\\\/bunuri.md\\\/ro\\\/shop\\\/inele-de-piston-r195n-3x3-0-1x5-pentru-motor-diesel\\\/#itempage\",\"url\":\"https:\\\/\\\/bunuri.md\\\/ro\\\/shop\\\/inele-de-piston-r195n-3x3-0-1x5-pentru-motor-diesel\\\/\",\"name\":\"Inele de piston R195N, 3X3.0 1X5, pentru motor diesel\",\"description\":\"Activeaza \\u0219i men\\u021bine presiunea gazului \\u00een camera de ardere, pentru a lubrifia \\u0219i r\\u0103ci pistonul \\u0219i pentru a reduce alunecarea uleiului \\u00een camera de ardere.\",\"inLanguage\":\"ro-RO\",\"isPartOf\":{\"@id\":\"https:\\\/\\\/bunuri.md\\\/ro\\\/#website\"},\"breadcrumb\":{\"@id\":\"https:\\\/\\\/bunuri.md\\\/ro\\\/shop\\\/inele-de-piston-r195n-3x3-0-1x5-pentru-motor-diesel\\\/#breadcrumblist\"},\"image\":{\"@type\":\"ImageObject\",\"url\":\"https:\\\/\\\/bunuri.md\\\/wp-content\\\/uploads\\\/2025\\\/01\\\/Inele_195_5.jpg\",\"@id\":\"https:\\\/\\\/bunuri.md\\\/ro\\\/shop\\\/inele-de-piston-r195n-3x3-0-1x5-pentru-motor-diesel\\\/#mainImage\",\"width\":600,\"height\":487,\"caption\":\"Inele_195_5\"},\"primaryImageOfPage\":{\"@id\":\"https:\\\/\\\/bunuri.md\\\/ro\\\/shop\\\/inele-de-piston-r195n-3x3-0-1x5-pentru-motor-diesel\\\/#mainImage\"},\"datePublished\":\"2025-01-24T21:25:11+03:00\",\"dateModified\":\"2025-01-24T21:54:57+03:00\"},{\"@type\":\"Organization\",\"@id\":\"https:\\\/\\\/bunuri.md\\\/ro\\\/#organization\",\"name\":\"\\u00centreprinderea Individual\\u0103 \\\"Buldumac Aliona\\\"\",\"description\":\"\\u0418\\u041f \\u00ab\\u0411\\u0443\\u043b\\u0434\\u0443\\u043c\\u0430\\u043a \\u0410\\u043b\\u0435\\u043d\\u0430\\u00bb - \\u044d\\u0442\\u043e \\u043d\\u0430\\u0434\\u0451\\u0436\\u043d\\u044b\\u0439 \\u0438 \\u043e\\u0440\\u0438\\u0435\\u043d\\u0442\\u0438\\u0440\\u043e\\u0432\\u0430\\u043d\\u043d\\u044b\\u0439 \\u043d\\u0430 \\u043a\\u043b\\u0438\\u0435\\u043d\\u0442\\u0430 \\u0431\\u0438\\u0437\\u043d\\u0435\\u0441, \\u043f\\u0440\\u0435\\u0434\\u043b\\u0430\\u0433\\u0430\\u044e\\u0449\\u0438\\u0439 \\u043a\\u0430\\u0447\\u0435\\u0441\\u0442\\u0432\\u0435\\u043d\\u043d\\u044b\\u0435 \\u0442\\u043e\\u0432\\u0430\\u0440\\u044b, \\u0443\\u0441\\u043b\\u0443\\u0433\\u0438 \\u0441 \\u0430\\u043a\\u0446\\u0435\\u043d\\u0442\\u043e\\u043c \\u043d\\u0430 \\u043f\\u0440\\u0430\\u043a\\u0442\\u0438\\u0447\\u043d\\u043e\\u0441\\u0442\\u044c \\u0438 \\u0447\\u0435\\u0441\\u0442\\u043d\\u044b\\u0439 \\u043f\\u043e\\u0434\\u0445\\u043e\\u0434.\",\"url\":\"https:\\\/\\\/bunuri.md\\\/ro\\\/\",\"email\":\"bunuri.md@gmail.com\",\"telephone\":\"+37379512557\",\"foundingDate\":\"2006-09-27\",\"numberOfEmployees\":{\"@type\":\"QuantitativeValue\",\"minValue\":0,\"maxValue\":4},\"logo\":{\"@type\":\"ImageObject\",\"url\":\"https:\\\/\\\/bunuri.md\\\/wp-content\\\/uploads\\\/2022\\\/08\\\/logo-bunuri.png\",\"@id\":\"https:\\\/\\\/bunuri.md\\\/ro\\\/shop\\\/inele-de-piston-r195n-3x3-0-1x5-pentru-motor-diesel\\\/#organizationLogo\",\"width\":250,\"height\":250},\"image\":{\"@id\":\"https:\\\/\\\/bunuri.md\\\/ro\\\/shop\\\/inele-de-piston-r195n-3x3-0-1x5-pentru-motor-diesel\\\/#organizationLogo\"},\"sameAs\":[\"https:\\\/\\\/facebook.com\\\/https:\\\/\\\/www.facebook.com\\\/bunurimag\",\"https:\\\/\\\/x.com\\\/https:\\\/\\\/www.facebook.com\\\/bunurimag\",\"https:\\\/\\\/instagram.com\\\/https:\\\/\\\/www.facebook.com\\\/bunurimag\",\"https:\\\/\\\/pinterest.com\\\/https:\\\/\\\/www.facebook.com\\\/bunurimag\",\"https:\\\/\\\/youtube.com\\\/https:\\\/\\\/www.facebook.com\\\/bunurimag\",\"https:\\\/\\\/linkedin.com\\\/in\\\/https:\\\/\\\/www.facebook.com\\\/bunurimag\",\"https:\\\/\\\/soundcloud.com\\\/https:\\\/\\\/www.facebook.com\\\/bunurimag\"],\"address\":{\"@id\":\"https:\\\/\\\/bunuri.md\\\/ro\\\/#postaladdress\",\"@type\":\"PostalAddress\",\"streetAddress\":\"\\u0420. \\u041c\\u043e\\u043b\\u0434\\u043e\\u0432\\u0430, \\u0433. \\u0425\\u044b\\u043d\\u0447\\u0435\\u0448\\u0442\\u044b\",\"postalCode\":\"3401\",\"addressLocality\":\"\\u0425\\u044b\\u043d\\u0447\\u0435\\u0448\\u0442\\u044b\",\"addressRegion\":\"Moldova\",\"addressCountry\":\"MD\"}},{\"@type\":\"WebPage\",\"@id\":\"https:\\\/\\\/bunuri.md\\\/ro\\\/shop\\\/inele-de-piston-r195n-3x3-0-1x5-pentru-motor-diesel\\\/#webpage\",\"url\":\"https:\\\/\\\/bunuri.md\\\/ro\\\/shop\\\/inele-de-piston-r195n-3x3-0-1x5-pentru-motor-diesel\\\/\",\"name\":\"Inele de piston R195N, 3X3.0 1X5, pentru motor diesel\",\"description\":\"Activeaza \\u0219i men\\u021bine presiunea gazului \\u00een camera de ardere, pentru a lubrifia \\u0219i r\\u0103ci pistonul \\u0219i pentru a reduce alunecarea uleiului \\u00een camera de ardere.\",\"inLanguage\":\"ro-RO\",\"isPartOf\":{\"@id\":\"https:\\\/\\\/bunuri.md\\\/ro\\\/#website\"},\"breadcrumb\":{\"@id\":\"https:\\\/\\\/bunuri.md\\\/ro\\\/shop\\\/inele-de-piston-r195n-3x3-0-1x5-pentru-motor-diesel\\\/#breadcrumblist\"},\"image\":{\"@type\":\"ImageObject\",\"url\":\"https:\\\/\\\/bunuri.md\\\/wp-content\\\/uploads\\\/2025\\\/01\\\/Inele_195_5.jpg\",\"@id\":\"https:\\\/\\\/bunuri.md\\\/ro\\\/shop\\\/inele-de-piston-r195n-3x3-0-1x5-pentru-motor-diesel\\\/#mainImage\",\"width\":600,\"height\":487,\"caption\":\"Inele_195_5\"},\"primaryImageOfPage\":{\"@id\":\"https:\\\/\\\/bunuri.md\\\/ro\\\/shop\\\/inele-de-piston-r195n-3x3-0-1x5-pentru-motor-diesel\\\/#mainImage\"},\"datePublished\":\"2025-01-24T21:25:11+03:00\",\"dateModified\":\"2025-01-24T21:54:57+03:00\"},{\"@type\":\"WebSite\",\"@id\":\"https:\\\/\\\/bunuri.md\\\/ro\\\/#website\",\"url\":\"https:\\\/\\\/bunuri.md\\\/ro\\\/\",\"name\":\"www.bunuri.md\",\"alternateName\":\"bunuri.md\",\"description\":\"Bunuri.md este un magazin online care livreaz\\u0103 \\u0219i comercializeaz\\u0103 o gam\\u0103 larg\\u0103 de m\\u0103rfuri de diverse categorii pe \\u00eentreg teritoriul Republicii Moldova.\",\"inLanguage\":\"ro-RO\",\"publisher\":{\"@id\":\"https:\\\/\\\/bunuri.md\\\/ro\\\/#organization\"}}]}\n\t\t<\/script>\n\t\t<!-- All in One SEO Pro -->\r\n\t\t<title>Inele de piston R195N, 3X3.0 1X5, pentru motor diesel<\/title>\n\n","aioseo_head_json":{"title":"Inele de piston R195N, 3X3.0 1X5, pentru motor diesel","description":"Activeaza \u0219i men\u021bine presiunea gazului \u00een camera de ardere, pentru a lubrifia \u0219i r\u0103ci pistonul \u0219i pentru a reduce alunecarea uleiului \u00een camera de ardere.","canonical_url":"https:\/\/bunuri.md\/ro\/shop\/inele-de-piston-r195n-3x3-0-1x5-pentru-motor-diesel\/","robots":"max-image-preview:large","keywords":"","webmasterTools":{"miscellaneous":""},"schema":{"@context":"https:\/\/schema.org","@graph":[{"@type":"BreadcrumbList","@id":"https:\/\/bunuri.md\/ro\/shop\/inele-de-piston-r195n-3x3-0-1x5-pentru-motor-diesel\/#breadcrumblist","itemListElement":[{"@type":"ListItem","@id":"https:\/\/bunuri.md\/ro\/#listItem","position":1,"name":"Home","item":"https:\/\/bunuri.md\/ro\/","nextItem":{"@type":"ListItem","@id":"https:\/\/bunuri.md\/ro\/shop-2\/#listItem","name":"Magazin"}},{"@type":"ListItem","@id":"https:\/\/bunuri.md\/ro\/shop-2\/#listItem","position":2,"name":"Magazin","item":"https:\/\/bunuri.md\/ro\/shop-2\/","nextItem":{"@type":"ListItem","@id":"https:\/\/bunuri.md\/ro\/product-category\/set-piston\/#listItem","name":"Set piston, inele"},"previousItem":{"@type":"ListItem","@id":"https:\/\/bunuri.md\/ro\/#listItem","name":"Home"}},{"@type":"ListItem","@id":"https:\/\/bunuri.md\/ro\/product-category\/set-piston\/#listItem","position":3,"name":"Set piston, inele","item":"https:\/\/bunuri.md\/ro\/product-category\/set-piston\/","nextItem":{"@type":"ListItem","@id":"https:\/\/bunuri.md\/ro\/shop\/inele-de-piston-r195n-3x3-0-1x5-pentru-motor-diesel\/#listItem","name":"Inele de piston R195N, 3X3.0 1X5, pentru motor diesel"},"previousItem":{"@type":"ListItem","@id":"https:\/\/bunuri.md\/ro\/shop-2\/#listItem","name":"Magazin"}},{"@type":"ListItem","@id":"https:\/\/bunuri.md\/ro\/shop\/inele-de-piston-r195n-3x3-0-1x5-pentru-motor-diesel\/#listItem","position":4,"name":"Inele de piston R195N, 3X3.0 1X5, pentru motor diesel","previousItem":{"@type":"ListItem","@id":"https:\/\/bunuri.md\/ro\/product-category\/set-piston\/#listItem","name":"Set piston, inele"}}]},{"@type":"ItemPage","@id":"https:\/\/bunuri.md\/ro\/shop\/inele-de-piston-r195n-3x3-0-1x5-pentru-motor-diesel\/#itempage","url":"https:\/\/bunuri.md\/ro\/shop\/inele-de-piston-r195n-3x3-0-1x5-pentru-motor-diesel\/","name":"Inele de piston R195N, 3X3.0 1X5, pentru motor diesel","description":"Activeaza \u0219i men\u021bine presiunea gazului \u00een camera de ardere, pentru a lubrifia \u0219i r\u0103ci pistonul \u0219i pentru a reduce alunecarea uleiului \u00een camera de ardere.","inLanguage":"ro-RO","isPartOf":{"@id":"https:\/\/bunuri.md\/ro\/#website"},"breadcrumb":{"@id":"https:\/\/bunuri.md\/ro\/shop\/inele-de-piston-r195n-3x3-0-1x5-pentru-motor-diesel\/#breadcrumblist"},"image":{"@type":"ImageObject","url":"https:\/\/bunuri.md\/wp-content\/uploads\/2025\/01\/Inele_195_5.jpg","@id":"https:\/\/bunuri.md\/ro\/shop\/inele-de-piston-r195n-3x3-0-1x5-pentru-motor-diesel\/#mainImage","width":600,"height":487,"caption":"Inele_195_5"},"primaryImageOfPage":{"@id":"https:\/\/bunuri.md\/ro\/shop\/inele-de-piston-r195n-3x3-0-1x5-pentru-motor-diesel\/#mainImage"},"datePublished":"2025-01-24T21:25:11+03:00","dateModified":"2025-01-24T21:54:57+03:00"},{"@type":"Organization","@id":"https:\/\/bunuri.md\/ro\/#organization","name":"\u00centreprinderea Individual\u0103 \"Buldumac Aliona\"","description":"\u0418\u041f \u00ab\u0411\u0443\u043b\u0434\u0443\u043c\u0430\u043a \u0410\u043b\u0435\u043d\u0430\u00bb - \u044d\u0442\u043e \u043d\u0430\u0434\u0451\u0436\u043d\u044b\u0439 \u0438 \u043e\u0440\u0438\u0435\u043d\u0442\u0438\u0440\u043e\u0432\u0430\u043d\u043d\u044b\u0439 \u043d\u0430 \u043a\u043b\u0438\u0435\u043d\u0442\u0430 \u0431\u0438\u0437\u043d\u0435\u0441, \u043f\u0440\u0435\u0434\u043b\u0430\u0433\u0430\u044e\u0449\u0438\u0439 \u043a\u0430\u0447\u0435\u0441\u0442\u0432\u0435\u043d\u043d\u044b\u0435 \u0442\u043e\u0432\u0430\u0440\u044b, \u0443\u0441\u043b\u0443\u0433\u0438 \u0441 \u0430\u043a\u0446\u0435\u043d\u0442\u043e\u043c \u043d\u0430 \u043f\u0440\u0430\u043a\u0442\u0438\u0447\u043d\u043e\u0441\u0442\u044c \u0438 \u0447\u0435\u0441\u0442\u043d\u044b\u0439 \u043f\u043e\u0434\u0445\u043e\u0434.","url":"https:\/\/bunuri.md\/ro\/","email":"bunuri.md@gmail.com","telephone":"+37379512557","foundingDate":"2006-09-27","numberOfEmployees":{"@type":"QuantitativeValue","minValue":0,"maxValue":4},"logo":{"@type":"ImageObject","url":"https:\/\/bunuri.md\/wp-content\/uploads\/2022\/08\/logo-bunuri.png","@id":"https:\/\/bunuri.md\/ro\/shop\/inele-de-piston-r195n-3x3-0-1x5-pentru-motor-diesel\/#organizationLogo","width":250,"height":250},"image":{"@id":"https:\/\/bunuri.md\/ro\/shop\/inele-de-piston-r195n-3x3-0-1x5-pentru-motor-diesel\/#organizationLogo"},"sameAs":["https:\/\/facebook.com\/https:\/\/www.facebook.com\/bunurimag","https:\/\/x.com\/https:\/\/www.facebook.com\/bunurimag","https:\/\/instagram.com\/https:\/\/www.facebook.com\/bunurimag","https:\/\/pinterest.com\/https:\/\/www.facebook.com\/bunurimag","https:\/\/youtube.com\/https:\/\/www.facebook.com\/bunurimag","https:\/\/linkedin.com\/in\/https:\/\/www.facebook.com\/bunurimag","https:\/\/soundcloud.com\/https:\/\/www.facebook.com\/bunurimag"],"address":{"@id":"https:\/\/bunuri.md\/ro\/#postaladdress","@type":"PostalAddress","streetAddress":"\u0420. \u041c\u043e\u043b\u0434\u043e\u0432\u0430, \u0433. \u0425\u044b\u043d\u0447\u0435\u0448\u0442\u044b","postalCode":"3401","addressLocality":"\u0425\u044b\u043d\u0447\u0435\u0448\u0442\u044b","addressRegion":"Moldova","addressCountry":"MD"}},{"@type":"WebPage","@id":"https:\/\/bunuri.md\/ro\/shop\/inele-de-piston-r195n-3x3-0-1x5-pentru-motor-diesel\/#webpage","url":"https:\/\/bunuri.md\/ro\/shop\/inele-de-piston-r195n-3x3-0-1x5-pentru-motor-diesel\/","name":"Inele de piston R195N, 3X3.0 1X5, pentru motor diesel","description":"Activeaza \u0219i men\u021bine presiunea gazului \u00een camera de ardere, pentru a lubrifia \u0219i r\u0103ci pistonul \u0219i pentru a reduce alunecarea uleiului \u00een camera de ardere.","inLanguage":"ro-RO","isPartOf":{"@id":"https:\/\/bunuri.md\/ro\/#website"},"breadcrumb":{"@id":"https:\/\/bunuri.md\/ro\/shop\/inele-de-piston-r195n-3x3-0-1x5-pentru-motor-diesel\/#breadcrumblist"},"image":{"@type":"ImageObject","url":"https:\/\/bunuri.md\/wp-content\/uploads\/2025\/01\/Inele_195_5.jpg","@id":"https:\/\/bunuri.md\/ro\/shop\/inele-de-piston-r195n-3x3-0-1x5-pentru-motor-diesel\/#mainImage","width":600,"height":487,"caption":"Inele_195_5"},"primaryImageOfPage":{"@id":"https:\/\/bunuri.md\/ro\/shop\/inele-de-piston-r195n-3x3-0-1x5-pentru-motor-diesel\/#mainImage"},"datePublished":"2025-01-24T21:25:11+03:00","dateModified":"2025-01-24T21:54:57+03:00"},{"@type":"WebSite","@id":"https:\/\/bunuri.md\/ro\/#website","url":"https:\/\/bunuri.md\/ro\/","name":"www.bunuri.md","alternateName":"bunuri.md","description":"Bunuri.md este un magazin online care livreaz\u0103 \u0219i comercializeaz\u0103 o gam\u0103 larg\u0103 de m\u0103rfuri de diverse categorii pe \u00eentreg teritoriul Republicii Moldova.","inLanguage":"ro-RO","publisher":{"@id":"https:\/\/bunuri.md\/ro\/#organization"}}]},"og:locale":"ro_RO","og:site_name":"\u0418\u043d\u0442\u0435\u0440\u043d\u0435\u0442 \u043c\u0430\u0433\u0430\u0437\u0438\u043d \u041c\u043e\u043b\u0434\u043e\u0432\u0430 | Bunuri.md este un magazin online care livreaz\u0103 \u0219i comercializeaz\u0103 o gam\u0103 larg\u0103 de m\u0103rfuri de diverse categorii pe \u00eentreg teritoriul Republicii Moldova.","og:type":"article","og:title":"Inele de piston R195N, 3X3.0 1X5, pentru motor diesel","og:description":"Activeaza \u0219i men\u021bine presiunea gazului \u00een camera de ardere, pentru a lubrifia \u0219i r\u0103ci pistonul \u0219i pentru a reduce alunecarea uleiului \u00een camera de ardere.","og:url":"https:\/\/bunuri.md\/ro\/shop\/inele-de-piston-r195n-3x3-0-1x5-pentru-motor-diesel\/","og:image":"https:\/\/bunuri.md\/wp-content\/uploads\/2022\/10\/logobu.png","og:image:secure_url":"https:\/\/bunuri.md\/wp-content\/uploads\/2022\/10\/logobu.png","og:image:width":200,"og:image:height":200,"article:published_time":"2025-01-24T18:47:33+00:00","article:modified_time":"2025-01-24T18:54:57+00:00","article:publisher":"https:\/\/facebook.com\/https:\/\/www.facebook.com\/bunurimag","twitter:card":"summary","twitter:site":"@https:","twitter:title":"Inele de piston R195N, 3X3.0 1X5, pentru motor diesel","twitter:description":"Activeaza \u0219i men\u021bine presiunea gazului \u00een camera de ardere, pentru a lubrifia \u0219i r\u0103ci pistonul \u0219i pentru a reduce alunecarea uleiului \u00een camera de ardere.","twitter:image":"https:\/\/bunuri.md\/wp-content\/uploads\/2022\/10\/logobu.png"},"aioseo_meta_data":{"post_id":"9952","title":"Inele de piston R195N, 3X3.0 1X5, pentru motor diesel","description":"Activeaza \u0219i men\u021bine presiunea gazului \u00een camera de ardere, pentru a lubrifia \u0219i r\u0103ci pistonul \u0219i pentru a reduce alunecarea uleiului \u00een camera de ardere.","keywords":null,"keyphrases":{"focus":{"keyphrase":"","score":0,"analysis":{"keyphraseInTitle":{"score":0,"maxScore":9,"error":1}}},"additional":[]},"primary_term":null,"canonical_url":null,"og_title":null,"og_description":null,"og_object_type":"default","og_image_type":"default","og_image_url":null,"og_image_width":null,"og_image_height":null,"og_image_custom_url":null,"og_image_custom_fields":null,"og_video":"","og_custom_url":null,"og_article_section":null,"og_article_tags":null,"twitter_use_og":false,"twitter_card":"default","twitter_image_type":"default","twitter_image_url":null,"twitter_image_custom_url":null,"twitter_image_custom_fields":null,"twitter_title":null,"twitter_description":null,"schema":{"blockGraphs":[],"customGraphs":[],"default":{"data":{"Article":[],"Course":[],"Dataset":[],"FAQPage":[],"Movie":[],"Person":[],"Product":[],"ProductReview":[],"Car":[],"Recipe":[],"Service":[],"SoftwareApplication":[],"WebPage":[]},"graphName":"ItemPage","isEnabled":true},"graphs":[]},"schema_type":"default","schema_type_options":null,"pillar_content":false,"robots_default":true,"robots_noindex":false,"robots_noarchive":false,"robots_nosnippet":false,"robots_nofollow":false,"robots_noimageindex":false,"robots_noodp":false,"robots_notranslate":false,"robots_max_snippet":"-1","robots_max_videopreview":"-1","robots_max_imagepreview":"large","priority":null,"frequency":"default","local_seo":null,"seo_analyzer_scan_date":null,"breadcrumb_settings":null,"limit_modified_date":false,"reviewed_by":null,"open_ai":"{\"title\":{\"suggestions\":[],\"usage\":0},\"description\":{\"suggestions\":[],\"usage\":0}}","ai":null,"created":"2025-01-24 18:45:08","updated":"2025-05-30 05:47:17"},"aioseo_breadcrumb":"<div class=\"aioseo-breadcrumbs\"><span class=\"aioseo-breadcrumb\">\n\t<a href=\"https:\/\/bunuri.md\/ro\/\" title=\"Home\">Home<\/a>\n<\/span><span class=\"aioseo-breadcrumb-separator\">\u00bb<\/span><span class=\"aioseo-breadcrumb\">\n\t<a href=\"https:\/\/bunuri.md\/ro\/shop-2\/\" title=\"Magazin\">Magazin<\/a>\n<\/span><span class=\"aioseo-breadcrumb-separator\">\u00bb<\/span><span class=\"aioseo-breadcrumb\">\n\t<a href=\"https:\/\/bunuri.md\/ro\/product-category\/set-piston\/\" title=\"Set piston, inele\">Set piston, inele<\/a>\n<\/span><span class=\"aioseo-breadcrumb-separator\">\u00bb<\/span><span class=\"aioseo-breadcrumb\">\n\tInele de piston R195N, 3X3.0 1X5, pentru motor diesel\n<\/span><\/div>","aioseo_breadcrumb_json":[{"label":"Home","link":"https:\/\/bunuri.md\/ro\/"},{"label":"Magazin","link":"https:\/\/bunuri.md\/ro\/shop-2\/"},{"label":"Set piston, inele","link":"https:\/\/bunuri.md\/ro\/product-category\/set-piston\/"},{"label":"Inele de piston R195N, 3X3.0 1X5, pentru motor diesel","link":"https:\/\/bunuri.md\/ro\/shop\/inele-de-piston-r195n-3x3-0-1x5-pentru-motor-diesel\/"}],"brands":[],"_links":{"self":[{"href":"https:\/\/bunuri.md\/ro\/wp-json\/wp\/v2\/product\/9952","targetHints":{"allow":["GET"]}}],"collection":[{"href":"https:\/\/bunuri.md\/ro\/wp-json\/wp\/v2\/product"}],"about":[{"href":"https:\/\/bunuri.md\/ro\/wp-json\/wp\/v2\/types\/product"}],"replies":[{"embeddable":true,"href":"https:\/\/bunuri.md\/ro\/wp-json\/wp\/v2\/comments?post=9952"}],"wp:featuredmedia":[{"embeddable":true,"href":"https:\/\/bunuri.md\/ro\/wp-json\/wp\/v2\/media\/9951"}],"wp:attachment":[{"href":"https:\/\/bunuri.md\/ro\/wp-json\/wp\/v2\/media?parent=9952"}],"wp:term":[{"taxonomy":"pwb-brand","embeddable":true,"href":"https:\/\/bunuri.md\/ro\/wp-json\/wp\/v2\/pwb-brand?post=9952"},{"taxonomy":"product_brand","embeddable":true,"href":"https:\/\/bunuri.md\/ro\/wp-json\/wp\/v2\/product_brand?post=9952"},{"taxonomy":"product_cat","embeddable":true,"href":"https:\/\/bunuri.md\/ro\/wp-json\/wp\/v2\/product_cat?post=9952"},{"taxonomy":"product_tag","embeddable":true,"href":"https:\/\/bunuri.md\/ro\/wp-json\/wp\/v2\/product_tag?post=9952"}],"curies":[{"name":"wp","href":"https:\/\/api.w.org\/{rel}","templated":true}]}}